{"id":10890,"date":"2023-09-26T18:06:07","date_gmt":"2023-09-26T16:06:07","guid":{"rendered":"https:\/\/franciscobelmonte.com\/tienda\/?page_id=10890"},"modified":"2023-09-26T19:28:11","modified_gmt":"2023-09-26T17:28:11","slug":"compra-y-recoge-tus-productos-en-2-horas","status":"publish","type":"page","link":"https:\/\/franciscobelmonte.com\/tienda\/compra-y-recoge-tus-productos-en-2-horas\/","title":{"rendered":"Pay&#038;Go"},"content":{"rendered":"\n<div class=\"container section-title-container\" ><h3 class=\"section-title section-title-normal\"><b><\/b><span class=\"section-title-main\" >PAY&amp;GO<\/span><b><\/b><\/h3><\/div>\n\n<h3>Ahora tienes la opci\u00f3n de recoger tus productos en nuestra tienda en tan solo 2 horas despu\u00e9s de realizar tu pedido.<\/h3>\n<h3>Aqu\u00ed te explicamos c\u00f3mo funciona:<\/h3>\n<p><strong><b>Paso 1: Explora Nuestra Tienda Online<\/b><\/strong><\/p>\n<p>Navega por nuestra amplia selecci\u00f3n de productos desde la comodidad de tu hogar. Tenemos una gama de productos que seguramente te encantar\u00e1n.<\/p>\n<p><strong><b>Paso 2: Agrega tus Productos al Carrito<\/b><\/strong><\/p>\n<p>Una vez que hayas encontrado lo que buscas, simplemente agrega los productos que deseas a tu carrito de compras.<\/p>\n<p><strong><b>\u00a0<\/b><\/strong><strong><b>Paso 3: Selecciona la Opci\u00f3n \u00abRecoger en Tienda\u00bb<\/b><\/strong><\/p>\n<p>En el proceso de pago, encontrar\u00e1s la opci\u00f3n de \u00abRecoger en Tienda\u00bb. Marca esta casilla para indicarnos que deseas recoger tus productos en nuestra tienda f\u00edsica.<\/p>\n<p><strong><b>Paso 4: Finaliza tu Pedido<\/b><\/strong><\/p>\n<p>Completa el proceso de pago y confirma tu pedido. \u00a1Listo! Tu pedido estar\u00e1 en camino.<\/p>\n<p><strong><b>\u00a0<\/b><\/strong><strong><b>Paso 5: Recoge tus Productos en 2 Horas<\/b><\/strong><\/p>\n<p>Una vez que hayamos procesado tu pedido, te enviaremos una confirmaci\u00f3n por correo electr\u00f3nico o mensaje de texto para informarte que tus productos est\u00e1n listos para ser recogidos en nuestra tienda. \u00a1En solo 2 horas podr\u00e1s disfrutar de tus compras!<\/p>\n<p>\u00a0<\/p>\n<p>Si tienes alguna pregunta o necesitas asistencia, no dudes en contactarnos por tel\u00e9fono o por chat de whatsApp. \u00a1Estamos aqu\u00ed para ayudarte!<\/p>\n\n","protected":false},"excerpt":{"rendered":"","protected":false},"author":1,"featured_media":0,"parent":0,"menu_order":0,"comment_status":"closed","ping_status":"closed","template":"","meta":{"_themeisle_gutenberg_block_has_review":false,"footnotes":""},"class_list":["post-10890","page","type-page","status-publish","hentry"],"yoast_head":"<!-- This site is optimized with the Yoast SEO plugin v27.4 - https:\/\/yoast.com\/product\/yoast-seo-wordpress\/ -->\n<title>Pay&amp;Go - Boutique Francisco Belmonte<\/title>\n<meta name=\"robots\" content=\"index, follow, max-snippet:-1, max-image-preview:large, max-video-preview:-1\" \/>\n<link rel=\"canonical\" href=\"https:\/\/franciscobelmonte.com\/tienda\/compra-y-recoge-tus-productos-en-2-horas\/\" \/>\n<meta property=\"og:locale\" content=\"es_ES\" \/>\n<meta property=\"og:type\" content=\"article\" \/>\n<meta property=\"og:title\" content=\"Pay&amp;Go - Boutique Francisco Belmonte\" \/>\n<meta property=\"og:url\" content=\"https:\/\/franciscobelmonte.com\/tienda\/compra-y-recoge-tus-productos-en-2-horas\/\" \/>\n<meta property=\"og:site_name\" content=\"Boutique Francisco Belmonte\" \/>\n<meta property=\"article:publisher\" content=\"https:\/\/www.facebook.com\/motosfranciscobelmonte\" \/>\n<meta property=\"article:modified_time\" content=\"2023-09-26T17:28:11+00:00\" \/>\n<meta name=\"twitter:card\" content=\"summary_large_image\" \/>\n<meta name=\"twitter:label1\" content=\"Tiempo de lectura\" \/>\n\t<meta name=\"twitter:data1\" content=\"2 minutos\" \/>\n<script type=\"application\/ld+json\" class=\"yoast-schema-graph\">{\"@context\":\"https:\\\/\\\/schema.org\",\"@graph\":[{\"@type\":\"WebPage\",\"@id\":\"https:\\\/\\\/franciscobelmonte.com\\\/tienda\\\/compra-y-recoge-tus-productos-en-2-horas\\\/\",\"url\":\"https:\\\/\\\/franciscobelmonte.com\\\/tienda\\\/compra-y-recoge-tus-productos-en-2-horas\\\/\",\"name\":\"Pay&Go - Boutique Francisco Belmonte\",\"isPartOf\":{\"@id\":\"https:\\\/\\\/franciscobelmonte.com\\\/tienda\\\/#website\"},\"datePublished\":\"2023-09-26T16:06:07+00:00\",\"dateModified\":\"2023-09-26T17:28:11+00:00\",\"breadcrumb\":{\"@id\":\"https:\\\/\\\/franciscobelmonte.com\\\/tienda\\\/compra-y-recoge-tus-productos-en-2-horas\\\/#breadcrumb\"},\"inLanguage\":\"es\",\"potentialAction\":[{\"@type\":\"ReadAction\",\"target\":[\"https:\\\/\\\/franciscobelmonte.com\\\/tienda\\\/compra-y-recoge-tus-productos-en-2-horas\\\/\"]}]},{\"@type\":\"BreadcrumbList\",\"@id\":\"https:\\\/\\\/franciscobelmonte.com\\\/tienda\\\/compra-y-recoge-tus-productos-en-2-horas\\\/#breadcrumb\",\"itemListElement\":[{\"@type\":\"ListItem\",\"position\":1,\"name\":\"Portada\",\"item\":\"https:\\\/\\\/franciscobelmonte.com\\\/tienda\\\/\"},{\"@type\":\"ListItem\",\"position\":2,\"name\":\"Pay&#038;Go\"}]},{\"@type\":\"WebSite\",\"@id\":\"https:\\\/\\\/franciscobelmonte.com\\\/tienda\\\/#website\",\"url\":\"https:\\\/\\\/franciscobelmonte.com\\\/tienda\\\/\",\"name\":\"Boutique Francisco Belmonte\",\"description\":\"Todo en complementos para motoristas\",\"publisher\":{\"@id\":\"https:\\\/\\\/franciscobelmonte.com\\\/tienda\\\/#organization\"},\"potentialAction\":[{\"@type\":\"SearchAction\",\"target\":{\"@type\":\"EntryPoint\",\"urlTemplate\":\"https:\\\/\\\/franciscobelmonte.com\\\/tienda\\\/?s={search_term_string}\"},\"query-input\":{\"@type\":\"PropertyValueSpecification\",\"valueRequired\":true,\"valueName\":\"search_term_string\"}}],\"inLanguage\":\"es\"},{\"@type\":\"Organization\",\"@id\":\"https:\\\/\\\/franciscobelmonte.com\\\/tienda\\\/#organization\",\"name\":\"Boutique Francisco Belmonte\",\"url\":\"https:\\\/\\\/franciscobelmonte.com\\\/tienda\\\/\",\"logo\":{\"@type\":\"ImageObject\",\"inLanguage\":\"es\",\"@id\":\"https:\\\/\\\/franciscobelmonte.com\\\/tienda\\\/#\\\/schema\\\/logo\\\/image\\\/\",\"url\":\"https:\\\/\\\/franciscobelmonte.com\\\/tienda\\\/wp-content\\\/uploads\\\/2021\\\/12\\\/Francisco-Belmonte-logo.png\",\"contentUrl\":\"https:\\\/\\\/franciscobelmonte.com\\\/tienda\\\/wp-content\\\/uploads\\\/2021\\\/12\\\/Francisco-Belmonte-logo.png\",\"width\":2153,\"height\":536,\"caption\":\"Boutique Francisco Belmonte\"},\"image\":{\"@id\":\"https:\\\/\\\/franciscobelmonte.com\\\/tienda\\\/#\\\/schema\\\/logo\\\/image\\\/\"},\"sameAs\":[\"https:\\\/\\\/www.facebook.com\\\/motosfranciscobelmonte\",\"https:\\\/\\\/www.instagram.com\\\/fco.belmonte\\\/\"]}]}<\/script>\n<!-- \/ Yoast SEO plugin. -->","yoast_head_json":{"title":"Pay&Go - Boutique Francisco Belmonte","robots":{"index":"index","follow":"follow","max-snippet":"max-snippet:-1","max-image-preview":"max-image-preview:large","max-video-preview":"max-video-preview:-1"},"canonical":"https:\/\/franciscobelmonte.com\/tienda\/compra-y-recoge-tus-productos-en-2-horas\/","og_locale":"es_ES","og_type":"article","og_title":"Pay&Go - Boutique Francisco Belmonte","og_url":"https:\/\/franciscobelmonte.com\/tienda\/compra-y-recoge-tus-productos-en-2-horas\/","og_site_name":"Boutique Francisco Belmonte","article_publisher":"https:\/\/www.facebook.com\/motosfranciscobelmonte","article_modified_time":"2023-09-26T17:28:11+00:00","twitter_card":"summary_large_image","twitter_misc":{"Tiempo de lectura":"2 minutos"},"schema":{"@context":"https:\/\/schema.org","@graph":[{"@type":"WebPage","@id":"https:\/\/franciscobelmonte.com\/tienda\/compra-y-recoge-tus-productos-en-2-horas\/","url":"https:\/\/franciscobelmonte.com\/tienda\/compra-y-recoge-tus-productos-en-2-horas\/","name":"Pay&Go - Boutique Francisco Belmonte","isPartOf":{"@id":"https:\/\/franciscobelmonte.com\/tienda\/#website"},"datePublished":"2023-09-26T16:06:07+00:00","dateModified":"2023-09-26T17:28:11+00:00","breadcrumb":{"@id":"https:\/\/franciscobelmonte.com\/tienda\/compra-y-recoge-tus-productos-en-2-horas\/#breadcrumb"},"inLanguage":"es","potentialAction":[{"@type":"ReadAction","target":["https:\/\/franciscobelmonte.com\/tienda\/compra-y-recoge-tus-productos-en-2-horas\/"]}]},{"@type":"BreadcrumbList","@id":"https:\/\/franciscobelmonte.com\/tienda\/compra-y-recoge-tus-productos-en-2-horas\/#breadcrumb","itemListElement":[{"@type":"ListItem","position":1,"name":"Portada","item":"https:\/\/franciscobelmonte.com\/tienda\/"},{"@type":"ListItem","position":2,"name":"Pay&#038;Go"}]},{"@type":"WebSite","@id":"https:\/\/franciscobelmonte.com\/tienda\/#website","url":"https:\/\/franciscobelmonte.com\/tienda\/","name":"Boutique Francisco Belmonte","description":"Todo en complementos para motoristas","publisher":{"@id":"https:\/\/franciscobelmonte.com\/tienda\/#organization"},"potentialAction":[{"@type":"SearchAction","target":{"@type":"EntryPoint","urlTemplate":"https:\/\/franciscobelmonte.com\/tienda\/?s={search_term_string}"},"query-input":{"@type":"PropertyValueSpecification","valueRequired":true,"valueName":"search_term_string"}}],"inLanguage":"es"},{"@type":"Organization","@id":"https:\/\/franciscobelmonte.com\/tienda\/#organization","name":"Boutique Francisco Belmonte","url":"https:\/\/franciscobelmonte.com\/tienda\/","logo":{"@type":"ImageObject","inLanguage":"es","@id":"https:\/\/franciscobelmonte.com\/tienda\/#\/schema\/logo\/image\/","url":"https:\/\/franciscobelmonte.com\/tienda\/wp-content\/uploads\/2021\/12\/Francisco-Belmonte-logo.png","contentUrl":"https:\/\/franciscobelmonte.com\/tienda\/wp-content\/uploads\/2021\/12\/Francisco-Belmonte-logo.png","width":2153,"height":536,"caption":"Boutique Francisco Belmonte"},"image":{"@id":"https:\/\/franciscobelmonte.com\/tienda\/#\/schema\/logo\/image\/"},"sameAs":["https:\/\/www.facebook.com\/motosfranciscobelmonte","https:\/\/www.instagram.com\/fco.belmonte\/"]}]}},"jetpack_sharing_enabled":true,"_links":{"self":[{"href":"https:\/\/franciscobelmonte.com\/tienda\/wp-json\/wp\/v2\/pages\/10890","targetHints":{"allow":["GET"]}}],"collection":[{"href":"https:\/\/franciscobelmonte.com\/tienda\/wp-json\/wp\/v2\/pages"}],"about":[{"href":"https:\/\/franciscobelmonte.com\/tienda\/wp-json\/wp\/v2\/types\/page"}],"author":[{"embeddable":true,"href":"https:\/\/franciscobelmonte.com\/tienda\/wp-json\/wp\/v2\/users\/1"}],"replies":[{"embeddable":true,"href":"https:\/\/franciscobelmonte.com\/tienda\/wp-json\/wp\/v2\/comments?post=10890"}],"version-history":[{"count":3,"href":"https:\/\/franciscobelmonte.com\/tienda\/wp-json\/wp\/v2\/pages\/10890\/revisions"}],"predecessor-version":[{"id":10895,"href":"https:\/\/franciscobelmonte.com\/tienda\/wp-json\/wp\/v2\/pages\/10890\/revisions\/10895"}],"wp:attachment":[{"href":"https:\/\/franciscobelmonte.com\/tienda\/wp-json\/wp\/v2\/media?parent=10890"}],"curies":[{"name":"wp","href":"https:\/\/api.w.org\/{rel}","templated":true}]}}