{"id":13880,"date":"2025-05-22T11:55:39","date_gmt":"2025-05-22T09:55:39","guid":{"rendered":"https:\/\/franciscobelmonte.com\/tienda\/?page_id=13880"},"modified":"2025-05-22T11:56:20","modified_gmt":"2025-05-22T09:56:20","slug":"reserva-tu-ajuste-de-casco-shoei","status":"publish","type":"page","link":"https:\/\/franciscobelmonte.com\/tienda\/reserva-tu-ajuste-de-casco-shoei\/","title":{"rendered":"Reserva tu ajuste de casco SHOEI m\u00f3vil"},"content":{"rendered":"<div class=\"wpforms-container wpforms-container-full wpforms-block wpforms-block-8a75b51f-b723-4108-b375-ad3e243bc1af wpforms-render-modern\" id=\"wpforms-13869\"><form id=\"wpforms-form-13869\" class=\"wpforms-validate wpforms-form wpforms-ajax-form\" data-formid=\"13869\" method=\"post\" enctype=\"multipart\/form-data\" action=\"\/tienda\/wp-json\/wp\/v2\/pages\/13880\" data-token=\"71ec47a90792e7a9310263c6e3061375\" data-token-time=\"1777387500\"><noscript class=\"wpforms-error-noscript\">Por favor, activa JavaScript en tu navegador para completar este formulario.<\/noscript><div id=\"wpforms-error-noscript\" style=\"display: none;\">Por favor, activa JavaScript en tu navegador para completar este formulario.<\/div><div class=\"wpforms-field-container\">\t\t<div id=\"wpforms-13869-field_3-container\"\n\t\t\tclass=\"wpforms-field wpforms-field-text\"\n\t\t\tdata-field-type=\"text\"\n\t\t\tdata-field-id=\"3\"\n\t\t\t>\n\t\t\t<label class=\"wpforms-field-label\" for=\"wpforms-13869-field_3\" >Hora Tel\u00e9fono Desplegable<\/label>\n\t\t\t<input type=\"text\" id=\"wpforms-13869-field_3\" class=\"wpforms-field-medium\" name=\"wpforms[fields][3]\" >\n\t\t<\/div>\n\t\t<div id=\"wpforms-13869-field_1-container\" class=\"wpforms-field wpforms-field-name\" data-field-id=\"1\"><label class=\"wpforms-field-label wpforms-label-hide\" for=\"wpforms-13869-field_1\" aria-hidden=\"false\">Nombre <span class=\"wpforms-required-label\" aria-hidden=\"true\">*<\/span><\/label><input type=\"text\" id=\"wpforms-13869-field_1\" class=\"wpforms-field-medium wpforms-field-required\" name=\"wpforms[fields][1]\" placeholder=\"Nombre y Apellidos*\" aria-errormessage=\"wpforms-13869-field_1-error\" required><\/div><div id=\"wpforms-13869-field_2-container\" class=\"wpforms-field wpforms-field-email\" data-field-id=\"2\"><label class=\"wpforms-field-label wpforms-label-hide\" for=\"wpforms-13869-field_2\" aria-hidden=\"false\">Correo electr\u00f3nico <span class=\"wpforms-required-label\" aria-hidden=\"true\">*<\/span><\/label><input type=\"email\" id=\"wpforms-13869-field_2\" class=\"wpforms-field-medium wpforms-field-required\" name=\"wpforms[fields][2]\" placeholder=\"Email*\" spellcheck=\"false\" aria-errormessage=\"wpforms-13869-field_2-error\" required><\/div><div id=\"wpforms-13869-field_5-container\" class=\"wpforms-field wpforms-field-text\" data-field-id=\"5\"><label class=\"wpforms-field-label wpforms-label-hide\" for=\"wpforms-13869-field_5\" aria-hidden=\"false\">Tel\u00e9fono<\/label><input type=\"text\" id=\"wpforms-13869-field_5\" class=\"wpforms-field-medium\" name=\"wpforms[fields][5]\" placeholder=\"Tel\u00e9fono*\" aria-errormessage=\"wpforms-13869-field_5-error\" ><\/div><div id=\"wpforms-13869-field_6-container\" class=\"wpforms-field wpforms-field-text wpforms-one-half wpforms-first\" data-field-id=\"6\"><label class=\"wpforms-field-label wpforms-label-hide\" for=\"wpforms-13869-field_6\" aria-hidden=\"false\">Modelo de Casco<\/label><input type=\"text\" id=\"wpforms-13869-field_6\" class=\"wpforms-field-large\" name=\"wpforms[fields][6]\" placeholder=\"Modelo de Casco*\" aria-errormessage=\"wpforms-13869-field_6-error\" ><\/div><div id=\"wpforms-13869-field_8-container\" class=\"wpforms-field wpforms-field-text wpforms-one-half\" data-field-id=\"8\"><label class=\"wpforms-field-label wpforms-label-hide\" for=\"wpforms-13869-field_8\" aria-hidden=\"false\">Talla<\/label><input type=\"text\" id=\"wpforms-13869-field_8\" class=\"wpforms-field-small\" name=\"wpforms[fields][8]\" placeholder=\"Talla*\" aria-errormessage=\"wpforms-13869-field_8-error\" ><\/div><div id=\"wpforms-13869-field_9-container\" class=\"wpforms-field wpforms-field-select wpforms-one-half wpforms-first wpforms-field-select-style-modern\" data-field-id=\"9\"><label class=\"wpforms-field-label wpforms-label-hide\" for=\"wpforms-13869-field_9\" aria-hidden=\"false\">D\u00eda<\/label><select id=\"wpforms-13869-field_9\" class=\"wpforms-field-large choicesjs-select\" data-size-class=\"wpforms-field-row wpforms-field-large\" data-search-enabled=\"\" name=\"wpforms[fields][9]\"><option value=\"\" class=\"placeholder\" disabled  selected='selected'>D\u00eda preferente para su reserva. Lunes a Viernes<\/option><option value=\"Lunes\"  class=\"choice-1 depth-1\"  >Lunes<\/option><option value=\"Martes\"  class=\"choice-2 depth-1\"  >Martes<\/option><option value=\"Mi\u00e9rcoles\"  class=\"choice-4 depth-1\"  >Mi\u00e9rcoles<\/option><option value=\"Jueves\"  class=\"choice-5 depth-1\"  >Jueves<\/option><option value=\"Viernes\"  class=\"choice-6 depth-1\"  >Viernes<\/option><\/select><\/div><div id=\"wpforms-13869-field_11-container\" class=\"wpforms-field wpforms-field-select wpforms-one-half wpforms-field-select-style-modern\" data-field-id=\"11\"><label class=\"wpforms-field-label wpforms-label-hide\" for=\"wpforms-13869-field_11\" aria-hidden=\"false\">Hora<\/label><select id=\"wpforms-13869-field_11\" class=\"wpforms-field-large choicesjs-select\" data-size-class=\"wpforms-field-row wpforms-field-large\" data-search-enabled=\"\" name=\"wpforms[fields][11]\"><option value=\"\" class=\"placeholder\" disabled  selected='selected'>Hora preferente para su reserva<\/option><option value=\"9:00 a 10:00 h\"  class=\"choice-1 depth-1\"  >9:00 a 10:00 h<\/option><option value=\"17:00 a 18:00 h\"  class=\"choice-2 depth-1\"  >17:00 a 18:00 h<\/option><\/select><\/div><div id=\"wpforms-13869-field_15-container\" class=\"wpforms-field wpforms-field-select wpforms-field-select-style-modern\" data-field-id=\"15\"><label class=\"wpforms-field-label wpforms-label-hide\" for=\"wpforms-13869-field_15\" aria-hidden=\"false\">Desplegable<\/label><select id=\"wpforms-13869-field_15\" class=\"wpforms-field-large choicesjs-select\" data-size-class=\"wpforms-field-row wpforms-field-large\" data-search-enabled=\"\" name=\"wpforms[fields][15]\"><option value=\"\" class=\"placeholder\" disabled  selected='selected'>D\u00eda preferente para su reserva. S\u00e1bado<\/option><option value=\"S\u00e1bado 10:00 a 11:00 h\"  class=\"choice-1 depth-1\"  >S\u00e1bado 10:00 a 11:00 h<\/option><\/select><\/div><div id=\"wpforms-13869-field_16-container\" class=\"wpforms-field wpforms-field-gdpr-checkbox\" data-field-id=\"16\"><label class=\"wpforms-field-label\"> RGPD <span class=\"wpforms-required-label\" aria-hidden=\"true\">*<\/span><\/label><ul id=\"wpforms-13869-field_16\" class=\"wpforms-field-required\"><li class=\"choice-1\"><input type=\"checkbox\" id=\"wpforms-13869-field_16_1\" name=\"wpforms[fields][16][]\" value=\"FRANCISCO BELMONTE, S.A. tratar\u00e1 sus datos personales para su solicitud. Puede ejercer sus derechos de acceso, rectificaci\u00f3n, supresi\u00f3n y portabilidad de sus datos, de limitaci\u00f3n y oposici\u00f3n a su tratamiento, as\u00ed como a no ser objeto de decisiones basadas \u00fanicamente en el tratamiento automatizado de sus datos, cuando procedan, en la direcci\u00f3n de correo electr\u00f3nico info@franciscobelmonte.com\" aria-errormessage=\"wpforms-13869-field_16_1-error\" required ><label class=\"wpforms-field-label-inline\" for=\"wpforms-13869-field_16_1\">FRANCISCO BELMONTE, S.A. tratar\u00e1 sus datos personales para su solicitud. Puede ejercer sus derechos de acceso, rectificaci\u00f3n, supresi\u00f3n y portabilidad de sus datos, de limitaci\u00f3n y oposici\u00f3n a su tratamiento, as\u00ed como a no ser objeto de decisiones basadas \u00fanicamente en el tratamiento automatizado de sus datos, cuando procedan, en la direcci\u00f3n de correo electr\u00f3nico info@franciscobelmonte.com<\/label><\/li><\/ul><\/div><script>\n\t\t\t\t( function() {\n\t\t\t\t\tconst style = document.createElement( 'style' );\n\t\t\t\t\tstyle.appendChild( document.createTextNode( '#wpforms-13869-field_3-container { position: absolute !important; overflow: hidden !important; display: inline !important; height: 1px !important; width: 1px !important; z-index: -1000 !important; padding: 0 !important; } #wpforms-13869-field_3-container input { visibility: hidden; } #wpforms-conversational-form-page #wpforms-13869-field_3-container label { counter-increment: none; }' ) );\n\t\t\t\t\tdocument.head.appendChild( style );\n\t\t\t\t\tdocument.currentScript?.remove();\n\t\t\t\t} )();\n\t\t\t<\/script><\/div><!-- .wpforms-field-container --><div class=\"wpforms-submit-container\" ><input type=\"hidden\" name=\"wpforms[id]\" value=\"13869\"><input type=\"hidden\" name=\"page_title\" value=\"\"><input type=\"hidden\" name=\"page_url\" value=\"https:\/\/franciscobelmonte.com\/tienda\/wp-json\/wp\/v2\/pages\/13880\"><input type=\"hidden\" name=\"url_referer\" value=\"\"><button type=\"submit\" name=\"wpforms[submit]\" id=\"wpforms-submit-13869\" class=\"wpforms-submit\" data-alt-text=\"Enviando...\" data-submit-text=\"Enviar\" aria-live=\"assertive\" value=\"wpforms-submit\">Enviar<\/button><img loading=\"lazy\" decoding=\"async\" src=\"https:\/\/franciscobelmonte.com\/tienda\/wp-content\/plugins\/wpforms-lite\/assets\/images\/submit-spin.svg\" class=\"wpforms-submit-spinner\" style=\"display: none;\" width=\"26\" height=\"26\" alt=\"Cargando\"><\/div><\/form><\/div>  <!-- .wpforms-container -->","protected":false},"excerpt":{"rendered":"","protected":false},"author":1,"featured_media":0,"parent":0,"menu_order":0,"comment_status":"closed","ping_status":"closed","template":"","meta":{"_themeisle_gutenberg_block_has_review":false,"footnotes":""},"class_list":["post-13880","page","type-page","status-publish","hentry"],"yoast_head":"<!-- This site is optimized with the Yoast SEO plugin v27.4 - https:\/\/yoast.com\/product\/yoast-seo-wordpress\/ -->\n<title>Reserva tu ajuste de casco SHOEI m\u00f3vil - Boutique Francisco Belmonte<\/title>\n<meta name=\"robots\" content=\"index, follow, max-snippet:-1, max-image-preview:large, max-video-preview:-1\" \/>\n<link rel=\"canonical\" href=\"https:\/\/franciscobelmonte.com\/tienda\/reserva-tu-ajuste-de-casco-shoei\/\" \/>\n<meta property=\"og:locale\" content=\"es_ES\" \/>\n<meta property=\"og:type\" content=\"article\" \/>\n<meta property=\"og:title\" content=\"Reserva tu ajuste de casco SHOEI m\u00f3vil - Boutique Francisco Belmonte\" \/>\n<meta property=\"og:url\" content=\"https:\/\/franciscobelmonte.com\/tienda\/reserva-tu-ajuste-de-casco-shoei\/\" \/>\n<meta property=\"og:site_name\" content=\"Boutique Francisco Belmonte\" \/>\n<meta property=\"article:publisher\" content=\"https:\/\/www.facebook.com\/motosfranciscobelmonte\" \/>\n<meta property=\"article:modified_time\" content=\"2025-05-22T09:56:20+00:00\" \/>\n<meta name=\"twitter:card\" content=\"summary_large_image\" \/>\n<script type=\"application\/ld+json\" class=\"yoast-schema-graph\">{\"@context\":\"https:\\\/\\\/schema.org\",\"@graph\":[{\"@type\":\"WebPage\",\"@id\":\"https:\\\/\\\/franciscobelmonte.com\\\/tienda\\\/reserva-tu-ajuste-de-casco-shoei\\\/\",\"url\":\"https:\\\/\\\/franciscobelmonte.com\\\/tienda\\\/reserva-tu-ajuste-de-casco-shoei\\\/\",\"name\":\"Reserva tu ajuste de casco SHOEI m\u00f3vil - Boutique Francisco Belmonte\",\"isPartOf\":{\"@id\":\"https:\\\/\\\/franciscobelmonte.com\\\/tienda\\\/#website\"},\"datePublished\":\"2025-05-22T09:55:39+00:00\",\"dateModified\":\"2025-05-22T09:56:20+00:00\",\"breadcrumb\":{\"@id\":\"https:\\\/\\\/franciscobelmonte.com\\\/tienda\\\/reserva-tu-ajuste-de-casco-shoei\\\/#breadcrumb\"},\"inLanguage\":\"es\",\"potentialAction\":[{\"@type\":\"ReadAction\",\"target\":[\"https:\\\/\\\/franciscobelmonte.com\\\/tienda\\\/reserva-tu-ajuste-de-casco-shoei\\\/\"]}]},{\"@type\":\"BreadcrumbList\",\"@id\":\"https:\\\/\\\/franciscobelmonte.com\\\/tienda\\\/reserva-tu-ajuste-de-casco-shoei\\\/#breadcrumb\",\"itemListElement\":[{\"@type\":\"ListItem\",\"position\":1,\"name\":\"Portada\",\"item\":\"https:\\\/\\\/franciscobelmonte.com\\\/tienda\\\/\"},{\"@type\":\"ListItem\",\"position\":2,\"name\":\"Reserva tu ajuste de casco SHOEI m\u00f3vil\"}]},{\"@type\":\"WebSite\",\"@id\":\"https:\\\/\\\/franciscobelmonte.com\\\/tienda\\\/#website\",\"url\":\"https:\\\/\\\/franciscobelmonte.com\\\/tienda\\\/\",\"name\":\"Boutique Francisco Belmonte\",\"description\":\"Todo en complementos para motoristas\",\"publisher\":{\"@id\":\"https:\\\/\\\/franciscobelmonte.com\\\/tienda\\\/#organization\"},\"potentialAction\":[{\"@type\":\"SearchAction\",\"target\":{\"@type\":\"EntryPoint\",\"urlTemplate\":\"https:\\\/\\\/franciscobelmonte.com\\\/tienda\\\/?s={search_term_string}\"},\"query-input\":{\"@type\":\"PropertyValueSpecification\",\"valueRequired\":true,\"valueName\":\"search_term_string\"}}],\"inLanguage\":\"es\"},{\"@type\":\"Organization\",\"@id\":\"https:\\\/\\\/franciscobelmonte.com\\\/tienda\\\/#organization\",\"name\":\"Boutique Francisco Belmonte\",\"url\":\"https:\\\/\\\/franciscobelmonte.com\\\/tienda\\\/\",\"logo\":{\"@type\":\"ImageObject\",\"inLanguage\":\"es\",\"@id\":\"https:\\\/\\\/franciscobelmonte.com\\\/tienda\\\/#\\\/schema\\\/logo\\\/image\\\/\",\"url\":\"https:\\\/\\\/franciscobelmonte.com\\\/tienda\\\/wp-content\\\/uploads\\\/2021\\\/12\\\/Francisco-Belmonte-logo.png\",\"contentUrl\":\"https:\\\/\\\/franciscobelmonte.com\\\/tienda\\\/wp-content\\\/uploads\\\/2021\\\/12\\\/Francisco-Belmonte-logo.png\",\"width\":2153,\"height\":536,\"caption\":\"Boutique Francisco Belmonte\"},\"image\":{\"@id\":\"https:\\\/\\\/franciscobelmonte.com\\\/tienda\\\/#\\\/schema\\\/logo\\\/image\\\/\"},\"sameAs\":[\"https:\\\/\\\/www.facebook.com\\\/motosfranciscobelmonte\",\"https:\\\/\\\/www.instagram.com\\\/fco.belmonte\\\/\"]}]}<\/script>\n<!-- \/ Yoast SEO plugin. -->","yoast_head_json":{"title":"Reserva tu ajuste de casco SHOEI m\u00f3vil - Boutique Francisco Belmonte","robots":{"index":"index","follow":"follow","max-snippet":"max-snippet:-1","max-image-preview":"max-image-preview:large","max-video-preview":"max-video-preview:-1"},"canonical":"https:\/\/franciscobelmonte.com\/tienda\/reserva-tu-ajuste-de-casco-shoei\/","og_locale":"es_ES","og_type":"article","og_title":"Reserva tu ajuste de casco SHOEI m\u00f3vil - Boutique Francisco Belmonte","og_url":"https:\/\/franciscobelmonte.com\/tienda\/reserva-tu-ajuste-de-casco-shoei\/","og_site_name":"Boutique Francisco Belmonte","article_publisher":"https:\/\/www.facebook.com\/motosfranciscobelmonte","article_modified_time":"2025-05-22T09:56:20+00:00","twitter_card":"summary_large_image","schema":{"@context":"https:\/\/schema.org","@graph":[{"@type":"WebPage","@id":"https:\/\/franciscobelmonte.com\/tienda\/reserva-tu-ajuste-de-casco-shoei\/","url":"https:\/\/franciscobelmonte.com\/tienda\/reserva-tu-ajuste-de-casco-shoei\/","name":"Reserva tu ajuste de casco SHOEI m\u00f3vil - Boutique Francisco Belmonte","isPartOf":{"@id":"https:\/\/franciscobelmonte.com\/tienda\/#website"},"datePublished":"2025-05-22T09:55:39+00:00","dateModified":"2025-05-22T09:56:20+00:00","breadcrumb":{"@id":"https:\/\/franciscobelmonte.com\/tienda\/reserva-tu-ajuste-de-casco-shoei\/#breadcrumb"},"inLanguage":"es","potentialAction":[{"@type":"ReadAction","target":["https:\/\/franciscobelmonte.com\/tienda\/reserva-tu-ajuste-de-casco-shoei\/"]}]},{"@type":"BreadcrumbList","@id":"https:\/\/franciscobelmonte.com\/tienda\/reserva-tu-ajuste-de-casco-shoei\/#breadcrumb","itemListElement":[{"@type":"ListItem","position":1,"name":"Portada","item":"https:\/\/franciscobelmonte.com\/tienda\/"},{"@type":"ListItem","position":2,"name":"Reserva tu ajuste de casco SHOEI m\u00f3vil"}]},{"@type":"WebSite","@id":"https:\/\/franciscobelmonte.com\/tienda\/#website","url":"https:\/\/franciscobelmonte.com\/tienda\/","name":"Boutique Francisco Belmonte","description":"Todo en complementos para motoristas","publisher":{"@id":"https:\/\/franciscobelmonte.com\/tienda\/#organization"},"potentialAction":[{"@type":"SearchAction","target":{"@type":"EntryPoint","urlTemplate":"https:\/\/franciscobelmonte.com\/tienda\/?s={search_term_string}"},"query-input":{"@type":"PropertyValueSpecification","valueRequired":true,"valueName":"search_term_string"}}],"inLanguage":"es"},{"@type":"Organization","@id":"https:\/\/franciscobelmonte.com\/tienda\/#organization","name":"Boutique Francisco Belmonte","url":"https:\/\/franciscobelmonte.com\/tienda\/","logo":{"@type":"ImageObject","inLanguage":"es","@id":"https:\/\/franciscobelmonte.com\/tienda\/#\/schema\/logo\/image\/","url":"https:\/\/franciscobelmonte.com\/tienda\/wp-content\/uploads\/2021\/12\/Francisco-Belmonte-logo.png","contentUrl":"https:\/\/franciscobelmonte.com\/tienda\/wp-content\/uploads\/2021\/12\/Francisco-Belmonte-logo.png","width":2153,"height":536,"caption":"Boutique Francisco Belmonte"},"image":{"@id":"https:\/\/franciscobelmonte.com\/tienda\/#\/schema\/logo\/image\/"},"sameAs":["https:\/\/www.facebook.com\/motosfranciscobelmonte","https:\/\/www.instagram.com\/fco.belmonte\/"]}]}},"jetpack_sharing_enabled":true,"_links":{"self":[{"href":"https:\/\/franciscobelmonte.com\/tienda\/wp-json\/wp\/v2\/pages\/13880","targetHints":{"allow":["GET"]}}],"collection":[{"href":"https:\/\/franciscobelmonte.com\/tienda\/wp-json\/wp\/v2\/pages"}],"about":[{"href":"https:\/\/franciscobelmonte.com\/tienda\/wp-json\/wp\/v2\/types\/page"}],"author":[{"embeddable":true,"href":"https:\/\/franciscobelmonte.com\/tienda\/wp-json\/wp\/v2\/users\/1"}],"replies":[{"embeddable":true,"href":"https:\/\/franciscobelmonte.com\/tienda\/wp-json\/wp\/v2\/comments?post=13880"}],"version-history":[{"count":3,"href":"https:\/\/franciscobelmonte.com\/tienda\/wp-json\/wp\/v2\/pages\/13880\/revisions"}],"predecessor-version":[{"id":13883,"href":"https:\/\/franciscobelmonte.com\/tienda\/wp-json\/wp\/v2\/pages\/13880\/revisions\/13883"}],"wp:attachment":[{"href":"https:\/\/franciscobelmonte.com\/tienda\/wp-json\/wp\/v2\/media?parent=13880"}],"curies":[{"name":"wp","href":"https:\/\/api.w.org\/{rel}","templated":true}]}}