{"id":342,"date":"2021-12-04T11:22:38","date_gmt":"2021-12-04T11:22:38","guid":{"rendered":"https:\/\/franciscobelmonte.com\/tienda\/?page_id=342"},"modified":"2024-12-07T13:13:03","modified_gmt":"2024-12-07T11:13:03","slug":"terminos-y-condiciones","status":"publish","type":"page","link":"https:\/\/franciscobelmonte.com\/tienda\/terminos-y-condiciones\/","title":{"rendered":"T\u00e9rminos y condiciones"},"content":{"rendered":"\n<div class=\"container section-title-container\" ><h3 class=\"section-title section-title-normal\"><b><\/b><span class=\"section-title-main\" >T\u00e9rminos y condiciones<\/span><b><\/b><\/h3><\/div>\n\n<h2>Env\u00edos<\/h2>\n<p>Las presentes Condiciones Generales de Uso regulan el uso del sitio web www.franciscobelmonte.com\/tienda, con <strong>domicilio<\/strong> en <em>C\/ Isla Cristina 12, 30007 Murcia<\/em>, <strong>e-mail<\/strong> <em>info@grupobelmonte.com<\/em> y <strong>tel\u00e9fono<\/strong> <em>+34 968 246 429<\/em>, inscrita en el Registro Mercantil de Murcia &#8211; Libro 276. Secci\u00f3n 3\u00aa. Folio 45. Hoja 5117. Inscripci\u00f3n 1\u00aa. C.I.F. A-30076822<\/p>\n<p>Todo pedido hecho en <em>https:\/\/www.franciscobelmonte\/tienda<\/em> implica necesariamente a t\u00edtulo de condici\u00f3n esencial, determinante e imprescindible, la aceptaci\u00f3n sin reservas por parte del Cliente de las Condiciones Generales de uso vigentes el d\u00eda en que se lleve a cabo el pedido correspondiente. Adem\u00e1s, el Cliente reconoce que la aceptaci\u00f3n de las presentes condiciones implicar\u00e1 la aplicaci\u00f3n de \u00e9stas al pedido al que se refieren, as\u00ed como a todo pedido posterior, con excepci\u00f3n de aquellos casos en que nuevas condiciones sean puestas en su conocimiento.<\/p>\n<h2>Usuarios<\/h2>\n<p>Para poder adquirir cualquiera de los productos mostrados en <em>https:\/\/www.franciscobelmonte.com\/tienda<\/em>, el usuario debe estar capacitado legalmente conforme al Ordenamiento Jur\u00eddico Espa\u00f1ol.<\/p>\n<p>Se distinguen dos tipos de usuarios, consumidores finales y profesionales. En caso de ser profesional, se especificar\u00e1 en el momento del registro marcando la casilla correspondiente.<\/p>\n<h2>Procedimiento de compra<\/h2>\n<p>Escoge: Seleccionas el producto deseado, clicas sobre \u00e9l y ver\u00e1s cuna descripci\u00f3n detallada del mismo. Desde el propio producto se podr\u00e1 a\u00f1adir a la cesta de compra.<\/p>\n<p>Compra: Una vez en el carrito, tendr\u00e1 que seguir los pasos establecidos para la confirmaci\u00f3n de la misma y facilitar los datos requeridos.<\/p>\n<p>Confirmaci\u00f3n: Una vez se ha identificado, s\u00f3lo queda confirmar el pedido.<\/p>\n<ol>\n<li><strong><em>Resumen:<\/em><\/strong> Resumen de los productos que incluye en su carrito de la compra, as\u00ed como los precios de los mismos. Una vez identificado y como final deber\u00e1 confirmar el pedido.<\/li>\n<li><strong><em>Iniciar Sesi\u00f3n:<\/em><\/strong> En este momento usted debe registrarse para crear una cuenta con la que proceder a la compra, o bien acceder con una cuenta ya creada.<\/li>\n<li><strong><em>Direcci\u00f3n:<\/em><\/strong> Confirmaci\u00f3n de direcci\u00f3n de entrega y facturaci\u00f3n.<\/li>\n<li><strong><em>Env\u00edo:<\/em><\/strong> Transporte mediante una Agencia de Transportes. Conlleva unos gastos fijos.<\/li>\n<li><strong><em>Pago:<\/em><\/strong> Medios de pago aceptados. Debe seleccionar el deseado. Tras la selecci\u00f3n de dicho m\u00e9todo, se confirma la compra, realizando dicho pago.<\/li>\n<\/ol>\n<p>Al finalizar su pedido, se le enviar\u00e1 un correo electr\u00f3nico en las siguientes 24 horas, confirmando la recepci\u00f3n del mismo, y especificando todos los detalles del pedido. Si observase un error en la direcci\u00f3n indicada o en cualquier otro punto del pedido, deber\u00e1 notificarlo de inmediato a <em>info@grupobelmonte.com<\/em> para proceder a subsanar dicho error.<\/p>\n\n","protected":false},"excerpt":{"rendered":"","protected":false},"author":1,"featured_media":0,"parent":0,"menu_order":0,"comment_status":"closed","ping_status":"closed","template":"","meta":{"_themeisle_gutenberg_block_has_review":false,"footnotes":""},"class_list":["post-342","page","type-page","status-publish","hentry"],"yoast_head":"<!-- This site is optimized with the Yoast SEO plugin v27.6 - https:\/\/yoast.com\/product\/yoast-seo-wordpress\/ -->\n<title>T\u00e9rminos y condiciones - Boutique Francisco Belmonte<\/title>\n<meta name=\"robots\" content=\"index, follow, max-snippet:-1, max-image-preview:large, max-video-preview:-1\" \/>\n<link rel=\"canonical\" href=\"https:\/\/franciscobelmonte.com\/tienda\/terminos-y-condiciones\/\" \/>\n<meta property=\"og:locale\" content=\"es_ES\" \/>\n<meta property=\"og:type\" content=\"article\" \/>\n<meta property=\"og:title\" content=\"T\u00e9rminos y condiciones - Boutique Francisco Belmonte\" \/>\n<meta property=\"og:url\" content=\"https:\/\/franciscobelmonte.com\/tienda\/terminos-y-condiciones\/\" \/>\n<meta property=\"og:site_name\" content=\"Boutique Francisco Belmonte\" \/>\n<meta property=\"article:publisher\" content=\"https:\/\/www.facebook.com\/motosfranciscobelmonte\" \/>\n<meta property=\"article:modified_time\" content=\"2024-12-07T11:13:03+00:00\" \/>\n<meta name=\"twitter:card\" content=\"summary_large_image\" \/>\n<meta name=\"twitter:label1\" content=\"Tiempo de lectura\" \/>\n\t<meta name=\"twitter:data1\" content=\"2 minutos\" \/>\n<script type=\"application\/ld+json\" class=\"yoast-schema-graph\">{\"@context\":\"https:\\\/\\\/schema.org\",\"@graph\":[{\"@type\":\"WebPage\",\"@id\":\"https:\\\/\\\/franciscobelmonte.com\\\/tienda\\\/terminos-y-condiciones\\\/\",\"url\":\"https:\\\/\\\/franciscobelmonte.com\\\/tienda\\\/terminos-y-condiciones\\\/\",\"name\":\"T\u00e9rminos y condiciones - Boutique Francisco Belmonte\",\"isPartOf\":{\"@id\":\"https:\\\/\\\/franciscobelmonte.com\\\/tienda\\\/#website\"},\"datePublished\":\"2021-12-04T11:22:38+00:00\",\"dateModified\":\"2024-12-07T11:13:03+00:00\",\"breadcrumb\":{\"@id\":\"https:\\\/\\\/franciscobelmonte.com\\\/tienda\\\/terminos-y-condiciones\\\/#breadcrumb\"},\"inLanguage\":\"es\",\"potentialAction\":[{\"@type\":\"ReadAction\",\"target\":[\"https:\\\/\\\/franciscobelmonte.com\\\/tienda\\\/terminos-y-condiciones\\\/\"]}]},{\"@type\":\"BreadcrumbList\",\"@id\":\"https:\\\/\\\/franciscobelmonte.com\\\/tienda\\\/terminos-y-condiciones\\\/#breadcrumb\",\"itemListElement\":[{\"@type\":\"ListItem\",\"position\":1,\"name\":\"Portada\",\"item\":\"https:\\\/\\\/franciscobelmonte.com\\\/tienda\\\/\"},{\"@type\":\"ListItem\",\"position\":2,\"name\":\"T\u00e9rminos y condiciones\"}]},{\"@type\":\"WebSite\",\"@id\":\"https:\\\/\\\/franciscobelmonte.com\\\/tienda\\\/#website\",\"url\":\"https:\\\/\\\/franciscobelmonte.com\\\/tienda\\\/\",\"name\":\"Boutique Francisco Belmonte\",\"description\":\"Todo en complementos para motoristas\",\"publisher\":{\"@id\":\"https:\\\/\\\/franciscobelmonte.com\\\/tienda\\\/#organization\"},\"potentialAction\":[{\"@type\":\"SearchAction\",\"target\":{\"@type\":\"EntryPoint\",\"urlTemplate\":\"https:\\\/\\\/franciscobelmonte.com\\\/tienda\\\/?s={search_term_string}\"},\"query-input\":{\"@type\":\"PropertyValueSpecification\",\"valueRequired\":true,\"valueName\":\"search_term_string\"}}],\"inLanguage\":\"es\"},{\"@type\":\"Organization\",\"@id\":\"https:\\\/\\\/franciscobelmonte.com\\\/tienda\\\/#organization\",\"name\":\"Boutique Francisco Belmonte\",\"url\":\"https:\\\/\\\/franciscobelmonte.com\\\/tienda\\\/\",\"logo\":{\"@type\":\"ImageObject\",\"inLanguage\":\"es\",\"@id\":\"https:\\\/\\\/franciscobelmonte.com\\\/tienda\\\/#\\\/schema\\\/logo\\\/image\\\/\",\"url\":\"https:\\\/\\\/franciscobelmonte.com\\\/tienda\\\/wp-content\\\/uploads\\\/2021\\\/12\\\/Francisco-Belmonte-logo.png\",\"contentUrl\":\"https:\\\/\\\/franciscobelmonte.com\\\/tienda\\\/wp-content\\\/uploads\\\/2021\\\/12\\\/Francisco-Belmonte-logo.png\",\"width\":2153,\"height\":536,\"caption\":\"Boutique Francisco Belmonte\"},\"image\":{\"@id\":\"https:\\\/\\\/franciscobelmonte.com\\\/tienda\\\/#\\\/schema\\\/logo\\\/image\\\/\"},\"sameAs\":[\"https:\\\/\\\/www.facebook.com\\\/motosfranciscobelmonte\",\"https:\\\/\\\/www.instagram.com\\\/fco.belmonte\\\/\"]}]}<\/script>\n<!-- \/ Yoast SEO plugin. -->","yoast_head_json":{"title":"T\u00e9rminos y condiciones - Boutique Francisco Belmonte","robots":{"index":"index","follow":"follow","max-snippet":"max-snippet:-1","max-image-preview":"max-image-preview:large","max-video-preview":"max-video-preview:-1"},"canonical":"https:\/\/franciscobelmonte.com\/tienda\/terminos-y-condiciones\/","og_locale":"es_ES","og_type":"article","og_title":"T\u00e9rminos y condiciones - Boutique Francisco Belmonte","og_url":"https:\/\/franciscobelmonte.com\/tienda\/terminos-y-condiciones\/","og_site_name":"Boutique Francisco Belmonte","article_publisher":"https:\/\/www.facebook.com\/motosfranciscobelmonte","article_modified_time":"2024-12-07T11:13:03+00:00","twitter_card":"summary_large_image","twitter_misc":{"Tiempo de lectura":"2 minutos"},"schema":{"@context":"https:\/\/schema.org","@graph":[{"@type":"WebPage","@id":"https:\/\/franciscobelmonte.com\/tienda\/terminos-y-condiciones\/","url":"https:\/\/franciscobelmonte.com\/tienda\/terminos-y-condiciones\/","name":"T\u00e9rminos y condiciones - Boutique Francisco Belmonte","isPartOf":{"@id":"https:\/\/franciscobelmonte.com\/tienda\/#website"},"datePublished":"2021-12-04T11:22:38+00:00","dateModified":"2024-12-07T11:13:03+00:00","breadcrumb":{"@id":"https:\/\/franciscobelmonte.com\/tienda\/terminos-y-condiciones\/#breadcrumb"},"inLanguage":"es","potentialAction":[{"@type":"ReadAction","target":["https:\/\/franciscobelmonte.com\/tienda\/terminos-y-condiciones\/"]}]},{"@type":"BreadcrumbList","@id":"https:\/\/franciscobelmonte.com\/tienda\/terminos-y-condiciones\/#breadcrumb","itemListElement":[{"@type":"ListItem","position":1,"name":"Portada","item":"https:\/\/franciscobelmonte.com\/tienda\/"},{"@type":"ListItem","position":2,"name":"T\u00e9rminos y condiciones"}]},{"@type":"WebSite","@id":"https:\/\/franciscobelmonte.com\/tienda\/#website","url":"https:\/\/franciscobelmonte.com\/tienda\/","name":"Boutique Francisco Belmonte","description":"Todo en complementos para motoristas","publisher":{"@id":"https:\/\/franciscobelmonte.com\/tienda\/#organization"},"potentialAction":[{"@type":"SearchAction","target":{"@type":"EntryPoint","urlTemplate":"https:\/\/franciscobelmonte.com\/tienda\/?s={search_term_string}"},"query-input":{"@type":"PropertyValueSpecification","valueRequired":true,"valueName":"search_term_string"}}],"inLanguage":"es"},{"@type":"Organization","@id":"https:\/\/franciscobelmonte.com\/tienda\/#organization","name":"Boutique Francisco Belmonte","url":"https:\/\/franciscobelmonte.com\/tienda\/","logo":{"@type":"ImageObject","inLanguage":"es","@id":"https:\/\/franciscobelmonte.com\/tienda\/#\/schema\/logo\/image\/","url":"https:\/\/franciscobelmonte.com\/tienda\/wp-content\/uploads\/2021\/12\/Francisco-Belmonte-logo.png","contentUrl":"https:\/\/franciscobelmonte.com\/tienda\/wp-content\/uploads\/2021\/12\/Francisco-Belmonte-logo.png","width":2153,"height":536,"caption":"Boutique Francisco Belmonte"},"image":{"@id":"https:\/\/franciscobelmonte.com\/tienda\/#\/schema\/logo\/image\/"},"sameAs":["https:\/\/www.facebook.com\/motosfranciscobelmonte","https:\/\/www.instagram.com\/fco.belmonte\/"]}]}},"jetpack_sharing_enabled":true,"_links":{"self":[{"href":"https:\/\/franciscobelmonte.com\/tienda\/wp-json\/wp\/v2\/pages\/342","targetHints":{"allow":["GET"]}}],"collection":[{"href":"https:\/\/franciscobelmonte.com\/tienda\/wp-json\/wp\/v2\/pages"}],"about":[{"href":"https:\/\/franciscobelmonte.com\/tienda\/wp-json\/wp\/v2\/types\/page"}],"author":[{"embeddable":true,"href":"https:\/\/franciscobelmonte.com\/tienda\/wp-json\/wp\/v2\/users\/1"}],"replies":[{"embeddable":true,"href":"https:\/\/franciscobelmonte.com\/tienda\/wp-json\/wp\/v2\/comments?post=342"}],"version-history":[{"count":8,"href":"https:\/\/franciscobelmonte.com\/tienda\/wp-json\/wp\/v2\/pages\/342\/revisions"}],"predecessor-version":[{"id":465,"href":"https:\/\/franciscobelmonte.com\/tienda\/wp-json\/wp\/v2\/pages\/342\/revisions\/465"}],"wp:attachment":[{"href":"https:\/\/franciscobelmonte.com\/tienda\/wp-json\/wp\/v2\/media?parent=342"}],"curies":[{"name":"wp","href":"https:\/\/api.w.org\/{rel}","templated":true}]}}