{"id":8483,"date":"2023-01-19T16:05:08","date_gmt":"2023-01-19T16:05:08","guid":{"rendered":"https:\/\/franciscobelmonte.com\/tienda\/?page_id=8483"},"modified":"2023-01-19T18:47:03","modified_gmt":"2023-01-19T18:47:03","slug":"recogida-en-tienda","status":"publish","type":"page","link":"https:\/\/franciscobelmonte.com\/tienda\/recogida-en-tienda\/","title":{"rendered":"RECOGIDA EN TIENDA"},"content":{"rendered":"\n\t<div class=\"img has-hover x md-x lg-x y md-y lg-y\" id=\"image_634070443\">\n\t\t\t\t\t\t\t\t<div class=\"img-inner dark\" >\n\t\t\t<img loading=\"lazy\" decoding=\"async\" width=\"1020\" height=\"291\" src=\"https:\/\/franciscobelmonte.com\/tienda\/wp-content\/uploads\/2023\/01\/6-E-de-descuento-en-proxima-compra.jpg\" class=\"attachment-large size-large\" alt=\"6 \u20acde descuento en proxima compra en boutique francisco belmonte murcia\" srcset=\"https:\/\/franciscobelmonte.com\/tienda\/wp-content\/uploads\/2023\/01\/6-E-de-descuento-en-proxima-compra.jpg 1050w, https:\/\/franciscobelmonte.com\/tienda\/wp-content\/uploads\/2023\/01\/6-E-de-descuento-en-proxima-compra-800x229.jpg 800w, https:\/\/franciscobelmonte.com\/tienda\/wp-content\/uploads\/2023\/01\/6-E-de-descuento-en-proxima-compra-768x219.jpg 768w, https:\/\/franciscobelmonte.com\/tienda\/wp-content\/uploads\/2023\/01\/6-E-de-descuento-en-proxima-compra-600x171.jpg 600w\" sizes=\"auto, (max-width: 1020px) 100vw, 1020px\" \/>\t\t\t\t\t\t\n\t\t\t\t\t<\/div>\n\t\t\t\t\t\t\t\t\n<style>\n#image_634070443 {\n  width: 100%;\n}\n<\/style>\n\t<\/div>\n\t\n\n<div class=\"text-center\"><div class=\"is-divider divider clearfix\" style=\"max-width:500px;\"><\/div><\/div>\n\n<p>En tus compras a partir de <strong>50\u20ac<\/strong>, obtendr\u00e1s <strong>\u00a16\u20ac de descuento en tu pr\u00f3xima compra!.<\/strong><br>\nElige la opci\u00f3n \u00abRecoger en tienda\u00bb y al recoger tu pedido obtendr\u00e1s tu descuento para la pr\u00f3xima compra.<br>\nPara compras en tienda f\u00edsica, ser\u00e1 obligatorio entregar el cup\u00f3n de descuento de 6\u20ac (factura de compra).<br>\nEste descuento es acumulable a otras ofertas.<br>\nSolamente canjeable un descuento por compra. (No acumulables).<br>\nValidez del descuento de 6 meses desde su compra.<\/p>\n","protected":false},"excerpt":{"rendered":"","protected":false},"author":1,"featured_media":0,"parent":0,"menu_order":0,"comment_status":"closed","ping_status":"closed","template":"","meta":{"_themeisle_gutenberg_block_has_review":false,"footnotes":""},"class_list":["post-8483","page","type-page","status-publish","hentry"],"yoast_head":"<!-- This site is optimized with the Yoast SEO plugin v27.4 - https:\/\/yoast.com\/product\/yoast-seo-wordpress\/ -->\n<title>RECOGIDA EN TIENDA - Boutique Francisco Belmonte<\/title>\n<meta name=\"description\" content=\"Compra en nuestra boutique online y recoge tu compra en nuestra tienda f\u00edsica para obtener tu cup\u00f3n descuento de 6\u20ac para tu pr\u00f3xima compra.\" \/>\n<meta name=\"robots\" content=\"index, follow, max-snippet:-1, max-image-preview:large, max-video-preview:-1\" \/>\n<link rel=\"canonical\" href=\"https:\/\/franciscobelmonte.com\/tienda\/recogida-en-tienda\/\" \/>\n<meta property=\"og:locale\" content=\"es_ES\" \/>\n<meta property=\"og:type\" content=\"article\" \/>\n<meta property=\"og:title\" content=\"RECOGIDA EN TIENDA - Boutique Francisco Belmonte\" \/>\n<meta property=\"og:description\" content=\"Compra en nuestra boutique online y recoge tu compra en nuestra tienda f\u00edsica para obtener tu cup\u00f3n descuento de 6\u20ac para tu pr\u00f3xima compra.\" \/>\n<meta property=\"og:url\" content=\"https:\/\/franciscobelmonte.com\/tienda\/recogida-en-tienda\/\" \/>\n<meta property=\"og:site_name\" content=\"Boutique Francisco Belmonte\" \/>\n<meta property=\"article:publisher\" content=\"https:\/\/www.facebook.com\/motosfranciscobelmonte\" \/>\n<meta property=\"article:modified_time\" content=\"2023-01-19T18:47:03+00:00\" \/>\n<meta name=\"twitter:card\" content=\"summary_large_image\" \/>\n<script type=\"application\/ld+json\" class=\"yoast-schema-graph\">{\"@context\":\"https:\\\/\\\/schema.org\",\"@graph\":[{\"@type\":\"WebPage\",\"@id\":\"https:\\\/\\\/franciscobelmonte.com\\\/tienda\\\/recogida-en-tienda\\\/\",\"url\":\"https:\\\/\\\/franciscobelmonte.com\\\/tienda\\\/recogida-en-tienda\\\/\",\"name\":\"RECOGIDA EN TIENDA - Boutique Francisco Belmonte\",\"isPartOf\":{\"@id\":\"https:\\\/\\\/franciscobelmonte.com\\\/tienda\\\/#website\"},\"datePublished\":\"2023-01-19T16:05:08+00:00\",\"dateModified\":\"2023-01-19T18:47:03+00:00\",\"description\":\"Compra en nuestra boutique online y recoge tu compra en nuestra tienda f\u00edsica para obtener tu cup\u00f3n descuento de 6\u20ac para tu pr\u00f3xima compra.\",\"breadcrumb\":{\"@id\":\"https:\\\/\\\/franciscobelmonte.com\\\/tienda\\\/recogida-en-tienda\\\/#breadcrumb\"},\"inLanguage\":\"es\",\"potentialAction\":[{\"@type\":\"ReadAction\",\"target\":[\"https:\\\/\\\/franciscobelmonte.com\\\/tienda\\\/recogida-en-tienda\\\/\"]}]},{\"@type\":\"BreadcrumbList\",\"@id\":\"https:\\\/\\\/franciscobelmonte.com\\\/tienda\\\/recogida-en-tienda\\\/#breadcrumb\",\"itemListElement\":[{\"@type\":\"ListItem\",\"position\":1,\"name\":\"Portada\",\"item\":\"https:\\\/\\\/franciscobelmonte.com\\\/tienda\\\/\"},{\"@type\":\"ListItem\",\"position\":2,\"name\":\"RECOGIDA EN TIENDA\"}]},{\"@type\":\"WebSite\",\"@id\":\"https:\\\/\\\/franciscobelmonte.com\\\/tienda\\\/#website\",\"url\":\"https:\\\/\\\/franciscobelmonte.com\\\/tienda\\\/\",\"name\":\"Boutique Francisco Belmonte\",\"description\":\"Todo en complementos para motoristas\",\"publisher\":{\"@id\":\"https:\\\/\\\/franciscobelmonte.com\\\/tienda\\\/#organization\"},\"potentialAction\":[{\"@type\":\"SearchAction\",\"target\":{\"@type\":\"EntryPoint\",\"urlTemplate\":\"https:\\\/\\\/franciscobelmonte.com\\\/tienda\\\/?s={search_term_string}\"},\"query-input\":{\"@type\":\"PropertyValueSpecification\",\"valueRequired\":true,\"valueName\":\"search_term_string\"}}],\"inLanguage\":\"es\"},{\"@type\":\"Organization\",\"@id\":\"https:\\\/\\\/franciscobelmonte.com\\\/tienda\\\/#organization\",\"name\":\"Boutique Francisco Belmonte\",\"url\":\"https:\\\/\\\/franciscobelmonte.com\\\/tienda\\\/\",\"logo\":{\"@type\":\"ImageObject\",\"inLanguage\":\"es\",\"@id\":\"https:\\\/\\\/franciscobelmonte.com\\\/tienda\\\/#\\\/schema\\\/logo\\\/image\\\/\",\"url\":\"https:\\\/\\\/franciscobelmonte.com\\\/tienda\\\/wp-content\\\/uploads\\\/2021\\\/12\\\/Francisco-Belmonte-logo.png\",\"contentUrl\":\"https:\\\/\\\/franciscobelmonte.com\\\/tienda\\\/wp-content\\\/uploads\\\/2021\\\/12\\\/Francisco-Belmonte-logo.png\",\"width\":2153,\"height\":536,\"caption\":\"Boutique Francisco Belmonte\"},\"image\":{\"@id\":\"https:\\\/\\\/franciscobelmonte.com\\\/tienda\\\/#\\\/schema\\\/logo\\\/image\\\/\"},\"sameAs\":[\"https:\\\/\\\/www.facebook.com\\\/motosfranciscobelmonte\",\"https:\\\/\\\/www.instagram.com\\\/fco.belmonte\\\/\"]}]}<\/script>\n<!-- \/ Yoast SEO plugin. -->","yoast_head_json":{"title":"RECOGIDA EN TIENDA - Boutique Francisco Belmonte","description":"Compra en nuestra boutique online y recoge tu compra en nuestra tienda f\u00edsica para obtener tu cup\u00f3n descuento de 6\u20ac para tu pr\u00f3xima compra.","robots":{"index":"index","follow":"follow","max-snippet":"max-snippet:-1","max-image-preview":"max-image-preview:large","max-video-preview":"max-video-preview:-1"},"canonical":"https:\/\/franciscobelmonte.com\/tienda\/recogida-en-tienda\/","og_locale":"es_ES","og_type":"article","og_title":"RECOGIDA EN TIENDA - Boutique Francisco Belmonte","og_description":"Compra en nuestra boutique online y recoge tu compra en nuestra tienda f\u00edsica para obtener tu cup\u00f3n descuento de 6\u20ac para tu pr\u00f3xima compra.","og_url":"https:\/\/franciscobelmonte.com\/tienda\/recogida-en-tienda\/","og_site_name":"Boutique Francisco Belmonte","article_publisher":"https:\/\/www.facebook.com\/motosfranciscobelmonte","article_modified_time":"2023-01-19T18:47:03+00:00","twitter_card":"summary_large_image","schema":{"@context":"https:\/\/schema.org","@graph":[{"@type":"WebPage","@id":"https:\/\/franciscobelmonte.com\/tienda\/recogida-en-tienda\/","url":"https:\/\/franciscobelmonte.com\/tienda\/recogida-en-tienda\/","name":"RECOGIDA EN TIENDA - Boutique Francisco Belmonte","isPartOf":{"@id":"https:\/\/franciscobelmonte.com\/tienda\/#website"},"datePublished":"2023-01-19T16:05:08+00:00","dateModified":"2023-01-19T18:47:03+00:00","description":"Compra en nuestra boutique online y recoge tu compra en nuestra tienda f\u00edsica para obtener tu cup\u00f3n descuento de 6\u20ac para tu pr\u00f3xima compra.","breadcrumb":{"@id":"https:\/\/franciscobelmonte.com\/tienda\/recogida-en-tienda\/#breadcrumb"},"inLanguage":"es","potentialAction":[{"@type":"ReadAction","target":["https:\/\/franciscobelmonte.com\/tienda\/recogida-en-tienda\/"]}]},{"@type":"BreadcrumbList","@id":"https:\/\/franciscobelmonte.com\/tienda\/recogida-en-tienda\/#breadcrumb","itemListElement":[{"@type":"ListItem","position":1,"name":"Portada","item":"https:\/\/franciscobelmonte.com\/tienda\/"},{"@type":"ListItem","position":2,"name":"RECOGIDA EN TIENDA"}]},{"@type":"WebSite","@id":"https:\/\/franciscobelmonte.com\/tienda\/#website","url":"https:\/\/franciscobelmonte.com\/tienda\/","name":"Boutique Francisco Belmonte","description":"Todo en complementos para motoristas","publisher":{"@id":"https:\/\/franciscobelmonte.com\/tienda\/#organization"},"potentialAction":[{"@type":"SearchAction","target":{"@type":"EntryPoint","urlTemplate":"https:\/\/franciscobelmonte.com\/tienda\/?s={search_term_string}"},"query-input":{"@type":"PropertyValueSpecification","valueRequired":true,"valueName":"search_term_string"}}],"inLanguage":"es"},{"@type":"Organization","@id":"https:\/\/franciscobelmonte.com\/tienda\/#organization","name":"Boutique Francisco Belmonte","url":"https:\/\/franciscobelmonte.com\/tienda\/","logo":{"@type":"ImageObject","inLanguage":"es","@id":"https:\/\/franciscobelmonte.com\/tienda\/#\/schema\/logo\/image\/","url":"https:\/\/franciscobelmonte.com\/tienda\/wp-content\/uploads\/2021\/12\/Francisco-Belmonte-logo.png","contentUrl":"https:\/\/franciscobelmonte.com\/tienda\/wp-content\/uploads\/2021\/12\/Francisco-Belmonte-logo.png","width":2153,"height":536,"caption":"Boutique Francisco Belmonte"},"image":{"@id":"https:\/\/franciscobelmonte.com\/tienda\/#\/schema\/logo\/image\/"},"sameAs":["https:\/\/www.facebook.com\/motosfranciscobelmonte","https:\/\/www.instagram.com\/fco.belmonte\/"]}]}},"jetpack_sharing_enabled":true,"_links":{"self":[{"href":"https:\/\/franciscobelmonte.com\/tienda\/wp-json\/wp\/v2\/pages\/8483","targetHints":{"allow":["GET"]}}],"collection":[{"href":"https:\/\/franciscobelmonte.com\/tienda\/wp-json\/wp\/v2\/pages"}],"about":[{"href":"https:\/\/franciscobelmonte.com\/tienda\/wp-json\/wp\/v2\/types\/page"}],"author":[{"embeddable":true,"href":"https:\/\/franciscobelmonte.com\/tienda\/wp-json\/wp\/v2\/users\/1"}],"replies":[{"embeddable":true,"href":"https:\/\/franciscobelmonte.com\/tienda\/wp-json\/wp\/v2\/comments?post=8483"}],"version-history":[{"count":6,"href":"https:\/\/franciscobelmonte.com\/tienda\/wp-json\/wp\/v2\/pages\/8483\/revisions"}],"predecessor-version":[{"id":8492,"href":"https:\/\/franciscobelmonte.com\/tienda\/wp-json\/wp\/v2\/pages\/8483\/revisions\/8492"}],"wp:attachment":[{"href":"https:\/\/franciscobelmonte.com\/tienda\/wp-json\/wp\/v2\/media?parent=8483"}],"curies":[{"name":"wp","href":"https:\/\/api.w.org\/{rel}","templated":true}]}}