{"id":10034,"date":"2023-07-12T18:07:55","date_gmt":"2023-07-12T16:07:55","guid":{"rendered":"https:\/\/franciscobelmonte.com\/tienda\/?post_type=product&#038;p=10034"},"modified":"2026-01-03T13:07:24","modified_gmt":"2026-01-03T11:07:24","slug":"casco-ls2-of606_drifter-solid-negro-mate","status":"publish","type":"product","link":"https:\/\/franciscobelmonte.com\/tienda\/casco-ls2-of606_drifter-solid-negro-mate\/","title":{"rendered":"CASCO LS2 OF606 DRIFTER SOLID NEGRO MATE"},"content":{"rendered":"<h3>Casco LS2 OF606 Drifter Solid Negro Mate<\/h3>\n<p>Es un casco muy vers\u00e1til ya que te ofrece la posibilidad de llevarlo con o sin mentonera, dependiendo de la situaci\u00f3n. Es muy f\u00e1cil de desmontar con su sistema doble click en cada lado del casco.<\/p>\n<p><strong>Caracter\u00edsticas y Materiales<\/strong><\/p>\n<ul>\n<li>Fabricado en KPA. La KPA es una mezcla patentada de policarbonato, termopl\u00e1sticos de la era espacial y de otros materiales formulados espec\u00edficamente por LS2 que proporciona un peso ultraligero y una alta resistencia a la penetraci\u00f3n, as\u00ed como algo de flexibilidad para una dispersi\u00f3n m\u00e1xima de la energ\u00eda. Esta f\u00f3rmula especial cumple con los requisitos de las normas ECE 22.06. y DOT.<\/li>\n<li>2 tama\u00f1os de calota: XS-S y M-XXL<\/li>\n<li>5 tama\u00f1os de EPS: XS, S, M, L, y XL-XXL<\/li>\n<li>Homologaci\u00f3n 22.06<\/li>\n<\/ul>\n<p><strong>Detalles del visor<\/strong><\/p>\n<p>Los visores de los cascos LS2 se componen de lentes de policarbonato de Clase A corregidas \u00f3pticamente para una visi\u00f3n en 3D y de un pol\u00edmero de la era espacial con una alta resistencia al impacto que evita la deformaci\u00f3n y ofrece una claridad m\u00e1xima.<\/p>\n<ul>\n<li>Ajustable y retr\u00e1ctil<\/li>\n<li>Mentonera desmontable<\/li>\n<li>Pantalla resistente a ara\u00f1azos y anti UVA<\/li>\n<li>Visor ahumado oscuro incluido<\/li>\n<\/ul>\n<p><strong>Confort<\/strong><\/p>\n<ul>\n<li>Espuma de la mentonera intercambiable<\/li>\n<li>Interior desmontable, lavable, transpirable, hipoalerg\u00e9nico y cortado por l\u00e1ser<\/li>\n<\/ul>\n<p><strong>Sistema de retenci\u00f3n<\/strong><\/p>\n<ul>\n<li>Parche de seguridad reflectantes<\/li>\n<li>Cierre microm\u00e9trico<\/li>\n<li>Correa de la mentonera reforzada<\/li>\n<li>EPS con acolchado multidensidad<\/li>\n<\/ul>\n<p><strong>Sistema de ventilaci\u00f3n<\/strong><\/p>\n<ul>\n<li>Entrada de aire superior<\/li>\n<li>Salidas de aire trasera<\/li>\n<li>EPS canalizado<\/li>\n<\/ul>\n","protected":false},"excerpt":{"rendered":"<p>Es un casco muy vers\u00e1til ya que te ofrece la posibilidad de llevarlo con o sin mentonera, dependiendo de la situaci\u00f3n. Es muy f\u00e1cil de desmontar con su sistema doble click en cada lado del casco.<\/p>\n","protected":false},"featured_media":10058,"comment_status":"open","ping_status":"closed","template":"","meta":{"_themeisle_gutenberg_block_has_review":false},"pwb-brand":[225],"product_brand":[],"product_cat":[15,519,144],"product_tag":[865,885,775,888],"class_list":{"0":"post-10034","1":"product","2":"type-product","3":"status-publish","4":"has-post-thumbnail","6":"pwb-brand-ls2-helmets","7":"product_cat-casco-de-moto","8":"product_cat-cascos-por-menos-de-150e","9":"product_cat-cascos-de-moto-modulares","10":"product_tag-865","11":"product_tag-dto-navideno-25","12":"product_tag-ls2-sin-rebajas-20","13":"product_tag-rebajas-40","15":"first","16":"instock","17":"sale","18":"taxable","19":"shipping-taxable","20":"purchasable","21":"product-type-variable","22":"has-default-attributes"},"yoast_head":"<!-- This site is optimized with the Yoast SEO plugin v27.4 - https:\/\/yoast.com\/product\/yoast-seo-wordpress\/ -->\n<title>CASCO LS2 OF606 DRIFTER SOLID NEGRO MATE - Boutique Francisco Belmonte<\/title>\n<meta name=\"description\" content=\"Casco LS2 OF606 Drifter Solid Negro Mate. Cascos de moto LS2 en Boutique Francisco Belmonte en Murcia. Descubre sus colores al mejor precio.\" \/>\n<meta name=\"robots\" content=\"index, follow, max-snippet:-1, max-image-preview:large, max-video-preview:-1\" \/>\n<link rel=\"canonical\" href=\"https:\/\/franciscobelmonte.com\/tienda\/casco-ls2-of606_drifter-solid-negro-mate\/\" \/>\n<meta property=\"og:locale\" content=\"es_ES\" \/>\n<meta property=\"og:type\" content=\"article\" \/>\n<meta property=\"og:title\" content=\"CASCO LS2 OF606 DRIFTER SOLID NEGRO MATE - Boutique Francisco Belmonte\" \/>\n<meta property=\"og:description\" content=\"Casco LS2 OF606 Drifter Solid Negro Mate. Cascos de moto LS2 en Boutique Francisco Belmonte en Murcia. Descubre sus colores al mejor precio.\" \/>\n<meta property=\"og:url\" content=\"https:\/\/franciscobelmonte.com\/tienda\/casco-ls2-of606_drifter-solid-negro-mate\/\" \/>\n<meta property=\"og:site_name\" content=\"Boutique Francisco Belmonte\" \/>\n<meta property=\"article:publisher\" content=\"https:\/\/www.facebook.com\/motosfranciscobelmonte\" \/>\n<meta property=\"article:modified_time\" content=\"2026-01-03T11:07:24+00:00\" \/>\n<meta property=\"og:image\" content=\"https:\/\/franciscobelmonte.com\/tienda\/wp-content\/uploads\/2023\/07\/Casco-LS2-OF606-Drifter-Solid-Negro-Mate-ok.jpg\" \/>\n\t<meta property=\"og:image:width\" content=\"800\" \/>\n\t<meta property=\"og:image:height\" content=\"800\" \/>\n\t<meta property=\"og:image:type\" content=\"image\/jpeg\" \/>\n<meta name=\"twitter:card\" content=\"summary_large_image\" \/>\n<meta name=\"twitter:label1\" content=\"Tiempo de lectura\" \/>\n\t<meta name=\"twitter:data1\" content=\"1 minuto\" \/>\n<script type=\"application\/ld+json\" class=\"yoast-schema-graph\">{\"@context\":\"https:\\\/\\\/schema.org\",\"@graph\":[{\"@type\":\"WebPage\",\"@id\":\"https:\\\/\\\/franciscobelmonte.com\\\/tienda\\\/casco-ls2-of606_drifter-solid-negro-mate\\\/\",\"url\":\"https:\\\/\\\/franciscobelmonte.com\\\/tienda\\\/casco-ls2-of606_drifter-solid-negro-mate\\\/\",\"name\":\"CASCO LS2 OF606 DRIFTER SOLID NEGRO MATE - Boutique Francisco Belmonte\",\"isPartOf\":{\"@id\":\"https:\\\/\\\/franciscobelmonte.com\\\/tienda\\\/#website\"},\"primaryImageOfPage\":{\"@id\":\"https:\\\/\\\/franciscobelmonte.com\\\/tienda\\\/casco-ls2-of606_drifter-solid-negro-mate\\\/#primaryimage\"},\"image\":{\"@id\":\"https:\\\/\\\/franciscobelmonte.com\\\/tienda\\\/casco-ls2-of606_drifter-solid-negro-mate\\\/#primaryimage\"},\"thumbnailUrl\":\"https:\\\/\\\/franciscobelmonte.com\\\/tienda\\\/wp-content\\\/uploads\\\/2023\\\/07\\\/Casco-LS2-OF606-Drifter-Solid-Negro-Mate-ok.jpg\",\"datePublished\":\"2023-07-12T16:07:55+00:00\",\"dateModified\":\"2026-01-03T11:07:24+00:00\",\"description\":\"Casco LS2 OF606 Drifter Solid Negro Mate. Cascos de moto LS2 en Boutique Francisco Belmonte en Murcia. Descubre sus colores al mejor precio.\",\"breadcrumb\":{\"@id\":\"https:\\\/\\\/franciscobelmonte.com\\\/tienda\\\/casco-ls2-of606_drifter-solid-negro-mate\\\/#breadcrumb\"},\"inLanguage\":\"es\",\"potentialAction\":[{\"@type\":\"ReadAction\",\"target\":[\"https:\\\/\\\/franciscobelmonte.com\\\/tienda\\\/casco-ls2-of606_drifter-solid-negro-mate\\\/\"]}]},{\"@type\":\"ImageObject\",\"inLanguage\":\"es\",\"@id\":\"https:\\\/\\\/franciscobelmonte.com\\\/tienda\\\/casco-ls2-of606_drifter-solid-negro-mate\\\/#primaryimage\",\"url\":\"https:\\\/\\\/franciscobelmonte.com\\\/tienda\\\/wp-content\\\/uploads\\\/2023\\\/07\\\/Casco-LS2-OF606-Drifter-Solid-Negro-Mate-ok.jpg\",\"contentUrl\":\"https:\\\/\\\/franciscobelmonte.com\\\/tienda\\\/wp-content\\\/uploads\\\/2023\\\/07\\\/Casco-LS2-OF606-Drifter-Solid-Negro-Mate-ok.jpg\",\"width\":800,\"height\":800,\"caption\":\"casco ls2 drifter solid negro mate en murcia francisco belmonte\"},{\"@type\":\"BreadcrumbList\",\"@id\":\"https:\\\/\\\/franciscobelmonte.com\\\/tienda\\\/casco-ls2-of606_drifter-solid-negro-mate\\\/#breadcrumb\",\"itemListElement\":[{\"@type\":\"ListItem\",\"position\":1,\"name\":\"Portada\",\"item\":\"https:\\\/\\\/franciscobelmonte.com\\\/tienda\\\/\"},{\"@type\":\"ListItem\",\"position\":2,\"name\":\"Tienda\",\"item\":\"https:\\\/\\\/franciscobelmonte.com\\\/tienda\\\/boutique-equipamiento-motero\\\/\"},{\"@type\":\"ListItem\",\"position\":3,\"name\":\"CASCO LS2 OF606 DRIFTER SOLID NEGRO MATE\"}]},{\"@type\":\"WebSite\",\"@id\":\"https:\\\/\\\/franciscobelmonte.com\\\/tienda\\\/#website\",\"url\":\"https:\\\/\\\/franciscobelmonte.com\\\/tienda\\\/\",\"name\":\"Boutique Francisco Belmonte\",\"description\":\"Todo en complementos para motoristas\",\"publisher\":{\"@id\":\"https:\\\/\\\/franciscobelmonte.com\\\/tienda\\\/#organization\"},\"potentialAction\":[{\"@type\":\"SearchAction\",\"target\":{\"@type\":\"EntryPoint\",\"urlTemplate\":\"https:\\\/\\\/franciscobelmonte.com\\\/tienda\\\/?s={search_term_string}\"},\"query-input\":{\"@type\":\"PropertyValueSpecification\",\"valueRequired\":true,\"valueName\":\"search_term_string\"}}],\"inLanguage\":\"es\"},{\"@type\":\"Organization\",\"@id\":\"https:\\\/\\\/franciscobelmonte.com\\\/tienda\\\/#organization\",\"name\":\"Boutique Francisco Belmonte\",\"url\":\"https:\\\/\\\/franciscobelmonte.com\\\/tienda\\\/\",\"logo\":{\"@type\":\"ImageObject\",\"inLanguage\":\"es\",\"@id\":\"https:\\\/\\\/franciscobelmonte.com\\\/tienda\\\/#\\\/schema\\\/logo\\\/image\\\/\",\"url\":\"https:\\\/\\\/franciscobelmonte.com\\\/tienda\\\/wp-content\\\/uploads\\\/2021\\\/12\\\/Francisco-Belmonte-logo.png\",\"contentUrl\":\"https:\\\/\\\/franciscobelmonte.com\\\/tienda\\\/wp-content\\\/uploads\\\/2021\\\/12\\\/Francisco-Belmonte-logo.png\",\"width\":2153,\"height\":536,\"caption\":\"Boutique Francisco Belmonte\"},\"image\":{\"@id\":\"https:\\\/\\\/franciscobelmonte.com\\\/tienda\\\/#\\\/schema\\\/logo\\\/image\\\/\"},\"sameAs\":[\"https:\\\/\\\/www.facebook.com\\\/motosfranciscobelmonte\",\"https:\\\/\\\/www.instagram.com\\\/fco.belmonte\\\/\"]}]}<\/script>\n<!-- \/ Yoast SEO plugin. -->","yoast_head_json":{"title":"CASCO LS2 OF606 DRIFTER SOLID NEGRO MATE - Boutique Francisco Belmonte","description":"Casco LS2 OF606 Drifter Solid Negro Mate. Cascos de moto LS2 en Boutique Francisco Belmonte en Murcia. Descubre sus colores al mejor precio.","robots":{"index":"index","follow":"follow","max-snippet":"max-snippet:-1","max-image-preview":"max-image-preview:large","max-video-preview":"max-video-preview:-1"},"canonical":"https:\/\/franciscobelmonte.com\/tienda\/casco-ls2-of606_drifter-solid-negro-mate\/","og_locale":"es_ES","og_type":"article","og_title":"CASCO LS2 OF606 DRIFTER SOLID NEGRO MATE - Boutique Francisco Belmonte","og_description":"Casco LS2 OF606 Drifter Solid Negro Mate. Cascos de moto LS2 en Boutique Francisco Belmonte en Murcia. Descubre sus colores al mejor precio.","og_url":"https:\/\/franciscobelmonte.com\/tienda\/casco-ls2-of606_drifter-solid-negro-mate\/","og_site_name":"Boutique Francisco Belmonte","article_publisher":"https:\/\/www.facebook.com\/motosfranciscobelmonte","article_modified_time":"2026-01-03T11:07:24+00:00","og_image":[{"width":800,"height":800,"url":"https:\/\/franciscobelmonte.com\/tienda\/wp-content\/uploads\/2023\/07\/Casco-LS2-OF606-Drifter-Solid-Negro-Mate-ok.jpg","type":"image\/jpeg"}],"twitter_card":"summary_large_image","twitter_misc":{"Tiempo de lectura":"1 minuto"},"schema":{"@context":"https:\/\/schema.org","@graph":[{"@type":"WebPage","@id":"https:\/\/franciscobelmonte.com\/tienda\/casco-ls2-of606_drifter-solid-negro-mate\/","url":"https:\/\/franciscobelmonte.com\/tienda\/casco-ls2-of606_drifter-solid-negro-mate\/","name":"CASCO LS2 OF606 DRIFTER SOLID NEGRO MATE - Boutique Francisco Belmonte","isPartOf":{"@id":"https:\/\/franciscobelmonte.com\/tienda\/#website"},"primaryImageOfPage":{"@id":"https:\/\/franciscobelmonte.com\/tienda\/casco-ls2-of606_drifter-solid-negro-mate\/#primaryimage"},"image":{"@id":"https:\/\/franciscobelmonte.com\/tienda\/casco-ls2-of606_drifter-solid-negro-mate\/#primaryimage"},"thumbnailUrl":"https:\/\/franciscobelmonte.com\/tienda\/wp-content\/uploads\/2023\/07\/Casco-LS2-OF606-Drifter-Solid-Negro-Mate-ok.jpg","datePublished":"2023-07-12T16:07:55+00:00","dateModified":"2026-01-03T11:07:24+00:00","description":"Casco LS2 OF606 Drifter Solid Negro Mate. Cascos de moto LS2 en Boutique Francisco Belmonte en Murcia. Descubre sus colores al mejor precio.","breadcrumb":{"@id":"https:\/\/franciscobelmonte.com\/tienda\/casco-ls2-of606_drifter-solid-negro-mate\/#breadcrumb"},"inLanguage":"es","potentialAction":[{"@type":"ReadAction","target":["https:\/\/franciscobelmonte.com\/tienda\/casco-ls2-of606_drifter-solid-negro-mate\/"]}]},{"@type":"ImageObject","inLanguage":"es","@id":"https:\/\/franciscobelmonte.com\/tienda\/casco-ls2-of606_drifter-solid-negro-mate\/#primaryimage","url":"https:\/\/franciscobelmonte.com\/tienda\/wp-content\/uploads\/2023\/07\/Casco-LS2-OF606-Drifter-Solid-Negro-Mate-ok.jpg","contentUrl":"https:\/\/franciscobelmonte.com\/tienda\/wp-content\/uploads\/2023\/07\/Casco-LS2-OF606-Drifter-Solid-Negro-Mate-ok.jpg","width":800,"height":800,"caption":"casco ls2 drifter solid negro mate en murcia francisco belmonte"},{"@type":"BreadcrumbList","@id":"https:\/\/franciscobelmonte.com\/tienda\/casco-ls2-of606_drifter-solid-negro-mate\/#breadcrumb","itemListElement":[{"@type":"ListItem","position":1,"name":"Portada","item":"https:\/\/franciscobelmonte.com\/tienda\/"},{"@type":"ListItem","position":2,"name":"Tienda","item":"https:\/\/franciscobelmonte.com\/tienda\/boutique-equipamiento-motero\/"},{"@type":"ListItem","position":3,"name":"CASCO LS2 OF606 DRIFTER SOLID NEGRO MATE"}]},{"@type":"WebSite","@id":"https:\/\/franciscobelmonte.com\/tienda\/#website","url":"https:\/\/franciscobelmonte.com\/tienda\/","name":"Boutique Francisco Belmonte","description":"Todo en complementos para motoristas","publisher":{"@id":"https:\/\/franciscobelmonte.com\/tienda\/#organization"},"potentialAction":[{"@type":"SearchAction","target":{"@type":"EntryPoint","urlTemplate":"https:\/\/franciscobelmonte.com\/tienda\/?s={search_term_string}"},"query-input":{"@type":"PropertyValueSpecification","valueRequired":true,"valueName":"search_term_string"}}],"inLanguage":"es"},{"@type":"Organization","@id":"https:\/\/franciscobelmonte.com\/tienda\/#organization","name":"Boutique Francisco Belmonte","url":"https:\/\/franciscobelmonte.com\/tienda\/","logo":{"@type":"ImageObject","inLanguage":"es","@id":"https:\/\/franciscobelmonte.com\/tienda\/#\/schema\/logo\/image\/","url":"https:\/\/franciscobelmonte.com\/tienda\/wp-content\/uploads\/2021\/12\/Francisco-Belmonte-logo.png","contentUrl":"https:\/\/franciscobelmonte.com\/tienda\/wp-content\/uploads\/2021\/12\/Francisco-Belmonte-logo.png","width":2153,"height":536,"caption":"Boutique Francisco Belmonte"},"image":{"@id":"https:\/\/franciscobelmonte.com\/tienda\/#\/schema\/logo\/image\/"},"sameAs":["https:\/\/www.facebook.com\/motosfranciscobelmonte","https:\/\/www.instagram.com\/fco.belmonte\/"]}]}},"jetpack_sharing_enabled":true,"brands":[{"id":225,"name":"LS2 Helmets","slug":"ls2-helmets"}],"_links":{"self":[{"href":"https:\/\/franciscobelmonte.com\/tienda\/wp-json\/wp\/v2\/product\/10034","targetHints":{"allow":["GET"]}}],"collection":[{"href":"https:\/\/franciscobelmonte.com\/tienda\/wp-json\/wp\/v2\/product"}],"about":[{"href":"https:\/\/franciscobelmonte.com\/tienda\/wp-json\/wp\/v2\/types\/product"}],"replies":[{"embeddable":true,"href":"https:\/\/franciscobelmonte.com\/tienda\/wp-json\/wp\/v2\/comments?post=10034"}],"wp:featuredmedia":[{"embeddable":true,"href":"https:\/\/franciscobelmonte.com\/tienda\/wp-json\/wp\/v2\/media\/10058"}],"wp:attachment":[{"href":"https:\/\/franciscobelmonte.com\/tienda\/wp-json\/wp\/v2\/media?parent=10034"}],"wp:term":[{"taxonomy":"pwb-brand","embeddable":true,"href":"https:\/\/franciscobelmonte.com\/tienda\/wp-json\/wp\/v2\/pwb-brand?post=10034"},{"taxonomy":"product_brand","embeddable":true,"href":"https:\/\/franciscobelmonte.com\/tienda\/wp-json\/wp\/v2\/product_brand?post=10034"},{"taxonomy":"product_cat","embeddable":true,"href":"https:\/\/franciscobelmonte.com\/tienda\/wp-json\/wp\/v2\/product_cat?post=10034"},{"taxonomy":"product_tag","embeddable":true,"href":"https:\/\/franciscobelmonte.com\/tienda\/wp-json\/wp\/v2\/product_tag?post=10034"}],"curies":[{"name":"wp","href":"https:\/\/api.w.org\/{rel}","templated":true}]}}