{"id":10616,"date":"2023-08-30T10:04:19","date_gmt":"2023-08-30T08:04:19","guid":{"rendered":"https:\/\/franciscobelmonte.com\/tienda\/?post_type=product&#038;p=10616"},"modified":"2023-08-30T16:58:53","modified_gmt":"2023-08-30T14:58:53","slug":"quad-ssv-villain-sx10-e","status":"publish","type":"product","link":"https:\/\/franciscobelmonte.com\/tienda\/quad-ssv-villain-sx10-e\/","title":{"rendered":"QUAD SSV VILLAIN SX10 E"},"content":{"rendered":"<h1>Quad SSV Villain SX10 E<\/h1>\n<p>El Villain se presenta como la referencia del concepto Powersports de Segway. Su potente motor junto con las caracter\u00edsticas premium y una postura de conducci\u00f3n y dise\u00f1o deportivos, le convierten en un SSV de primer nivel.<\/p>\n<p><strong>CARACTERISTICAS<\/strong><\/p>\n<div id=\"woodmart-text-block-id-64d4ba356a054\" class=\"woodmart-text-block-wrapper color-scheme-custom woodmart-title-size-medium woodmart-title-width-100 text-left \">\n<div class=\"woodmart-title-container woodmart-text-block font-primary woodmart-font-weight-400\"><strong>MOTOR Y SISTEMA TRANSMISI\u00d3N<\/strong><\/div>\n<\/div>\n<ul>\n<li class=\"vc_empty_space\"><strong>MOTOR:<\/strong> 1000 cc . 4 Tiempos. Bicil\u00edndrico (DOHC)<\/li>\n<li class=\"vc_empty_space\"><strong>POTENCIA \/ PAR MOTOR:<\/strong> 64 kW (87 cv) @ 7.500 rpm \/ 93,5 N.m<\/li>\n<li class=\"vc_empty_space\"><strong>REFRIGERACI\u00d3N:<\/strong> L\u00edquida<\/li>\n<li class=\"vc_empty_space\"><strong>ALIMENTACI\u00d3N:<\/strong> Inyecci\u00f3n Electr\u00f3nica Bosch<\/li>\n<li><strong>MODO DE TRANSMISI\u00d3N:<\/strong> Aut\u00e9ntica Tracci\u00f3n 2\u00d74 \/ 4\u00d74 Bajo Demanda con Bloqueo Diferencial Delantero<\/li>\n<li><strong>TRANSMISI\u00d3N: <\/strong>Variador Autom\u00e1tico P\/R\/N\/L\/H<\/li>\n<\/ul>\n<div id=\"woodmart-text-block-id-64d4ba356f27e\" class=\"woodmart-text-block-wrapper color-scheme-custom woodmart-title-size-medium woodmart-title-width-100 text-left \">\n<div class=\"woodmart-title-container woodmart-text-block font-primary woodmart-font-weight-400\"><strong>SUSPENSIONES \/ RUEDAS \/ FRENOS<\/strong><\/div>\n<\/div>\n<ul>\n<li class=\"vc_empty_space\"><strong>AMORTIGUADORES: <\/strong>Amortiguador de Gas c\/ Dep\u00f3sito Independiente<\/li>\n<li><strong>SUSPENSI\u00d3N DELANTERA: <\/strong>Doble Trapecio c\/ Barra Estabilizadora<\/li>\n<li><strong>SUSPENSI\u00d3N TRASERA: <\/strong>Multibrazo\u00a0c\/ Barra Estabilizadora<\/li>\n<li class=\"vc_empty_space\"><strong>LLANTAS: <\/strong>Llantas de Aluminio de 14&#8243;<\/li>\n<li class=\"vc_empty_space\"><strong>NEUM\u00c1TICOS (Del. \/ Tras.):<\/strong> 29&#215;9-14 \/ 29\u00d711-14<\/li>\n<li class=\"vc_empty_space\"><strong>FRENOS: <\/strong>\u00a0Disco (4 Ruedas)<\/li>\n<\/ul>\n<div id=\"woodmart-text-block-id-64d4ba3572628\" class=\"woodmart-text-block-wrapper color-scheme-custom woodmart-title-size-medium woodmart-title-width-100 text-left \">\n<div class=\"woodmart-title-container woodmart-text-block font-primary woodmart-font-weight-400\"><strong>DIMENSIONES<\/strong><\/div>\n<\/div>\n<div id=\"woodmart-text-block-id-64d4ba3573241\" class=\"woodmart-text-block-wrapper color-scheme-custom woodmart-title-size-small woodmart-title-width-100 text-left vc_custom_1676288281744\">\n<ul>\n<li class=\"woodmart-title-container woodmart-text-block font-primary woodmart-font-weight-400\"><strong>LONGITUD \u00d7 ANCHURA \u00d7 ALTURA: <\/strong>3375 mm \u00d7 1630 mm \u00d7 1800 mm<\/li>\n<li class=\"woodmart-title-container woodmart-text-block font-primary woodmart-font-weight-400\"><strong>DISTANCIA ENTRE EJES: <\/strong>2590 mm<\/li>\n<li class=\"woodmart-title-container woodmart-text-block font-primary woodmart-font-weight-400\"><strong>ALTURA LIBRE AL SUELO: <\/strong>370 mm<\/li>\n<li class=\"woodmart-title-container woodmart-text-block font-primary woodmart-font-weight-400\"><strong>PESO EN VAC\u00cdO: <\/strong>835\u00a0kg<\/li>\n<li class=\"woodmart-title-container woodmart-text-block font-primary woodmart-font-weight-400\"><strong>CAPACIDAD DEL DEP\u00d3SITO: <\/strong>44 litros<\/li>\n<li class=\"woodmart-title-container woodmart-text-block font-primary woodmart-font-weight-400\"><strong>CAPACIDAD CAJA TRASERA ( L x A x A):\u00a0<\/strong>402 mm x 897 mm x 220 mm (90 kg)<\/li>\n<\/ul>\n<div id=\"woodmart-text-block-id-64d4ba35769bb\" class=\"woodmart-text-block-wrapper color-scheme-custom woodmart-title-size-medium woodmart-title-width-100 text-left \">\n<div class=\"woodmart-title-container woodmart-text-block font-primary woodmart-font-weight-400\"><strong>EQUIPAMIENTO<\/strong><\/div>\n<\/div>\n<ul>\n<li class=\"vc_empty_space\"><strong>BOLA DE REMOLQUE<\/strong>\u00a0 \u2714<\/li>\n<li class=\"vc_empty_space\"><strong>CABESTRANTE:<\/strong> 3.500 lb<\/li>\n<li><strong>TECHO: \u2714<\/strong><\/li>\n<li><strong>PUERTAS: \u2714<\/strong><\/li>\n<li class=\"vc_empty_space\"><strong>LUCES:<\/strong>\u00a0 LED<\/li>\n<li class=\"vc_empty_space\"><strong>DIRECCI\u00d3N ASISTIDA ELECTR\u00d3NICA (EPS)<\/strong>\u00a0 \u2714<\/li>\n<li class=\"vc_empty_space\"><strong>APP T-BOX:<\/strong> \u2714<\/li>\n<li class=\"vc_empty_space\"><strong>ASIENTO: <\/strong>2 Plazas<\/li>\n<li class=\"vc_empty_space\"><strong>COLORES: <\/strong>Blanco\/Rojo, Gris\/Negro, Verde\/Negro<\/li>\n<li class=\"vc_empty_space\"><strong>HOMOLOGACI\u00d3N: <\/strong>T3b,L7e<\/li>\n<\/ul>\n<\/div>\n","protected":false},"excerpt":{"rendered":"<h3><strong>No incluido Impuesto de matriculaci\u00f3n ni matr\u00edcula<\/strong><\/h3>\n<p>El Villain se presenta como la referencia del concepto Powersports de Segway. Su potente motor junto con las caracter\u00edsticas premium y una postura de conducci\u00f3n y dise\u00f1o deportivos, le convierten en un SSV de primer nivel.<\/p>\n<p><a href=\"https:\/\/franciscobelmonte.com\/tienda\/formulario-informacion-moto\/\" target=\"_blank\" rel=\"noopener\"><img loading=\"lazy\" decoding=\"async\" class=\"alignnone wp-image-4363\" src=\"https:\/\/franciscobelmonte.com\/tienda\/wp-content\/uploads\/2023\/08\/boton-info.jpg\" alt=\"\" width=\"50\" height=\"50\" \/><\/a> <a href=\"https:\/\/wa.me\/34644317350\" target=\"_blank\" rel=\"noopener\"><img loading=\"lazy\" decoding=\"async\" class=\"alignnone wp-image-4363\" src=\"https:\/\/franciscobelmonte.com\/tienda\/wp-content\/uploads\/2023\/08\/boton-whatsapp.jpg\" alt=\"\" width=\"50\" height=\"50\" \/><\/a><\/p>\n","protected":false},"featured_media":10621,"comment_status":"open","ping_status":"closed","template":"","meta":{"_themeisle_gutenberg_block_has_review":false},"pwb-brand":[],"product_brand":[],"product_cat":[552,567,555],"product_tag":[557,569,568],"class_list":{"0":"post-10616","1":"product","2":"type-product","3":"status-publish","4":"has-post-thumbnail","6":"product_cat-quads","7":"product_cat-segway-ssv","8":"product_cat-quads-ssv","9":"product_tag-quad","10":"product_tag-quad-segway-ssv-villain-sx10-e","11":"product_tag-ssv","13":"first","14":"instock","15":"taxable","16":"shipping-taxable","17":"purchasable","18":"product-type-variable","19":"has-default-attributes"},"yoast_head":"<!-- This site is optimized with the Yoast SEO plugin v27.4 - https:\/\/yoast.com\/product\/yoast-seo-wordpress\/ -->\n<title>QUAD SSV VILLAIN SX10 E - Francisco Belmonte, S.A.<\/title>\n<meta name=\"description\" content=\"Francisco Belmonte. Concesionario Oficial Segway Murcia, donde encontrar\u00e1s diferentes modelos de quads ssv villain al mejor precio.\" \/>\n<meta name=\"robots\" content=\"index, follow, max-snippet:-1, max-image-preview:large, max-video-preview:-1\" \/>\n<link rel=\"canonical\" href=\"https:\/\/franciscobelmonte.com\/tienda\/quad-ssv-villain-sx10-e\/\" \/>\n<meta property=\"og:locale\" content=\"es_ES\" \/>\n<meta property=\"og:type\" content=\"article\" \/>\n<meta property=\"og:title\" content=\"QUAD SSV VILLAIN SX10 E - Francisco Belmonte, S.A.\" \/>\n<meta property=\"og:description\" content=\"Francisco Belmonte. Concesionario Oficial Segway Murcia, donde encontrar\u00e1s diferentes modelos de quads ssv villain al mejor precio.\" \/>\n<meta property=\"og:url\" content=\"https:\/\/franciscobelmonte.com\/tienda\/quad-ssv-villain-sx10-e\/\" \/>\n<meta property=\"og:site_name\" content=\"Boutique Francisco Belmonte\" \/>\n<meta property=\"article:publisher\" content=\"https:\/\/www.facebook.com\/motosfranciscobelmonte\" \/>\n<meta property=\"article:modified_time\" content=\"2023-08-30T14:58:53+00:00\" \/>\n<meta property=\"og:image\" content=\"https:\/\/franciscobelmonte.com\/tienda\/wp-content\/uploads\/2023\/08\/segway-quad-ssv-villain-sx10-e-blanco-rojo.jpg\" \/>\n\t<meta property=\"og:image:width\" content=\"800\" \/>\n\t<meta property=\"og:image:height\" content=\"800\" \/>\n\t<meta property=\"og:image:type\" content=\"image\/jpeg\" \/>\n<meta name=\"twitter:card\" content=\"summary_large_image\" \/>\n<meta name=\"twitter:label1\" content=\"Tiempo de lectura\" \/>\n\t<meta name=\"twitter:data1\" content=\"3 minutos\" \/>\n<script type=\"application\/ld+json\" class=\"yoast-schema-graph\">{\"@context\":\"https:\\\/\\\/schema.org\",\"@graph\":[{\"@type\":\"WebPage\",\"@id\":\"https:\\\/\\\/franciscobelmonte.com\\\/tienda\\\/quad-ssv-villain-sx10-e\\\/\",\"url\":\"https:\\\/\\\/franciscobelmonte.com\\\/tienda\\\/quad-ssv-villain-sx10-e\\\/\",\"name\":\"QUAD SSV VILLAIN SX10 E - Francisco Belmonte, S.A.\",\"isPartOf\":{\"@id\":\"https:\\\/\\\/franciscobelmonte.com\\\/tienda\\\/#website\"},\"primaryImageOfPage\":{\"@id\":\"https:\\\/\\\/franciscobelmonte.com\\\/tienda\\\/quad-ssv-villain-sx10-e\\\/#primaryimage\"},\"image\":{\"@id\":\"https:\\\/\\\/franciscobelmonte.com\\\/tienda\\\/quad-ssv-villain-sx10-e\\\/#primaryimage\"},\"thumbnailUrl\":\"https:\\\/\\\/franciscobelmonte.com\\\/tienda\\\/wp-content\\\/uploads\\\/2023\\\/08\\\/segway-quad-ssv-villain-sx10-e-blanco-rojo.jpg\",\"datePublished\":\"2023-08-30T08:04:19+00:00\",\"dateModified\":\"2023-08-30T14:58:53+00:00\",\"description\":\"Francisco Belmonte. Concesionario Oficial Segway Murcia, donde encontrar\u00e1s diferentes modelos de quads ssv villain al mejor precio.\",\"breadcrumb\":{\"@id\":\"https:\\\/\\\/franciscobelmonte.com\\\/tienda\\\/quad-ssv-villain-sx10-e\\\/#breadcrumb\"},\"inLanguage\":\"es\",\"potentialAction\":[{\"@type\":\"ReadAction\",\"target\":[\"https:\\\/\\\/franciscobelmonte.com\\\/tienda\\\/quad-ssv-villain-sx10-e\\\/\"]}]},{\"@type\":\"ImageObject\",\"inLanguage\":\"es\",\"@id\":\"https:\\\/\\\/franciscobelmonte.com\\\/tienda\\\/quad-ssv-villain-sx10-e\\\/#primaryimage\",\"url\":\"https:\\\/\\\/franciscobelmonte.com\\\/tienda\\\/wp-content\\\/uploads\\\/2023\\\/08\\\/segway-quad-ssv-villain-sx10-e-blanco-rojo.jpg\",\"contentUrl\":\"https:\\\/\\\/franciscobelmonte.com\\\/tienda\\\/wp-content\\\/uploads\\\/2023\\\/08\\\/segway-quad-ssv-villain-sx10-e-blanco-rojo.jpg\",\"width\":800,\"height\":800,\"caption\":\"quad ssv segway villain sx10 e blanco rojo en murcia francisco belmonte\"},{\"@type\":\"BreadcrumbList\",\"@id\":\"https:\\\/\\\/franciscobelmonte.com\\\/tienda\\\/quad-ssv-villain-sx10-e\\\/#breadcrumb\",\"itemListElement\":[{\"@type\":\"ListItem\",\"position\":1,\"name\":\"Portada\",\"item\":\"https:\\\/\\\/franciscobelmonte.com\\\/tienda\\\/\"},{\"@type\":\"ListItem\",\"position\":2,\"name\":\"Tienda\",\"item\":\"https:\\\/\\\/franciscobelmonte.com\\\/tienda\\\/boutique-equipamiento-motero\\\/\"},{\"@type\":\"ListItem\",\"position\":3,\"name\":\"QUAD SSV VILLAIN SX10 E\"}]},{\"@type\":\"WebSite\",\"@id\":\"https:\\\/\\\/franciscobelmonte.com\\\/tienda\\\/#website\",\"url\":\"https:\\\/\\\/franciscobelmonte.com\\\/tienda\\\/\",\"name\":\"Boutique Francisco Belmonte\",\"description\":\"Todo en complementos para motoristas\",\"publisher\":{\"@id\":\"https:\\\/\\\/franciscobelmonte.com\\\/tienda\\\/#organization\"},\"potentialAction\":[{\"@type\":\"SearchAction\",\"target\":{\"@type\":\"EntryPoint\",\"urlTemplate\":\"https:\\\/\\\/franciscobelmonte.com\\\/tienda\\\/?s={search_term_string}\"},\"query-input\":{\"@type\":\"PropertyValueSpecification\",\"valueRequired\":true,\"valueName\":\"search_term_string\"}}],\"inLanguage\":\"es\"},{\"@type\":\"Organization\",\"@id\":\"https:\\\/\\\/franciscobelmonte.com\\\/tienda\\\/#organization\",\"name\":\"Boutique Francisco Belmonte\",\"url\":\"https:\\\/\\\/franciscobelmonte.com\\\/tienda\\\/\",\"logo\":{\"@type\":\"ImageObject\",\"inLanguage\":\"es\",\"@id\":\"https:\\\/\\\/franciscobelmonte.com\\\/tienda\\\/#\\\/schema\\\/logo\\\/image\\\/\",\"url\":\"https:\\\/\\\/franciscobelmonte.com\\\/tienda\\\/wp-content\\\/uploads\\\/2021\\\/12\\\/Francisco-Belmonte-logo.png\",\"contentUrl\":\"https:\\\/\\\/franciscobelmonte.com\\\/tienda\\\/wp-content\\\/uploads\\\/2021\\\/12\\\/Francisco-Belmonte-logo.png\",\"width\":2153,\"height\":536,\"caption\":\"Boutique Francisco Belmonte\"},\"image\":{\"@id\":\"https:\\\/\\\/franciscobelmonte.com\\\/tienda\\\/#\\\/schema\\\/logo\\\/image\\\/\"},\"sameAs\":[\"https:\\\/\\\/www.facebook.com\\\/motosfranciscobelmonte\",\"https:\\\/\\\/www.instagram.com\\\/fco.belmonte\\\/\"]}]}<\/script>\n<!-- \/ Yoast SEO plugin. -->","yoast_head_json":{"title":"QUAD SSV VILLAIN SX10 E - Francisco Belmonte, S.A.","description":"Francisco Belmonte. Concesionario Oficial Segway Murcia, donde encontrar\u00e1s diferentes modelos de quads ssv villain al mejor precio.","robots":{"index":"index","follow":"follow","max-snippet":"max-snippet:-1","max-image-preview":"max-image-preview:large","max-video-preview":"max-video-preview:-1"},"canonical":"https:\/\/franciscobelmonte.com\/tienda\/quad-ssv-villain-sx10-e\/","og_locale":"es_ES","og_type":"article","og_title":"QUAD SSV VILLAIN SX10 E - Francisco Belmonte, S.A.","og_description":"Francisco Belmonte. Concesionario Oficial Segway Murcia, donde encontrar\u00e1s diferentes modelos de quads ssv villain al mejor precio.","og_url":"https:\/\/franciscobelmonte.com\/tienda\/quad-ssv-villain-sx10-e\/","og_site_name":"Boutique Francisco Belmonte","article_publisher":"https:\/\/www.facebook.com\/motosfranciscobelmonte","article_modified_time":"2023-08-30T14:58:53+00:00","og_image":[{"width":800,"height":800,"url":"https:\/\/franciscobelmonte.com\/tienda\/wp-content\/uploads\/2023\/08\/segway-quad-ssv-villain-sx10-e-blanco-rojo.jpg","type":"image\/jpeg"}],"twitter_card":"summary_large_image","twitter_misc":{"Tiempo de lectura":"3 minutos"},"schema":{"@context":"https:\/\/schema.org","@graph":[{"@type":"WebPage","@id":"https:\/\/franciscobelmonte.com\/tienda\/quad-ssv-villain-sx10-e\/","url":"https:\/\/franciscobelmonte.com\/tienda\/quad-ssv-villain-sx10-e\/","name":"QUAD SSV VILLAIN SX10 E - Francisco Belmonte, S.A.","isPartOf":{"@id":"https:\/\/franciscobelmonte.com\/tienda\/#website"},"primaryImageOfPage":{"@id":"https:\/\/franciscobelmonte.com\/tienda\/quad-ssv-villain-sx10-e\/#primaryimage"},"image":{"@id":"https:\/\/franciscobelmonte.com\/tienda\/quad-ssv-villain-sx10-e\/#primaryimage"},"thumbnailUrl":"https:\/\/franciscobelmonte.com\/tienda\/wp-content\/uploads\/2023\/08\/segway-quad-ssv-villain-sx10-e-blanco-rojo.jpg","datePublished":"2023-08-30T08:04:19+00:00","dateModified":"2023-08-30T14:58:53+00:00","description":"Francisco Belmonte. Concesionario Oficial Segway Murcia, donde encontrar\u00e1s diferentes modelos de quads ssv villain al mejor precio.","breadcrumb":{"@id":"https:\/\/franciscobelmonte.com\/tienda\/quad-ssv-villain-sx10-e\/#breadcrumb"},"inLanguage":"es","potentialAction":[{"@type":"ReadAction","target":["https:\/\/franciscobelmonte.com\/tienda\/quad-ssv-villain-sx10-e\/"]}]},{"@type":"ImageObject","inLanguage":"es","@id":"https:\/\/franciscobelmonte.com\/tienda\/quad-ssv-villain-sx10-e\/#primaryimage","url":"https:\/\/franciscobelmonte.com\/tienda\/wp-content\/uploads\/2023\/08\/segway-quad-ssv-villain-sx10-e-blanco-rojo.jpg","contentUrl":"https:\/\/franciscobelmonte.com\/tienda\/wp-content\/uploads\/2023\/08\/segway-quad-ssv-villain-sx10-e-blanco-rojo.jpg","width":800,"height":800,"caption":"quad ssv segway villain sx10 e blanco rojo en murcia francisco belmonte"},{"@type":"BreadcrumbList","@id":"https:\/\/franciscobelmonte.com\/tienda\/quad-ssv-villain-sx10-e\/#breadcrumb","itemListElement":[{"@type":"ListItem","position":1,"name":"Portada","item":"https:\/\/franciscobelmonte.com\/tienda\/"},{"@type":"ListItem","position":2,"name":"Tienda","item":"https:\/\/franciscobelmonte.com\/tienda\/boutique-equipamiento-motero\/"},{"@type":"ListItem","position":3,"name":"QUAD SSV VILLAIN SX10 E"}]},{"@type":"WebSite","@id":"https:\/\/franciscobelmonte.com\/tienda\/#website","url":"https:\/\/franciscobelmonte.com\/tienda\/","name":"Boutique Francisco Belmonte","description":"Todo en complementos para motoristas","publisher":{"@id":"https:\/\/franciscobelmonte.com\/tienda\/#organization"},"potentialAction":[{"@type":"SearchAction","target":{"@type":"EntryPoint","urlTemplate":"https:\/\/franciscobelmonte.com\/tienda\/?s={search_term_string}"},"query-input":{"@type":"PropertyValueSpecification","valueRequired":true,"valueName":"search_term_string"}}],"inLanguage":"es"},{"@type":"Organization","@id":"https:\/\/franciscobelmonte.com\/tienda\/#organization","name":"Boutique Francisco Belmonte","url":"https:\/\/franciscobelmonte.com\/tienda\/","logo":{"@type":"ImageObject","inLanguage":"es","@id":"https:\/\/franciscobelmonte.com\/tienda\/#\/schema\/logo\/image\/","url":"https:\/\/franciscobelmonte.com\/tienda\/wp-content\/uploads\/2021\/12\/Francisco-Belmonte-logo.png","contentUrl":"https:\/\/franciscobelmonte.com\/tienda\/wp-content\/uploads\/2021\/12\/Francisco-Belmonte-logo.png","width":2153,"height":536,"caption":"Boutique Francisco Belmonte"},"image":{"@id":"https:\/\/franciscobelmonte.com\/tienda\/#\/schema\/logo\/image\/"},"sameAs":["https:\/\/www.facebook.com\/motosfranciscobelmonte","https:\/\/www.instagram.com\/fco.belmonte\/"]}]}},"jetpack_sharing_enabled":true,"brands":[],"_links":{"self":[{"href":"https:\/\/franciscobelmonte.com\/tienda\/wp-json\/wp\/v2\/product\/10616","targetHints":{"allow":["GET"]}}],"collection":[{"href":"https:\/\/franciscobelmonte.com\/tienda\/wp-json\/wp\/v2\/product"}],"about":[{"href":"https:\/\/franciscobelmonte.com\/tienda\/wp-json\/wp\/v2\/types\/product"}],"replies":[{"embeddable":true,"href":"https:\/\/franciscobelmonte.com\/tienda\/wp-json\/wp\/v2\/comments?post=10616"}],"wp:featuredmedia":[{"embeddable":true,"href":"https:\/\/franciscobelmonte.com\/tienda\/wp-json\/wp\/v2\/media\/10621"}],"wp:attachment":[{"href":"https:\/\/franciscobelmonte.com\/tienda\/wp-json\/wp\/v2\/media?parent=10616"}],"wp:term":[{"taxonomy":"pwb-brand","embeddable":true,"href":"https:\/\/franciscobelmonte.com\/tienda\/wp-json\/wp\/v2\/pwb-brand?post=10616"},{"taxonomy":"product_brand","embeddable":true,"href":"https:\/\/franciscobelmonte.com\/tienda\/wp-json\/wp\/v2\/product_brand?post=10616"},{"taxonomy":"product_cat","embeddable":true,"href":"https:\/\/franciscobelmonte.com\/tienda\/wp-json\/wp\/v2\/product_cat?post=10616"},{"taxonomy":"product_tag","embeddable":true,"href":"https:\/\/franciscobelmonte.com\/tienda\/wp-json\/wp\/v2\/product_tag?post=10616"}],"curies":[{"name":"wp","href":"https:\/\/api.w.org\/{rel}","templated":true}]}}