{"id":10693,"date":"2023-09-11T13:09:58","date_gmt":"2023-09-11T11:09:58","guid":{"rendered":"https:\/\/franciscobelmonte.com\/tienda\/?post_type=product&#038;p=10693"},"modified":"2025-12-15T11:36:35","modified_gmt":"2025-12-15T09:36:35","slug":"bolsa-deposito-shad-click-system-e09cl","status":"publish","type":"product","link":"https:\/\/franciscobelmonte.com\/tienda\/bolsa-deposito-shad-click-system-e09cl\/","title":{"rendered":"BOLSA DEPOSITO SHAD CLICK SYSTEM E09CL"},"content":{"rendered":"<h1>Bolsa dep\u00f3sito SHAD Click System E09CL<\/h1>\n<p><strong>Caracter\u00edsticas<\/strong><\/p>\n<ul>\n<li>Capacidad de 5 L (2 kg de carga) y sistema de bloqueo por llave.<\/li>\n<li>El sistema de fijaci\u00f3n Click System proporciona una f\u00e1cil y r\u00e1pida instalaci\u00f3n de la bolsa. Su extracci\u00f3n es realmente c\u00f3moda mediante el pulsador que incorpora. El sistema logra adem\u00e1s una perfecta integraci\u00f3n est\u00e9tica en el dep\u00f3sito de la moto.<\/li>\n<li>Fabricada en ABS cumple con las regulaciones REACH y con una resistencia de 1.000 horas a la exposici\u00f3n a los rayos UV.<\/li>\n<li>Cada bolsa E09CL incluye una funda para lluvia.<\/li>\n<li>Su tapa tiene un comportamiento con malla que se abre por cremallera y permite organizar elementos. En el compartimento central dispone de un bolsillo interior con cremallera para minimizar el desplazamiento de su contenido. Incorpora cremalleras para cierre con candado, adaptadas para el uso con guantes. Tambi\u00e9n cuenta con asa de transporte, asa para le hombro y elementos reflectantes para aumentar la visibilidad ante otros veh\u00edculos.<\/li>\n<li>Se requiere la instalaci\u00f3n de un kit de fijaci\u00f3n Click System<\/li>\n<\/ul>\n<p>&nbsp;<\/p>\n","protected":false},"excerpt":{"rendered":"<p>El sistema de fijaci\u00f3n Click System (patent pending) proporciona una f\u00e1cil y r\u00e1pida instalaci\u00f3n de la bolsa. Su extracci\u00f3n es realmente c\u00f3moda mediante el pulsador que incorpora. El sistema logra adem\u00e1s una perfecta integraci\u00f3n est\u00e9tica en el dep\u00f3sito de la moto.<\/p>\n","protected":false},"featured_media":10695,"comment_status":"open","ping_status":"closed","template":"","meta":{"_themeisle_gutenberg_block_has_review":false},"pwb-brand":[599],"product_brand":[],"product_cat":[302,486],"product_tag":[865,879,885],"class_list":{"0":"post-10693","1":"product","2":"type-product","3":"status-publish","4":"has-post-thumbnail","6":"pwb-brand-shad","7":"product_cat-accesorios-moto","8":"product_cat-bolsa-deposito","9":"product_tag-865","10":"product_tag-black-friday-25","11":"product_tag-dto-navideno-25","13":"first","14":"instock","15":"sale","16":"taxable","17":"shipping-taxable","18":"purchasable","19":"product-type-simple"},"yoast_head":"<!-- This site is optimized with the Yoast SEO plugin v27.5 - https:\/\/yoast.com\/product\/yoast-seo-wordpress\/ -->\n<title>BOLSA DEPOSITO SHAD CLICK SYSTEM E09CL - Boutique Francisco Belmonte<\/title>\n<meta name=\"description\" content=\"Bolsa dep\u00f3sito Shad Click System E09CL . Bolsa dep\u00f3sito de moto Shad en nuestra Boutique Francisco Belmonte en Murcia, al mejor precio.\" \/>\n<meta name=\"robots\" content=\"index, follow, max-snippet:-1, max-image-preview:large, max-video-preview:-1\" \/>\n<link rel=\"canonical\" href=\"https:\/\/franciscobelmonte.com\/tienda\/bolsa-deposito-shad-click-system-e09cl\/\" \/>\n<meta property=\"og:locale\" content=\"es_ES\" \/>\n<meta property=\"og:type\" content=\"article\" \/>\n<meta property=\"og:title\" content=\"BOLSA DEPOSITO SHAD CLICK SYSTEM E09CL - Boutique Francisco Belmonte\" \/>\n<meta property=\"og:description\" content=\"Bolsa dep\u00f3sito Shad Click System E09CL . Bolsa dep\u00f3sito de moto Shad en nuestra Boutique Francisco Belmonte en Murcia, al mejor precio.\" \/>\n<meta property=\"og:url\" content=\"https:\/\/franciscobelmonte.com\/tienda\/bolsa-deposito-shad-click-system-e09cl\/\" \/>\n<meta property=\"og:site_name\" content=\"Boutique Francisco Belmonte\" \/>\n<meta property=\"article:publisher\" content=\"https:\/\/www.facebook.com\/motosfranciscobelmonte\" \/>\n<meta property=\"article:modified_time\" content=\"2025-12-15T09:36:35+00:00\" \/>\n<meta property=\"og:image\" content=\"https:\/\/franciscobelmonte.com\/tienda\/wp-content\/uploads\/2023\/09\/bolsa-de-deposito-shad-click-system-e09cl.jpg\" \/>\n\t<meta property=\"og:image:width\" content=\"800\" \/>\n\t<meta property=\"og:image:height\" content=\"800\" \/>\n\t<meta property=\"og:image:type\" content=\"image\/jpeg\" \/>\n<meta name=\"twitter:card\" content=\"summary_large_image\" \/>\n<meta name=\"twitter:label1\" content=\"Tiempo de lectura\" \/>\n\t<meta name=\"twitter:data1\" content=\"1 minuto\" \/>\n<script type=\"application\/ld+json\" class=\"yoast-schema-graph\">{\"@context\":\"https:\\\/\\\/schema.org\",\"@graph\":[{\"@type\":\"WebPage\",\"@id\":\"https:\\\/\\\/franciscobelmonte.com\\\/tienda\\\/bolsa-deposito-shad-click-system-e09cl\\\/\",\"url\":\"https:\\\/\\\/franciscobelmonte.com\\\/tienda\\\/bolsa-deposito-shad-click-system-e09cl\\\/\",\"name\":\"BOLSA DEPOSITO SHAD CLICK SYSTEM E09CL - Boutique Francisco Belmonte\",\"isPartOf\":{\"@id\":\"https:\\\/\\\/franciscobelmonte.com\\\/tienda\\\/#website\"},\"primaryImageOfPage\":{\"@id\":\"https:\\\/\\\/franciscobelmonte.com\\\/tienda\\\/bolsa-deposito-shad-click-system-e09cl\\\/#primaryimage\"},\"image\":{\"@id\":\"https:\\\/\\\/franciscobelmonte.com\\\/tienda\\\/bolsa-deposito-shad-click-system-e09cl\\\/#primaryimage\"},\"thumbnailUrl\":\"https:\\\/\\\/franciscobelmonte.com\\\/tienda\\\/wp-content\\\/uploads\\\/2023\\\/09\\\/bolsa-de-deposito-shad-click-system-e09cl.jpg\",\"datePublished\":\"2023-09-11T11:09:58+00:00\",\"dateModified\":\"2025-12-15T09:36:35+00:00\",\"description\":\"Bolsa dep\u00f3sito Shad Click System E09CL . Bolsa dep\u00f3sito de moto Shad en nuestra Boutique Francisco Belmonte en Murcia, al mejor precio.\",\"breadcrumb\":{\"@id\":\"https:\\\/\\\/franciscobelmonte.com\\\/tienda\\\/bolsa-deposito-shad-click-system-e09cl\\\/#breadcrumb\"},\"inLanguage\":\"es\",\"potentialAction\":[{\"@type\":\"ReadAction\",\"target\":[\"https:\\\/\\\/franciscobelmonte.com\\\/tienda\\\/bolsa-deposito-shad-click-system-e09cl\\\/\"]}]},{\"@type\":\"ImageObject\",\"inLanguage\":\"es\",\"@id\":\"https:\\\/\\\/franciscobelmonte.com\\\/tienda\\\/bolsa-deposito-shad-click-system-e09cl\\\/#primaryimage\",\"url\":\"https:\\\/\\\/franciscobelmonte.com\\\/tienda\\\/wp-content\\\/uploads\\\/2023\\\/09\\\/bolsa-de-deposito-shad-click-system-e09cl.jpg\",\"contentUrl\":\"https:\\\/\\\/franciscobelmonte.com\\\/tienda\\\/wp-content\\\/uploads\\\/2023\\\/09\\\/bolsa-de-deposito-shad-click-system-e09cl.jpg\",\"width\":800,\"height\":800,\"caption\":\"bolsa de deposito shad click system e09cl en murcia francisco belmonte\"},{\"@type\":\"BreadcrumbList\",\"@id\":\"https:\\\/\\\/franciscobelmonte.com\\\/tienda\\\/bolsa-deposito-shad-click-system-e09cl\\\/#breadcrumb\",\"itemListElement\":[{\"@type\":\"ListItem\",\"position\":1,\"name\":\"Portada\",\"item\":\"https:\\\/\\\/franciscobelmonte.com\\\/tienda\\\/\"},{\"@type\":\"ListItem\",\"position\":2,\"name\":\"Tienda\",\"item\":\"https:\\\/\\\/franciscobelmonte.com\\\/tienda\\\/boutique-equipamiento-motero\\\/\"},{\"@type\":\"ListItem\",\"position\":3,\"name\":\"BOLSA DEPOSITO SHAD CLICK SYSTEM E09CL\"}]},{\"@type\":\"WebSite\",\"@id\":\"https:\\\/\\\/franciscobelmonte.com\\\/tienda\\\/#website\",\"url\":\"https:\\\/\\\/franciscobelmonte.com\\\/tienda\\\/\",\"name\":\"Boutique Francisco Belmonte\",\"description\":\"Todo en complementos para motoristas\",\"publisher\":{\"@id\":\"https:\\\/\\\/franciscobelmonte.com\\\/tienda\\\/#organization\"},\"potentialAction\":[{\"@type\":\"SearchAction\",\"target\":{\"@type\":\"EntryPoint\",\"urlTemplate\":\"https:\\\/\\\/franciscobelmonte.com\\\/tienda\\\/?s={search_term_string}\"},\"query-input\":{\"@type\":\"PropertyValueSpecification\",\"valueRequired\":true,\"valueName\":\"search_term_string\"}}],\"inLanguage\":\"es\"},{\"@type\":\"Organization\",\"@id\":\"https:\\\/\\\/franciscobelmonte.com\\\/tienda\\\/#organization\",\"name\":\"Boutique Francisco Belmonte\",\"url\":\"https:\\\/\\\/franciscobelmonte.com\\\/tienda\\\/\",\"logo\":{\"@type\":\"ImageObject\",\"inLanguage\":\"es\",\"@id\":\"https:\\\/\\\/franciscobelmonte.com\\\/tienda\\\/#\\\/schema\\\/logo\\\/image\\\/\",\"url\":\"https:\\\/\\\/franciscobelmonte.com\\\/tienda\\\/wp-content\\\/uploads\\\/2021\\\/12\\\/Francisco-Belmonte-logo.png\",\"contentUrl\":\"https:\\\/\\\/franciscobelmonte.com\\\/tienda\\\/wp-content\\\/uploads\\\/2021\\\/12\\\/Francisco-Belmonte-logo.png\",\"width\":2153,\"height\":536,\"caption\":\"Boutique Francisco Belmonte\"},\"image\":{\"@id\":\"https:\\\/\\\/franciscobelmonte.com\\\/tienda\\\/#\\\/schema\\\/logo\\\/image\\\/\"},\"sameAs\":[\"https:\\\/\\\/www.facebook.com\\\/motosfranciscobelmonte\",\"https:\\\/\\\/www.instagram.com\\\/fco.belmonte\\\/\"]}]}<\/script>\n<!-- \/ Yoast SEO plugin. -->","yoast_head_json":{"title":"BOLSA DEPOSITO SHAD CLICK SYSTEM E09CL - Boutique Francisco Belmonte","description":"Bolsa dep\u00f3sito Shad Click System E09CL . Bolsa dep\u00f3sito de moto Shad en nuestra Boutique Francisco Belmonte en Murcia, al mejor precio.","robots":{"index":"index","follow":"follow","max-snippet":"max-snippet:-1","max-image-preview":"max-image-preview:large","max-video-preview":"max-video-preview:-1"},"canonical":"https:\/\/franciscobelmonte.com\/tienda\/bolsa-deposito-shad-click-system-e09cl\/","og_locale":"es_ES","og_type":"article","og_title":"BOLSA DEPOSITO SHAD CLICK SYSTEM E09CL - Boutique Francisco Belmonte","og_description":"Bolsa dep\u00f3sito Shad Click System E09CL . Bolsa dep\u00f3sito de moto Shad en nuestra Boutique Francisco Belmonte en Murcia, al mejor precio.","og_url":"https:\/\/franciscobelmonte.com\/tienda\/bolsa-deposito-shad-click-system-e09cl\/","og_site_name":"Boutique Francisco Belmonte","article_publisher":"https:\/\/www.facebook.com\/motosfranciscobelmonte","article_modified_time":"2025-12-15T09:36:35+00:00","og_image":[{"width":800,"height":800,"url":"https:\/\/franciscobelmonte.com\/tienda\/wp-content\/uploads\/2023\/09\/bolsa-de-deposito-shad-click-system-e09cl.jpg","type":"image\/jpeg"}],"twitter_card":"summary_large_image","twitter_misc":{"Tiempo de lectura":"1 minuto"},"schema":{"@context":"https:\/\/schema.org","@graph":[{"@type":"WebPage","@id":"https:\/\/franciscobelmonte.com\/tienda\/bolsa-deposito-shad-click-system-e09cl\/","url":"https:\/\/franciscobelmonte.com\/tienda\/bolsa-deposito-shad-click-system-e09cl\/","name":"BOLSA DEPOSITO SHAD CLICK SYSTEM E09CL - Boutique Francisco Belmonte","isPartOf":{"@id":"https:\/\/franciscobelmonte.com\/tienda\/#website"},"primaryImageOfPage":{"@id":"https:\/\/franciscobelmonte.com\/tienda\/bolsa-deposito-shad-click-system-e09cl\/#primaryimage"},"image":{"@id":"https:\/\/franciscobelmonte.com\/tienda\/bolsa-deposito-shad-click-system-e09cl\/#primaryimage"},"thumbnailUrl":"https:\/\/franciscobelmonte.com\/tienda\/wp-content\/uploads\/2023\/09\/bolsa-de-deposito-shad-click-system-e09cl.jpg","datePublished":"2023-09-11T11:09:58+00:00","dateModified":"2025-12-15T09:36:35+00:00","description":"Bolsa dep\u00f3sito Shad Click System E09CL . Bolsa dep\u00f3sito de moto Shad en nuestra Boutique Francisco Belmonte en Murcia, al mejor precio.","breadcrumb":{"@id":"https:\/\/franciscobelmonte.com\/tienda\/bolsa-deposito-shad-click-system-e09cl\/#breadcrumb"},"inLanguage":"es","potentialAction":[{"@type":"ReadAction","target":["https:\/\/franciscobelmonte.com\/tienda\/bolsa-deposito-shad-click-system-e09cl\/"]}]},{"@type":"ImageObject","inLanguage":"es","@id":"https:\/\/franciscobelmonte.com\/tienda\/bolsa-deposito-shad-click-system-e09cl\/#primaryimage","url":"https:\/\/franciscobelmonte.com\/tienda\/wp-content\/uploads\/2023\/09\/bolsa-de-deposito-shad-click-system-e09cl.jpg","contentUrl":"https:\/\/franciscobelmonte.com\/tienda\/wp-content\/uploads\/2023\/09\/bolsa-de-deposito-shad-click-system-e09cl.jpg","width":800,"height":800,"caption":"bolsa de deposito shad click system e09cl en murcia francisco belmonte"},{"@type":"BreadcrumbList","@id":"https:\/\/franciscobelmonte.com\/tienda\/bolsa-deposito-shad-click-system-e09cl\/#breadcrumb","itemListElement":[{"@type":"ListItem","position":1,"name":"Portada","item":"https:\/\/franciscobelmonte.com\/tienda\/"},{"@type":"ListItem","position":2,"name":"Tienda","item":"https:\/\/franciscobelmonte.com\/tienda\/boutique-equipamiento-motero\/"},{"@type":"ListItem","position":3,"name":"BOLSA DEPOSITO SHAD CLICK SYSTEM E09CL"}]},{"@type":"WebSite","@id":"https:\/\/franciscobelmonte.com\/tienda\/#website","url":"https:\/\/franciscobelmonte.com\/tienda\/","name":"Boutique Francisco Belmonte","description":"Todo en complementos para motoristas","publisher":{"@id":"https:\/\/franciscobelmonte.com\/tienda\/#organization"},"potentialAction":[{"@type":"SearchAction","target":{"@type":"EntryPoint","urlTemplate":"https:\/\/franciscobelmonte.com\/tienda\/?s={search_term_string}"},"query-input":{"@type":"PropertyValueSpecification","valueRequired":true,"valueName":"search_term_string"}}],"inLanguage":"es"},{"@type":"Organization","@id":"https:\/\/franciscobelmonte.com\/tienda\/#organization","name":"Boutique Francisco Belmonte","url":"https:\/\/franciscobelmonte.com\/tienda\/","logo":{"@type":"ImageObject","inLanguage":"es","@id":"https:\/\/franciscobelmonte.com\/tienda\/#\/schema\/logo\/image\/","url":"https:\/\/franciscobelmonte.com\/tienda\/wp-content\/uploads\/2021\/12\/Francisco-Belmonte-logo.png","contentUrl":"https:\/\/franciscobelmonte.com\/tienda\/wp-content\/uploads\/2021\/12\/Francisco-Belmonte-logo.png","width":2153,"height":536,"caption":"Boutique Francisco Belmonte"},"image":{"@id":"https:\/\/franciscobelmonte.com\/tienda\/#\/schema\/logo\/image\/"},"sameAs":["https:\/\/www.facebook.com\/motosfranciscobelmonte","https:\/\/www.instagram.com\/fco.belmonte\/"]}]}},"jetpack_sharing_enabled":true,"brands":[{"id":599,"name":"Shad","slug":"shad"}],"_links":{"self":[{"href":"https:\/\/franciscobelmonte.com\/tienda\/wp-json\/wp\/v2\/product\/10693","targetHints":{"allow":["GET"]}}],"collection":[{"href":"https:\/\/franciscobelmonte.com\/tienda\/wp-json\/wp\/v2\/product"}],"about":[{"href":"https:\/\/franciscobelmonte.com\/tienda\/wp-json\/wp\/v2\/types\/product"}],"replies":[{"embeddable":true,"href":"https:\/\/franciscobelmonte.com\/tienda\/wp-json\/wp\/v2\/comments?post=10693"}],"wp:featuredmedia":[{"embeddable":true,"href":"https:\/\/franciscobelmonte.com\/tienda\/wp-json\/wp\/v2\/media\/10695"}],"wp:attachment":[{"href":"https:\/\/franciscobelmonte.com\/tienda\/wp-json\/wp\/v2\/media?parent=10693"}],"wp:term":[{"taxonomy":"pwb-brand","embeddable":true,"href":"https:\/\/franciscobelmonte.com\/tienda\/wp-json\/wp\/v2\/pwb-brand?post=10693"},{"taxonomy":"product_brand","embeddable":true,"href":"https:\/\/franciscobelmonte.com\/tienda\/wp-json\/wp\/v2\/product_brand?post=10693"},{"taxonomy":"product_cat","embeddable":true,"href":"https:\/\/franciscobelmonte.com\/tienda\/wp-json\/wp\/v2\/product_cat?post=10693"},{"taxonomy":"product_tag","embeddable":true,"href":"https:\/\/franciscobelmonte.com\/tienda\/wp-json\/wp\/v2\/product_tag?post=10693"}],"curies":[{"name":"wp","href":"https:\/\/api.w.org\/{rel}","templated":true}]}}