{"id":10755,"date":"2023-09-14T11:53:30","date_gmt":"2023-09-14T09:53:30","guid":{"rendered":"https:\/\/franciscobelmonte.com\/tienda\/?post_type=product&#038;p=10755"},"modified":"2024-10-14T10:01:33","modified_gmt":"2024-10-14T08:01:33","slug":"casco-shoei-gt-air2-aperture-tc5-negro-gris","status":"publish","type":"product","link":"https:\/\/franciscobelmonte.com\/tienda\/casco-shoei-gt-air2-aperture-tc5-negro-gris\/","title":{"rendered":"CASCO SHOEI GT-AIR2 APERTURE TC5 NEGRO \/ GRIS"},"content":{"rendered":"<h1>Casco SHOEI GT-AIR2 APERTURE TC5 Negro \/ Gris<\/h1>\n<p><strong>CARACTERISTICAS TECNICAS<\/strong><\/p>\n<p><strong>Seguridad<\/strong><\/p>\n<ul>\n<li>La calota exterior (estructura externa) est\u00e1 fabricada en AIM (Advanced Integrated Matrix): Compuesto de fibra org\u00e1nica y multi-compuesto de fibras de varias capas que absorbe los impactos con una rigidez \u00f3ptima.<\/li>\n<li>La calota interior (estructura interior) est\u00e1 realizada en dos partes de EPS de diferentes densidades que ofrece un alto grado de absorci\u00f3n a los impactos.<\/li>\n<li>Incorpora el sistema EQRS (Emergency Quick Release System), que facilita la extracci\u00f3n del casco desde fuera en caso de accidente mediante la extracci\u00f3n de los acolchados laterales.<\/li>\n<li>Incorpora un sistema de retenci\u00f3n microm\u00e9trico realizado 100% en acero inoxidable. La posici\u00f3n de la correa ha cambiado respecto al modelo anterior para proporcionar mayor confort y evitar posibles roces.<\/li>\n<li type=\"\">Pantalla CNS-1 que ofrece un amplio campo de visi\u00f3n y garantiza una protecci\u00f3n UV del 99%. El Pinlock Evo de serie asegura una visi\u00f3n siempre clara bajo cualquier condici\u00f3n clim\u00e1tica. El mecanismo de la pantalla ha sido redise\u00f1ado y dispone de un borde herm\u00e9tico sellado con puntos de drenaje de agua. Dispone de sistema de microapertura de la pantalla para ventilar el casco y para desempa\u00f1ar la pantalla en casos extremos. La pantalla es f\u00e1cilmente desmontable sin herramientas.<\/li>\n<\/ul>\n<p><strong>Confort<\/strong><\/p>\n<ul>\n<li>3 tama\u00f1os de calota exterior para un mejor ajuste a cada talla.<\/li>\n<li>Los acolchados interior del nuevo GT-Air 2 est\u00e1n fabricados en diferentes tipos de tejidos. Se han empleado tejidos que ofrecen una alta absorci\u00f3n de la humedad y de secado r\u00e1pido en la zona de las mejillas y la frente.<\/li>\n<li>Acolchado central 3D para m\u00e1ximo confort.<\/li>\n<li>Acolchados de las mejillas en diferentes capas de poliuretano de diferentes densidades para un mayor ajuste y confort.<\/li>\n<li>Acolchados desmontables en la zona de los o\u00eddos para reducir el ruido.<\/li>\n<li>Visor solar QSV-2 con tratamiento antivaho y antirayas con un 99% de protecci\u00f3n UV. Visor f\u00e1cilmente accionable desde el exterior incluso con guantes gruesos. Est\u00e1 aprobado seg\u00fan la normativa de est\u00e1ndar europeo para gafas de sol y es f\u00e1cilmente desmontable sin herramientas.<\/li>\n<\/ul>\n<p><strong>Ventilaci\u00f3n<\/strong><\/p>\n<ul>\n<li>Sistema de ventilaci\u00f3n redise\u00f1ado formado por entradas de aire regulables en la zona superior y en la mentonera y por 2 salidas de aire totalmente integradas en los spoilers de la zona posterior y en la nuca.<\/li>\n<li type=\"\">El flujo de aire que se consigue con el nuevo sistema de ventilaci\u00f3n se ha visto incrementado considerablemente si se compara con el modelo anterior.<\/li>\n<\/ul>\n<p><strong>Aerodin\u00e1mica<\/strong><\/p>\n<ul>\n<li>Su aerodin\u00e1mica ha sido mejorada y estudiada en el t\u00fanel del viento para hacerlo m\u00e1s silencioso.<\/li>\n<\/ul>\n<p><strong>Comunicaci\u00f3n<\/strong><\/p>\n<ul>\n<li>El Shoei GT-Air 2 incorpora la predisposici\u00f3n para integrar el sistema de comunicaci\u00f3n Sena SRL (se vende por separado).<\/li>\n<li>El nuevo sistema de comunicaci\u00f3n no afecta en absoluto a la l\u00ednea est\u00e9tica del casco.<\/li>\n<\/ul>\n<p>&nbsp;<\/p>\n<p>&nbsp;<\/p>\n<p>&nbsp;<\/p>\n<p>&nbsp;<\/p>\n<p>&nbsp;<\/p>\n<p>&nbsp;<\/p>\n<p>&nbsp;<\/p>\n","protected":false},"excerpt":{"rendered":"<p>Desde su lanzamiento en 2013 como casco Touring Premium con visor solar integrado, el GT-Air ha marcado un antes y un despu\u00e9s en el sector estableci\u00e9ndose como un casco altamente funcional, algo muy apreciado por muchos motoristas gracias a un dise\u00f1o agresivo y elegante a su vez.<\/p>\n","protected":false},"featured_media":10760,"comment_status":"open","ping_status":"closed","template":"","meta":{"_themeisle_gutenberg_block_has_review":false},"pwb-brand":[183],"product_brand":[],"product_cat":[15,145,700],"product_tag":[783],"class_list":{"0":"post-10755","1":"product","2":"type-product","3":"status-publish","4":"has-post-thumbnail","6":"pwb-brand-shoei","7":"product_cat-casco-de-moto","8":"product_cat-cascos-de-moto-integrales","9":"product_cat-seleccion-san-valentin","10":"product_tag-shoei-sin-rebajas-10","12":"first","13":"outofstock","14":"taxable","15":"shipping-taxable","16":"product-type-variable","17":"has-default-attributes"},"yoast_head":"<!-- This site is optimized with the Yoast SEO plugin v27.3 - https:\/\/yoast.com\/product\/yoast-seo-wordpress\/ -->\n<title>CASCO SHOEI GT-AIR2 APERTURE TC5 NEGRO \/ GRIS - Boutique Francisco Belmonte<\/title>\n<meta name=\"description\" content=\"Casco Shoei GT-Air2 Aperture TC5 Negro-Gris. Cascos de moto Shoei en nuestra Boutique Francisco Belmonte en Murcia. Al mejor precio.\" \/>\n<meta name=\"robots\" content=\"index, follow, max-snippet:-1, max-image-preview:large, max-video-preview:-1\" \/>\n<link rel=\"canonical\" href=\"https:\/\/franciscobelmonte.com\/tienda\/casco-shoei-gt-air2-aperture-tc5-negro-gris\/\" \/>\n<meta property=\"og:locale\" content=\"es_ES\" \/>\n<meta property=\"og:type\" content=\"article\" \/>\n<meta property=\"og:title\" content=\"CASCO SHOEI GT-AIR2 APERTURE TC5 NEGRO \/ GRIS - Boutique Francisco Belmonte\" \/>\n<meta property=\"og:description\" content=\"Casco Shoei GT-Air2 Aperture TC5 Negro-Gris. Cascos de moto Shoei en nuestra Boutique Francisco Belmonte en Murcia. Al mejor precio.\" \/>\n<meta property=\"og:url\" content=\"https:\/\/franciscobelmonte.com\/tienda\/casco-shoei-gt-air2-aperture-tc5-negro-gris\/\" \/>\n<meta property=\"og:site_name\" content=\"Boutique Francisco Belmonte\" \/>\n<meta property=\"article:publisher\" content=\"https:\/\/www.facebook.com\/motosfranciscobelmonte\" \/>\n<meta property=\"article:modified_time\" content=\"2024-10-14T08:01:33+00:00\" \/>\n<meta property=\"og:image\" content=\"https:\/\/franciscobelmonte.com\/tienda\/wp-content\/uploads\/2023\/09\/casco-shoei-gt-air-2-aperture-tc5-negro-gris.jpg\" \/>\n\t<meta property=\"og:image:width\" content=\"800\" \/>\n\t<meta property=\"og:image:height\" content=\"800\" \/>\n\t<meta property=\"og:image:type\" content=\"image\/jpeg\" \/>\n<meta name=\"twitter:card\" content=\"summary_large_image\" \/>\n<meta name=\"twitter:label1\" content=\"Tiempo de lectura\" \/>\n\t<meta name=\"twitter:data1\" content=\"2 minutos\" \/>\n<script type=\"application\/ld+json\" class=\"yoast-schema-graph\">{\"@context\":\"https:\\\/\\\/schema.org\",\"@graph\":[{\"@type\":\"WebPage\",\"@id\":\"https:\\\/\\\/franciscobelmonte.com\\\/tienda\\\/casco-shoei-gt-air2-aperture-tc5-negro-gris\\\/\",\"url\":\"https:\\\/\\\/franciscobelmonte.com\\\/tienda\\\/casco-shoei-gt-air2-aperture-tc5-negro-gris\\\/\",\"name\":\"CASCO SHOEI GT-AIR2 APERTURE TC5 NEGRO \\\/ GRIS - Boutique Francisco Belmonte\",\"isPartOf\":{\"@id\":\"https:\\\/\\\/franciscobelmonte.com\\\/tienda\\\/#website\"},\"primaryImageOfPage\":{\"@id\":\"https:\\\/\\\/franciscobelmonte.com\\\/tienda\\\/casco-shoei-gt-air2-aperture-tc5-negro-gris\\\/#primaryimage\"},\"image\":{\"@id\":\"https:\\\/\\\/franciscobelmonte.com\\\/tienda\\\/casco-shoei-gt-air2-aperture-tc5-negro-gris\\\/#primaryimage\"},\"thumbnailUrl\":\"https:\\\/\\\/franciscobelmonte.com\\\/tienda\\\/wp-content\\\/uploads\\\/2023\\\/09\\\/casco-shoei-gt-air-2-aperture-tc5-negro-gris.jpg\",\"datePublished\":\"2023-09-14T09:53:30+00:00\",\"dateModified\":\"2024-10-14T08:01:33+00:00\",\"description\":\"Casco Shoei GT-Air2 Aperture TC5 Negro-Gris. Cascos de moto Shoei en nuestra Boutique Francisco Belmonte en Murcia. Al mejor precio.\",\"breadcrumb\":{\"@id\":\"https:\\\/\\\/franciscobelmonte.com\\\/tienda\\\/casco-shoei-gt-air2-aperture-tc5-negro-gris\\\/#breadcrumb\"},\"inLanguage\":\"es\",\"potentialAction\":[{\"@type\":\"ReadAction\",\"target\":[\"https:\\\/\\\/franciscobelmonte.com\\\/tienda\\\/casco-shoei-gt-air2-aperture-tc5-negro-gris\\\/\"]}]},{\"@type\":\"ImageObject\",\"inLanguage\":\"es\",\"@id\":\"https:\\\/\\\/franciscobelmonte.com\\\/tienda\\\/casco-shoei-gt-air2-aperture-tc5-negro-gris\\\/#primaryimage\",\"url\":\"https:\\\/\\\/franciscobelmonte.com\\\/tienda\\\/wp-content\\\/uploads\\\/2023\\\/09\\\/casco-shoei-gt-air-2-aperture-tc5-negro-gris.jpg\",\"contentUrl\":\"https:\\\/\\\/franciscobelmonte.com\\\/tienda\\\/wp-content\\\/uploads\\\/2023\\\/09\\\/casco-shoei-gt-air-2-aperture-tc5-negro-gris.jpg\",\"width\":800,\"height\":800,\"caption\":\"casco shoei gt air 2 aperture tc5 negro gris en murcia francisco belmonte\"},{\"@type\":\"BreadcrumbList\",\"@id\":\"https:\\\/\\\/franciscobelmonte.com\\\/tienda\\\/casco-shoei-gt-air2-aperture-tc5-negro-gris\\\/#breadcrumb\",\"itemListElement\":[{\"@type\":\"ListItem\",\"position\":1,\"name\":\"Portada\",\"item\":\"https:\\\/\\\/franciscobelmonte.com\\\/tienda\\\/\"},{\"@type\":\"ListItem\",\"position\":2,\"name\":\"Tienda\",\"item\":\"https:\\\/\\\/franciscobelmonte.com\\\/tienda\\\/boutique-equipamiento-motero\\\/\"},{\"@type\":\"ListItem\",\"position\":3,\"name\":\"CASCO SHOEI GT-AIR2 APERTURE TC5 NEGRO \\\/ GRIS\"}]},{\"@type\":\"WebSite\",\"@id\":\"https:\\\/\\\/franciscobelmonte.com\\\/tienda\\\/#website\",\"url\":\"https:\\\/\\\/franciscobelmonte.com\\\/tienda\\\/\",\"name\":\"Boutique Francisco Belmonte\",\"description\":\"Todo en complementos para motoristas\",\"publisher\":{\"@id\":\"https:\\\/\\\/franciscobelmonte.com\\\/tienda\\\/#organization\"},\"potentialAction\":[{\"@type\":\"SearchAction\",\"target\":{\"@type\":\"EntryPoint\",\"urlTemplate\":\"https:\\\/\\\/franciscobelmonte.com\\\/tienda\\\/?s={search_term_string}\"},\"query-input\":{\"@type\":\"PropertyValueSpecification\",\"valueRequired\":true,\"valueName\":\"search_term_string\"}}],\"inLanguage\":\"es\"},{\"@type\":\"Organization\",\"@id\":\"https:\\\/\\\/franciscobelmonte.com\\\/tienda\\\/#organization\",\"name\":\"Boutique Francisco Belmonte\",\"url\":\"https:\\\/\\\/franciscobelmonte.com\\\/tienda\\\/\",\"logo\":{\"@type\":\"ImageObject\",\"inLanguage\":\"es\",\"@id\":\"https:\\\/\\\/franciscobelmonte.com\\\/tienda\\\/#\\\/schema\\\/logo\\\/image\\\/\",\"url\":\"https:\\\/\\\/franciscobelmonte.com\\\/tienda\\\/wp-content\\\/uploads\\\/2021\\\/12\\\/Francisco-Belmonte-logo.png\",\"contentUrl\":\"https:\\\/\\\/franciscobelmonte.com\\\/tienda\\\/wp-content\\\/uploads\\\/2021\\\/12\\\/Francisco-Belmonte-logo.png\",\"width\":2153,\"height\":536,\"caption\":\"Boutique Francisco Belmonte\"},\"image\":{\"@id\":\"https:\\\/\\\/franciscobelmonte.com\\\/tienda\\\/#\\\/schema\\\/logo\\\/image\\\/\"},\"sameAs\":[\"https:\\\/\\\/www.facebook.com\\\/motosfranciscobelmonte\",\"https:\\\/\\\/www.instagram.com\\\/fco.belmonte\\\/\"]}]}<\/script>\n<!-- \/ Yoast SEO plugin. -->","yoast_head_json":{"title":"CASCO SHOEI GT-AIR2 APERTURE TC5 NEGRO \/ GRIS - Boutique Francisco Belmonte","description":"Casco Shoei GT-Air2 Aperture TC5 Negro-Gris. Cascos de moto Shoei en nuestra Boutique Francisco Belmonte en Murcia. Al mejor precio.","robots":{"index":"index","follow":"follow","max-snippet":"max-snippet:-1","max-image-preview":"max-image-preview:large","max-video-preview":"max-video-preview:-1"},"canonical":"https:\/\/franciscobelmonte.com\/tienda\/casco-shoei-gt-air2-aperture-tc5-negro-gris\/","og_locale":"es_ES","og_type":"article","og_title":"CASCO SHOEI GT-AIR2 APERTURE TC5 NEGRO \/ GRIS - Boutique Francisco Belmonte","og_description":"Casco Shoei GT-Air2 Aperture TC5 Negro-Gris. Cascos de moto Shoei en nuestra Boutique Francisco Belmonte en Murcia. Al mejor precio.","og_url":"https:\/\/franciscobelmonte.com\/tienda\/casco-shoei-gt-air2-aperture-tc5-negro-gris\/","og_site_name":"Boutique Francisco Belmonte","article_publisher":"https:\/\/www.facebook.com\/motosfranciscobelmonte","article_modified_time":"2024-10-14T08:01:33+00:00","og_image":[{"width":800,"height":800,"url":"https:\/\/franciscobelmonte.com\/tienda\/wp-content\/uploads\/2023\/09\/casco-shoei-gt-air-2-aperture-tc5-negro-gris.jpg","type":"image\/jpeg"}],"twitter_card":"summary_large_image","twitter_misc":{"Tiempo de lectura":"2 minutos"},"schema":{"@context":"https:\/\/schema.org","@graph":[{"@type":"WebPage","@id":"https:\/\/franciscobelmonte.com\/tienda\/casco-shoei-gt-air2-aperture-tc5-negro-gris\/","url":"https:\/\/franciscobelmonte.com\/tienda\/casco-shoei-gt-air2-aperture-tc5-negro-gris\/","name":"CASCO SHOEI GT-AIR2 APERTURE TC5 NEGRO \/ GRIS - Boutique Francisco Belmonte","isPartOf":{"@id":"https:\/\/franciscobelmonte.com\/tienda\/#website"},"primaryImageOfPage":{"@id":"https:\/\/franciscobelmonte.com\/tienda\/casco-shoei-gt-air2-aperture-tc5-negro-gris\/#primaryimage"},"image":{"@id":"https:\/\/franciscobelmonte.com\/tienda\/casco-shoei-gt-air2-aperture-tc5-negro-gris\/#primaryimage"},"thumbnailUrl":"https:\/\/franciscobelmonte.com\/tienda\/wp-content\/uploads\/2023\/09\/casco-shoei-gt-air-2-aperture-tc5-negro-gris.jpg","datePublished":"2023-09-14T09:53:30+00:00","dateModified":"2024-10-14T08:01:33+00:00","description":"Casco Shoei GT-Air2 Aperture TC5 Negro-Gris. Cascos de moto Shoei en nuestra Boutique Francisco Belmonte en Murcia. Al mejor precio.","breadcrumb":{"@id":"https:\/\/franciscobelmonte.com\/tienda\/casco-shoei-gt-air2-aperture-tc5-negro-gris\/#breadcrumb"},"inLanguage":"es","potentialAction":[{"@type":"ReadAction","target":["https:\/\/franciscobelmonte.com\/tienda\/casco-shoei-gt-air2-aperture-tc5-negro-gris\/"]}]},{"@type":"ImageObject","inLanguage":"es","@id":"https:\/\/franciscobelmonte.com\/tienda\/casco-shoei-gt-air2-aperture-tc5-negro-gris\/#primaryimage","url":"https:\/\/franciscobelmonte.com\/tienda\/wp-content\/uploads\/2023\/09\/casco-shoei-gt-air-2-aperture-tc5-negro-gris.jpg","contentUrl":"https:\/\/franciscobelmonte.com\/tienda\/wp-content\/uploads\/2023\/09\/casco-shoei-gt-air-2-aperture-tc5-negro-gris.jpg","width":800,"height":800,"caption":"casco shoei gt air 2 aperture tc5 negro gris en murcia francisco belmonte"},{"@type":"BreadcrumbList","@id":"https:\/\/franciscobelmonte.com\/tienda\/casco-shoei-gt-air2-aperture-tc5-negro-gris\/#breadcrumb","itemListElement":[{"@type":"ListItem","position":1,"name":"Portada","item":"https:\/\/franciscobelmonte.com\/tienda\/"},{"@type":"ListItem","position":2,"name":"Tienda","item":"https:\/\/franciscobelmonte.com\/tienda\/boutique-equipamiento-motero\/"},{"@type":"ListItem","position":3,"name":"CASCO SHOEI GT-AIR2 APERTURE TC5 NEGRO \/ GRIS"}]},{"@type":"WebSite","@id":"https:\/\/franciscobelmonte.com\/tienda\/#website","url":"https:\/\/franciscobelmonte.com\/tienda\/","name":"Boutique Francisco Belmonte","description":"Todo en complementos para motoristas","publisher":{"@id":"https:\/\/franciscobelmonte.com\/tienda\/#organization"},"potentialAction":[{"@type":"SearchAction","target":{"@type":"EntryPoint","urlTemplate":"https:\/\/franciscobelmonte.com\/tienda\/?s={search_term_string}"},"query-input":{"@type":"PropertyValueSpecification","valueRequired":true,"valueName":"search_term_string"}}],"inLanguage":"es"},{"@type":"Organization","@id":"https:\/\/franciscobelmonte.com\/tienda\/#organization","name":"Boutique Francisco Belmonte","url":"https:\/\/franciscobelmonte.com\/tienda\/","logo":{"@type":"ImageObject","inLanguage":"es","@id":"https:\/\/franciscobelmonte.com\/tienda\/#\/schema\/logo\/image\/","url":"https:\/\/franciscobelmonte.com\/tienda\/wp-content\/uploads\/2021\/12\/Francisco-Belmonte-logo.png","contentUrl":"https:\/\/franciscobelmonte.com\/tienda\/wp-content\/uploads\/2021\/12\/Francisco-Belmonte-logo.png","width":2153,"height":536,"caption":"Boutique Francisco Belmonte"},"image":{"@id":"https:\/\/franciscobelmonte.com\/tienda\/#\/schema\/logo\/image\/"},"sameAs":["https:\/\/www.facebook.com\/motosfranciscobelmonte","https:\/\/www.instagram.com\/fco.belmonte\/"]}]}},"jetpack_sharing_enabled":true,"brands":[{"id":183,"name":"Shoei","slug":"shoei"}],"_links":{"self":[{"href":"https:\/\/franciscobelmonte.com\/tienda\/wp-json\/wp\/v2\/product\/10755","targetHints":{"allow":["GET"]}}],"collection":[{"href":"https:\/\/franciscobelmonte.com\/tienda\/wp-json\/wp\/v2\/product"}],"about":[{"href":"https:\/\/franciscobelmonte.com\/tienda\/wp-json\/wp\/v2\/types\/product"}],"replies":[{"embeddable":true,"href":"https:\/\/franciscobelmonte.com\/tienda\/wp-json\/wp\/v2\/comments?post=10755"}],"wp:featuredmedia":[{"embeddable":true,"href":"https:\/\/franciscobelmonte.com\/tienda\/wp-json\/wp\/v2\/media\/10760"}],"wp:attachment":[{"href":"https:\/\/franciscobelmonte.com\/tienda\/wp-json\/wp\/v2\/media?parent=10755"}],"wp:term":[{"taxonomy":"pwb-brand","embeddable":true,"href":"https:\/\/franciscobelmonte.com\/tienda\/wp-json\/wp\/v2\/pwb-brand?post=10755"},{"taxonomy":"product_brand","embeddable":true,"href":"https:\/\/franciscobelmonte.com\/tienda\/wp-json\/wp\/v2\/product_brand?post=10755"},{"taxonomy":"product_cat","embeddable":true,"href":"https:\/\/franciscobelmonte.com\/tienda\/wp-json\/wp\/v2\/product_cat?post=10755"},{"taxonomy":"product_tag","embeddable":true,"href":"https:\/\/franciscobelmonte.com\/tienda\/wp-json\/wp\/v2\/product_tag?post=10755"}],"curies":[{"name":"wp","href":"https:\/\/api.w.org\/{rel}","templated":true}]}}