{"id":10957,"date":"2023-10-24T17:52:34","date_gmt":"2023-10-24T15:52:34","guid":{"rendered":"https:\/\/franciscobelmonte.com\/tienda\/?post_type=product&#038;p=10957"},"modified":"2025-12-15T13:27:12","modified_gmt":"2025-12-15T11:27:12","slug":"casco-mt-street-s-solid-a6-verde-mate","status":"publish","type":"product","link":"https:\/\/franciscobelmonte.com\/tienda\/casco-mt-street-s-solid-a6-verde-mate\/","title":{"rendered":"CASCO MT STREET S SOLID A6 VERDE MATE"},"content":{"rendered":"<h1>Casco Mt Street S Solid A6 Verde Mate<\/h1>\n<p>Tiene un tama\u00f1o muy compacto y dise\u00f1o simple pero atractivo, con un encanto especial. Adem\u00e1s esta versi\u00f3n est\u00e1 actualizada a la homologaci\u00f3n ECE 22.06.<\/p>\n<p><strong>Caracter\u00edsticas<\/strong><\/p>\n<ul>\n<li>Sistema de cierre con hebilla microm\u00e9trica<\/li>\n<li>Calota exterior fabricada en termopl\u00e1stico inyectado<\/li>\n<li>Pantalla en policabonato con tratamiento anti-rayas<\/li>\n<li>Poliestileno interno de densidad m\u00faltiple<\/li>\n<li>Pantalla con mecanismo de liberaci\u00f3n f\u00e1cil<\/li>\n<li>Almohadillas anti-al\u00e9rgicas y anti-bacterianas<\/li>\n<li>Almohadillas desmontables y lavables<\/li>\n<li>Interior con fibras ign\u00edfugas<\/li>\n<li>Una talla de calota interna<\/li>\n<li>Sistema de ventilaci\u00f3n<\/li>\n<li>Dise\u00f1o aerodin\u00e1mico<\/li>\n<li>Peso aproximado 1.000 gr +\/- (el peso del casco puede variar seg\u00fan el tama\u00f1o de la calota)<\/li>\n<li>Homologaci\u00f3n ECE\/ONU 22.06<\/li>\n<\/ul>\n<p>&nbsp;<\/p>\n","protected":false},"excerpt":{"rendered":"<p>Tiene un tama\u00f1o muy compacto y dise\u00f1o simple pero atractivo, con un encanto especial. Adem\u00e1s esta versi\u00f3n est\u00e1 actualizada a la homologaci\u00f3n ECE 22.06.<\/p>\n<p><strong>*Cons\u00faltenos disponibilidad de talla que necesita a trav\u00e9s de nuestro WhatsApp\u00a0<\/strong><\/p>\n<div style=\"text-align: center;\"><a href=\"https:\/\/wa.me\/34674529107\" target=\"_blank\" rel=\"noopener\"><img loading=\"lazy\" decoding=\"async\" class=\"alignnone wp-image-4363\" src=\"https:\/\/franciscobelmonte.com\/wp-content\/uploads\/2023\/01\/boton-whatsapp.jpg\" alt=\"\" width=\"50\" height=\"50\" \/><\/a><\/div>\n","protected":false},"featured_media":10963,"comment_status":"open","ping_status":"closed","template":"","meta":{"_themeisle_gutenberg_block_has_review":false},"pwb-brand":[224],"product_brand":[],"product_cat":[15,143],"product_tag":[865,882,885,780],"class_list":{"0":"post-10957","1":"product","2":"type-product","3":"status-publish","4":"has-post-thumbnail","6":"pwb-brand-mt-helmets","7":"product_cat-casco-de-moto","8":"product_cat-cascos-de-moto-jet","9":"product_tag-865","10":"product_tag-black-friday-30","11":"product_tag-dto-navideno-25","12":"product_tag-mt-sin-rebajas-10","14":"first","15":"instock","16":"sale","17":"taxable","18":"shipping-taxable","19":"purchasable","20":"product-type-variable"},"yoast_head":"<!-- This site is optimized with the Yoast SEO plugin v27.4 - https:\/\/yoast.com\/product\/yoast-seo-wordpress\/ -->\n<title>CASCO MT STREET S SOLID A6 VERDE MATE - Boutique Francisco Belmonte<\/title>\n<meta name=\"description\" content=\"Casco MT Street S Solid A6 Verde Mate. Puedes descubrirlo y prob\u00e1rtelo en nuestra Boutique Francisco Belmonte en Murcia. Al mejor precio.\" \/>\n<meta name=\"robots\" content=\"index, follow, max-snippet:-1, max-image-preview:large, max-video-preview:-1\" \/>\n<link rel=\"canonical\" href=\"https:\/\/franciscobelmonte.com\/tienda\/casco-mt-street-s-solid-a6-verde-mate\/\" \/>\n<meta property=\"og:locale\" content=\"es_ES\" \/>\n<meta property=\"og:type\" content=\"article\" \/>\n<meta property=\"og:title\" content=\"CASCO MT STREET S SOLID A6 VERDE MATE - Boutique Francisco Belmonte\" \/>\n<meta property=\"og:description\" content=\"Casco MT Street S Solid A6 Verde Mate. Puedes descubrirlo y prob\u00e1rtelo en nuestra Boutique Francisco Belmonte en Murcia. Al mejor precio.\" \/>\n<meta property=\"og:url\" content=\"https:\/\/franciscobelmonte.com\/tienda\/casco-mt-street-s-solid-a6-verde-mate\/\" \/>\n<meta property=\"og:site_name\" content=\"Boutique Francisco Belmonte\" \/>\n<meta property=\"article:publisher\" content=\"https:\/\/www.facebook.com\/motosfranciscobelmonte\" \/>\n<meta property=\"article:modified_time\" content=\"2025-12-15T11:27:12+00:00\" \/>\n<meta property=\"og:image\" content=\"https:\/\/franciscobelmonte.com\/tienda\/wp-content\/uploads\/2023\/10\/casco-mt-street-solid-a6-verde-mate.jpg\" \/>\n\t<meta property=\"og:image:width\" content=\"800\" \/>\n\t<meta property=\"og:image:height\" content=\"800\" \/>\n\t<meta property=\"og:image:type\" content=\"image\/jpeg\" \/>\n<meta name=\"twitter:card\" content=\"summary_large_image\" \/>\n<meta name=\"twitter:label1\" content=\"Tiempo de lectura\" \/>\n\t<meta name=\"twitter:data1\" content=\"1 minuto\" \/>\n<script type=\"application\/ld+json\" class=\"yoast-schema-graph\">{\"@context\":\"https:\\\/\\\/schema.org\",\"@graph\":[{\"@type\":\"WebPage\",\"@id\":\"https:\\\/\\\/franciscobelmonte.com\\\/tienda\\\/casco-mt-street-s-solid-a6-verde-mate\\\/\",\"url\":\"https:\\\/\\\/franciscobelmonte.com\\\/tienda\\\/casco-mt-street-s-solid-a6-verde-mate\\\/\",\"name\":\"CASCO MT STREET S SOLID A6 VERDE MATE - Boutique Francisco Belmonte\",\"isPartOf\":{\"@id\":\"https:\\\/\\\/franciscobelmonte.com\\\/tienda\\\/#website\"},\"primaryImageOfPage\":{\"@id\":\"https:\\\/\\\/franciscobelmonte.com\\\/tienda\\\/casco-mt-street-s-solid-a6-verde-mate\\\/#primaryimage\"},\"image\":{\"@id\":\"https:\\\/\\\/franciscobelmonte.com\\\/tienda\\\/casco-mt-street-s-solid-a6-verde-mate\\\/#primaryimage\"},\"thumbnailUrl\":\"https:\\\/\\\/franciscobelmonte.com\\\/tienda\\\/wp-content\\\/uploads\\\/2023\\\/10\\\/casco-mt-street-solid-a6-verde-mate.jpg\",\"datePublished\":\"2023-10-24T15:52:34+00:00\",\"dateModified\":\"2025-12-15T11:27:12+00:00\",\"description\":\"Casco MT Street S Solid A6 Verde Mate. Puedes descubrirlo y prob\u00e1rtelo en nuestra Boutique Francisco Belmonte en Murcia. Al mejor precio.\",\"breadcrumb\":{\"@id\":\"https:\\\/\\\/franciscobelmonte.com\\\/tienda\\\/casco-mt-street-s-solid-a6-verde-mate\\\/#breadcrumb\"},\"inLanguage\":\"es\",\"potentialAction\":[{\"@type\":\"ReadAction\",\"target\":[\"https:\\\/\\\/franciscobelmonte.com\\\/tienda\\\/casco-mt-street-s-solid-a6-verde-mate\\\/\"]}]},{\"@type\":\"ImageObject\",\"inLanguage\":\"es\",\"@id\":\"https:\\\/\\\/franciscobelmonte.com\\\/tienda\\\/casco-mt-street-s-solid-a6-verde-mate\\\/#primaryimage\",\"url\":\"https:\\\/\\\/franciscobelmonte.com\\\/tienda\\\/wp-content\\\/uploads\\\/2023\\\/10\\\/casco-mt-street-solid-a6-verde-mate.jpg\",\"contentUrl\":\"https:\\\/\\\/franciscobelmonte.com\\\/tienda\\\/wp-content\\\/uploads\\\/2023\\\/10\\\/casco-mt-street-solid-a6-verde-mate.jpg\",\"width\":800,\"height\":800,\"caption\":\"casco mt street solid a6 verde mate en murcia francisco belmonte\"},{\"@type\":\"BreadcrumbList\",\"@id\":\"https:\\\/\\\/franciscobelmonte.com\\\/tienda\\\/casco-mt-street-s-solid-a6-verde-mate\\\/#breadcrumb\",\"itemListElement\":[{\"@type\":\"ListItem\",\"position\":1,\"name\":\"Portada\",\"item\":\"https:\\\/\\\/franciscobelmonte.com\\\/tienda\\\/\"},{\"@type\":\"ListItem\",\"position\":2,\"name\":\"Tienda\",\"item\":\"https:\\\/\\\/franciscobelmonte.com\\\/tienda\\\/boutique-equipamiento-motero\\\/\"},{\"@type\":\"ListItem\",\"position\":3,\"name\":\"CASCO MT STREET S SOLID A6 VERDE MATE\"}]},{\"@type\":\"WebSite\",\"@id\":\"https:\\\/\\\/franciscobelmonte.com\\\/tienda\\\/#website\",\"url\":\"https:\\\/\\\/franciscobelmonte.com\\\/tienda\\\/\",\"name\":\"Boutique Francisco Belmonte\",\"description\":\"Todo en complementos para motoristas\",\"publisher\":{\"@id\":\"https:\\\/\\\/franciscobelmonte.com\\\/tienda\\\/#organization\"},\"potentialAction\":[{\"@type\":\"SearchAction\",\"target\":{\"@type\":\"EntryPoint\",\"urlTemplate\":\"https:\\\/\\\/franciscobelmonte.com\\\/tienda\\\/?s={search_term_string}\"},\"query-input\":{\"@type\":\"PropertyValueSpecification\",\"valueRequired\":true,\"valueName\":\"search_term_string\"}}],\"inLanguage\":\"es\"},{\"@type\":\"Organization\",\"@id\":\"https:\\\/\\\/franciscobelmonte.com\\\/tienda\\\/#organization\",\"name\":\"Boutique Francisco Belmonte\",\"url\":\"https:\\\/\\\/franciscobelmonte.com\\\/tienda\\\/\",\"logo\":{\"@type\":\"ImageObject\",\"inLanguage\":\"es\",\"@id\":\"https:\\\/\\\/franciscobelmonte.com\\\/tienda\\\/#\\\/schema\\\/logo\\\/image\\\/\",\"url\":\"https:\\\/\\\/franciscobelmonte.com\\\/tienda\\\/wp-content\\\/uploads\\\/2021\\\/12\\\/Francisco-Belmonte-logo.png\",\"contentUrl\":\"https:\\\/\\\/franciscobelmonte.com\\\/tienda\\\/wp-content\\\/uploads\\\/2021\\\/12\\\/Francisco-Belmonte-logo.png\",\"width\":2153,\"height\":536,\"caption\":\"Boutique Francisco Belmonte\"},\"image\":{\"@id\":\"https:\\\/\\\/franciscobelmonte.com\\\/tienda\\\/#\\\/schema\\\/logo\\\/image\\\/\"},\"sameAs\":[\"https:\\\/\\\/www.facebook.com\\\/motosfranciscobelmonte\",\"https:\\\/\\\/www.instagram.com\\\/fco.belmonte\\\/\"]}]}<\/script>\n<!-- \/ Yoast SEO plugin. -->","yoast_head_json":{"title":"CASCO MT STREET S SOLID A6 VERDE MATE - Boutique Francisco Belmonte","description":"Casco MT Street S Solid A6 Verde Mate. Puedes descubrirlo y prob\u00e1rtelo en nuestra Boutique Francisco Belmonte en Murcia. Al mejor precio.","robots":{"index":"index","follow":"follow","max-snippet":"max-snippet:-1","max-image-preview":"max-image-preview:large","max-video-preview":"max-video-preview:-1"},"canonical":"https:\/\/franciscobelmonte.com\/tienda\/casco-mt-street-s-solid-a6-verde-mate\/","og_locale":"es_ES","og_type":"article","og_title":"CASCO MT STREET S SOLID A6 VERDE MATE - Boutique Francisco Belmonte","og_description":"Casco MT Street S Solid A6 Verde Mate. Puedes descubrirlo y prob\u00e1rtelo en nuestra Boutique Francisco Belmonte en Murcia. Al mejor precio.","og_url":"https:\/\/franciscobelmonte.com\/tienda\/casco-mt-street-s-solid-a6-verde-mate\/","og_site_name":"Boutique Francisco Belmonte","article_publisher":"https:\/\/www.facebook.com\/motosfranciscobelmonte","article_modified_time":"2025-12-15T11:27:12+00:00","og_image":[{"width":800,"height":800,"url":"https:\/\/franciscobelmonte.com\/tienda\/wp-content\/uploads\/2023\/10\/casco-mt-street-solid-a6-verde-mate.jpg","type":"image\/jpeg"}],"twitter_card":"summary_large_image","twitter_misc":{"Tiempo de lectura":"1 minuto"},"schema":{"@context":"https:\/\/schema.org","@graph":[{"@type":"WebPage","@id":"https:\/\/franciscobelmonte.com\/tienda\/casco-mt-street-s-solid-a6-verde-mate\/","url":"https:\/\/franciscobelmonte.com\/tienda\/casco-mt-street-s-solid-a6-verde-mate\/","name":"CASCO MT STREET S SOLID A6 VERDE MATE - Boutique Francisco Belmonte","isPartOf":{"@id":"https:\/\/franciscobelmonte.com\/tienda\/#website"},"primaryImageOfPage":{"@id":"https:\/\/franciscobelmonte.com\/tienda\/casco-mt-street-s-solid-a6-verde-mate\/#primaryimage"},"image":{"@id":"https:\/\/franciscobelmonte.com\/tienda\/casco-mt-street-s-solid-a6-verde-mate\/#primaryimage"},"thumbnailUrl":"https:\/\/franciscobelmonte.com\/tienda\/wp-content\/uploads\/2023\/10\/casco-mt-street-solid-a6-verde-mate.jpg","datePublished":"2023-10-24T15:52:34+00:00","dateModified":"2025-12-15T11:27:12+00:00","description":"Casco MT Street S Solid A6 Verde Mate. Puedes descubrirlo y prob\u00e1rtelo en nuestra Boutique Francisco Belmonte en Murcia. Al mejor precio.","breadcrumb":{"@id":"https:\/\/franciscobelmonte.com\/tienda\/casco-mt-street-s-solid-a6-verde-mate\/#breadcrumb"},"inLanguage":"es","potentialAction":[{"@type":"ReadAction","target":["https:\/\/franciscobelmonte.com\/tienda\/casco-mt-street-s-solid-a6-verde-mate\/"]}]},{"@type":"ImageObject","inLanguage":"es","@id":"https:\/\/franciscobelmonte.com\/tienda\/casco-mt-street-s-solid-a6-verde-mate\/#primaryimage","url":"https:\/\/franciscobelmonte.com\/tienda\/wp-content\/uploads\/2023\/10\/casco-mt-street-solid-a6-verde-mate.jpg","contentUrl":"https:\/\/franciscobelmonte.com\/tienda\/wp-content\/uploads\/2023\/10\/casco-mt-street-solid-a6-verde-mate.jpg","width":800,"height":800,"caption":"casco mt street solid a6 verde mate en murcia francisco belmonte"},{"@type":"BreadcrumbList","@id":"https:\/\/franciscobelmonte.com\/tienda\/casco-mt-street-s-solid-a6-verde-mate\/#breadcrumb","itemListElement":[{"@type":"ListItem","position":1,"name":"Portada","item":"https:\/\/franciscobelmonte.com\/tienda\/"},{"@type":"ListItem","position":2,"name":"Tienda","item":"https:\/\/franciscobelmonte.com\/tienda\/boutique-equipamiento-motero\/"},{"@type":"ListItem","position":3,"name":"CASCO MT STREET S SOLID A6 VERDE MATE"}]},{"@type":"WebSite","@id":"https:\/\/franciscobelmonte.com\/tienda\/#website","url":"https:\/\/franciscobelmonte.com\/tienda\/","name":"Boutique Francisco Belmonte","description":"Todo en complementos para motoristas","publisher":{"@id":"https:\/\/franciscobelmonte.com\/tienda\/#organization"},"potentialAction":[{"@type":"SearchAction","target":{"@type":"EntryPoint","urlTemplate":"https:\/\/franciscobelmonte.com\/tienda\/?s={search_term_string}"},"query-input":{"@type":"PropertyValueSpecification","valueRequired":true,"valueName":"search_term_string"}}],"inLanguage":"es"},{"@type":"Organization","@id":"https:\/\/franciscobelmonte.com\/tienda\/#organization","name":"Boutique Francisco Belmonte","url":"https:\/\/franciscobelmonte.com\/tienda\/","logo":{"@type":"ImageObject","inLanguage":"es","@id":"https:\/\/franciscobelmonte.com\/tienda\/#\/schema\/logo\/image\/","url":"https:\/\/franciscobelmonte.com\/tienda\/wp-content\/uploads\/2021\/12\/Francisco-Belmonte-logo.png","contentUrl":"https:\/\/franciscobelmonte.com\/tienda\/wp-content\/uploads\/2021\/12\/Francisco-Belmonte-logo.png","width":2153,"height":536,"caption":"Boutique Francisco Belmonte"},"image":{"@id":"https:\/\/franciscobelmonte.com\/tienda\/#\/schema\/logo\/image\/"},"sameAs":["https:\/\/www.facebook.com\/motosfranciscobelmonte","https:\/\/www.instagram.com\/fco.belmonte\/"]}]}},"jetpack_sharing_enabled":true,"brands":[{"id":224,"name":"MT Helmets","slug":"mt-helmets"}],"_links":{"self":[{"href":"https:\/\/franciscobelmonte.com\/tienda\/wp-json\/wp\/v2\/product\/10957","targetHints":{"allow":["GET"]}}],"collection":[{"href":"https:\/\/franciscobelmonte.com\/tienda\/wp-json\/wp\/v2\/product"}],"about":[{"href":"https:\/\/franciscobelmonte.com\/tienda\/wp-json\/wp\/v2\/types\/product"}],"replies":[{"embeddable":true,"href":"https:\/\/franciscobelmonte.com\/tienda\/wp-json\/wp\/v2\/comments?post=10957"}],"wp:featuredmedia":[{"embeddable":true,"href":"https:\/\/franciscobelmonte.com\/tienda\/wp-json\/wp\/v2\/media\/10963"}],"wp:attachment":[{"href":"https:\/\/franciscobelmonte.com\/tienda\/wp-json\/wp\/v2\/media?parent=10957"}],"wp:term":[{"taxonomy":"pwb-brand","embeddable":true,"href":"https:\/\/franciscobelmonte.com\/tienda\/wp-json\/wp\/v2\/pwb-brand?post=10957"},{"taxonomy":"product_brand","embeddable":true,"href":"https:\/\/franciscobelmonte.com\/tienda\/wp-json\/wp\/v2\/product_brand?post=10957"},{"taxonomy":"product_cat","embeddable":true,"href":"https:\/\/franciscobelmonte.com\/tienda\/wp-json\/wp\/v2\/product_cat?post=10957"},{"taxonomy":"product_tag","embeddable":true,"href":"https:\/\/franciscobelmonte.com\/tienda\/wp-json\/wp\/v2\/product_tag?post=10957"}],"curies":[{"name":"wp","href":"https:\/\/api.w.org\/{rel}","templated":true}]}}