{"id":11325,"date":"2023-12-07T19:21:39","date_gmt":"2023-12-07T17:21:39","guid":{"rendered":"https:\/\/franciscobelmonte.com\/tienda\/?post_type=product&#038;p=11325"},"modified":"2026-02-09T13:47:52","modified_gmt":"2026-02-09T11:47:52","slug":"botas-dainese-energyca-air-negro-rojo-fluor","status":"publish","type":"product","link":"https:\/\/franciscobelmonte.com\/tienda\/botas-dainese-energyca-air-negro-rojo-fluor\/","title":{"rendered":"BOTAS DAINESE ENERGYCA AIR NEGRO \/ ROJO FLUOR"},"content":{"rendered":"<h1>Botas DAINESE ENERGYCA Air Negro \/ Rojo Fl\u00faor<\/h1>\n<p><strong>Botas Dainese <\/strong><strong>Energyca<\/strong><strong> Air Negro \/ Rojo Fl\u00faor. <\/strong>Zapatillas urbanas de dise\u00f1o deportivo, muy confortables y ventiladas. Confeccionadas en piel de vaca con perforaciones estrat\u00e9gicamente ubicadas para una mejor ventilaci\u00f3n, incorporan inserciones r\u00edgidas en los tobillos, estructura del tal\u00f3n reforzada y refuerzo de la palanca de cambio. Disponen de un cierre con cordones combinado con una correa de Velcro alrededor del tobillo.<\/p>\n<p><strong>Material<\/strong><\/p>\n<ul>\n<li type=\"\">Zona superior confeccionada el piel de vaca.<\/li>\n<\/ul>\n<p><strong>Protecci\u00f3n<\/strong><\/p>\n<ul>\n<li type=\"\">Inserciones r\u00edgidas en los tobillos para mayor protecci\u00f3n.<\/li>\n<li type=\"\">Refuerzos exteriores de TPU en los tobillos.<\/li>\n<li type=\"\">Estructura del tal\u00f3n reforzada en TPU.<\/li>\n<li type=\"\">Inserciones de TPR en la puntera.<\/li>\n<\/ul>\n<p><strong>Confort<\/strong><\/p>\n<ul>\n<li type=\"\">Ajuste con cordones.<\/li>\n<li type=\"\">Correa de Velcro\u00ae para un cierre r\u00e1pido y seguro.<\/li>\n<\/ul>\n<p><strong>Temperatura<\/strong><\/p>\n<ul>\n<li type=\"\">Perforaciones para mejor ventilaci\u00f3n.<\/li>\n<li type=\"\">Forro interior de malla transpirable.<\/li>\n<\/ul>\n<p><strong>Otras caracter\u00edsticas<\/strong><\/p>\n<ul>\n<li type=\"\">Refuerzo protector de la palanca de cambio.<\/li>\n<li type=\"\">Suela multiagarre.<\/li>\n<li type=\"\">Inserciones blandas.<\/li>\n<li type=\"\">Inserciones reflectantes para una mejor visibilidad en conducci\u00f3n nocturna o con poca luz.<\/li>\n<\/ul>\n<p><strong>Homologaci\u00f3n<\/strong><\/p>\n<ul>\n<li type=\"\">Certificaci\u00f3n CE \u2013 Cat. II &#8211; EN 13634.<\/li>\n<\/ul>\n","protected":false},"excerpt":{"rendered":"<p>Zapatillas urbanas de dise\u00f1o deportivo, muy confortables y ventiladas. Confeccionadas en piel de vaca con perforaciones estrat\u00e9gicamente ubicadas para una mejor ventilaci\u00f3n, incorporan inserciones r\u00edgidas en los tobillos, estructura del tal\u00f3n reforzada y refuerzo de la palanca de cambio.<\/p>\n","protected":false},"featured_media":11332,"comment_status":"open","ping_status":"closed","template":"","meta":{"_themeisle_gutenberg_block_has_review":false},"pwb-brand":[189],"product_brand":[],"product_cat":[700,656,147],"product_tag":[689,416,889],"class_list":{"0":"post-11325","1":"product","2":"type-product","3":"status-publish","4":"has-post-thumbnail","6":"pwb-brand-dainese","7":"product_cat-seleccion-san-valentin","8":"product_cat-botas","9":"product_cat-botas-de-moto-urban","10":"product_tag-botas-dainese-liquidacion","11":"product_tag-liquidacion","12":"product_tag-rebajas-liquidacion-70","14":"first","15":"instock","16":"sale","17":"taxable","18":"shipping-taxable","19":"purchasable","20":"product-type-variable","21":"has-default-attributes"},"yoast_head":"<!-- This site is optimized with the Yoast SEO plugin v27.4 - https:\/\/yoast.com\/product\/yoast-seo-wordpress\/ -->\n<title>BOTAS DAINESE ENERGYCA AIR NEGRO \/ ROJO FLUOR - Boutique Francisco Belmonte<\/title>\n<meta name=\"description\" content=\"Botas Dainese Energyca Air Negro-Rojo Fl\u00faor. Botas de moto Dainese en murcia Francisco Belmonte al mejor precio y en sus diferentes tallas.\" \/>\n<meta name=\"robots\" content=\"index, follow, max-snippet:-1, max-image-preview:large, max-video-preview:-1\" \/>\n<link rel=\"canonical\" href=\"https:\/\/franciscobelmonte.com\/tienda\/botas-dainese-energyca-air-negro-rojo-fluor\/\" \/>\n<meta property=\"og:locale\" content=\"es_ES\" \/>\n<meta property=\"og:type\" content=\"article\" \/>\n<meta property=\"og:title\" content=\"BOTAS DAINESE ENERGYCA AIR NEGRO \/ ROJO FLUOR - Boutique Francisco Belmonte\" \/>\n<meta property=\"og:description\" content=\"Botas Dainese Energyca Air Negro-Rojo Fl\u00faor. Botas de moto Dainese en murcia Francisco Belmonte al mejor precio y en sus diferentes tallas.\" \/>\n<meta property=\"og:url\" content=\"https:\/\/franciscobelmonte.com\/tienda\/botas-dainese-energyca-air-negro-rojo-fluor\/\" \/>\n<meta property=\"og:site_name\" content=\"Boutique Francisco Belmonte\" \/>\n<meta property=\"article:publisher\" content=\"https:\/\/www.facebook.com\/motosfranciscobelmonte\" \/>\n<meta property=\"article:modified_time\" content=\"2026-02-09T11:47:52+00:00\" \/>\n<meta property=\"og:image\" content=\"https:\/\/franciscobelmonte.com\/tienda\/wp-content\/uploads\/2023\/12\/botas-dainese-energyca-air-negro-rojo-fluor.jpg\" \/>\n\t<meta property=\"og:image:width\" content=\"800\" \/>\n\t<meta property=\"og:image:height\" content=\"800\" \/>\n\t<meta property=\"og:image:type\" content=\"image\/jpeg\" \/>\n<meta name=\"twitter:card\" content=\"summary_large_image\" \/>\n<meta name=\"twitter:label1\" content=\"Tiempo de lectura\" \/>\n\t<meta name=\"twitter:data1\" content=\"1 minuto\" \/>\n<script type=\"application\/ld+json\" class=\"yoast-schema-graph\">{\"@context\":\"https:\\\/\\\/schema.org\",\"@graph\":[{\"@type\":\"WebPage\",\"@id\":\"https:\\\/\\\/franciscobelmonte.com\\\/tienda\\\/botas-dainese-energyca-air-negro-rojo-fluor\\\/\",\"url\":\"https:\\\/\\\/franciscobelmonte.com\\\/tienda\\\/botas-dainese-energyca-air-negro-rojo-fluor\\\/\",\"name\":\"BOTAS DAINESE ENERGYCA AIR NEGRO \\\/ ROJO FLUOR - Boutique Francisco Belmonte\",\"isPartOf\":{\"@id\":\"https:\\\/\\\/franciscobelmonte.com\\\/tienda\\\/#website\"},\"primaryImageOfPage\":{\"@id\":\"https:\\\/\\\/franciscobelmonte.com\\\/tienda\\\/botas-dainese-energyca-air-negro-rojo-fluor\\\/#primaryimage\"},\"image\":{\"@id\":\"https:\\\/\\\/franciscobelmonte.com\\\/tienda\\\/botas-dainese-energyca-air-negro-rojo-fluor\\\/#primaryimage\"},\"thumbnailUrl\":\"https:\\\/\\\/franciscobelmonte.com\\\/tienda\\\/wp-content\\\/uploads\\\/2023\\\/12\\\/botas-dainese-energyca-air-negro-rojo-fluor.jpg\",\"datePublished\":\"2023-12-07T17:21:39+00:00\",\"dateModified\":\"2026-02-09T11:47:52+00:00\",\"description\":\"Botas Dainese Energyca Air Negro-Rojo Fl\u00faor. Botas de moto Dainese en murcia Francisco Belmonte al mejor precio y en sus diferentes tallas.\",\"breadcrumb\":{\"@id\":\"https:\\\/\\\/franciscobelmonte.com\\\/tienda\\\/botas-dainese-energyca-air-negro-rojo-fluor\\\/#breadcrumb\"},\"inLanguage\":\"es\",\"potentialAction\":[{\"@type\":\"ReadAction\",\"target\":[\"https:\\\/\\\/franciscobelmonte.com\\\/tienda\\\/botas-dainese-energyca-air-negro-rojo-fluor\\\/\"]}]},{\"@type\":\"ImageObject\",\"inLanguage\":\"es\",\"@id\":\"https:\\\/\\\/franciscobelmonte.com\\\/tienda\\\/botas-dainese-energyca-air-negro-rojo-fluor\\\/#primaryimage\",\"url\":\"https:\\\/\\\/franciscobelmonte.com\\\/tienda\\\/wp-content\\\/uploads\\\/2023\\\/12\\\/botas-dainese-energyca-air-negro-rojo-fluor.jpg\",\"contentUrl\":\"https:\\\/\\\/franciscobelmonte.com\\\/tienda\\\/wp-content\\\/uploads\\\/2023\\\/12\\\/botas-dainese-energyca-air-negro-rojo-fluor.jpg\",\"width\":800,\"height\":800,\"caption\":\"botas dainese energyca air negro rojo fluor en murcia francisco belmonte\"},{\"@type\":\"BreadcrumbList\",\"@id\":\"https:\\\/\\\/franciscobelmonte.com\\\/tienda\\\/botas-dainese-energyca-air-negro-rojo-fluor\\\/#breadcrumb\",\"itemListElement\":[{\"@type\":\"ListItem\",\"position\":1,\"name\":\"Portada\",\"item\":\"https:\\\/\\\/franciscobelmonte.com\\\/tienda\\\/\"},{\"@type\":\"ListItem\",\"position\":2,\"name\":\"Tienda\",\"item\":\"https:\\\/\\\/franciscobelmonte.com\\\/tienda\\\/boutique-equipamiento-motero\\\/\"},{\"@type\":\"ListItem\",\"position\":3,\"name\":\"BOTAS DAINESE ENERGYCA AIR NEGRO \\\/ ROJO FLUOR\"}]},{\"@type\":\"WebSite\",\"@id\":\"https:\\\/\\\/franciscobelmonte.com\\\/tienda\\\/#website\",\"url\":\"https:\\\/\\\/franciscobelmonte.com\\\/tienda\\\/\",\"name\":\"Boutique Francisco Belmonte\",\"description\":\"Todo en complementos para motoristas\",\"publisher\":{\"@id\":\"https:\\\/\\\/franciscobelmonte.com\\\/tienda\\\/#organization\"},\"potentialAction\":[{\"@type\":\"SearchAction\",\"target\":{\"@type\":\"EntryPoint\",\"urlTemplate\":\"https:\\\/\\\/franciscobelmonte.com\\\/tienda\\\/?s={search_term_string}\"},\"query-input\":{\"@type\":\"PropertyValueSpecification\",\"valueRequired\":true,\"valueName\":\"search_term_string\"}}],\"inLanguage\":\"es\"},{\"@type\":\"Organization\",\"@id\":\"https:\\\/\\\/franciscobelmonte.com\\\/tienda\\\/#organization\",\"name\":\"Boutique Francisco Belmonte\",\"url\":\"https:\\\/\\\/franciscobelmonte.com\\\/tienda\\\/\",\"logo\":{\"@type\":\"ImageObject\",\"inLanguage\":\"es\",\"@id\":\"https:\\\/\\\/franciscobelmonte.com\\\/tienda\\\/#\\\/schema\\\/logo\\\/image\\\/\",\"url\":\"https:\\\/\\\/franciscobelmonte.com\\\/tienda\\\/wp-content\\\/uploads\\\/2021\\\/12\\\/Francisco-Belmonte-logo.png\",\"contentUrl\":\"https:\\\/\\\/franciscobelmonte.com\\\/tienda\\\/wp-content\\\/uploads\\\/2021\\\/12\\\/Francisco-Belmonte-logo.png\",\"width\":2153,\"height\":536,\"caption\":\"Boutique Francisco Belmonte\"},\"image\":{\"@id\":\"https:\\\/\\\/franciscobelmonte.com\\\/tienda\\\/#\\\/schema\\\/logo\\\/image\\\/\"},\"sameAs\":[\"https:\\\/\\\/www.facebook.com\\\/motosfranciscobelmonte\",\"https:\\\/\\\/www.instagram.com\\\/fco.belmonte\\\/\"]}]}<\/script>\n<!-- \/ Yoast SEO plugin. -->","yoast_head_json":{"title":"BOTAS DAINESE ENERGYCA AIR NEGRO \/ ROJO FLUOR - Boutique Francisco Belmonte","description":"Botas Dainese Energyca Air Negro-Rojo Fl\u00faor. Botas de moto Dainese en murcia Francisco Belmonte al mejor precio y en sus diferentes tallas.","robots":{"index":"index","follow":"follow","max-snippet":"max-snippet:-1","max-image-preview":"max-image-preview:large","max-video-preview":"max-video-preview:-1"},"canonical":"https:\/\/franciscobelmonte.com\/tienda\/botas-dainese-energyca-air-negro-rojo-fluor\/","og_locale":"es_ES","og_type":"article","og_title":"BOTAS DAINESE ENERGYCA AIR NEGRO \/ ROJO FLUOR - Boutique Francisco Belmonte","og_description":"Botas Dainese Energyca Air Negro-Rojo Fl\u00faor. Botas de moto Dainese en murcia Francisco Belmonte al mejor precio y en sus diferentes tallas.","og_url":"https:\/\/franciscobelmonte.com\/tienda\/botas-dainese-energyca-air-negro-rojo-fluor\/","og_site_name":"Boutique Francisco Belmonte","article_publisher":"https:\/\/www.facebook.com\/motosfranciscobelmonte","article_modified_time":"2026-02-09T11:47:52+00:00","og_image":[{"width":800,"height":800,"url":"https:\/\/franciscobelmonte.com\/tienda\/wp-content\/uploads\/2023\/12\/botas-dainese-energyca-air-negro-rojo-fluor.jpg","type":"image\/jpeg"}],"twitter_card":"summary_large_image","twitter_misc":{"Tiempo de lectura":"1 minuto"},"schema":{"@context":"https:\/\/schema.org","@graph":[{"@type":"WebPage","@id":"https:\/\/franciscobelmonte.com\/tienda\/botas-dainese-energyca-air-negro-rojo-fluor\/","url":"https:\/\/franciscobelmonte.com\/tienda\/botas-dainese-energyca-air-negro-rojo-fluor\/","name":"BOTAS DAINESE ENERGYCA AIR NEGRO \/ ROJO FLUOR - Boutique Francisco Belmonte","isPartOf":{"@id":"https:\/\/franciscobelmonte.com\/tienda\/#website"},"primaryImageOfPage":{"@id":"https:\/\/franciscobelmonte.com\/tienda\/botas-dainese-energyca-air-negro-rojo-fluor\/#primaryimage"},"image":{"@id":"https:\/\/franciscobelmonte.com\/tienda\/botas-dainese-energyca-air-negro-rojo-fluor\/#primaryimage"},"thumbnailUrl":"https:\/\/franciscobelmonte.com\/tienda\/wp-content\/uploads\/2023\/12\/botas-dainese-energyca-air-negro-rojo-fluor.jpg","datePublished":"2023-12-07T17:21:39+00:00","dateModified":"2026-02-09T11:47:52+00:00","description":"Botas Dainese Energyca Air Negro-Rojo Fl\u00faor. Botas de moto Dainese en murcia Francisco Belmonte al mejor precio y en sus diferentes tallas.","breadcrumb":{"@id":"https:\/\/franciscobelmonte.com\/tienda\/botas-dainese-energyca-air-negro-rojo-fluor\/#breadcrumb"},"inLanguage":"es","potentialAction":[{"@type":"ReadAction","target":["https:\/\/franciscobelmonte.com\/tienda\/botas-dainese-energyca-air-negro-rojo-fluor\/"]}]},{"@type":"ImageObject","inLanguage":"es","@id":"https:\/\/franciscobelmonte.com\/tienda\/botas-dainese-energyca-air-negro-rojo-fluor\/#primaryimage","url":"https:\/\/franciscobelmonte.com\/tienda\/wp-content\/uploads\/2023\/12\/botas-dainese-energyca-air-negro-rojo-fluor.jpg","contentUrl":"https:\/\/franciscobelmonte.com\/tienda\/wp-content\/uploads\/2023\/12\/botas-dainese-energyca-air-negro-rojo-fluor.jpg","width":800,"height":800,"caption":"botas dainese energyca air negro rojo fluor en murcia francisco belmonte"},{"@type":"BreadcrumbList","@id":"https:\/\/franciscobelmonte.com\/tienda\/botas-dainese-energyca-air-negro-rojo-fluor\/#breadcrumb","itemListElement":[{"@type":"ListItem","position":1,"name":"Portada","item":"https:\/\/franciscobelmonte.com\/tienda\/"},{"@type":"ListItem","position":2,"name":"Tienda","item":"https:\/\/franciscobelmonte.com\/tienda\/boutique-equipamiento-motero\/"},{"@type":"ListItem","position":3,"name":"BOTAS DAINESE ENERGYCA AIR NEGRO \/ ROJO FLUOR"}]},{"@type":"WebSite","@id":"https:\/\/franciscobelmonte.com\/tienda\/#website","url":"https:\/\/franciscobelmonte.com\/tienda\/","name":"Boutique Francisco Belmonte","description":"Todo en complementos para motoristas","publisher":{"@id":"https:\/\/franciscobelmonte.com\/tienda\/#organization"},"potentialAction":[{"@type":"SearchAction","target":{"@type":"EntryPoint","urlTemplate":"https:\/\/franciscobelmonte.com\/tienda\/?s={search_term_string}"},"query-input":{"@type":"PropertyValueSpecification","valueRequired":true,"valueName":"search_term_string"}}],"inLanguage":"es"},{"@type":"Organization","@id":"https:\/\/franciscobelmonte.com\/tienda\/#organization","name":"Boutique Francisco Belmonte","url":"https:\/\/franciscobelmonte.com\/tienda\/","logo":{"@type":"ImageObject","inLanguage":"es","@id":"https:\/\/franciscobelmonte.com\/tienda\/#\/schema\/logo\/image\/","url":"https:\/\/franciscobelmonte.com\/tienda\/wp-content\/uploads\/2021\/12\/Francisco-Belmonte-logo.png","contentUrl":"https:\/\/franciscobelmonte.com\/tienda\/wp-content\/uploads\/2021\/12\/Francisco-Belmonte-logo.png","width":2153,"height":536,"caption":"Boutique Francisco Belmonte"},"image":{"@id":"https:\/\/franciscobelmonte.com\/tienda\/#\/schema\/logo\/image\/"},"sameAs":["https:\/\/www.facebook.com\/motosfranciscobelmonte","https:\/\/www.instagram.com\/fco.belmonte\/"]}]}},"jetpack_sharing_enabled":true,"brands":[{"id":189,"name":"Dainese","slug":"dainese"}],"_links":{"self":[{"href":"https:\/\/franciscobelmonte.com\/tienda\/wp-json\/wp\/v2\/product\/11325","targetHints":{"allow":["GET"]}}],"collection":[{"href":"https:\/\/franciscobelmonte.com\/tienda\/wp-json\/wp\/v2\/product"}],"about":[{"href":"https:\/\/franciscobelmonte.com\/tienda\/wp-json\/wp\/v2\/types\/product"}],"replies":[{"embeddable":true,"href":"https:\/\/franciscobelmonte.com\/tienda\/wp-json\/wp\/v2\/comments?post=11325"}],"wp:featuredmedia":[{"embeddable":true,"href":"https:\/\/franciscobelmonte.com\/tienda\/wp-json\/wp\/v2\/media\/11332"}],"wp:attachment":[{"href":"https:\/\/franciscobelmonte.com\/tienda\/wp-json\/wp\/v2\/media?parent=11325"}],"wp:term":[{"taxonomy":"pwb-brand","embeddable":true,"href":"https:\/\/franciscobelmonte.com\/tienda\/wp-json\/wp\/v2\/pwb-brand?post=11325"},{"taxonomy":"product_brand","embeddable":true,"href":"https:\/\/franciscobelmonte.com\/tienda\/wp-json\/wp\/v2\/product_brand?post=11325"},{"taxonomy":"product_cat","embeddable":true,"href":"https:\/\/franciscobelmonte.com\/tienda\/wp-json\/wp\/v2\/product_cat?post=11325"},{"taxonomy":"product_tag","embeddable":true,"href":"https:\/\/franciscobelmonte.com\/tienda\/wp-json\/wp\/v2\/product_tag?post=11325"}],"curies":[{"name":"wp","href":"https:\/\/api.w.org\/{rel}","templated":true}]}}