{"id":11672,"date":"2024-02-15T12:03:58","date_gmt":"2024-02-15T10:03:58","guid":{"rendered":"https:\/\/franciscobelmonte.com\/tienda\/?post_type=product&#038;p=11672"},"modified":"2025-12-15T13:15:42","modified_gmt":"2025-12-15T11:15:42","slug":"casco-mt-targo-s-kay-negro-gris-mate","status":"publish","type":"product","link":"https:\/\/franciscobelmonte.com\/tienda\/casco-mt-targo-s-kay-negro-gris-mate\/","title":{"rendered":"CASCO MT TARGO S KAY NEGRO\/GRIS MATE"},"content":{"rendered":"<h1>Casco MT Targo S Kay Negro\/Gris mate<\/h1>\n<p>El Casco Integral Targo S Kay en Negro- Gris Mate de MT Helmets combina estilo, comodidad y seguridad para los motociclistas. Su exterior presenta una calota de policarbonato HIRP (High Impact Resistant Polymer), inyectado en bloques precisos para ofrecer ligereza y resistencia al impacto. Con un tama\u00f1o de calota para tallas que van desde XS a XXL, este casco asegura un ajuste preciso y c\u00f3modo para una variedad de usuarios.<\/p>\n<p>El interior desmontable y lavable cuenta con tejidos antialerg\u00e9nicos y ventilaci\u00f3n interna para una experiencia fresca y c\u00f3moda en cada viaje. Adem\u00e1s, incorpora un alojamiento para intercomunicador est\u00e1ndar UCS, permitiendo a los motociclistas mantenerse conectados mientras conducen.<\/p>\n<p>En t\u00e9rminos de seguridad, el casco cuenta con un sistema de cierre microm\u00e9trico met\u00e1lico y poliestireno interno de m\u00faltiple densidad. La visera, fabricada en policarbonato \u00f3ptico antirrayaduras, cuenta con un mecanismo de liberaci\u00f3n r\u00e1pida, un deflector nasal incluido, bloqueo de pantalla y cierre \u00f3ptimo para una protecci\u00f3n visual efectiva.<\/p>\n","protected":false},"excerpt":{"rendered":"<p>El Casco Integral Targo S Kay en Negro- Gris Mate de MT Helmets combina estilo, comodidad y seguridad para los motociclistas. Su exterior presenta una calota de policarbonato HIRP (High Impact Resistant Polymer), inyectado en bloques precisos para ofrecer ligereza y resistencia al impacto.<\/p>\n<p><strong>*Cons\u00faltenos disponibilidad de talla que necesita a trav\u00e9s de nuestro WhatsApp\u00a0<\/strong><\/p>\n<div style=\"text-align: center;\"><a href=\"https:\/\/wa.me\/34674529107\" target=\"_blank\" rel=\"noopener\"><img loading=\"lazy\" decoding=\"async\" class=\"alignnone wp-image-4363\" src=\"https:\/\/franciscobelmonte.com\/wp-content\/uploads\/2023\/01\/boton-whatsapp.jpg\" alt=\"\" width=\"50\" height=\"50\" \/><\/a><\/div>\n","protected":false},"featured_media":11678,"comment_status":"open","ping_status":"closed","template":"","meta":{"_themeisle_gutenberg_block_has_review":false},"pwb-brand":[224],"product_brand":[],"product_cat":[15,143],"product_tag":[865,882,885,780],"class_list":{"0":"post-11672","1":"product","2":"type-product","3":"status-publish","4":"has-post-thumbnail","6":"pwb-brand-mt-helmets","7":"product_cat-casco-de-moto","8":"product_cat-cascos-de-moto-jet","9":"product_tag-865","10":"product_tag-black-friday-30","11":"product_tag-dto-navideno-25","12":"product_tag-mt-sin-rebajas-10","14":"first","15":"instock","16":"sale","17":"taxable","18":"shipping-taxable","19":"purchasable","20":"product-type-variable"},"yoast_head":"<!-- This site is optimized with the Yoast SEO plugin v27.4 - https:\/\/yoast.com\/product\/yoast-seo-wordpress\/ -->\n<title>CASCO MT TARGO S KAY NEGRO\/GRIS MATE - Boutique Francisco Belmonte<\/title>\n<meta name=\"description\" content=\"Casco MT Targo S Kay Negro-Gris Mate Puedes descubrirlo y prob\u00e1rtelo en nuestra Boutique Francisco Belmonte en Murcia. Al mejor precio.\" \/>\n<meta name=\"robots\" content=\"index, follow, max-snippet:-1, max-image-preview:large, max-video-preview:-1\" \/>\n<link rel=\"canonical\" href=\"https:\/\/franciscobelmonte.com\/tienda\/casco-mt-targo-s-kay-negro-gris-mate\/\" \/>\n<meta property=\"og:locale\" content=\"es_ES\" \/>\n<meta property=\"og:type\" content=\"article\" \/>\n<meta property=\"og:title\" content=\"CASCO MT TARGO S KAY NEGRO\/GRIS MATE - Boutique Francisco Belmonte\" \/>\n<meta property=\"og:description\" content=\"Casco MT Targo S Kay Negro-Gris Mate Puedes descubrirlo y prob\u00e1rtelo en nuestra Boutique Francisco Belmonte en Murcia. Al mejor precio.\" \/>\n<meta property=\"og:url\" content=\"https:\/\/franciscobelmonte.com\/tienda\/casco-mt-targo-s-kay-negro-gris-mate\/\" \/>\n<meta property=\"og:site_name\" content=\"Boutique Francisco Belmonte\" \/>\n<meta property=\"article:publisher\" content=\"https:\/\/www.facebook.com\/motosfranciscobelmonte\" \/>\n<meta property=\"article:modified_time\" content=\"2025-12-15T11:15:42+00:00\" \/>\n<meta property=\"og:image\" content=\"https:\/\/franciscobelmonte.com\/tienda\/wp-content\/uploads\/2024\/02\/casco-integral-mt-helmets-targo-s-kay-negro-gris-mate.jpg\" \/>\n\t<meta property=\"og:image:width\" content=\"800\" \/>\n\t<meta property=\"og:image:height\" content=\"800\" \/>\n\t<meta property=\"og:image:type\" content=\"image\/jpeg\" \/>\n<meta name=\"twitter:card\" content=\"summary_large_image\" \/>\n<meta name=\"twitter:label1\" content=\"Tiempo de lectura\" \/>\n\t<meta name=\"twitter:data1\" content=\"1 minuto\" \/>\n<script type=\"application\/ld+json\" class=\"yoast-schema-graph\">{\"@context\":\"https:\\\/\\\/schema.org\",\"@graph\":[{\"@type\":\"WebPage\",\"@id\":\"https:\\\/\\\/franciscobelmonte.com\\\/tienda\\\/casco-mt-targo-s-kay-negro-gris-mate\\\/\",\"url\":\"https:\\\/\\\/franciscobelmonte.com\\\/tienda\\\/casco-mt-targo-s-kay-negro-gris-mate\\\/\",\"name\":\"CASCO MT TARGO S KAY NEGRO\\\/GRIS MATE - Boutique Francisco Belmonte\",\"isPartOf\":{\"@id\":\"https:\\\/\\\/franciscobelmonte.com\\\/tienda\\\/#website\"},\"primaryImageOfPage\":{\"@id\":\"https:\\\/\\\/franciscobelmonte.com\\\/tienda\\\/casco-mt-targo-s-kay-negro-gris-mate\\\/#primaryimage\"},\"image\":{\"@id\":\"https:\\\/\\\/franciscobelmonte.com\\\/tienda\\\/casco-mt-targo-s-kay-negro-gris-mate\\\/#primaryimage\"},\"thumbnailUrl\":\"https:\\\/\\\/franciscobelmonte.com\\\/tienda\\\/wp-content\\\/uploads\\\/2024\\\/02\\\/casco-integral-mt-helmets-targo-s-kay-negro-gris-mate.jpg\",\"datePublished\":\"2024-02-15T10:03:58+00:00\",\"dateModified\":\"2025-12-15T11:15:42+00:00\",\"description\":\"Casco MT Targo S Kay Negro-Gris Mate Puedes descubrirlo y prob\u00e1rtelo en nuestra Boutique Francisco Belmonte en Murcia. Al mejor precio.\",\"breadcrumb\":{\"@id\":\"https:\\\/\\\/franciscobelmonte.com\\\/tienda\\\/casco-mt-targo-s-kay-negro-gris-mate\\\/#breadcrumb\"},\"inLanguage\":\"es\",\"potentialAction\":[{\"@type\":\"ReadAction\",\"target\":[\"https:\\\/\\\/franciscobelmonte.com\\\/tienda\\\/casco-mt-targo-s-kay-negro-gris-mate\\\/\"]}]},{\"@type\":\"ImageObject\",\"inLanguage\":\"es\",\"@id\":\"https:\\\/\\\/franciscobelmonte.com\\\/tienda\\\/casco-mt-targo-s-kay-negro-gris-mate\\\/#primaryimage\",\"url\":\"https:\\\/\\\/franciscobelmonte.com\\\/tienda\\\/wp-content\\\/uploads\\\/2024\\\/02\\\/casco-integral-mt-helmets-targo-s-kay-negro-gris-mate.jpg\",\"contentUrl\":\"https:\\\/\\\/franciscobelmonte.com\\\/tienda\\\/wp-content\\\/uploads\\\/2024\\\/02\\\/casco-integral-mt-helmets-targo-s-kay-negro-gris-mate.jpg\",\"width\":800,\"height\":800,\"caption\":\"casco mt targo s kay negro gris mate en murcia francisco belmonte\"},{\"@type\":\"BreadcrumbList\",\"@id\":\"https:\\\/\\\/franciscobelmonte.com\\\/tienda\\\/casco-mt-targo-s-kay-negro-gris-mate\\\/#breadcrumb\",\"itemListElement\":[{\"@type\":\"ListItem\",\"position\":1,\"name\":\"Portada\",\"item\":\"https:\\\/\\\/franciscobelmonte.com\\\/tienda\\\/\"},{\"@type\":\"ListItem\",\"position\":2,\"name\":\"Tienda\",\"item\":\"https:\\\/\\\/franciscobelmonte.com\\\/tienda\\\/boutique-equipamiento-motero\\\/\"},{\"@type\":\"ListItem\",\"position\":3,\"name\":\"CASCO MT TARGO S KAY NEGRO\\\/GRIS MATE\"}]},{\"@type\":\"WebSite\",\"@id\":\"https:\\\/\\\/franciscobelmonte.com\\\/tienda\\\/#website\",\"url\":\"https:\\\/\\\/franciscobelmonte.com\\\/tienda\\\/\",\"name\":\"Boutique Francisco Belmonte\",\"description\":\"Todo en complementos para motoristas\",\"publisher\":{\"@id\":\"https:\\\/\\\/franciscobelmonte.com\\\/tienda\\\/#organization\"},\"potentialAction\":[{\"@type\":\"SearchAction\",\"target\":{\"@type\":\"EntryPoint\",\"urlTemplate\":\"https:\\\/\\\/franciscobelmonte.com\\\/tienda\\\/?s={search_term_string}\"},\"query-input\":{\"@type\":\"PropertyValueSpecification\",\"valueRequired\":true,\"valueName\":\"search_term_string\"}}],\"inLanguage\":\"es\"},{\"@type\":\"Organization\",\"@id\":\"https:\\\/\\\/franciscobelmonte.com\\\/tienda\\\/#organization\",\"name\":\"Boutique Francisco Belmonte\",\"url\":\"https:\\\/\\\/franciscobelmonte.com\\\/tienda\\\/\",\"logo\":{\"@type\":\"ImageObject\",\"inLanguage\":\"es\",\"@id\":\"https:\\\/\\\/franciscobelmonte.com\\\/tienda\\\/#\\\/schema\\\/logo\\\/image\\\/\",\"url\":\"https:\\\/\\\/franciscobelmonte.com\\\/tienda\\\/wp-content\\\/uploads\\\/2021\\\/12\\\/Francisco-Belmonte-logo.png\",\"contentUrl\":\"https:\\\/\\\/franciscobelmonte.com\\\/tienda\\\/wp-content\\\/uploads\\\/2021\\\/12\\\/Francisco-Belmonte-logo.png\",\"width\":2153,\"height\":536,\"caption\":\"Boutique Francisco Belmonte\"},\"image\":{\"@id\":\"https:\\\/\\\/franciscobelmonte.com\\\/tienda\\\/#\\\/schema\\\/logo\\\/image\\\/\"},\"sameAs\":[\"https:\\\/\\\/www.facebook.com\\\/motosfranciscobelmonte\",\"https:\\\/\\\/www.instagram.com\\\/fco.belmonte\\\/\"]}]}<\/script>\n<!-- \/ Yoast SEO plugin. -->","yoast_head_json":{"title":"CASCO MT TARGO S KAY NEGRO\/GRIS MATE - Boutique Francisco Belmonte","description":"Casco MT Targo S Kay Negro-Gris Mate Puedes descubrirlo y prob\u00e1rtelo en nuestra Boutique Francisco Belmonte en Murcia. Al mejor precio.","robots":{"index":"index","follow":"follow","max-snippet":"max-snippet:-1","max-image-preview":"max-image-preview:large","max-video-preview":"max-video-preview:-1"},"canonical":"https:\/\/franciscobelmonte.com\/tienda\/casco-mt-targo-s-kay-negro-gris-mate\/","og_locale":"es_ES","og_type":"article","og_title":"CASCO MT TARGO S KAY NEGRO\/GRIS MATE - Boutique Francisco Belmonte","og_description":"Casco MT Targo S Kay Negro-Gris Mate Puedes descubrirlo y prob\u00e1rtelo en nuestra Boutique Francisco Belmonte en Murcia. Al mejor precio.","og_url":"https:\/\/franciscobelmonte.com\/tienda\/casco-mt-targo-s-kay-negro-gris-mate\/","og_site_name":"Boutique Francisco Belmonte","article_publisher":"https:\/\/www.facebook.com\/motosfranciscobelmonte","article_modified_time":"2025-12-15T11:15:42+00:00","og_image":[{"width":800,"height":800,"url":"https:\/\/franciscobelmonte.com\/tienda\/wp-content\/uploads\/2024\/02\/casco-integral-mt-helmets-targo-s-kay-negro-gris-mate.jpg","type":"image\/jpeg"}],"twitter_card":"summary_large_image","twitter_misc":{"Tiempo de lectura":"1 minuto"},"schema":{"@context":"https:\/\/schema.org","@graph":[{"@type":"WebPage","@id":"https:\/\/franciscobelmonte.com\/tienda\/casco-mt-targo-s-kay-negro-gris-mate\/","url":"https:\/\/franciscobelmonte.com\/tienda\/casco-mt-targo-s-kay-negro-gris-mate\/","name":"CASCO MT TARGO S KAY NEGRO\/GRIS MATE - Boutique Francisco Belmonte","isPartOf":{"@id":"https:\/\/franciscobelmonte.com\/tienda\/#website"},"primaryImageOfPage":{"@id":"https:\/\/franciscobelmonte.com\/tienda\/casco-mt-targo-s-kay-negro-gris-mate\/#primaryimage"},"image":{"@id":"https:\/\/franciscobelmonte.com\/tienda\/casco-mt-targo-s-kay-negro-gris-mate\/#primaryimage"},"thumbnailUrl":"https:\/\/franciscobelmonte.com\/tienda\/wp-content\/uploads\/2024\/02\/casco-integral-mt-helmets-targo-s-kay-negro-gris-mate.jpg","datePublished":"2024-02-15T10:03:58+00:00","dateModified":"2025-12-15T11:15:42+00:00","description":"Casco MT Targo S Kay Negro-Gris Mate Puedes descubrirlo y prob\u00e1rtelo en nuestra Boutique Francisco Belmonte en Murcia. Al mejor precio.","breadcrumb":{"@id":"https:\/\/franciscobelmonte.com\/tienda\/casco-mt-targo-s-kay-negro-gris-mate\/#breadcrumb"},"inLanguage":"es","potentialAction":[{"@type":"ReadAction","target":["https:\/\/franciscobelmonte.com\/tienda\/casco-mt-targo-s-kay-negro-gris-mate\/"]}]},{"@type":"ImageObject","inLanguage":"es","@id":"https:\/\/franciscobelmonte.com\/tienda\/casco-mt-targo-s-kay-negro-gris-mate\/#primaryimage","url":"https:\/\/franciscobelmonte.com\/tienda\/wp-content\/uploads\/2024\/02\/casco-integral-mt-helmets-targo-s-kay-negro-gris-mate.jpg","contentUrl":"https:\/\/franciscobelmonte.com\/tienda\/wp-content\/uploads\/2024\/02\/casco-integral-mt-helmets-targo-s-kay-negro-gris-mate.jpg","width":800,"height":800,"caption":"casco mt targo s kay negro gris mate en murcia francisco belmonte"},{"@type":"BreadcrumbList","@id":"https:\/\/franciscobelmonte.com\/tienda\/casco-mt-targo-s-kay-negro-gris-mate\/#breadcrumb","itemListElement":[{"@type":"ListItem","position":1,"name":"Portada","item":"https:\/\/franciscobelmonte.com\/tienda\/"},{"@type":"ListItem","position":2,"name":"Tienda","item":"https:\/\/franciscobelmonte.com\/tienda\/boutique-equipamiento-motero\/"},{"@type":"ListItem","position":3,"name":"CASCO MT TARGO S KAY NEGRO\/GRIS MATE"}]},{"@type":"WebSite","@id":"https:\/\/franciscobelmonte.com\/tienda\/#website","url":"https:\/\/franciscobelmonte.com\/tienda\/","name":"Boutique Francisco Belmonte","description":"Todo en complementos para motoristas","publisher":{"@id":"https:\/\/franciscobelmonte.com\/tienda\/#organization"},"potentialAction":[{"@type":"SearchAction","target":{"@type":"EntryPoint","urlTemplate":"https:\/\/franciscobelmonte.com\/tienda\/?s={search_term_string}"},"query-input":{"@type":"PropertyValueSpecification","valueRequired":true,"valueName":"search_term_string"}}],"inLanguage":"es"},{"@type":"Organization","@id":"https:\/\/franciscobelmonte.com\/tienda\/#organization","name":"Boutique Francisco Belmonte","url":"https:\/\/franciscobelmonte.com\/tienda\/","logo":{"@type":"ImageObject","inLanguage":"es","@id":"https:\/\/franciscobelmonte.com\/tienda\/#\/schema\/logo\/image\/","url":"https:\/\/franciscobelmonte.com\/tienda\/wp-content\/uploads\/2021\/12\/Francisco-Belmonte-logo.png","contentUrl":"https:\/\/franciscobelmonte.com\/tienda\/wp-content\/uploads\/2021\/12\/Francisco-Belmonte-logo.png","width":2153,"height":536,"caption":"Boutique Francisco Belmonte"},"image":{"@id":"https:\/\/franciscobelmonte.com\/tienda\/#\/schema\/logo\/image\/"},"sameAs":["https:\/\/www.facebook.com\/motosfranciscobelmonte","https:\/\/www.instagram.com\/fco.belmonte\/"]}]}},"jetpack_sharing_enabled":true,"brands":[{"id":224,"name":"MT Helmets","slug":"mt-helmets"}],"_links":{"self":[{"href":"https:\/\/franciscobelmonte.com\/tienda\/wp-json\/wp\/v2\/product\/11672","targetHints":{"allow":["GET"]}}],"collection":[{"href":"https:\/\/franciscobelmonte.com\/tienda\/wp-json\/wp\/v2\/product"}],"about":[{"href":"https:\/\/franciscobelmonte.com\/tienda\/wp-json\/wp\/v2\/types\/product"}],"replies":[{"embeddable":true,"href":"https:\/\/franciscobelmonte.com\/tienda\/wp-json\/wp\/v2\/comments?post=11672"}],"wp:featuredmedia":[{"embeddable":true,"href":"https:\/\/franciscobelmonte.com\/tienda\/wp-json\/wp\/v2\/media\/11678"}],"wp:attachment":[{"href":"https:\/\/franciscobelmonte.com\/tienda\/wp-json\/wp\/v2\/media?parent=11672"}],"wp:term":[{"taxonomy":"pwb-brand","embeddable":true,"href":"https:\/\/franciscobelmonte.com\/tienda\/wp-json\/wp\/v2\/pwb-brand?post=11672"},{"taxonomy":"product_brand","embeddable":true,"href":"https:\/\/franciscobelmonte.com\/tienda\/wp-json\/wp\/v2\/product_brand?post=11672"},{"taxonomy":"product_cat","embeddable":true,"href":"https:\/\/franciscobelmonte.com\/tienda\/wp-json\/wp\/v2\/product_cat?post=11672"},{"taxonomy":"product_tag","embeddable":true,"href":"https:\/\/franciscobelmonte.com\/tienda\/wp-json\/wp\/v2\/product_tag?post=11672"}],"curies":[{"name":"wp","href":"https:\/\/api.w.org\/{rel}","templated":true}]}}