{"id":11778,"date":"2024-02-23T12:46:07","date_gmt":"2024-02-23T10:46:07","guid":{"rendered":"https:\/\/franciscobelmonte.com\/tienda\/?post_type=product&#038;p=11778"},"modified":"2025-07-30T10:19:14","modified_gmt":"2025-07-30T08:19:14","slug":"casco-ls2-ff800-storm-ii-graphic-racer-rojo-azul","status":"publish","type":"product","link":"https:\/\/franciscobelmonte.com\/tienda\/casco-ls2-ff800-storm-ii-graphic-racer-rojo-azul\/","title":{"rendered":"CASCO LS2 FF800 STORM II GRAPHIC RACER ROJO \/ AZUL"},"content":{"rendered":"<h3>Casco LS2 FF800 Storm II Graphic Racer Rojo \/ Azul<\/h3>\n<p><strong>Caracter\u00edsticas<\/strong><\/p>\n<ul>\n<li>Fabricado KPA. La KPA es una mezcla patentada de policarbonato, termopl\u00e1sticos de la era espacial y de otros materiales formulados espec\u00edficamente por LS2 que proporciona un peso ultraligero y una alta resistencia a la penetraci\u00f3n, as\u00ed como algo de flexibilidad para una dispersi\u00f3n m\u00e1xima de la energ\u00eda<\/li>\n<li>2 tama\u00f1os de calota<\/li>\n<li>Homologaci\u00f3n 22.06<\/li>\n<li>Peso 1500 +- 50 gr<\/li>\n<\/ul>\n<p><strong>Pantalla<\/strong><\/p>\n<ul>\n<li>Los visores de los cascos LS2 se componen de lentes de policarbonato de Clase A \u00f3pticamente para una visi\u00f3n en 3D y de un pol\u00edmero de la era espacial con una alta resistencia al impacto que evita la deformaci\u00f3n y ofrece una claridad m\u00e1xima<\/li>\n<li>Visor solar interno retr\u00e1ctil con una protecci\u00f3n UV 380<\/li>\n<li>Sistema de desmontaje r\u00e1pido de pantalla<\/li>\n<li>Tratamiento antiara\u00f1azos<\/li>\n<li>Tratamiento anti uva<\/li>\n<li>Incluye Pinlock Max Vision<\/li>\n<\/ul>\n<p><strong>Confort<\/strong><\/p>\n<ul>\n<li>Interior extra c\u00f3modo, desmontable, lavable, transpirable e hipoalerg\u00e9nico<\/li>\n<li>Acolchado cortado mediante l\u00e1ser 3D<\/li>\n<li>Cubrebarbilla y cubrenariz incluido<\/li>\n<\/ul>\n<p><strong>Seguridad<\/strong><\/p>\n<ul>\n<li>Cierre microm\u00e9trico<\/li>\n<li>Correa reforzada<\/li>\n<li>Adhesivos reflectantes<\/li>\n<li>EPS con acolchado multidensidad<\/li>\n<\/ul>\n<p><strong>Sistema de ventilaci\u00f3n<\/strong><\/p>\n<ul>\n<li>Entrada de aire frontal y en la mentonera<\/li>\n<li>Salida de aire trasera<\/li>\n<\/ul>\n<p>&nbsp;<\/p>\n<p>&nbsp;<\/p>\n<p>&nbsp;<\/p>\n<p>&nbsp;<\/p>\n<p>&nbsp;<\/p>\n<p>&nbsp;<\/p>\n<p>&nbsp;<\/p>\n","protected":false},"excerpt":{"rendered":"<p>Fabricado KPA. La KPA es una mezcla patentada de policarbonato, termopl\u00e1sticos de la era espacial y de otros materiales formulados espec\u00edficamente por LS2 que proporciona un peso ultraligero y una alta resistencia a la penetraci\u00f3n, as\u00ed como algo de flexibilidad para una dispersi\u00f3n m\u00e1xima de la energ\u00eda.<\/p>\n","protected":false},"featured_media":11784,"comment_status":"open","ping_status":"closed","template":"","meta":{"_themeisle_gutenberg_block_has_review":false},"pwb-brand":[225],"product_brand":[],"product_cat":[15,145],"product_tag":[775,818],"class_list":{"0":"post-11778","1":"product","2":"type-product","3":"status-publish","4":"has-post-thumbnail","6":"pwb-brand-ls2-helmets","7":"product_cat-casco-de-moto","8":"product_cat-cascos-de-moto-integrales","9":"product_tag-ls2-sin-rebajas-20","10":"product_tag-rebajas-20","12":"first","13":"outofstock","14":"taxable","15":"shipping-taxable","16":"product-type-variable","17":"has-default-attributes"},"yoast_head":"<!-- This site is optimized with the Yoast SEO plugin v27.4 - https:\/\/yoast.com\/product\/yoast-seo-wordpress\/ -->\n<title>CASCO LS2 FF800 STORM II GRAPHIC RACER ROJO \/ AZUL - Boutique Francisco Belmonte<\/title>\n<meta name=\"description\" content=\"Casco LS2 FF800 Storm II Graphic Racer Rojo - Azul. Cascos de moto LS2 en Boutique Francisco Belmonte en Murcia. Al mejor precio.\" \/>\n<meta name=\"robots\" content=\"index, follow, max-snippet:-1, max-image-preview:large, max-video-preview:-1\" \/>\n<link rel=\"canonical\" href=\"https:\/\/franciscobelmonte.com\/tienda\/casco-ls2-ff800-storm-ii-graphic-racer-rojo-azul\/\" \/>\n<meta property=\"og:locale\" content=\"es_ES\" \/>\n<meta property=\"og:type\" content=\"article\" \/>\n<meta property=\"og:title\" content=\"CASCO LS2 FF800 STORM II GRAPHIC RACER ROJO \/ AZUL - Boutique Francisco Belmonte\" \/>\n<meta property=\"og:description\" content=\"Casco LS2 FF800 Storm II Graphic Racer Rojo - Azul. Cascos de moto LS2 en Boutique Francisco Belmonte en Murcia. Al mejor precio.\" \/>\n<meta property=\"og:url\" content=\"https:\/\/franciscobelmonte.com\/tienda\/casco-ls2-ff800-storm-ii-graphic-racer-rojo-azul\/\" \/>\n<meta property=\"og:site_name\" content=\"Boutique Francisco Belmonte\" \/>\n<meta property=\"article:publisher\" content=\"https:\/\/www.facebook.com\/motosfranciscobelmonte\" \/>\n<meta property=\"article:modified_time\" content=\"2025-07-30T08:19:14+00:00\" \/>\n<meta property=\"og:image\" content=\"https:\/\/franciscobelmonte.com\/tienda\/wp-content\/uploads\/2024\/02\/Casco-LS2-FF800-Storm-II-Racer-Rojo-Azul.jpg\" \/>\n\t<meta property=\"og:image:width\" content=\"800\" \/>\n\t<meta property=\"og:image:height\" content=\"800\" \/>\n\t<meta property=\"og:image:type\" content=\"image\/jpeg\" \/>\n<meta name=\"twitter:card\" content=\"summary_large_image\" \/>\n<meta name=\"twitter:label1\" content=\"Tiempo de lectura\" \/>\n\t<meta name=\"twitter:data1\" content=\"1 minuto\" \/>\n<script type=\"application\/ld+json\" class=\"yoast-schema-graph\">{\"@context\":\"https:\\\/\\\/schema.org\",\"@graph\":[{\"@type\":\"WebPage\",\"@id\":\"https:\\\/\\\/franciscobelmonte.com\\\/tienda\\\/casco-ls2-ff800-storm-ii-graphic-racer-rojo-azul\\\/\",\"url\":\"https:\\\/\\\/franciscobelmonte.com\\\/tienda\\\/casco-ls2-ff800-storm-ii-graphic-racer-rojo-azul\\\/\",\"name\":\"CASCO LS2 FF800 STORM II GRAPHIC RACER ROJO \\\/ AZUL - Boutique Francisco Belmonte\",\"isPartOf\":{\"@id\":\"https:\\\/\\\/franciscobelmonte.com\\\/tienda\\\/#website\"},\"primaryImageOfPage\":{\"@id\":\"https:\\\/\\\/franciscobelmonte.com\\\/tienda\\\/casco-ls2-ff800-storm-ii-graphic-racer-rojo-azul\\\/#primaryimage\"},\"image\":{\"@id\":\"https:\\\/\\\/franciscobelmonte.com\\\/tienda\\\/casco-ls2-ff800-storm-ii-graphic-racer-rojo-azul\\\/#primaryimage\"},\"thumbnailUrl\":\"https:\\\/\\\/franciscobelmonte.com\\\/tienda\\\/wp-content\\\/uploads\\\/2024\\\/02\\\/Casco-LS2-FF800-Storm-II-Racer-Rojo-Azul.jpg\",\"datePublished\":\"2024-02-23T10:46:07+00:00\",\"dateModified\":\"2025-07-30T08:19:14+00:00\",\"description\":\"Casco LS2 FF800 Storm II Graphic Racer Rojo - Azul. Cascos de moto LS2 en Boutique Francisco Belmonte en Murcia. Al mejor precio.\",\"breadcrumb\":{\"@id\":\"https:\\\/\\\/franciscobelmonte.com\\\/tienda\\\/casco-ls2-ff800-storm-ii-graphic-racer-rojo-azul\\\/#breadcrumb\"},\"inLanguage\":\"es\",\"potentialAction\":[{\"@type\":\"ReadAction\",\"target\":[\"https:\\\/\\\/franciscobelmonte.com\\\/tienda\\\/casco-ls2-ff800-storm-ii-graphic-racer-rojo-azul\\\/\"]}]},{\"@type\":\"ImageObject\",\"inLanguage\":\"es\",\"@id\":\"https:\\\/\\\/franciscobelmonte.com\\\/tienda\\\/casco-ls2-ff800-storm-ii-graphic-racer-rojo-azul\\\/#primaryimage\",\"url\":\"https:\\\/\\\/franciscobelmonte.com\\\/tienda\\\/wp-content\\\/uploads\\\/2024\\\/02\\\/Casco-LS2-FF800-Storm-II-Racer-Rojo-Azul.jpg\",\"contentUrl\":\"https:\\\/\\\/franciscobelmonte.com\\\/tienda\\\/wp-content\\\/uploads\\\/2024\\\/02\\\/Casco-LS2-FF800-Storm-II-Racer-Rojo-Azul.jpg\",\"width\":800,\"height\":800,\"caption\":\"casco ls2 ff800 storm II racer rojo azul en murcia francisco belmonte\"},{\"@type\":\"BreadcrumbList\",\"@id\":\"https:\\\/\\\/franciscobelmonte.com\\\/tienda\\\/casco-ls2-ff800-storm-ii-graphic-racer-rojo-azul\\\/#breadcrumb\",\"itemListElement\":[{\"@type\":\"ListItem\",\"position\":1,\"name\":\"Portada\",\"item\":\"https:\\\/\\\/franciscobelmonte.com\\\/tienda\\\/\"},{\"@type\":\"ListItem\",\"position\":2,\"name\":\"Tienda\",\"item\":\"https:\\\/\\\/franciscobelmonte.com\\\/tienda\\\/boutique-equipamiento-motero\\\/\"},{\"@type\":\"ListItem\",\"position\":3,\"name\":\"CASCO LS2 FF800 STORM II GRAPHIC RACER ROJO \\\/ AZUL\"}]},{\"@type\":\"WebSite\",\"@id\":\"https:\\\/\\\/franciscobelmonte.com\\\/tienda\\\/#website\",\"url\":\"https:\\\/\\\/franciscobelmonte.com\\\/tienda\\\/\",\"name\":\"Boutique Francisco Belmonte\",\"description\":\"Todo en complementos para motoristas\",\"publisher\":{\"@id\":\"https:\\\/\\\/franciscobelmonte.com\\\/tienda\\\/#organization\"},\"potentialAction\":[{\"@type\":\"SearchAction\",\"target\":{\"@type\":\"EntryPoint\",\"urlTemplate\":\"https:\\\/\\\/franciscobelmonte.com\\\/tienda\\\/?s={search_term_string}\"},\"query-input\":{\"@type\":\"PropertyValueSpecification\",\"valueRequired\":true,\"valueName\":\"search_term_string\"}}],\"inLanguage\":\"es\"},{\"@type\":\"Organization\",\"@id\":\"https:\\\/\\\/franciscobelmonte.com\\\/tienda\\\/#organization\",\"name\":\"Boutique Francisco Belmonte\",\"url\":\"https:\\\/\\\/franciscobelmonte.com\\\/tienda\\\/\",\"logo\":{\"@type\":\"ImageObject\",\"inLanguage\":\"es\",\"@id\":\"https:\\\/\\\/franciscobelmonte.com\\\/tienda\\\/#\\\/schema\\\/logo\\\/image\\\/\",\"url\":\"https:\\\/\\\/franciscobelmonte.com\\\/tienda\\\/wp-content\\\/uploads\\\/2021\\\/12\\\/Francisco-Belmonte-logo.png\",\"contentUrl\":\"https:\\\/\\\/franciscobelmonte.com\\\/tienda\\\/wp-content\\\/uploads\\\/2021\\\/12\\\/Francisco-Belmonte-logo.png\",\"width\":2153,\"height\":536,\"caption\":\"Boutique Francisco Belmonte\"},\"image\":{\"@id\":\"https:\\\/\\\/franciscobelmonte.com\\\/tienda\\\/#\\\/schema\\\/logo\\\/image\\\/\"},\"sameAs\":[\"https:\\\/\\\/www.facebook.com\\\/motosfranciscobelmonte\",\"https:\\\/\\\/www.instagram.com\\\/fco.belmonte\\\/\"]}]}<\/script>\n<!-- \/ Yoast SEO plugin. -->","yoast_head_json":{"title":"CASCO LS2 FF800 STORM II GRAPHIC RACER ROJO \/ AZUL - Boutique Francisco Belmonte","description":"Casco LS2 FF800 Storm II Graphic Racer Rojo - Azul. Cascos de moto LS2 en Boutique Francisco Belmonte en Murcia. Al mejor precio.","robots":{"index":"index","follow":"follow","max-snippet":"max-snippet:-1","max-image-preview":"max-image-preview:large","max-video-preview":"max-video-preview:-1"},"canonical":"https:\/\/franciscobelmonte.com\/tienda\/casco-ls2-ff800-storm-ii-graphic-racer-rojo-azul\/","og_locale":"es_ES","og_type":"article","og_title":"CASCO LS2 FF800 STORM II GRAPHIC RACER ROJO \/ AZUL - Boutique Francisco Belmonte","og_description":"Casco LS2 FF800 Storm II Graphic Racer Rojo - Azul. Cascos de moto LS2 en Boutique Francisco Belmonte en Murcia. Al mejor precio.","og_url":"https:\/\/franciscobelmonte.com\/tienda\/casco-ls2-ff800-storm-ii-graphic-racer-rojo-azul\/","og_site_name":"Boutique Francisco Belmonte","article_publisher":"https:\/\/www.facebook.com\/motosfranciscobelmonte","article_modified_time":"2025-07-30T08:19:14+00:00","og_image":[{"width":800,"height":800,"url":"https:\/\/franciscobelmonte.com\/tienda\/wp-content\/uploads\/2024\/02\/Casco-LS2-FF800-Storm-II-Racer-Rojo-Azul.jpg","type":"image\/jpeg"}],"twitter_card":"summary_large_image","twitter_misc":{"Tiempo de lectura":"1 minuto"},"schema":{"@context":"https:\/\/schema.org","@graph":[{"@type":"WebPage","@id":"https:\/\/franciscobelmonte.com\/tienda\/casco-ls2-ff800-storm-ii-graphic-racer-rojo-azul\/","url":"https:\/\/franciscobelmonte.com\/tienda\/casco-ls2-ff800-storm-ii-graphic-racer-rojo-azul\/","name":"CASCO LS2 FF800 STORM II GRAPHIC RACER ROJO \/ AZUL - Boutique Francisco Belmonte","isPartOf":{"@id":"https:\/\/franciscobelmonte.com\/tienda\/#website"},"primaryImageOfPage":{"@id":"https:\/\/franciscobelmonte.com\/tienda\/casco-ls2-ff800-storm-ii-graphic-racer-rojo-azul\/#primaryimage"},"image":{"@id":"https:\/\/franciscobelmonte.com\/tienda\/casco-ls2-ff800-storm-ii-graphic-racer-rojo-azul\/#primaryimage"},"thumbnailUrl":"https:\/\/franciscobelmonte.com\/tienda\/wp-content\/uploads\/2024\/02\/Casco-LS2-FF800-Storm-II-Racer-Rojo-Azul.jpg","datePublished":"2024-02-23T10:46:07+00:00","dateModified":"2025-07-30T08:19:14+00:00","description":"Casco LS2 FF800 Storm II Graphic Racer Rojo - Azul. Cascos de moto LS2 en Boutique Francisco Belmonte en Murcia. Al mejor precio.","breadcrumb":{"@id":"https:\/\/franciscobelmonte.com\/tienda\/casco-ls2-ff800-storm-ii-graphic-racer-rojo-azul\/#breadcrumb"},"inLanguage":"es","potentialAction":[{"@type":"ReadAction","target":["https:\/\/franciscobelmonte.com\/tienda\/casco-ls2-ff800-storm-ii-graphic-racer-rojo-azul\/"]}]},{"@type":"ImageObject","inLanguage":"es","@id":"https:\/\/franciscobelmonte.com\/tienda\/casco-ls2-ff800-storm-ii-graphic-racer-rojo-azul\/#primaryimage","url":"https:\/\/franciscobelmonte.com\/tienda\/wp-content\/uploads\/2024\/02\/Casco-LS2-FF800-Storm-II-Racer-Rojo-Azul.jpg","contentUrl":"https:\/\/franciscobelmonte.com\/tienda\/wp-content\/uploads\/2024\/02\/Casco-LS2-FF800-Storm-II-Racer-Rojo-Azul.jpg","width":800,"height":800,"caption":"casco ls2 ff800 storm II racer rojo azul en murcia francisco belmonte"},{"@type":"BreadcrumbList","@id":"https:\/\/franciscobelmonte.com\/tienda\/casco-ls2-ff800-storm-ii-graphic-racer-rojo-azul\/#breadcrumb","itemListElement":[{"@type":"ListItem","position":1,"name":"Portada","item":"https:\/\/franciscobelmonte.com\/tienda\/"},{"@type":"ListItem","position":2,"name":"Tienda","item":"https:\/\/franciscobelmonte.com\/tienda\/boutique-equipamiento-motero\/"},{"@type":"ListItem","position":3,"name":"CASCO LS2 FF800 STORM II GRAPHIC RACER ROJO \/ AZUL"}]},{"@type":"WebSite","@id":"https:\/\/franciscobelmonte.com\/tienda\/#website","url":"https:\/\/franciscobelmonte.com\/tienda\/","name":"Boutique Francisco Belmonte","description":"Todo en complementos para motoristas","publisher":{"@id":"https:\/\/franciscobelmonte.com\/tienda\/#organization"},"potentialAction":[{"@type":"SearchAction","target":{"@type":"EntryPoint","urlTemplate":"https:\/\/franciscobelmonte.com\/tienda\/?s={search_term_string}"},"query-input":{"@type":"PropertyValueSpecification","valueRequired":true,"valueName":"search_term_string"}}],"inLanguage":"es"},{"@type":"Organization","@id":"https:\/\/franciscobelmonte.com\/tienda\/#organization","name":"Boutique Francisco Belmonte","url":"https:\/\/franciscobelmonte.com\/tienda\/","logo":{"@type":"ImageObject","inLanguage":"es","@id":"https:\/\/franciscobelmonte.com\/tienda\/#\/schema\/logo\/image\/","url":"https:\/\/franciscobelmonte.com\/tienda\/wp-content\/uploads\/2021\/12\/Francisco-Belmonte-logo.png","contentUrl":"https:\/\/franciscobelmonte.com\/tienda\/wp-content\/uploads\/2021\/12\/Francisco-Belmonte-logo.png","width":2153,"height":536,"caption":"Boutique Francisco Belmonte"},"image":{"@id":"https:\/\/franciscobelmonte.com\/tienda\/#\/schema\/logo\/image\/"},"sameAs":["https:\/\/www.facebook.com\/motosfranciscobelmonte","https:\/\/www.instagram.com\/fco.belmonte\/"]}]}},"jetpack_sharing_enabled":true,"brands":[{"id":225,"name":"LS2 Helmets","slug":"ls2-helmets"}],"_links":{"self":[{"href":"https:\/\/franciscobelmonte.com\/tienda\/wp-json\/wp\/v2\/product\/11778","targetHints":{"allow":["GET"]}}],"collection":[{"href":"https:\/\/franciscobelmonte.com\/tienda\/wp-json\/wp\/v2\/product"}],"about":[{"href":"https:\/\/franciscobelmonte.com\/tienda\/wp-json\/wp\/v2\/types\/product"}],"replies":[{"embeddable":true,"href":"https:\/\/franciscobelmonte.com\/tienda\/wp-json\/wp\/v2\/comments?post=11778"}],"wp:featuredmedia":[{"embeddable":true,"href":"https:\/\/franciscobelmonte.com\/tienda\/wp-json\/wp\/v2\/media\/11784"}],"wp:attachment":[{"href":"https:\/\/franciscobelmonte.com\/tienda\/wp-json\/wp\/v2\/media?parent=11778"}],"wp:term":[{"taxonomy":"pwb-brand","embeddable":true,"href":"https:\/\/franciscobelmonte.com\/tienda\/wp-json\/wp\/v2\/pwb-brand?post=11778"},{"taxonomy":"product_brand","embeddable":true,"href":"https:\/\/franciscobelmonte.com\/tienda\/wp-json\/wp\/v2\/product_brand?post=11778"},{"taxonomy":"product_cat","embeddable":true,"href":"https:\/\/franciscobelmonte.com\/tienda\/wp-json\/wp\/v2\/product_cat?post=11778"},{"taxonomy":"product_tag","embeddable":true,"href":"https:\/\/franciscobelmonte.com\/tienda\/wp-json\/wp\/v2\/product_tag?post=11778"}],"curies":[{"name":"wp","href":"https:\/\/api.w.org\/{rel}","templated":true}]}}