{"id":11977,"date":"2024-03-21T11:27:04","date_gmt":"2024-03-21T09:27:04","guid":{"rendered":"https:\/\/franciscobelmonte.com\/tienda\/?post_type=product&#038;p=11977"},"modified":"2025-09-04T15:58:54","modified_gmt":"2025-09-04T13:58:54","slug":"chaqueta-dainese-air-frame-3-tex-negro-negro-rojo-fluor","status":"publish","type":"product","link":"https:\/\/franciscobelmonte.com\/tienda\/chaqueta-dainese-air-frame-3-tex-negro-negro-rojo-fluor\/","title":{"rendered":"CHAQUETA DAINESE AIR FRAME 3 TEX NEGRO \/ NEGRO \/ ROJO FLUOR"},"content":{"rendered":"<h1>Chaqueta Dainese Air Frame 3 Tex Negro \/ Negro \/ Rojo Fl\u00faor<\/h1>\n<p>Chaqueta de uso sport ideal para verano. Confeccionada con malla transpirable y tejido QuickDry, incorpora un forro interior desmontable cortaviento que permite mayor confort. Dispone de protecciones desmontables compuestas para una mejor protecci\u00f3n y un bolsillo con predisposici\u00f3n para montar protector dorsal (no incluido). Cremallera de uni\u00f3n chaqueta-pantal\u00f3n.<\/p>\n<p><strong>Caracter\u00edsticas<\/strong><\/p>\n<ul>\n<li>Confeccionada en malla transpirable y tejido QuickDry que ofrece un secado r\u00e1pido del sudor para ofrecer un mayor confort<\/li>\n<li>Forro interior de malla transpirable que ofrece una \u00f3ptima aireaci\u00f3n<\/li>\n<li>Forro interior desmontable cortavientos<\/li>\n<li>Protecciones desmontables compuestas en hombros y codos con certificaci\u00f3n EN1621.1 de Nivel 1<\/li>\n<li>Bolsillo con predisposici\u00f3n para protector dorsal G1 &amp; G2 (no incluido)<\/li>\n<li>Cuello ajustable<\/li>\n<li>Pu\u00f1os el\u00e1sticos y suaves para mayor comodidad<\/li>\n<li>Cintura, mangas y pu\u00f1os ajustables<\/li>\n<li>1 bolsillo interior impermeable<\/li>\n<li>2 bolsillos exteriores<\/li>\n<li>Cremallera de uni\u00f3n chaqueta-pantal\u00f3n<\/li>\n<li>cierre con cremallera delantera<\/li>\n<li>Inserciones reflectantes para mayor visibilidad nocturna o en condiciones de poca luz<\/li>\n<li>Homologaci\u00f3n EN 17092 de Clase A<\/li>\n<\/ul>\n<p>&nbsp;<\/p>\n","protected":false},"excerpt":{"rendered":"<p>Chaqueta de uso sport ideal para verano. Confeccionada con malla transpirable y tejido QuickDry, incorpora un forro interior desmontable cortaviento que permite mayor confort. Dispone de protecciones desmontables compuestas para una mejor protecci\u00f3n y un bolsillo con predisposici\u00f3n para montar protector dorsal (no incluido).<\/p>\n","protected":false},"featured_media":11981,"comment_status":"open","ping_status":"closed","template":"","meta":{"_themeisle_gutenberg_block_has_review":false},"pwb-brand":[189],"product_brand":[],"product_cat":[46,136],"product_tag":[865,850,772],"class_list":{"0":"post-11977","1":"product","2":"type-product","3":"status-publish","4":"has-post-thumbnail","6":"pwb-brand-dainese","7":"product_cat-chaquetas-de-moto","8":"product_cat-chaqueta-de-moto-verano","9":"product_tag-865","10":"product_tag-rebajas-ropa-verano-20","11":"product_tag-todas-marcas-verano-25","13":"first","14":"outofstock","15":"taxable","16":"shipping-taxable","17":"product-type-variable","18":"has-default-attributes"},"yoast_head":"<!-- This site is optimized with the Yoast SEO plugin v27.3 - https:\/\/yoast.com\/product\/yoast-seo-wordpress\/ -->\n<title>CHAQUETA DAINESE AIR FRAME 3 TEX NEGRO \/ NEGRO \/ ROJO FLUOR - Boutique Francisco Belmonte<\/title>\n<meta name=\"description\" content=\"Chaqueta Dainese Air Frame 3 Tex Negro-Negro-Rojo Fl\u00faor. Chaquetas de moto Dainese en Murcia, Boutique Francisco Belmonte al mejor precio.\" \/>\n<meta name=\"robots\" content=\"index, follow, max-snippet:-1, max-image-preview:large, max-video-preview:-1\" \/>\n<link rel=\"canonical\" href=\"https:\/\/franciscobelmonte.com\/tienda\/chaqueta-dainese-air-frame-3-tex-negro-negro-rojo-fluor\/\" \/>\n<meta property=\"og:locale\" content=\"es_ES\" \/>\n<meta property=\"og:type\" content=\"article\" \/>\n<meta property=\"og:title\" content=\"CHAQUETA DAINESE AIR FRAME 3 TEX NEGRO \/ NEGRO \/ ROJO FLUOR - Boutique Francisco Belmonte\" \/>\n<meta property=\"og:description\" content=\"Chaqueta Dainese Air Frame 3 Tex Negro-Negro-Rojo Fl\u00faor. Chaquetas de moto Dainese en Murcia, Boutique Francisco Belmonte al mejor precio.\" \/>\n<meta property=\"og:url\" content=\"https:\/\/franciscobelmonte.com\/tienda\/chaqueta-dainese-air-frame-3-tex-negro-negro-rojo-fluor\/\" \/>\n<meta property=\"og:site_name\" content=\"Boutique Francisco Belmonte\" \/>\n<meta property=\"article:publisher\" content=\"https:\/\/www.facebook.com\/motosfranciscobelmonte\" \/>\n<meta property=\"article:modified_time\" content=\"2025-09-04T13:58:54+00:00\" \/>\n<meta property=\"og:image\" content=\"https:\/\/franciscobelmonte.com\/tienda\/wp-content\/uploads\/2024\/03\/chaqueta-dainese-air-frame-3-tex-negro-negro-rojo-fluor.jpg\" \/>\n\t<meta property=\"og:image:width\" content=\"800\" \/>\n\t<meta property=\"og:image:height\" content=\"800\" \/>\n\t<meta property=\"og:image:type\" content=\"image\/jpeg\" \/>\n<meta name=\"twitter:card\" content=\"summary_large_image\" \/>\n<meta name=\"twitter:label1\" content=\"Tiempo de lectura\" \/>\n\t<meta name=\"twitter:data1\" content=\"1 minuto\" \/>\n<script type=\"application\/ld+json\" class=\"yoast-schema-graph\">{\"@context\":\"https:\\\/\\\/schema.org\",\"@graph\":[{\"@type\":\"WebPage\",\"@id\":\"https:\\\/\\\/franciscobelmonte.com\\\/tienda\\\/chaqueta-dainese-air-frame-3-tex-negro-negro-rojo-fluor\\\/\",\"url\":\"https:\\\/\\\/franciscobelmonte.com\\\/tienda\\\/chaqueta-dainese-air-frame-3-tex-negro-negro-rojo-fluor\\\/\",\"name\":\"CHAQUETA DAINESE AIR FRAME 3 TEX NEGRO \\\/ NEGRO \\\/ ROJO FLUOR - Boutique Francisco Belmonte\",\"isPartOf\":{\"@id\":\"https:\\\/\\\/franciscobelmonte.com\\\/tienda\\\/#website\"},\"primaryImageOfPage\":{\"@id\":\"https:\\\/\\\/franciscobelmonte.com\\\/tienda\\\/chaqueta-dainese-air-frame-3-tex-negro-negro-rojo-fluor\\\/#primaryimage\"},\"image\":{\"@id\":\"https:\\\/\\\/franciscobelmonte.com\\\/tienda\\\/chaqueta-dainese-air-frame-3-tex-negro-negro-rojo-fluor\\\/#primaryimage\"},\"thumbnailUrl\":\"https:\\\/\\\/franciscobelmonte.com\\\/tienda\\\/wp-content\\\/uploads\\\/2024\\\/03\\\/chaqueta-dainese-air-frame-3-tex-negro-negro-rojo-fluor.jpg\",\"datePublished\":\"2024-03-21T09:27:04+00:00\",\"dateModified\":\"2025-09-04T13:58:54+00:00\",\"description\":\"Chaqueta Dainese Air Frame 3 Tex Negro-Negro-Rojo Fl\u00faor. Chaquetas de moto Dainese en Murcia, Boutique Francisco Belmonte al mejor precio.\",\"breadcrumb\":{\"@id\":\"https:\\\/\\\/franciscobelmonte.com\\\/tienda\\\/chaqueta-dainese-air-frame-3-tex-negro-negro-rojo-fluor\\\/#breadcrumb\"},\"inLanguage\":\"es\",\"potentialAction\":[{\"@type\":\"ReadAction\",\"target\":[\"https:\\\/\\\/franciscobelmonte.com\\\/tienda\\\/chaqueta-dainese-air-frame-3-tex-negro-negro-rojo-fluor\\\/\"]}]},{\"@type\":\"ImageObject\",\"inLanguage\":\"es\",\"@id\":\"https:\\\/\\\/franciscobelmonte.com\\\/tienda\\\/chaqueta-dainese-air-frame-3-tex-negro-negro-rojo-fluor\\\/#primaryimage\",\"url\":\"https:\\\/\\\/franciscobelmonte.com\\\/tienda\\\/wp-content\\\/uploads\\\/2024\\\/03\\\/chaqueta-dainese-air-frame-3-tex-negro-negro-rojo-fluor.jpg\",\"contentUrl\":\"https:\\\/\\\/franciscobelmonte.com\\\/tienda\\\/wp-content\\\/uploads\\\/2024\\\/03\\\/chaqueta-dainese-air-frame-3-tex-negro-negro-rojo-fluor.jpg\",\"width\":800,\"height\":800,\"caption\":\"chaqueta dainese air frame 3 tex negro rojo fluor en murcia francisco belmonte\"},{\"@type\":\"BreadcrumbList\",\"@id\":\"https:\\\/\\\/franciscobelmonte.com\\\/tienda\\\/chaqueta-dainese-air-frame-3-tex-negro-negro-rojo-fluor\\\/#breadcrumb\",\"itemListElement\":[{\"@type\":\"ListItem\",\"position\":1,\"name\":\"Portada\",\"item\":\"https:\\\/\\\/franciscobelmonte.com\\\/tienda\\\/\"},{\"@type\":\"ListItem\",\"position\":2,\"name\":\"Tienda\",\"item\":\"https:\\\/\\\/franciscobelmonte.com\\\/tienda\\\/boutique-equipamiento-motero\\\/\"},{\"@type\":\"ListItem\",\"position\":3,\"name\":\"CHAQUETA DAINESE AIR FRAME 3 TEX NEGRO \\\/ NEGRO \\\/ ROJO FLUOR\"}]},{\"@type\":\"WebSite\",\"@id\":\"https:\\\/\\\/franciscobelmonte.com\\\/tienda\\\/#website\",\"url\":\"https:\\\/\\\/franciscobelmonte.com\\\/tienda\\\/\",\"name\":\"Boutique Francisco Belmonte\",\"description\":\"Todo en complementos para motoristas\",\"publisher\":{\"@id\":\"https:\\\/\\\/franciscobelmonte.com\\\/tienda\\\/#organization\"},\"potentialAction\":[{\"@type\":\"SearchAction\",\"target\":{\"@type\":\"EntryPoint\",\"urlTemplate\":\"https:\\\/\\\/franciscobelmonte.com\\\/tienda\\\/?s={search_term_string}\"},\"query-input\":{\"@type\":\"PropertyValueSpecification\",\"valueRequired\":true,\"valueName\":\"search_term_string\"}}],\"inLanguage\":\"es\"},{\"@type\":\"Organization\",\"@id\":\"https:\\\/\\\/franciscobelmonte.com\\\/tienda\\\/#organization\",\"name\":\"Boutique Francisco Belmonte\",\"url\":\"https:\\\/\\\/franciscobelmonte.com\\\/tienda\\\/\",\"logo\":{\"@type\":\"ImageObject\",\"inLanguage\":\"es\",\"@id\":\"https:\\\/\\\/franciscobelmonte.com\\\/tienda\\\/#\\\/schema\\\/logo\\\/image\\\/\",\"url\":\"https:\\\/\\\/franciscobelmonte.com\\\/tienda\\\/wp-content\\\/uploads\\\/2021\\\/12\\\/Francisco-Belmonte-logo.png\",\"contentUrl\":\"https:\\\/\\\/franciscobelmonte.com\\\/tienda\\\/wp-content\\\/uploads\\\/2021\\\/12\\\/Francisco-Belmonte-logo.png\",\"width\":2153,\"height\":536,\"caption\":\"Boutique Francisco Belmonte\"},\"image\":{\"@id\":\"https:\\\/\\\/franciscobelmonte.com\\\/tienda\\\/#\\\/schema\\\/logo\\\/image\\\/\"},\"sameAs\":[\"https:\\\/\\\/www.facebook.com\\\/motosfranciscobelmonte\",\"https:\\\/\\\/www.instagram.com\\\/fco.belmonte\\\/\"]}]}<\/script>\n<!-- \/ Yoast SEO plugin. -->","yoast_head_json":{"title":"CHAQUETA DAINESE AIR FRAME 3 TEX NEGRO \/ NEGRO \/ ROJO FLUOR - Boutique Francisco Belmonte","description":"Chaqueta Dainese Air Frame 3 Tex Negro-Negro-Rojo Fl\u00faor. Chaquetas de moto Dainese en Murcia, Boutique Francisco Belmonte al mejor precio.","robots":{"index":"index","follow":"follow","max-snippet":"max-snippet:-1","max-image-preview":"max-image-preview:large","max-video-preview":"max-video-preview:-1"},"canonical":"https:\/\/franciscobelmonte.com\/tienda\/chaqueta-dainese-air-frame-3-tex-negro-negro-rojo-fluor\/","og_locale":"es_ES","og_type":"article","og_title":"CHAQUETA DAINESE AIR FRAME 3 TEX NEGRO \/ NEGRO \/ ROJO FLUOR - Boutique Francisco Belmonte","og_description":"Chaqueta Dainese Air Frame 3 Tex Negro-Negro-Rojo Fl\u00faor. Chaquetas de moto Dainese en Murcia, Boutique Francisco Belmonte al mejor precio.","og_url":"https:\/\/franciscobelmonte.com\/tienda\/chaqueta-dainese-air-frame-3-tex-negro-negro-rojo-fluor\/","og_site_name":"Boutique Francisco Belmonte","article_publisher":"https:\/\/www.facebook.com\/motosfranciscobelmonte","article_modified_time":"2025-09-04T13:58:54+00:00","og_image":[{"width":800,"height":800,"url":"https:\/\/franciscobelmonte.com\/tienda\/wp-content\/uploads\/2024\/03\/chaqueta-dainese-air-frame-3-tex-negro-negro-rojo-fluor.jpg","type":"image\/jpeg"}],"twitter_card":"summary_large_image","twitter_misc":{"Tiempo de lectura":"1 minuto"},"schema":{"@context":"https:\/\/schema.org","@graph":[{"@type":"WebPage","@id":"https:\/\/franciscobelmonte.com\/tienda\/chaqueta-dainese-air-frame-3-tex-negro-negro-rojo-fluor\/","url":"https:\/\/franciscobelmonte.com\/tienda\/chaqueta-dainese-air-frame-3-tex-negro-negro-rojo-fluor\/","name":"CHAQUETA DAINESE AIR FRAME 3 TEX NEGRO \/ NEGRO \/ ROJO FLUOR - Boutique Francisco Belmonte","isPartOf":{"@id":"https:\/\/franciscobelmonte.com\/tienda\/#website"},"primaryImageOfPage":{"@id":"https:\/\/franciscobelmonte.com\/tienda\/chaqueta-dainese-air-frame-3-tex-negro-negro-rojo-fluor\/#primaryimage"},"image":{"@id":"https:\/\/franciscobelmonte.com\/tienda\/chaqueta-dainese-air-frame-3-tex-negro-negro-rojo-fluor\/#primaryimage"},"thumbnailUrl":"https:\/\/franciscobelmonte.com\/tienda\/wp-content\/uploads\/2024\/03\/chaqueta-dainese-air-frame-3-tex-negro-negro-rojo-fluor.jpg","datePublished":"2024-03-21T09:27:04+00:00","dateModified":"2025-09-04T13:58:54+00:00","description":"Chaqueta Dainese Air Frame 3 Tex Negro-Negro-Rojo Fl\u00faor. Chaquetas de moto Dainese en Murcia, Boutique Francisco Belmonte al mejor precio.","breadcrumb":{"@id":"https:\/\/franciscobelmonte.com\/tienda\/chaqueta-dainese-air-frame-3-tex-negro-negro-rojo-fluor\/#breadcrumb"},"inLanguage":"es","potentialAction":[{"@type":"ReadAction","target":["https:\/\/franciscobelmonte.com\/tienda\/chaqueta-dainese-air-frame-3-tex-negro-negro-rojo-fluor\/"]}]},{"@type":"ImageObject","inLanguage":"es","@id":"https:\/\/franciscobelmonte.com\/tienda\/chaqueta-dainese-air-frame-3-tex-negro-negro-rojo-fluor\/#primaryimage","url":"https:\/\/franciscobelmonte.com\/tienda\/wp-content\/uploads\/2024\/03\/chaqueta-dainese-air-frame-3-tex-negro-negro-rojo-fluor.jpg","contentUrl":"https:\/\/franciscobelmonte.com\/tienda\/wp-content\/uploads\/2024\/03\/chaqueta-dainese-air-frame-3-tex-negro-negro-rojo-fluor.jpg","width":800,"height":800,"caption":"chaqueta dainese air frame 3 tex negro rojo fluor en murcia francisco belmonte"},{"@type":"BreadcrumbList","@id":"https:\/\/franciscobelmonte.com\/tienda\/chaqueta-dainese-air-frame-3-tex-negro-negro-rojo-fluor\/#breadcrumb","itemListElement":[{"@type":"ListItem","position":1,"name":"Portada","item":"https:\/\/franciscobelmonte.com\/tienda\/"},{"@type":"ListItem","position":2,"name":"Tienda","item":"https:\/\/franciscobelmonte.com\/tienda\/boutique-equipamiento-motero\/"},{"@type":"ListItem","position":3,"name":"CHAQUETA DAINESE AIR FRAME 3 TEX NEGRO \/ NEGRO \/ ROJO FLUOR"}]},{"@type":"WebSite","@id":"https:\/\/franciscobelmonte.com\/tienda\/#website","url":"https:\/\/franciscobelmonte.com\/tienda\/","name":"Boutique Francisco Belmonte","description":"Todo en complementos para motoristas","publisher":{"@id":"https:\/\/franciscobelmonte.com\/tienda\/#organization"},"potentialAction":[{"@type":"SearchAction","target":{"@type":"EntryPoint","urlTemplate":"https:\/\/franciscobelmonte.com\/tienda\/?s={search_term_string}"},"query-input":{"@type":"PropertyValueSpecification","valueRequired":true,"valueName":"search_term_string"}}],"inLanguage":"es"},{"@type":"Organization","@id":"https:\/\/franciscobelmonte.com\/tienda\/#organization","name":"Boutique Francisco Belmonte","url":"https:\/\/franciscobelmonte.com\/tienda\/","logo":{"@type":"ImageObject","inLanguage":"es","@id":"https:\/\/franciscobelmonte.com\/tienda\/#\/schema\/logo\/image\/","url":"https:\/\/franciscobelmonte.com\/tienda\/wp-content\/uploads\/2021\/12\/Francisco-Belmonte-logo.png","contentUrl":"https:\/\/franciscobelmonte.com\/tienda\/wp-content\/uploads\/2021\/12\/Francisco-Belmonte-logo.png","width":2153,"height":536,"caption":"Boutique Francisco Belmonte"},"image":{"@id":"https:\/\/franciscobelmonte.com\/tienda\/#\/schema\/logo\/image\/"},"sameAs":["https:\/\/www.facebook.com\/motosfranciscobelmonte","https:\/\/www.instagram.com\/fco.belmonte\/"]}]}},"jetpack_sharing_enabled":true,"brands":[{"id":189,"name":"Dainese","slug":"dainese"}],"_links":{"self":[{"href":"https:\/\/franciscobelmonte.com\/tienda\/wp-json\/wp\/v2\/product\/11977","targetHints":{"allow":["GET"]}}],"collection":[{"href":"https:\/\/franciscobelmonte.com\/tienda\/wp-json\/wp\/v2\/product"}],"about":[{"href":"https:\/\/franciscobelmonte.com\/tienda\/wp-json\/wp\/v2\/types\/product"}],"replies":[{"embeddable":true,"href":"https:\/\/franciscobelmonte.com\/tienda\/wp-json\/wp\/v2\/comments?post=11977"}],"wp:featuredmedia":[{"embeddable":true,"href":"https:\/\/franciscobelmonte.com\/tienda\/wp-json\/wp\/v2\/media\/11981"}],"wp:attachment":[{"href":"https:\/\/franciscobelmonte.com\/tienda\/wp-json\/wp\/v2\/media?parent=11977"}],"wp:term":[{"taxonomy":"pwb-brand","embeddable":true,"href":"https:\/\/franciscobelmonte.com\/tienda\/wp-json\/wp\/v2\/pwb-brand?post=11977"},{"taxonomy":"product_brand","embeddable":true,"href":"https:\/\/franciscobelmonte.com\/tienda\/wp-json\/wp\/v2\/product_brand?post=11977"},{"taxonomy":"product_cat","embeddable":true,"href":"https:\/\/franciscobelmonte.com\/tienda\/wp-json\/wp\/v2\/product_cat?post=11977"},{"taxonomy":"product_tag","embeddable":true,"href":"https:\/\/franciscobelmonte.com\/tienda\/wp-json\/wp\/v2\/product_tag?post=11977"}],"curies":[{"name":"wp","href":"https:\/\/api.w.org\/{rel}","templated":true}]}}