{"id":12314,"date":"2024-06-14T13:09:08","date_gmt":"2024-06-14T11:09:08","guid":{"rendered":"https:\/\/franciscobelmonte.com\/tienda\/?post_type=product&#038;p=12314"},"modified":"2025-07-18T10:03:57","modified_gmt":"2025-07-18T08:03:57","slug":"casco-hjc-f31-solid","status":"publish","type":"product","link":"https:\/\/franciscobelmonte.com\/tienda\/casco-hjc-f31-solid\/","title":{"rendered":"CASCO HJC F31 SOLID NEGRO MATE"},"content":{"rendered":"<h1>Casco HJC F31 Solid Negro Mate<\/h1>\n<p>Casco tipo jet con un dise\u00f1o aerodin\u00e1mico ideal para uso urbano. Fabricado en fibra de vidrio, cuenta con la tecnolog\u00eda CAD y es muy ligero y c\u00f3modo. Dispone de una amplia pantalla clara y un visor solar din\u00e1mico. Su sistema de ventilaci\u00f3n \u201cACS\u201d cuenta con 3 entradas de aire en la parte delantera y 1 de salida en la parte trasera. Predisposici\u00f3n para instalar Pinlock\u00ae (no incluido) e intercomunicador SMART HJC (no incluido). Cierre microm\u00e9trico.<\/p>\n<div id=\"prod-desc-body\" class=\"description-content\" data-v-8ea81b0e=\"\">\n<div>\n<p><strong>Caracter\u00edsticas<\/strong>:<\/p>\n<ul>\n<li type=\"\">Calota exterior con un dise\u00f1o aerodin\u00e1mico, fabricada de compuesto avanzado de fibra de vidrio; destaca por su ligereza, ajuste y confort gracias a la tecnolog\u00eda CAD.<\/li>\n<li type=\"\">3 tama\u00f1os de calota para un mejor ajuste en cada talla.<\/li>\n<li type=\"\">Amplia pantalla clara HJ-43 con protecci\u00f3n UV del 99%, resistente a los ara\u00f1azos y con predisposici\u00f3n para Pinlock\u00ae (no incluido). Cuenta con mecanismo pivotante bidireccional con sellado mejorado.<\/li>\n<li type=\"\">Visor solar HJ-V12 que se puede configurar en 3 posiciones.<\/li>\n<li type=\"\">Sistema de ventilaci\u00f3n de canalizaci\u00f3n avanzada \u201cACS\u201d: 3 entradas de aire en la parte superior delantera y 1 trasera que expulsa el calor y la humedad hacia arriba y hacia fuera.<\/li>\n<li type=\"\">Acolchados interiores transpirables, totalmente desmontables y lavables.<\/li>\n<li type=\"\">Cierre microm\u00e9trico.<\/li>\n<li type=\"\">Preparado para instalar intercomunicador SMART HJC 11B, 21B y 50B Bluetooth (no incluido).<\/li>\n<li type=\"\">Homologaci\u00f3n: ECE 22-06.<\/li>\n<\/ul>\n<\/div>\n<\/div>\n<div class=\"product-homologations\" data-v-52e39f5f=\"\" data-v-8ea81b0e=\"\">\n<h3 data-v-52e39f5f=\"\"><\/h3>\n<\/div>\n","protected":false},"excerpt":{"rendered":"<p>Casco tipo jet con un dise\u00f1o aerodin\u00e1mico ideal para uso urbano. Fabricado en fibra de vidrio, cuenta con la tecnolog\u00eda CAD y es muy ligero y c\u00f3modo. Dispone de una amplia pantalla clara y un visor solar din\u00e1mico.<\/p>\n","protected":false},"featured_media":12325,"comment_status":"open","ping_status":"closed","template":"","meta":{"_themeisle_gutenberg_block_has_review":false},"pwb-brand":[190],"product_brand":[],"product_cat":[15,143],"product_tag":[778],"class_list":{"0":"post-12314","1":"product","2":"type-product","3":"status-publish","4":"has-post-thumbnail","6":"pwb-brand-hjc","7":"product_cat-casco-de-moto","8":"product_cat-cascos-de-moto-jet","9":"product_tag-hjc-sin-rebajas-30","11":"first","12":"instock","13":"sale","14":"taxable","15":"shipping-taxable","16":"purchasable","17":"product-type-variable","18":"has-default-attributes"},"yoast_head":"<!-- This site is optimized with the Yoast SEO plugin v27.5 - https:\/\/yoast.com\/product\/yoast-seo-wordpress\/ -->\n<title>CASCO HJC F31 SOLID NEGRO MATE - Boutique Francisco Belmonte<\/title>\n<meta name=\"description\" content=\"Casco HJC F31 Solid Negro Mate. Puedes descubrirlo y prob\u00e1rtelo en nuestra Boutique Francisco Belmonte en Murcia. Al mejor precio\" \/>\n<meta name=\"robots\" content=\"index, follow, max-snippet:-1, max-image-preview:large, max-video-preview:-1\" \/>\n<link rel=\"canonical\" href=\"https:\/\/franciscobelmonte.com\/tienda\/casco-hjc-f31-solid\/\" \/>\n<meta property=\"og:locale\" content=\"es_ES\" \/>\n<meta property=\"og:type\" content=\"article\" \/>\n<meta property=\"og:title\" content=\"CASCO HJC F31 SOLID NEGRO MATE - Boutique Francisco Belmonte\" \/>\n<meta property=\"og:description\" content=\"Casco HJC F31 Solid Negro Mate. Puedes descubrirlo y prob\u00e1rtelo en nuestra Boutique Francisco Belmonte en Murcia. Al mejor precio\" \/>\n<meta property=\"og:url\" content=\"https:\/\/franciscobelmonte.com\/tienda\/casco-hjc-f31-solid\/\" \/>\n<meta property=\"og:site_name\" content=\"Boutique Francisco Belmonte\" \/>\n<meta property=\"article:publisher\" content=\"https:\/\/www.facebook.com\/motosfranciscobelmonte\" \/>\n<meta property=\"article:modified_time\" content=\"2025-07-18T08:03:57+00:00\" \/>\n<meta property=\"og:image\" content=\"https:\/\/franciscobelmonte.com\/tienda\/wp-content\/uploads\/2024\/06\/casco-hjc-f31-solid-negro-mate.jpg\" \/>\n\t<meta property=\"og:image:width\" content=\"800\" \/>\n\t<meta property=\"og:image:height\" content=\"800\" \/>\n\t<meta property=\"og:image:type\" content=\"image\/jpeg\" \/>\n<meta name=\"twitter:card\" content=\"summary_large_image\" \/>\n<meta name=\"twitter:label1\" content=\"Tiempo de lectura\" \/>\n\t<meta name=\"twitter:data1\" content=\"1 minuto\" \/>\n<script type=\"application\/ld+json\" class=\"yoast-schema-graph\">{\"@context\":\"https:\\\/\\\/schema.org\",\"@graph\":[{\"@type\":\"WebPage\",\"@id\":\"https:\\\/\\\/franciscobelmonte.com\\\/tienda\\\/casco-hjc-f31-solid\\\/\",\"url\":\"https:\\\/\\\/franciscobelmonte.com\\\/tienda\\\/casco-hjc-f31-solid\\\/\",\"name\":\"CASCO HJC F31 SOLID NEGRO MATE - Boutique Francisco Belmonte\",\"isPartOf\":{\"@id\":\"https:\\\/\\\/franciscobelmonte.com\\\/tienda\\\/#website\"},\"primaryImageOfPage\":{\"@id\":\"https:\\\/\\\/franciscobelmonte.com\\\/tienda\\\/casco-hjc-f31-solid\\\/#primaryimage\"},\"image\":{\"@id\":\"https:\\\/\\\/franciscobelmonte.com\\\/tienda\\\/casco-hjc-f31-solid\\\/#primaryimage\"},\"thumbnailUrl\":\"https:\\\/\\\/franciscobelmonte.com\\\/tienda\\\/wp-content\\\/uploads\\\/2024\\\/06\\\/casco-hjc-f31-solid-negro-mate.jpg\",\"datePublished\":\"2024-06-14T11:09:08+00:00\",\"dateModified\":\"2025-07-18T08:03:57+00:00\",\"description\":\"Casco HJC F31 Solid Negro Mate. Puedes descubrirlo y prob\u00e1rtelo en nuestra Boutique Francisco Belmonte en Murcia. Al mejor precio\",\"breadcrumb\":{\"@id\":\"https:\\\/\\\/franciscobelmonte.com\\\/tienda\\\/casco-hjc-f31-solid\\\/#breadcrumb\"},\"inLanguage\":\"es\",\"potentialAction\":[{\"@type\":\"ReadAction\",\"target\":[\"https:\\\/\\\/franciscobelmonte.com\\\/tienda\\\/casco-hjc-f31-solid\\\/\"]}]},{\"@type\":\"ImageObject\",\"inLanguage\":\"es\",\"@id\":\"https:\\\/\\\/franciscobelmonte.com\\\/tienda\\\/casco-hjc-f31-solid\\\/#primaryimage\",\"url\":\"https:\\\/\\\/franciscobelmonte.com\\\/tienda\\\/wp-content\\\/uploads\\\/2024\\\/06\\\/casco-hjc-f31-solid-negro-mate.jpg\",\"contentUrl\":\"https:\\\/\\\/franciscobelmonte.com\\\/tienda\\\/wp-content\\\/uploads\\\/2024\\\/06\\\/casco-hjc-f31-solid-negro-mate.jpg\",\"width\":800,\"height\":800,\"caption\":\"casco hjc f31 solid negro mate en murcia francisco belmonte\"},{\"@type\":\"BreadcrumbList\",\"@id\":\"https:\\\/\\\/franciscobelmonte.com\\\/tienda\\\/casco-hjc-f31-solid\\\/#breadcrumb\",\"itemListElement\":[{\"@type\":\"ListItem\",\"position\":1,\"name\":\"Portada\",\"item\":\"https:\\\/\\\/franciscobelmonte.com\\\/tienda\\\/\"},{\"@type\":\"ListItem\",\"position\":2,\"name\":\"Tienda\",\"item\":\"https:\\\/\\\/franciscobelmonte.com\\\/tienda\\\/boutique-equipamiento-motero\\\/\"},{\"@type\":\"ListItem\",\"position\":3,\"name\":\"CASCO HJC F31 SOLID NEGRO MATE\"}]},{\"@type\":\"WebSite\",\"@id\":\"https:\\\/\\\/franciscobelmonte.com\\\/tienda\\\/#website\",\"url\":\"https:\\\/\\\/franciscobelmonte.com\\\/tienda\\\/\",\"name\":\"Boutique Francisco Belmonte\",\"description\":\"Todo en complementos para motoristas\",\"publisher\":{\"@id\":\"https:\\\/\\\/franciscobelmonte.com\\\/tienda\\\/#organization\"},\"potentialAction\":[{\"@type\":\"SearchAction\",\"target\":{\"@type\":\"EntryPoint\",\"urlTemplate\":\"https:\\\/\\\/franciscobelmonte.com\\\/tienda\\\/?s={search_term_string}\"},\"query-input\":{\"@type\":\"PropertyValueSpecification\",\"valueRequired\":true,\"valueName\":\"search_term_string\"}}],\"inLanguage\":\"es\"},{\"@type\":\"Organization\",\"@id\":\"https:\\\/\\\/franciscobelmonte.com\\\/tienda\\\/#organization\",\"name\":\"Boutique Francisco Belmonte\",\"url\":\"https:\\\/\\\/franciscobelmonte.com\\\/tienda\\\/\",\"logo\":{\"@type\":\"ImageObject\",\"inLanguage\":\"es\",\"@id\":\"https:\\\/\\\/franciscobelmonte.com\\\/tienda\\\/#\\\/schema\\\/logo\\\/image\\\/\",\"url\":\"https:\\\/\\\/franciscobelmonte.com\\\/tienda\\\/wp-content\\\/uploads\\\/2021\\\/12\\\/Francisco-Belmonte-logo.png\",\"contentUrl\":\"https:\\\/\\\/franciscobelmonte.com\\\/tienda\\\/wp-content\\\/uploads\\\/2021\\\/12\\\/Francisco-Belmonte-logo.png\",\"width\":2153,\"height\":536,\"caption\":\"Boutique Francisco Belmonte\"},\"image\":{\"@id\":\"https:\\\/\\\/franciscobelmonte.com\\\/tienda\\\/#\\\/schema\\\/logo\\\/image\\\/\"},\"sameAs\":[\"https:\\\/\\\/www.facebook.com\\\/motosfranciscobelmonte\",\"https:\\\/\\\/www.instagram.com\\\/fco.belmonte\\\/\"]}]}<\/script>\n<!-- \/ Yoast SEO plugin. -->","yoast_head_json":{"title":"CASCO HJC F31 SOLID NEGRO MATE - Boutique Francisco Belmonte","description":"Casco HJC F31 Solid Negro Mate. Puedes descubrirlo y prob\u00e1rtelo en nuestra Boutique Francisco Belmonte en Murcia. Al mejor precio","robots":{"index":"index","follow":"follow","max-snippet":"max-snippet:-1","max-image-preview":"max-image-preview:large","max-video-preview":"max-video-preview:-1"},"canonical":"https:\/\/franciscobelmonte.com\/tienda\/casco-hjc-f31-solid\/","og_locale":"es_ES","og_type":"article","og_title":"CASCO HJC F31 SOLID NEGRO MATE - Boutique Francisco Belmonte","og_description":"Casco HJC F31 Solid Negro Mate. Puedes descubrirlo y prob\u00e1rtelo en nuestra Boutique Francisco Belmonte en Murcia. Al mejor precio","og_url":"https:\/\/franciscobelmonte.com\/tienda\/casco-hjc-f31-solid\/","og_site_name":"Boutique Francisco Belmonte","article_publisher":"https:\/\/www.facebook.com\/motosfranciscobelmonte","article_modified_time":"2025-07-18T08:03:57+00:00","og_image":[{"width":800,"height":800,"url":"https:\/\/franciscobelmonte.com\/tienda\/wp-content\/uploads\/2024\/06\/casco-hjc-f31-solid-negro-mate.jpg","type":"image\/jpeg"}],"twitter_card":"summary_large_image","twitter_misc":{"Tiempo de lectura":"1 minuto"},"schema":{"@context":"https:\/\/schema.org","@graph":[{"@type":"WebPage","@id":"https:\/\/franciscobelmonte.com\/tienda\/casco-hjc-f31-solid\/","url":"https:\/\/franciscobelmonte.com\/tienda\/casco-hjc-f31-solid\/","name":"CASCO HJC F31 SOLID NEGRO MATE - Boutique Francisco Belmonte","isPartOf":{"@id":"https:\/\/franciscobelmonte.com\/tienda\/#website"},"primaryImageOfPage":{"@id":"https:\/\/franciscobelmonte.com\/tienda\/casco-hjc-f31-solid\/#primaryimage"},"image":{"@id":"https:\/\/franciscobelmonte.com\/tienda\/casco-hjc-f31-solid\/#primaryimage"},"thumbnailUrl":"https:\/\/franciscobelmonte.com\/tienda\/wp-content\/uploads\/2024\/06\/casco-hjc-f31-solid-negro-mate.jpg","datePublished":"2024-06-14T11:09:08+00:00","dateModified":"2025-07-18T08:03:57+00:00","description":"Casco HJC F31 Solid Negro Mate. Puedes descubrirlo y prob\u00e1rtelo en nuestra Boutique Francisco Belmonte en Murcia. Al mejor precio","breadcrumb":{"@id":"https:\/\/franciscobelmonte.com\/tienda\/casco-hjc-f31-solid\/#breadcrumb"},"inLanguage":"es","potentialAction":[{"@type":"ReadAction","target":["https:\/\/franciscobelmonte.com\/tienda\/casco-hjc-f31-solid\/"]}]},{"@type":"ImageObject","inLanguage":"es","@id":"https:\/\/franciscobelmonte.com\/tienda\/casco-hjc-f31-solid\/#primaryimage","url":"https:\/\/franciscobelmonte.com\/tienda\/wp-content\/uploads\/2024\/06\/casco-hjc-f31-solid-negro-mate.jpg","contentUrl":"https:\/\/franciscobelmonte.com\/tienda\/wp-content\/uploads\/2024\/06\/casco-hjc-f31-solid-negro-mate.jpg","width":800,"height":800,"caption":"casco hjc f31 solid negro mate en murcia francisco belmonte"},{"@type":"BreadcrumbList","@id":"https:\/\/franciscobelmonte.com\/tienda\/casco-hjc-f31-solid\/#breadcrumb","itemListElement":[{"@type":"ListItem","position":1,"name":"Portada","item":"https:\/\/franciscobelmonte.com\/tienda\/"},{"@type":"ListItem","position":2,"name":"Tienda","item":"https:\/\/franciscobelmonte.com\/tienda\/boutique-equipamiento-motero\/"},{"@type":"ListItem","position":3,"name":"CASCO HJC F31 SOLID NEGRO MATE"}]},{"@type":"WebSite","@id":"https:\/\/franciscobelmonte.com\/tienda\/#website","url":"https:\/\/franciscobelmonte.com\/tienda\/","name":"Boutique Francisco Belmonte","description":"Todo en complementos para motoristas","publisher":{"@id":"https:\/\/franciscobelmonte.com\/tienda\/#organization"},"potentialAction":[{"@type":"SearchAction","target":{"@type":"EntryPoint","urlTemplate":"https:\/\/franciscobelmonte.com\/tienda\/?s={search_term_string}"},"query-input":{"@type":"PropertyValueSpecification","valueRequired":true,"valueName":"search_term_string"}}],"inLanguage":"es"},{"@type":"Organization","@id":"https:\/\/franciscobelmonte.com\/tienda\/#organization","name":"Boutique Francisco Belmonte","url":"https:\/\/franciscobelmonte.com\/tienda\/","logo":{"@type":"ImageObject","inLanguage":"es","@id":"https:\/\/franciscobelmonte.com\/tienda\/#\/schema\/logo\/image\/","url":"https:\/\/franciscobelmonte.com\/tienda\/wp-content\/uploads\/2021\/12\/Francisco-Belmonte-logo.png","contentUrl":"https:\/\/franciscobelmonte.com\/tienda\/wp-content\/uploads\/2021\/12\/Francisco-Belmonte-logo.png","width":2153,"height":536,"caption":"Boutique Francisco Belmonte"},"image":{"@id":"https:\/\/franciscobelmonte.com\/tienda\/#\/schema\/logo\/image\/"},"sameAs":["https:\/\/www.facebook.com\/motosfranciscobelmonte","https:\/\/www.instagram.com\/fco.belmonte\/"]}]}},"jetpack_sharing_enabled":true,"brands":[{"id":190,"name":"Hjc","slug":"hjc"}],"_links":{"self":[{"href":"https:\/\/franciscobelmonte.com\/tienda\/wp-json\/wp\/v2\/product\/12314","targetHints":{"allow":["GET"]}}],"collection":[{"href":"https:\/\/franciscobelmonte.com\/tienda\/wp-json\/wp\/v2\/product"}],"about":[{"href":"https:\/\/franciscobelmonte.com\/tienda\/wp-json\/wp\/v2\/types\/product"}],"replies":[{"embeddable":true,"href":"https:\/\/franciscobelmonte.com\/tienda\/wp-json\/wp\/v2\/comments?post=12314"}],"wp:featuredmedia":[{"embeddable":true,"href":"https:\/\/franciscobelmonte.com\/tienda\/wp-json\/wp\/v2\/media\/12325"}],"wp:attachment":[{"href":"https:\/\/franciscobelmonte.com\/tienda\/wp-json\/wp\/v2\/media?parent=12314"}],"wp:term":[{"taxonomy":"pwb-brand","embeddable":true,"href":"https:\/\/franciscobelmonte.com\/tienda\/wp-json\/wp\/v2\/pwb-brand?post=12314"},{"taxonomy":"product_brand","embeddable":true,"href":"https:\/\/franciscobelmonte.com\/tienda\/wp-json\/wp\/v2\/product_brand?post=12314"},{"taxonomy":"product_cat","embeddable":true,"href":"https:\/\/franciscobelmonte.com\/tienda\/wp-json\/wp\/v2\/product_cat?post=12314"},{"taxonomy":"product_tag","embeddable":true,"href":"https:\/\/franciscobelmonte.com\/tienda\/wp-json\/wp\/v2\/product_tag?post=12314"}],"curies":[{"name":"wp","href":"https:\/\/api.w.org\/{rel}","templated":true}]}}