{"id":12459,"date":"2024-07-10T09:33:28","date_gmt":"2024-07-10T07:33:28","guid":{"rendered":"https:\/\/franciscobelmonte.com\/tienda\/?post_type=product&#038;p=12459"},"modified":"2026-03-02T11:14:26","modified_gmt":"2026-03-02T09:14:26","slug":"casco-scorpion-exo-jnr-air-fun-blanco-azul","status":"publish","type":"product","link":"https:\/\/franciscobelmonte.com\/tienda\/casco-scorpion-exo-jnr-air-fun-blanco-azul\/","title":{"rendered":"CASCO SCORPION EXO-JNR AIR FUN BLANCO\/AZUL"},"content":{"rendered":"<h2>Casco SCOPRION Exo-Jnr Air Fun Blanco\/Azul<\/h2>\n<p><strong>Caracter\u00edsticas<\/strong><\/p>\n<ul>\n<li>Homologaci\u00f3n ECE 22.06<\/li>\n<li>Sistema de inflado Airfit<\/li>\n<li>Fabricado en policarbonato moldeado por inyecci\u00f3n<\/li>\n<li>Almohadillas de triple densidad<\/li>\n<li>Sistema Ellip-tec para montar y demontar la pantalla r\u00e1pidamente<\/li>\n<li>sistema de entrada y salida de aire<\/li>\n<li>Cubrenariz inclu\u00eddo<\/li>\n<li>Sistema de cierre microm\u00e9trico<\/li>\n<li>Pantalla KDS-F-02 con tratamiento antirayas<\/li>\n<li>Preparado para l\u00e1mina antivaho Pinlock Maxvision<\/li>\n<li>Interior Kwikwick C totalmente desmontables, lavables e hipoalerg\u00e9nicos<\/li>\n<li>Preparado para el uso de gafas de vista<\/li>\n<\/ul>\n","protected":false},"excerpt":{"rendered":"<p>Su calota de policarbonato liviano, dise\u00f1ada con tecnolog\u00eda CAD avanzada, garantiza un ajuste ideal para los motoristas m\u00e1s j\u00f3venes. Sistema de ventilaci\u00f3n integrado.<\/p>\n","protected":false},"featured_media":12466,"comment_status":"open","ping_status":"closed","template":"","meta":{"_themeisle_gutenberg_block_has_review":false},"pwb-brand":[226],"product_brand":[],"product_cat":[15,145],"product_tag":[865],"class_list":{"0":"post-12459","1":"product","2":"type-product","3":"status-publish","4":"has-post-thumbnail","6":"pwb-brand-scorpion","7":"product_cat-casco-de-moto","8":"product_cat-cascos-de-moto-integrales","9":"product_tag-865","11":"first","12":"instock","13":"sale","14":"taxable","15":"shipping-taxable","16":"purchasable","17":"product-type-variable","18":"has-default-attributes"},"yoast_head":"<!-- This site is optimized with the Yoast SEO plugin v27.5 - https:\/\/yoast.com\/product\/yoast-seo-wordpress\/ -->\n<title>CASCO SCORPION EXO-JNR AIR FUN BLANCO\/AZUL - Boutique Francisco Belmonte<\/title>\n<meta name=\"description\" content=\"Casco Scorpion Exo-Jnr Air Fun Blanco-Azul. Cascos de moto integral Scorpion al mejor precio en Murcia Francisco Belmonte, en sus diferentes colores.\" \/>\n<meta name=\"robots\" content=\"index, follow, max-snippet:-1, max-image-preview:large, max-video-preview:-1\" \/>\n<link rel=\"canonical\" href=\"https:\/\/franciscobelmonte.com\/tienda\/casco-scorpion-exo-jnr-air-fun-blanco-azul\/\" \/>\n<meta property=\"og:locale\" content=\"es_ES\" \/>\n<meta property=\"og:type\" content=\"article\" \/>\n<meta property=\"og:title\" content=\"CASCO SCORPION EXO-JNR AIR FUN BLANCO\/AZUL - Boutique Francisco Belmonte\" \/>\n<meta property=\"og:description\" content=\"Casco Scorpion Exo-Jnr Air Fun Blanco-Azul. Cascos de moto integral Scorpion al mejor precio en Murcia Francisco Belmonte, en sus diferentes colores.\" \/>\n<meta property=\"og:url\" content=\"https:\/\/franciscobelmonte.com\/tienda\/casco-scorpion-exo-jnr-air-fun-blanco-azul\/\" \/>\n<meta property=\"og:site_name\" content=\"Boutique Francisco Belmonte\" \/>\n<meta property=\"article:publisher\" content=\"https:\/\/www.facebook.com\/motosfranciscobelmonte\" \/>\n<meta property=\"article:modified_time\" content=\"2026-03-02T09:14:26+00:00\" \/>\n<meta property=\"og:image\" content=\"https:\/\/franciscobelmonte.com\/tienda\/wp-content\/uploads\/2024\/07\/casco-scorpion-exo-jnr-air-fun-blanco-azul.jpg\" \/>\n\t<meta property=\"og:image:width\" content=\"800\" \/>\n\t<meta property=\"og:image:height\" content=\"800\" \/>\n\t<meta property=\"og:image:type\" content=\"image\/jpeg\" \/>\n<meta name=\"twitter:card\" content=\"summary_large_image\" \/>\n<meta name=\"twitter:label1\" content=\"Tiempo de lectura\" \/>\n\t<meta name=\"twitter:data1\" content=\"1 minuto\" \/>\n<script type=\"application\/ld+json\" class=\"yoast-schema-graph\">{\"@context\":\"https:\\\/\\\/schema.org\",\"@graph\":[{\"@type\":\"WebPage\",\"@id\":\"https:\\\/\\\/franciscobelmonte.com\\\/tienda\\\/casco-scorpion-exo-jnr-air-fun-blanco-azul\\\/\",\"url\":\"https:\\\/\\\/franciscobelmonte.com\\\/tienda\\\/casco-scorpion-exo-jnr-air-fun-blanco-azul\\\/\",\"name\":\"CASCO SCORPION EXO-JNR AIR FUN BLANCO\\\/AZUL - Boutique Francisco Belmonte\",\"isPartOf\":{\"@id\":\"https:\\\/\\\/franciscobelmonte.com\\\/tienda\\\/#website\"},\"primaryImageOfPage\":{\"@id\":\"https:\\\/\\\/franciscobelmonte.com\\\/tienda\\\/casco-scorpion-exo-jnr-air-fun-blanco-azul\\\/#primaryimage\"},\"image\":{\"@id\":\"https:\\\/\\\/franciscobelmonte.com\\\/tienda\\\/casco-scorpion-exo-jnr-air-fun-blanco-azul\\\/#primaryimage\"},\"thumbnailUrl\":\"https:\\\/\\\/franciscobelmonte.com\\\/tienda\\\/wp-content\\\/uploads\\\/2024\\\/07\\\/casco-scorpion-exo-jnr-air-fun-blanco-azul.jpg\",\"datePublished\":\"2024-07-10T07:33:28+00:00\",\"dateModified\":\"2026-03-02T09:14:26+00:00\",\"description\":\"Casco Scorpion Exo-Jnr Air Fun Blanco-Azul. Cascos de moto integral Scorpion al mejor precio en Murcia Francisco Belmonte, en sus diferentes colores.\",\"breadcrumb\":{\"@id\":\"https:\\\/\\\/franciscobelmonte.com\\\/tienda\\\/casco-scorpion-exo-jnr-air-fun-blanco-azul\\\/#breadcrumb\"},\"inLanguage\":\"es\",\"potentialAction\":[{\"@type\":\"ReadAction\",\"target\":[\"https:\\\/\\\/franciscobelmonte.com\\\/tienda\\\/casco-scorpion-exo-jnr-air-fun-blanco-azul\\\/\"]}]},{\"@type\":\"ImageObject\",\"inLanguage\":\"es\",\"@id\":\"https:\\\/\\\/franciscobelmonte.com\\\/tienda\\\/casco-scorpion-exo-jnr-air-fun-blanco-azul\\\/#primaryimage\",\"url\":\"https:\\\/\\\/franciscobelmonte.com\\\/tienda\\\/wp-content\\\/uploads\\\/2024\\\/07\\\/casco-scorpion-exo-jnr-air-fun-blanco-azul.jpg\",\"contentUrl\":\"https:\\\/\\\/franciscobelmonte.com\\\/tienda\\\/wp-content\\\/uploads\\\/2024\\\/07\\\/casco-scorpion-exo-jnr-air-fun-blanco-azul.jpg\",\"width\":800,\"height\":800,\"caption\":\"casco scorpion exo jnr air fun blanco azul en murcia francisco belmonte\"},{\"@type\":\"BreadcrumbList\",\"@id\":\"https:\\\/\\\/franciscobelmonte.com\\\/tienda\\\/casco-scorpion-exo-jnr-air-fun-blanco-azul\\\/#breadcrumb\",\"itemListElement\":[{\"@type\":\"ListItem\",\"position\":1,\"name\":\"Portada\",\"item\":\"https:\\\/\\\/franciscobelmonte.com\\\/tienda\\\/\"},{\"@type\":\"ListItem\",\"position\":2,\"name\":\"Tienda\",\"item\":\"https:\\\/\\\/franciscobelmonte.com\\\/tienda\\\/boutique-equipamiento-motero\\\/\"},{\"@type\":\"ListItem\",\"position\":3,\"name\":\"CASCO SCORPION EXO-JNR AIR FUN BLANCO\\\/AZUL\"}]},{\"@type\":\"WebSite\",\"@id\":\"https:\\\/\\\/franciscobelmonte.com\\\/tienda\\\/#website\",\"url\":\"https:\\\/\\\/franciscobelmonte.com\\\/tienda\\\/\",\"name\":\"Boutique Francisco Belmonte\",\"description\":\"Todo en complementos para motoristas\",\"publisher\":{\"@id\":\"https:\\\/\\\/franciscobelmonte.com\\\/tienda\\\/#organization\"},\"potentialAction\":[{\"@type\":\"SearchAction\",\"target\":{\"@type\":\"EntryPoint\",\"urlTemplate\":\"https:\\\/\\\/franciscobelmonte.com\\\/tienda\\\/?s={search_term_string}\"},\"query-input\":{\"@type\":\"PropertyValueSpecification\",\"valueRequired\":true,\"valueName\":\"search_term_string\"}}],\"inLanguage\":\"es\"},{\"@type\":\"Organization\",\"@id\":\"https:\\\/\\\/franciscobelmonte.com\\\/tienda\\\/#organization\",\"name\":\"Boutique Francisco Belmonte\",\"url\":\"https:\\\/\\\/franciscobelmonte.com\\\/tienda\\\/\",\"logo\":{\"@type\":\"ImageObject\",\"inLanguage\":\"es\",\"@id\":\"https:\\\/\\\/franciscobelmonte.com\\\/tienda\\\/#\\\/schema\\\/logo\\\/image\\\/\",\"url\":\"https:\\\/\\\/franciscobelmonte.com\\\/tienda\\\/wp-content\\\/uploads\\\/2021\\\/12\\\/Francisco-Belmonte-logo.png\",\"contentUrl\":\"https:\\\/\\\/franciscobelmonte.com\\\/tienda\\\/wp-content\\\/uploads\\\/2021\\\/12\\\/Francisco-Belmonte-logo.png\",\"width\":2153,\"height\":536,\"caption\":\"Boutique Francisco Belmonte\"},\"image\":{\"@id\":\"https:\\\/\\\/franciscobelmonte.com\\\/tienda\\\/#\\\/schema\\\/logo\\\/image\\\/\"},\"sameAs\":[\"https:\\\/\\\/www.facebook.com\\\/motosfranciscobelmonte\",\"https:\\\/\\\/www.instagram.com\\\/fco.belmonte\\\/\"]}]}<\/script>\n<!-- \/ Yoast SEO plugin. -->","yoast_head_json":{"title":"CASCO SCORPION EXO-JNR AIR FUN BLANCO\/AZUL - Boutique Francisco Belmonte","description":"Casco Scorpion Exo-Jnr Air Fun Blanco-Azul. Cascos de moto integral Scorpion al mejor precio en Murcia Francisco Belmonte, en sus diferentes colores.","robots":{"index":"index","follow":"follow","max-snippet":"max-snippet:-1","max-image-preview":"max-image-preview:large","max-video-preview":"max-video-preview:-1"},"canonical":"https:\/\/franciscobelmonte.com\/tienda\/casco-scorpion-exo-jnr-air-fun-blanco-azul\/","og_locale":"es_ES","og_type":"article","og_title":"CASCO SCORPION EXO-JNR AIR FUN BLANCO\/AZUL - Boutique Francisco Belmonte","og_description":"Casco Scorpion Exo-Jnr Air Fun Blanco-Azul. Cascos de moto integral Scorpion al mejor precio en Murcia Francisco Belmonte, en sus diferentes colores.","og_url":"https:\/\/franciscobelmonte.com\/tienda\/casco-scorpion-exo-jnr-air-fun-blanco-azul\/","og_site_name":"Boutique Francisco Belmonte","article_publisher":"https:\/\/www.facebook.com\/motosfranciscobelmonte","article_modified_time":"2026-03-02T09:14:26+00:00","og_image":[{"width":800,"height":800,"url":"https:\/\/franciscobelmonte.com\/tienda\/wp-content\/uploads\/2024\/07\/casco-scorpion-exo-jnr-air-fun-blanco-azul.jpg","type":"image\/jpeg"}],"twitter_card":"summary_large_image","twitter_misc":{"Tiempo de lectura":"1 minuto"},"schema":{"@context":"https:\/\/schema.org","@graph":[{"@type":"WebPage","@id":"https:\/\/franciscobelmonte.com\/tienda\/casco-scorpion-exo-jnr-air-fun-blanco-azul\/","url":"https:\/\/franciscobelmonte.com\/tienda\/casco-scorpion-exo-jnr-air-fun-blanco-azul\/","name":"CASCO SCORPION EXO-JNR AIR FUN BLANCO\/AZUL - Boutique Francisco Belmonte","isPartOf":{"@id":"https:\/\/franciscobelmonte.com\/tienda\/#website"},"primaryImageOfPage":{"@id":"https:\/\/franciscobelmonte.com\/tienda\/casco-scorpion-exo-jnr-air-fun-blanco-azul\/#primaryimage"},"image":{"@id":"https:\/\/franciscobelmonte.com\/tienda\/casco-scorpion-exo-jnr-air-fun-blanco-azul\/#primaryimage"},"thumbnailUrl":"https:\/\/franciscobelmonte.com\/tienda\/wp-content\/uploads\/2024\/07\/casco-scorpion-exo-jnr-air-fun-blanco-azul.jpg","datePublished":"2024-07-10T07:33:28+00:00","dateModified":"2026-03-02T09:14:26+00:00","description":"Casco Scorpion Exo-Jnr Air Fun Blanco-Azul. Cascos de moto integral Scorpion al mejor precio en Murcia Francisco Belmonte, en sus diferentes colores.","breadcrumb":{"@id":"https:\/\/franciscobelmonte.com\/tienda\/casco-scorpion-exo-jnr-air-fun-blanco-azul\/#breadcrumb"},"inLanguage":"es","potentialAction":[{"@type":"ReadAction","target":["https:\/\/franciscobelmonte.com\/tienda\/casco-scorpion-exo-jnr-air-fun-blanco-azul\/"]}]},{"@type":"ImageObject","inLanguage":"es","@id":"https:\/\/franciscobelmonte.com\/tienda\/casco-scorpion-exo-jnr-air-fun-blanco-azul\/#primaryimage","url":"https:\/\/franciscobelmonte.com\/tienda\/wp-content\/uploads\/2024\/07\/casco-scorpion-exo-jnr-air-fun-blanco-azul.jpg","contentUrl":"https:\/\/franciscobelmonte.com\/tienda\/wp-content\/uploads\/2024\/07\/casco-scorpion-exo-jnr-air-fun-blanco-azul.jpg","width":800,"height":800,"caption":"casco scorpion exo jnr air fun blanco azul en murcia francisco belmonte"},{"@type":"BreadcrumbList","@id":"https:\/\/franciscobelmonte.com\/tienda\/casco-scorpion-exo-jnr-air-fun-blanco-azul\/#breadcrumb","itemListElement":[{"@type":"ListItem","position":1,"name":"Portada","item":"https:\/\/franciscobelmonte.com\/tienda\/"},{"@type":"ListItem","position":2,"name":"Tienda","item":"https:\/\/franciscobelmonte.com\/tienda\/boutique-equipamiento-motero\/"},{"@type":"ListItem","position":3,"name":"CASCO SCORPION EXO-JNR AIR FUN BLANCO\/AZUL"}]},{"@type":"WebSite","@id":"https:\/\/franciscobelmonte.com\/tienda\/#website","url":"https:\/\/franciscobelmonte.com\/tienda\/","name":"Boutique Francisco Belmonte","description":"Todo en complementos para motoristas","publisher":{"@id":"https:\/\/franciscobelmonte.com\/tienda\/#organization"},"potentialAction":[{"@type":"SearchAction","target":{"@type":"EntryPoint","urlTemplate":"https:\/\/franciscobelmonte.com\/tienda\/?s={search_term_string}"},"query-input":{"@type":"PropertyValueSpecification","valueRequired":true,"valueName":"search_term_string"}}],"inLanguage":"es"},{"@type":"Organization","@id":"https:\/\/franciscobelmonte.com\/tienda\/#organization","name":"Boutique Francisco Belmonte","url":"https:\/\/franciscobelmonte.com\/tienda\/","logo":{"@type":"ImageObject","inLanguage":"es","@id":"https:\/\/franciscobelmonte.com\/tienda\/#\/schema\/logo\/image\/","url":"https:\/\/franciscobelmonte.com\/tienda\/wp-content\/uploads\/2021\/12\/Francisco-Belmonte-logo.png","contentUrl":"https:\/\/franciscobelmonte.com\/tienda\/wp-content\/uploads\/2021\/12\/Francisco-Belmonte-logo.png","width":2153,"height":536,"caption":"Boutique Francisco Belmonte"},"image":{"@id":"https:\/\/franciscobelmonte.com\/tienda\/#\/schema\/logo\/image\/"},"sameAs":["https:\/\/www.facebook.com\/motosfranciscobelmonte","https:\/\/www.instagram.com\/fco.belmonte\/"]}]}},"jetpack_sharing_enabled":true,"brands":[{"id":226,"name":"Scorpion","slug":"scorpion"}],"_links":{"self":[{"href":"https:\/\/franciscobelmonte.com\/tienda\/wp-json\/wp\/v2\/product\/12459","targetHints":{"allow":["GET"]}}],"collection":[{"href":"https:\/\/franciscobelmonte.com\/tienda\/wp-json\/wp\/v2\/product"}],"about":[{"href":"https:\/\/franciscobelmonte.com\/tienda\/wp-json\/wp\/v2\/types\/product"}],"replies":[{"embeddable":true,"href":"https:\/\/franciscobelmonte.com\/tienda\/wp-json\/wp\/v2\/comments?post=12459"}],"wp:featuredmedia":[{"embeddable":true,"href":"https:\/\/franciscobelmonte.com\/tienda\/wp-json\/wp\/v2\/media\/12466"}],"wp:attachment":[{"href":"https:\/\/franciscobelmonte.com\/tienda\/wp-json\/wp\/v2\/media?parent=12459"}],"wp:term":[{"taxonomy":"pwb-brand","embeddable":true,"href":"https:\/\/franciscobelmonte.com\/tienda\/wp-json\/wp\/v2\/pwb-brand?post=12459"},{"taxonomy":"product_brand","embeddable":true,"href":"https:\/\/franciscobelmonte.com\/tienda\/wp-json\/wp\/v2\/product_brand?post=12459"},{"taxonomy":"product_cat","embeddable":true,"href":"https:\/\/franciscobelmonte.com\/tienda\/wp-json\/wp\/v2\/product_cat?post=12459"},{"taxonomy":"product_tag","embeddable":true,"href":"https:\/\/franciscobelmonte.com\/tienda\/wp-json\/wp\/v2\/product_tag?post=12459"}],"curies":[{"name":"wp","href":"https:\/\/api.w.org\/{rel}","templated":true}]}}