{"id":12472,"date":"2024-07-12T17:46:50","date_gmt":"2024-07-12T15:46:50","guid":{"rendered":"https:\/\/franciscobelmonte.com\/tienda\/?post_type=product&#038;p=12472"},"modified":"2025-12-15T13:01:31","modified_gmt":"2025-12-15T11:01:31","slug":"casco-cgm-helmets-lucky-boxer-azul-rojo","status":"publish","type":"product","link":"https:\/\/franciscobelmonte.com\/tienda\/casco-cgm-helmets-lucky-boxer-azul-rojo\/","title":{"rendered":"CASCO CGM HELMETS LUCKY BOXER AZUL\/ROJO"},"content":{"rendered":"<h2>Casco CGM Helmets Lucky Boxer Azul\/Rojo<\/h2>\n<div class=\"woocommerce-tabs wc-tabs-wrapper\">\n<div id=\"tab-description\" class=\"woocommerce-Tabs-panel woocommerce-Tabs-panel--description panel entry-content wc-tab\" role=\"tabpanel\" aria-labelledby=\"tab-title-description\">\n<p>El 265 LUCKY es el CGM integral dedicado a los j\u00f3venes motociclistas. Casco ligero con tama\u00f1os realizados teniendo en cuenta la conformaci\u00f3n de la cabeza de los m\u00e1s peque\u00f1os, caracterizado por gr\u00e1ficos cautivadores para una protecci\u00f3n segura y divertida de los j\u00f3venes bikers. Equipada con una pantalla larga basculante antiara\u00f1azos con cierre r\u00e1pido y un sistema de ventilaci\u00f3n Air Stream System de tres zonas con canalizaci\u00f3n interna. Interior hexagonal termoformado extra\u00edble para una mayor comodidad de uso, de tejido ExtraCool con costuras en contraste. El equipo se completa con un deflector nasal, un deflector de barbilla y un tope de correa el\u00e1stico.<\/p>\n<\/div>\n<\/div>\n<section class=\"related products\"><\/section>\n<div><strong>Caracter\u00edsticas<\/strong><\/div>\n<ul>\n<li>Calota de HPT<\/li>\n<li>Pintura anti-ara\u00f1azos con decal<\/li>\n<li>Air Stream System<\/li>\n<li>Pantalla larga con tratamiento antiara\u00f1azos<\/li>\n<li>Pantalla de liberaci\u00f3n r\u00e1pida<\/li>\n<li>Pantalla Basculante<\/li>\n<li>Interiores desmontables<\/li>\n<li>Almohadillas desmontables<\/li>\n<li>Interiores termoformados<\/li>\n<li>Interiores Extracool<\/li>\n<li>Deflector de barbilla<\/li>\n<li>Deflector Nasal<\/li>\n<\/ul>\n<div><\/div>\n<div><\/div>\n","protected":false},"excerpt":{"rendered":"<p>El 265 LUCKY es el CGM integral dedicado a los j\u00f3venes motociclistas. Casco ligero con tama\u00f1os realizados teniendo en cuenta la conformaci\u00f3n de la cabeza de los m\u00e1s peque\u00f1os, caracterizado por gr\u00e1ficos cautivadores para una protecci\u00f3n segura y divertida de los j\u00f3venes bikers.<\/p>\n","protected":false},"featured_media":12479,"comment_status":"open","ping_status":"closed","template":"","meta":{"_themeisle_gutenberg_block_has_review":false},"pwb-brand":[755],"product_brand":[],"product_cat":[15,145],"product_tag":[865,882,885],"class_list":{"0":"post-12472","1":"product","2":"type-product","3":"status-publish","4":"has-post-thumbnail","6":"pwb-brand-cgm-helmets","7":"product_cat-casco-de-moto","8":"product_cat-cascos-de-moto-integrales","9":"product_tag-865","10":"product_tag-black-friday-30","11":"product_tag-dto-navideno-25","13":"first","14":"instock","15":"sale","16":"taxable","17":"shipping-taxable","18":"purchasable","19":"product-type-variable","20":"has-default-attributes"},"yoast_head":"<!-- This site is optimized with the Yoast SEO plugin v27.4 - https:\/\/yoast.com\/product\/yoast-seo-wordpress\/ -->\n<title>CASCO CGM HELMETS LUCKY BOXER AZUL\/ROJO - Boutique Francisco Belmonte<\/title>\n<meta name=\"description\" content=\"Casco CGM Helmets Lucky Boxer Azul-Rojo. Cascos de moto integral CGM Helmets al mejor precio en Murcia Francisco Belmonte.\" \/>\n<meta name=\"robots\" content=\"index, follow, max-snippet:-1, max-image-preview:large, max-video-preview:-1\" \/>\n<link rel=\"canonical\" href=\"https:\/\/franciscobelmonte.com\/tienda\/casco-cgm-helmets-lucky-boxer-azul-rojo\/\" \/>\n<meta property=\"og:locale\" content=\"es_ES\" \/>\n<meta property=\"og:type\" content=\"article\" \/>\n<meta property=\"og:title\" content=\"CASCO CGM HELMETS LUCKY BOXER AZUL\/ROJO - Boutique Francisco Belmonte\" \/>\n<meta property=\"og:description\" content=\"Casco CGM Helmets Lucky Boxer Azul-Rojo. Cascos de moto integral CGM Helmets al mejor precio en Murcia Francisco Belmonte.\" \/>\n<meta property=\"og:url\" content=\"https:\/\/franciscobelmonte.com\/tienda\/casco-cgm-helmets-lucky-boxer-azul-rojo\/\" \/>\n<meta property=\"og:site_name\" content=\"Boutique Francisco Belmonte\" \/>\n<meta property=\"article:publisher\" content=\"https:\/\/www.facebook.com\/motosfranciscobelmonte\" \/>\n<meta property=\"article:modified_time\" content=\"2025-12-15T11:01:31+00:00\" \/>\n<meta property=\"og:image\" content=\"https:\/\/franciscobelmonte.com\/tienda\/wp-content\/uploads\/2024\/07\/casco-cgm-helmets-infantil-lucky-boxer-rojo-azul.jpg\" \/>\n\t<meta property=\"og:image:width\" content=\"800\" \/>\n\t<meta property=\"og:image:height\" content=\"800\" \/>\n\t<meta property=\"og:image:type\" content=\"image\/jpeg\" \/>\n<meta name=\"twitter:card\" content=\"summary_large_image\" \/>\n<meta name=\"twitter:label1\" content=\"Tiempo de lectura\" \/>\n\t<meta name=\"twitter:data1\" content=\"1 minuto\" \/>\n<script type=\"application\/ld+json\" class=\"yoast-schema-graph\">{\"@context\":\"https:\\\/\\\/schema.org\",\"@graph\":[{\"@type\":\"WebPage\",\"@id\":\"https:\\\/\\\/franciscobelmonte.com\\\/tienda\\\/casco-cgm-helmets-lucky-boxer-azul-rojo\\\/\",\"url\":\"https:\\\/\\\/franciscobelmonte.com\\\/tienda\\\/casco-cgm-helmets-lucky-boxer-azul-rojo\\\/\",\"name\":\"CASCO CGM HELMETS LUCKY BOXER AZUL\\\/ROJO - Boutique Francisco Belmonte\",\"isPartOf\":{\"@id\":\"https:\\\/\\\/franciscobelmonte.com\\\/tienda\\\/#website\"},\"primaryImageOfPage\":{\"@id\":\"https:\\\/\\\/franciscobelmonte.com\\\/tienda\\\/casco-cgm-helmets-lucky-boxer-azul-rojo\\\/#primaryimage\"},\"image\":{\"@id\":\"https:\\\/\\\/franciscobelmonte.com\\\/tienda\\\/casco-cgm-helmets-lucky-boxer-azul-rojo\\\/#primaryimage\"},\"thumbnailUrl\":\"https:\\\/\\\/franciscobelmonte.com\\\/tienda\\\/wp-content\\\/uploads\\\/2024\\\/07\\\/casco-cgm-helmets-infantil-lucky-boxer-rojo-azul.jpg\",\"datePublished\":\"2024-07-12T15:46:50+00:00\",\"dateModified\":\"2025-12-15T11:01:31+00:00\",\"description\":\"Casco CGM Helmets Lucky Boxer Azul-Rojo. Cascos de moto integral CGM Helmets al mejor precio en Murcia Francisco Belmonte.\",\"breadcrumb\":{\"@id\":\"https:\\\/\\\/franciscobelmonte.com\\\/tienda\\\/casco-cgm-helmets-lucky-boxer-azul-rojo\\\/#breadcrumb\"},\"inLanguage\":\"es\",\"potentialAction\":[{\"@type\":\"ReadAction\",\"target\":[\"https:\\\/\\\/franciscobelmonte.com\\\/tienda\\\/casco-cgm-helmets-lucky-boxer-azul-rojo\\\/\"]}]},{\"@type\":\"ImageObject\",\"inLanguage\":\"es\",\"@id\":\"https:\\\/\\\/franciscobelmonte.com\\\/tienda\\\/casco-cgm-helmets-lucky-boxer-azul-rojo\\\/#primaryimage\",\"url\":\"https:\\\/\\\/franciscobelmonte.com\\\/tienda\\\/wp-content\\\/uploads\\\/2024\\\/07\\\/casco-cgm-helmets-infantil-lucky-boxer-rojo-azul.jpg\",\"contentUrl\":\"https:\\\/\\\/franciscobelmonte.com\\\/tienda\\\/wp-content\\\/uploads\\\/2024\\\/07\\\/casco-cgm-helmets-infantil-lucky-boxer-rojo-azul.jpg\",\"width\":800,\"height\":800,\"caption\":\"casco integral cgm helmets infantil lucky boxer rojo azul en murcia francisco belmonte\"},{\"@type\":\"BreadcrumbList\",\"@id\":\"https:\\\/\\\/franciscobelmonte.com\\\/tienda\\\/casco-cgm-helmets-lucky-boxer-azul-rojo\\\/#breadcrumb\",\"itemListElement\":[{\"@type\":\"ListItem\",\"position\":1,\"name\":\"Portada\",\"item\":\"https:\\\/\\\/franciscobelmonte.com\\\/tienda\\\/\"},{\"@type\":\"ListItem\",\"position\":2,\"name\":\"Tienda\",\"item\":\"https:\\\/\\\/franciscobelmonte.com\\\/tienda\\\/boutique-equipamiento-motero\\\/\"},{\"@type\":\"ListItem\",\"position\":3,\"name\":\"CASCO CGM HELMETS LUCKY BOXER AZUL\\\/ROJO\"}]},{\"@type\":\"WebSite\",\"@id\":\"https:\\\/\\\/franciscobelmonte.com\\\/tienda\\\/#website\",\"url\":\"https:\\\/\\\/franciscobelmonte.com\\\/tienda\\\/\",\"name\":\"Boutique Francisco Belmonte\",\"description\":\"Todo en complementos para motoristas\",\"publisher\":{\"@id\":\"https:\\\/\\\/franciscobelmonte.com\\\/tienda\\\/#organization\"},\"potentialAction\":[{\"@type\":\"SearchAction\",\"target\":{\"@type\":\"EntryPoint\",\"urlTemplate\":\"https:\\\/\\\/franciscobelmonte.com\\\/tienda\\\/?s={search_term_string}\"},\"query-input\":{\"@type\":\"PropertyValueSpecification\",\"valueRequired\":true,\"valueName\":\"search_term_string\"}}],\"inLanguage\":\"es\"},{\"@type\":\"Organization\",\"@id\":\"https:\\\/\\\/franciscobelmonte.com\\\/tienda\\\/#organization\",\"name\":\"Boutique Francisco Belmonte\",\"url\":\"https:\\\/\\\/franciscobelmonte.com\\\/tienda\\\/\",\"logo\":{\"@type\":\"ImageObject\",\"inLanguage\":\"es\",\"@id\":\"https:\\\/\\\/franciscobelmonte.com\\\/tienda\\\/#\\\/schema\\\/logo\\\/image\\\/\",\"url\":\"https:\\\/\\\/franciscobelmonte.com\\\/tienda\\\/wp-content\\\/uploads\\\/2021\\\/12\\\/Francisco-Belmonte-logo.png\",\"contentUrl\":\"https:\\\/\\\/franciscobelmonte.com\\\/tienda\\\/wp-content\\\/uploads\\\/2021\\\/12\\\/Francisco-Belmonte-logo.png\",\"width\":2153,\"height\":536,\"caption\":\"Boutique Francisco Belmonte\"},\"image\":{\"@id\":\"https:\\\/\\\/franciscobelmonte.com\\\/tienda\\\/#\\\/schema\\\/logo\\\/image\\\/\"},\"sameAs\":[\"https:\\\/\\\/www.facebook.com\\\/motosfranciscobelmonte\",\"https:\\\/\\\/www.instagram.com\\\/fco.belmonte\\\/\"]}]}<\/script>\n<!-- \/ Yoast SEO plugin. -->","yoast_head_json":{"title":"CASCO CGM HELMETS LUCKY BOXER AZUL\/ROJO - Boutique Francisco Belmonte","description":"Casco CGM Helmets Lucky Boxer Azul-Rojo. Cascos de moto integral CGM Helmets al mejor precio en Murcia Francisco Belmonte.","robots":{"index":"index","follow":"follow","max-snippet":"max-snippet:-1","max-image-preview":"max-image-preview:large","max-video-preview":"max-video-preview:-1"},"canonical":"https:\/\/franciscobelmonte.com\/tienda\/casco-cgm-helmets-lucky-boxer-azul-rojo\/","og_locale":"es_ES","og_type":"article","og_title":"CASCO CGM HELMETS LUCKY BOXER AZUL\/ROJO - Boutique Francisco Belmonte","og_description":"Casco CGM Helmets Lucky Boxer Azul-Rojo. Cascos de moto integral CGM Helmets al mejor precio en Murcia Francisco Belmonte.","og_url":"https:\/\/franciscobelmonte.com\/tienda\/casco-cgm-helmets-lucky-boxer-azul-rojo\/","og_site_name":"Boutique Francisco Belmonte","article_publisher":"https:\/\/www.facebook.com\/motosfranciscobelmonte","article_modified_time":"2025-12-15T11:01:31+00:00","og_image":[{"width":800,"height":800,"url":"https:\/\/franciscobelmonte.com\/tienda\/wp-content\/uploads\/2024\/07\/casco-cgm-helmets-infantil-lucky-boxer-rojo-azul.jpg","type":"image\/jpeg"}],"twitter_card":"summary_large_image","twitter_misc":{"Tiempo de lectura":"1 minuto"},"schema":{"@context":"https:\/\/schema.org","@graph":[{"@type":"WebPage","@id":"https:\/\/franciscobelmonte.com\/tienda\/casco-cgm-helmets-lucky-boxer-azul-rojo\/","url":"https:\/\/franciscobelmonte.com\/tienda\/casco-cgm-helmets-lucky-boxer-azul-rojo\/","name":"CASCO CGM HELMETS LUCKY BOXER AZUL\/ROJO - Boutique Francisco Belmonte","isPartOf":{"@id":"https:\/\/franciscobelmonte.com\/tienda\/#website"},"primaryImageOfPage":{"@id":"https:\/\/franciscobelmonte.com\/tienda\/casco-cgm-helmets-lucky-boxer-azul-rojo\/#primaryimage"},"image":{"@id":"https:\/\/franciscobelmonte.com\/tienda\/casco-cgm-helmets-lucky-boxer-azul-rojo\/#primaryimage"},"thumbnailUrl":"https:\/\/franciscobelmonte.com\/tienda\/wp-content\/uploads\/2024\/07\/casco-cgm-helmets-infantil-lucky-boxer-rojo-azul.jpg","datePublished":"2024-07-12T15:46:50+00:00","dateModified":"2025-12-15T11:01:31+00:00","description":"Casco CGM Helmets Lucky Boxer Azul-Rojo. Cascos de moto integral CGM Helmets al mejor precio en Murcia Francisco Belmonte.","breadcrumb":{"@id":"https:\/\/franciscobelmonte.com\/tienda\/casco-cgm-helmets-lucky-boxer-azul-rojo\/#breadcrumb"},"inLanguage":"es","potentialAction":[{"@type":"ReadAction","target":["https:\/\/franciscobelmonte.com\/tienda\/casco-cgm-helmets-lucky-boxer-azul-rojo\/"]}]},{"@type":"ImageObject","inLanguage":"es","@id":"https:\/\/franciscobelmonte.com\/tienda\/casco-cgm-helmets-lucky-boxer-azul-rojo\/#primaryimage","url":"https:\/\/franciscobelmonte.com\/tienda\/wp-content\/uploads\/2024\/07\/casco-cgm-helmets-infantil-lucky-boxer-rojo-azul.jpg","contentUrl":"https:\/\/franciscobelmonte.com\/tienda\/wp-content\/uploads\/2024\/07\/casco-cgm-helmets-infantil-lucky-boxer-rojo-azul.jpg","width":800,"height":800,"caption":"casco integral cgm helmets infantil lucky boxer rojo azul en murcia francisco belmonte"},{"@type":"BreadcrumbList","@id":"https:\/\/franciscobelmonte.com\/tienda\/casco-cgm-helmets-lucky-boxer-azul-rojo\/#breadcrumb","itemListElement":[{"@type":"ListItem","position":1,"name":"Portada","item":"https:\/\/franciscobelmonte.com\/tienda\/"},{"@type":"ListItem","position":2,"name":"Tienda","item":"https:\/\/franciscobelmonte.com\/tienda\/boutique-equipamiento-motero\/"},{"@type":"ListItem","position":3,"name":"CASCO CGM HELMETS LUCKY BOXER AZUL\/ROJO"}]},{"@type":"WebSite","@id":"https:\/\/franciscobelmonte.com\/tienda\/#website","url":"https:\/\/franciscobelmonte.com\/tienda\/","name":"Boutique Francisco Belmonte","description":"Todo en complementos para motoristas","publisher":{"@id":"https:\/\/franciscobelmonte.com\/tienda\/#organization"},"potentialAction":[{"@type":"SearchAction","target":{"@type":"EntryPoint","urlTemplate":"https:\/\/franciscobelmonte.com\/tienda\/?s={search_term_string}"},"query-input":{"@type":"PropertyValueSpecification","valueRequired":true,"valueName":"search_term_string"}}],"inLanguage":"es"},{"@type":"Organization","@id":"https:\/\/franciscobelmonte.com\/tienda\/#organization","name":"Boutique Francisco Belmonte","url":"https:\/\/franciscobelmonte.com\/tienda\/","logo":{"@type":"ImageObject","inLanguage":"es","@id":"https:\/\/franciscobelmonte.com\/tienda\/#\/schema\/logo\/image\/","url":"https:\/\/franciscobelmonte.com\/tienda\/wp-content\/uploads\/2021\/12\/Francisco-Belmonte-logo.png","contentUrl":"https:\/\/franciscobelmonte.com\/tienda\/wp-content\/uploads\/2021\/12\/Francisco-Belmonte-logo.png","width":2153,"height":536,"caption":"Boutique Francisco Belmonte"},"image":{"@id":"https:\/\/franciscobelmonte.com\/tienda\/#\/schema\/logo\/image\/"},"sameAs":["https:\/\/www.facebook.com\/motosfranciscobelmonte","https:\/\/www.instagram.com\/fco.belmonte\/"]}]}},"jetpack_sharing_enabled":true,"brands":[{"id":755,"name":"CGM Helmets","slug":"cgm-helmets"}],"_links":{"self":[{"href":"https:\/\/franciscobelmonte.com\/tienda\/wp-json\/wp\/v2\/product\/12472","targetHints":{"allow":["GET"]}}],"collection":[{"href":"https:\/\/franciscobelmonte.com\/tienda\/wp-json\/wp\/v2\/product"}],"about":[{"href":"https:\/\/franciscobelmonte.com\/tienda\/wp-json\/wp\/v2\/types\/product"}],"replies":[{"embeddable":true,"href":"https:\/\/franciscobelmonte.com\/tienda\/wp-json\/wp\/v2\/comments?post=12472"}],"wp:featuredmedia":[{"embeddable":true,"href":"https:\/\/franciscobelmonte.com\/tienda\/wp-json\/wp\/v2\/media\/12479"}],"wp:attachment":[{"href":"https:\/\/franciscobelmonte.com\/tienda\/wp-json\/wp\/v2\/media?parent=12472"}],"wp:term":[{"taxonomy":"pwb-brand","embeddable":true,"href":"https:\/\/franciscobelmonte.com\/tienda\/wp-json\/wp\/v2\/pwb-brand?post=12472"},{"taxonomy":"product_brand","embeddable":true,"href":"https:\/\/franciscobelmonte.com\/tienda\/wp-json\/wp\/v2\/product_brand?post=12472"},{"taxonomy":"product_cat","embeddable":true,"href":"https:\/\/franciscobelmonte.com\/tienda\/wp-json\/wp\/v2\/product_cat?post=12472"},{"taxonomy":"product_tag","embeddable":true,"href":"https:\/\/franciscobelmonte.com\/tienda\/wp-json\/wp\/v2\/product_tag?post=12472"}],"curies":[{"name":"wp","href":"https:\/\/api.w.org\/{rel}","templated":true}]}}