{"id":12551,"date":"2024-07-29T18:29:26","date_gmt":"2024-07-29T16:29:26","guid":{"rendered":"https:\/\/franciscobelmonte.com\/tienda\/?post_type=product&#038;p=12551"},"modified":"2025-11-25T13:27:00","modified_gmt":"2025-11-25T11:27:00","slug":"casco-mt-stinger-2-zivze-b5-negro-blanco-rojo-mate","status":"publish","type":"product","link":"https:\/\/franciscobelmonte.com\/tienda\/casco-mt-stinger-2-zivze-b5-negro-blanco-rojo-mate\/","title":{"rendered":"CASCO MT STINGER 2 ZIVZE B5 NEGRO\/BLANCO\/ROJO MATE"},"content":{"rendered":"<h1>Casco MT Stinger 2 Zivze B5 Negro\/Blanco\/Rojo Mate<\/h1>\n<p><strong>Casco MT Stinger 2 Zivze Negro &#8211; Blanco &#8211; Rojo Mate<\/strong>. MT Helmets vuelve a marcar un hito en el mundo de los cascos de moto con el lanzamiento del nuevo Stinger 2, una joya dentro de su colecci\u00f3n 2024 que combina una relaci\u00f3n calidad-precio excepcional con innovaciones tecnol\u00f3gicas propias de modelos de gama alta. El Stinger 2 es un claro ejemplo de la vasta experiencia y maestr\u00eda de MT Helmets en la creaci\u00f3n de cascos accesibles, sin sacrificar la calidad de los acabados ni la seguridad.<\/p>\n<p><strong>Caracter\u00edsticas<\/strong><\/p>\n<ul>\n<li>Fabricado en HIRP (High Impact Resistant Polymer)\u00a0compuesto por una combinacio\u0301n de poli\u0301meros que ofrece un excelente comportamiento en caso de impacto.<\/li>\n<li>Cierre microm\u00e9trico con sistema de retenci\u00f3n de doble diente para garantizar la m\u00e1xima seguridad.<\/li>\n<li>Pantalla MT-V-28B fabricada con material antirayaduras de gran calidad \u00f3ptica. Ajuste perfecto entre pantalla y calota para un mayor confort en marcha.<\/li>\n<li>Este modelo es compatible para incorporar l\u00e1minas Anti-vaho Fog-Off y Pinlock.<\/li>\n<li>Incluye cubrebarbilla de serie.<\/li>\n<li>Interiores fabricados en tejidos hipoalerg\u00e9nicos y son desmontables y lavables.<\/li>\n<li>Homologaci\u00f3n ECE 22.06.<\/li>\n<li>Peso: 1650 +\/- 50 gramos.<\/li>\n<\/ul>\n","protected":false},"excerpt":{"rendered":"<p>Este modelo est\u00e1 dise\u00f1ado para los que buscan un casco de corte deportivo que apuesta por la ligereza y por unas l\u00edneas din\u00e1micas y atractivas.<\/p>\n","protected":false},"featured_media":12557,"comment_status":"open","ping_status":"closed","template":"","meta":{"_themeisle_gutenberg_block_has_review":false},"pwb-brand":[224],"product_brand":[],"product_cat":[15,145],"product_tag":[865,780,818],"class_list":{"0":"post-12551","1":"product","2":"type-product","3":"status-publish","4":"has-post-thumbnail","6":"pwb-brand-mt-helmets","7":"product_cat-casco-de-moto","8":"product_cat-cascos-de-moto-integrales","9":"product_tag-865","10":"product_tag-mt-sin-rebajas-10","11":"product_tag-rebajas-20","13":"first","14":"outofstock","15":"taxable","16":"shipping-taxable","17":"product-type-variable","18":"has-default-attributes"},"yoast_head":"<!-- This site is optimized with the Yoast SEO plugin v27.5 - https:\/\/yoast.com\/product\/yoast-seo-wordpress\/ -->\n<title>CASCO MT STINGER 2 ZIVZE B5 NEGRO\/BLANCO\/ROJO MATE - Boutique Francisco Belmonte<\/title>\n<meta name=\"description\" content=\"Casco MT Stinger 2 Zivze B5 Negro-Blanco-Rojo Mate. Puedes descubrirlo y prob\u00e1rtelo en nuestra Boutique Francisco Belmonte en Murcia. Al mejor precio.\" \/>\n<meta name=\"robots\" content=\"index, follow, max-snippet:-1, max-image-preview:large, max-video-preview:-1\" \/>\n<link rel=\"canonical\" href=\"https:\/\/franciscobelmonte.com\/tienda\/casco-mt-stinger-2-zivze-b5-negro-blanco-rojo-mate\/\" \/>\n<meta property=\"og:locale\" content=\"es_ES\" \/>\n<meta property=\"og:type\" content=\"article\" \/>\n<meta property=\"og:title\" content=\"CASCO MT STINGER 2 ZIVZE B5 NEGRO\/BLANCO\/ROJO MATE - Boutique Francisco Belmonte\" \/>\n<meta property=\"og:description\" content=\"Casco MT Stinger 2 Zivze B5 Negro-Blanco-Rojo Mate. Puedes descubrirlo y prob\u00e1rtelo en nuestra Boutique Francisco Belmonte en Murcia. Al mejor precio.\" \/>\n<meta property=\"og:url\" content=\"https:\/\/franciscobelmonte.com\/tienda\/casco-mt-stinger-2-zivze-b5-negro-blanco-rojo-mate\/\" \/>\n<meta property=\"og:site_name\" content=\"Boutique Francisco Belmonte\" \/>\n<meta property=\"article:publisher\" content=\"https:\/\/www.facebook.com\/motosfranciscobelmonte\" \/>\n<meta property=\"article:modified_time\" content=\"2025-11-25T11:27:00+00:00\" \/>\n<meta property=\"og:image\" content=\"https:\/\/franciscobelmonte.com\/tienda\/wp-content\/uploads\/2024\/07\/casco-mt-stinger-2-zivze-b5-negro-blanco-rojo-mate.jpg\" \/>\n\t<meta property=\"og:image:width\" content=\"800\" \/>\n\t<meta property=\"og:image:height\" content=\"800\" \/>\n\t<meta property=\"og:image:type\" content=\"image\/jpeg\" \/>\n<meta name=\"twitter:card\" content=\"summary_large_image\" \/>\n<meta name=\"twitter:label1\" content=\"Tiempo de lectura\" \/>\n\t<meta name=\"twitter:data1\" content=\"1 minuto\" \/>\n<script type=\"application\/ld+json\" class=\"yoast-schema-graph\">{\"@context\":\"https:\\\/\\\/schema.org\",\"@graph\":[{\"@type\":\"WebPage\",\"@id\":\"https:\\\/\\\/franciscobelmonte.com\\\/tienda\\\/casco-mt-stinger-2-zivze-b5-negro-blanco-rojo-mate\\\/\",\"url\":\"https:\\\/\\\/franciscobelmonte.com\\\/tienda\\\/casco-mt-stinger-2-zivze-b5-negro-blanco-rojo-mate\\\/\",\"name\":\"CASCO MT STINGER 2 ZIVZE B5 NEGRO\\\/BLANCO\\\/ROJO MATE - Boutique Francisco Belmonte\",\"isPartOf\":{\"@id\":\"https:\\\/\\\/franciscobelmonte.com\\\/tienda\\\/#website\"},\"primaryImageOfPage\":{\"@id\":\"https:\\\/\\\/franciscobelmonte.com\\\/tienda\\\/casco-mt-stinger-2-zivze-b5-negro-blanco-rojo-mate\\\/#primaryimage\"},\"image\":{\"@id\":\"https:\\\/\\\/franciscobelmonte.com\\\/tienda\\\/casco-mt-stinger-2-zivze-b5-negro-blanco-rojo-mate\\\/#primaryimage\"},\"thumbnailUrl\":\"https:\\\/\\\/franciscobelmonte.com\\\/tienda\\\/wp-content\\\/uploads\\\/2024\\\/07\\\/casco-mt-stinger-2-zivze-b5-negro-blanco-rojo-mate.jpg\",\"datePublished\":\"2024-07-29T16:29:26+00:00\",\"dateModified\":\"2025-11-25T11:27:00+00:00\",\"description\":\"Casco MT Stinger 2 Zivze B5 Negro-Blanco-Rojo Mate. Puedes descubrirlo y prob\u00e1rtelo en nuestra Boutique Francisco Belmonte en Murcia. Al mejor precio.\",\"breadcrumb\":{\"@id\":\"https:\\\/\\\/franciscobelmonte.com\\\/tienda\\\/casco-mt-stinger-2-zivze-b5-negro-blanco-rojo-mate\\\/#breadcrumb\"},\"inLanguage\":\"es\",\"potentialAction\":[{\"@type\":\"ReadAction\",\"target\":[\"https:\\\/\\\/franciscobelmonte.com\\\/tienda\\\/casco-mt-stinger-2-zivze-b5-negro-blanco-rojo-mate\\\/\"]}]},{\"@type\":\"ImageObject\",\"inLanguage\":\"es\",\"@id\":\"https:\\\/\\\/franciscobelmonte.com\\\/tienda\\\/casco-mt-stinger-2-zivze-b5-negro-blanco-rojo-mate\\\/#primaryimage\",\"url\":\"https:\\\/\\\/franciscobelmonte.com\\\/tienda\\\/wp-content\\\/uploads\\\/2024\\\/07\\\/casco-mt-stinger-2-zivze-b5-negro-blanco-rojo-mate.jpg\",\"contentUrl\":\"https:\\\/\\\/franciscobelmonte.com\\\/tienda\\\/wp-content\\\/uploads\\\/2024\\\/07\\\/casco-mt-stinger-2-zivze-b5-negro-blanco-rojo-mate.jpg\",\"width\":800,\"height\":800,\"caption\":\"casco mt stinger 2 zivze b5 negro blanco rojo mate en murcia francisco belmonte\"},{\"@type\":\"BreadcrumbList\",\"@id\":\"https:\\\/\\\/franciscobelmonte.com\\\/tienda\\\/casco-mt-stinger-2-zivze-b5-negro-blanco-rojo-mate\\\/#breadcrumb\",\"itemListElement\":[{\"@type\":\"ListItem\",\"position\":1,\"name\":\"Portada\",\"item\":\"https:\\\/\\\/franciscobelmonte.com\\\/tienda\\\/\"},{\"@type\":\"ListItem\",\"position\":2,\"name\":\"Tienda\",\"item\":\"https:\\\/\\\/franciscobelmonte.com\\\/tienda\\\/boutique-equipamiento-motero\\\/\"},{\"@type\":\"ListItem\",\"position\":3,\"name\":\"CASCO MT STINGER 2 ZIVZE B5 NEGRO\\\/BLANCO\\\/ROJO MATE\"}]},{\"@type\":\"WebSite\",\"@id\":\"https:\\\/\\\/franciscobelmonte.com\\\/tienda\\\/#website\",\"url\":\"https:\\\/\\\/franciscobelmonte.com\\\/tienda\\\/\",\"name\":\"Boutique Francisco Belmonte\",\"description\":\"Todo en complementos para motoristas\",\"publisher\":{\"@id\":\"https:\\\/\\\/franciscobelmonte.com\\\/tienda\\\/#organization\"},\"potentialAction\":[{\"@type\":\"SearchAction\",\"target\":{\"@type\":\"EntryPoint\",\"urlTemplate\":\"https:\\\/\\\/franciscobelmonte.com\\\/tienda\\\/?s={search_term_string}\"},\"query-input\":{\"@type\":\"PropertyValueSpecification\",\"valueRequired\":true,\"valueName\":\"search_term_string\"}}],\"inLanguage\":\"es\"},{\"@type\":\"Organization\",\"@id\":\"https:\\\/\\\/franciscobelmonte.com\\\/tienda\\\/#organization\",\"name\":\"Boutique Francisco Belmonte\",\"url\":\"https:\\\/\\\/franciscobelmonte.com\\\/tienda\\\/\",\"logo\":{\"@type\":\"ImageObject\",\"inLanguage\":\"es\",\"@id\":\"https:\\\/\\\/franciscobelmonte.com\\\/tienda\\\/#\\\/schema\\\/logo\\\/image\\\/\",\"url\":\"https:\\\/\\\/franciscobelmonte.com\\\/tienda\\\/wp-content\\\/uploads\\\/2021\\\/12\\\/Francisco-Belmonte-logo.png\",\"contentUrl\":\"https:\\\/\\\/franciscobelmonte.com\\\/tienda\\\/wp-content\\\/uploads\\\/2021\\\/12\\\/Francisco-Belmonte-logo.png\",\"width\":2153,\"height\":536,\"caption\":\"Boutique Francisco Belmonte\"},\"image\":{\"@id\":\"https:\\\/\\\/franciscobelmonte.com\\\/tienda\\\/#\\\/schema\\\/logo\\\/image\\\/\"},\"sameAs\":[\"https:\\\/\\\/www.facebook.com\\\/motosfranciscobelmonte\",\"https:\\\/\\\/www.instagram.com\\\/fco.belmonte\\\/\"]}]}<\/script>\n<!-- \/ Yoast SEO plugin. -->","yoast_head_json":{"title":"CASCO MT STINGER 2 ZIVZE B5 NEGRO\/BLANCO\/ROJO MATE - Boutique Francisco Belmonte","description":"Casco MT Stinger 2 Zivze B5 Negro-Blanco-Rojo Mate. Puedes descubrirlo y prob\u00e1rtelo en nuestra Boutique Francisco Belmonte en Murcia. Al mejor precio.","robots":{"index":"index","follow":"follow","max-snippet":"max-snippet:-1","max-image-preview":"max-image-preview:large","max-video-preview":"max-video-preview:-1"},"canonical":"https:\/\/franciscobelmonte.com\/tienda\/casco-mt-stinger-2-zivze-b5-negro-blanco-rojo-mate\/","og_locale":"es_ES","og_type":"article","og_title":"CASCO MT STINGER 2 ZIVZE B5 NEGRO\/BLANCO\/ROJO MATE - Boutique Francisco Belmonte","og_description":"Casco MT Stinger 2 Zivze B5 Negro-Blanco-Rojo Mate. Puedes descubrirlo y prob\u00e1rtelo en nuestra Boutique Francisco Belmonte en Murcia. Al mejor precio.","og_url":"https:\/\/franciscobelmonte.com\/tienda\/casco-mt-stinger-2-zivze-b5-negro-blanco-rojo-mate\/","og_site_name":"Boutique Francisco Belmonte","article_publisher":"https:\/\/www.facebook.com\/motosfranciscobelmonte","article_modified_time":"2025-11-25T11:27:00+00:00","og_image":[{"width":800,"height":800,"url":"https:\/\/franciscobelmonte.com\/tienda\/wp-content\/uploads\/2024\/07\/casco-mt-stinger-2-zivze-b5-negro-blanco-rojo-mate.jpg","type":"image\/jpeg"}],"twitter_card":"summary_large_image","twitter_misc":{"Tiempo de lectura":"1 minuto"},"schema":{"@context":"https:\/\/schema.org","@graph":[{"@type":"WebPage","@id":"https:\/\/franciscobelmonte.com\/tienda\/casco-mt-stinger-2-zivze-b5-negro-blanco-rojo-mate\/","url":"https:\/\/franciscobelmonte.com\/tienda\/casco-mt-stinger-2-zivze-b5-negro-blanco-rojo-mate\/","name":"CASCO MT STINGER 2 ZIVZE B5 NEGRO\/BLANCO\/ROJO MATE - Boutique Francisco Belmonte","isPartOf":{"@id":"https:\/\/franciscobelmonte.com\/tienda\/#website"},"primaryImageOfPage":{"@id":"https:\/\/franciscobelmonte.com\/tienda\/casco-mt-stinger-2-zivze-b5-negro-blanco-rojo-mate\/#primaryimage"},"image":{"@id":"https:\/\/franciscobelmonte.com\/tienda\/casco-mt-stinger-2-zivze-b5-negro-blanco-rojo-mate\/#primaryimage"},"thumbnailUrl":"https:\/\/franciscobelmonte.com\/tienda\/wp-content\/uploads\/2024\/07\/casco-mt-stinger-2-zivze-b5-negro-blanco-rojo-mate.jpg","datePublished":"2024-07-29T16:29:26+00:00","dateModified":"2025-11-25T11:27:00+00:00","description":"Casco MT Stinger 2 Zivze B5 Negro-Blanco-Rojo Mate. Puedes descubrirlo y prob\u00e1rtelo en nuestra Boutique Francisco Belmonte en Murcia. Al mejor precio.","breadcrumb":{"@id":"https:\/\/franciscobelmonte.com\/tienda\/casco-mt-stinger-2-zivze-b5-negro-blanco-rojo-mate\/#breadcrumb"},"inLanguage":"es","potentialAction":[{"@type":"ReadAction","target":["https:\/\/franciscobelmonte.com\/tienda\/casco-mt-stinger-2-zivze-b5-negro-blanco-rojo-mate\/"]}]},{"@type":"ImageObject","inLanguage":"es","@id":"https:\/\/franciscobelmonte.com\/tienda\/casco-mt-stinger-2-zivze-b5-negro-blanco-rojo-mate\/#primaryimage","url":"https:\/\/franciscobelmonte.com\/tienda\/wp-content\/uploads\/2024\/07\/casco-mt-stinger-2-zivze-b5-negro-blanco-rojo-mate.jpg","contentUrl":"https:\/\/franciscobelmonte.com\/tienda\/wp-content\/uploads\/2024\/07\/casco-mt-stinger-2-zivze-b5-negro-blanco-rojo-mate.jpg","width":800,"height":800,"caption":"casco mt stinger 2 zivze b5 negro blanco rojo mate en murcia francisco belmonte"},{"@type":"BreadcrumbList","@id":"https:\/\/franciscobelmonte.com\/tienda\/casco-mt-stinger-2-zivze-b5-negro-blanco-rojo-mate\/#breadcrumb","itemListElement":[{"@type":"ListItem","position":1,"name":"Portada","item":"https:\/\/franciscobelmonte.com\/tienda\/"},{"@type":"ListItem","position":2,"name":"Tienda","item":"https:\/\/franciscobelmonte.com\/tienda\/boutique-equipamiento-motero\/"},{"@type":"ListItem","position":3,"name":"CASCO MT STINGER 2 ZIVZE B5 NEGRO\/BLANCO\/ROJO MATE"}]},{"@type":"WebSite","@id":"https:\/\/franciscobelmonte.com\/tienda\/#website","url":"https:\/\/franciscobelmonte.com\/tienda\/","name":"Boutique Francisco Belmonte","description":"Todo en complementos para motoristas","publisher":{"@id":"https:\/\/franciscobelmonte.com\/tienda\/#organization"},"potentialAction":[{"@type":"SearchAction","target":{"@type":"EntryPoint","urlTemplate":"https:\/\/franciscobelmonte.com\/tienda\/?s={search_term_string}"},"query-input":{"@type":"PropertyValueSpecification","valueRequired":true,"valueName":"search_term_string"}}],"inLanguage":"es"},{"@type":"Organization","@id":"https:\/\/franciscobelmonte.com\/tienda\/#organization","name":"Boutique Francisco Belmonte","url":"https:\/\/franciscobelmonte.com\/tienda\/","logo":{"@type":"ImageObject","inLanguage":"es","@id":"https:\/\/franciscobelmonte.com\/tienda\/#\/schema\/logo\/image\/","url":"https:\/\/franciscobelmonte.com\/tienda\/wp-content\/uploads\/2021\/12\/Francisco-Belmonte-logo.png","contentUrl":"https:\/\/franciscobelmonte.com\/tienda\/wp-content\/uploads\/2021\/12\/Francisco-Belmonte-logo.png","width":2153,"height":536,"caption":"Boutique Francisco Belmonte"},"image":{"@id":"https:\/\/franciscobelmonte.com\/tienda\/#\/schema\/logo\/image\/"},"sameAs":["https:\/\/www.facebook.com\/motosfranciscobelmonte","https:\/\/www.instagram.com\/fco.belmonte\/"]}]}},"jetpack_sharing_enabled":true,"brands":[{"id":224,"name":"MT Helmets","slug":"mt-helmets"}],"_links":{"self":[{"href":"https:\/\/franciscobelmonte.com\/tienda\/wp-json\/wp\/v2\/product\/12551","targetHints":{"allow":["GET"]}}],"collection":[{"href":"https:\/\/franciscobelmonte.com\/tienda\/wp-json\/wp\/v2\/product"}],"about":[{"href":"https:\/\/franciscobelmonte.com\/tienda\/wp-json\/wp\/v2\/types\/product"}],"replies":[{"embeddable":true,"href":"https:\/\/franciscobelmonte.com\/tienda\/wp-json\/wp\/v2\/comments?post=12551"}],"wp:featuredmedia":[{"embeddable":true,"href":"https:\/\/franciscobelmonte.com\/tienda\/wp-json\/wp\/v2\/media\/12557"}],"wp:attachment":[{"href":"https:\/\/franciscobelmonte.com\/tienda\/wp-json\/wp\/v2\/media?parent=12551"}],"wp:term":[{"taxonomy":"pwb-brand","embeddable":true,"href":"https:\/\/franciscobelmonte.com\/tienda\/wp-json\/wp\/v2\/pwb-brand?post=12551"},{"taxonomy":"product_brand","embeddable":true,"href":"https:\/\/franciscobelmonte.com\/tienda\/wp-json\/wp\/v2\/product_brand?post=12551"},{"taxonomy":"product_cat","embeddable":true,"href":"https:\/\/franciscobelmonte.com\/tienda\/wp-json\/wp\/v2\/product_cat?post=12551"},{"taxonomy":"product_tag","embeddable":true,"href":"https:\/\/franciscobelmonte.com\/tienda\/wp-json\/wp\/v2\/product_tag?post=12551"}],"curies":[{"name":"wp","href":"https:\/\/api.w.org\/{rel}","templated":true}]}}