{"id":12592,"date":"2024-08-22T18:26:35","date_gmt":"2024-08-22T16:26:35","guid":{"rendered":"https:\/\/franciscobelmonte.com\/tienda\/?post_type=product&#038;p=12592"},"modified":"2024-08-23T11:53:41","modified_gmt":"2024-08-23T09:53:41","slug":"silenciador-deportivo-bmw-akrapovic-r1250r-r1250rs","status":"publish","type":"product","link":"https:\/\/franciscobelmonte.com\/tienda\/silenciador-deportivo-bmw-akrapovic-r1250r-r1250rs\/","title":{"rendered":"SILENCIADOR DEPORTIVO BMW (AKRAPOVIC) &#8211; R1250R &#8211; R1250RS"},"content":{"rendered":"<h2>Silenciador Deportivo BMW (AKRAPOVIC) &#8211; R1250R &#8211; R1250RS<\/h2>\n<p>El Silenciador Deportivo BMW te permite personalizar tu BMW R1250R &#8211; R1250RS d\u00e1ndole un aspecto deportivo y un sonido m\u00e1s cautivador. El silenciador AKRAPOVIC tambi\u00e9n te proporciona m\u00e1s potencia.<\/p>\n<p>En asociaci\u00f3n con Akrapovic, la c\u00e9lula BMW Motorrad HP ha desarrollado unos silenciadores deportivos \u00fanicos y de alta gama con un acabado HP de gran calidad. Estos silenciadores no s\u00f3lo dan a tu moto un aspecto nuevo y m\u00e1s interesante, sino que tambi\u00e9n se ha trabajado en el sonido para ofrecer al piloto la mejor experiencia. As\u00ed, tu moto suena m\u00e1s clara, m\u00e1s fuerte.<\/p>\n<p>Para enfatizar el estilo deportivo de tu BMW R1250R &#8211; R1250RS, el silenciador Akrapovic de BMW est\u00e1 hecho de titanio y carbono.<\/p>\n<p><strong>Caracter\u00edsticas<\/strong><\/p>\n<ul>\n<li>Silencioso deportivo Akrapovic vendido exclusivamente por BMW Motorrad<\/li>\n<li>Homologado para uso en carretera en Europa (ECE &amp; ABE)<\/li>\n<li>Composici\u00f3n: carbono y titanio<\/li>\n<li>Fijaciones incluidas<\/li>\n<li>Ajuste perfecto<\/li>\n<li>Producto original BMW Motorrad<\/li>\n<\/ul>\n<p><strong>Modelos de motocicletas compatibles<\/strong><\/p>\n<ul>\n<li>R 1250 R &#8211; K54 &#8211; (0M7, 0M73) [2022-]<\/li>\n<li>R 1250 r 2019 &#8211; k53 &#8211; (0j71 0j73) &#8211; [2018-2022]<\/li>\n<li>R 1250 RS &#8211; K54 &#8211; (0M81, 0M83) [2022-]R 1250 RS 2019 &#8211; k54 &#8211; (0J81 0J83) &#8211; [2018 -2022]<\/li>\n<\/ul>\n","protected":false},"excerpt":{"rendered":"<p>El Silenciador Deportivo BMW te permite personalizar tu BMW R1250R &#8211; R1250RS d\u00e1ndole un aspecto deportivo y un sonido m\u00e1s cautivador. El silenciador AKRAPOVIC tambi\u00e9n te proporciona m\u00e1s potencia.<\/p>\n","protected":false},"featured_media":12595,"comment_status":"open","ping_status":"closed","template":"","meta":{"_themeisle_gutenberg_block_has_review":false},"pwb-brand":[184],"product_brand":[],"product_cat":[766,79],"product_tag":[],"class_list":{"0":"post-12592","1":"product","2":"type-product","3":"status-publish","4":"has-post-thumbnail","6":"pwb-brand-bmw","7":"product_cat-accesorios-moto-bmw","8":"product_cat-bmw-motorrad","10":"first","11":"instock","12":"taxable","13":"shipping-taxable","14":"purchasable","15":"product-type-simple"},"yoast_head":"<!-- This site is optimized with the Yoast SEO plugin v27.4 - https:\/\/yoast.com\/product\/yoast-seo-wordpress\/ -->\n<title>SILENCIADOR DEPORTIVO BMW (AKRAPOVIC) - R1250R - R1250RS - Boutique Francisco Belmonte<\/title>\n<meta name=\"description\" content=\"Silenciador Deportivo BMW Akrapovic R1250R-R1250RS en Belmoto Motorrad Murcia. Todo en accesorios T\u00e9cnicos BMW Motos en Murcia al mejor precio\" \/>\n<meta name=\"robots\" content=\"index, follow, max-snippet:-1, max-image-preview:large, max-video-preview:-1\" \/>\n<link rel=\"canonical\" href=\"https:\/\/franciscobelmonte.com\/tienda\/silenciador-deportivo-bmw-akrapovic-r1250r-r1250rs\/\" \/>\n<meta property=\"og:locale\" content=\"es_ES\" \/>\n<meta property=\"og:type\" content=\"article\" \/>\n<meta property=\"og:title\" content=\"SILENCIADOR DEPORTIVO BMW (AKRAPOVIC) - R1250R - R1250RS - Boutique Francisco Belmonte\" \/>\n<meta property=\"og:description\" content=\"Silenciador Deportivo BMW Akrapovic R1250R-R1250RS en Belmoto Motorrad Murcia. Todo en accesorios T\u00e9cnicos BMW Motos en Murcia al mejor precio\" \/>\n<meta property=\"og:url\" content=\"https:\/\/franciscobelmonte.com\/tienda\/silenciador-deportivo-bmw-akrapovic-r1250r-r1250rs\/\" \/>\n<meta property=\"og:site_name\" content=\"Boutique Francisco Belmonte\" \/>\n<meta property=\"article:publisher\" content=\"https:\/\/www.facebook.com\/motosfranciscobelmonte\" \/>\n<meta property=\"article:modified_time\" content=\"2024-08-23T09:53:41+00:00\" \/>\n<meta property=\"og:image\" content=\"https:\/\/franciscobelmonte.com\/tienda\/wp-content\/uploads\/2024\/08\/silenciador-deportivo-bmw-akrapovic.jpg\" \/>\n\t<meta property=\"og:image:width\" content=\"800\" \/>\n\t<meta property=\"og:image:height\" content=\"800\" \/>\n\t<meta property=\"og:image:type\" content=\"image\/jpeg\" \/>\n<meta name=\"twitter:card\" content=\"summary_large_image\" \/>\n<meta name=\"twitter:label1\" content=\"Tiempo de lectura\" \/>\n\t<meta name=\"twitter:data1\" content=\"1 minuto\" \/>\n<script type=\"application\/ld+json\" class=\"yoast-schema-graph\">{\"@context\":\"https:\\\/\\\/schema.org\",\"@graph\":[{\"@type\":\"WebPage\",\"@id\":\"https:\\\/\\\/franciscobelmonte.com\\\/tienda\\\/silenciador-deportivo-bmw-akrapovic-r1250r-r1250rs\\\/\",\"url\":\"https:\\\/\\\/franciscobelmonte.com\\\/tienda\\\/silenciador-deportivo-bmw-akrapovic-r1250r-r1250rs\\\/\",\"name\":\"SILENCIADOR DEPORTIVO BMW (AKRAPOVIC) - R1250R - R1250RS - Boutique Francisco Belmonte\",\"isPartOf\":{\"@id\":\"https:\\\/\\\/franciscobelmonte.com\\\/tienda\\\/#website\"},\"primaryImageOfPage\":{\"@id\":\"https:\\\/\\\/franciscobelmonte.com\\\/tienda\\\/silenciador-deportivo-bmw-akrapovic-r1250r-r1250rs\\\/#primaryimage\"},\"image\":{\"@id\":\"https:\\\/\\\/franciscobelmonte.com\\\/tienda\\\/silenciador-deportivo-bmw-akrapovic-r1250r-r1250rs\\\/#primaryimage\"},\"thumbnailUrl\":\"https:\\\/\\\/franciscobelmonte.com\\\/tienda\\\/wp-content\\\/uploads\\\/2024\\\/08\\\/silenciador-deportivo-bmw-akrapovic.jpg\",\"datePublished\":\"2024-08-22T16:26:35+00:00\",\"dateModified\":\"2024-08-23T09:53:41+00:00\",\"description\":\"Silenciador Deportivo BMW Akrapovic R1250R-R1250RS en Belmoto Motorrad Murcia. Todo en accesorios T\u00e9cnicos BMW Motos en Murcia al mejor precio\",\"breadcrumb\":{\"@id\":\"https:\\\/\\\/franciscobelmonte.com\\\/tienda\\\/silenciador-deportivo-bmw-akrapovic-r1250r-r1250rs\\\/#breadcrumb\"},\"inLanguage\":\"es\",\"potentialAction\":[{\"@type\":\"ReadAction\",\"target\":[\"https:\\\/\\\/franciscobelmonte.com\\\/tienda\\\/silenciador-deportivo-bmw-akrapovic-r1250r-r1250rs\\\/\"]}]},{\"@type\":\"ImageObject\",\"inLanguage\":\"es\",\"@id\":\"https:\\\/\\\/franciscobelmonte.com\\\/tienda\\\/silenciador-deportivo-bmw-akrapovic-r1250r-r1250rs\\\/#primaryimage\",\"url\":\"https:\\\/\\\/franciscobelmonte.com\\\/tienda\\\/wp-content\\\/uploads\\\/2024\\\/08\\\/silenciador-deportivo-bmw-akrapovic.jpg\",\"contentUrl\":\"https:\\\/\\\/franciscobelmonte.com\\\/tienda\\\/wp-content\\\/uploads\\\/2024\\\/08\\\/silenciador-deportivo-bmw-akrapovic.jpg\",\"width\":800,\"height\":800,\"caption\":\"silenciador deportivo bmw akrapovic en belmoto motorrad murcia\"},{\"@type\":\"BreadcrumbList\",\"@id\":\"https:\\\/\\\/franciscobelmonte.com\\\/tienda\\\/silenciador-deportivo-bmw-akrapovic-r1250r-r1250rs\\\/#breadcrumb\",\"itemListElement\":[{\"@type\":\"ListItem\",\"position\":1,\"name\":\"Portada\",\"item\":\"https:\\\/\\\/franciscobelmonte.com\\\/tienda\\\/\"},{\"@type\":\"ListItem\",\"position\":2,\"name\":\"Tienda\",\"item\":\"https:\\\/\\\/franciscobelmonte.com\\\/tienda\\\/boutique-equipamiento-motero\\\/\"},{\"@type\":\"ListItem\",\"position\":3,\"name\":\"SILENCIADOR DEPORTIVO BMW (AKRAPOVIC) &#8211; R1250R &#8211; R1250RS\"}]},{\"@type\":\"WebSite\",\"@id\":\"https:\\\/\\\/franciscobelmonte.com\\\/tienda\\\/#website\",\"url\":\"https:\\\/\\\/franciscobelmonte.com\\\/tienda\\\/\",\"name\":\"Boutique Francisco Belmonte\",\"description\":\"Todo en complementos para motoristas\",\"publisher\":{\"@id\":\"https:\\\/\\\/franciscobelmonte.com\\\/tienda\\\/#organization\"},\"potentialAction\":[{\"@type\":\"SearchAction\",\"target\":{\"@type\":\"EntryPoint\",\"urlTemplate\":\"https:\\\/\\\/franciscobelmonte.com\\\/tienda\\\/?s={search_term_string}\"},\"query-input\":{\"@type\":\"PropertyValueSpecification\",\"valueRequired\":true,\"valueName\":\"search_term_string\"}}],\"inLanguage\":\"es\"},{\"@type\":\"Organization\",\"@id\":\"https:\\\/\\\/franciscobelmonte.com\\\/tienda\\\/#organization\",\"name\":\"Boutique Francisco Belmonte\",\"url\":\"https:\\\/\\\/franciscobelmonte.com\\\/tienda\\\/\",\"logo\":{\"@type\":\"ImageObject\",\"inLanguage\":\"es\",\"@id\":\"https:\\\/\\\/franciscobelmonte.com\\\/tienda\\\/#\\\/schema\\\/logo\\\/image\\\/\",\"url\":\"https:\\\/\\\/franciscobelmonte.com\\\/tienda\\\/wp-content\\\/uploads\\\/2021\\\/12\\\/Francisco-Belmonte-logo.png\",\"contentUrl\":\"https:\\\/\\\/franciscobelmonte.com\\\/tienda\\\/wp-content\\\/uploads\\\/2021\\\/12\\\/Francisco-Belmonte-logo.png\",\"width\":2153,\"height\":536,\"caption\":\"Boutique Francisco Belmonte\"},\"image\":{\"@id\":\"https:\\\/\\\/franciscobelmonte.com\\\/tienda\\\/#\\\/schema\\\/logo\\\/image\\\/\"},\"sameAs\":[\"https:\\\/\\\/www.facebook.com\\\/motosfranciscobelmonte\",\"https:\\\/\\\/www.instagram.com\\\/fco.belmonte\\\/\"]}]}<\/script>\n<!-- \/ Yoast SEO plugin. -->","yoast_head_json":{"title":"SILENCIADOR DEPORTIVO BMW (AKRAPOVIC) - R1250R - R1250RS - Boutique Francisco Belmonte","description":"Silenciador Deportivo BMW Akrapovic R1250R-R1250RS en Belmoto Motorrad Murcia. Todo en accesorios T\u00e9cnicos BMW Motos en Murcia al mejor precio","robots":{"index":"index","follow":"follow","max-snippet":"max-snippet:-1","max-image-preview":"max-image-preview:large","max-video-preview":"max-video-preview:-1"},"canonical":"https:\/\/franciscobelmonte.com\/tienda\/silenciador-deportivo-bmw-akrapovic-r1250r-r1250rs\/","og_locale":"es_ES","og_type":"article","og_title":"SILENCIADOR DEPORTIVO BMW (AKRAPOVIC) - R1250R - R1250RS - Boutique Francisco Belmonte","og_description":"Silenciador Deportivo BMW Akrapovic R1250R-R1250RS en Belmoto Motorrad Murcia. Todo en accesorios T\u00e9cnicos BMW Motos en Murcia al mejor precio","og_url":"https:\/\/franciscobelmonte.com\/tienda\/silenciador-deportivo-bmw-akrapovic-r1250r-r1250rs\/","og_site_name":"Boutique Francisco Belmonte","article_publisher":"https:\/\/www.facebook.com\/motosfranciscobelmonte","article_modified_time":"2024-08-23T09:53:41+00:00","og_image":[{"width":800,"height":800,"url":"https:\/\/franciscobelmonte.com\/tienda\/wp-content\/uploads\/2024\/08\/silenciador-deportivo-bmw-akrapovic.jpg","type":"image\/jpeg"}],"twitter_card":"summary_large_image","twitter_misc":{"Tiempo de lectura":"1 minuto"},"schema":{"@context":"https:\/\/schema.org","@graph":[{"@type":"WebPage","@id":"https:\/\/franciscobelmonte.com\/tienda\/silenciador-deportivo-bmw-akrapovic-r1250r-r1250rs\/","url":"https:\/\/franciscobelmonte.com\/tienda\/silenciador-deportivo-bmw-akrapovic-r1250r-r1250rs\/","name":"SILENCIADOR DEPORTIVO BMW (AKRAPOVIC) - R1250R - R1250RS - Boutique Francisco Belmonte","isPartOf":{"@id":"https:\/\/franciscobelmonte.com\/tienda\/#website"},"primaryImageOfPage":{"@id":"https:\/\/franciscobelmonte.com\/tienda\/silenciador-deportivo-bmw-akrapovic-r1250r-r1250rs\/#primaryimage"},"image":{"@id":"https:\/\/franciscobelmonte.com\/tienda\/silenciador-deportivo-bmw-akrapovic-r1250r-r1250rs\/#primaryimage"},"thumbnailUrl":"https:\/\/franciscobelmonte.com\/tienda\/wp-content\/uploads\/2024\/08\/silenciador-deportivo-bmw-akrapovic.jpg","datePublished":"2024-08-22T16:26:35+00:00","dateModified":"2024-08-23T09:53:41+00:00","description":"Silenciador Deportivo BMW Akrapovic R1250R-R1250RS en Belmoto Motorrad Murcia. Todo en accesorios T\u00e9cnicos BMW Motos en Murcia al mejor precio","breadcrumb":{"@id":"https:\/\/franciscobelmonte.com\/tienda\/silenciador-deportivo-bmw-akrapovic-r1250r-r1250rs\/#breadcrumb"},"inLanguage":"es","potentialAction":[{"@type":"ReadAction","target":["https:\/\/franciscobelmonte.com\/tienda\/silenciador-deportivo-bmw-akrapovic-r1250r-r1250rs\/"]}]},{"@type":"ImageObject","inLanguage":"es","@id":"https:\/\/franciscobelmonte.com\/tienda\/silenciador-deportivo-bmw-akrapovic-r1250r-r1250rs\/#primaryimage","url":"https:\/\/franciscobelmonte.com\/tienda\/wp-content\/uploads\/2024\/08\/silenciador-deportivo-bmw-akrapovic.jpg","contentUrl":"https:\/\/franciscobelmonte.com\/tienda\/wp-content\/uploads\/2024\/08\/silenciador-deportivo-bmw-akrapovic.jpg","width":800,"height":800,"caption":"silenciador deportivo bmw akrapovic en belmoto motorrad murcia"},{"@type":"BreadcrumbList","@id":"https:\/\/franciscobelmonte.com\/tienda\/silenciador-deportivo-bmw-akrapovic-r1250r-r1250rs\/#breadcrumb","itemListElement":[{"@type":"ListItem","position":1,"name":"Portada","item":"https:\/\/franciscobelmonte.com\/tienda\/"},{"@type":"ListItem","position":2,"name":"Tienda","item":"https:\/\/franciscobelmonte.com\/tienda\/boutique-equipamiento-motero\/"},{"@type":"ListItem","position":3,"name":"SILENCIADOR DEPORTIVO BMW (AKRAPOVIC) &#8211; R1250R &#8211; R1250RS"}]},{"@type":"WebSite","@id":"https:\/\/franciscobelmonte.com\/tienda\/#website","url":"https:\/\/franciscobelmonte.com\/tienda\/","name":"Boutique Francisco Belmonte","description":"Todo en complementos para motoristas","publisher":{"@id":"https:\/\/franciscobelmonte.com\/tienda\/#organization"},"potentialAction":[{"@type":"SearchAction","target":{"@type":"EntryPoint","urlTemplate":"https:\/\/franciscobelmonte.com\/tienda\/?s={search_term_string}"},"query-input":{"@type":"PropertyValueSpecification","valueRequired":true,"valueName":"search_term_string"}}],"inLanguage":"es"},{"@type":"Organization","@id":"https:\/\/franciscobelmonte.com\/tienda\/#organization","name":"Boutique Francisco Belmonte","url":"https:\/\/franciscobelmonte.com\/tienda\/","logo":{"@type":"ImageObject","inLanguage":"es","@id":"https:\/\/franciscobelmonte.com\/tienda\/#\/schema\/logo\/image\/","url":"https:\/\/franciscobelmonte.com\/tienda\/wp-content\/uploads\/2021\/12\/Francisco-Belmonte-logo.png","contentUrl":"https:\/\/franciscobelmonte.com\/tienda\/wp-content\/uploads\/2021\/12\/Francisco-Belmonte-logo.png","width":2153,"height":536,"caption":"Boutique Francisco Belmonte"},"image":{"@id":"https:\/\/franciscobelmonte.com\/tienda\/#\/schema\/logo\/image\/"},"sameAs":["https:\/\/www.facebook.com\/motosfranciscobelmonte","https:\/\/www.instagram.com\/fco.belmonte\/"]}]}},"jetpack_sharing_enabled":true,"brands":[{"id":184,"name":"Bmw","slug":"bmw"}],"_links":{"self":[{"href":"https:\/\/franciscobelmonte.com\/tienda\/wp-json\/wp\/v2\/product\/12592","targetHints":{"allow":["GET"]}}],"collection":[{"href":"https:\/\/franciscobelmonte.com\/tienda\/wp-json\/wp\/v2\/product"}],"about":[{"href":"https:\/\/franciscobelmonte.com\/tienda\/wp-json\/wp\/v2\/types\/product"}],"replies":[{"embeddable":true,"href":"https:\/\/franciscobelmonte.com\/tienda\/wp-json\/wp\/v2\/comments?post=12592"}],"wp:featuredmedia":[{"embeddable":true,"href":"https:\/\/franciscobelmonte.com\/tienda\/wp-json\/wp\/v2\/media\/12595"}],"wp:attachment":[{"href":"https:\/\/franciscobelmonte.com\/tienda\/wp-json\/wp\/v2\/media?parent=12592"}],"wp:term":[{"taxonomy":"pwb-brand","embeddable":true,"href":"https:\/\/franciscobelmonte.com\/tienda\/wp-json\/wp\/v2\/pwb-brand?post=12592"},{"taxonomy":"product_brand","embeddable":true,"href":"https:\/\/franciscobelmonte.com\/tienda\/wp-json\/wp\/v2\/product_brand?post=12592"},{"taxonomy":"product_cat","embeddable":true,"href":"https:\/\/franciscobelmonte.com\/tienda\/wp-json\/wp\/v2\/product_cat?post=12592"},{"taxonomy":"product_tag","embeddable":true,"href":"https:\/\/franciscobelmonte.com\/tienda\/wp-json\/wp\/v2\/product_tag?post=12592"}],"curies":[{"name":"wp","href":"https:\/\/api.w.org\/{rel}","templated":true}]}}