{"id":1262,"date":"2022-02-28T18:32:50","date_gmt":"2022-02-28T18:32:50","guid":{"rendered":"https:\/\/franciscobelmonte.com\/?post_type=product&#038;p=1262"},"modified":"2026-01-06T20:04:21","modified_gmt":"2026-01-06T18:04:21","slug":"alpinestars-stella-t-kira-v2-waterproof-lady-negro-blanco","status":"publish","type":"product","link":"https:\/\/franciscobelmonte.com\/tienda\/alpinestars-stella-t-kira-v2-waterproof-lady-negro-blanco\/","title":{"rendered":"CHAQUETA ALPINESTARS STELLA T-KIRA V2 WATERPROOF LADY NEGRO \/ BLANCO"},"content":{"rendered":"<h1><strong>Chaqueta Alpinestars Stella T-Kira V2 Waterproof<\/strong>\u00a0<strong> Lady Negro \/ Blanco<\/strong><\/h1>\n<p>Chaqueta\u00a0textil de estilo deportivo espec\u00edficamente dise\u00f1ada para la mujer. dispone de membrana impermeable fija, forro t\u00e9rmico desmontable y entradas de aire con cremallera para poder adaptarse a las diferentes condiciones clim\u00e1ticas.<\/p>\n<p><strong>Confecci\u00f3n<\/strong><\/p>\n<ul class=\"squareUl\">\n<li>Confeccionada en m\u00faltiples tejidos con refuerzos en material muy resistente a la abrasi\u00f3n en puntos clave<\/li>\n<li>Membrana impermeable<\/li>\n<li>Forro t\u00e9rmico desmontable<\/li>\n<\/ul>\n<p><strong>Seguridad<\/strong><\/p>\n<ul class=\"squareUl\">\n<li>Compartimentos en el pecho y en la espalda en los que se pueden montar los protectores Alpinestars Nucleon (no inclu\u00eddos)<\/li>\n<li>Detalles reflectantes para ser m\u00e1s visible en conducci\u00f3n nocturna o poca visibilidad<\/li>\n<li>Protecciones desmontables alpinestars Bio Armor en hombros y codos con certificaci\u00f3n CE EN1621-1.2012 Nivel 1<\/li>\n<\/ul>\n<p><strong>Confort y alto rendimiento<\/strong><\/p>\n<ul class=\"squareUl\">\n<li>Entradas de aire con cremallera en la zona superior de las mangas para una \u00f3ptima circulaci\u00f3n del flujo de aire<\/li>\n<li>Inserciones el\u00e1sticas en acorde\u00f3n en la espalda que posibilitan un mayor confort y libertad de movimientos<\/li>\n<li>Ajusto deportivo con mangas pre-curvadas para reducir la fatiga mientras pilotamos<\/li>\n<li>Parte de la espalda m\u00e1s larga que la frontal, lo cual genera un mayor confort y protecci\u00f3n en posici\u00f3n de conducci\u00f3n<\/li>\n<li>Cuello y pu\u00f1os con acabado en microfibra<\/li>\n<li>2 Bolsillos externos con cremallera y 1 bolsillo interior impermeable<\/li>\n<\/ul>\n<p><strong>Homologaci\u00f3n<\/strong><\/p>\n<ul style=\"list-style-type: square;\">\n<li>Chaqueta certificada seg\u00fan la normativa CE\u00a0Cat. II &#8211; PPE (EU) 2016\/425 Clase A<\/li>\n<\/ul>\n","protected":false},"excerpt":{"rendered":"<p>Chaqueta\u00a0textil de estilo deportivo espec\u00edficamente dise\u00f1ada para la mujer. dispone de membrana impermeable fija, forro t\u00e9rmico desmontable y entradas de aire con cremallera para poder adaptarse a las diferentes condiciones clim\u00e1ticas.<\/p>\n<p><a style=\"color: #0000ff;\" href=\"https:\/\/franciscobelmonte.com\/tienda\/wp-content\/uploads\/2022\/09\/Tallas-pantalones-y-chaquetas-alpinestars-mujer.png\" target=\"_blank\" rel=\"noopener\"><span style=\"font-size: xx-small;\"> Ver gu\u00eda de tallas<\/span><\/a><\/p>\n","protected":false},"featured_media":1268,"comment_status":"open","ping_status":"closed","template":"","meta":{"_themeisle_gutenberg_block_has_review":false},"pwb-brand":[186],"product_brand":[],"product_cat":[46,137],"product_tag":[888],"class_list":{"0":"post-1262","1":"product","2":"type-product","3":"status-publish","4":"has-post-thumbnail","6":"pwb-brand-alpinestars","7":"product_cat-chaquetas-de-moto","8":"product_cat-chaquetas-de-moto-invierno","9":"product_tag-rebajas-40","11":"first","12":"instock","13":"sale","14":"taxable","15":"shipping-taxable","16":"purchasable","17":"product-type-variable","18":"has-default-attributes"},"yoast_head":"<!-- This site is optimized with the Yoast SEO plugin v27.4 - https:\/\/yoast.com\/product\/yoast-seo-wordpress\/ -->\n<title>CHAQUETA ALPINESTARS STELLA T-KIRA V2 WATERPROOF LADY NEGRO \/ BLANCO - Boutique Francisco Belmonte<\/title>\n<meta name=\"description\" content=\"Chaqueta Alpinestars Etella T-Kira V2 Waterproof Lady negro-blanco. Desc\u00fabrela en nuestra Boutique Francisco Belmonte en Murcia.\" \/>\n<meta name=\"robots\" content=\"index, follow, max-snippet:-1, max-image-preview:large, max-video-preview:-1\" \/>\n<link rel=\"canonical\" href=\"https:\/\/franciscobelmonte.com\/tienda\/alpinestars-stella-t-kira-v2-waterproof-lady-negro-blanco\/\" \/>\n<meta property=\"og:locale\" content=\"es_ES\" \/>\n<meta property=\"og:type\" content=\"article\" \/>\n<meta property=\"og:title\" content=\"CHAQUETA ALPINESTARS STELLA T-KIRA V2 WATERPROOF LADY NEGRO \/ BLANCO - Boutique Francisco Belmonte\" \/>\n<meta property=\"og:description\" content=\"Chaqueta Alpinestars Etella T-Kira V2 Waterproof Lady negro-blanco. Desc\u00fabrela en nuestra Boutique Francisco Belmonte en Murcia.\" \/>\n<meta property=\"og:url\" content=\"https:\/\/franciscobelmonte.com\/tienda\/alpinestars-stella-t-kira-v2-waterproof-lady-negro-blanco\/\" \/>\n<meta property=\"og:site_name\" content=\"Boutique Francisco Belmonte\" \/>\n<meta property=\"article:publisher\" content=\"https:\/\/www.facebook.com\/motosfranciscobelmonte\" \/>\n<meta property=\"article:modified_time\" content=\"2026-01-06T18:04:21+00:00\" \/>\n<meta property=\"og:image\" content=\"https:\/\/franciscobelmonte.com\/tienda\/wp-content\/uploads\/2022\/02\/Chaqueta-alpinestars-stella-T-Kira-V2-Watproof-negra-blanca.jpg\" \/>\n\t<meta property=\"og:image:width\" content=\"800\" \/>\n\t<meta property=\"og:image:height\" content=\"800\" \/>\n\t<meta property=\"og:image:type\" content=\"image\/jpeg\" \/>\n<meta name=\"twitter:card\" content=\"summary_large_image\" \/>\n<meta name=\"twitter:label1\" content=\"Tiempo de lectura\" \/>\n\t<meta name=\"twitter:data1\" content=\"1 minuto\" \/>\n<script type=\"application\/ld+json\" class=\"yoast-schema-graph\">{\"@context\":\"https:\\\/\\\/schema.org\",\"@graph\":[{\"@type\":\"WebPage\",\"@id\":\"https:\\\/\\\/franciscobelmonte.com\\\/tienda\\\/alpinestars-stella-t-kira-v2-waterproof-lady-negro-blanco\\\/\",\"url\":\"https:\\\/\\\/franciscobelmonte.com\\\/tienda\\\/alpinestars-stella-t-kira-v2-waterproof-lady-negro-blanco\\\/\",\"name\":\"CHAQUETA ALPINESTARS STELLA T-KIRA V2 WATERPROOF LADY NEGRO \\\/ BLANCO - Boutique Francisco Belmonte\",\"isPartOf\":{\"@id\":\"https:\\\/\\\/franciscobelmonte.com\\\/tienda\\\/#website\"},\"primaryImageOfPage\":{\"@id\":\"https:\\\/\\\/franciscobelmonte.com\\\/tienda\\\/alpinestars-stella-t-kira-v2-waterproof-lady-negro-blanco\\\/#primaryimage\"},\"image\":{\"@id\":\"https:\\\/\\\/franciscobelmonte.com\\\/tienda\\\/alpinestars-stella-t-kira-v2-waterproof-lady-negro-blanco\\\/#primaryimage\"},\"thumbnailUrl\":\"https:\\\/\\\/franciscobelmonte.com\\\/tienda\\\/wp-content\\\/uploads\\\/2022\\\/02\\\/Chaqueta-alpinestars-stella-T-Kira-V2-Watproof-negra-blanca.jpg\",\"datePublished\":\"2022-02-28T18:32:50+00:00\",\"dateModified\":\"2026-01-06T18:04:21+00:00\",\"description\":\"Chaqueta Alpinestars Etella T-Kira V2 Waterproof Lady negro-blanco. Desc\u00fabrela en nuestra Boutique Francisco Belmonte en Murcia.\",\"breadcrumb\":{\"@id\":\"https:\\\/\\\/franciscobelmonte.com\\\/tienda\\\/alpinestars-stella-t-kira-v2-waterproof-lady-negro-blanco\\\/#breadcrumb\"},\"inLanguage\":\"es\",\"potentialAction\":[{\"@type\":\"ReadAction\",\"target\":[\"https:\\\/\\\/franciscobelmonte.com\\\/tienda\\\/alpinestars-stella-t-kira-v2-waterproof-lady-negro-blanco\\\/\"]}]},{\"@type\":\"ImageObject\",\"inLanguage\":\"es\",\"@id\":\"https:\\\/\\\/franciscobelmonte.com\\\/tienda\\\/alpinestars-stella-t-kira-v2-waterproof-lady-negro-blanco\\\/#primaryimage\",\"url\":\"https:\\\/\\\/franciscobelmonte.com\\\/tienda\\\/wp-content\\\/uploads\\\/2022\\\/02\\\/Chaqueta-alpinestars-stella-T-Kira-V2-Watproof-negra-blanca.jpg\",\"contentUrl\":\"https:\\\/\\\/franciscobelmonte.com\\\/tienda\\\/wp-content\\\/uploads\\\/2022\\\/02\\\/Chaqueta-alpinestars-stella-T-Kira-V2-Watproof-negra-blanca.jpg\",\"width\":800,\"height\":800,\"caption\":\"chaqueta alpinestars stella T-Kira V2 Watproof negro-blanco en murcia francisco belmonte\"},{\"@type\":\"BreadcrumbList\",\"@id\":\"https:\\\/\\\/franciscobelmonte.com\\\/tienda\\\/alpinestars-stella-t-kira-v2-waterproof-lady-negro-blanco\\\/#breadcrumb\",\"itemListElement\":[{\"@type\":\"ListItem\",\"position\":1,\"name\":\"Portada\",\"item\":\"https:\\\/\\\/franciscobelmonte.com\\\/tienda\\\/\"},{\"@type\":\"ListItem\",\"position\":2,\"name\":\"Tienda\",\"item\":\"https:\\\/\\\/franciscobelmonte.com\\\/tienda\\\/boutique-equipamiento-motero\\\/\"},{\"@type\":\"ListItem\",\"position\":3,\"name\":\"CHAQUETA ALPINESTARS STELLA T-KIRA V2 WATERPROOF LADY NEGRO \\\/ BLANCO\"}]},{\"@type\":\"WebSite\",\"@id\":\"https:\\\/\\\/franciscobelmonte.com\\\/tienda\\\/#website\",\"url\":\"https:\\\/\\\/franciscobelmonte.com\\\/tienda\\\/\",\"name\":\"Boutique Francisco Belmonte\",\"description\":\"Todo en complementos para motoristas\",\"publisher\":{\"@id\":\"https:\\\/\\\/franciscobelmonte.com\\\/tienda\\\/#organization\"},\"potentialAction\":[{\"@type\":\"SearchAction\",\"target\":{\"@type\":\"EntryPoint\",\"urlTemplate\":\"https:\\\/\\\/franciscobelmonte.com\\\/tienda\\\/?s={search_term_string}\"},\"query-input\":{\"@type\":\"PropertyValueSpecification\",\"valueRequired\":true,\"valueName\":\"search_term_string\"}}],\"inLanguage\":\"es\"},{\"@type\":\"Organization\",\"@id\":\"https:\\\/\\\/franciscobelmonte.com\\\/tienda\\\/#organization\",\"name\":\"Boutique Francisco Belmonte\",\"url\":\"https:\\\/\\\/franciscobelmonte.com\\\/tienda\\\/\",\"logo\":{\"@type\":\"ImageObject\",\"inLanguage\":\"es\",\"@id\":\"https:\\\/\\\/franciscobelmonte.com\\\/tienda\\\/#\\\/schema\\\/logo\\\/image\\\/\",\"url\":\"https:\\\/\\\/franciscobelmonte.com\\\/tienda\\\/wp-content\\\/uploads\\\/2021\\\/12\\\/Francisco-Belmonte-logo.png\",\"contentUrl\":\"https:\\\/\\\/franciscobelmonte.com\\\/tienda\\\/wp-content\\\/uploads\\\/2021\\\/12\\\/Francisco-Belmonte-logo.png\",\"width\":2153,\"height\":536,\"caption\":\"Boutique Francisco Belmonte\"},\"image\":{\"@id\":\"https:\\\/\\\/franciscobelmonte.com\\\/tienda\\\/#\\\/schema\\\/logo\\\/image\\\/\"},\"sameAs\":[\"https:\\\/\\\/www.facebook.com\\\/motosfranciscobelmonte\",\"https:\\\/\\\/www.instagram.com\\\/fco.belmonte\\\/\"]}]}<\/script>\n<!-- \/ Yoast SEO plugin. -->","yoast_head_json":{"title":"CHAQUETA ALPINESTARS STELLA T-KIRA V2 WATERPROOF LADY NEGRO \/ BLANCO - Boutique Francisco Belmonte","description":"Chaqueta Alpinestars Etella T-Kira V2 Waterproof Lady negro-blanco. Desc\u00fabrela en nuestra Boutique Francisco Belmonte en Murcia.","robots":{"index":"index","follow":"follow","max-snippet":"max-snippet:-1","max-image-preview":"max-image-preview:large","max-video-preview":"max-video-preview:-1"},"canonical":"https:\/\/franciscobelmonte.com\/tienda\/alpinestars-stella-t-kira-v2-waterproof-lady-negro-blanco\/","og_locale":"es_ES","og_type":"article","og_title":"CHAQUETA ALPINESTARS STELLA T-KIRA V2 WATERPROOF LADY NEGRO \/ BLANCO - Boutique Francisco Belmonte","og_description":"Chaqueta Alpinestars Etella T-Kira V2 Waterproof Lady negro-blanco. Desc\u00fabrela en nuestra Boutique Francisco Belmonte en Murcia.","og_url":"https:\/\/franciscobelmonte.com\/tienda\/alpinestars-stella-t-kira-v2-waterproof-lady-negro-blanco\/","og_site_name":"Boutique Francisco Belmonte","article_publisher":"https:\/\/www.facebook.com\/motosfranciscobelmonte","article_modified_time":"2026-01-06T18:04:21+00:00","og_image":[{"width":800,"height":800,"url":"https:\/\/franciscobelmonte.com\/tienda\/wp-content\/uploads\/2022\/02\/Chaqueta-alpinestars-stella-T-Kira-V2-Watproof-negra-blanca.jpg","type":"image\/jpeg"}],"twitter_card":"summary_large_image","twitter_misc":{"Tiempo de lectura":"1 minuto"},"schema":{"@context":"https:\/\/schema.org","@graph":[{"@type":"WebPage","@id":"https:\/\/franciscobelmonte.com\/tienda\/alpinestars-stella-t-kira-v2-waterproof-lady-negro-blanco\/","url":"https:\/\/franciscobelmonte.com\/tienda\/alpinestars-stella-t-kira-v2-waterproof-lady-negro-blanco\/","name":"CHAQUETA ALPINESTARS STELLA T-KIRA V2 WATERPROOF LADY NEGRO \/ BLANCO - Boutique Francisco Belmonte","isPartOf":{"@id":"https:\/\/franciscobelmonte.com\/tienda\/#website"},"primaryImageOfPage":{"@id":"https:\/\/franciscobelmonte.com\/tienda\/alpinestars-stella-t-kira-v2-waterproof-lady-negro-blanco\/#primaryimage"},"image":{"@id":"https:\/\/franciscobelmonte.com\/tienda\/alpinestars-stella-t-kira-v2-waterproof-lady-negro-blanco\/#primaryimage"},"thumbnailUrl":"https:\/\/franciscobelmonte.com\/tienda\/wp-content\/uploads\/2022\/02\/Chaqueta-alpinestars-stella-T-Kira-V2-Watproof-negra-blanca.jpg","datePublished":"2022-02-28T18:32:50+00:00","dateModified":"2026-01-06T18:04:21+00:00","description":"Chaqueta Alpinestars Etella T-Kira V2 Waterproof Lady negro-blanco. Desc\u00fabrela en nuestra Boutique Francisco Belmonte en Murcia.","breadcrumb":{"@id":"https:\/\/franciscobelmonte.com\/tienda\/alpinestars-stella-t-kira-v2-waterproof-lady-negro-blanco\/#breadcrumb"},"inLanguage":"es","potentialAction":[{"@type":"ReadAction","target":["https:\/\/franciscobelmonte.com\/tienda\/alpinestars-stella-t-kira-v2-waterproof-lady-negro-blanco\/"]}]},{"@type":"ImageObject","inLanguage":"es","@id":"https:\/\/franciscobelmonte.com\/tienda\/alpinestars-stella-t-kira-v2-waterproof-lady-negro-blanco\/#primaryimage","url":"https:\/\/franciscobelmonte.com\/tienda\/wp-content\/uploads\/2022\/02\/Chaqueta-alpinestars-stella-T-Kira-V2-Watproof-negra-blanca.jpg","contentUrl":"https:\/\/franciscobelmonte.com\/tienda\/wp-content\/uploads\/2022\/02\/Chaqueta-alpinestars-stella-T-Kira-V2-Watproof-negra-blanca.jpg","width":800,"height":800,"caption":"chaqueta alpinestars stella T-Kira V2 Watproof negro-blanco en murcia francisco belmonte"},{"@type":"BreadcrumbList","@id":"https:\/\/franciscobelmonte.com\/tienda\/alpinestars-stella-t-kira-v2-waterproof-lady-negro-blanco\/#breadcrumb","itemListElement":[{"@type":"ListItem","position":1,"name":"Portada","item":"https:\/\/franciscobelmonte.com\/tienda\/"},{"@type":"ListItem","position":2,"name":"Tienda","item":"https:\/\/franciscobelmonte.com\/tienda\/boutique-equipamiento-motero\/"},{"@type":"ListItem","position":3,"name":"CHAQUETA ALPINESTARS STELLA T-KIRA V2 WATERPROOF LADY NEGRO \/ BLANCO"}]},{"@type":"WebSite","@id":"https:\/\/franciscobelmonte.com\/tienda\/#website","url":"https:\/\/franciscobelmonte.com\/tienda\/","name":"Boutique Francisco Belmonte","description":"Todo en complementos para motoristas","publisher":{"@id":"https:\/\/franciscobelmonte.com\/tienda\/#organization"},"potentialAction":[{"@type":"SearchAction","target":{"@type":"EntryPoint","urlTemplate":"https:\/\/franciscobelmonte.com\/tienda\/?s={search_term_string}"},"query-input":{"@type":"PropertyValueSpecification","valueRequired":true,"valueName":"search_term_string"}}],"inLanguage":"es"},{"@type":"Organization","@id":"https:\/\/franciscobelmonte.com\/tienda\/#organization","name":"Boutique Francisco Belmonte","url":"https:\/\/franciscobelmonte.com\/tienda\/","logo":{"@type":"ImageObject","inLanguage":"es","@id":"https:\/\/franciscobelmonte.com\/tienda\/#\/schema\/logo\/image\/","url":"https:\/\/franciscobelmonte.com\/tienda\/wp-content\/uploads\/2021\/12\/Francisco-Belmonte-logo.png","contentUrl":"https:\/\/franciscobelmonte.com\/tienda\/wp-content\/uploads\/2021\/12\/Francisco-Belmonte-logo.png","width":2153,"height":536,"caption":"Boutique Francisco Belmonte"},"image":{"@id":"https:\/\/franciscobelmonte.com\/tienda\/#\/schema\/logo\/image\/"},"sameAs":["https:\/\/www.facebook.com\/motosfranciscobelmonte","https:\/\/www.instagram.com\/fco.belmonte\/"]}]}},"jetpack_sharing_enabled":true,"brands":[{"id":186,"name":"Alpinestars","slug":"alpinestars"}],"_links":{"self":[{"href":"https:\/\/franciscobelmonte.com\/tienda\/wp-json\/wp\/v2\/product\/1262","targetHints":{"allow":["GET"]}}],"collection":[{"href":"https:\/\/franciscobelmonte.com\/tienda\/wp-json\/wp\/v2\/product"}],"about":[{"href":"https:\/\/franciscobelmonte.com\/tienda\/wp-json\/wp\/v2\/types\/product"}],"replies":[{"embeddable":true,"href":"https:\/\/franciscobelmonte.com\/tienda\/wp-json\/wp\/v2\/comments?post=1262"}],"wp:featuredmedia":[{"embeddable":true,"href":"https:\/\/franciscobelmonte.com\/tienda\/wp-json\/wp\/v2\/media\/1268"}],"wp:attachment":[{"href":"https:\/\/franciscobelmonte.com\/tienda\/wp-json\/wp\/v2\/media?parent=1262"}],"wp:term":[{"taxonomy":"pwb-brand","embeddable":true,"href":"https:\/\/franciscobelmonte.com\/tienda\/wp-json\/wp\/v2\/pwb-brand?post=1262"},{"taxonomy":"product_brand","embeddable":true,"href":"https:\/\/franciscobelmonte.com\/tienda\/wp-json\/wp\/v2\/product_brand?post=1262"},{"taxonomy":"product_cat","embeddable":true,"href":"https:\/\/franciscobelmonte.com\/tienda\/wp-json\/wp\/v2\/product_cat?post=1262"},{"taxonomy":"product_tag","embeddable":true,"href":"https:\/\/franciscobelmonte.com\/tienda\/wp-json\/wp\/v2\/product_tag?post=1262"}],"curies":[{"name":"wp","href":"https:\/\/api.w.org\/{rel}","templated":true}]}}