{"id":1270,"date":"2022-03-01T09:48:32","date_gmt":"2022-03-01T09:48:32","guid":{"rendered":"https:\/\/franciscobelmonte.com\/?post_type=product&#038;p=1270"},"modified":"2024-07-03T19:49:45","modified_gmt":"2024-07-03T17:49:45","slug":"alpinestars-t-burstun-drystar-dark-khaki","status":"publish","type":"product","link":"https:\/\/franciscobelmonte.com\/tienda\/alpinestars-t-burstun-drystar-dark-khaki\/","title":{"rendered":"CHAQUETA ALPINESTARS T-BURSTUN DRYSTAR DARK KHAKI"},"content":{"rendered":"<h1><strong>Chaqueta Alpinestars T-Burstun Drystar Khaki oscuro<\/strong><\/h1>\n<p>Chaqueta de estilo urbano confeccionada en tejido de poliamida encerado de estilo vintage. Dispone de membrana Drystar 100% impermeable y forro t\u00e9rmico desmontable de vell\u00f3n. Incorpora protectores Nucleon Flex Plus homologados en hombros y codos.<\/p>\n<p><strong>Caracter\u00edsticas principales<\/strong><\/p>\n<ul>\n<li>Confeccionada en poliamida encerada de primera calidad.<\/li>\n<li>Membrana Drystar (100% impermeable y transpirable).<\/li>\n<li>Foro t\u00e9rmico desmontable de vell\u00f3n t\u00e9cnico para mayor confort.<\/li>\n<li>Cremalleras de ventilaci\u00f3n para mayor flujo de aire.<\/li>\n<li>Protectores desmontables Alpinestars Nucleon flex Plus (certificados CE) en hombros y codos.<\/li>\n<li>Predisposici\u00f3n para montar el protector pectoral Alpinestars Nucleon KR-CiR (no incluido).<\/li>\n<li>Compartimento en la espalda en el que podemos montar un protector dorsal Alpinestars Nucleon (no incluido).<\/li>\n<li>Inserci\u00f3n en acorde\u00f3n en los codos para mayor flexibilidad y libertad de movimientos.<\/li>\n<li>Cuello ergon\u00f3mico con tejido suave para mayor confort. Dispone de cierre con bot\u00f3n a presi\u00f3n.<\/li>\n<li>Cierre del pu\u00f1o con cremallera.<\/li>\n<li>Cintura ajustable con correas con bot\u00f3n a presi\u00f3n oculto.<\/li>\n<li>Mangas pre-curvadas para reducir la fatiga y aumentar el confort de pilotaje.<\/li>\n<li>3 bolsillos exteriores con cremallera en la parte frontal.<\/li>\n<li>1 bolsillo interior impermeable.<\/li>\n<li>2 bolsillos en el forro.<\/li>\n<li>Cremallera impermeable frontal YKK de alta calidad.<\/li>\n<li>Chaqueta certificada seg\u00fan la normativa CE PPE PREn 17012 Cat. II ClaSe A.<\/li>\n<\/ul>\n<p>&nbsp;<\/p>\n<p>&nbsp;<\/p>\n","protected":false},"excerpt":{"rendered":"<p>Chaqueta de estilo urbano confeccionada en tejido de poliamida encerado de estilo vintage. Dispone de membrana Drystar 100% impermeable y forro t\u00e9rmico desmontable de vell\u00f3n. Incorpora protectores Nucleon Flex Plus homologados en hombros y codos.<\/p>\n<p><a style=\"color: #0000ff;\" href=\"https:\/\/franciscobelmonte.com\/tienda\/wp-content\/uploads\/2022\/09\/Tallas-pantalones-y-chaquetas-alpinestars-hombre.png\" target=\"_blank\" rel=\"noopener\"><span style=\"font-size: xx-small;\"> Ver gu\u00eda de tallas<\/span><\/a><\/p>\n","protected":false},"featured_media":1277,"comment_status":"open","ping_status":"closed","template":"","meta":{"_themeisle_gutenberg_block_has_review":false},"pwb-brand":[186],"product_brand":[],"product_cat":[46,137],"product_tag":[374,647,618,416,530,674,717],"class_list":{"0":"post-1270","1":"product","2":"type-product","3":"status-publish","4":"has-post-thumbnail","6":"pwb-brand-alpinestars","7":"product_cat-chaquetas-de-moto","8":"product_cat-chaquetas-de-moto-invierno","9":"product_tag-alpinestars","10":"product_tag-descuentos-navidenos","11":"product_tag-jornadas-belmonte","12":"product_tag-liquidacion","13":"product_tag-liquidacion-30","14":"product_tag-rebajas-alpinestars","15":"product_tag-ropa-invierno-20","17":"first","18":"outofstock","19":"taxable","20":"shipping-taxable","21":"product-type-variable","22":"has-default-attributes"},"yoast_head":"<!-- This site is optimized with the Yoast SEO plugin v27.3 - https:\/\/yoast.com\/product\/yoast-seo-wordpress\/ -->\n<title>CHAQUETA ALPINESTARS T-BURSTUN DRYSTAR DARK KHAKI - Boutique Francisco Belmonte<\/title>\n<meta name=\"description\" content=\"Chaqueta Alpinestars T-Burstun Drystar Khaki oscuro. Desc\u00fabrela en nuestra Boutique Francisco Belmonte en Murcia. Al mejor precio.\" \/>\n<meta name=\"robots\" content=\"index, follow, max-snippet:-1, max-image-preview:large, max-video-preview:-1\" \/>\n<link rel=\"canonical\" href=\"https:\/\/franciscobelmonte.com\/tienda\/alpinestars-t-burstun-drystar-dark-khaki\/\" \/>\n<meta property=\"og:locale\" content=\"es_ES\" \/>\n<meta property=\"og:type\" content=\"article\" \/>\n<meta property=\"og:title\" content=\"CHAQUETA ALPINESTARS T-BURSTUN DRYSTAR DARK KHAKI - Boutique Francisco Belmonte\" \/>\n<meta property=\"og:description\" content=\"Chaqueta Alpinestars T-Burstun Drystar Khaki oscuro. Desc\u00fabrela en nuestra Boutique Francisco Belmonte en Murcia. Al mejor precio.\" \/>\n<meta property=\"og:url\" content=\"https:\/\/franciscobelmonte.com\/tienda\/alpinestars-t-burstun-drystar-dark-khaki\/\" \/>\n<meta property=\"og:site_name\" content=\"Boutique Francisco Belmonte\" \/>\n<meta property=\"article:publisher\" content=\"https:\/\/www.facebook.com\/motosfranciscobelmonte\" \/>\n<meta property=\"article:modified_time\" content=\"2024-07-03T17:49:45+00:00\" \/>\n<meta property=\"og:image\" content=\"https:\/\/franciscobelmonte.com\/tienda\/wp-content\/uploads\/2022\/03\/chaqueta-alpinestars-T-Burstun-drystar-dark-khaki.jpg\" \/>\n\t<meta property=\"og:image:width\" content=\"800\" \/>\n\t<meta property=\"og:image:height\" content=\"800\" \/>\n\t<meta property=\"og:image:type\" content=\"image\/jpeg\" \/>\n<meta name=\"twitter:card\" content=\"summary_large_image\" \/>\n<meta name=\"twitter:label1\" content=\"Tiempo de lectura\" \/>\n\t<meta name=\"twitter:data1\" content=\"1 minuto\" \/>\n<script type=\"application\/ld+json\" class=\"yoast-schema-graph\">{\"@context\":\"https:\\\/\\\/schema.org\",\"@graph\":[{\"@type\":\"WebPage\",\"@id\":\"https:\\\/\\\/franciscobelmonte.com\\\/tienda\\\/alpinestars-t-burstun-drystar-dark-khaki\\\/\",\"url\":\"https:\\\/\\\/franciscobelmonte.com\\\/tienda\\\/alpinestars-t-burstun-drystar-dark-khaki\\\/\",\"name\":\"CHAQUETA ALPINESTARS T-BURSTUN DRYSTAR DARK KHAKI - Boutique Francisco Belmonte\",\"isPartOf\":{\"@id\":\"https:\\\/\\\/franciscobelmonte.com\\\/tienda\\\/#website\"},\"primaryImageOfPage\":{\"@id\":\"https:\\\/\\\/franciscobelmonte.com\\\/tienda\\\/alpinestars-t-burstun-drystar-dark-khaki\\\/#primaryimage\"},\"image\":{\"@id\":\"https:\\\/\\\/franciscobelmonte.com\\\/tienda\\\/alpinestars-t-burstun-drystar-dark-khaki\\\/#primaryimage\"},\"thumbnailUrl\":\"https:\\\/\\\/franciscobelmonte.com\\\/tienda\\\/wp-content\\\/uploads\\\/2022\\\/03\\\/chaqueta-alpinestars-T-Burstun-drystar-dark-khaki.jpg\",\"datePublished\":\"2022-03-01T09:48:32+00:00\",\"dateModified\":\"2024-07-03T17:49:45+00:00\",\"description\":\"Chaqueta Alpinestars T-Burstun Drystar Khaki oscuro. Desc\u00fabrela en nuestra Boutique Francisco Belmonte en Murcia. Al mejor precio.\",\"breadcrumb\":{\"@id\":\"https:\\\/\\\/franciscobelmonte.com\\\/tienda\\\/alpinestars-t-burstun-drystar-dark-khaki\\\/#breadcrumb\"},\"inLanguage\":\"es\",\"potentialAction\":[{\"@type\":\"ReadAction\",\"target\":[\"https:\\\/\\\/franciscobelmonte.com\\\/tienda\\\/alpinestars-t-burstun-drystar-dark-khaki\\\/\"]}]},{\"@type\":\"ImageObject\",\"inLanguage\":\"es\",\"@id\":\"https:\\\/\\\/franciscobelmonte.com\\\/tienda\\\/alpinestars-t-burstun-drystar-dark-khaki\\\/#primaryimage\",\"url\":\"https:\\\/\\\/franciscobelmonte.com\\\/tienda\\\/wp-content\\\/uploads\\\/2022\\\/03\\\/chaqueta-alpinestars-T-Burstun-drystar-dark-khaki.jpg\",\"contentUrl\":\"https:\\\/\\\/franciscobelmonte.com\\\/tienda\\\/wp-content\\\/uploads\\\/2022\\\/03\\\/chaqueta-alpinestars-T-Burstun-drystar-dark-khaki.jpg\",\"width\":800,\"height\":800,\"caption\":\"chaqueta alpinestars T-burstun drystar khaki oscuro\"},{\"@type\":\"BreadcrumbList\",\"@id\":\"https:\\\/\\\/franciscobelmonte.com\\\/tienda\\\/alpinestars-t-burstun-drystar-dark-khaki\\\/#breadcrumb\",\"itemListElement\":[{\"@type\":\"ListItem\",\"position\":1,\"name\":\"Portada\",\"item\":\"https:\\\/\\\/franciscobelmonte.com\\\/tienda\\\/\"},{\"@type\":\"ListItem\",\"position\":2,\"name\":\"Tienda\",\"item\":\"https:\\\/\\\/franciscobelmonte.com\\\/tienda\\\/boutique-equipamiento-motero\\\/\"},{\"@type\":\"ListItem\",\"position\":3,\"name\":\"CHAQUETA ALPINESTARS T-BURSTUN DRYSTAR DARK KHAKI\"}]},{\"@type\":\"WebSite\",\"@id\":\"https:\\\/\\\/franciscobelmonte.com\\\/tienda\\\/#website\",\"url\":\"https:\\\/\\\/franciscobelmonte.com\\\/tienda\\\/\",\"name\":\"Boutique Francisco Belmonte\",\"description\":\"Todo en complementos para motoristas\",\"publisher\":{\"@id\":\"https:\\\/\\\/franciscobelmonte.com\\\/tienda\\\/#organization\"},\"potentialAction\":[{\"@type\":\"SearchAction\",\"target\":{\"@type\":\"EntryPoint\",\"urlTemplate\":\"https:\\\/\\\/franciscobelmonte.com\\\/tienda\\\/?s={search_term_string}\"},\"query-input\":{\"@type\":\"PropertyValueSpecification\",\"valueRequired\":true,\"valueName\":\"search_term_string\"}}],\"inLanguage\":\"es\"},{\"@type\":\"Organization\",\"@id\":\"https:\\\/\\\/franciscobelmonte.com\\\/tienda\\\/#organization\",\"name\":\"Boutique Francisco Belmonte\",\"url\":\"https:\\\/\\\/franciscobelmonte.com\\\/tienda\\\/\",\"logo\":{\"@type\":\"ImageObject\",\"inLanguage\":\"es\",\"@id\":\"https:\\\/\\\/franciscobelmonte.com\\\/tienda\\\/#\\\/schema\\\/logo\\\/image\\\/\",\"url\":\"https:\\\/\\\/franciscobelmonte.com\\\/tienda\\\/wp-content\\\/uploads\\\/2021\\\/12\\\/Francisco-Belmonte-logo.png\",\"contentUrl\":\"https:\\\/\\\/franciscobelmonte.com\\\/tienda\\\/wp-content\\\/uploads\\\/2021\\\/12\\\/Francisco-Belmonte-logo.png\",\"width\":2153,\"height\":536,\"caption\":\"Boutique Francisco Belmonte\"},\"image\":{\"@id\":\"https:\\\/\\\/franciscobelmonte.com\\\/tienda\\\/#\\\/schema\\\/logo\\\/image\\\/\"},\"sameAs\":[\"https:\\\/\\\/www.facebook.com\\\/motosfranciscobelmonte\",\"https:\\\/\\\/www.instagram.com\\\/fco.belmonte\\\/\"]}]}<\/script>\n<!-- \/ Yoast SEO plugin. -->","yoast_head_json":{"title":"CHAQUETA ALPINESTARS T-BURSTUN DRYSTAR DARK KHAKI - Boutique Francisco Belmonte","description":"Chaqueta Alpinestars T-Burstun Drystar Khaki oscuro. Desc\u00fabrela en nuestra Boutique Francisco Belmonte en Murcia. Al mejor precio.","robots":{"index":"index","follow":"follow","max-snippet":"max-snippet:-1","max-image-preview":"max-image-preview:large","max-video-preview":"max-video-preview:-1"},"canonical":"https:\/\/franciscobelmonte.com\/tienda\/alpinestars-t-burstun-drystar-dark-khaki\/","og_locale":"es_ES","og_type":"article","og_title":"CHAQUETA ALPINESTARS T-BURSTUN DRYSTAR DARK KHAKI - Boutique Francisco Belmonte","og_description":"Chaqueta Alpinestars T-Burstun Drystar Khaki oscuro. Desc\u00fabrela en nuestra Boutique Francisco Belmonte en Murcia. Al mejor precio.","og_url":"https:\/\/franciscobelmonte.com\/tienda\/alpinestars-t-burstun-drystar-dark-khaki\/","og_site_name":"Boutique Francisco Belmonte","article_publisher":"https:\/\/www.facebook.com\/motosfranciscobelmonte","article_modified_time":"2024-07-03T17:49:45+00:00","og_image":[{"width":800,"height":800,"url":"https:\/\/franciscobelmonte.com\/tienda\/wp-content\/uploads\/2022\/03\/chaqueta-alpinestars-T-Burstun-drystar-dark-khaki.jpg","type":"image\/jpeg"}],"twitter_card":"summary_large_image","twitter_misc":{"Tiempo de lectura":"1 minuto"},"schema":{"@context":"https:\/\/schema.org","@graph":[{"@type":"WebPage","@id":"https:\/\/franciscobelmonte.com\/tienda\/alpinestars-t-burstun-drystar-dark-khaki\/","url":"https:\/\/franciscobelmonte.com\/tienda\/alpinestars-t-burstun-drystar-dark-khaki\/","name":"CHAQUETA ALPINESTARS T-BURSTUN DRYSTAR DARK KHAKI - Boutique Francisco Belmonte","isPartOf":{"@id":"https:\/\/franciscobelmonte.com\/tienda\/#website"},"primaryImageOfPage":{"@id":"https:\/\/franciscobelmonte.com\/tienda\/alpinestars-t-burstun-drystar-dark-khaki\/#primaryimage"},"image":{"@id":"https:\/\/franciscobelmonte.com\/tienda\/alpinestars-t-burstun-drystar-dark-khaki\/#primaryimage"},"thumbnailUrl":"https:\/\/franciscobelmonte.com\/tienda\/wp-content\/uploads\/2022\/03\/chaqueta-alpinestars-T-Burstun-drystar-dark-khaki.jpg","datePublished":"2022-03-01T09:48:32+00:00","dateModified":"2024-07-03T17:49:45+00:00","description":"Chaqueta Alpinestars T-Burstun Drystar Khaki oscuro. Desc\u00fabrela en nuestra Boutique Francisco Belmonte en Murcia. Al mejor precio.","breadcrumb":{"@id":"https:\/\/franciscobelmonte.com\/tienda\/alpinestars-t-burstun-drystar-dark-khaki\/#breadcrumb"},"inLanguage":"es","potentialAction":[{"@type":"ReadAction","target":["https:\/\/franciscobelmonte.com\/tienda\/alpinestars-t-burstun-drystar-dark-khaki\/"]}]},{"@type":"ImageObject","inLanguage":"es","@id":"https:\/\/franciscobelmonte.com\/tienda\/alpinestars-t-burstun-drystar-dark-khaki\/#primaryimage","url":"https:\/\/franciscobelmonte.com\/tienda\/wp-content\/uploads\/2022\/03\/chaqueta-alpinestars-T-Burstun-drystar-dark-khaki.jpg","contentUrl":"https:\/\/franciscobelmonte.com\/tienda\/wp-content\/uploads\/2022\/03\/chaqueta-alpinestars-T-Burstun-drystar-dark-khaki.jpg","width":800,"height":800,"caption":"chaqueta alpinestars T-burstun drystar khaki oscuro"},{"@type":"BreadcrumbList","@id":"https:\/\/franciscobelmonte.com\/tienda\/alpinestars-t-burstun-drystar-dark-khaki\/#breadcrumb","itemListElement":[{"@type":"ListItem","position":1,"name":"Portada","item":"https:\/\/franciscobelmonte.com\/tienda\/"},{"@type":"ListItem","position":2,"name":"Tienda","item":"https:\/\/franciscobelmonte.com\/tienda\/boutique-equipamiento-motero\/"},{"@type":"ListItem","position":3,"name":"CHAQUETA ALPINESTARS T-BURSTUN DRYSTAR DARK KHAKI"}]},{"@type":"WebSite","@id":"https:\/\/franciscobelmonte.com\/tienda\/#website","url":"https:\/\/franciscobelmonte.com\/tienda\/","name":"Boutique Francisco Belmonte","description":"Todo en complementos para motoristas","publisher":{"@id":"https:\/\/franciscobelmonte.com\/tienda\/#organization"},"potentialAction":[{"@type":"SearchAction","target":{"@type":"EntryPoint","urlTemplate":"https:\/\/franciscobelmonte.com\/tienda\/?s={search_term_string}"},"query-input":{"@type":"PropertyValueSpecification","valueRequired":true,"valueName":"search_term_string"}}],"inLanguage":"es"},{"@type":"Organization","@id":"https:\/\/franciscobelmonte.com\/tienda\/#organization","name":"Boutique Francisco Belmonte","url":"https:\/\/franciscobelmonte.com\/tienda\/","logo":{"@type":"ImageObject","inLanguage":"es","@id":"https:\/\/franciscobelmonte.com\/tienda\/#\/schema\/logo\/image\/","url":"https:\/\/franciscobelmonte.com\/tienda\/wp-content\/uploads\/2021\/12\/Francisco-Belmonte-logo.png","contentUrl":"https:\/\/franciscobelmonte.com\/tienda\/wp-content\/uploads\/2021\/12\/Francisco-Belmonte-logo.png","width":2153,"height":536,"caption":"Boutique Francisco Belmonte"},"image":{"@id":"https:\/\/franciscobelmonte.com\/tienda\/#\/schema\/logo\/image\/"},"sameAs":["https:\/\/www.facebook.com\/motosfranciscobelmonte","https:\/\/www.instagram.com\/fco.belmonte\/"]}]}},"jetpack_sharing_enabled":true,"brands":[{"id":186,"name":"Alpinestars","slug":"alpinestars"}],"_links":{"self":[{"href":"https:\/\/franciscobelmonte.com\/tienda\/wp-json\/wp\/v2\/product\/1270","targetHints":{"allow":["GET"]}}],"collection":[{"href":"https:\/\/franciscobelmonte.com\/tienda\/wp-json\/wp\/v2\/product"}],"about":[{"href":"https:\/\/franciscobelmonte.com\/tienda\/wp-json\/wp\/v2\/types\/product"}],"replies":[{"embeddable":true,"href":"https:\/\/franciscobelmonte.com\/tienda\/wp-json\/wp\/v2\/comments?post=1270"}],"wp:featuredmedia":[{"embeddable":true,"href":"https:\/\/franciscobelmonte.com\/tienda\/wp-json\/wp\/v2\/media\/1277"}],"wp:attachment":[{"href":"https:\/\/franciscobelmonte.com\/tienda\/wp-json\/wp\/v2\/media?parent=1270"}],"wp:term":[{"taxonomy":"pwb-brand","embeddable":true,"href":"https:\/\/franciscobelmonte.com\/tienda\/wp-json\/wp\/v2\/pwb-brand?post=1270"},{"taxonomy":"product_brand","embeddable":true,"href":"https:\/\/franciscobelmonte.com\/tienda\/wp-json\/wp\/v2\/product_brand?post=1270"},{"taxonomy":"product_cat","embeddable":true,"href":"https:\/\/franciscobelmonte.com\/tienda\/wp-json\/wp\/v2\/product_cat?post=1270"},{"taxonomy":"product_tag","embeddable":true,"href":"https:\/\/franciscobelmonte.com\/tienda\/wp-json\/wp\/v2\/product_tag?post=1270"}],"curies":[{"name":"wp","href":"https:\/\/api.w.org\/{rel}","templated":true}]}}