{"id":12718,"date":"2024-09-24T09:08:00","date_gmt":"2024-09-24T07:08:00","guid":{"rendered":"https:\/\/franciscobelmonte.com\/tienda\/?post_type=product&#038;p=12718"},"modified":"2026-01-06T20:21:10","modified_gmt":"2026-01-06T18:21:10","slug":"casco-arai-quantic-abstract-azul","status":"publish","type":"product","link":"https:\/\/franciscobelmonte.com\/tienda\/casco-arai-quantic-abstract-azul\/","title":{"rendered":"CASCO ARAI QUANTIC ABSTRACT AZUL"},"content":{"rendered":"<h2>Casco Arai Quantic Abstract Azul<\/h2>\n<p>Casco Arai Quantic Abstract Azul. El Quantic es el compa\u00f1ero ideal para los motoristas sport-touring que exigen una combinaci\u00f3n perfecta entre rendimiento y comodidad. Arai ha aplicado en este modelo Arai Quantic Abstract sus tecnolog\u00edas m\u00e1s avanzadas como la pantalla VAS, un avanzado sistema de ventilaci\u00f3n que destaca por una entrada de aire en el logotipo frontal 3D y los acolchados interiores FCS.Tambi\u00e9n destaca su forma suave, redonda y aerodin\u00e1mica dise\u00f1ada principalmente para \u00abrebotar\u00bb y distribuir las fuerzas de impacto.<\/p>\n<p><strong>Caracter\u00edsticas<\/strong><\/p>\n<ul>\n<li><strong>Calota exterior: <\/strong>Calota exterior fabricada en PB e-cLc (Peripherally Belted e-Complex Laminate Construction). \u00abR75 Shape\u00bb, patr\u00f3n de dise\u00f1o de la calota exterior (es m\u00e1s resistente, redondeado y liso) que ofrece una mayor capacidad de dispersi\u00f3n de la energ\u00eda en caso de impacto y, por tanto, una mayor protecci\u00f3n. Calota interior fabricada en EPS de diferentes densidades<\/li>\n<li><strong>Pantalla:\u00a0<\/strong>Pantalla clara VAS (Variable Axis System) Mas Vision con un nuevo mecanismo que facilita el montaje y extracci\u00f3n de la pantalla. Se incorpora tambi\u00e9n como novedad un mecanismo de cierre de la pantalla derivado de la F1 que previene que \u00e9sta se abra de forma accidental. Incorpora de serie una l\u00e1mina antivaho Pinlock MaxVision para una visi\u00f3n n\u00edtida bajo cualquier condici\u00f3n clim\u00e1tica.<\/li>\n<li><strong>Sistema de ventilaci\u00f3n:\u00a0<\/strong>Formado por entradas de aire en la zona frontal, superior, metonera, pantalla y 6 extractores traseros. La entrada de aire de la mentonera es ajustable en 2 posiciones de apertura para la entrada de aire fresco y evita que se empa\u00f1e la pantalla. El spoiler trasero de una pieza est\u00e1 inspirado en el DF-X2 del RX-7V Racing, pero redise\u00f1ado para uso touring. Extrae aire de manera eficiente pero tambi\u00e9n suaviza el flujo de aire sobre (y desde el costado) el casco, lo que mejora la estabilidad, especialmente al adelantar a altas velocidades.<\/li>\n<li><strong>Interior:\u00a0<\/strong>Los acolchados interiores confeccionados en nailon cepillado han sido dise\u00f1ados con el sistema FCS (Facial Contour System) para una excelente adaptabilidad y son totalmente desmontables y lavables. Su tejido exterior ofrece un tacto muy suave y proporciona una \u00f3ptima transpiraci\u00f3n. Cuenta con un espacio espec\u00edfico para montar los altavoces de un intercomunicador. Incorpora tambi\u00e9n el sistema de extracci\u00f3n de emergencia de los acolchados laterales (ERS), que permite la extracci\u00f3n del casco sin da\u00f1ar al piloto en caso de accidente.<\/li>\n<li><strong>Cierre:\u00a0<\/strong>Sistema de cierre de doble anilla.<\/li>\n<\/ul>\n<p>&nbsp;<\/p>\n<p>&nbsp;<\/p>\n<p>&nbsp;<\/p>\n<p>&nbsp;<\/p>\n<p>&nbsp;<\/p>\n","protected":false},"excerpt":{"rendered":"<p>Casco Arai Quantic Abstract Azul. El Quantic es el compa\u00f1ero ideal para los motoristas sport-touring que exigen una combinaci\u00f3n perfecta entre rendimiento y comodidad. Arai ha aplicado en este modelo Arai Quantic Abstract sus tecnolog\u00edas m\u00e1s avanzadas como la pantalla VAS.<\/p>\n","protected":false},"featured_media":12720,"comment_status":"open","ping_status":"closed","template":"","meta":{"_themeisle_gutenberg_block_has_review":false},"pwb-brand":[281],"product_brand":[],"product_cat":[15,145],"product_tag":[785,891],"class_list":{"0":"post-12718","1":"product","2":"type-product","3":"status-publish","4":"has-post-thumbnail","6":"pwb-brand-arai","7":"product_cat-casco-de-moto","8":"product_cat-cascos-de-moto-integrales","9":"product_tag-arai-sin-rebajas-10","10":"product_tag-rebajas-18","12":"first","13":"instock","14":"sale","15":"taxable","16":"shipping-taxable","17":"purchasable","18":"product-type-variable","19":"has-default-attributes"},"yoast_head":"<!-- This site is optimized with the Yoast SEO plugin v27.4 - https:\/\/yoast.com\/product\/yoast-seo-wordpress\/ -->\n<title>CASCO ARAI QUANTIC ABSTRACT AZUL - Boutique Francisco Belmonte<\/title>\n<meta name=\"description\" content=\"Casco ARAI Quantic Abstract Azul . Puede descubrirlo y prob\u00e1rtelo en nuestra Boutique Francisco Belmonte en Murcia. Al mejor precio.\" \/>\n<meta name=\"robots\" content=\"index, follow, max-snippet:-1, max-image-preview:large, max-video-preview:-1\" \/>\n<link rel=\"canonical\" href=\"https:\/\/franciscobelmonte.com\/tienda\/casco-arai-quantic-abstract-azul\/\" \/>\n<meta property=\"og:locale\" content=\"es_ES\" \/>\n<meta property=\"og:type\" content=\"article\" \/>\n<meta property=\"og:title\" content=\"CASCO ARAI QUANTIC ABSTRACT AZUL - Boutique Francisco Belmonte\" \/>\n<meta property=\"og:description\" content=\"Casco ARAI Quantic Abstract Azul . Puede descubrirlo y prob\u00e1rtelo en nuestra Boutique Francisco Belmonte en Murcia. Al mejor precio.\" \/>\n<meta property=\"og:url\" content=\"https:\/\/franciscobelmonte.com\/tienda\/casco-arai-quantic-abstract-azul\/\" \/>\n<meta property=\"og:site_name\" content=\"Boutique Francisco Belmonte\" \/>\n<meta property=\"article:publisher\" content=\"https:\/\/www.facebook.com\/motosfranciscobelmonte\" \/>\n<meta property=\"article:modified_time\" content=\"2026-01-06T18:21:10+00:00\" \/>\n<meta property=\"og:image\" content=\"https:\/\/franciscobelmonte.com\/tienda\/wp-content\/uploads\/2024\/09\/casco-arai-quantic-abstract-azul.jpg\" \/>\n\t<meta property=\"og:image:width\" content=\"800\" \/>\n\t<meta property=\"og:image:height\" content=\"800\" \/>\n\t<meta property=\"og:image:type\" content=\"image\/jpeg\" \/>\n<meta name=\"twitter:card\" content=\"summary_large_image\" \/>\n<meta name=\"twitter:label1\" content=\"Tiempo de lectura\" \/>\n\t<meta name=\"twitter:data1\" content=\"2 minutos\" \/>\n<script type=\"application\/ld+json\" class=\"yoast-schema-graph\">{\"@context\":\"https:\\\/\\\/schema.org\",\"@graph\":[{\"@type\":\"WebPage\",\"@id\":\"https:\\\/\\\/franciscobelmonte.com\\\/tienda\\\/casco-arai-quantic-abstract-azul\\\/\",\"url\":\"https:\\\/\\\/franciscobelmonte.com\\\/tienda\\\/casco-arai-quantic-abstract-azul\\\/\",\"name\":\"CASCO ARAI QUANTIC ABSTRACT AZUL - Boutique Francisco Belmonte\",\"isPartOf\":{\"@id\":\"https:\\\/\\\/franciscobelmonte.com\\\/tienda\\\/#website\"},\"primaryImageOfPage\":{\"@id\":\"https:\\\/\\\/franciscobelmonte.com\\\/tienda\\\/casco-arai-quantic-abstract-azul\\\/#primaryimage\"},\"image\":{\"@id\":\"https:\\\/\\\/franciscobelmonte.com\\\/tienda\\\/casco-arai-quantic-abstract-azul\\\/#primaryimage\"},\"thumbnailUrl\":\"https:\\\/\\\/franciscobelmonte.com\\\/tienda\\\/wp-content\\\/uploads\\\/2024\\\/09\\\/casco-arai-quantic-abstract-azul.jpg\",\"datePublished\":\"2024-09-24T07:08:00+00:00\",\"dateModified\":\"2026-01-06T18:21:10+00:00\",\"description\":\"Casco ARAI Quantic Abstract Azul . Puede descubrirlo y prob\u00e1rtelo en nuestra Boutique Francisco Belmonte en Murcia. Al mejor precio.\",\"breadcrumb\":{\"@id\":\"https:\\\/\\\/franciscobelmonte.com\\\/tienda\\\/casco-arai-quantic-abstract-azul\\\/#breadcrumb\"},\"inLanguage\":\"es\",\"potentialAction\":[{\"@type\":\"ReadAction\",\"target\":[\"https:\\\/\\\/franciscobelmonte.com\\\/tienda\\\/casco-arai-quantic-abstract-azul\\\/\"]}]},{\"@type\":\"ImageObject\",\"inLanguage\":\"es\",\"@id\":\"https:\\\/\\\/franciscobelmonte.com\\\/tienda\\\/casco-arai-quantic-abstract-azul\\\/#primaryimage\",\"url\":\"https:\\\/\\\/franciscobelmonte.com\\\/tienda\\\/wp-content\\\/uploads\\\/2024\\\/09\\\/casco-arai-quantic-abstract-azul.jpg\",\"contentUrl\":\"https:\\\/\\\/franciscobelmonte.com\\\/tienda\\\/wp-content\\\/uploads\\\/2024\\\/09\\\/casco-arai-quantic-abstract-azul.jpg\",\"width\":800,\"height\":800,\"caption\":\"casco arai quantic abstract azul en francisco belmonte en murcia\"},{\"@type\":\"BreadcrumbList\",\"@id\":\"https:\\\/\\\/franciscobelmonte.com\\\/tienda\\\/casco-arai-quantic-abstract-azul\\\/#breadcrumb\",\"itemListElement\":[{\"@type\":\"ListItem\",\"position\":1,\"name\":\"Portada\",\"item\":\"https:\\\/\\\/franciscobelmonte.com\\\/tienda\\\/\"},{\"@type\":\"ListItem\",\"position\":2,\"name\":\"Tienda\",\"item\":\"https:\\\/\\\/franciscobelmonte.com\\\/tienda\\\/boutique-equipamiento-motero\\\/\"},{\"@type\":\"ListItem\",\"position\":3,\"name\":\"CASCO ARAI QUANTIC ABSTRACT AZUL\"}]},{\"@type\":\"WebSite\",\"@id\":\"https:\\\/\\\/franciscobelmonte.com\\\/tienda\\\/#website\",\"url\":\"https:\\\/\\\/franciscobelmonte.com\\\/tienda\\\/\",\"name\":\"Boutique Francisco Belmonte\",\"description\":\"Todo en complementos para motoristas\",\"publisher\":{\"@id\":\"https:\\\/\\\/franciscobelmonte.com\\\/tienda\\\/#organization\"},\"potentialAction\":[{\"@type\":\"SearchAction\",\"target\":{\"@type\":\"EntryPoint\",\"urlTemplate\":\"https:\\\/\\\/franciscobelmonte.com\\\/tienda\\\/?s={search_term_string}\"},\"query-input\":{\"@type\":\"PropertyValueSpecification\",\"valueRequired\":true,\"valueName\":\"search_term_string\"}}],\"inLanguage\":\"es\"},{\"@type\":\"Organization\",\"@id\":\"https:\\\/\\\/franciscobelmonte.com\\\/tienda\\\/#organization\",\"name\":\"Boutique Francisco Belmonte\",\"url\":\"https:\\\/\\\/franciscobelmonte.com\\\/tienda\\\/\",\"logo\":{\"@type\":\"ImageObject\",\"inLanguage\":\"es\",\"@id\":\"https:\\\/\\\/franciscobelmonte.com\\\/tienda\\\/#\\\/schema\\\/logo\\\/image\\\/\",\"url\":\"https:\\\/\\\/franciscobelmonte.com\\\/tienda\\\/wp-content\\\/uploads\\\/2021\\\/12\\\/Francisco-Belmonte-logo.png\",\"contentUrl\":\"https:\\\/\\\/franciscobelmonte.com\\\/tienda\\\/wp-content\\\/uploads\\\/2021\\\/12\\\/Francisco-Belmonte-logo.png\",\"width\":2153,\"height\":536,\"caption\":\"Boutique Francisco Belmonte\"},\"image\":{\"@id\":\"https:\\\/\\\/franciscobelmonte.com\\\/tienda\\\/#\\\/schema\\\/logo\\\/image\\\/\"},\"sameAs\":[\"https:\\\/\\\/www.facebook.com\\\/motosfranciscobelmonte\",\"https:\\\/\\\/www.instagram.com\\\/fco.belmonte\\\/\"]}]}<\/script>\n<!-- \/ Yoast SEO plugin. -->","yoast_head_json":{"title":"CASCO ARAI QUANTIC ABSTRACT AZUL - Boutique Francisco Belmonte","description":"Casco ARAI Quantic Abstract Azul . Puede descubrirlo y prob\u00e1rtelo en nuestra Boutique Francisco Belmonte en Murcia. Al mejor precio.","robots":{"index":"index","follow":"follow","max-snippet":"max-snippet:-1","max-image-preview":"max-image-preview:large","max-video-preview":"max-video-preview:-1"},"canonical":"https:\/\/franciscobelmonte.com\/tienda\/casco-arai-quantic-abstract-azul\/","og_locale":"es_ES","og_type":"article","og_title":"CASCO ARAI QUANTIC ABSTRACT AZUL - Boutique Francisco Belmonte","og_description":"Casco ARAI Quantic Abstract Azul . Puede descubrirlo y prob\u00e1rtelo en nuestra Boutique Francisco Belmonte en Murcia. Al mejor precio.","og_url":"https:\/\/franciscobelmonte.com\/tienda\/casco-arai-quantic-abstract-azul\/","og_site_name":"Boutique Francisco Belmonte","article_publisher":"https:\/\/www.facebook.com\/motosfranciscobelmonte","article_modified_time":"2026-01-06T18:21:10+00:00","og_image":[{"width":800,"height":800,"url":"https:\/\/franciscobelmonte.com\/tienda\/wp-content\/uploads\/2024\/09\/casco-arai-quantic-abstract-azul.jpg","type":"image\/jpeg"}],"twitter_card":"summary_large_image","twitter_misc":{"Tiempo de lectura":"2 minutos"},"schema":{"@context":"https:\/\/schema.org","@graph":[{"@type":"WebPage","@id":"https:\/\/franciscobelmonte.com\/tienda\/casco-arai-quantic-abstract-azul\/","url":"https:\/\/franciscobelmonte.com\/tienda\/casco-arai-quantic-abstract-azul\/","name":"CASCO ARAI QUANTIC ABSTRACT AZUL - Boutique Francisco Belmonte","isPartOf":{"@id":"https:\/\/franciscobelmonte.com\/tienda\/#website"},"primaryImageOfPage":{"@id":"https:\/\/franciscobelmonte.com\/tienda\/casco-arai-quantic-abstract-azul\/#primaryimage"},"image":{"@id":"https:\/\/franciscobelmonte.com\/tienda\/casco-arai-quantic-abstract-azul\/#primaryimage"},"thumbnailUrl":"https:\/\/franciscobelmonte.com\/tienda\/wp-content\/uploads\/2024\/09\/casco-arai-quantic-abstract-azul.jpg","datePublished":"2024-09-24T07:08:00+00:00","dateModified":"2026-01-06T18:21:10+00:00","description":"Casco ARAI Quantic Abstract Azul . Puede descubrirlo y prob\u00e1rtelo en nuestra Boutique Francisco Belmonte en Murcia. Al mejor precio.","breadcrumb":{"@id":"https:\/\/franciscobelmonte.com\/tienda\/casco-arai-quantic-abstract-azul\/#breadcrumb"},"inLanguage":"es","potentialAction":[{"@type":"ReadAction","target":["https:\/\/franciscobelmonte.com\/tienda\/casco-arai-quantic-abstract-azul\/"]}]},{"@type":"ImageObject","inLanguage":"es","@id":"https:\/\/franciscobelmonte.com\/tienda\/casco-arai-quantic-abstract-azul\/#primaryimage","url":"https:\/\/franciscobelmonte.com\/tienda\/wp-content\/uploads\/2024\/09\/casco-arai-quantic-abstract-azul.jpg","contentUrl":"https:\/\/franciscobelmonte.com\/tienda\/wp-content\/uploads\/2024\/09\/casco-arai-quantic-abstract-azul.jpg","width":800,"height":800,"caption":"casco arai quantic abstract azul en francisco belmonte en murcia"},{"@type":"BreadcrumbList","@id":"https:\/\/franciscobelmonte.com\/tienda\/casco-arai-quantic-abstract-azul\/#breadcrumb","itemListElement":[{"@type":"ListItem","position":1,"name":"Portada","item":"https:\/\/franciscobelmonte.com\/tienda\/"},{"@type":"ListItem","position":2,"name":"Tienda","item":"https:\/\/franciscobelmonte.com\/tienda\/boutique-equipamiento-motero\/"},{"@type":"ListItem","position":3,"name":"CASCO ARAI QUANTIC ABSTRACT AZUL"}]},{"@type":"WebSite","@id":"https:\/\/franciscobelmonte.com\/tienda\/#website","url":"https:\/\/franciscobelmonte.com\/tienda\/","name":"Boutique Francisco Belmonte","description":"Todo en complementos para motoristas","publisher":{"@id":"https:\/\/franciscobelmonte.com\/tienda\/#organization"},"potentialAction":[{"@type":"SearchAction","target":{"@type":"EntryPoint","urlTemplate":"https:\/\/franciscobelmonte.com\/tienda\/?s={search_term_string}"},"query-input":{"@type":"PropertyValueSpecification","valueRequired":true,"valueName":"search_term_string"}}],"inLanguage":"es"},{"@type":"Organization","@id":"https:\/\/franciscobelmonte.com\/tienda\/#organization","name":"Boutique Francisco Belmonte","url":"https:\/\/franciscobelmonte.com\/tienda\/","logo":{"@type":"ImageObject","inLanguage":"es","@id":"https:\/\/franciscobelmonte.com\/tienda\/#\/schema\/logo\/image\/","url":"https:\/\/franciscobelmonte.com\/tienda\/wp-content\/uploads\/2021\/12\/Francisco-Belmonte-logo.png","contentUrl":"https:\/\/franciscobelmonte.com\/tienda\/wp-content\/uploads\/2021\/12\/Francisco-Belmonte-logo.png","width":2153,"height":536,"caption":"Boutique Francisco Belmonte"},"image":{"@id":"https:\/\/franciscobelmonte.com\/tienda\/#\/schema\/logo\/image\/"},"sameAs":["https:\/\/www.facebook.com\/motosfranciscobelmonte","https:\/\/www.instagram.com\/fco.belmonte\/"]}]}},"jetpack_sharing_enabled":true,"brands":[{"id":281,"name":"Arai","slug":"arai"}],"_links":{"self":[{"href":"https:\/\/franciscobelmonte.com\/tienda\/wp-json\/wp\/v2\/product\/12718","targetHints":{"allow":["GET"]}}],"collection":[{"href":"https:\/\/franciscobelmonte.com\/tienda\/wp-json\/wp\/v2\/product"}],"about":[{"href":"https:\/\/franciscobelmonte.com\/tienda\/wp-json\/wp\/v2\/types\/product"}],"replies":[{"embeddable":true,"href":"https:\/\/franciscobelmonte.com\/tienda\/wp-json\/wp\/v2\/comments?post=12718"}],"wp:featuredmedia":[{"embeddable":true,"href":"https:\/\/franciscobelmonte.com\/tienda\/wp-json\/wp\/v2\/media\/12720"}],"wp:attachment":[{"href":"https:\/\/franciscobelmonte.com\/tienda\/wp-json\/wp\/v2\/media?parent=12718"}],"wp:term":[{"taxonomy":"pwb-brand","embeddable":true,"href":"https:\/\/franciscobelmonte.com\/tienda\/wp-json\/wp\/v2\/pwb-brand?post=12718"},{"taxonomy":"product_brand","embeddable":true,"href":"https:\/\/franciscobelmonte.com\/tienda\/wp-json\/wp\/v2\/product_brand?post=12718"},{"taxonomy":"product_cat","embeddable":true,"href":"https:\/\/franciscobelmonte.com\/tienda\/wp-json\/wp\/v2\/product_cat?post=12718"},{"taxonomy":"product_tag","embeddable":true,"href":"https:\/\/franciscobelmonte.com\/tienda\/wp-json\/wp\/v2\/product_tag?post=12718"}],"curies":[{"name":"wp","href":"https:\/\/api.w.org\/{rel}","templated":true}]}}