{"id":12725,"date":"2024-09-24T12:21:45","date_gmt":"2024-09-24T10:21:45","guid":{"rendered":"https:\/\/franciscobelmonte.com\/tienda\/?post_type=product&#038;p=12725"},"modified":"2026-02-19T17:26:06","modified_gmt":"2026-02-19T15:26:06","slug":"casco-scorpion-exo-1400-evo-2-air-luma-negro-mate-verde","status":"publish","type":"product","link":"https:\/\/franciscobelmonte.com\/tienda\/casco-scorpion-exo-1400-evo-2-air-luma-negro-mate-verde\/","title":{"rendered":"CASCO SCORPION EXO 1400 EVO 2 AIR LUMA NEGRO MATE \/ VERDE"},"content":{"rendered":"<h2>Casco SCOPRION Exo 1400 Evo 2 Air Luma Negro Mate \/ Verde<\/h2>\n<p>El nuevo casco EXO-1400 EVO 2 Air Luma muestra mejor el esp\u00edritu innovador de Scorpion Exo con una Forma de casco atractiva, un peso ligero, un nuevo sistema de super ventilaci\u00f3n superior, un tejido de revestimiento KwikWick\u00ae III recientemente desarrollado y un mecanismo de bloqueo del escudo con un bot\u00f3n de presi\u00f3n.<\/p>\n<p><strong>CARACTERISTICAS<\/strong><\/p>\n<ul>\n<li><strong>Airfit concept<\/strong><br \/>\nLa bomba permite al motorista personalizar el ajuste del casco gracias a las almohadillas montadas en cojines de aire regulables con atenuaci\u00f3n sonora suplementaria.<\/li>\n<li><strong>Pinlock\u00ae MAXVISION<\/strong><br \/>\nPerfectamente integrado en la pantalla ahuecada con este fin, el pegado de Pinlock\u00ae crea una presi\u00f3n de aire permanente e impide as\u00ed que se forme condensaci\u00f3n, incluso cuando la diferencia de temperatura entre el exterior y el interior del casco Scorpion aumenta.<\/li>\n<li><strong>SpeedView\u2122<\/strong><br \/>\nAccesorio ideal en caso de fuerte luminosidad. Tratado antivaho en ambas caras, b\u00e1jelo cuando tenga el sol en los ojos. Vu\u00e9lvalo a subir cuando la luminosidad disminuya. F\u00e1cilmente reemplazable y con tratamiento antivaho (excepto Exo-100).<\/li>\n<li><strong>SpeedShift\u2122<\/strong><br \/>\nEste sistema exclusivo garantiza la sustituci\u00f3n de la pantalla en menos de 10 segundos del casco Scorpion EXO-1400.<\/li>\n<li><strong>KWIKWICK3\u00ae LINER<\/strong><br \/>\nMuy efectivo, hypoal\u00e9rgico, desmontable, lavable a m\u00e1quina, muy suave y placentero de tocar, el KWICKWICK3 de la nueva colecci\u00f3n de cascos Scorpion Exo es realmente un guante a medida para su cabeza.<\/li>\n<li><strong>TCT\u00ae Thermodynamical Composite Technology<\/strong><br \/>\nDesarrollado exclusivamente por Scorpion, el revolucionario TCT\u2122 (Termodynamic Composite Tehcnology) proceso que consiste en 5 capas entrelazadas y especialmente formuladas de fibra, Aramida y fibras org\u00e1nicas de poli-resinas.<\/li>\n<li><strong>M\u00e1s funciones <\/strong><strong>Sistema de ventilaci\u00f3n:<\/strong> los orificios de ventilaci\u00f3n delanteros y traseros, ajustables con spoiler detr\u00e1s aerodin\u00e1mico, reducen el levantamiento, crean una depresi\u00f3n y maximizan el flujo de aire a trav\u00e9s del casco.<\/li>\n<li><strong>Deflector de soplo:<\/strong> mejores prestaciones antivaho.<\/li>\n<li><strong>Mentonera:<\/strong> contribuye a reducir el ruido.<\/li>\n<li>Cierre de la yugular con anillos doble D<\/li>\n<\/ul>\n<p>&nbsp;<\/p>\n","protected":false},"excerpt":{"rendered":"<p>El nuevo casco EXO-1400 EVO II Air Luma muestra mejor el esp\u00edritu innovador de Scorpion Exo con una Forma de casco atractiva, peso ligero, nuevo sistema de super ventilaci\u00f3n superior.<\/p>\n","protected":false},"featured_media":12731,"comment_status":"open","ping_status":"closed","template":"","meta":{"_themeisle_gutenberg_block_has_review":false},"pwb-brand":[226],"product_brand":[],"product_cat":[15,145],"product_tag":[416,889,877],"class_list":{"0":"post-12725","1":"product","2":"type-product","3":"status-publish","4":"has-post-thumbnail","6":"pwb-brand-scorpion","7":"product_cat-casco-de-moto","8":"product_cat-cascos-de-moto-integrales","9":"product_tag-liquidacion","10":"product_tag-rebajas-liquidacion-70","11":"product_tag-scorpion-exo-1400","13":"first","14":"outofstock","15":"taxable","16":"shipping-taxable","17":"product-type-variable","18":"has-default-attributes"},"yoast_head":"<!-- This site is optimized with the Yoast SEO plugin v27.6 - https:\/\/yoast.com\/product\/yoast-seo-wordpress\/ -->\n<title>CASCO SCORPION EXO 1400 EVO 2 AIR LUMA NEGRO MATE \/ VERDE - Boutique Francisco Belmonte<\/title>\n<meta name=\"description\" content=\"Casco Scorpion Exo 1400 Evo 2 Air Luma Negro Mate - Verde. Cascos de moto integral Scorpion al mejor precio en Murcia Francisco Belmonte\" \/>\n<meta name=\"robots\" content=\"index, follow, max-snippet:-1, max-image-preview:large, max-video-preview:-1\" \/>\n<link rel=\"canonical\" href=\"https:\/\/franciscobelmonte.com\/tienda\/casco-scorpion-exo-1400-evo-2-air-luma-negro-mate-verde\/\" \/>\n<meta property=\"og:locale\" content=\"es_ES\" \/>\n<meta property=\"og:type\" content=\"article\" \/>\n<meta property=\"og:title\" content=\"CASCO SCORPION EXO 1400 EVO 2 AIR LUMA NEGRO MATE \/ VERDE - Boutique Francisco Belmonte\" \/>\n<meta property=\"og:description\" content=\"Casco Scorpion Exo 1400 Evo 2 Air Luma Negro Mate - Verde. Cascos de moto integral Scorpion al mejor precio en Murcia Francisco Belmonte\" \/>\n<meta property=\"og:url\" content=\"https:\/\/franciscobelmonte.com\/tienda\/casco-scorpion-exo-1400-evo-2-air-luma-negro-mate-verde\/\" \/>\n<meta property=\"og:site_name\" content=\"Boutique Francisco Belmonte\" \/>\n<meta property=\"article:publisher\" content=\"https:\/\/www.facebook.com\/motosfranciscobelmonte\" \/>\n<meta property=\"article:modified_time\" content=\"2026-02-19T15:26:06+00:00\" \/>\n<meta property=\"og:image\" content=\"https:\/\/franciscobelmonte.com\/tienda\/wp-content\/uploads\/2024\/09\/casco-scorpion-exo-1400-evo-ii-air-luma-negro-mate-verde.jpg\" \/>\n\t<meta property=\"og:image:width\" content=\"800\" \/>\n\t<meta property=\"og:image:height\" content=\"800\" \/>\n\t<meta property=\"og:image:type\" content=\"image\/jpeg\" \/>\n<meta name=\"twitter:card\" content=\"summary_large_image\" \/>\n<meta name=\"twitter:label1\" content=\"Tiempo de lectura\" \/>\n\t<meta name=\"twitter:data1\" content=\"1 minuto\" \/>\n<script type=\"application\/ld+json\" class=\"yoast-schema-graph\">{\"@context\":\"https:\\\/\\\/schema.org\",\"@graph\":[{\"@type\":\"WebPage\",\"@id\":\"https:\\\/\\\/franciscobelmonte.com\\\/tienda\\\/casco-scorpion-exo-1400-evo-2-air-luma-negro-mate-verde\\\/\",\"url\":\"https:\\\/\\\/franciscobelmonte.com\\\/tienda\\\/casco-scorpion-exo-1400-evo-2-air-luma-negro-mate-verde\\\/\",\"name\":\"CASCO SCORPION EXO 1400 EVO 2 AIR LUMA NEGRO MATE \\\/ VERDE - Boutique Francisco Belmonte\",\"isPartOf\":{\"@id\":\"https:\\\/\\\/franciscobelmonte.com\\\/tienda\\\/#website\"},\"primaryImageOfPage\":{\"@id\":\"https:\\\/\\\/franciscobelmonte.com\\\/tienda\\\/casco-scorpion-exo-1400-evo-2-air-luma-negro-mate-verde\\\/#primaryimage\"},\"image\":{\"@id\":\"https:\\\/\\\/franciscobelmonte.com\\\/tienda\\\/casco-scorpion-exo-1400-evo-2-air-luma-negro-mate-verde\\\/#primaryimage\"},\"thumbnailUrl\":\"https:\\\/\\\/franciscobelmonte.com\\\/tienda\\\/wp-content\\\/uploads\\\/2024\\\/09\\\/casco-scorpion-exo-1400-evo-ii-air-luma-negro-mate-verde.jpg\",\"datePublished\":\"2024-09-24T10:21:45+00:00\",\"dateModified\":\"2026-02-19T15:26:06+00:00\",\"description\":\"Casco Scorpion Exo 1400 Evo 2 Air Luma Negro Mate - Verde. Cascos de moto integral Scorpion al mejor precio en Murcia Francisco Belmonte\",\"breadcrumb\":{\"@id\":\"https:\\\/\\\/franciscobelmonte.com\\\/tienda\\\/casco-scorpion-exo-1400-evo-2-air-luma-negro-mate-verde\\\/#breadcrumb\"},\"inLanguage\":\"es\",\"potentialAction\":[{\"@type\":\"ReadAction\",\"target\":[\"https:\\\/\\\/franciscobelmonte.com\\\/tienda\\\/casco-scorpion-exo-1400-evo-2-air-luma-negro-mate-verde\\\/\"]}]},{\"@type\":\"ImageObject\",\"inLanguage\":\"es\",\"@id\":\"https:\\\/\\\/franciscobelmonte.com\\\/tienda\\\/casco-scorpion-exo-1400-evo-2-air-luma-negro-mate-verde\\\/#primaryimage\",\"url\":\"https:\\\/\\\/franciscobelmonte.com\\\/tienda\\\/wp-content\\\/uploads\\\/2024\\\/09\\\/casco-scorpion-exo-1400-evo-ii-air-luma-negro-mate-verde.jpg\",\"contentUrl\":\"https:\\\/\\\/franciscobelmonte.com\\\/tienda\\\/wp-content\\\/uploads\\\/2024\\\/09\\\/casco-scorpion-exo-1400-evo-ii-air-luma-negro-mate-verde.jpg\",\"width\":800,\"height\":800,\"caption\":\"casco scorpion wxo 1400 evo 2 air luma negro mate verde en francisco belmonte en murcia\"},{\"@type\":\"BreadcrumbList\",\"@id\":\"https:\\\/\\\/franciscobelmonte.com\\\/tienda\\\/casco-scorpion-exo-1400-evo-2-air-luma-negro-mate-verde\\\/#breadcrumb\",\"itemListElement\":[{\"@type\":\"ListItem\",\"position\":1,\"name\":\"Portada\",\"item\":\"https:\\\/\\\/franciscobelmonte.com\\\/tienda\\\/\"},{\"@type\":\"ListItem\",\"position\":2,\"name\":\"Tienda\",\"item\":\"https:\\\/\\\/franciscobelmonte.com\\\/tienda\\\/boutique-equipamiento-motero\\\/\"},{\"@type\":\"ListItem\",\"position\":3,\"name\":\"CASCO SCORPION EXO 1400 EVO 2 AIR LUMA NEGRO MATE \\\/ VERDE\"}]},{\"@type\":\"WebSite\",\"@id\":\"https:\\\/\\\/franciscobelmonte.com\\\/tienda\\\/#website\",\"url\":\"https:\\\/\\\/franciscobelmonte.com\\\/tienda\\\/\",\"name\":\"Boutique Francisco Belmonte\",\"description\":\"Todo en complementos para motoristas\",\"publisher\":{\"@id\":\"https:\\\/\\\/franciscobelmonte.com\\\/tienda\\\/#organization\"},\"potentialAction\":[{\"@type\":\"SearchAction\",\"target\":{\"@type\":\"EntryPoint\",\"urlTemplate\":\"https:\\\/\\\/franciscobelmonte.com\\\/tienda\\\/?s={search_term_string}\"},\"query-input\":{\"@type\":\"PropertyValueSpecification\",\"valueRequired\":true,\"valueName\":\"search_term_string\"}}],\"inLanguage\":\"es\"},{\"@type\":\"Organization\",\"@id\":\"https:\\\/\\\/franciscobelmonte.com\\\/tienda\\\/#organization\",\"name\":\"Boutique Francisco Belmonte\",\"url\":\"https:\\\/\\\/franciscobelmonte.com\\\/tienda\\\/\",\"logo\":{\"@type\":\"ImageObject\",\"inLanguage\":\"es\",\"@id\":\"https:\\\/\\\/franciscobelmonte.com\\\/tienda\\\/#\\\/schema\\\/logo\\\/image\\\/\",\"url\":\"https:\\\/\\\/franciscobelmonte.com\\\/tienda\\\/wp-content\\\/uploads\\\/2021\\\/12\\\/Francisco-Belmonte-logo.png\",\"contentUrl\":\"https:\\\/\\\/franciscobelmonte.com\\\/tienda\\\/wp-content\\\/uploads\\\/2021\\\/12\\\/Francisco-Belmonte-logo.png\",\"width\":2153,\"height\":536,\"caption\":\"Boutique Francisco Belmonte\"},\"image\":{\"@id\":\"https:\\\/\\\/franciscobelmonte.com\\\/tienda\\\/#\\\/schema\\\/logo\\\/image\\\/\"},\"sameAs\":[\"https:\\\/\\\/www.facebook.com\\\/motosfranciscobelmonte\",\"https:\\\/\\\/www.instagram.com\\\/fco.belmonte\\\/\"]}]}<\/script>\n<!-- \/ Yoast SEO plugin. -->","yoast_head_json":{"title":"CASCO SCORPION EXO 1400 EVO 2 AIR LUMA NEGRO MATE \/ VERDE - Boutique Francisco Belmonte","description":"Casco Scorpion Exo 1400 Evo 2 Air Luma Negro Mate - Verde. Cascos de moto integral Scorpion al mejor precio en Murcia Francisco Belmonte","robots":{"index":"index","follow":"follow","max-snippet":"max-snippet:-1","max-image-preview":"max-image-preview:large","max-video-preview":"max-video-preview:-1"},"canonical":"https:\/\/franciscobelmonte.com\/tienda\/casco-scorpion-exo-1400-evo-2-air-luma-negro-mate-verde\/","og_locale":"es_ES","og_type":"article","og_title":"CASCO SCORPION EXO 1400 EVO 2 AIR LUMA NEGRO MATE \/ VERDE - Boutique Francisco Belmonte","og_description":"Casco Scorpion Exo 1400 Evo 2 Air Luma Negro Mate - Verde. Cascos de moto integral Scorpion al mejor precio en Murcia Francisco Belmonte","og_url":"https:\/\/franciscobelmonte.com\/tienda\/casco-scorpion-exo-1400-evo-2-air-luma-negro-mate-verde\/","og_site_name":"Boutique Francisco Belmonte","article_publisher":"https:\/\/www.facebook.com\/motosfranciscobelmonte","article_modified_time":"2026-02-19T15:26:06+00:00","og_image":[{"width":800,"height":800,"url":"https:\/\/franciscobelmonte.com\/tienda\/wp-content\/uploads\/2024\/09\/casco-scorpion-exo-1400-evo-ii-air-luma-negro-mate-verde.jpg","type":"image\/jpeg"}],"twitter_card":"summary_large_image","twitter_misc":{"Tiempo de lectura":"1 minuto"},"schema":{"@context":"https:\/\/schema.org","@graph":[{"@type":"WebPage","@id":"https:\/\/franciscobelmonte.com\/tienda\/casco-scorpion-exo-1400-evo-2-air-luma-negro-mate-verde\/","url":"https:\/\/franciscobelmonte.com\/tienda\/casco-scorpion-exo-1400-evo-2-air-luma-negro-mate-verde\/","name":"CASCO SCORPION EXO 1400 EVO 2 AIR LUMA NEGRO MATE \/ VERDE - Boutique Francisco Belmonte","isPartOf":{"@id":"https:\/\/franciscobelmonte.com\/tienda\/#website"},"primaryImageOfPage":{"@id":"https:\/\/franciscobelmonte.com\/tienda\/casco-scorpion-exo-1400-evo-2-air-luma-negro-mate-verde\/#primaryimage"},"image":{"@id":"https:\/\/franciscobelmonte.com\/tienda\/casco-scorpion-exo-1400-evo-2-air-luma-negro-mate-verde\/#primaryimage"},"thumbnailUrl":"https:\/\/franciscobelmonte.com\/tienda\/wp-content\/uploads\/2024\/09\/casco-scorpion-exo-1400-evo-ii-air-luma-negro-mate-verde.jpg","datePublished":"2024-09-24T10:21:45+00:00","dateModified":"2026-02-19T15:26:06+00:00","description":"Casco Scorpion Exo 1400 Evo 2 Air Luma Negro Mate - Verde. Cascos de moto integral Scorpion al mejor precio en Murcia Francisco Belmonte","breadcrumb":{"@id":"https:\/\/franciscobelmonte.com\/tienda\/casco-scorpion-exo-1400-evo-2-air-luma-negro-mate-verde\/#breadcrumb"},"inLanguage":"es","potentialAction":[{"@type":"ReadAction","target":["https:\/\/franciscobelmonte.com\/tienda\/casco-scorpion-exo-1400-evo-2-air-luma-negro-mate-verde\/"]}]},{"@type":"ImageObject","inLanguage":"es","@id":"https:\/\/franciscobelmonte.com\/tienda\/casco-scorpion-exo-1400-evo-2-air-luma-negro-mate-verde\/#primaryimage","url":"https:\/\/franciscobelmonte.com\/tienda\/wp-content\/uploads\/2024\/09\/casco-scorpion-exo-1400-evo-ii-air-luma-negro-mate-verde.jpg","contentUrl":"https:\/\/franciscobelmonte.com\/tienda\/wp-content\/uploads\/2024\/09\/casco-scorpion-exo-1400-evo-ii-air-luma-negro-mate-verde.jpg","width":800,"height":800,"caption":"casco scorpion wxo 1400 evo 2 air luma negro mate verde en francisco belmonte en murcia"},{"@type":"BreadcrumbList","@id":"https:\/\/franciscobelmonte.com\/tienda\/casco-scorpion-exo-1400-evo-2-air-luma-negro-mate-verde\/#breadcrumb","itemListElement":[{"@type":"ListItem","position":1,"name":"Portada","item":"https:\/\/franciscobelmonte.com\/tienda\/"},{"@type":"ListItem","position":2,"name":"Tienda","item":"https:\/\/franciscobelmonte.com\/tienda\/boutique-equipamiento-motero\/"},{"@type":"ListItem","position":3,"name":"CASCO SCORPION EXO 1400 EVO 2 AIR LUMA NEGRO MATE \/ VERDE"}]},{"@type":"WebSite","@id":"https:\/\/franciscobelmonte.com\/tienda\/#website","url":"https:\/\/franciscobelmonte.com\/tienda\/","name":"Boutique Francisco Belmonte","description":"Todo en complementos para motoristas","publisher":{"@id":"https:\/\/franciscobelmonte.com\/tienda\/#organization"},"potentialAction":[{"@type":"SearchAction","target":{"@type":"EntryPoint","urlTemplate":"https:\/\/franciscobelmonte.com\/tienda\/?s={search_term_string}"},"query-input":{"@type":"PropertyValueSpecification","valueRequired":true,"valueName":"search_term_string"}}],"inLanguage":"es"},{"@type":"Organization","@id":"https:\/\/franciscobelmonte.com\/tienda\/#organization","name":"Boutique Francisco Belmonte","url":"https:\/\/franciscobelmonte.com\/tienda\/","logo":{"@type":"ImageObject","inLanguage":"es","@id":"https:\/\/franciscobelmonte.com\/tienda\/#\/schema\/logo\/image\/","url":"https:\/\/franciscobelmonte.com\/tienda\/wp-content\/uploads\/2021\/12\/Francisco-Belmonte-logo.png","contentUrl":"https:\/\/franciscobelmonte.com\/tienda\/wp-content\/uploads\/2021\/12\/Francisco-Belmonte-logo.png","width":2153,"height":536,"caption":"Boutique Francisco Belmonte"},"image":{"@id":"https:\/\/franciscobelmonte.com\/tienda\/#\/schema\/logo\/image\/"},"sameAs":["https:\/\/www.facebook.com\/motosfranciscobelmonte","https:\/\/www.instagram.com\/fco.belmonte\/"]}]}},"jetpack_sharing_enabled":true,"brands":[{"id":226,"name":"Scorpion","slug":"scorpion"}],"_links":{"self":[{"href":"https:\/\/franciscobelmonte.com\/tienda\/wp-json\/wp\/v2\/product\/12725","targetHints":{"allow":["GET"]}}],"collection":[{"href":"https:\/\/franciscobelmonte.com\/tienda\/wp-json\/wp\/v2\/product"}],"about":[{"href":"https:\/\/franciscobelmonte.com\/tienda\/wp-json\/wp\/v2\/types\/product"}],"replies":[{"embeddable":true,"href":"https:\/\/franciscobelmonte.com\/tienda\/wp-json\/wp\/v2\/comments?post=12725"}],"wp:featuredmedia":[{"embeddable":true,"href":"https:\/\/franciscobelmonte.com\/tienda\/wp-json\/wp\/v2\/media\/12731"}],"wp:attachment":[{"href":"https:\/\/franciscobelmonte.com\/tienda\/wp-json\/wp\/v2\/media?parent=12725"}],"wp:term":[{"taxonomy":"pwb-brand","embeddable":true,"href":"https:\/\/franciscobelmonte.com\/tienda\/wp-json\/wp\/v2\/pwb-brand?post=12725"},{"taxonomy":"product_brand","embeddable":true,"href":"https:\/\/franciscobelmonte.com\/tienda\/wp-json\/wp\/v2\/product_brand?post=12725"},{"taxonomy":"product_cat","embeddable":true,"href":"https:\/\/franciscobelmonte.com\/tienda\/wp-json\/wp\/v2\/product_cat?post=12725"},{"taxonomy":"product_tag","embeddable":true,"href":"https:\/\/franciscobelmonte.com\/tienda\/wp-json\/wp\/v2\/product_tag?post=12725"}],"curies":[{"name":"wp","href":"https:\/\/api.w.org\/{rel}","templated":true}]}}