{"id":12845,"date":"2024-10-30T18:33:15","date_gmt":"2024-10-30T16:33:15","guid":{"rendered":"https:\/\/franciscobelmonte.com\/tienda\/?post_type=product&#038;p=12845"},"modified":"2026-04-22T12:45:05","modified_gmt":"2026-04-22T10:45:05","slug":"casco-hjc-rpha12-diablo-blizzard-mc1","status":"publish","type":"product","link":"https:\/\/franciscobelmonte.com\/tienda\/casco-hjc-rpha12-diablo-blizzard-mc1\/","title":{"rendered":"CASCO HJC RPHA12 DIABLO BLIZZARD MC1"},"content":{"rendered":"<h1>Casco HJC RPHA12 Diablo Blizzard Mc1<\/h1>\n<p>El Rpha12 es el resultado de una combinaci\u00f3n de desarrollo y mejores en prestaciones las cuales le hace ser un exigente e innovador predecesor del Rpha11. El interior est\u00e1 formado por tejido antibacteriano avanzado que proporciona una mejor evacuaci\u00f3n de la humedad y una funci\u00f3n de secado r\u00e1pido. La corona y las almohadillas de las mejillas son desmontables y lavables.<\/p>\n<p><strong>Caracter\u00edsticas<\/strong><\/p>\n<p><strong>CALOTA EXTERNA<\/strong><\/p>\n<ul>\n<li>Calota fabricada con matriz premium e integrada EVO.<\/li>\n<li>Su estructura aerodin\u00e1mica ha sido dise\u00f1ada para ofrecer un rendimiento extremo a velocidades m\u00e1ximas.<\/li>\n<\/ul>\n<p><strong>VENTILACION<\/strong><\/p>\n<ul>\n<li>Cuenta con un sistema de ventilaci\u00f3n ACS formado por 4 entradas de aire y 3 extractores para un excelente flujo del aire por el interior del casco mediante la canalizaci\u00f3n estrat\u00e9gica que permite evacuar el aire caliente de forma f\u00e1cil.<\/li>\n<li>Dispone tambi\u00e9n de entradas ajustables en el frontal y parte superior con perfil reducido que reduce el ruido.<\/li>\n<\/ul>\n<p><strong>PANTALLA<\/strong><\/p>\n<ul>\n<li>Pantalla HJ-42 m\u00e1s amplia para ofrecer un amplio campo de visi\u00f3n perif\u00e9rica. Ofrece una protecci\u00f3n UV del 99 % adem\u00e1s dispone de recubrimiento anti-ara\u00f1azos y anti-vaho.<\/li>\n<li>El sistema de acci\u00f3n de la pantalla proporciona un movimiento de trinquete suave y un mejor sellado e insonorizaci\u00f3n con el sistema de 2 v\u00edas.<\/li>\n<li>El mecanismo de la pantalla permite montar y desmontar la pantalla de forma r\u00e1pida y sin herramientas.<\/li>\n<\/ul>\n<p><strong>INTERIOR<\/strong><\/p>\n<ul>\n<li>Acolchados interiores en tejido antibacteriano avanzado que proporciona un mejor confort durante largas sesiones y que ofrece una excelente evacuaci\u00f3n de la humedad y el sudor gracias a su secado r\u00e1pido. La corona y almohadillas de las mejillas son desmontables y lavables totalmente.<\/li>\n<\/ul>\n<p>&nbsp;<\/p>\n<p>&nbsp;<\/p>\n<p>&nbsp;<\/p>\n","protected":false},"excerpt":{"rendered":"<p>El Rpha12 es el resultado de una combinaci\u00f3n de desarrollo y mejores en prestaciones las cuales le hace ser un exigente e innovador predecesor del Rpha11<\/p>\n","protected":false},"featured_media":12851,"comment_status":"open","ping_status":"closed","template":"","meta":{"_themeisle_gutenberg_block_has_review":false},"pwb-brand":[190],"product_brand":[],"product_cat":[15,145],"product_tag":[416,530],"class_list":{"0":"post-12845","1":"product","2":"type-product","3":"status-publish","4":"has-post-thumbnail","6":"pwb-brand-hjc","7":"product_cat-casco-de-moto","8":"product_cat-cascos-de-moto-integrales","9":"product_tag-liquidacion","10":"product_tag-liquidacion-30","12":"first","13":"instock","14":"sale","15":"taxable","16":"shipping-taxable","17":"purchasable","18":"product-type-variable","19":"has-default-attributes"},"yoast_head":"<!-- This site is optimized with the Yoast SEO plugin v27.4 - https:\/\/yoast.com\/product\/yoast-seo-wordpress\/ -->\n<title>CASCO HJC RPHA12 DIABLO BLIZZARD MC1 - Boutique Francisco Belmonte<\/title>\n<meta name=\"description\" content=\"Casco HJC RPHA12 Diablo Blizzard Mc1. Puedes descubrirlo y prob\u00e1rtelo en nuestra Boutique Francisco Belmonte en Murcia. Al mejor precio\" \/>\n<meta name=\"robots\" content=\"index, follow, max-snippet:-1, max-image-preview:large, max-video-preview:-1\" \/>\n<link rel=\"canonical\" href=\"https:\/\/franciscobelmonte.com\/tienda\/casco-hjc-rpha12-diablo-blizzard-mc1\/\" \/>\n<meta property=\"og:locale\" content=\"es_ES\" \/>\n<meta property=\"og:type\" content=\"article\" \/>\n<meta property=\"og:title\" content=\"CASCO HJC RPHA12 DIABLO BLIZZARD MC1 - Boutique Francisco Belmonte\" \/>\n<meta property=\"og:description\" content=\"Casco HJC RPHA12 Diablo Blizzard Mc1. Puedes descubrirlo y prob\u00e1rtelo en nuestra Boutique Francisco Belmonte en Murcia. Al mejor precio\" \/>\n<meta property=\"og:url\" content=\"https:\/\/franciscobelmonte.com\/tienda\/casco-hjc-rpha12-diablo-blizzard-mc1\/\" \/>\n<meta property=\"og:site_name\" content=\"Boutique Francisco Belmonte\" \/>\n<meta property=\"article:publisher\" content=\"https:\/\/www.facebook.com\/motosfranciscobelmonte\" \/>\n<meta property=\"article:modified_time\" content=\"2026-04-22T10:45:05+00:00\" \/>\n<meta property=\"og:image\" content=\"https:\/\/franciscobelmonte.com\/tienda\/wp-content\/uploads\/2024\/10\/casco-hjc-rpha12-diablo-blizzard.webp\" \/>\n\t<meta property=\"og:image:width\" content=\"800\" \/>\n\t<meta property=\"og:image:height\" content=\"800\" \/>\n\t<meta property=\"og:image:type\" content=\"image\/webp\" \/>\n<meta name=\"twitter:card\" content=\"summary_large_image\" \/>\n<meta name=\"twitter:label1\" content=\"Tiempo de lectura\" \/>\n\t<meta name=\"twitter:data1\" content=\"1 minuto\" \/>\n<script type=\"application\/ld+json\" class=\"yoast-schema-graph\">{\"@context\":\"https:\\\/\\\/schema.org\",\"@graph\":[{\"@type\":\"WebPage\",\"@id\":\"https:\\\/\\\/franciscobelmonte.com\\\/tienda\\\/casco-hjc-rpha12-diablo-blizzard-mc1\\\/\",\"url\":\"https:\\\/\\\/franciscobelmonte.com\\\/tienda\\\/casco-hjc-rpha12-diablo-blizzard-mc1\\\/\",\"name\":\"CASCO HJC RPHA12 DIABLO BLIZZARD MC1 - Boutique Francisco Belmonte\",\"isPartOf\":{\"@id\":\"https:\\\/\\\/franciscobelmonte.com\\\/tienda\\\/#website\"},\"primaryImageOfPage\":{\"@id\":\"https:\\\/\\\/franciscobelmonte.com\\\/tienda\\\/casco-hjc-rpha12-diablo-blizzard-mc1\\\/#primaryimage\"},\"image\":{\"@id\":\"https:\\\/\\\/franciscobelmonte.com\\\/tienda\\\/casco-hjc-rpha12-diablo-blizzard-mc1\\\/#primaryimage\"},\"thumbnailUrl\":\"https:\\\/\\\/franciscobelmonte.com\\\/tienda\\\/wp-content\\\/uploads\\\/2024\\\/10\\\/casco-hjc-rpha12-diablo-blizzard.webp\",\"datePublished\":\"2024-10-30T16:33:15+00:00\",\"dateModified\":\"2026-04-22T10:45:05+00:00\",\"description\":\"Casco HJC RPHA12 Diablo Blizzard Mc1. Puedes descubrirlo y prob\u00e1rtelo en nuestra Boutique Francisco Belmonte en Murcia. Al mejor precio\",\"breadcrumb\":{\"@id\":\"https:\\\/\\\/franciscobelmonte.com\\\/tienda\\\/casco-hjc-rpha12-diablo-blizzard-mc1\\\/#breadcrumb\"},\"inLanguage\":\"es\",\"potentialAction\":[{\"@type\":\"ReadAction\",\"target\":[\"https:\\\/\\\/franciscobelmonte.com\\\/tienda\\\/casco-hjc-rpha12-diablo-blizzard-mc1\\\/\"]}]},{\"@type\":\"ImageObject\",\"inLanguage\":\"es\",\"@id\":\"https:\\\/\\\/franciscobelmonte.com\\\/tienda\\\/casco-hjc-rpha12-diablo-blizzard-mc1\\\/#primaryimage\",\"url\":\"https:\\\/\\\/franciscobelmonte.com\\\/tienda\\\/wp-content\\\/uploads\\\/2024\\\/10\\\/casco-hjc-rpha12-diablo-blizzard.webp\",\"contentUrl\":\"https:\\\/\\\/franciscobelmonte.com\\\/tienda\\\/wp-content\\\/uploads\\\/2024\\\/10\\\/casco-hjc-rpha12-diablo-blizzard.webp\",\"width\":800,\"height\":800,\"caption\":\"casco hjc rpha12 diablo blizzard en murcia francisco belmonte\"},{\"@type\":\"BreadcrumbList\",\"@id\":\"https:\\\/\\\/franciscobelmonte.com\\\/tienda\\\/casco-hjc-rpha12-diablo-blizzard-mc1\\\/#breadcrumb\",\"itemListElement\":[{\"@type\":\"ListItem\",\"position\":1,\"name\":\"Portada\",\"item\":\"https:\\\/\\\/franciscobelmonte.com\\\/tienda\\\/\"},{\"@type\":\"ListItem\",\"position\":2,\"name\":\"Tienda\",\"item\":\"https:\\\/\\\/franciscobelmonte.com\\\/tienda\\\/boutique-equipamiento-motero\\\/\"},{\"@type\":\"ListItem\",\"position\":3,\"name\":\"CASCO HJC RPHA12 DIABLO BLIZZARD MC1\"}]},{\"@type\":\"WebSite\",\"@id\":\"https:\\\/\\\/franciscobelmonte.com\\\/tienda\\\/#website\",\"url\":\"https:\\\/\\\/franciscobelmonte.com\\\/tienda\\\/\",\"name\":\"Boutique Francisco Belmonte\",\"description\":\"Todo en complementos para motoristas\",\"publisher\":{\"@id\":\"https:\\\/\\\/franciscobelmonte.com\\\/tienda\\\/#organization\"},\"potentialAction\":[{\"@type\":\"SearchAction\",\"target\":{\"@type\":\"EntryPoint\",\"urlTemplate\":\"https:\\\/\\\/franciscobelmonte.com\\\/tienda\\\/?s={search_term_string}\"},\"query-input\":{\"@type\":\"PropertyValueSpecification\",\"valueRequired\":true,\"valueName\":\"search_term_string\"}}],\"inLanguage\":\"es\"},{\"@type\":\"Organization\",\"@id\":\"https:\\\/\\\/franciscobelmonte.com\\\/tienda\\\/#organization\",\"name\":\"Boutique Francisco Belmonte\",\"url\":\"https:\\\/\\\/franciscobelmonte.com\\\/tienda\\\/\",\"logo\":{\"@type\":\"ImageObject\",\"inLanguage\":\"es\",\"@id\":\"https:\\\/\\\/franciscobelmonte.com\\\/tienda\\\/#\\\/schema\\\/logo\\\/image\\\/\",\"url\":\"https:\\\/\\\/franciscobelmonte.com\\\/tienda\\\/wp-content\\\/uploads\\\/2021\\\/12\\\/Francisco-Belmonte-logo.png\",\"contentUrl\":\"https:\\\/\\\/franciscobelmonte.com\\\/tienda\\\/wp-content\\\/uploads\\\/2021\\\/12\\\/Francisco-Belmonte-logo.png\",\"width\":2153,\"height\":536,\"caption\":\"Boutique Francisco Belmonte\"},\"image\":{\"@id\":\"https:\\\/\\\/franciscobelmonte.com\\\/tienda\\\/#\\\/schema\\\/logo\\\/image\\\/\"},\"sameAs\":[\"https:\\\/\\\/www.facebook.com\\\/motosfranciscobelmonte\",\"https:\\\/\\\/www.instagram.com\\\/fco.belmonte\\\/\"]}]}<\/script>\n<!-- \/ Yoast SEO plugin. -->","yoast_head_json":{"title":"CASCO HJC RPHA12 DIABLO BLIZZARD MC1 - Boutique Francisco Belmonte","description":"Casco HJC RPHA12 Diablo Blizzard Mc1. Puedes descubrirlo y prob\u00e1rtelo en nuestra Boutique Francisco Belmonte en Murcia. Al mejor precio","robots":{"index":"index","follow":"follow","max-snippet":"max-snippet:-1","max-image-preview":"max-image-preview:large","max-video-preview":"max-video-preview:-1"},"canonical":"https:\/\/franciscobelmonte.com\/tienda\/casco-hjc-rpha12-diablo-blizzard-mc1\/","og_locale":"es_ES","og_type":"article","og_title":"CASCO HJC RPHA12 DIABLO BLIZZARD MC1 - Boutique Francisco Belmonte","og_description":"Casco HJC RPHA12 Diablo Blizzard Mc1. Puedes descubrirlo y prob\u00e1rtelo en nuestra Boutique Francisco Belmonte en Murcia. Al mejor precio","og_url":"https:\/\/franciscobelmonte.com\/tienda\/casco-hjc-rpha12-diablo-blizzard-mc1\/","og_site_name":"Boutique Francisco Belmonte","article_publisher":"https:\/\/www.facebook.com\/motosfranciscobelmonte","article_modified_time":"2026-04-22T10:45:05+00:00","og_image":[{"width":800,"height":800,"url":"https:\/\/franciscobelmonte.com\/tienda\/wp-content\/uploads\/2024\/10\/casco-hjc-rpha12-diablo-blizzard.webp","type":"image\/webp"}],"twitter_card":"summary_large_image","twitter_misc":{"Tiempo de lectura":"1 minuto"},"schema":{"@context":"https:\/\/schema.org","@graph":[{"@type":"WebPage","@id":"https:\/\/franciscobelmonte.com\/tienda\/casco-hjc-rpha12-diablo-blizzard-mc1\/","url":"https:\/\/franciscobelmonte.com\/tienda\/casco-hjc-rpha12-diablo-blizzard-mc1\/","name":"CASCO HJC RPHA12 DIABLO BLIZZARD MC1 - Boutique Francisco Belmonte","isPartOf":{"@id":"https:\/\/franciscobelmonte.com\/tienda\/#website"},"primaryImageOfPage":{"@id":"https:\/\/franciscobelmonte.com\/tienda\/casco-hjc-rpha12-diablo-blizzard-mc1\/#primaryimage"},"image":{"@id":"https:\/\/franciscobelmonte.com\/tienda\/casco-hjc-rpha12-diablo-blizzard-mc1\/#primaryimage"},"thumbnailUrl":"https:\/\/franciscobelmonte.com\/tienda\/wp-content\/uploads\/2024\/10\/casco-hjc-rpha12-diablo-blizzard.webp","datePublished":"2024-10-30T16:33:15+00:00","dateModified":"2026-04-22T10:45:05+00:00","description":"Casco HJC RPHA12 Diablo Blizzard Mc1. Puedes descubrirlo y prob\u00e1rtelo en nuestra Boutique Francisco Belmonte en Murcia. Al mejor precio","breadcrumb":{"@id":"https:\/\/franciscobelmonte.com\/tienda\/casco-hjc-rpha12-diablo-blizzard-mc1\/#breadcrumb"},"inLanguage":"es","potentialAction":[{"@type":"ReadAction","target":["https:\/\/franciscobelmonte.com\/tienda\/casco-hjc-rpha12-diablo-blizzard-mc1\/"]}]},{"@type":"ImageObject","inLanguage":"es","@id":"https:\/\/franciscobelmonte.com\/tienda\/casco-hjc-rpha12-diablo-blizzard-mc1\/#primaryimage","url":"https:\/\/franciscobelmonte.com\/tienda\/wp-content\/uploads\/2024\/10\/casco-hjc-rpha12-diablo-blizzard.webp","contentUrl":"https:\/\/franciscobelmonte.com\/tienda\/wp-content\/uploads\/2024\/10\/casco-hjc-rpha12-diablo-blizzard.webp","width":800,"height":800,"caption":"casco hjc rpha12 diablo blizzard en murcia francisco belmonte"},{"@type":"BreadcrumbList","@id":"https:\/\/franciscobelmonte.com\/tienda\/casco-hjc-rpha12-diablo-blizzard-mc1\/#breadcrumb","itemListElement":[{"@type":"ListItem","position":1,"name":"Portada","item":"https:\/\/franciscobelmonte.com\/tienda\/"},{"@type":"ListItem","position":2,"name":"Tienda","item":"https:\/\/franciscobelmonte.com\/tienda\/boutique-equipamiento-motero\/"},{"@type":"ListItem","position":3,"name":"CASCO HJC RPHA12 DIABLO BLIZZARD MC1"}]},{"@type":"WebSite","@id":"https:\/\/franciscobelmonte.com\/tienda\/#website","url":"https:\/\/franciscobelmonte.com\/tienda\/","name":"Boutique Francisco Belmonte","description":"Todo en complementos para motoristas","publisher":{"@id":"https:\/\/franciscobelmonte.com\/tienda\/#organization"},"potentialAction":[{"@type":"SearchAction","target":{"@type":"EntryPoint","urlTemplate":"https:\/\/franciscobelmonte.com\/tienda\/?s={search_term_string}"},"query-input":{"@type":"PropertyValueSpecification","valueRequired":true,"valueName":"search_term_string"}}],"inLanguage":"es"},{"@type":"Organization","@id":"https:\/\/franciscobelmonte.com\/tienda\/#organization","name":"Boutique Francisco Belmonte","url":"https:\/\/franciscobelmonte.com\/tienda\/","logo":{"@type":"ImageObject","inLanguage":"es","@id":"https:\/\/franciscobelmonte.com\/tienda\/#\/schema\/logo\/image\/","url":"https:\/\/franciscobelmonte.com\/tienda\/wp-content\/uploads\/2021\/12\/Francisco-Belmonte-logo.png","contentUrl":"https:\/\/franciscobelmonte.com\/tienda\/wp-content\/uploads\/2021\/12\/Francisco-Belmonte-logo.png","width":2153,"height":536,"caption":"Boutique Francisco Belmonte"},"image":{"@id":"https:\/\/franciscobelmonte.com\/tienda\/#\/schema\/logo\/image\/"},"sameAs":["https:\/\/www.facebook.com\/motosfranciscobelmonte","https:\/\/www.instagram.com\/fco.belmonte\/"]}]}},"jetpack_sharing_enabled":true,"brands":[{"id":190,"name":"Hjc","slug":"hjc"}],"_links":{"self":[{"href":"https:\/\/franciscobelmonte.com\/tienda\/wp-json\/wp\/v2\/product\/12845","targetHints":{"allow":["GET"]}}],"collection":[{"href":"https:\/\/franciscobelmonte.com\/tienda\/wp-json\/wp\/v2\/product"}],"about":[{"href":"https:\/\/franciscobelmonte.com\/tienda\/wp-json\/wp\/v2\/types\/product"}],"replies":[{"embeddable":true,"href":"https:\/\/franciscobelmonte.com\/tienda\/wp-json\/wp\/v2\/comments?post=12845"}],"wp:featuredmedia":[{"embeddable":true,"href":"https:\/\/franciscobelmonte.com\/tienda\/wp-json\/wp\/v2\/media\/12851"}],"wp:attachment":[{"href":"https:\/\/franciscobelmonte.com\/tienda\/wp-json\/wp\/v2\/media?parent=12845"}],"wp:term":[{"taxonomy":"pwb-brand","embeddable":true,"href":"https:\/\/franciscobelmonte.com\/tienda\/wp-json\/wp\/v2\/pwb-brand?post=12845"},{"taxonomy":"product_brand","embeddable":true,"href":"https:\/\/franciscobelmonte.com\/tienda\/wp-json\/wp\/v2\/product_brand?post=12845"},{"taxonomy":"product_cat","embeddable":true,"href":"https:\/\/franciscobelmonte.com\/tienda\/wp-json\/wp\/v2\/product_cat?post=12845"},{"taxonomy":"product_tag","embeddable":true,"href":"https:\/\/franciscobelmonte.com\/tienda\/wp-json\/wp\/v2\/product_tag?post=12845"}],"curies":[{"name":"wp","href":"https:\/\/api.w.org\/{rel}","templated":true}]}}