{"id":13106,"date":"2024-12-19T11:22:12","date_gmt":"2024-12-19T09:22:12","guid":{"rendered":"https:\/\/franciscobelmonte.com\/tienda\/?post_type=product&#038;p=13106"},"modified":"2026-01-30T19:51:16","modified_gmt":"2026-01-30T17:51:16","slug":"botas-tcx-speedtrek-gore-tex-verde-gris","status":"publish","type":"product","link":"https:\/\/franciscobelmonte.com\/tienda\/botas-tcx-speedtrek-gore-tex-verde-gris\/","title":{"rendered":"BOTAS TCX SPEEDTREK GORE-TEX VERDE \/ GRIS"},"content":{"rendered":"<h1>Botas TCX Speedtrek Gore-Tex Verde \/ Gris<\/h1>\n<p>Es un zapato vers\u00e1til para montar en moto tanto en carretera como fuera de ella, ofreciendo una comodidad excepcional ya sea sobre la moto o caminando. La membrana Gore-Tex y composici\u00f3n del empeine hacen que la Speedtrek sea vers\u00e1til funcional en el uso diario en 3 estaciones del a\u00f1o. Reforzada en punta y tal\u00f3n para proteger contra impactos.<\/p>\n<p><strong>Caracter\u00edsticas<\/strong><\/p>\n<ul>\n<li>Suela exterior de gomra Groundtrax para touring y off-road ligero, con buena tracci\u00f3n<\/li>\n<li>Entresuela con espiga Zplate, para optimizar la flexibilidad frontal y la rigidez transversal<\/li>\n<li>Plantilla Ortholite con amortiguaci\u00f3n a largo plaza y alto nivel de transpirabilidad<\/li>\n<\/ul>\n<p><strong>Materiales Principales<\/strong><\/p>\n<ul>\n<li>Tejido de alta tenacidad y materiales sint\u00e9ticos<\/li>\n<\/ul>\n<p><strong>Ergonom\u00eda<\/strong><\/p>\n<ul>\n<li>Bolsa para cordones en la leng\u00fceta<\/li>\n<li>Sistema de cierre r\u00e1pido<\/li>\n<\/ul>\n<p><strong>Protecci\u00f3n<\/strong><\/p>\n<ul>\n<li>Refuerzos en tobillo D30<\/li>\n<li>Zapato certificado seg\u00edun la norma CE-Cat. II &#8211; EN 13634<\/li>\n<\/ul>\n<p><strong>Caracter\u00edsticas t\u00e9cnicas generales<\/strong><\/p>\n<ul>\n<li>Secciones de dedos y tal\u00f3n reforzadas<\/li>\n<\/ul>\n<p><strong>Interior<\/strong><\/p>\n<ul>\n<li>Inserciones reflectantes<\/li>\n<\/ul>\n<p>&nbsp;<\/p>\n<p>&nbsp;<\/p>\n<p>&nbsp;<\/p>\n","protected":false},"excerpt":{"rendered":"<p>Es un zapato vers\u00e1til para montar en moto tanto en carretera como fuera de ella, ofreciendo una comodidad excepcional ya sea sobre la moto o caminando. La membrana Gore-Tex y composici\u00f3n del empeine hacen que la Speedtrek sea vers\u00e1til funcional en el uso diario en 3 estaciones del a\u00f1o. Reforzada en punta y tal\u00f3n para proteger contra impactos.<\/p>\n","protected":false},"featured_media":13114,"comment_status":"open","ping_status":"closed","template":"","meta":{"_themeisle_gutenberg_block_has_review":false},"pwb-brand":[405],"product_brand":[],"product_cat":[656,147],"product_tag":[890],"class_list":{"0":"post-13106","1":"product","2":"type-product","3":"status-publish","4":"has-post-thumbnail","6":"pwb-brand-tcx","7":"product_cat-botas","8":"product_cat-botas-de-moto-urban","9":"product_tag-rebajas-50","11":"first","12":"instock","13":"taxable","14":"shipping-taxable","15":"purchasable","16":"product-type-variable","17":"has-default-attributes"},"yoast_head":"<!-- This site is optimized with the Yoast SEO plugin v27.4 - https:\/\/yoast.com\/product\/yoast-seo-wordpress\/ -->\n<title>BOTAS TCX SPEEDTREK GORE-TEX VERDE \/ GRIS - Boutique Francisco Belmonte<\/title>\n<meta name=\"description\" content=\"Botas TCX SpeedTrakek Gore-Tex Verde-Gris. Botas de moto Tcx en Murcia Francisco Belmonte, en sus diferentes colores. Al mejor precio.\" \/>\n<meta name=\"robots\" content=\"index, follow, max-snippet:-1, max-image-preview:large, max-video-preview:-1\" \/>\n<link rel=\"canonical\" href=\"https:\/\/franciscobelmonte.com\/tienda\/botas-tcx-speedtrek-gore-tex-verde-gris\/\" \/>\n<meta property=\"og:locale\" content=\"es_ES\" \/>\n<meta property=\"og:type\" content=\"article\" \/>\n<meta property=\"og:title\" content=\"BOTAS TCX SPEEDTREK GORE-TEX VERDE \/ GRIS - Boutique Francisco Belmonte\" \/>\n<meta property=\"og:description\" content=\"Botas TCX SpeedTrakek Gore-Tex Verde-Gris. Botas de moto Tcx en Murcia Francisco Belmonte, en sus diferentes colores. Al mejor precio.\" \/>\n<meta property=\"og:url\" content=\"https:\/\/franciscobelmonte.com\/tienda\/botas-tcx-speedtrek-gore-tex-verde-gris\/\" \/>\n<meta property=\"og:site_name\" content=\"Boutique Francisco Belmonte\" \/>\n<meta property=\"article:publisher\" content=\"https:\/\/www.facebook.com\/motosfranciscobelmonte\" \/>\n<meta property=\"article:modified_time\" content=\"2026-01-30T17:51:16+00:00\" \/>\n<meta property=\"og:image\" content=\"https:\/\/franciscobelmonte.com\/tienda\/wp-content\/uploads\/2024\/12\/botas-tcx-speedtrek-gore-tex-verde-gris.webp\" \/>\n\t<meta property=\"og:image:width\" content=\"800\" \/>\n\t<meta property=\"og:image:height\" content=\"800\" \/>\n\t<meta property=\"og:image:type\" content=\"image\/webp\" \/>\n<meta name=\"twitter:card\" content=\"summary_large_image\" \/>\n<meta name=\"twitter:label1\" content=\"Tiempo de lectura\" \/>\n\t<meta name=\"twitter:data1\" content=\"1 minuto\" \/>\n<script type=\"application\/ld+json\" class=\"yoast-schema-graph\">{\"@context\":\"https:\\\/\\\/schema.org\",\"@graph\":[{\"@type\":\"WebPage\",\"@id\":\"https:\\\/\\\/franciscobelmonte.com\\\/tienda\\\/botas-tcx-speedtrek-gore-tex-verde-gris\\\/\",\"url\":\"https:\\\/\\\/franciscobelmonte.com\\\/tienda\\\/botas-tcx-speedtrek-gore-tex-verde-gris\\\/\",\"name\":\"BOTAS TCX SPEEDTREK GORE-TEX VERDE \\\/ GRIS - Boutique Francisco Belmonte\",\"isPartOf\":{\"@id\":\"https:\\\/\\\/franciscobelmonte.com\\\/tienda\\\/#website\"},\"primaryImageOfPage\":{\"@id\":\"https:\\\/\\\/franciscobelmonte.com\\\/tienda\\\/botas-tcx-speedtrek-gore-tex-verde-gris\\\/#primaryimage\"},\"image\":{\"@id\":\"https:\\\/\\\/franciscobelmonte.com\\\/tienda\\\/botas-tcx-speedtrek-gore-tex-verde-gris\\\/#primaryimage\"},\"thumbnailUrl\":\"https:\\\/\\\/franciscobelmonte.com\\\/tienda\\\/wp-content\\\/uploads\\\/2024\\\/12\\\/botas-tcx-speedtrek-gore-tex-verde-gris.webp\",\"datePublished\":\"2024-12-19T09:22:12+00:00\",\"dateModified\":\"2026-01-30T17:51:16+00:00\",\"description\":\"Botas TCX SpeedTrakek Gore-Tex Verde-Gris. Botas de moto Tcx en Murcia Francisco Belmonte, en sus diferentes colores. Al mejor precio.\",\"breadcrumb\":{\"@id\":\"https:\\\/\\\/franciscobelmonte.com\\\/tienda\\\/botas-tcx-speedtrek-gore-tex-verde-gris\\\/#breadcrumb\"},\"inLanguage\":\"es\",\"potentialAction\":[{\"@type\":\"ReadAction\",\"target\":[\"https:\\\/\\\/franciscobelmonte.com\\\/tienda\\\/botas-tcx-speedtrek-gore-tex-verde-gris\\\/\"]}]},{\"@type\":\"ImageObject\",\"inLanguage\":\"es\",\"@id\":\"https:\\\/\\\/franciscobelmonte.com\\\/tienda\\\/botas-tcx-speedtrek-gore-tex-verde-gris\\\/#primaryimage\",\"url\":\"https:\\\/\\\/franciscobelmonte.com\\\/tienda\\\/wp-content\\\/uploads\\\/2024\\\/12\\\/botas-tcx-speedtrek-gore-tex-verde-gris.webp\",\"contentUrl\":\"https:\\\/\\\/franciscobelmonte.com\\\/tienda\\\/wp-content\\\/uploads\\\/2024\\\/12\\\/botas-tcx-speedtrek-gore-tex-verde-gris.webp\",\"width\":800,\"height\":800,\"caption\":\"botas tcx speedtrek gore tex verde gris en murcia francisco belmonte\"},{\"@type\":\"BreadcrumbList\",\"@id\":\"https:\\\/\\\/franciscobelmonte.com\\\/tienda\\\/botas-tcx-speedtrek-gore-tex-verde-gris\\\/#breadcrumb\",\"itemListElement\":[{\"@type\":\"ListItem\",\"position\":1,\"name\":\"Portada\",\"item\":\"https:\\\/\\\/franciscobelmonte.com\\\/tienda\\\/\"},{\"@type\":\"ListItem\",\"position\":2,\"name\":\"Tienda\",\"item\":\"https:\\\/\\\/franciscobelmonte.com\\\/tienda\\\/boutique-equipamiento-motero\\\/\"},{\"@type\":\"ListItem\",\"position\":3,\"name\":\"BOTAS TCX SPEEDTREK GORE-TEX VERDE \\\/ GRIS\"}]},{\"@type\":\"WebSite\",\"@id\":\"https:\\\/\\\/franciscobelmonte.com\\\/tienda\\\/#website\",\"url\":\"https:\\\/\\\/franciscobelmonte.com\\\/tienda\\\/\",\"name\":\"Boutique Francisco Belmonte\",\"description\":\"Todo en complementos para motoristas\",\"publisher\":{\"@id\":\"https:\\\/\\\/franciscobelmonte.com\\\/tienda\\\/#organization\"},\"potentialAction\":[{\"@type\":\"SearchAction\",\"target\":{\"@type\":\"EntryPoint\",\"urlTemplate\":\"https:\\\/\\\/franciscobelmonte.com\\\/tienda\\\/?s={search_term_string}\"},\"query-input\":{\"@type\":\"PropertyValueSpecification\",\"valueRequired\":true,\"valueName\":\"search_term_string\"}}],\"inLanguage\":\"es\"},{\"@type\":\"Organization\",\"@id\":\"https:\\\/\\\/franciscobelmonte.com\\\/tienda\\\/#organization\",\"name\":\"Boutique Francisco Belmonte\",\"url\":\"https:\\\/\\\/franciscobelmonte.com\\\/tienda\\\/\",\"logo\":{\"@type\":\"ImageObject\",\"inLanguage\":\"es\",\"@id\":\"https:\\\/\\\/franciscobelmonte.com\\\/tienda\\\/#\\\/schema\\\/logo\\\/image\\\/\",\"url\":\"https:\\\/\\\/franciscobelmonte.com\\\/tienda\\\/wp-content\\\/uploads\\\/2021\\\/12\\\/Francisco-Belmonte-logo.png\",\"contentUrl\":\"https:\\\/\\\/franciscobelmonte.com\\\/tienda\\\/wp-content\\\/uploads\\\/2021\\\/12\\\/Francisco-Belmonte-logo.png\",\"width\":2153,\"height\":536,\"caption\":\"Boutique Francisco Belmonte\"},\"image\":{\"@id\":\"https:\\\/\\\/franciscobelmonte.com\\\/tienda\\\/#\\\/schema\\\/logo\\\/image\\\/\"},\"sameAs\":[\"https:\\\/\\\/www.facebook.com\\\/motosfranciscobelmonte\",\"https:\\\/\\\/www.instagram.com\\\/fco.belmonte\\\/\"]}]}<\/script>\n<!-- \/ Yoast SEO plugin. -->","yoast_head_json":{"title":"BOTAS TCX SPEEDTREK GORE-TEX VERDE \/ GRIS - Boutique Francisco Belmonte","description":"Botas TCX SpeedTrakek Gore-Tex Verde-Gris. Botas de moto Tcx en Murcia Francisco Belmonte, en sus diferentes colores. Al mejor precio.","robots":{"index":"index","follow":"follow","max-snippet":"max-snippet:-1","max-image-preview":"max-image-preview:large","max-video-preview":"max-video-preview:-1"},"canonical":"https:\/\/franciscobelmonte.com\/tienda\/botas-tcx-speedtrek-gore-tex-verde-gris\/","og_locale":"es_ES","og_type":"article","og_title":"BOTAS TCX SPEEDTREK GORE-TEX VERDE \/ GRIS - Boutique Francisco Belmonte","og_description":"Botas TCX SpeedTrakek Gore-Tex Verde-Gris. Botas de moto Tcx en Murcia Francisco Belmonte, en sus diferentes colores. Al mejor precio.","og_url":"https:\/\/franciscobelmonte.com\/tienda\/botas-tcx-speedtrek-gore-tex-verde-gris\/","og_site_name":"Boutique Francisco Belmonte","article_publisher":"https:\/\/www.facebook.com\/motosfranciscobelmonte","article_modified_time":"2026-01-30T17:51:16+00:00","og_image":[{"width":800,"height":800,"url":"https:\/\/franciscobelmonte.com\/tienda\/wp-content\/uploads\/2024\/12\/botas-tcx-speedtrek-gore-tex-verde-gris.webp","type":"image\/webp"}],"twitter_card":"summary_large_image","twitter_misc":{"Tiempo de lectura":"1 minuto"},"schema":{"@context":"https:\/\/schema.org","@graph":[{"@type":"WebPage","@id":"https:\/\/franciscobelmonte.com\/tienda\/botas-tcx-speedtrek-gore-tex-verde-gris\/","url":"https:\/\/franciscobelmonte.com\/tienda\/botas-tcx-speedtrek-gore-tex-verde-gris\/","name":"BOTAS TCX SPEEDTREK GORE-TEX VERDE \/ GRIS - Boutique Francisco Belmonte","isPartOf":{"@id":"https:\/\/franciscobelmonte.com\/tienda\/#website"},"primaryImageOfPage":{"@id":"https:\/\/franciscobelmonte.com\/tienda\/botas-tcx-speedtrek-gore-tex-verde-gris\/#primaryimage"},"image":{"@id":"https:\/\/franciscobelmonte.com\/tienda\/botas-tcx-speedtrek-gore-tex-verde-gris\/#primaryimage"},"thumbnailUrl":"https:\/\/franciscobelmonte.com\/tienda\/wp-content\/uploads\/2024\/12\/botas-tcx-speedtrek-gore-tex-verde-gris.webp","datePublished":"2024-12-19T09:22:12+00:00","dateModified":"2026-01-30T17:51:16+00:00","description":"Botas TCX SpeedTrakek Gore-Tex Verde-Gris. Botas de moto Tcx en Murcia Francisco Belmonte, en sus diferentes colores. Al mejor precio.","breadcrumb":{"@id":"https:\/\/franciscobelmonte.com\/tienda\/botas-tcx-speedtrek-gore-tex-verde-gris\/#breadcrumb"},"inLanguage":"es","potentialAction":[{"@type":"ReadAction","target":["https:\/\/franciscobelmonte.com\/tienda\/botas-tcx-speedtrek-gore-tex-verde-gris\/"]}]},{"@type":"ImageObject","inLanguage":"es","@id":"https:\/\/franciscobelmonte.com\/tienda\/botas-tcx-speedtrek-gore-tex-verde-gris\/#primaryimage","url":"https:\/\/franciscobelmonte.com\/tienda\/wp-content\/uploads\/2024\/12\/botas-tcx-speedtrek-gore-tex-verde-gris.webp","contentUrl":"https:\/\/franciscobelmonte.com\/tienda\/wp-content\/uploads\/2024\/12\/botas-tcx-speedtrek-gore-tex-verde-gris.webp","width":800,"height":800,"caption":"botas tcx speedtrek gore tex verde gris en murcia francisco belmonte"},{"@type":"BreadcrumbList","@id":"https:\/\/franciscobelmonte.com\/tienda\/botas-tcx-speedtrek-gore-tex-verde-gris\/#breadcrumb","itemListElement":[{"@type":"ListItem","position":1,"name":"Portada","item":"https:\/\/franciscobelmonte.com\/tienda\/"},{"@type":"ListItem","position":2,"name":"Tienda","item":"https:\/\/franciscobelmonte.com\/tienda\/boutique-equipamiento-motero\/"},{"@type":"ListItem","position":3,"name":"BOTAS TCX SPEEDTREK GORE-TEX VERDE \/ GRIS"}]},{"@type":"WebSite","@id":"https:\/\/franciscobelmonte.com\/tienda\/#website","url":"https:\/\/franciscobelmonte.com\/tienda\/","name":"Boutique Francisco Belmonte","description":"Todo en complementos para motoristas","publisher":{"@id":"https:\/\/franciscobelmonte.com\/tienda\/#organization"},"potentialAction":[{"@type":"SearchAction","target":{"@type":"EntryPoint","urlTemplate":"https:\/\/franciscobelmonte.com\/tienda\/?s={search_term_string}"},"query-input":{"@type":"PropertyValueSpecification","valueRequired":true,"valueName":"search_term_string"}}],"inLanguage":"es"},{"@type":"Organization","@id":"https:\/\/franciscobelmonte.com\/tienda\/#organization","name":"Boutique Francisco Belmonte","url":"https:\/\/franciscobelmonte.com\/tienda\/","logo":{"@type":"ImageObject","inLanguage":"es","@id":"https:\/\/franciscobelmonte.com\/tienda\/#\/schema\/logo\/image\/","url":"https:\/\/franciscobelmonte.com\/tienda\/wp-content\/uploads\/2021\/12\/Francisco-Belmonte-logo.png","contentUrl":"https:\/\/franciscobelmonte.com\/tienda\/wp-content\/uploads\/2021\/12\/Francisco-Belmonte-logo.png","width":2153,"height":536,"caption":"Boutique Francisco Belmonte"},"image":{"@id":"https:\/\/franciscobelmonte.com\/tienda\/#\/schema\/logo\/image\/"},"sameAs":["https:\/\/www.facebook.com\/motosfranciscobelmonte","https:\/\/www.instagram.com\/fco.belmonte\/"]}]}},"jetpack_sharing_enabled":true,"brands":[{"id":405,"name":"Tcx","slug":"tcx"}],"_links":{"self":[{"href":"https:\/\/franciscobelmonte.com\/tienda\/wp-json\/wp\/v2\/product\/13106","targetHints":{"allow":["GET"]}}],"collection":[{"href":"https:\/\/franciscobelmonte.com\/tienda\/wp-json\/wp\/v2\/product"}],"about":[{"href":"https:\/\/franciscobelmonte.com\/tienda\/wp-json\/wp\/v2\/types\/product"}],"replies":[{"embeddable":true,"href":"https:\/\/franciscobelmonte.com\/tienda\/wp-json\/wp\/v2\/comments?post=13106"}],"wp:featuredmedia":[{"embeddable":true,"href":"https:\/\/franciscobelmonte.com\/tienda\/wp-json\/wp\/v2\/media\/13114"}],"wp:attachment":[{"href":"https:\/\/franciscobelmonte.com\/tienda\/wp-json\/wp\/v2\/media?parent=13106"}],"wp:term":[{"taxonomy":"pwb-brand","embeddable":true,"href":"https:\/\/franciscobelmonte.com\/tienda\/wp-json\/wp\/v2\/pwb-brand?post=13106"},{"taxonomy":"product_brand","embeddable":true,"href":"https:\/\/franciscobelmonte.com\/tienda\/wp-json\/wp\/v2\/product_brand?post=13106"},{"taxonomy":"product_cat","embeddable":true,"href":"https:\/\/franciscobelmonte.com\/tienda\/wp-json\/wp\/v2\/product_cat?post=13106"},{"taxonomy":"product_tag","embeddable":true,"href":"https:\/\/franciscobelmonte.com\/tienda\/wp-json\/wp\/v2\/product_tag?post=13106"}],"curies":[{"name":"wp","href":"https:\/\/api.w.org\/{rel}","templated":true}]}}