{"id":13389,"date":"2025-02-21T10:41:42","date_gmt":"2025-02-21T08:41:42","guid":{"rendered":"https:\/\/franciscobelmonte.com\/tienda\/?post_type=product&#038;p=13389"},"modified":"2026-01-03T11:35:39","modified_gmt":"2026-01-03T09:35:39","slug":"casco-schuberth-c5-globe-gris-brillo","status":"publish","type":"product","link":"https:\/\/franciscobelmonte.com\/tienda\/casco-schuberth-c5-globe-gris-brillo\/","title":{"rendered":"CASCO SCHUBERTH C5 GLOBE GRIS BRILLO"},"content":{"rendered":"<h3>Casco Schuberth C5 Globe Gris Brillo<\/h3>\n<p>Casco modular de moto abatible Schuberth, el primer casco con la nueva doble homologaci\u00f3n P\/J ECE-R 22.06 para poder usarlo legalmente con la mentonera subida y bajada.<\/p>\n<p>El C5 Eclipse incorpora una nueva calota de fibra de vidrio reforzada con fibra de carbono y con interior en material EPS de dos densidades para la parte principal y los lados, sin costuras \u00abindividual\u00bb de Schuberth. Pantalla solar calidad \u00f3ptica nivel 1, anti-rayas y pinlock anti-vaho incluido.<\/p>\n<p>La ventilaci\u00f3n hace que cambie las reglas en la categor\u00eda del casco abatible. El casco modular Schuberth C5 Eclipse presenta una entrada de aire frontal doble con un filtro lavable e intercambiable, adem\u00e1s nuevo spoiler trasero con nuevo extractor de aire, para una respiraci\u00f3n adecuada mientras se conduce en condiciones extremas. Los botones ofrecen un ajuste f\u00e1cil y variable de la ventilaci\u00f3n frontal. Predisposici\u00f3n para el sistema de intercomunicaci\u00f3n Schuberth SC2 (no incluido).<\/p>\n<p><strong>Especificaciones:<\/strong><\/p>\n<ul>\n<li>Casco modular acabado Brillo.<\/li>\n<li>Interior EPS con dos densidades, sin costuras.<\/li>\n<li>Calota en fibra de vidrio y fibra de carbono.<\/li>\n<li>Calota en 2 tama\u00f1os para un ajuste preciso.<\/li>\n<li>Sistema anti-vaho Pinlock incluido.<\/li>\n<li>Visera solar anti-rayaduras clase \u00f3ptica 1.<\/li>\n<li>Sistema micro-lock de cierre microm\u00e9trico.<\/li>\n<li>Dispositivos reflectantes anti-roll-off-system.<\/li>\n<li>Doble homologaci\u00f3n P\/J (integral y jet) ECE R22.06.<\/li>\n<li>Peso aproximado 1640 gr. +\/- (el peso puede variar significativamente seg\u00fan talla y calota).<\/li>\n<li>Predisposici\u00f3n para el sistema de intercomunicaci\u00f3n Schuberth SC2 (no incluido).<\/li>\n<\/ul>\n<p>&nbsp;<\/p>\n<p>&nbsp;<\/p>\n","protected":false},"excerpt":{"rendered":"<p>Casco modular de moto abatible Schuberth, el primer casco con la nueva doble homologaci\u00f3n P\/J ECE-R 22.06.<\/p>\n","protected":false},"featured_media":13397,"comment_status":"open","ping_status":"closed","template":"","meta":{"_themeisle_gutenberg_block_has_review":false},"pwb-brand":[195],"product_brand":[],"product_cat":[15,144],"product_tag":[884,531,823],"class_list":{"0":"post-13389","1":"product","2":"type-product","3":"status-publish","4":"has-post-thumbnail","6":"pwb-brand-schubert","7":"product_cat-casco-de-moto","8":"product_cat-cascos-de-moto-modulares","9":"product_tag-dto-navideno-20","10":"product_tag-rebajas-25","11":"product_tag-schuberth-10","13":"first","14":"instock","15":"sale","16":"taxable","17":"shipping-taxable","18":"purchasable","19":"product-type-variable","20":"has-default-attributes"},"yoast_head":"<!-- This site is optimized with the Yoast SEO plugin v27.4 - https:\/\/yoast.com\/product\/yoast-seo-wordpress\/ -->\n<title>CASCO SCHUBERTH C5 GLOBE GRIS BRILLO - Boutique Francisco Belmonte<\/title>\n<meta name=\"description\" content=\"Casco Schuberth C5 Globe Gris Brillo. Cascos de moto Schuberth en tu boutique Francisco Belmonte en Murcia al mejor precio.\" \/>\n<meta name=\"robots\" content=\"index, follow, max-snippet:-1, max-image-preview:large, max-video-preview:-1\" \/>\n<link rel=\"canonical\" href=\"https:\/\/franciscobelmonte.com\/tienda\/casco-schuberth-c5-globe-gris-brillo\/\" \/>\n<meta property=\"og:locale\" content=\"es_ES\" \/>\n<meta property=\"og:type\" content=\"article\" \/>\n<meta property=\"og:title\" content=\"CASCO SCHUBERTH C5 GLOBE GRIS BRILLO - Boutique Francisco Belmonte\" \/>\n<meta property=\"og:description\" content=\"Casco Schuberth C5 Globe Gris Brillo. Cascos de moto Schuberth en tu boutique Francisco Belmonte en Murcia al mejor precio.\" \/>\n<meta property=\"og:url\" content=\"https:\/\/franciscobelmonte.com\/tienda\/casco-schuberth-c5-globe-gris-brillo\/\" \/>\n<meta property=\"og:site_name\" content=\"Boutique Francisco Belmonte\" \/>\n<meta property=\"article:publisher\" content=\"https:\/\/www.facebook.com\/motosfranciscobelmonte\" \/>\n<meta property=\"article:modified_time\" content=\"2026-01-03T09:35:39+00:00\" \/>\n<meta property=\"og:image\" content=\"https:\/\/franciscobelmonte.com\/tienda\/wp-content\/uploads\/2025\/02\/casco-schuberth-c5-globe-gris-brillo.webp\" \/>\n\t<meta property=\"og:image:width\" content=\"800\" \/>\n\t<meta property=\"og:image:height\" content=\"800\" \/>\n\t<meta property=\"og:image:type\" content=\"image\/webp\" \/>\n<meta name=\"twitter:card\" content=\"summary_large_image\" \/>\n<meta name=\"twitter:label1\" content=\"Tiempo de lectura\" \/>\n\t<meta name=\"twitter:data1\" content=\"2 minutos\" \/>\n<script type=\"application\/ld+json\" class=\"yoast-schema-graph\">{\"@context\":\"https:\\\/\\\/schema.org\",\"@graph\":[{\"@type\":\"WebPage\",\"@id\":\"https:\\\/\\\/franciscobelmonte.com\\\/tienda\\\/casco-schuberth-c5-globe-gris-brillo\\\/\",\"url\":\"https:\\\/\\\/franciscobelmonte.com\\\/tienda\\\/casco-schuberth-c5-globe-gris-brillo\\\/\",\"name\":\"CASCO SCHUBERTH C5 GLOBE GRIS BRILLO - Boutique Francisco Belmonte\",\"isPartOf\":{\"@id\":\"https:\\\/\\\/franciscobelmonte.com\\\/tienda\\\/#website\"},\"primaryImageOfPage\":{\"@id\":\"https:\\\/\\\/franciscobelmonte.com\\\/tienda\\\/casco-schuberth-c5-globe-gris-brillo\\\/#primaryimage\"},\"image\":{\"@id\":\"https:\\\/\\\/franciscobelmonte.com\\\/tienda\\\/casco-schuberth-c5-globe-gris-brillo\\\/#primaryimage\"},\"thumbnailUrl\":\"https:\\\/\\\/franciscobelmonte.com\\\/tienda\\\/wp-content\\\/uploads\\\/2025\\\/02\\\/casco-schuberth-c5-globe-gris-brillo.webp\",\"datePublished\":\"2025-02-21T08:41:42+00:00\",\"dateModified\":\"2026-01-03T09:35:39+00:00\",\"description\":\"Casco Schuberth C5 Globe Gris Brillo. Cascos de moto Schuberth en tu boutique Francisco Belmonte en Murcia al mejor precio.\",\"breadcrumb\":{\"@id\":\"https:\\\/\\\/franciscobelmonte.com\\\/tienda\\\/casco-schuberth-c5-globe-gris-brillo\\\/#breadcrumb\"},\"inLanguage\":\"es\",\"potentialAction\":[{\"@type\":\"ReadAction\",\"target\":[\"https:\\\/\\\/franciscobelmonte.com\\\/tienda\\\/casco-schuberth-c5-globe-gris-brillo\\\/\"]}]},{\"@type\":\"ImageObject\",\"inLanguage\":\"es\",\"@id\":\"https:\\\/\\\/franciscobelmonte.com\\\/tienda\\\/casco-schuberth-c5-globe-gris-brillo\\\/#primaryimage\",\"url\":\"https:\\\/\\\/franciscobelmonte.com\\\/tienda\\\/wp-content\\\/uploads\\\/2025\\\/02\\\/casco-schuberth-c5-globe-gris-brillo.webp\",\"contentUrl\":\"https:\\\/\\\/franciscobelmonte.com\\\/tienda\\\/wp-content\\\/uploads\\\/2025\\\/02\\\/casco-schuberth-c5-globe-gris-brillo.webp\",\"width\":800,\"height\":800,\"caption\":\"casco schuberth c5 globe gris brillo en murcia francisco belmonte\"},{\"@type\":\"BreadcrumbList\",\"@id\":\"https:\\\/\\\/franciscobelmonte.com\\\/tienda\\\/casco-schuberth-c5-globe-gris-brillo\\\/#breadcrumb\",\"itemListElement\":[{\"@type\":\"ListItem\",\"position\":1,\"name\":\"Portada\",\"item\":\"https:\\\/\\\/franciscobelmonte.com\\\/tienda\\\/\"},{\"@type\":\"ListItem\",\"position\":2,\"name\":\"Tienda\",\"item\":\"https:\\\/\\\/franciscobelmonte.com\\\/tienda\\\/boutique-equipamiento-motero\\\/\"},{\"@type\":\"ListItem\",\"position\":3,\"name\":\"CASCO SCHUBERTH C5 GLOBE GRIS BRILLO\"}]},{\"@type\":\"WebSite\",\"@id\":\"https:\\\/\\\/franciscobelmonte.com\\\/tienda\\\/#website\",\"url\":\"https:\\\/\\\/franciscobelmonte.com\\\/tienda\\\/\",\"name\":\"Boutique Francisco Belmonte\",\"description\":\"Todo en complementos para motoristas\",\"publisher\":{\"@id\":\"https:\\\/\\\/franciscobelmonte.com\\\/tienda\\\/#organization\"},\"potentialAction\":[{\"@type\":\"SearchAction\",\"target\":{\"@type\":\"EntryPoint\",\"urlTemplate\":\"https:\\\/\\\/franciscobelmonte.com\\\/tienda\\\/?s={search_term_string}\"},\"query-input\":{\"@type\":\"PropertyValueSpecification\",\"valueRequired\":true,\"valueName\":\"search_term_string\"}}],\"inLanguage\":\"es\"},{\"@type\":\"Organization\",\"@id\":\"https:\\\/\\\/franciscobelmonte.com\\\/tienda\\\/#organization\",\"name\":\"Boutique Francisco Belmonte\",\"url\":\"https:\\\/\\\/franciscobelmonte.com\\\/tienda\\\/\",\"logo\":{\"@type\":\"ImageObject\",\"inLanguage\":\"es\",\"@id\":\"https:\\\/\\\/franciscobelmonte.com\\\/tienda\\\/#\\\/schema\\\/logo\\\/image\\\/\",\"url\":\"https:\\\/\\\/franciscobelmonte.com\\\/tienda\\\/wp-content\\\/uploads\\\/2021\\\/12\\\/Francisco-Belmonte-logo.png\",\"contentUrl\":\"https:\\\/\\\/franciscobelmonte.com\\\/tienda\\\/wp-content\\\/uploads\\\/2021\\\/12\\\/Francisco-Belmonte-logo.png\",\"width\":2153,\"height\":536,\"caption\":\"Boutique Francisco Belmonte\"},\"image\":{\"@id\":\"https:\\\/\\\/franciscobelmonte.com\\\/tienda\\\/#\\\/schema\\\/logo\\\/image\\\/\"},\"sameAs\":[\"https:\\\/\\\/www.facebook.com\\\/motosfranciscobelmonte\",\"https:\\\/\\\/www.instagram.com\\\/fco.belmonte\\\/\"]}]}<\/script>\n<!-- \/ Yoast SEO plugin. -->","yoast_head_json":{"title":"CASCO SCHUBERTH C5 GLOBE GRIS BRILLO - Boutique Francisco Belmonte","description":"Casco Schuberth C5 Globe Gris Brillo. Cascos de moto Schuberth en tu boutique Francisco Belmonte en Murcia al mejor precio.","robots":{"index":"index","follow":"follow","max-snippet":"max-snippet:-1","max-image-preview":"max-image-preview:large","max-video-preview":"max-video-preview:-1"},"canonical":"https:\/\/franciscobelmonte.com\/tienda\/casco-schuberth-c5-globe-gris-brillo\/","og_locale":"es_ES","og_type":"article","og_title":"CASCO SCHUBERTH C5 GLOBE GRIS BRILLO - Boutique Francisco Belmonte","og_description":"Casco Schuberth C5 Globe Gris Brillo. Cascos de moto Schuberth en tu boutique Francisco Belmonte en Murcia al mejor precio.","og_url":"https:\/\/franciscobelmonte.com\/tienda\/casco-schuberth-c5-globe-gris-brillo\/","og_site_name":"Boutique Francisco Belmonte","article_publisher":"https:\/\/www.facebook.com\/motosfranciscobelmonte","article_modified_time":"2026-01-03T09:35:39+00:00","og_image":[{"width":800,"height":800,"url":"https:\/\/franciscobelmonte.com\/tienda\/wp-content\/uploads\/2025\/02\/casco-schuberth-c5-globe-gris-brillo.webp","type":"image\/webp"}],"twitter_card":"summary_large_image","twitter_misc":{"Tiempo de lectura":"2 minutos"},"schema":{"@context":"https:\/\/schema.org","@graph":[{"@type":"WebPage","@id":"https:\/\/franciscobelmonte.com\/tienda\/casco-schuberth-c5-globe-gris-brillo\/","url":"https:\/\/franciscobelmonte.com\/tienda\/casco-schuberth-c5-globe-gris-brillo\/","name":"CASCO SCHUBERTH C5 GLOBE GRIS BRILLO - Boutique Francisco Belmonte","isPartOf":{"@id":"https:\/\/franciscobelmonte.com\/tienda\/#website"},"primaryImageOfPage":{"@id":"https:\/\/franciscobelmonte.com\/tienda\/casco-schuberth-c5-globe-gris-brillo\/#primaryimage"},"image":{"@id":"https:\/\/franciscobelmonte.com\/tienda\/casco-schuberth-c5-globe-gris-brillo\/#primaryimage"},"thumbnailUrl":"https:\/\/franciscobelmonte.com\/tienda\/wp-content\/uploads\/2025\/02\/casco-schuberth-c5-globe-gris-brillo.webp","datePublished":"2025-02-21T08:41:42+00:00","dateModified":"2026-01-03T09:35:39+00:00","description":"Casco Schuberth C5 Globe Gris Brillo. Cascos de moto Schuberth en tu boutique Francisco Belmonte en Murcia al mejor precio.","breadcrumb":{"@id":"https:\/\/franciscobelmonte.com\/tienda\/casco-schuberth-c5-globe-gris-brillo\/#breadcrumb"},"inLanguage":"es","potentialAction":[{"@type":"ReadAction","target":["https:\/\/franciscobelmonte.com\/tienda\/casco-schuberth-c5-globe-gris-brillo\/"]}]},{"@type":"ImageObject","inLanguage":"es","@id":"https:\/\/franciscobelmonte.com\/tienda\/casco-schuberth-c5-globe-gris-brillo\/#primaryimage","url":"https:\/\/franciscobelmonte.com\/tienda\/wp-content\/uploads\/2025\/02\/casco-schuberth-c5-globe-gris-brillo.webp","contentUrl":"https:\/\/franciscobelmonte.com\/tienda\/wp-content\/uploads\/2025\/02\/casco-schuberth-c5-globe-gris-brillo.webp","width":800,"height":800,"caption":"casco schuberth c5 globe gris brillo en murcia francisco belmonte"},{"@type":"BreadcrumbList","@id":"https:\/\/franciscobelmonte.com\/tienda\/casco-schuberth-c5-globe-gris-brillo\/#breadcrumb","itemListElement":[{"@type":"ListItem","position":1,"name":"Portada","item":"https:\/\/franciscobelmonte.com\/tienda\/"},{"@type":"ListItem","position":2,"name":"Tienda","item":"https:\/\/franciscobelmonte.com\/tienda\/boutique-equipamiento-motero\/"},{"@type":"ListItem","position":3,"name":"CASCO SCHUBERTH C5 GLOBE GRIS BRILLO"}]},{"@type":"WebSite","@id":"https:\/\/franciscobelmonte.com\/tienda\/#website","url":"https:\/\/franciscobelmonte.com\/tienda\/","name":"Boutique Francisco Belmonte","description":"Todo en complementos para motoristas","publisher":{"@id":"https:\/\/franciscobelmonte.com\/tienda\/#organization"},"potentialAction":[{"@type":"SearchAction","target":{"@type":"EntryPoint","urlTemplate":"https:\/\/franciscobelmonte.com\/tienda\/?s={search_term_string}"},"query-input":{"@type":"PropertyValueSpecification","valueRequired":true,"valueName":"search_term_string"}}],"inLanguage":"es"},{"@type":"Organization","@id":"https:\/\/franciscobelmonte.com\/tienda\/#organization","name":"Boutique Francisco Belmonte","url":"https:\/\/franciscobelmonte.com\/tienda\/","logo":{"@type":"ImageObject","inLanguage":"es","@id":"https:\/\/franciscobelmonte.com\/tienda\/#\/schema\/logo\/image\/","url":"https:\/\/franciscobelmonte.com\/tienda\/wp-content\/uploads\/2021\/12\/Francisco-Belmonte-logo.png","contentUrl":"https:\/\/franciscobelmonte.com\/tienda\/wp-content\/uploads\/2021\/12\/Francisco-Belmonte-logo.png","width":2153,"height":536,"caption":"Boutique Francisco Belmonte"},"image":{"@id":"https:\/\/franciscobelmonte.com\/tienda\/#\/schema\/logo\/image\/"},"sameAs":["https:\/\/www.facebook.com\/motosfranciscobelmonte","https:\/\/www.instagram.com\/fco.belmonte\/"]}]}},"jetpack_sharing_enabled":true,"brands":[{"id":195,"name":"Schubert","slug":"schubert"}],"_links":{"self":[{"href":"https:\/\/franciscobelmonte.com\/tienda\/wp-json\/wp\/v2\/product\/13389","targetHints":{"allow":["GET"]}}],"collection":[{"href":"https:\/\/franciscobelmonte.com\/tienda\/wp-json\/wp\/v2\/product"}],"about":[{"href":"https:\/\/franciscobelmonte.com\/tienda\/wp-json\/wp\/v2\/types\/product"}],"replies":[{"embeddable":true,"href":"https:\/\/franciscobelmonte.com\/tienda\/wp-json\/wp\/v2\/comments?post=13389"}],"wp:featuredmedia":[{"embeddable":true,"href":"https:\/\/franciscobelmonte.com\/tienda\/wp-json\/wp\/v2\/media\/13397"}],"wp:attachment":[{"href":"https:\/\/franciscobelmonte.com\/tienda\/wp-json\/wp\/v2\/media?parent=13389"}],"wp:term":[{"taxonomy":"pwb-brand","embeddable":true,"href":"https:\/\/franciscobelmonte.com\/tienda\/wp-json\/wp\/v2\/pwb-brand?post=13389"},{"taxonomy":"product_brand","embeddable":true,"href":"https:\/\/franciscobelmonte.com\/tienda\/wp-json\/wp\/v2\/product_brand?post=13389"},{"taxonomy":"product_cat","embeddable":true,"href":"https:\/\/franciscobelmonte.com\/tienda\/wp-json\/wp\/v2\/product_cat?post=13389"},{"taxonomy":"product_tag","embeddable":true,"href":"https:\/\/franciscobelmonte.com\/tienda\/wp-json\/wp\/v2\/product_tag?post=13389"}],"curies":[{"name":"wp","href":"https:\/\/api.w.org\/{rel}","templated":true}]}}