{"id":13438,"date":"2025-02-24T17:06:38","date_gmt":"2025-02-24T15:06:38","guid":{"rendered":"https:\/\/franciscobelmonte.com\/tienda\/?post_type=product&#038;p=13438"},"modified":"2026-03-17T09:16:49","modified_gmt":"2026-03-17T07:16:49","slug":"guantes-rukka-thermog-negro","status":"publish","type":"product","link":"https:\/\/franciscobelmonte.com\/tienda\/guantes-rukka-thermog-negro\/","title":{"rendered":"GUANTES RUKKA THERMOG+ NEGRO"},"content":{"rendered":"<h1>Guantes Rukka Thermog+ Negro<\/h1>\n<p>Guantes de invierno confeccionados en combinaci\u00f3n de tejido el\u00e1stico en el dorso y piel de cabra en la palma. Incorporan membrana Gore-Tex Gore Grip para un perfecto tacto, control y acolchado Thinsulate de 200g en el dorso. Disponen de protecci\u00f3n en dedos, palma y nudillos.<\/p>\n<p><strong>Caracter\u00edsticas<\/strong><\/p>\n<ul>\n<li>Dorso en tejido con palma en piel de cabra<\/li>\n<li>Incorporan membrana Gote-Tex Gore Grip<\/li>\n<li>Son 100% impermeables, transpirables y resistentes al viento<\/li>\n<li>Aislamiento Thinsulate de 200 g en el dorso para condiciones de conducci\u00f3n fr\u00edas<\/li>\n<li>Disponen de protecci\u00f3n en dedos, palma y nudillos<\/li>\n<li>Pu\u00f1o interior con canal\u00e9 el\u00e1stico<\/li>\n<li>Forro polar<\/li>\n<li>Compatibles con el uso de pantallas t\u00e1ctiles<\/li>\n<\/ul>\n","protected":false},"excerpt":{"rendered":"<p>Guantes de invierno confeccionados en combinaci\u00f3n de tejido el\u00e1stico en el dorso y piel de cabra en la palma. Incorporan membrana Gore-Tex Gore Grip para un perfecto tacto, control y acolchado Thinsulate de 200g en el dorso. Disponen de protecci\u00f3n en dedos, palma y nudillos.<\/p>\n","protected":false},"featured_media":13447,"comment_status":"open","ping_status":"closed","template":"","meta":{"_themeisle_gutenberg_block_has_review":false},"pwb-brand":[820],"product_brand":[],"product_cat":[36,150],"product_tag":[],"class_list":{"0":"post-13438","1":"product","2":"type-product","3":"status-publish","4":"has-post-thumbnail","6":"pwb-brand-rukka","7":"product_cat-guantes","8":"product_cat-guantes-de-moto-invierno","10":"first","11":"instock","12":"taxable","13":"shipping-taxable","14":"purchasable","15":"product-type-variable","16":"has-default-attributes"},"yoast_head":"<!-- This site is optimized with the Yoast SEO plugin v27.4 - https:\/\/yoast.com\/product\/yoast-seo-wordpress\/ -->\n<title>GUANTES RUKKA THERMOG+ NEGRO - Boutique Francisco Belmonte<\/title>\n<meta name=\"description\" content=\"Guantes Rukka Mars 2.0 Negro. Guantes de moto Rukka en Murcia, Boutique Francisco Belmonte. Al mejor precio. Desc\u00fabrelos.\" \/>\n<meta name=\"robots\" content=\"index, follow, max-snippet:-1, max-image-preview:large, max-video-preview:-1\" \/>\n<link rel=\"canonical\" href=\"https:\/\/franciscobelmonte.com\/tienda\/guantes-rukka-thermog-negro\/\" \/>\n<meta property=\"og:locale\" content=\"es_ES\" \/>\n<meta property=\"og:type\" content=\"article\" \/>\n<meta property=\"og:title\" content=\"GUANTES RUKKA THERMOG+ NEGRO - Boutique Francisco Belmonte\" \/>\n<meta property=\"og:description\" content=\"Guantes Rukka Mars 2.0 Negro. Guantes de moto Rukka en Murcia, Boutique Francisco Belmonte. Al mejor precio. Desc\u00fabrelos.\" \/>\n<meta property=\"og:url\" content=\"https:\/\/franciscobelmonte.com\/tienda\/guantes-rukka-thermog-negro\/\" \/>\n<meta property=\"og:site_name\" content=\"Boutique Francisco Belmonte\" \/>\n<meta property=\"article:publisher\" content=\"https:\/\/www.facebook.com\/motosfranciscobelmonte\" \/>\n<meta property=\"article:modified_time\" content=\"2026-03-17T07:16:49+00:00\" \/>\n<meta property=\"og:image\" content=\"https:\/\/franciscobelmonte.com\/tienda\/wp-content\/uploads\/2025\/02\/guantes-rukka-thermog_-negro.webp\" \/>\n\t<meta property=\"og:image:width\" content=\"619\" \/>\n\t<meta property=\"og:image:height\" content=\"800\" \/>\n\t<meta property=\"og:image:type\" content=\"image\/webp\" \/>\n<meta name=\"twitter:card\" content=\"summary_large_image\" \/>\n<meta name=\"twitter:label1\" content=\"Tiempo de lectura\" \/>\n\t<meta name=\"twitter:data1\" content=\"1 minuto\" \/>\n<script type=\"application\/ld+json\" class=\"yoast-schema-graph\">{\"@context\":\"https:\\\/\\\/schema.org\",\"@graph\":[{\"@type\":\"WebPage\",\"@id\":\"https:\\\/\\\/franciscobelmonte.com\\\/tienda\\\/guantes-rukka-thermog-negro\\\/\",\"url\":\"https:\\\/\\\/franciscobelmonte.com\\\/tienda\\\/guantes-rukka-thermog-negro\\\/\",\"name\":\"GUANTES RUKKA THERMOG+ NEGRO - Boutique Francisco Belmonte\",\"isPartOf\":{\"@id\":\"https:\\\/\\\/franciscobelmonte.com\\\/tienda\\\/#website\"},\"primaryImageOfPage\":{\"@id\":\"https:\\\/\\\/franciscobelmonte.com\\\/tienda\\\/guantes-rukka-thermog-negro\\\/#primaryimage\"},\"image\":{\"@id\":\"https:\\\/\\\/franciscobelmonte.com\\\/tienda\\\/guantes-rukka-thermog-negro\\\/#primaryimage\"},\"thumbnailUrl\":\"https:\\\/\\\/franciscobelmonte.com\\\/tienda\\\/wp-content\\\/uploads\\\/2025\\\/02\\\/guantes-rukka-thermog_-negro.webp\",\"datePublished\":\"2025-02-24T15:06:38+00:00\",\"dateModified\":\"2026-03-17T07:16:49+00:00\",\"description\":\"Guantes Rukka Mars 2.0 Negro. Guantes de moto Rukka en Murcia, Boutique Francisco Belmonte. Al mejor precio. Desc\u00fabrelos.\",\"breadcrumb\":{\"@id\":\"https:\\\/\\\/franciscobelmonte.com\\\/tienda\\\/guantes-rukka-thermog-negro\\\/#breadcrumb\"},\"inLanguage\":\"es\",\"potentialAction\":[{\"@type\":\"ReadAction\",\"target\":[\"https:\\\/\\\/franciscobelmonte.com\\\/tienda\\\/guantes-rukka-thermog-negro\\\/\"]}]},{\"@type\":\"ImageObject\",\"inLanguage\":\"es\",\"@id\":\"https:\\\/\\\/franciscobelmonte.com\\\/tienda\\\/guantes-rukka-thermog-negro\\\/#primaryimage\",\"url\":\"https:\\\/\\\/franciscobelmonte.com\\\/tienda\\\/wp-content\\\/uploads\\\/2025\\\/02\\\/guantes-rukka-thermog_-negro.webp\",\"contentUrl\":\"https:\\\/\\\/franciscobelmonte.com\\\/tienda\\\/wp-content\\\/uploads\\\/2025\\\/02\\\/guantes-rukka-thermog_-negro.webp\",\"width\":619,\"height\":800,\"caption\":\"guantes rukka thermog+ negro en murcia francisco belmonte\"},{\"@type\":\"BreadcrumbList\",\"@id\":\"https:\\\/\\\/franciscobelmonte.com\\\/tienda\\\/guantes-rukka-thermog-negro\\\/#breadcrumb\",\"itemListElement\":[{\"@type\":\"ListItem\",\"position\":1,\"name\":\"Portada\",\"item\":\"https:\\\/\\\/franciscobelmonte.com\\\/tienda\\\/\"},{\"@type\":\"ListItem\",\"position\":2,\"name\":\"Tienda\",\"item\":\"https:\\\/\\\/franciscobelmonte.com\\\/tienda\\\/boutique-equipamiento-motero\\\/\"},{\"@type\":\"ListItem\",\"position\":3,\"name\":\"GUANTES RUKKA THERMOG+ NEGRO\"}]},{\"@type\":\"WebSite\",\"@id\":\"https:\\\/\\\/franciscobelmonte.com\\\/tienda\\\/#website\",\"url\":\"https:\\\/\\\/franciscobelmonte.com\\\/tienda\\\/\",\"name\":\"Boutique Francisco Belmonte\",\"description\":\"Todo en complementos para motoristas\",\"publisher\":{\"@id\":\"https:\\\/\\\/franciscobelmonte.com\\\/tienda\\\/#organization\"},\"potentialAction\":[{\"@type\":\"SearchAction\",\"target\":{\"@type\":\"EntryPoint\",\"urlTemplate\":\"https:\\\/\\\/franciscobelmonte.com\\\/tienda\\\/?s={search_term_string}\"},\"query-input\":{\"@type\":\"PropertyValueSpecification\",\"valueRequired\":true,\"valueName\":\"search_term_string\"}}],\"inLanguage\":\"es\"},{\"@type\":\"Organization\",\"@id\":\"https:\\\/\\\/franciscobelmonte.com\\\/tienda\\\/#organization\",\"name\":\"Boutique Francisco Belmonte\",\"url\":\"https:\\\/\\\/franciscobelmonte.com\\\/tienda\\\/\",\"logo\":{\"@type\":\"ImageObject\",\"inLanguage\":\"es\",\"@id\":\"https:\\\/\\\/franciscobelmonte.com\\\/tienda\\\/#\\\/schema\\\/logo\\\/image\\\/\",\"url\":\"https:\\\/\\\/franciscobelmonte.com\\\/tienda\\\/wp-content\\\/uploads\\\/2021\\\/12\\\/Francisco-Belmonte-logo.png\",\"contentUrl\":\"https:\\\/\\\/franciscobelmonte.com\\\/tienda\\\/wp-content\\\/uploads\\\/2021\\\/12\\\/Francisco-Belmonte-logo.png\",\"width\":2153,\"height\":536,\"caption\":\"Boutique Francisco Belmonte\"},\"image\":{\"@id\":\"https:\\\/\\\/franciscobelmonte.com\\\/tienda\\\/#\\\/schema\\\/logo\\\/image\\\/\"},\"sameAs\":[\"https:\\\/\\\/www.facebook.com\\\/motosfranciscobelmonte\",\"https:\\\/\\\/www.instagram.com\\\/fco.belmonte\\\/\"]}]}<\/script>\n<!-- \/ Yoast SEO plugin. -->","yoast_head_json":{"title":"GUANTES RUKKA THERMOG+ NEGRO - Boutique Francisco Belmonte","description":"Guantes Rukka Mars 2.0 Negro. Guantes de moto Rukka en Murcia, Boutique Francisco Belmonte. Al mejor precio. Desc\u00fabrelos.","robots":{"index":"index","follow":"follow","max-snippet":"max-snippet:-1","max-image-preview":"max-image-preview:large","max-video-preview":"max-video-preview:-1"},"canonical":"https:\/\/franciscobelmonte.com\/tienda\/guantes-rukka-thermog-negro\/","og_locale":"es_ES","og_type":"article","og_title":"GUANTES RUKKA THERMOG+ NEGRO - Boutique Francisco Belmonte","og_description":"Guantes Rukka Mars 2.0 Negro. Guantes de moto Rukka en Murcia, Boutique Francisco Belmonte. Al mejor precio. Desc\u00fabrelos.","og_url":"https:\/\/franciscobelmonte.com\/tienda\/guantes-rukka-thermog-negro\/","og_site_name":"Boutique Francisco Belmonte","article_publisher":"https:\/\/www.facebook.com\/motosfranciscobelmonte","article_modified_time":"2026-03-17T07:16:49+00:00","og_image":[{"width":619,"height":800,"url":"https:\/\/franciscobelmonte.com\/tienda\/wp-content\/uploads\/2025\/02\/guantes-rukka-thermog_-negro.webp","type":"image\/webp"}],"twitter_card":"summary_large_image","twitter_misc":{"Tiempo de lectura":"1 minuto"},"schema":{"@context":"https:\/\/schema.org","@graph":[{"@type":"WebPage","@id":"https:\/\/franciscobelmonte.com\/tienda\/guantes-rukka-thermog-negro\/","url":"https:\/\/franciscobelmonte.com\/tienda\/guantes-rukka-thermog-negro\/","name":"GUANTES RUKKA THERMOG+ NEGRO - Boutique Francisco Belmonte","isPartOf":{"@id":"https:\/\/franciscobelmonte.com\/tienda\/#website"},"primaryImageOfPage":{"@id":"https:\/\/franciscobelmonte.com\/tienda\/guantes-rukka-thermog-negro\/#primaryimage"},"image":{"@id":"https:\/\/franciscobelmonte.com\/tienda\/guantes-rukka-thermog-negro\/#primaryimage"},"thumbnailUrl":"https:\/\/franciscobelmonte.com\/tienda\/wp-content\/uploads\/2025\/02\/guantes-rukka-thermog_-negro.webp","datePublished":"2025-02-24T15:06:38+00:00","dateModified":"2026-03-17T07:16:49+00:00","description":"Guantes Rukka Mars 2.0 Negro. Guantes de moto Rukka en Murcia, Boutique Francisco Belmonte. Al mejor precio. Desc\u00fabrelos.","breadcrumb":{"@id":"https:\/\/franciscobelmonte.com\/tienda\/guantes-rukka-thermog-negro\/#breadcrumb"},"inLanguage":"es","potentialAction":[{"@type":"ReadAction","target":["https:\/\/franciscobelmonte.com\/tienda\/guantes-rukka-thermog-negro\/"]}]},{"@type":"ImageObject","inLanguage":"es","@id":"https:\/\/franciscobelmonte.com\/tienda\/guantes-rukka-thermog-negro\/#primaryimage","url":"https:\/\/franciscobelmonte.com\/tienda\/wp-content\/uploads\/2025\/02\/guantes-rukka-thermog_-negro.webp","contentUrl":"https:\/\/franciscobelmonte.com\/tienda\/wp-content\/uploads\/2025\/02\/guantes-rukka-thermog_-negro.webp","width":619,"height":800,"caption":"guantes rukka thermog+ negro en murcia francisco belmonte"},{"@type":"BreadcrumbList","@id":"https:\/\/franciscobelmonte.com\/tienda\/guantes-rukka-thermog-negro\/#breadcrumb","itemListElement":[{"@type":"ListItem","position":1,"name":"Portada","item":"https:\/\/franciscobelmonte.com\/tienda\/"},{"@type":"ListItem","position":2,"name":"Tienda","item":"https:\/\/franciscobelmonte.com\/tienda\/boutique-equipamiento-motero\/"},{"@type":"ListItem","position":3,"name":"GUANTES RUKKA THERMOG+ NEGRO"}]},{"@type":"WebSite","@id":"https:\/\/franciscobelmonte.com\/tienda\/#website","url":"https:\/\/franciscobelmonte.com\/tienda\/","name":"Boutique Francisco Belmonte","description":"Todo en complementos para motoristas","publisher":{"@id":"https:\/\/franciscobelmonte.com\/tienda\/#organization"},"potentialAction":[{"@type":"SearchAction","target":{"@type":"EntryPoint","urlTemplate":"https:\/\/franciscobelmonte.com\/tienda\/?s={search_term_string}"},"query-input":{"@type":"PropertyValueSpecification","valueRequired":true,"valueName":"search_term_string"}}],"inLanguage":"es"},{"@type":"Organization","@id":"https:\/\/franciscobelmonte.com\/tienda\/#organization","name":"Boutique Francisco Belmonte","url":"https:\/\/franciscobelmonte.com\/tienda\/","logo":{"@type":"ImageObject","inLanguage":"es","@id":"https:\/\/franciscobelmonte.com\/tienda\/#\/schema\/logo\/image\/","url":"https:\/\/franciscobelmonte.com\/tienda\/wp-content\/uploads\/2021\/12\/Francisco-Belmonte-logo.png","contentUrl":"https:\/\/franciscobelmonte.com\/tienda\/wp-content\/uploads\/2021\/12\/Francisco-Belmonte-logo.png","width":2153,"height":536,"caption":"Boutique Francisco Belmonte"},"image":{"@id":"https:\/\/franciscobelmonte.com\/tienda\/#\/schema\/logo\/image\/"},"sameAs":["https:\/\/www.facebook.com\/motosfranciscobelmonte","https:\/\/www.instagram.com\/fco.belmonte\/"]}]}},"jetpack_sharing_enabled":true,"brands":[{"id":820,"name":"Rukka","slug":"rukka"}],"_links":{"self":[{"href":"https:\/\/franciscobelmonte.com\/tienda\/wp-json\/wp\/v2\/product\/13438","targetHints":{"allow":["GET"]}}],"collection":[{"href":"https:\/\/franciscobelmonte.com\/tienda\/wp-json\/wp\/v2\/product"}],"about":[{"href":"https:\/\/franciscobelmonte.com\/tienda\/wp-json\/wp\/v2\/types\/product"}],"replies":[{"embeddable":true,"href":"https:\/\/franciscobelmonte.com\/tienda\/wp-json\/wp\/v2\/comments?post=13438"}],"wp:featuredmedia":[{"embeddable":true,"href":"https:\/\/franciscobelmonte.com\/tienda\/wp-json\/wp\/v2\/media\/13447"}],"wp:attachment":[{"href":"https:\/\/franciscobelmonte.com\/tienda\/wp-json\/wp\/v2\/media?parent=13438"}],"wp:term":[{"taxonomy":"pwb-brand","embeddable":true,"href":"https:\/\/franciscobelmonte.com\/tienda\/wp-json\/wp\/v2\/pwb-brand?post=13438"},{"taxonomy":"product_brand","embeddable":true,"href":"https:\/\/franciscobelmonte.com\/tienda\/wp-json\/wp\/v2\/product_brand?post=13438"},{"taxonomy":"product_cat","embeddable":true,"href":"https:\/\/franciscobelmonte.com\/tienda\/wp-json\/wp\/v2\/product_cat?post=13438"},{"taxonomy":"product_tag","embeddable":true,"href":"https:\/\/franciscobelmonte.com\/tienda\/wp-json\/wp\/v2\/product_tag?post=13438"}],"curies":[{"name":"wp","href":"https:\/\/api.w.org\/{rel}","templated":true}]}}