{"id":13544,"date":"2025-03-17T13:58:29","date_gmt":"2025-03-17T11:58:29","guid":{"rendered":"https:\/\/franciscobelmonte.com\/tienda\/?post_type=product&#038;p=13544"},"modified":"2026-01-09T13:19:49","modified_gmt":"2026-01-09T11:19:49","slug":"pantalon-dainese-sterrato-tex-gris-glaciar-azul","status":"publish","type":"product","link":"https:\/\/franciscobelmonte.com\/tienda\/pantalon-dainese-sterrato-tex-gris-glaciar-azul\/","title":{"rendered":"PANTALON DAINESE STERRATO TEX GRIS GLACIAR \/ AZUL"},"content":{"rendered":"<h1>Pantal\u00f3n DAINESE Sterrato Tex Gris Glaciar \/ Azul<\/h1>\n<p>Pantal\u00f3n para uso off-road adecuado para cualquier \u00e9poca del a\u00f1o ya que dispone de paneles de ventilaci\u00f3n ajustables que permitir\u00e1n regular la entrada de aire. Est\u00e1n confeccionados principalmente en poli\u00e9ster con algunas inserciones el\u00e1sticas para mayor flexibilidad e inserciones de piel vacuna una mayor resistencia a la abrasi\u00f3n. Incorpora protecciones compuestas ajustables y desmontables en las rodillas que pueden ser equipadas con protectores MX.<\/p>\n<p><strong>Caracter\u00edsticas<\/strong><\/p>\n<ul>\n<li>Corte regular<\/li>\n<li>Confeccionado en poli\u00e9ster con algunas inserciones el\u00e1sticas para mayor libertad de movimiento<\/li>\n<li>Inserciones de piel vacuna, totalmente lavable, para mayor resistencia a la abrasi\u00f3n<\/li>\n<li>Forro laminado de malla transpirable<\/li>\n<li>Paneles de ventilaci\u00f3n en la zona de los muslos para una \u00f3ptima circulaci\u00f3n del aire<\/li>\n<li>Protecciones compuestas ajustables y desmontables en la zona de las rodillas con certificaci\u00f3n est\u00e1ndar EN1621.1<\/li>\n<li>Pueden ser equipados con protectores MX (No incluidos)<\/li>\n<li>Cintura ajustable mediante correa de velcro<\/li>\n<li>Cierre microm\u00e9trico<\/li>\n<li>Homologaci\u00f3n EN 17092 de Clase A<\/li>\n<\/ul>\n<p>&nbsp;<\/p>\n","protected":false},"excerpt":{"rendered":"<p>Pantal\u00f3n para uso off-road adecuado para cualquier \u00e9poca del a\u00f1o ya que dispone de paneles de ventilaci\u00f3n ajustables que permitir\u00e1n regular la entrada de aire. Est\u00e1n confeccionados principalmente en poli\u00e9ster con algunas inserciones el\u00e1sticas para mayor flexibilidad e inserciones de piel vacuna una mayor resistencia a la abrasi\u00f3n.<\/p>\n","protected":false},"featured_media":13551,"comment_status":"open","ping_status":"closed","template":"","meta":{"_themeisle_gutenberg_block_has_review":false},"pwb-brand":[189],"product_brand":[],"product_cat":[61,736],"product_tag":[882,874,888],"class_list":{"0":"post-13544","1":"product","2":"type-product","3":"status-publish","4":"has-post-thumbnail","6":"pwb-brand-dainese","7":"product_cat-pantalones","8":"product_cat-todo-el-ano-pantalones","9":"product_tag-black-friday-30","10":"product_tag-dainese-invierno-20","11":"product_tag-rebajas-40","13":"first","14":"instock","15":"taxable","16":"shipping-taxable","17":"purchasable","18":"product-type-variable","19":"has-default-attributes"},"yoast_head":"<!-- This site is optimized with the Yoast SEO plugin v27.4 - https:\/\/yoast.com\/product\/yoast-seo-wordpress\/ -->\n<title>PANTALON DAINESE STERRATO TEX GRIS GLACIAR \/ AZUL - Boutique Francisco Belmonte<\/title>\n<meta name=\"description\" content=\"Pantal\u00f3n Dainese Sterrato Tex Gris Glaciar - Azul. Pantalones de moto Dainese en Murcia, Boutique Francisco Belmonte al mejor precio.\" \/>\n<meta name=\"robots\" content=\"index, follow, max-snippet:-1, max-image-preview:large, max-video-preview:-1\" \/>\n<link rel=\"canonical\" href=\"https:\/\/franciscobelmonte.com\/tienda\/pantalon-dainese-sterrato-tex-gris-glaciar-azul\/\" \/>\n<meta property=\"og:locale\" content=\"es_ES\" \/>\n<meta property=\"og:type\" content=\"article\" \/>\n<meta property=\"og:title\" content=\"PANTALON DAINESE STERRATO TEX GRIS GLACIAR \/ AZUL - Boutique Francisco Belmonte\" \/>\n<meta property=\"og:description\" content=\"Pantal\u00f3n Dainese Sterrato Tex Gris Glaciar - Azul. Pantalones de moto Dainese en Murcia, Boutique Francisco Belmonte al mejor precio.\" \/>\n<meta property=\"og:url\" content=\"https:\/\/franciscobelmonte.com\/tienda\/pantalon-dainese-sterrato-tex-gris-glaciar-azul\/\" \/>\n<meta property=\"og:site_name\" content=\"Boutique Francisco Belmonte\" \/>\n<meta property=\"article:publisher\" content=\"https:\/\/www.facebook.com\/motosfranciscobelmonte\" \/>\n<meta property=\"article:modified_time\" content=\"2026-01-09T11:19:49+00:00\" \/>\n<meta property=\"og:image\" content=\"https:\/\/franciscobelmonte.com\/tienda\/wp-content\/uploads\/2025\/03\/pantalon-dainese-sterrato_tex_gris-glaciar-azul.webp\" \/>\n\t<meta property=\"og:image:width\" content=\"800\" \/>\n\t<meta property=\"og:image:height\" content=\"800\" \/>\n\t<meta property=\"og:image:type\" content=\"image\/webp\" \/>\n<meta name=\"twitter:card\" content=\"summary_large_image\" \/>\n<meta name=\"twitter:label1\" content=\"Tiempo de lectura\" \/>\n\t<meta name=\"twitter:data1\" content=\"1 minuto\" \/>\n<script type=\"application\/ld+json\" class=\"yoast-schema-graph\">{\"@context\":\"https:\\\/\\\/schema.org\",\"@graph\":[{\"@type\":\"WebPage\",\"@id\":\"https:\\\/\\\/franciscobelmonte.com\\\/tienda\\\/pantalon-dainese-sterrato-tex-gris-glaciar-azul\\\/\",\"url\":\"https:\\\/\\\/franciscobelmonte.com\\\/tienda\\\/pantalon-dainese-sterrato-tex-gris-glaciar-azul\\\/\",\"name\":\"PANTALON DAINESE STERRATO TEX GRIS GLACIAR \\\/ AZUL - Boutique Francisco Belmonte\",\"isPartOf\":{\"@id\":\"https:\\\/\\\/franciscobelmonte.com\\\/tienda\\\/#website\"},\"primaryImageOfPage\":{\"@id\":\"https:\\\/\\\/franciscobelmonte.com\\\/tienda\\\/pantalon-dainese-sterrato-tex-gris-glaciar-azul\\\/#primaryimage\"},\"image\":{\"@id\":\"https:\\\/\\\/franciscobelmonte.com\\\/tienda\\\/pantalon-dainese-sterrato-tex-gris-glaciar-azul\\\/#primaryimage\"},\"thumbnailUrl\":\"https:\\\/\\\/franciscobelmonte.com\\\/tienda\\\/wp-content\\\/uploads\\\/2025\\\/03\\\/pantalon-dainese-sterrato_tex_gris-glaciar-azul.webp\",\"datePublished\":\"2025-03-17T11:58:29+00:00\",\"dateModified\":\"2026-01-09T11:19:49+00:00\",\"description\":\"Pantal\u00f3n Dainese Sterrato Tex Gris Glaciar - Azul. Pantalones de moto Dainese en Murcia, Boutique Francisco Belmonte al mejor precio.\",\"breadcrumb\":{\"@id\":\"https:\\\/\\\/franciscobelmonte.com\\\/tienda\\\/pantalon-dainese-sterrato-tex-gris-glaciar-azul\\\/#breadcrumb\"},\"inLanguage\":\"es\",\"potentialAction\":[{\"@type\":\"ReadAction\",\"target\":[\"https:\\\/\\\/franciscobelmonte.com\\\/tienda\\\/pantalon-dainese-sterrato-tex-gris-glaciar-azul\\\/\"]}]},{\"@type\":\"ImageObject\",\"inLanguage\":\"es\",\"@id\":\"https:\\\/\\\/franciscobelmonte.com\\\/tienda\\\/pantalon-dainese-sterrato-tex-gris-glaciar-azul\\\/#primaryimage\",\"url\":\"https:\\\/\\\/franciscobelmonte.com\\\/tienda\\\/wp-content\\\/uploads\\\/2025\\\/03\\\/pantalon-dainese-sterrato_tex_gris-glaciar-azul.webp\",\"contentUrl\":\"https:\\\/\\\/franciscobelmonte.com\\\/tienda\\\/wp-content\\\/uploads\\\/2025\\\/03\\\/pantalon-dainese-sterrato_tex_gris-glaciar-azul.webp\",\"width\":800,\"height\":800,\"caption\":\"pantalon dainese sterrato tex gris glaciar azul en murcia francisco belmonte\"},{\"@type\":\"BreadcrumbList\",\"@id\":\"https:\\\/\\\/franciscobelmonte.com\\\/tienda\\\/pantalon-dainese-sterrato-tex-gris-glaciar-azul\\\/#breadcrumb\",\"itemListElement\":[{\"@type\":\"ListItem\",\"position\":1,\"name\":\"Portada\",\"item\":\"https:\\\/\\\/franciscobelmonte.com\\\/tienda\\\/\"},{\"@type\":\"ListItem\",\"position\":2,\"name\":\"Tienda\",\"item\":\"https:\\\/\\\/franciscobelmonte.com\\\/tienda\\\/boutique-equipamiento-motero\\\/\"},{\"@type\":\"ListItem\",\"position\":3,\"name\":\"PANTALON DAINESE STERRATO TEX GRIS GLACIAR \\\/ AZUL\"}]},{\"@type\":\"WebSite\",\"@id\":\"https:\\\/\\\/franciscobelmonte.com\\\/tienda\\\/#website\",\"url\":\"https:\\\/\\\/franciscobelmonte.com\\\/tienda\\\/\",\"name\":\"Boutique Francisco Belmonte\",\"description\":\"Todo en complementos para motoristas\",\"publisher\":{\"@id\":\"https:\\\/\\\/franciscobelmonte.com\\\/tienda\\\/#organization\"},\"potentialAction\":[{\"@type\":\"SearchAction\",\"target\":{\"@type\":\"EntryPoint\",\"urlTemplate\":\"https:\\\/\\\/franciscobelmonte.com\\\/tienda\\\/?s={search_term_string}\"},\"query-input\":{\"@type\":\"PropertyValueSpecification\",\"valueRequired\":true,\"valueName\":\"search_term_string\"}}],\"inLanguage\":\"es\"},{\"@type\":\"Organization\",\"@id\":\"https:\\\/\\\/franciscobelmonte.com\\\/tienda\\\/#organization\",\"name\":\"Boutique Francisco Belmonte\",\"url\":\"https:\\\/\\\/franciscobelmonte.com\\\/tienda\\\/\",\"logo\":{\"@type\":\"ImageObject\",\"inLanguage\":\"es\",\"@id\":\"https:\\\/\\\/franciscobelmonte.com\\\/tienda\\\/#\\\/schema\\\/logo\\\/image\\\/\",\"url\":\"https:\\\/\\\/franciscobelmonte.com\\\/tienda\\\/wp-content\\\/uploads\\\/2021\\\/12\\\/Francisco-Belmonte-logo.png\",\"contentUrl\":\"https:\\\/\\\/franciscobelmonte.com\\\/tienda\\\/wp-content\\\/uploads\\\/2021\\\/12\\\/Francisco-Belmonte-logo.png\",\"width\":2153,\"height\":536,\"caption\":\"Boutique Francisco Belmonte\"},\"image\":{\"@id\":\"https:\\\/\\\/franciscobelmonte.com\\\/tienda\\\/#\\\/schema\\\/logo\\\/image\\\/\"},\"sameAs\":[\"https:\\\/\\\/www.facebook.com\\\/motosfranciscobelmonte\",\"https:\\\/\\\/www.instagram.com\\\/fco.belmonte\\\/\"]}]}<\/script>\n<!-- \/ Yoast SEO plugin. -->","yoast_head_json":{"title":"PANTALON DAINESE STERRATO TEX GRIS GLACIAR \/ AZUL - Boutique Francisco Belmonte","description":"Pantal\u00f3n Dainese Sterrato Tex Gris Glaciar - Azul. Pantalones de moto Dainese en Murcia, Boutique Francisco Belmonte al mejor precio.","robots":{"index":"index","follow":"follow","max-snippet":"max-snippet:-1","max-image-preview":"max-image-preview:large","max-video-preview":"max-video-preview:-1"},"canonical":"https:\/\/franciscobelmonte.com\/tienda\/pantalon-dainese-sterrato-tex-gris-glaciar-azul\/","og_locale":"es_ES","og_type":"article","og_title":"PANTALON DAINESE STERRATO TEX GRIS GLACIAR \/ AZUL - Boutique Francisco Belmonte","og_description":"Pantal\u00f3n Dainese Sterrato Tex Gris Glaciar - Azul. Pantalones de moto Dainese en Murcia, Boutique Francisco Belmonte al mejor precio.","og_url":"https:\/\/franciscobelmonte.com\/tienda\/pantalon-dainese-sterrato-tex-gris-glaciar-azul\/","og_site_name":"Boutique Francisco Belmonte","article_publisher":"https:\/\/www.facebook.com\/motosfranciscobelmonte","article_modified_time":"2026-01-09T11:19:49+00:00","og_image":[{"width":800,"height":800,"url":"https:\/\/franciscobelmonte.com\/tienda\/wp-content\/uploads\/2025\/03\/pantalon-dainese-sterrato_tex_gris-glaciar-azul.webp","type":"image\/webp"}],"twitter_card":"summary_large_image","twitter_misc":{"Tiempo de lectura":"1 minuto"},"schema":{"@context":"https:\/\/schema.org","@graph":[{"@type":"WebPage","@id":"https:\/\/franciscobelmonte.com\/tienda\/pantalon-dainese-sterrato-tex-gris-glaciar-azul\/","url":"https:\/\/franciscobelmonte.com\/tienda\/pantalon-dainese-sterrato-tex-gris-glaciar-azul\/","name":"PANTALON DAINESE STERRATO TEX GRIS GLACIAR \/ AZUL - Boutique Francisco Belmonte","isPartOf":{"@id":"https:\/\/franciscobelmonte.com\/tienda\/#website"},"primaryImageOfPage":{"@id":"https:\/\/franciscobelmonte.com\/tienda\/pantalon-dainese-sterrato-tex-gris-glaciar-azul\/#primaryimage"},"image":{"@id":"https:\/\/franciscobelmonte.com\/tienda\/pantalon-dainese-sterrato-tex-gris-glaciar-azul\/#primaryimage"},"thumbnailUrl":"https:\/\/franciscobelmonte.com\/tienda\/wp-content\/uploads\/2025\/03\/pantalon-dainese-sterrato_tex_gris-glaciar-azul.webp","datePublished":"2025-03-17T11:58:29+00:00","dateModified":"2026-01-09T11:19:49+00:00","description":"Pantal\u00f3n Dainese Sterrato Tex Gris Glaciar - Azul. Pantalones de moto Dainese en Murcia, Boutique Francisco Belmonte al mejor precio.","breadcrumb":{"@id":"https:\/\/franciscobelmonte.com\/tienda\/pantalon-dainese-sterrato-tex-gris-glaciar-azul\/#breadcrumb"},"inLanguage":"es","potentialAction":[{"@type":"ReadAction","target":["https:\/\/franciscobelmonte.com\/tienda\/pantalon-dainese-sterrato-tex-gris-glaciar-azul\/"]}]},{"@type":"ImageObject","inLanguage":"es","@id":"https:\/\/franciscobelmonte.com\/tienda\/pantalon-dainese-sterrato-tex-gris-glaciar-azul\/#primaryimage","url":"https:\/\/franciscobelmonte.com\/tienda\/wp-content\/uploads\/2025\/03\/pantalon-dainese-sterrato_tex_gris-glaciar-azul.webp","contentUrl":"https:\/\/franciscobelmonte.com\/tienda\/wp-content\/uploads\/2025\/03\/pantalon-dainese-sterrato_tex_gris-glaciar-azul.webp","width":800,"height":800,"caption":"pantalon dainese sterrato tex gris glaciar azul en murcia francisco belmonte"},{"@type":"BreadcrumbList","@id":"https:\/\/franciscobelmonte.com\/tienda\/pantalon-dainese-sterrato-tex-gris-glaciar-azul\/#breadcrumb","itemListElement":[{"@type":"ListItem","position":1,"name":"Portada","item":"https:\/\/franciscobelmonte.com\/tienda\/"},{"@type":"ListItem","position":2,"name":"Tienda","item":"https:\/\/franciscobelmonte.com\/tienda\/boutique-equipamiento-motero\/"},{"@type":"ListItem","position":3,"name":"PANTALON DAINESE STERRATO TEX GRIS GLACIAR \/ AZUL"}]},{"@type":"WebSite","@id":"https:\/\/franciscobelmonte.com\/tienda\/#website","url":"https:\/\/franciscobelmonte.com\/tienda\/","name":"Boutique Francisco Belmonte","description":"Todo en complementos para motoristas","publisher":{"@id":"https:\/\/franciscobelmonte.com\/tienda\/#organization"},"potentialAction":[{"@type":"SearchAction","target":{"@type":"EntryPoint","urlTemplate":"https:\/\/franciscobelmonte.com\/tienda\/?s={search_term_string}"},"query-input":{"@type":"PropertyValueSpecification","valueRequired":true,"valueName":"search_term_string"}}],"inLanguage":"es"},{"@type":"Organization","@id":"https:\/\/franciscobelmonte.com\/tienda\/#organization","name":"Boutique Francisco Belmonte","url":"https:\/\/franciscobelmonte.com\/tienda\/","logo":{"@type":"ImageObject","inLanguage":"es","@id":"https:\/\/franciscobelmonte.com\/tienda\/#\/schema\/logo\/image\/","url":"https:\/\/franciscobelmonte.com\/tienda\/wp-content\/uploads\/2021\/12\/Francisco-Belmonte-logo.png","contentUrl":"https:\/\/franciscobelmonte.com\/tienda\/wp-content\/uploads\/2021\/12\/Francisco-Belmonte-logo.png","width":2153,"height":536,"caption":"Boutique Francisco Belmonte"},"image":{"@id":"https:\/\/franciscobelmonte.com\/tienda\/#\/schema\/logo\/image\/"},"sameAs":["https:\/\/www.facebook.com\/motosfranciscobelmonte","https:\/\/www.instagram.com\/fco.belmonte\/"]}]}},"jetpack_sharing_enabled":true,"brands":[{"id":189,"name":"Dainese","slug":"dainese"}],"_links":{"self":[{"href":"https:\/\/franciscobelmonte.com\/tienda\/wp-json\/wp\/v2\/product\/13544","targetHints":{"allow":["GET"]}}],"collection":[{"href":"https:\/\/franciscobelmonte.com\/tienda\/wp-json\/wp\/v2\/product"}],"about":[{"href":"https:\/\/franciscobelmonte.com\/tienda\/wp-json\/wp\/v2\/types\/product"}],"replies":[{"embeddable":true,"href":"https:\/\/franciscobelmonte.com\/tienda\/wp-json\/wp\/v2\/comments?post=13544"}],"wp:featuredmedia":[{"embeddable":true,"href":"https:\/\/franciscobelmonte.com\/tienda\/wp-json\/wp\/v2\/media\/13551"}],"wp:attachment":[{"href":"https:\/\/franciscobelmonte.com\/tienda\/wp-json\/wp\/v2\/media?parent=13544"}],"wp:term":[{"taxonomy":"pwb-brand","embeddable":true,"href":"https:\/\/franciscobelmonte.com\/tienda\/wp-json\/wp\/v2\/pwb-brand?post=13544"},{"taxonomy":"product_brand","embeddable":true,"href":"https:\/\/franciscobelmonte.com\/tienda\/wp-json\/wp\/v2\/product_brand?post=13544"},{"taxonomy":"product_cat","embeddable":true,"href":"https:\/\/franciscobelmonte.com\/tienda\/wp-json\/wp\/v2\/product_cat?post=13544"},{"taxonomy":"product_tag","embeddable":true,"href":"https:\/\/franciscobelmonte.com\/tienda\/wp-json\/wp\/v2\/product_tag?post=13544"}],"curies":[{"name":"wp","href":"https:\/\/api.w.org\/{rel}","templated":true}]}}