{"id":13554,"date":"2025-03-18T17:45:36","date_gmt":"2025-03-18T15:45:36","guid":{"rendered":"https:\/\/franciscobelmonte.com\/tienda\/?post_type=product&#038;p=13554"},"modified":"2026-02-06T09:07:12","modified_gmt":"2026-02-06T07:07:12","slug":"chaqueta-dainese-herosphere-air-tex-mujer-black-white-peach","status":"publish","type":"product","link":"https:\/\/franciscobelmonte.com\/tienda\/chaqueta-dainese-herosphere-air-tex-mujer-black-white-peach\/","title":{"rendered":"CHAQUETA DAINESE HEROSPHERE AIR TEX MUJER BLACK \/ WHITE \/ PEACH"},"content":{"rendered":"<h1>Chaqueta Dainese Herosphere Air Tex Mujer Black \/ White \/ Peach<\/h1>\n<p>Chaqueta sport para mujer perfecta para verano debido a su alta transpirabilidad. Ofrece un alto nivel de confort en climas c\u00e1lidos ya que est\u00e1 confeccionada con malla transpirable. Incorpora protecciones desmontables Pro-Armor en codos y hombros que aportan mayor protecci\u00f3n ante impactos y bolsillos para montar protector dorsal y pectoral (no incluidos). Cremallera de conexi\u00f3n chaqueta-pantal\u00f3n. cierre mediante cremallera delantera.<\/p>\n<p><strong>Caracter\u00edsticas<\/strong><\/p>\n<ul>\n<li>Confeccionada en malla ligera, resistente y de alta transpirabilidad<\/li>\n<li>Protecciones desmontables Pro-Armor en la zona de los hombros y codos con certificaci\u00f3n EN1621.1 de Nivel 1<\/li>\n<li>Predisposici\u00f3n para montar protector dorsal G1 y G2 (no incluido)<\/li>\n<li>Cadera y pu\u00f1os ajustables<\/li>\n<li>Cuello sueave para mayor confort<\/li>\n<li>1 bolsillo interior impermeable<\/li>\n<li>2 bolsillos exteriores<\/li>\n<li>Cremallera de conexi\u00f3n chaqueta-pantal\u00f3n<\/li>\n<li>Cierre mediante cremallera delantera<\/li>\n<li>Inserciones reflectantes para mayor visibilidad nocturna o en condiciones de poca luz<\/li>\n<li>Homologaci\u00f3n EN17092 de Clase A<\/li>\n<\/ul>\n<p>&nbsp;<\/p>\n","protected":false},"excerpt":{"rendered":"<p>Chaqueta sport para mujer perfecta para verano debido a su alta transpirabilidad. Ofrece un alto nivel de confort en climas c\u00e1lidos ya que est\u00e1 confeccionada con malla transpirable. Incorpora protecciones desmontables Pro-Armor en codos y hombros que aportan mayor protecci\u00f3n ante impactos y bolsillos para montar protector dorsal y pectoral (no incluidos).<\/p>\n","protected":false},"featured_media":13567,"comment_status":"open","ping_status":"closed","template":"","meta":{"_themeisle_gutenberg_block_has_review":false},"pwb-brand":[189],"product_brand":[],"product_cat":[46,344],"product_tag":[874,888],"class_list":{"0":"post-13554","1":"product","2":"type-product","3":"status-publish","4":"has-post-thumbnail","6":"pwb-brand-dainese","7":"product_cat-chaquetas-de-moto","8":"product_cat-todo-el-ano","9":"product_tag-dainese-invierno-20","10":"product_tag-rebajas-40","12":"first","13":"instock","14":"taxable","15":"shipping-taxable","16":"purchasable","17":"product-type-variable","18":"has-default-attributes"},"yoast_head":"<!-- This site is optimized with the Yoast SEO plugin v27.5 - https:\/\/yoast.com\/product\/yoast-seo-wordpress\/ -->\n<title>CHAQUETA DAINESE HEROSPHERE AIR TEX MUJER BLACK \/ WHITE \/ PEACH - Boutique Francisco Belmonte<\/title>\n<meta name=\"description\" content=\"Chaqueta Dainese Herosphere Air Tex Mujer Blanck-White-Peach. Chaquetas de moto Dainese en Murcia, Francisco Belmonte al mejor precio.\" \/>\n<meta name=\"robots\" content=\"index, follow, max-snippet:-1, max-image-preview:large, max-video-preview:-1\" \/>\n<link rel=\"canonical\" href=\"https:\/\/franciscobelmonte.com\/tienda\/chaqueta-dainese-herosphere-air-tex-mujer-black-white-peach\/\" \/>\n<meta property=\"og:locale\" content=\"es_ES\" \/>\n<meta property=\"og:type\" content=\"article\" \/>\n<meta property=\"og:title\" content=\"CHAQUETA DAINESE HEROSPHERE AIR TEX MUJER BLACK \/ WHITE \/ PEACH - Boutique Francisco Belmonte\" \/>\n<meta property=\"og:description\" content=\"Chaqueta Dainese Herosphere Air Tex Mujer Blanck-White-Peach. Chaquetas de moto Dainese en Murcia, Francisco Belmonte al mejor precio.\" \/>\n<meta property=\"og:url\" content=\"https:\/\/franciscobelmonte.com\/tienda\/chaqueta-dainese-herosphere-air-tex-mujer-black-white-peach\/\" \/>\n<meta property=\"og:site_name\" content=\"Boutique Francisco Belmonte\" \/>\n<meta property=\"article:publisher\" content=\"https:\/\/www.facebook.com\/motosfranciscobelmonte\" \/>\n<meta property=\"article:modified_time\" content=\"2026-02-06T07:07:12+00:00\" \/>\n<meta property=\"og:image\" content=\"https:\/\/franciscobelmonte.com\/tienda\/wp-content\/uploads\/2025\/03\/chaqueta-dainese-herosphere_air_tex_lady_black_white.webp\" \/>\n\t<meta property=\"og:image:width\" content=\"800\" \/>\n\t<meta property=\"og:image:height\" content=\"800\" \/>\n\t<meta property=\"og:image:type\" content=\"image\/webp\" \/>\n<meta name=\"twitter:card\" content=\"summary_large_image\" \/>\n<meta name=\"twitter:label1\" content=\"Tiempo de lectura\" \/>\n\t<meta name=\"twitter:data1\" content=\"1 minuto\" \/>\n<script type=\"application\/ld+json\" class=\"yoast-schema-graph\">{\"@context\":\"https:\\\/\\\/schema.org\",\"@graph\":[{\"@type\":\"WebPage\",\"@id\":\"https:\\\/\\\/franciscobelmonte.com\\\/tienda\\\/chaqueta-dainese-herosphere-air-tex-mujer-black-white-peach\\\/\",\"url\":\"https:\\\/\\\/franciscobelmonte.com\\\/tienda\\\/chaqueta-dainese-herosphere-air-tex-mujer-black-white-peach\\\/\",\"name\":\"CHAQUETA DAINESE HEROSPHERE AIR TEX MUJER BLACK \\\/ WHITE \\\/ PEACH - Boutique Francisco Belmonte\",\"isPartOf\":{\"@id\":\"https:\\\/\\\/franciscobelmonte.com\\\/tienda\\\/#website\"},\"primaryImageOfPage\":{\"@id\":\"https:\\\/\\\/franciscobelmonte.com\\\/tienda\\\/chaqueta-dainese-herosphere-air-tex-mujer-black-white-peach\\\/#primaryimage\"},\"image\":{\"@id\":\"https:\\\/\\\/franciscobelmonte.com\\\/tienda\\\/chaqueta-dainese-herosphere-air-tex-mujer-black-white-peach\\\/#primaryimage\"},\"thumbnailUrl\":\"https:\\\/\\\/franciscobelmonte.com\\\/tienda\\\/wp-content\\\/uploads\\\/2025\\\/03\\\/chaqueta-dainese-herosphere_air_tex_lady_black_white.webp\",\"datePublished\":\"2025-03-18T15:45:36+00:00\",\"dateModified\":\"2026-02-06T07:07:12+00:00\",\"description\":\"Chaqueta Dainese Herosphere Air Tex Mujer Blanck-White-Peach. Chaquetas de moto Dainese en Murcia, Francisco Belmonte al mejor precio.\",\"breadcrumb\":{\"@id\":\"https:\\\/\\\/franciscobelmonte.com\\\/tienda\\\/chaqueta-dainese-herosphere-air-tex-mujer-black-white-peach\\\/#breadcrumb\"},\"inLanguage\":\"es\",\"potentialAction\":[{\"@type\":\"ReadAction\",\"target\":[\"https:\\\/\\\/franciscobelmonte.com\\\/tienda\\\/chaqueta-dainese-herosphere-air-tex-mujer-black-white-peach\\\/\"]}]},{\"@type\":\"ImageObject\",\"inLanguage\":\"es\",\"@id\":\"https:\\\/\\\/franciscobelmonte.com\\\/tienda\\\/chaqueta-dainese-herosphere-air-tex-mujer-black-white-peach\\\/#primaryimage\",\"url\":\"https:\\\/\\\/franciscobelmonte.com\\\/tienda\\\/wp-content\\\/uploads\\\/2025\\\/03\\\/chaqueta-dainese-herosphere_air_tex_lady_black_white.webp\",\"contentUrl\":\"https:\\\/\\\/franciscobelmonte.com\\\/tienda\\\/wp-content\\\/uploads\\\/2025\\\/03\\\/chaqueta-dainese-herosphere_air_tex_lady_black_white.webp\",\"width\":800,\"height\":800,\"caption\":\"chaqueta dainese herosphere air tex lady black-white-peach en murcia francisco belmonte\"},{\"@type\":\"BreadcrumbList\",\"@id\":\"https:\\\/\\\/franciscobelmonte.com\\\/tienda\\\/chaqueta-dainese-herosphere-air-tex-mujer-black-white-peach\\\/#breadcrumb\",\"itemListElement\":[{\"@type\":\"ListItem\",\"position\":1,\"name\":\"Portada\",\"item\":\"https:\\\/\\\/franciscobelmonte.com\\\/tienda\\\/\"},{\"@type\":\"ListItem\",\"position\":2,\"name\":\"Tienda\",\"item\":\"https:\\\/\\\/franciscobelmonte.com\\\/tienda\\\/boutique-equipamiento-motero\\\/\"},{\"@type\":\"ListItem\",\"position\":3,\"name\":\"CHAQUETA DAINESE HEROSPHERE AIR TEX MUJER BLACK \\\/ WHITE \\\/ PEACH\"}]},{\"@type\":\"WebSite\",\"@id\":\"https:\\\/\\\/franciscobelmonte.com\\\/tienda\\\/#website\",\"url\":\"https:\\\/\\\/franciscobelmonte.com\\\/tienda\\\/\",\"name\":\"Boutique Francisco Belmonte\",\"description\":\"Todo en complementos para motoristas\",\"publisher\":{\"@id\":\"https:\\\/\\\/franciscobelmonte.com\\\/tienda\\\/#organization\"},\"potentialAction\":[{\"@type\":\"SearchAction\",\"target\":{\"@type\":\"EntryPoint\",\"urlTemplate\":\"https:\\\/\\\/franciscobelmonte.com\\\/tienda\\\/?s={search_term_string}\"},\"query-input\":{\"@type\":\"PropertyValueSpecification\",\"valueRequired\":true,\"valueName\":\"search_term_string\"}}],\"inLanguage\":\"es\"},{\"@type\":\"Organization\",\"@id\":\"https:\\\/\\\/franciscobelmonte.com\\\/tienda\\\/#organization\",\"name\":\"Boutique Francisco Belmonte\",\"url\":\"https:\\\/\\\/franciscobelmonte.com\\\/tienda\\\/\",\"logo\":{\"@type\":\"ImageObject\",\"inLanguage\":\"es\",\"@id\":\"https:\\\/\\\/franciscobelmonte.com\\\/tienda\\\/#\\\/schema\\\/logo\\\/image\\\/\",\"url\":\"https:\\\/\\\/franciscobelmonte.com\\\/tienda\\\/wp-content\\\/uploads\\\/2021\\\/12\\\/Francisco-Belmonte-logo.png\",\"contentUrl\":\"https:\\\/\\\/franciscobelmonte.com\\\/tienda\\\/wp-content\\\/uploads\\\/2021\\\/12\\\/Francisco-Belmonte-logo.png\",\"width\":2153,\"height\":536,\"caption\":\"Boutique Francisco Belmonte\"},\"image\":{\"@id\":\"https:\\\/\\\/franciscobelmonte.com\\\/tienda\\\/#\\\/schema\\\/logo\\\/image\\\/\"},\"sameAs\":[\"https:\\\/\\\/www.facebook.com\\\/motosfranciscobelmonte\",\"https:\\\/\\\/www.instagram.com\\\/fco.belmonte\\\/\"]}]}<\/script>\n<!-- \/ Yoast SEO plugin. -->","yoast_head_json":{"title":"CHAQUETA DAINESE HEROSPHERE AIR TEX MUJER BLACK \/ WHITE \/ PEACH - Boutique Francisco Belmonte","description":"Chaqueta Dainese Herosphere Air Tex Mujer Blanck-White-Peach. Chaquetas de moto Dainese en Murcia, Francisco Belmonte al mejor precio.","robots":{"index":"index","follow":"follow","max-snippet":"max-snippet:-1","max-image-preview":"max-image-preview:large","max-video-preview":"max-video-preview:-1"},"canonical":"https:\/\/franciscobelmonte.com\/tienda\/chaqueta-dainese-herosphere-air-tex-mujer-black-white-peach\/","og_locale":"es_ES","og_type":"article","og_title":"CHAQUETA DAINESE HEROSPHERE AIR TEX MUJER BLACK \/ WHITE \/ PEACH - Boutique Francisco Belmonte","og_description":"Chaqueta Dainese Herosphere Air Tex Mujer Blanck-White-Peach. Chaquetas de moto Dainese en Murcia, Francisco Belmonte al mejor precio.","og_url":"https:\/\/franciscobelmonte.com\/tienda\/chaqueta-dainese-herosphere-air-tex-mujer-black-white-peach\/","og_site_name":"Boutique Francisco Belmonte","article_publisher":"https:\/\/www.facebook.com\/motosfranciscobelmonte","article_modified_time":"2026-02-06T07:07:12+00:00","og_image":[{"width":800,"height":800,"url":"https:\/\/franciscobelmonte.com\/tienda\/wp-content\/uploads\/2025\/03\/chaqueta-dainese-herosphere_air_tex_lady_black_white.webp","type":"image\/webp"}],"twitter_card":"summary_large_image","twitter_misc":{"Tiempo de lectura":"1 minuto"},"schema":{"@context":"https:\/\/schema.org","@graph":[{"@type":"WebPage","@id":"https:\/\/franciscobelmonte.com\/tienda\/chaqueta-dainese-herosphere-air-tex-mujer-black-white-peach\/","url":"https:\/\/franciscobelmonte.com\/tienda\/chaqueta-dainese-herosphere-air-tex-mujer-black-white-peach\/","name":"CHAQUETA DAINESE HEROSPHERE AIR TEX MUJER BLACK \/ WHITE \/ PEACH - Boutique Francisco Belmonte","isPartOf":{"@id":"https:\/\/franciscobelmonte.com\/tienda\/#website"},"primaryImageOfPage":{"@id":"https:\/\/franciscobelmonte.com\/tienda\/chaqueta-dainese-herosphere-air-tex-mujer-black-white-peach\/#primaryimage"},"image":{"@id":"https:\/\/franciscobelmonte.com\/tienda\/chaqueta-dainese-herosphere-air-tex-mujer-black-white-peach\/#primaryimage"},"thumbnailUrl":"https:\/\/franciscobelmonte.com\/tienda\/wp-content\/uploads\/2025\/03\/chaqueta-dainese-herosphere_air_tex_lady_black_white.webp","datePublished":"2025-03-18T15:45:36+00:00","dateModified":"2026-02-06T07:07:12+00:00","description":"Chaqueta Dainese Herosphere Air Tex Mujer Blanck-White-Peach. Chaquetas de moto Dainese en Murcia, Francisco Belmonte al mejor precio.","breadcrumb":{"@id":"https:\/\/franciscobelmonte.com\/tienda\/chaqueta-dainese-herosphere-air-tex-mujer-black-white-peach\/#breadcrumb"},"inLanguage":"es","potentialAction":[{"@type":"ReadAction","target":["https:\/\/franciscobelmonte.com\/tienda\/chaqueta-dainese-herosphere-air-tex-mujer-black-white-peach\/"]}]},{"@type":"ImageObject","inLanguage":"es","@id":"https:\/\/franciscobelmonte.com\/tienda\/chaqueta-dainese-herosphere-air-tex-mujer-black-white-peach\/#primaryimage","url":"https:\/\/franciscobelmonte.com\/tienda\/wp-content\/uploads\/2025\/03\/chaqueta-dainese-herosphere_air_tex_lady_black_white.webp","contentUrl":"https:\/\/franciscobelmonte.com\/tienda\/wp-content\/uploads\/2025\/03\/chaqueta-dainese-herosphere_air_tex_lady_black_white.webp","width":800,"height":800,"caption":"chaqueta dainese herosphere air tex lady black-white-peach en murcia francisco belmonte"},{"@type":"BreadcrumbList","@id":"https:\/\/franciscobelmonte.com\/tienda\/chaqueta-dainese-herosphere-air-tex-mujer-black-white-peach\/#breadcrumb","itemListElement":[{"@type":"ListItem","position":1,"name":"Portada","item":"https:\/\/franciscobelmonte.com\/tienda\/"},{"@type":"ListItem","position":2,"name":"Tienda","item":"https:\/\/franciscobelmonte.com\/tienda\/boutique-equipamiento-motero\/"},{"@type":"ListItem","position":3,"name":"CHAQUETA DAINESE HEROSPHERE AIR TEX MUJER BLACK \/ WHITE \/ PEACH"}]},{"@type":"WebSite","@id":"https:\/\/franciscobelmonte.com\/tienda\/#website","url":"https:\/\/franciscobelmonte.com\/tienda\/","name":"Boutique Francisco Belmonte","description":"Todo en complementos para motoristas","publisher":{"@id":"https:\/\/franciscobelmonte.com\/tienda\/#organization"},"potentialAction":[{"@type":"SearchAction","target":{"@type":"EntryPoint","urlTemplate":"https:\/\/franciscobelmonte.com\/tienda\/?s={search_term_string}"},"query-input":{"@type":"PropertyValueSpecification","valueRequired":true,"valueName":"search_term_string"}}],"inLanguage":"es"},{"@type":"Organization","@id":"https:\/\/franciscobelmonte.com\/tienda\/#organization","name":"Boutique Francisco Belmonte","url":"https:\/\/franciscobelmonte.com\/tienda\/","logo":{"@type":"ImageObject","inLanguage":"es","@id":"https:\/\/franciscobelmonte.com\/tienda\/#\/schema\/logo\/image\/","url":"https:\/\/franciscobelmonte.com\/tienda\/wp-content\/uploads\/2021\/12\/Francisco-Belmonte-logo.png","contentUrl":"https:\/\/franciscobelmonte.com\/tienda\/wp-content\/uploads\/2021\/12\/Francisco-Belmonte-logo.png","width":2153,"height":536,"caption":"Boutique Francisco Belmonte"},"image":{"@id":"https:\/\/franciscobelmonte.com\/tienda\/#\/schema\/logo\/image\/"},"sameAs":["https:\/\/www.facebook.com\/motosfranciscobelmonte","https:\/\/www.instagram.com\/fco.belmonte\/"]}]}},"jetpack_sharing_enabled":true,"brands":[{"id":189,"name":"Dainese","slug":"dainese"}],"_links":{"self":[{"href":"https:\/\/franciscobelmonte.com\/tienda\/wp-json\/wp\/v2\/product\/13554","targetHints":{"allow":["GET"]}}],"collection":[{"href":"https:\/\/franciscobelmonte.com\/tienda\/wp-json\/wp\/v2\/product"}],"about":[{"href":"https:\/\/franciscobelmonte.com\/tienda\/wp-json\/wp\/v2\/types\/product"}],"replies":[{"embeddable":true,"href":"https:\/\/franciscobelmonte.com\/tienda\/wp-json\/wp\/v2\/comments?post=13554"}],"wp:featuredmedia":[{"embeddable":true,"href":"https:\/\/franciscobelmonte.com\/tienda\/wp-json\/wp\/v2\/media\/13567"}],"wp:attachment":[{"href":"https:\/\/franciscobelmonte.com\/tienda\/wp-json\/wp\/v2\/media?parent=13554"}],"wp:term":[{"taxonomy":"pwb-brand","embeddable":true,"href":"https:\/\/franciscobelmonte.com\/tienda\/wp-json\/wp\/v2\/pwb-brand?post=13554"},{"taxonomy":"product_brand","embeddable":true,"href":"https:\/\/franciscobelmonte.com\/tienda\/wp-json\/wp\/v2\/product_brand?post=13554"},{"taxonomy":"product_cat","embeddable":true,"href":"https:\/\/franciscobelmonte.com\/tienda\/wp-json\/wp\/v2\/product_cat?post=13554"},{"taxonomy":"product_tag","embeddable":true,"href":"https:\/\/franciscobelmonte.com\/tienda\/wp-json\/wp\/v2\/product_tag?post=13554"}],"curies":[{"name":"wp","href":"https:\/\/api.w.org\/{rel}","templated":true}]}}