{"id":1369,"date":"2022-03-02T17:36:16","date_gmt":"2022-03-02T17:36:16","guid":{"rendered":"https:\/\/franciscobelmonte.com\/?post_type=product&#038;p=1369"},"modified":"2026-01-03T11:58:35","modified_gmt":"2026-01-03T09:58:35","slug":"tucano-urbano-pelette-2g-lady-negro","status":"publish","type":"product","link":"https:\/\/franciscobelmonte.com\/tienda\/tucano-urbano-pelette-2g-lady-negro\/","title":{"rendered":"CHAQUETA TUCANO URBANO PELETTE 2G LADY NEGRO"},"content":{"rendered":"<h1>Chaqueta Tucano Urbano Pelette 2G Lady Negro<\/h1>\n<p><strong>Chaqueta de piel Tucano Urbano Pelette 2G Lady Negro, <\/strong>chaqueta de corte cl\u00e1sico con patronaje de mujer, confeccionada en cuero de cabra. Cuenta con protecciones con certificaci\u00f3n CE en hombros y codos, inserciones acolchadas en hombros y codos y sistema de enganche chaqueta &#8211; pantal\u00f3n.<\/p>\n<p><strong>Caracter\u00edsticas principales<\/strong><\/p>\n<ul>\n<li>Exterior confeccionado en cuero de cabra muy resistente a la abrasi\u00f3n.<\/li>\n<li>Forro interior confeccionado en malla de poli\u00e9ster.<\/li>\n<li>Inserciones acolchadas en hombros y codos.<\/li>\n<li>Sistema COMFORT PROTECTION: Protecciones CE &#8211; Nivel 1 en codos y hombros.<\/li>\n<li>Predisposici\u00f3n para instalar un protector en la espalda (no incluido).<\/li>\n<li>Pu\u00f1os, cuello y cintura regulables.<\/li>\n<li>Sistema de enganche chaqueta &#8211; pantal\u00f3n.<\/li>\n<li>Cremalleras externas resistentes al agua.<\/li>\n<li>2 Bolsillos exteriores con cremallera.<\/li>\n<li>Bolsillos interiores.<\/li>\n<li>Chaqueta certificada seg\u00fan la normativa CE &#8211; Clase A prEN 17092.<\/li>\n<\/ul>\n<p>&nbsp;<\/p>\n","protected":false},"excerpt":{"rendered":"<p>Chaqueta de corte cl\u00e1sico con patronaje de mujer, confeccionada en cuero de cabra. Cuenta con protecciones con certificaci\u00f3n CE en hombros y codos, inserciones acolchadas en hombros y codos y sistema de enganche chaqueta &#8211; pantal\u00f3n.<\/p>\n","protected":false},"featured_media":1376,"comment_status":"open","ping_status":"closed","template":"","meta":{"_themeisle_gutenberg_block_has_review":false},"pwb-brand":[208],"product_brand":[],"product_cat":[46,138,136],"product_tag":[865,888,850],"class_list":{"0":"post-1369","1":"product","2":"type-product","3":"status-publish","4":"has-post-thumbnail","6":"pwb-brand-tucano-urbano","7":"product_cat-chaquetas-de-moto","8":"product_cat-chaquetas-de-moto-piel","9":"product_cat-chaqueta-de-moto-verano","10":"product_tag-865","11":"product_tag-rebajas-40","12":"product_tag-rebajas-ropa-verano-20","14":"first","15":"instock","16":"sale","17":"taxable","18":"shipping-taxable","19":"purchasable","20":"product-type-variable","21":"has-default-attributes"},"yoast_head":"<!-- This site is optimized with the Yoast SEO plugin v27.4 - https:\/\/yoast.com\/product\/yoast-seo-wordpress\/ -->\n<title>CHAQUETA TUCANO URBANO PELETTE 2G LADY NEGRO - Boutique Francisco Belmonte<\/title>\n<meta name=\"description\" content=\"Chaqueta Tucano Urbano Pelette 2G Lady negro. Puedes descubrirla y prob\u00e1rtela en nuestra Boutique Francisco Belmonte en Murcia.\" \/>\n<meta name=\"robots\" content=\"index, follow, max-snippet:-1, max-image-preview:large, max-video-preview:-1\" \/>\n<link rel=\"canonical\" href=\"https:\/\/franciscobelmonte.com\/tienda\/tucano-urbano-pelette-2g-lady-negro\/\" \/>\n<meta property=\"og:locale\" content=\"es_ES\" \/>\n<meta property=\"og:type\" content=\"article\" \/>\n<meta property=\"og:title\" content=\"CHAQUETA TUCANO URBANO PELETTE 2G LADY NEGRO - Boutique Francisco Belmonte\" \/>\n<meta property=\"og:description\" content=\"Chaqueta Tucano Urbano Pelette 2G Lady negro. Puedes descubrirla y prob\u00e1rtela en nuestra Boutique Francisco Belmonte en Murcia.\" \/>\n<meta property=\"og:url\" content=\"https:\/\/franciscobelmonte.com\/tienda\/tucano-urbano-pelette-2g-lady-negro\/\" \/>\n<meta property=\"og:site_name\" content=\"Boutique Francisco Belmonte\" \/>\n<meta property=\"article:publisher\" content=\"https:\/\/www.facebook.com\/motosfranciscobelmonte\" \/>\n<meta property=\"article:modified_time\" content=\"2026-01-03T09:58:35+00:00\" \/>\n<meta property=\"og:image\" content=\"https:\/\/franciscobelmonte.com\/tienda\/wp-content\/uploads\/2022\/03\/chaqueta-tucano-urbano-pelette-2g-lady-negro.jpg\" \/>\n\t<meta property=\"og:image:width\" content=\"800\" \/>\n\t<meta property=\"og:image:height\" content=\"800\" \/>\n\t<meta property=\"og:image:type\" content=\"image\/jpeg\" \/>\n<meta name=\"twitter:card\" content=\"summary_large_image\" \/>\n<meta name=\"twitter:label1\" content=\"Tiempo de lectura\" \/>\n\t<meta name=\"twitter:data1\" content=\"1 minuto\" \/>\n<script type=\"application\/ld+json\" class=\"yoast-schema-graph\">{\"@context\":\"https:\\\/\\\/schema.org\",\"@graph\":[{\"@type\":\"WebPage\",\"@id\":\"https:\\\/\\\/franciscobelmonte.com\\\/tienda\\\/tucano-urbano-pelette-2g-lady-negro\\\/\",\"url\":\"https:\\\/\\\/franciscobelmonte.com\\\/tienda\\\/tucano-urbano-pelette-2g-lady-negro\\\/\",\"name\":\"CHAQUETA TUCANO URBANO PELETTE 2G LADY NEGRO - Boutique Francisco Belmonte\",\"isPartOf\":{\"@id\":\"https:\\\/\\\/franciscobelmonte.com\\\/tienda\\\/#website\"},\"primaryImageOfPage\":{\"@id\":\"https:\\\/\\\/franciscobelmonte.com\\\/tienda\\\/tucano-urbano-pelette-2g-lady-negro\\\/#primaryimage\"},\"image\":{\"@id\":\"https:\\\/\\\/franciscobelmonte.com\\\/tienda\\\/tucano-urbano-pelette-2g-lady-negro\\\/#primaryimage\"},\"thumbnailUrl\":\"https:\\\/\\\/franciscobelmonte.com\\\/tienda\\\/wp-content\\\/uploads\\\/2022\\\/03\\\/chaqueta-tucano-urbano-pelette-2g-lady-negro.jpg\",\"datePublished\":\"2022-03-02T17:36:16+00:00\",\"dateModified\":\"2026-01-03T09:58:35+00:00\",\"description\":\"Chaqueta Tucano Urbano Pelette 2G Lady negro. Puedes descubrirla y prob\u00e1rtela en nuestra Boutique Francisco Belmonte en Murcia.\",\"breadcrumb\":{\"@id\":\"https:\\\/\\\/franciscobelmonte.com\\\/tienda\\\/tucano-urbano-pelette-2g-lady-negro\\\/#breadcrumb\"},\"inLanguage\":\"es\",\"potentialAction\":[{\"@type\":\"ReadAction\",\"target\":[\"https:\\\/\\\/franciscobelmonte.com\\\/tienda\\\/tucano-urbano-pelette-2g-lady-negro\\\/\"]}]},{\"@type\":\"ImageObject\",\"inLanguage\":\"es\",\"@id\":\"https:\\\/\\\/franciscobelmonte.com\\\/tienda\\\/tucano-urbano-pelette-2g-lady-negro\\\/#primaryimage\",\"url\":\"https:\\\/\\\/franciscobelmonte.com\\\/tienda\\\/wp-content\\\/uploads\\\/2022\\\/03\\\/chaqueta-tucano-urbano-pelette-2g-lady-negro.jpg\",\"contentUrl\":\"https:\\\/\\\/franciscobelmonte.com\\\/tienda\\\/wp-content\\\/uploads\\\/2022\\\/03\\\/chaqueta-tucano-urbano-pelette-2g-lady-negro.jpg\",\"width\":800,\"height\":800,\"caption\":\"chaqueta tucano urbano pelette 2G lady negro en murcia francisco belmonte\"},{\"@type\":\"BreadcrumbList\",\"@id\":\"https:\\\/\\\/franciscobelmonte.com\\\/tienda\\\/tucano-urbano-pelette-2g-lady-negro\\\/#breadcrumb\",\"itemListElement\":[{\"@type\":\"ListItem\",\"position\":1,\"name\":\"Portada\",\"item\":\"https:\\\/\\\/franciscobelmonte.com\\\/tienda\\\/\"},{\"@type\":\"ListItem\",\"position\":2,\"name\":\"Tienda\",\"item\":\"https:\\\/\\\/franciscobelmonte.com\\\/tienda\\\/boutique-equipamiento-motero\\\/\"},{\"@type\":\"ListItem\",\"position\":3,\"name\":\"CHAQUETA TUCANO URBANO PELETTE 2G LADY NEGRO\"}]},{\"@type\":\"WebSite\",\"@id\":\"https:\\\/\\\/franciscobelmonte.com\\\/tienda\\\/#website\",\"url\":\"https:\\\/\\\/franciscobelmonte.com\\\/tienda\\\/\",\"name\":\"Boutique Francisco Belmonte\",\"description\":\"Todo en complementos para motoristas\",\"publisher\":{\"@id\":\"https:\\\/\\\/franciscobelmonte.com\\\/tienda\\\/#organization\"},\"potentialAction\":[{\"@type\":\"SearchAction\",\"target\":{\"@type\":\"EntryPoint\",\"urlTemplate\":\"https:\\\/\\\/franciscobelmonte.com\\\/tienda\\\/?s={search_term_string}\"},\"query-input\":{\"@type\":\"PropertyValueSpecification\",\"valueRequired\":true,\"valueName\":\"search_term_string\"}}],\"inLanguage\":\"es\"},{\"@type\":\"Organization\",\"@id\":\"https:\\\/\\\/franciscobelmonte.com\\\/tienda\\\/#organization\",\"name\":\"Boutique Francisco Belmonte\",\"url\":\"https:\\\/\\\/franciscobelmonte.com\\\/tienda\\\/\",\"logo\":{\"@type\":\"ImageObject\",\"inLanguage\":\"es\",\"@id\":\"https:\\\/\\\/franciscobelmonte.com\\\/tienda\\\/#\\\/schema\\\/logo\\\/image\\\/\",\"url\":\"https:\\\/\\\/franciscobelmonte.com\\\/tienda\\\/wp-content\\\/uploads\\\/2021\\\/12\\\/Francisco-Belmonte-logo.png\",\"contentUrl\":\"https:\\\/\\\/franciscobelmonte.com\\\/tienda\\\/wp-content\\\/uploads\\\/2021\\\/12\\\/Francisco-Belmonte-logo.png\",\"width\":2153,\"height\":536,\"caption\":\"Boutique Francisco Belmonte\"},\"image\":{\"@id\":\"https:\\\/\\\/franciscobelmonte.com\\\/tienda\\\/#\\\/schema\\\/logo\\\/image\\\/\"},\"sameAs\":[\"https:\\\/\\\/www.facebook.com\\\/motosfranciscobelmonte\",\"https:\\\/\\\/www.instagram.com\\\/fco.belmonte\\\/\"]}]}<\/script>\n<!-- \/ Yoast SEO plugin. -->","yoast_head_json":{"title":"CHAQUETA TUCANO URBANO PELETTE 2G LADY NEGRO - Boutique Francisco Belmonte","description":"Chaqueta Tucano Urbano Pelette 2G Lady negro. Puedes descubrirla y prob\u00e1rtela en nuestra Boutique Francisco Belmonte en Murcia.","robots":{"index":"index","follow":"follow","max-snippet":"max-snippet:-1","max-image-preview":"max-image-preview:large","max-video-preview":"max-video-preview:-1"},"canonical":"https:\/\/franciscobelmonte.com\/tienda\/tucano-urbano-pelette-2g-lady-negro\/","og_locale":"es_ES","og_type":"article","og_title":"CHAQUETA TUCANO URBANO PELETTE 2G LADY NEGRO - Boutique Francisco Belmonte","og_description":"Chaqueta Tucano Urbano Pelette 2G Lady negro. Puedes descubrirla y prob\u00e1rtela en nuestra Boutique Francisco Belmonte en Murcia.","og_url":"https:\/\/franciscobelmonte.com\/tienda\/tucano-urbano-pelette-2g-lady-negro\/","og_site_name":"Boutique Francisco Belmonte","article_publisher":"https:\/\/www.facebook.com\/motosfranciscobelmonte","article_modified_time":"2026-01-03T09:58:35+00:00","og_image":[{"width":800,"height":800,"url":"https:\/\/franciscobelmonte.com\/tienda\/wp-content\/uploads\/2022\/03\/chaqueta-tucano-urbano-pelette-2g-lady-negro.jpg","type":"image\/jpeg"}],"twitter_card":"summary_large_image","twitter_misc":{"Tiempo de lectura":"1 minuto"},"schema":{"@context":"https:\/\/schema.org","@graph":[{"@type":"WebPage","@id":"https:\/\/franciscobelmonte.com\/tienda\/tucano-urbano-pelette-2g-lady-negro\/","url":"https:\/\/franciscobelmonte.com\/tienda\/tucano-urbano-pelette-2g-lady-negro\/","name":"CHAQUETA TUCANO URBANO PELETTE 2G LADY NEGRO - Boutique Francisco Belmonte","isPartOf":{"@id":"https:\/\/franciscobelmonte.com\/tienda\/#website"},"primaryImageOfPage":{"@id":"https:\/\/franciscobelmonte.com\/tienda\/tucano-urbano-pelette-2g-lady-negro\/#primaryimage"},"image":{"@id":"https:\/\/franciscobelmonte.com\/tienda\/tucano-urbano-pelette-2g-lady-negro\/#primaryimage"},"thumbnailUrl":"https:\/\/franciscobelmonte.com\/tienda\/wp-content\/uploads\/2022\/03\/chaqueta-tucano-urbano-pelette-2g-lady-negro.jpg","datePublished":"2022-03-02T17:36:16+00:00","dateModified":"2026-01-03T09:58:35+00:00","description":"Chaqueta Tucano Urbano Pelette 2G Lady negro. Puedes descubrirla y prob\u00e1rtela en nuestra Boutique Francisco Belmonte en Murcia.","breadcrumb":{"@id":"https:\/\/franciscobelmonte.com\/tienda\/tucano-urbano-pelette-2g-lady-negro\/#breadcrumb"},"inLanguage":"es","potentialAction":[{"@type":"ReadAction","target":["https:\/\/franciscobelmonte.com\/tienda\/tucano-urbano-pelette-2g-lady-negro\/"]}]},{"@type":"ImageObject","inLanguage":"es","@id":"https:\/\/franciscobelmonte.com\/tienda\/tucano-urbano-pelette-2g-lady-negro\/#primaryimage","url":"https:\/\/franciscobelmonte.com\/tienda\/wp-content\/uploads\/2022\/03\/chaqueta-tucano-urbano-pelette-2g-lady-negro.jpg","contentUrl":"https:\/\/franciscobelmonte.com\/tienda\/wp-content\/uploads\/2022\/03\/chaqueta-tucano-urbano-pelette-2g-lady-negro.jpg","width":800,"height":800,"caption":"chaqueta tucano urbano pelette 2G lady negro en murcia francisco belmonte"},{"@type":"BreadcrumbList","@id":"https:\/\/franciscobelmonte.com\/tienda\/tucano-urbano-pelette-2g-lady-negro\/#breadcrumb","itemListElement":[{"@type":"ListItem","position":1,"name":"Portada","item":"https:\/\/franciscobelmonte.com\/tienda\/"},{"@type":"ListItem","position":2,"name":"Tienda","item":"https:\/\/franciscobelmonte.com\/tienda\/boutique-equipamiento-motero\/"},{"@type":"ListItem","position":3,"name":"CHAQUETA TUCANO URBANO PELETTE 2G LADY NEGRO"}]},{"@type":"WebSite","@id":"https:\/\/franciscobelmonte.com\/tienda\/#website","url":"https:\/\/franciscobelmonte.com\/tienda\/","name":"Boutique Francisco Belmonte","description":"Todo en complementos para motoristas","publisher":{"@id":"https:\/\/franciscobelmonte.com\/tienda\/#organization"},"potentialAction":[{"@type":"SearchAction","target":{"@type":"EntryPoint","urlTemplate":"https:\/\/franciscobelmonte.com\/tienda\/?s={search_term_string}"},"query-input":{"@type":"PropertyValueSpecification","valueRequired":true,"valueName":"search_term_string"}}],"inLanguage":"es"},{"@type":"Organization","@id":"https:\/\/franciscobelmonte.com\/tienda\/#organization","name":"Boutique Francisco Belmonte","url":"https:\/\/franciscobelmonte.com\/tienda\/","logo":{"@type":"ImageObject","inLanguage":"es","@id":"https:\/\/franciscobelmonte.com\/tienda\/#\/schema\/logo\/image\/","url":"https:\/\/franciscobelmonte.com\/tienda\/wp-content\/uploads\/2021\/12\/Francisco-Belmonte-logo.png","contentUrl":"https:\/\/franciscobelmonte.com\/tienda\/wp-content\/uploads\/2021\/12\/Francisco-Belmonte-logo.png","width":2153,"height":536,"caption":"Boutique Francisco Belmonte"},"image":{"@id":"https:\/\/franciscobelmonte.com\/tienda\/#\/schema\/logo\/image\/"},"sameAs":["https:\/\/www.facebook.com\/motosfranciscobelmonte","https:\/\/www.instagram.com\/fco.belmonte\/"]}]}},"jetpack_sharing_enabled":true,"brands":[{"id":208,"name":"Tucano Urbano","slug":"tucano-urbano"}],"_links":{"self":[{"href":"https:\/\/franciscobelmonte.com\/tienda\/wp-json\/wp\/v2\/product\/1369","targetHints":{"allow":["GET"]}}],"collection":[{"href":"https:\/\/franciscobelmonte.com\/tienda\/wp-json\/wp\/v2\/product"}],"about":[{"href":"https:\/\/franciscobelmonte.com\/tienda\/wp-json\/wp\/v2\/types\/product"}],"replies":[{"embeddable":true,"href":"https:\/\/franciscobelmonte.com\/tienda\/wp-json\/wp\/v2\/comments?post=1369"}],"wp:featuredmedia":[{"embeddable":true,"href":"https:\/\/franciscobelmonte.com\/tienda\/wp-json\/wp\/v2\/media\/1376"}],"wp:attachment":[{"href":"https:\/\/franciscobelmonte.com\/tienda\/wp-json\/wp\/v2\/media?parent=1369"}],"wp:term":[{"taxonomy":"pwb-brand","embeddable":true,"href":"https:\/\/franciscobelmonte.com\/tienda\/wp-json\/wp\/v2\/pwb-brand?post=1369"},{"taxonomy":"product_brand","embeddable":true,"href":"https:\/\/franciscobelmonte.com\/tienda\/wp-json\/wp\/v2\/product_brand?post=1369"},{"taxonomy":"product_cat","embeddable":true,"href":"https:\/\/franciscobelmonte.com\/tienda\/wp-json\/wp\/v2\/product_cat?post=1369"},{"taxonomy":"product_tag","embeddable":true,"href":"https:\/\/franciscobelmonte.com\/tienda\/wp-json\/wp\/v2\/product_tag?post=1369"}],"curies":[{"name":"wp","href":"https:\/\/api.w.org\/{rel}","templated":true}]}}