{"id":14031,"date":"2025-07-24T16:29:49","date_gmt":"2025-07-24T14:29:49","guid":{"rendered":"https:\/\/franciscobelmonte.com\/tienda\/?post_type=product&#038;p=14031"},"modified":"2026-01-27T11:05:00","modified_gmt":"2026-01-27T09:05:00","slug":"casco-alpinestars-supertech-r10-acosta-le-azul-rojo-blanco-mate","status":"publish","type":"product","link":"https:\/\/franciscobelmonte.com\/tienda\/casco-alpinestars-supertech-r10-acosta-le-azul-rojo-blanco-mate\/","title":{"rendered":"CASCO ALPINESTARS SUPERTECH R10 ACOSTA LE AZUL \/ ROJO \/ BLANCO MATE"},"content":{"rendered":"<h2>Casco ALPINESTARS Supertech R10 Acosta Le Azul \/ Rojo \/ Blanco Mate<\/h2>\n<p>El Supertech R10 es el resultado de m\u00e1s de 10 a\u00f1os de intenso estudio y desarollo del primer casco de carretera integral de Alpinestars bajo las exigencias de los pilotos de MotoGP. Destaca por sus materiales ultraligeros y resistentes, el perfil aerodin\u00e1mico con aler\u00f3n trasero, el sistema de ventilaci\u00f3n extenso de alto rendimiento y los acolchados internos de comodidad inigualable que ofrecen un casco tope de gama que brinda la m\u00e1xima protecci\u00f3n a todos los motociclistas, ya sea en la pista o en la carretera.<\/p>\n<div>Edici\u00f3n Limitada<\/div>\n<div>La edici\u00f3n limitada del Pedro Acosta, \u00abTibur\u00f3n de Mazarr\u00f3n\u00bb, presenta un dise\u00f1o audaz con tonos azul el\u00e9ctrico y detalles en rojo y blanco, evocando la velocidad y agresividad que lo caracterizan en la pista. Inspirado en su ic\u00f3nica celebraci\u00f3n y esp\u00edritu combativo, el casco incorpora la silueta de un tibur\u00f3n, s\u00edmbolo de su apodo y mentalidad feroz. En la parte posterior, destaca el s\u00edmbolo de \u201cShark Zone\u201d acompa\u00f1ado de un peque\u00f1o texto que representa el instinto ganador.<\/div>\n<p>&nbsp;<\/p>\n","protected":false},"excerpt":{"rendered":"<p>La edici\u00f3n limitada del Pedro Acosta, \u00abTibur\u00f3n de Mazarr\u00f3n\u00bb, presenta un dise\u00f1o audaz con tonos azul el\u00e9ctrico y detalles en rojo y blanco, evocando la velocidad y agresividad que lo caracterizan en la pista. Inspirado en su ic\u00f3nica celebraci\u00f3n y esp\u00edritu combativo, el casco incorpora la silueta de un tibur\u00f3n, s\u00edmbolo de su apodo y mentalidad feroz.<\/p>\n","protected":false},"featured_media":14038,"comment_status":"open","ping_status":"closed","template":"","meta":{"_themeisle_gutenberg_block_has_review":false},"pwb-brand":[186],"product_brand":[],"product_cat":[15,145],"product_tag":[858],"class_list":{"0":"post-14031","1":"product","2":"type-product","3":"status-publish","4":"has-post-thumbnail","6":"pwb-brand-alpinestars","7":"product_cat-casco-de-moto","8":"product_cat-cascos-de-moto-integrales","9":"product_tag-casco-replica-10","11":"first","12":"instock","13":"sale","14":"taxable","15":"shipping-taxable","16":"purchasable","17":"product-type-variable","18":"has-default-attributes"},"yoast_head":"<!-- This site is optimized with the Yoast SEO plugin v27.4 - https:\/\/yoast.com\/product\/yoast-seo-wordpress\/ -->\n<title>CASCO ALPINESTARS SUPERTECH R10 ACOSTA LE AZUL \/ ROJO \/ BLANCO MATE - Boutique Francisco Belmonte<\/title>\n<meta name=\"description\" content=\"Casco Alpinestars Supertech R10 Acosta Le Azul Rojo Blanco mate. Cascos de moto integral Alpinestars en Murcia Francisco Belmonte. Al mejor precio\" \/>\n<meta name=\"robots\" content=\"index, follow, max-snippet:-1, max-image-preview:large, max-video-preview:-1\" \/>\n<link rel=\"canonical\" href=\"https:\/\/franciscobelmonte.com\/tienda\/casco-alpinestars-supertech-r10-acosta-le-azul-rojo-blanco-mate\/\" \/>\n<meta property=\"og:locale\" content=\"es_ES\" \/>\n<meta property=\"og:type\" content=\"article\" \/>\n<meta property=\"og:title\" content=\"CASCO ALPINESTARS SUPERTECH R10 ACOSTA LE AZUL \/ ROJO \/ BLANCO MATE - Boutique Francisco Belmonte\" \/>\n<meta property=\"og:description\" content=\"Casco Alpinestars Supertech R10 Acosta Le Azul Rojo Blanco mate. Cascos de moto integral Alpinestars en Murcia Francisco Belmonte. Al mejor precio\" \/>\n<meta property=\"og:url\" content=\"https:\/\/franciscobelmonte.com\/tienda\/casco-alpinestars-supertech-r10-acosta-le-azul-rojo-blanco-mate\/\" \/>\n<meta property=\"og:site_name\" content=\"Boutique Francisco Belmonte\" \/>\n<meta property=\"article:publisher\" content=\"https:\/\/www.facebook.com\/motosfranciscobelmonte\" \/>\n<meta property=\"article:modified_time\" content=\"2026-01-27T09:05:00+00:00\" \/>\n<meta property=\"og:image\" content=\"https:\/\/franciscobelmonte.com\/tienda\/wp-content\/uploads\/2025\/07\/alpinestars-supertech-r10-acosta-le-azul-rojo-blanco-mate.webp\" \/>\n\t<meta property=\"og:image:width\" content=\"800\" \/>\n\t<meta property=\"og:image:height\" content=\"800\" \/>\n\t<meta property=\"og:image:type\" content=\"image\/webp\" \/>\n<meta name=\"twitter:card\" content=\"summary_large_image\" \/>\n<meta name=\"twitter:label1\" content=\"Tiempo de lectura\" \/>\n\t<meta name=\"twitter:data1\" content=\"1 minuto\" \/>\n<script type=\"application\/ld+json\" class=\"yoast-schema-graph\">{\"@context\":\"https:\\\/\\\/schema.org\",\"@graph\":[{\"@type\":\"WebPage\",\"@id\":\"https:\\\/\\\/franciscobelmonte.com\\\/tienda\\\/casco-alpinestars-supertech-r10-acosta-le-azul-rojo-blanco-mate\\\/\",\"url\":\"https:\\\/\\\/franciscobelmonte.com\\\/tienda\\\/casco-alpinestars-supertech-r10-acosta-le-azul-rojo-blanco-mate\\\/\",\"name\":\"CASCO ALPINESTARS SUPERTECH R10 ACOSTA LE AZUL \\\/ ROJO \\\/ BLANCO MATE - Boutique Francisco Belmonte\",\"isPartOf\":{\"@id\":\"https:\\\/\\\/franciscobelmonte.com\\\/tienda\\\/#website\"},\"primaryImageOfPage\":{\"@id\":\"https:\\\/\\\/franciscobelmonte.com\\\/tienda\\\/casco-alpinestars-supertech-r10-acosta-le-azul-rojo-blanco-mate\\\/#primaryimage\"},\"image\":{\"@id\":\"https:\\\/\\\/franciscobelmonte.com\\\/tienda\\\/casco-alpinestars-supertech-r10-acosta-le-azul-rojo-blanco-mate\\\/#primaryimage\"},\"thumbnailUrl\":\"https:\\\/\\\/franciscobelmonte.com\\\/tienda\\\/wp-content\\\/uploads\\\/2025\\\/07\\\/alpinestars-supertech-r10-acosta-le-azul-rojo-blanco-mate.webp\",\"datePublished\":\"2025-07-24T14:29:49+00:00\",\"dateModified\":\"2026-01-27T09:05:00+00:00\",\"description\":\"Casco Alpinestars Supertech R10 Acosta Le Azul Rojo Blanco mate. Cascos de moto integral Alpinestars en Murcia Francisco Belmonte. Al mejor precio\",\"breadcrumb\":{\"@id\":\"https:\\\/\\\/franciscobelmonte.com\\\/tienda\\\/casco-alpinestars-supertech-r10-acosta-le-azul-rojo-blanco-mate\\\/#breadcrumb\"},\"inLanguage\":\"es\",\"potentialAction\":[{\"@type\":\"ReadAction\",\"target\":[\"https:\\\/\\\/franciscobelmonte.com\\\/tienda\\\/casco-alpinestars-supertech-r10-acosta-le-azul-rojo-blanco-mate\\\/\"]}]},{\"@type\":\"ImageObject\",\"inLanguage\":\"es\",\"@id\":\"https:\\\/\\\/franciscobelmonte.com\\\/tienda\\\/casco-alpinestars-supertech-r10-acosta-le-azul-rojo-blanco-mate\\\/#primaryimage\",\"url\":\"https:\\\/\\\/franciscobelmonte.com\\\/tienda\\\/wp-content\\\/uploads\\\/2025\\\/07\\\/alpinestars-supertech-r10-acosta-le-azul-rojo-blanco-mate.webp\",\"contentUrl\":\"https:\\\/\\\/franciscobelmonte.com\\\/tienda\\\/wp-content\\\/uploads\\\/2025\\\/07\\\/alpinestars-supertech-r10-acosta-le-azul-rojo-blanco-mate.webp\",\"width\":800,\"height\":800,\"caption\":\"casco alpinestars supertech r10 acosta le azul rojo blanco mate en murcia francisco belmonte\"},{\"@type\":\"BreadcrumbList\",\"@id\":\"https:\\\/\\\/franciscobelmonte.com\\\/tienda\\\/casco-alpinestars-supertech-r10-acosta-le-azul-rojo-blanco-mate\\\/#breadcrumb\",\"itemListElement\":[{\"@type\":\"ListItem\",\"position\":1,\"name\":\"Portada\",\"item\":\"https:\\\/\\\/franciscobelmonte.com\\\/tienda\\\/\"},{\"@type\":\"ListItem\",\"position\":2,\"name\":\"Tienda\",\"item\":\"https:\\\/\\\/franciscobelmonte.com\\\/tienda\\\/boutique-equipamiento-motero\\\/\"},{\"@type\":\"ListItem\",\"position\":3,\"name\":\"CASCO ALPINESTARS SUPERTECH R10 ACOSTA LE AZUL \\\/ ROJO \\\/ BLANCO MATE\"}]},{\"@type\":\"WebSite\",\"@id\":\"https:\\\/\\\/franciscobelmonte.com\\\/tienda\\\/#website\",\"url\":\"https:\\\/\\\/franciscobelmonte.com\\\/tienda\\\/\",\"name\":\"Boutique Francisco Belmonte\",\"description\":\"Todo en complementos para motoristas\",\"publisher\":{\"@id\":\"https:\\\/\\\/franciscobelmonte.com\\\/tienda\\\/#organization\"},\"potentialAction\":[{\"@type\":\"SearchAction\",\"target\":{\"@type\":\"EntryPoint\",\"urlTemplate\":\"https:\\\/\\\/franciscobelmonte.com\\\/tienda\\\/?s={search_term_string}\"},\"query-input\":{\"@type\":\"PropertyValueSpecification\",\"valueRequired\":true,\"valueName\":\"search_term_string\"}}],\"inLanguage\":\"es\"},{\"@type\":\"Organization\",\"@id\":\"https:\\\/\\\/franciscobelmonte.com\\\/tienda\\\/#organization\",\"name\":\"Boutique Francisco Belmonte\",\"url\":\"https:\\\/\\\/franciscobelmonte.com\\\/tienda\\\/\",\"logo\":{\"@type\":\"ImageObject\",\"inLanguage\":\"es\",\"@id\":\"https:\\\/\\\/franciscobelmonte.com\\\/tienda\\\/#\\\/schema\\\/logo\\\/image\\\/\",\"url\":\"https:\\\/\\\/franciscobelmonte.com\\\/tienda\\\/wp-content\\\/uploads\\\/2021\\\/12\\\/Francisco-Belmonte-logo.png\",\"contentUrl\":\"https:\\\/\\\/franciscobelmonte.com\\\/tienda\\\/wp-content\\\/uploads\\\/2021\\\/12\\\/Francisco-Belmonte-logo.png\",\"width\":2153,\"height\":536,\"caption\":\"Boutique Francisco Belmonte\"},\"image\":{\"@id\":\"https:\\\/\\\/franciscobelmonte.com\\\/tienda\\\/#\\\/schema\\\/logo\\\/image\\\/\"},\"sameAs\":[\"https:\\\/\\\/www.facebook.com\\\/motosfranciscobelmonte\",\"https:\\\/\\\/www.instagram.com\\\/fco.belmonte\\\/\"]}]}<\/script>\n<!-- \/ Yoast SEO plugin. -->","yoast_head_json":{"title":"CASCO ALPINESTARS SUPERTECH R10 ACOSTA LE AZUL \/ ROJO \/ BLANCO MATE - Boutique Francisco Belmonte","description":"Casco Alpinestars Supertech R10 Acosta Le Azul Rojo Blanco mate. Cascos de moto integral Alpinestars en Murcia Francisco Belmonte. Al mejor precio","robots":{"index":"index","follow":"follow","max-snippet":"max-snippet:-1","max-image-preview":"max-image-preview:large","max-video-preview":"max-video-preview:-1"},"canonical":"https:\/\/franciscobelmonte.com\/tienda\/casco-alpinestars-supertech-r10-acosta-le-azul-rojo-blanco-mate\/","og_locale":"es_ES","og_type":"article","og_title":"CASCO ALPINESTARS SUPERTECH R10 ACOSTA LE AZUL \/ ROJO \/ BLANCO MATE - Boutique Francisco Belmonte","og_description":"Casco Alpinestars Supertech R10 Acosta Le Azul Rojo Blanco mate. Cascos de moto integral Alpinestars en Murcia Francisco Belmonte. Al mejor precio","og_url":"https:\/\/franciscobelmonte.com\/tienda\/casco-alpinestars-supertech-r10-acosta-le-azul-rojo-blanco-mate\/","og_site_name":"Boutique Francisco Belmonte","article_publisher":"https:\/\/www.facebook.com\/motosfranciscobelmonte","article_modified_time":"2026-01-27T09:05:00+00:00","og_image":[{"width":800,"height":800,"url":"https:\/\/franciscobelmonte.com\/tienda\/wp-content\/uploads\/2025\/07\/alpinestars-supertech-r10-acosta-le-azul-rojo-blanco-mate.webp","type":"image\/webp"}],"twitter_card":"summary_large_image","twitter_misc":{"Tiempo de lectura":"1 minuto"},"schema":{"@context":"https:\/\/schema.org","@graph":[{"@type":"WebPage","@id":"https:\/\/franciscobelmonte.com\/tienda\/casco-alpinestars-supertech-r10-acosta-le-azul-rojo-blanco-mate\/","url":"https:\/\/franciscobelmonte.com\/tienda\/casco-alpinestars-supertech-r10-acosta-le-azul-rojo-blanco-mate\/","name":"CASCO ALPINESTARS SUPERTECH R10 ACOSTA LE AZUL \/ ROJO \/ BLANCO MATE - Boutique Francisco Belmonte","isPartOf":{"@id":"https:\/\/franciscobelmonte.com\/tienda\/#website"},"primaryImageOfPage":{"@id":"https:\/\/franciscobelmonte.com\/tienda\/casco-alpinestars-supertech-r10-acosta-le-azul-rojo-blanco-mate\/#primaryimage"},"image":{"@id":"https:\/\/franciscobelmonte.com\/tienda\/casco-alpinestars-supertech-r10-acosta-le-azul-rojo-blanco-mate\/#primaryimage"},"thumbnailUrl":"https:\/\/franciscobelmonte.com\/tienda\/wp-content\/uploads\/2025\/07\/alpinestars-supertech-r10-acosta-le-azul-rojo-blanco-mate.webp","datePublished":"2025-07-24T14:29:49+00:00","dateModified":"2026-01-27T09:05:00+00:00","description":"Casco Alpinestars Supertech R10 Acosta Le Azul Rojo Blanco mate. Cascos de moto integral Alpinestars en Murcia Francisco Belmonte. Al mejor precio","breadcrumb":{"@id":"https:\/\/franciscobelmonte.com\/tienda\/casco-alpinestars-supertech-r10-acosta-le-azul-rojo-blanco-mate\/#breadcrumb"},"inLanguage":"es","potentialAction":[{"@type":"ReadAction","target":["https:\/\/franciscobelmonte.com\/tienda\/casco-alpinestars-supertech-r10-acosta-le-azul-rojo-blanco-mate\/"]}]},{"@type":"ImageObject","inLanguage":"es","@id":"https:\/\/franciscobelmonte.com\/tienda\/casco-alpinestars-supertech-r10-acosta-le-azul-rojo-blanco-mate\/#primaryimage","url":"https:\/\/franciscobelmonte.com\/tienda\/wp-content\/uploads\/2025\/07\/alpinestars-supertech-r10-acosta-le-azul-rojo-blanco-mate.webp","contentUrl":"https:\/\/franciscobelmonte.com\/tienda\/wp-content\/uploads\/2025\/07\/alpinestars-supertech-r10-acosta-le-azul-rojo-blanco-mate.webp","width":800,"height":800,"caption":"casco alpinestars supertech r10 acosta le azul rojo blanco mate en murcia francisco belmonte"},{"@type":"BreadcrumbList","@id":"https:\/\/franciscobelmonte.com\/tienda\/casco-alpinestars-supertech-r10-acosta-le-azul-rojo-blanco-mate\/#breadcrumb","itemListElement":[{"@type":"ListItem","position":1,"name":"Portada","item":"https:\/\/franciscobelmonte.com\/tienda\/"},{"@type":"ListItem","position":2,"name":"Tienda","item":"https:\/\/franciscobelmonte.com\/tienda\/boutique-equipamiento-motero\/"},{"@type":"ListItem","position":3,"name":"CASCO ALPINESTARS SUPERTECH R10 ACOSTA LE AZUL \/ ROJO \/ BLANCO MATE"}]},{"@type":"WebSite","@id":"https:\/\/franciscobelmonte.com\/tienda\/#website","url":"https:\/\/franciscobelmonte.com\/tienda\/","name":"Boutique Francisco Belmonte","description":"Todo en complementos para motoristas","publisher":{"@id":"https:\/\/franciscobelmonte.com\/tienda\/#organization"},"potentialAction":[{"@type":"SearchAction","target":{"@type":"EntryPoint","urlTemplate":"https:\/\/franciscobelmonte.com\/tienda\/?s={search_term_string}"},"query-input":{"@type":"PropertyValueSpecification","valueRequired":true,"valueName":"search_term_string"}}],"inLanguage":"es"},{"@type":"Organization","@id":"https:\/\/franciscobelmonte.com\/tienda\/#organization","name":"Boutique Francisco Belmonte","url":"https:\/\/franciscobelmonte.com\/tienda\/","logo":{"@type":"ImageObject","inLanguage":"es","@id":"https:\/\/franciscobelmonte.com\/tienda\/#\/schema\/logo\/image\/","url":"https:\/\/franciscobelmonte.com\/tienda\/wp-content\/uploads\/2021\/12\/Francisco-Belmonte-logo.png","contentUrl":"https:\/\/franciscobelmonte.com\/tienda\/wp-content\/uploads\/2021\/12\/Francisco-Belmonte-logo.png","width":2153,"height":536,"caption":"Boutique Francisco Belmonte"},"image":{"@id":"https:\/\/franciscobelmonte.com\/tienda\/#\/schema\/logo\/image\/"},"sameAs":["https:\/\/www.facebook.com\/motosfranciscobelmonte","https:\/\/www.instagram.com\/fco.belmonte\/"]}]}},"jetpack_sharing_enabled":true,"brands":[{"id":186,"name":"Alpinestars","slug":"alpinestars"}],"_links":{"self":[{"href":"https:\/\/franciscobelmonte.com\/tienda\/wp-json\/wp\/v2\/product\/14031","targetHints":{"allow":["GET"]}}],"collection":[{"href":"https:\/\/franciscobelmonte.com\/tienda\/wp-json\/wp\/v2\/product"}],"about":[{"href":"https:\/\/franciscobelmonte.com\/tienda\/wp-json\/wp\/v2\/types\/product"}],"replies":[{"embeddable":true,"href":"https:\/\/franciscobelmonte.com\/tienda\/wp-json\/wp\/v2\/comments?post=14031"}],"wp:featuredmedia":[{"embeddable":true,"href":"https:\/\/franciscobelmonte.com\/tienda\/wp-json\/wp\/v2\/media\/14038"}],"wp:attachment":[{"href":"https:\/\/franciscobelmonte.com\/tienda\/wp-json\/wp\/v2\/media?parent=14031"}],"wp:term":[{"taxonomy":"pwb-brand","embeddable":true,"href":"https:\/\/franciscobelmonte.com\/tienda\/wp-json\/wp\/v2\/pwb-brand?post=14031"},{"taxonomy":"product_brand","embeddable":true,"href":"https:\/\/franciscobelmonte.com\/tienda\/wp-json\/wp\/v2\/product_brand?post=14031"},{"taxonomy":"product_cat","embeddable":true,"href":"https:\/\/franciscobelmonte.com\/tienda\/wp-json\/wp\/v2\/product_cat?post=14031"},{"taxonomy":"product_tag","embeddable":true,"href":"https:\/\/franciscobelmonte.com\/tienda\/wp-json\/wp\/v2\/product_tag?post=14031"}],"curies":[{"name":"wp","href":"https:\/\/api.w.org\/{rel}","templated":true}]}}