{"id":14450,"date":"2026-03-17T14:56:09","date_gmt":"2026-03-17T12:56:09","guid":{"rendered":"https:\/\/franciscobelmonte.com\/tienda\/?post_type=product&#038;p=14450"},"modified":"2026-03-18T10:52:03","modified_gmt":"2026-03-18T08:52:03","slug":"bmw-connectedride-com-p1-gs-sistema-de-intercomunicacion-bmw","status":"publish","type":"product","link":"https:\/\/franciscobelmonte.com\/tienda\/bmw-connectedride-com-p1-gs-sistema-de-intercomunicacion-bmw\/","title":{"rendered":"BMW ConnectedRide Com P1 GS \u2013 Sistema de intercomunicaci\u00f3n BMW"},"content":{"rendered":"<h1>BMW ConnectedRide Com P1 GS \u2013 Sistema de intercomunicaci\u00f3n BMW<\/h1>\n<p>Desarrollado en colaboraci\u00f3n con\u00a0<strong><b>Sena, especialista en intercomunicadores<\/b><\/strong>, el Com P1 GS incorpora las m\u00e1s recientes tecnolog\u00edas\u00a0<strong><b>Bluetooth 5.0 y Mesh 2.0<\/b><\/strong>\u00a0para ofrecer una comunicaci\u00f3n estable y clara, tanto con tu pasajero como con hasta 24 motoristas con los que compartes la ruta.<\/p>\n<p><strong><b>Inmersi\u00f3n total: sonido claro, potente y de calidad superior<\/b><\/strong><\/p>\n<p>Los\u00a0<strong><b>altavoces HD<\/b><\/strong>\u00a0de segunda generaci\u00f3n garantizan una calidad de sonido excepcional. El\u00a0<strong><b>sistema de cancelaci\u00f3n activa de ruido<\/b><\/strong>\u00a0filtra eficazmente los sonidos del entorno para ofrecer una claridad de comunicaci\u00f3n incomparable, incluso a alta velocidad.<\/p>\n<p>Lleva contigo tu servicio de streaming o tu podcast favorito para acompa\u00f1ar tus aventuras en moto.<\/p>\n<p><strong><b>Conectividad avanzada y funcionalidades completas<\/b><\/strong><\/p>\n<p><strong><b>Puntos destacados del ConnectedRide Com P1 GS<\/b><\/strong><\/p>\n<ul>\n<li>Dise\u00f1ado para los nuevos cascos BMW GS Rallye Carbon (integraci\u00f3n perfecta y dise\u00f1o armonioso)<\/li>\n<li>Cancelaci\u00f3n activa del ruido ambiente<\/li>\n<li>Altavoces HD para un sonido claro y potente<\/li>\n<li>Conectividad Mesh 2.0 y Bluetooth 5.0<\/li>\n<li>Hasta 13 horas de autonom\u00eda<\/li>\n<li>Alcance de hasta 4 km<\/li>\n<li>Instalaci\u00f3n f\u00e1cil y ergon\u00f3mica<\/li>\n<li>Compatibilidad con la gama BMW Motorrad ConnectedRide<\/li>\n<li>Comandos de voz multiling\u00fces<\/li>\n<li><strong><b>Puntos destacados del ConnectedRide Com P1 GS<\/b><\/strong>\n<ul>\n<li>Dise\u00f1ado para los nuevos cascos BMW GS Rallye Carbon (integraci\u00f3n perfecta y dise\u00f1o armonioso)<\/li>\n<li>Cancelaci\u00f3n activa del ruido ambiente<\/li>\n<li>Altavoces HD para un sonido claro y potente<\/li>\n<li>Conectividad Mesh 2.0 y Bluetooth 5.0<\/li>\n<li>Hasta 13 horas de autonom\u00eda<\/li>\n<li>Alcance de hasta 4 km<\/li>\n<li>Instalaci\u00f3n f\u00e1cil y ergon\u00f3mica<\/li>\n<li>Compatibilidad con la gama BMW Motorrad ConnectedRide<\/li>\n<\/ul>\n<p>Comandos de voz multiling\u00fces<\/li>\n<\/ul>\n<p><strong><b>Autonom\u00eda y rendimiento excepcionales<\/b><\/strong><\/p>\n<p>Gracias a su\u00a0<strong><b>bater\u00eda de pol\u00edmero de litio optimizada<\/b><\/strong>, el sistema\u00a0<strong><b>ConnectedRide Com P1 GS<\/b><\/strong>\u00a0ofrece hasta\u00a0<strong><b>13 horas de autonom\u00eda en modo Bluetooth<\/b><\/strong>\u00a0y unas\u00a0<strong><b>8 horas en modo Mesh.<\/b><\/strong>\u00a0La funci\u00f3n de\u00a0<strong><b>carga r\u00e1pida<\/b><\/strong>\u00a0permite obtener una\u00a0<strong><b>carga completa en solo una hora<\/b><\/strong>, ideal para tus viajes largos.<\/p>\n<p>&nbsp;<\/p>\n","protected":false},"excerpt":{"rendered":"<p>El\u00a0BMW ConnectedRide Com P1 GS\u00a0es el nuevo sistema de comunicaci\u00f3n de alta gama de BMW Motorrad,\u00a0dise\u00f1ado exclusivamente para los nuevos cascos GS de \u00faltima generaci\u00f3n. Compacto y ultrapotente, te permite\u00a0comunicarte, escuchar m\u00fasica, realizar llamadas y usar la navegaci\u00f3n por voz\u00a0con total facilidad, incluso durante tus aventuras off-road.<br \/>\nEsta joya tecnol\u00f3gica se integra perfectamente en la estructura del casco GS, lo que garantiza una\u00a0instalaci\u00f3n sencilla y discreta.<\/p>\n","protected":false},"featured_media":14459,"comment_status":"open","ping_status":"closed","template":"","meta":{"_themeisle_gutenberg_block_has_review":false},"pwb-brand":[],"product_brand":[],"product_cat":[356,632],"product_tag":[],"class_list":{"0":"post-14450","1":"product","2":"type-product","3":"status-publish","4":"has-post-thumbnail","6":"product_cat-boutique-bmw","7":"product_cat-navegadores-bmw-motorrad","9":"first","10":"instock","11":"taxable","12":"shipping-taxable","13":"purchasable","14":"product-type-variable","15":"has-default-attributes"},"yoast_head":"<!-- This site is optimized with the Yoast SEO plugin v27.3 - https:\/\/yoast.com\/product\/yoast-seo-wordpress\/ -->\n<title>BMW ConnectedRide Com P1 GS \u2013 Sistema de intercomunicaci\u00f3n BMW - Boutique Francisco Belmonte<\/title>\n<meta name=\"description\" content=\"Compra el sistema de intercomunicaci\u00f3n BMW ConnectedRide Com P1 GS en Murcia, Belmoto, Bmw Motorrad Murcia. Conectividad total para cascos BMM GS\" \/>\n<meta name=\"robots\" content=\"index, follow, max-snippet:-1, max-image-preview:large, max-video-preview:-1\" \/>\n<link rel=\"canonical\" href=\"https:\/\/franciscobelmonte.com\/tienda\/bmw-connectedride-com-p1-gs-sistema-de-intercomunicacion-bmw\/\" \/>\n<meta property=\"og:locale\" content=\"es_ES\" \/>\n<meta property=\"og:type\" content=\"article\" \/>\n<meta property=\"og:title\" content=\"BMW ConnectedRide Com P1 GS \u2013 Sistema de intercomunicaci\u00f3n BMW - Boutique Francisco Belmonte\" \/>\n<meta property=\"og:description\" content=\"Compra el sistema de intercomunicaci\u00f3n BMW ConnectedRide Com P1 GS en Murcia, Belmoto, Bmw Motorrad Murcia. Conectividad total para cascos BMM GS\" \/>\n<meta property=\"og:url\" content=\"https:\/\/franciscobelmonte.com\/tienda\/bmw-connectedride-com-p1-gs-sistema-de-intercomunicacion-bmw\/\" \/>\n<meta property=\"og:site_name\" content=\"Boutique Francisco Belmonte\" \/>\n<meta property=\"article:publisher\" content=\"https:\/\/www.facebook.com\/motosfranciscobelmonte\" \/>\n<meta property=\"article:modified_time\" content=\"2026-03-18T08:52:03+00:00\" \/>\n<meta property=\"og:image\" content=\"https:\/\/franciscobelmonte.com\/tienda\/wp-content\/uploads\/2026\/03\/BMW-Sistema-de-intercomunicacion-ConnectedRide-Com-P1-GS.jpg\" \/>\n\t<meta property=\"og:image:width\" content=\"800\" \/>\n\t<meta property=\"og:image:height\" content=\"800\" \/>\n\t<meta property=\"og:image:type\" content=\"image\/jpeg\" \/>\n<meta name=\"twitter:card\" content=\"summary_large_image\" \/>\n<meta name=\"twitter:label1\" content=\"Tiempo de lectura\" \/>\n\t<meta name=\"twitter:data1\" content=\"2 minutos\" \/>\n<script type=\"application\/ld+json\" class=\"yoast-schema-graph\">{\"@context\":\"https:\\\/\\\/schema.org\",\"@graph\":[{\"@type\":\"WebPage\",\"@id\":\"https:\\\/\\\/franciscobelmonte.com\\\/tienda\\\/bmw-connectedride-com-p1-gs-sistema-de-intercomunicacion-bmw\\\/\",\"url\":\"https:\\\/\\\/franciscobelmonte.com\\\/tienda\\\/bmw-connectedride-com-p1-gs-sistema-de-intercomunicacion-bmw\\\/\",\"name\":\"BMW ConnectedRide Com P1 GS \u2013 Sistema de intercomunicaci\u00f3n BMW - Boutique Francisco Belmonte\",\"isPartOf\":{\"@id\":\"https:\\\/\\\/franciscobelmonte.com\\\/tienda\\\/#website\"},\"primaryImageOfPage\":{\"@id\":\"https:\\\/\\\/franciscobelmonte.com\\\/tienda\\\/bmw-connectedride-com-p1-gs-sistema-de-intercomunicacion-bmw\\\/#primaryimage\"},\"image\":{\"@id\":\"https:\\\/\\\/franciscobelmonte.com\\\/tienda\\\/bmw-connectedride-com-p1-gs-sistema-de-intercomunicacion-bmw\\\/#primaryimage\"},\"thumbnailUrl\":\"https:\\\/\\\/franciscobelmonte.com\\\/tienda\\\/wp-content\\\/uploads\\\/2026\\\/03\\\/BMW-Sistema-de-intercomunicacion-ConnectedRide-Com-P1-GS.jpg\",\"datePublished\":\"2026-03-17T12:56:09+00:00\",\"dateModified\":\"2026-03-18T08:52:03+00:00\",\"description\":\"Compra el sistema de intercomunicaci\u00f3n BMW ConnectedRide Com P1 GS en Murcia, Belmoto, Bmw Motorrad Murcia. Conectividad total para cascos BMM GS\",\"breadcrumb\":{\"@id\":\"https:\\\/\\\/franciscobelmonte.com\\\/tienda\\\/bmw-connectedride-com-p1-gs-sistema-de-intercomunicacion-bmw\\\/#breadcrumb\"},\"inLanguage\":\"es\",\"potentialAction\":[{\"@type\":\"ReadAction\",\"target\":[\"https:\\\/\\\/franciscobelmonte.com\\\/tienda\\\/bmw-connectedride-com-p1-gs-sistema-de-intercomunicacion-bmw\\\/\"]}]},{\"@type\":\"ImageObject\",\"inLanguage\":\"es\",\"@id\":\"https:\\\/\\\/franciscobelmonte.com\\\/tienda\\\/bmw-connectedride-com-p1-gs-sistema-de-intercomunicacion-bmw\\\/#primaryimage\",\"url\":\"https:\\\/\\\/franciscobelmonte.com\\\/tienda\\\/wp-content\\\/uploads\\\/2026\\\/03\\\/BMW-Sistema-de-intercomunicacion-ConnectedRide-Com-P1-GS.jpg\",\"contentUrl\":\"https:\\\/\\\/franciscobelmonte.com\\\/tienda\\\/wp-content\\\/uploads\\\/2026\\\/03\\\/BMW-Sistema-de-intercomunicacion-ConnectedRide-Com-P1-GS.jpg\",\"width\":800,\"height\":800,\"caption\":\"BMW Sistema de intercomunicaci\u00f3n ConnectedRide Com P1 GS en boutique bmw motorrad murcia\"},{\"@type\":\"BreadcrumbList\",\"@id\":\"https:\\\/\\\/franciscobelmonte.com\\\/tienda\\\/bmw-connectedride-com-p1-gs-sistema-de-intercomunicacion-bmw\\\/#breadcrumb\",\"itemListElement\":[{\"@type\":\"ListItem\",\"position\":1,\"name\":\"Portada\",\"item\":\"https:\\\/\\\/franciscobelmonte.com\\\/tienda\\\/\"},{\"@type\":\"ListItem\",\"position\":2,\"name\":\"Tienda\",\"item\":\"https:\\\/\\\/franciscobelmonte.com\\\/tienda\\\/boutique-equipamiento-motero\\\/\"},{\"@type\":\"ListItem\",\"position\":3,\"name\":\"BMW ConnectedRide Com P1 GS \u2013 Sistema de intercomunicaci\u00f3n BMW\"}]},{\"@type\":\"WebSite\",\"@id\":\"https:\\\/\\\/franciscobelmonte.com\\\/tienda\\\/#website\",\"url\":\"https:\\\/\\\/franciscobelmonte.com\\\/tienda\\\/\",\"name\":\"Boutique Francisco Belmonte\",\"description\":\"Todo en complementos para motoristas\",\"publisher\":{\"@id\":\"https:\\\/\\\/franciscobelmonte.com\\\/tienda\\\/#organization\"},\"potentialAction\":[{\"@type\":\"SearchAction\",\"target\":{\"@type\":\"EntryPoint\",\"urlTemplate\":\"https:\\\/\\\/franciscobelmonte.com\\\/tienda\\\/?s={search_term_string}\"},\"query-input\":{\"@type\":\"PropertyValueSpecification\",\"valueRequired\":true,\"valueName\":\"search_term_string\"}}],\"inLanguage\":\"es\"},{\"@type\":\"Organization\",\"@id\":\"https:\\\/\\\/franciscobelmonte.com\\\/tienda\\\/#organization\",\"name\":\"Boutique Francisco Belmonte\",\"url\":\"https:\\\/\\\/franciscobelmonte.com\\\/tienda\\\/\",\"logo\":{\"@type\":\"ImageObject\",\"inLanguage\":\"es\",\"@id\":\"https:\\\/\\\/franciscobelmonte.com\\\/tienda\\\/#\\\/schema\\\/logo\\\/image\\\/\",\"url\":\"https:\\\/\\\/franciscobelmonte.com\\\/tienda\\\/wp-content\\\/uploads\\\/2021\\\/12\\\/Francisco-Belmonte-logo.png\",\"contentUrl\":\"https:\\\/\\\/franciscobelmonte.com\\\/tienda\\\/wp-content\\\/uploads\\\/2021\\\/12\\\/Francisco-Belmonte-logo.png\",\"width\":2153,\"height\":536,\"caption\":\"Boutique Francisco Belmonte\"},\"image\":{\"@id\":\"https:\\\/\\\/franciscobelmonte.com\\\/tienda\\\/#\\\/schema\\\/logo\\\/image\\\/\"},\"sameAs\":[\"https:\\\/\\\/www.facebook.com\\\/motosfranciscobelmonte\",\"https:\\\/\\\/www.instagram.com\\\/fco.belmonte\\\/\"]}]}<\/script>\n<!-- \/ Yoast SEO plugin. -->","yoast_head_json":{"title":"BMW ConnectedRide Com P1 GS \u2013 Sistema de intercomunicaci\u00f3n BMW - Boutique Francisco Belmonte","description":"Compra el sistema de intercomunicaci\u00f3n BMW ConnectedRide Com P1 GS en Murcia, Belmoto, Bmw Motorrad Murcia. Conectividad total para cascos BMM GS","robots":{"index":"index","follow":"follow","max-snippet":"max-snippet:-1","max-image-preview":"max-image-preview:large","max-video-preview":"max-video-preview:-1"},"canonical":"https:\/\/franciscobelmonte.com\/tienda\/bmw-connectedride-com-p1-gs-sistema-de-intercomunicacion-bmw\/","og_locale":"es_ES","og_type":"article","og_title":"BMW ConnectedRide Com P1 GS \u2013 Sistema de intercomunicaci\u00f3n BMW - Boutique Francisco Belmonte","og_description":"Compra el sistema de intercomunicaci\u00f3n BMW ConnectedRide Com P1 GS en Murcia, Belmoto, Bmw Motorrad Murcia. Conectividad total para cascos BMM GS","og_url":"https:\/\/franciscobelmonte.com\/tienda\/bmw-connectedride-com-p1-gs-sistema-de-intercomunicacion-bmw\/","og_site_name":"Boutique Francisco Belmonte","article_publisher":"https:\/\/www.facebook.com\/motosfranciscobelmonte","article_modified_time":"2026-03-18T08:52:03+00:00","og_image":[{"width":800,"height":800,"url":"https:\/\/franciscobelmonte.com\/tienda\/wp-content\/uploads\/2026\/03\/BMW-Sistema-de-intercomunicacion-ConnectedRide-Com-P1-GS.jpg","type":"image\/jpeg"}],"twitter_card":"summary_large_image","twitter_misc":{"Tiempo de lectura":"2 minutos"},"schema":{"@context":"https:\/\/schema.org","@graph":[{"@type":"WebPage","@id":"https:\/\/franciscobelmonte.com\/tienda\/bmw-connectedride-com-p1-gs-sistema-de-intercomunicacion-bmw\/","url":"https:\/\/franciscobelmonte.com\/tienda\/bmw-connectedride-com-p1-gs-sistema-de-intercomunicacion-bmw\/","name":"BMW ConnectedRide Com P1 GS \u2013 Sistema de intercomunicaci\u00f3n BMW - Boutique Francisco Belmonte","isPartOf":{"@id":"https:\/\/franciscobelmonte.com\/tienda\/#website"},"primaryImageOfPage":{"@id":"https:\/\/franciscobelmonte.com\/tienda\/bmw-connectedride-com-p1-gs-sistema-de-intercomunicacion-bmw\/#primaryimage"},"image":{"@id":"https:\/\/franciscobelmonte.com\/tienda\/bmw-connectedride-com-p1-gs-sistema-de-intercomunicacion-bmw\/#primaryimage"},"thumbnailUrl":"https:\/\/franciscobelmonte.com\/tienda\/wp-content\/uploads\/2026\/03\/BMW-Sistema-de-intercomunicacion-ConnectedRide-Com-P1-GS.jpg","datePublished":"2026-03-17T12:56:09+00:00","dateModified":"2026-03-18T08:52:03+00:00","description":"Compra el sistema de intercomunicaci\u00f3n BMW ConnectedRide Com P1 GS en Murcia, Belmoto, Bmw Motorrad Murcia. Conectividad total para cascos BMM GS","breadcrumb":{"@id":"https:\/\/franciscobelmonte.com\/tienda\/bmw-connectedride-com-p1-gs-sistema-de-intercomunicacion-bmw\/#breadcrumb"},"inLanguage":"es","potentialAction":[{"@type":"ReadAction","target":["https:\/\/franciscobelmonte.com\/tienda\/bmw-connectedride-com-p1-gs-sistema-de-intercomunicacion-bmw\/"]}]},{"@type":"ImageObject","inLanguage":"es","@id":"https:\/\/franciscobelmonte.com\/tienda\/bmw-connectedride-com-p1-gs-sistema-de-intercomunicacion-bmw\/#primaryimage","url":"https:\/\/franciscobelmonte.com\/tienda\/wp-content\/uploads\/2026\/03\/BMW-Sistema-de-intercomunicacion-ConnectedRide-Com-P1-GS.jpg","contentUrl":"https:\/\/franciscobelmonte.com\/tienda\/wp-content\/uploads\/2026\/03\/BMW-Sistema-de-intercomunicacion-ConnectedRide-Com-P1-GS.jpg","width":800,"height":800,"caption":"BMW Sistema de intercomunicaci\u00f3n ConnectedRide Com P1 GS en boutique bmw motorrad murcia"},{"@type":"BreadcrumbList","@id":"https:\/\/franciscobelmonte.com\/tienda\/bmw-connectedride-com-p1-gs-sistema-de-intercomunicacion-bmw\/#breadcrumb","itemListElement":[{"@type":"ListItem","position":1,"name":"Portada","item":"https:\/\/franciscobelmonte.com\/tienda\/"},{"@type":"ListItem","position":2,"name":"Tienda","item":"https:\/\/franciscobelmonte.com\/tienda\/boutique-equipamiento-motero\/"},{"@type":"ListItem","position":3,"name":"BMW ConnectedRide Com P1 GS \u2013 Sistema de intercomunicaci\u00f3n BMW"}]},{"@type":"WebSite","@id":"https:\/\/franciscobelmonte.com\/tienda\/#website","url":"https:\/\/franciscobelmonte.com\/tienda\/","name":"Boutique Francisco Belmonte","description":"Todo en complementos para motoristas","publisher":{"@id":"https:\/\/franciscobelmonte.com\/tienda\/#organization"},"potentialAction":[{"@type":"SearchAction","target":{"@type":"EntryPoint","urlTemplate":"https:\/\/franciscobelmonte.com\/tienda\/?s={search_term_string}"},"query-input":{"@type":"PropertyValueSpecification","valueRequired":true,"valueName":"search_term_string"}}],"inLanguage":"es"},{"@type":"Organization","@id":"https:\/\/franciscobelmonte.com\/tienda\/#organization","name":"Boutique Francisco Belmonte","url":"https:\/\/franciscobelmonte.com\/tienda\/","logo":{"@type":"ImageObject","inLanguage":"es","@id":"https:\/\/franciscobelmonte.com\/tienda\/#\/schema\/logo\/image\/","url":"https:\/\/franciscobelmonte.com\/tienda\/wp-content\/uploads\/2021\/12\/Francisco-Belmonte-logo.png","contentUrl":"https:\/\/franciscobelmonte.com\/tienda\/wp-content\/uploads\/2021\/12\/Francisco-Belmonte-logo.png","width":2153,"height":536,"caption":"Boutique Francisco Belmonte"},"image":{"@id":"https:\/\/franciscobelmonte.com\/tienda\/#\/schema\/logo\/image\/"},"sameAs":["https:\/\/www.facebook.com\/motosfranciscobelmonte","https:\/\/www.instagram.com\/fco.belmonte\/"]}]}},"jetpack_sharing_enabled":true,"brands":[],"_links":{"self":[{"href":"https:\/\/franciscobelmonte.com\/tienda\/wp-json\/wp\/v2\/product\/14450","targetHints":{"allow":["GET"]}}],"collection":[{"href":"https:\/\/franciscobelmonte.com\/tienda\/wp-json\/wp\/v2\/product"}],"about":[{"href":"https:\/\/franciscobelmonte.com\/tienda\/wp-json\/wp\/v2\/types\/product"}],"replies":[{"embeddable":true,"href":"https:\/\/franciscobelmonte.com\/tienda\/wp-json\/wp\/v2\/comments?post=14450"}],"wp:featuredmedia":[{"embeddable":true,"href":"https:\/\/franciscobelmonte.com\/tienda\/wp-json\/wp\/v2\/media\/14459"}],"wp:attachment":[{"href":"https:\/\/franciscobelmonte.com\/tienda\/wp-json\/wp\/v2\/media?parent=14450"}],"wp:term":[{"taxonomy":"pwb-brand","embeddable":true,"href":"https:\/\/franciscobelmonte.com\/tienda\/wp-json\/wp\/v2\/pwb-brand?post=14450"},{"taxonomy":"product_brand","embeddable":true,"href":"https:\/\/franciscobelmonte.com\/tienda\/wp-json\/wp\/v2\/product_brand?post=14450"},{"taxonomy":"product_cat","embeddable":true,"href":"https:\/\/franciscobelmonte.com\/tienda\/wp-json\/wp\/v2\/product_cat?post=14450"},{"taxonomy":"product_tag","embeddable":true,"href":"https:\/\/franciscobelmonte.com\/tienda\/wp-json\/wp\/v2\/product_tag?post=14450"}],"curies":[{"name":"wp","href":"https:\/\/api.w.org\/{rel}","templated":true}]}}