{"id":14480,"date":"2026-03-25T09:47:42","date_gmt":"2026-03-25T07:47:42","guid":{"rendered":"https:\/\/franciscobelmonte.com\/tienda\/?post_type=product&#038;p=14480"},"modified":"2026-03-26T10:40:34","modified_gmt":"2026-03-26T08:40:34","slug":"botas-bmw-m-pro-race-gtx-negro","status":"publish","type":"product","link":"https:\/\/franciscobelmonte.com\/tienda\/botas-bmw-m-pro-race-gtx-negro\/","title":{"rendered":"BOTAS BMW M PRO RACE GTX NEGRO"},"content":{"rendered":"<h2>Botas Bmw M Pro Race Gtx Negro<\/h2>\n<p>Las botas de moto Bmw M Pro Race GTX (GORE-TEX) satisfacen los requisitos de rendimiento m\u00e1s elevados e impresionan con sus grandes elementos protectores de pl\u00e1stico duro. Los refuerzos laterales recambiables de pl\u00e1stico en el tal\u00f3n y la puntera previenen las lesiones y aumentan la durabilidad del calzado<\/p>\n<p><strong><b>Caracter\u00edsticas destacadas del producto<\/b><\/strong><\/p>\n<ul>\n<li>Botas de carrera de alto rendimiento<\/li>\n<li>Resistentes al agua y al viento gracias a la membrana GORE-TEX<\/li>\n<li>Microcerradura mediante cerradura de trinquete de aluminio<\/li>\n<li>Cremallera cubierta en el exterior para el mejor contacto posible del interior de la bota con el veh\u00edculo<\/li>\n<\/ul>\n<p><strong><b>Funciones de seguridad<\/b><\/strong><\/p>\n<ul>\n<li>Elementos protectores grandes de pl\u00e1stico duro<\/li>\n<li>Deslizadores laterales sustituibles (tal\u00f3n y puntera) de magnesio<\/li>\n<\/ul>\n<p><strong><b>Rango de tama\u00f1o<\/b><\/strong><\/p>\n<ul>\n<li>38 \u2013 48<\/li>\n<\/ul>\n<p>&nbsp;<\/p>\n<p>&nbsp;<\/p>\n<p>&nbsp;<\/p>\n<p>&nbsp;<\/p>\n<p>&nbsp;<\/p>\n<p>&nbsp;<\/p>\n<p>&nbsp;<\/p>\n<p>&nbsp;<\/p>\n<p>&nbsp;<\/p>\n","protected":false},"excerpt":{"rendered":"<p>Las botas M Pro Race GTX satisfacen los requisitos de rendimiento m\u00e1s elevados e impresionan con sus grandes elementos protectores de pl\u00e1stico duro. Los refuerzos laterales recambiables de pl\u00e1stico en el tal\u00f3n y la puntera previenen las lesiones y aumentan la durabilidad del calzado<\/p>\n","protected":false},"featured_media":14485,"comment_status":"open","ping_status":"closed","template":"","meta":{"_themeisle_gutenberg_block_has_review":false},"pwb-brand":[184],"product_brand":[],"product_cat":[356,361],"product_tag":[],"class_list":{"0":"post-14480","1":"product","2":"type-product","3":"status-publish","4":"has-post-thumbnail","6":"pwb-brand-bmw","7":"product_cat-boutique-bmw","8":"product_cat-botas-bmw-motorrad","10":"first","11":"instock","12":"taxable","13":"shipping-taxable","14":"purchasable","15":"product-type-variable","16":"has-default-attributes"},"yoast_head":"<!-- This site is optimized with the Yoast SEO plugin v27.3 - https:\/\/yoast.com\/product\/yoast-seo-wordpress\/ -->\n<title>BOTAS BMW M PRO RACE GTX NEGRO - Boutique Francisco Belmonte<\/title>\n<meta name=\"description\" content=\"Botas de moto Bmw M Pro Race GTX Negro. Botas de moto BMW en Belmoto Bmw Motorrad en Murcia, en sus diferentes colores, al mejor precio.\" \/>\n<meta name=\"robots\" content=\"index, follow, max-snippet:-1, max-image-preview:large, max-video-preview:-1\" \/>\n<link rel=\"canonical\" href=\"https:\/\/franciscobelmonte.com\/tienda\/botas-bmw-m-pro-race-gtx-negro\/\" \/>\n<meta property=\"og:locale\" content=\"es_ES\" \/>\n<meta property=\"og:type\" content=\"article\" \/>\n<meta property=\"og:title\" content=\"BOTAS BMW M PRO RACE GTX NEGRO - Boutique Francisco Belmonte\" \/>\n<meta property=\"og:description\" content=\"Botas de moto Bmw M Pro Race GTX Negro. Botas de moto BMW en Belmoto Bmw Motorrad en Murcia, en sus diferentes colores, al mejor precio.\" \/>\n<meta property=\"og:url\" content=\"https:\/\/franciscobelmonte.com\/tienda\/botas-bmw-m-pro-race-gtx-negro\/\" \/>\n<meta property=\"og:site_name\" content=\"Boutique Francisco Belmonte\" \/>\n<meta property=\"article:publisher\" content=\"https:\/\/www.facebook.com\/motosfranciscobelmonte\" \/>\n<meta property=\"article:modified_time\" content=\"2026-03-26T08:40:34+00:00\" \/>\n<meta property=\"og:image\" content=\"https:\/\/franciscobelmonte.com\/tienda\/wp-content\/uploads\/2026\/03\/Botas-bmw-M-Pro-Race-GTX-unisex-negro.webp\" \/>\n\t<meta property=\"og:image:width\" content=\"800\" \/>\n\t<meta property=\"og:image:height\" content=\"800\" \/>\n\t<meta property=\"og:image:type\" content=\"image\/webp\" \/>\n<meta name=\"twitter:card\" content=\"summary_large_image\" \/>\n<meta name=\"twitter:label1\" content=\"Tiempo de lectura\" \/>\n\t<meta name=\"twitter:data1\" content=\"1 minuto\" \/>\n<script type=\"application\/ld+json\" class=\"yoast-schema-graph\">{\"@context\":\"https:\\\/\\\/schema.org\",\"@graph\":[{\"@type\":\"WebPage\",\"@id\":\"https:\\\/\\\/franciscobelmonte.com\\\/tienda\\\/botas-bmw-m-pro-race-gtx-negro\\\/\",\"url\":\"https:\\\/\\\/franciscobelmonte.com\\\/tienda\\\/botas-bmw-m-pro-race-gtx-negro\\\/\",\"name\":\"BOTAS BMW M PRO RACE GTX NEGRO - Boutique Francisco Belmonte\",\"isPartOf\":{\"@id\":\"https:\\\/\\\/franciscobelmonte.com\\\/tienda\\\/#website\"},\"primaryImageOfPage\":{\"@id\":\"https:\\\/\\\/franciscobelmonte.com\\\/tienda\\\/botas-bmw-m-pro-race-gtx-negro\\\/#primaryimage\"},\"image\":{\"@id\":\"https:\\\/\\\/franciscobelmonte.com\\\/tienda\\\/botas-bmw-m-pro-race-gtx-negro\\\/#primaryimage\"},\"thumbnailUrl\":\"https:\\\/\\\/franciscobelmonte.com\\\/tienda\\\/wp-content\\\/uploads\\\/2026\\\/03\\\/Botas-bmw-M-Pro-Race-GTX-unisex-negro.webp\",\"datePublished\":\"2026-03-25T07:47:42+00:00\",\"dateModified\":\"2026-03-26T08:40:34+00:00\",\"description\":\"Botas de moto Bmw M Pro Race GTX Negro. Botas de moto BMW en Belmoto Bmw Motorrad en Murcia, en sus diferentes colores, al mejor precio.\",\"breadcrumb\":{\"@id\":\"https:\\\/\\\/franciscobelmonte.com\\\/tienda\\\/botas-bmw-m-pro-race-gtx-negro\\\/#breadcrumb\"},\"inLanguage\":\"es\",\"potentialAction\":[{\"@type\":\"ReadAction\",\"target\":[\"https:\\\/\\\/franciscobelmonte.com\\\/tienda\\\/botas-bmw-m-pro-race-gtx-negro\\\/\"]}]},{\"@type\":\"ImageObject\",\"inLanguage\":\"es\",\"@id\":\"https:\\\/\\\/franciscobelmonte.com\\\/tienda\\\/botas-bmw-m-pro-race-gtx-negro\\\/#primaryimage\",\"url\":\"https:\\\/\\\/franciscobelmonte.com\\\/tienda\\\/wp-content\\\/uploads\\\/2026\\\/03\\\/Botas-bmw-M-Pro-Race-GTX-unisex-negro.webp\",\"contentUrl\":\"https:\\\/\\\/franciscobelmonte.com\\\/tienda\\\/wp-content\\\/uploads\\\/2026\\\/03\\\/Botas-bmw-M-Pro-Race-GTX-unisex-negro.webp\",\"width\":800,\"height\":800,\"caption\":\"Botas Bmw M Pro Race Gtx Unisex 2026 Negro en boutique belmoto motorrad murcia\"},{\"@type\":\"BreadcrumbList\",\"@id\":\"https:\\\/\\\/franciscobelmonte.com\\\/tienda\\\/botas-bmw-m-pro-race-gtx-negro\\\/#breadcrumb\",\"itemListElement\":[{\"@type\":\"ListItem\",\"position\":1,\"name\":\"Portada\",\"item\":\"https:\\\/\\\/franciscobelmonte.com\\\/tienda\\\/\"},{\"@type\":\"ListItem\",\"position\":2,\"name\":\"Tienda\",\"item\":\"https:\\\/\\\/franciscobelmonte.com\\\/tienda\\\/boutique-equipamiento-motero\\\/\"},{\"@type\":\"ListItem\",\"position\":3,\"name\":\"BOTAS BMW M PRO RACE GTX NEGRO\"}]},{\"@type\":\"WebSite\",\"@id\":\"https:\\\/\\\/franciscobelmonte.com\\\/tienda\\\/#website\",\"url\":\"https:\\\/\\\/franciscobelmonte.com\\\/tienda\\\/\",\"name\":\"Boutique Francisco Belmonte\",\"description\":\"Todo en complementos para motoristas\",\"publisher\":{\"@id\":\"https:\\\/\\\/franciscobelmonte.com\\\/tienda\\\/#organization\"},\"potentialAction\":[{\"@type\":\"SearchAction\",\"target\":{\"@type\":\"EntryPoint\",\"urlTemplate\":\"https:\\\/\\\/franciscobelmonte.com\\\/tienda\\\/?s={search_term_string}\"},\"query-input\":{\"@type\":\"PropertyValueSpecification\",\"valueRequired\":true,\"valueName\":\"search_term_string\"}}],\"inLanguage\":\"es\"},{\"@type\":\"Organization\",\"@id\":\"https:\\\/\\\/franciscobelmonte.com\\\/tienda\\\/#organization\",\"name\":\"Boutique Francisco Belmonte\",\"url\":\"https:\\\/\\\/franciscobelmonte.com\\\/tienda\\\/\",\"logo\":{\"@type\":\"ImageObject\",\"inLanguage\":\"es\",\"@id\":\"https:\\\/\\\/franciscobelmonte.com\\\/tienda\\\/#\\\/schema\\\/logo\\\/image\\\/\",\"url\":\"https:\\\/\\\/franciscobelmonte.com\\\/tienda\\\/wp-content\\\/uploads\\\/2021\\\/12\\\/Francisco-Belmonte-logo.png\",\"contentUrl\":\"https:\\\/\\\/franciscobelmonte.com\\\/tienda\\\/wp-content\\\/uploads\\\/2021\\\/12\\\/Francisco-Belmonte-logo.png\",\"width\":2153,\"height\":536,\"caption\":\"Boutique Francisco Belmonte\"},\"image\":{\"@id\":\"https:\\\/\\\/franciscobelmonte.com\\\/tienda\\\/#\\\/schema\\\/logo\\\/image\\\/\"},\"sameAs\":[\"https:\\\/\\\/www.facebook.com\\\/motosfranciscobelmonte\",\"https:\\\/\\\/www.instagram.com\\\/fco.belmonte\\\/\"]}]}<\/script>\n<!-- \/ Yoast SEO plugin. -->","yoast_head_json":{"title":"BOTAS BMW M PRO RACE GTX NEGRO - Boutique Francisco Belmonte","description":"Botas de moto Bmw M Pro Race GTX Negro. Botas de moto BMW en Belmoto Bmw Motorrad en Murcia, en sus diferentes colores, al mejor precio.","robots":{"index":"index","follow":"follow","max-snippet":"max-snippet:-1","max-image-preview":"max-image-preview:large","max-video-preview":"max-video-preview:-1"},"canonical":"https:\/\/franciscobelmonte.com\/tienda\/botas-bmw-m-pro-race-gtx-negro\/","og_locale":"es_ES","og_type":"article","og_title":"BOTAS BMW M PRO RACE GTX NEGRO - Boutique Francisco Belmonte","og_description":"Botas de moto Bmw M Pro Race GTX Negro. Botas de moto BMW en Belmoto Bmw Motorrad en Murcia, en sus diferentes colores, al mejor precio.","og_url":"https:\/\/franciscobelmonte.com\/tienda\/botas-bmw-m-pro-race-gtx-negro\/","og_site_name":"Boutique Francisco Belmonte","article_publisher":"https:\/\/www.facebook.com\/motosfranciscobelmonte","article_modified_time":"2026-03-26T08:40:34+00:00","og_image":[{"width":800,"height":800,"url":"https:\/\/franciscobelmonte.com\/tienda\/wp-content\/uploads\/2026\/03\/Botas-bmw-M-Pro-Race-GTX-unisex-negro.webp","type":"image\/webp"}],"twitter_card":"summary_large_image","twitter_misc":{"Tiempo de lectura":"1 minuto"},"schema":{"@context":"https:\/\/schema.org","@graph":[{"@type":"WebPage","@id":"https:\/\/franciscobelmonte.com\/tienda\/botas-bmw-m-pro-race-gtx-negro\/","url":"https:\/\/franciscobelmonte.com\/tienda\/botas-bmw-m-pro-race-gtx-negro\/","name":"BOTAS BMW M PRO RACE GTX NEGRO - Boutique Francisco Belmonte","isPartOf":{"@id":"https:\/\/franciscobelmonte.com\/tienda\/#website"},"primaryImageOfPage":{"@id":"https:\/\/franciscobelmonte.com\/tienda\/botas-bmw-m-pro-race-gtx-negro\/#primaryimage"},"image":{"@id":"https:\/\/franciscobelmonte.com\/tienda\/botas-bmw-m-pro-race-gtx-negro\/#primaryimage"},"thumbnailUrl":"https:\/\/franciscobelmonte.com\/tienda\/wp-content\/uploads\/2026\/03\/Botas-bmw-M-Pro-Race-GTX-unisex-negro.webp","datePublished":"2026-03-25T07:47:42+00:00","dateModified":"2026-03-26T08:40:34+00:00","description":"Botas de moto Bmw M Pro Race GTX Negro. Botas de moto BMW en Belmoto Bmw Motorrad en Murcia, en sus diferentes colores, al mejor precio.","breadcrumb":{"@id":"https:\/\/franciscobelmonte.com\/tienda\/botas-bmw-m-pro-race-gtx-negro\/#breadcrumb"},"inLanguage":"es","potentialAction":[{"@type":"ReadAction","target":["https:\/\/franciscobelmonte.com\/tienda\/botas-bmw-m-pro-race-gtx-negro\/"]}]},{"@type":"ImageObject","inLanguage":"es","@id":"https:\/\/franciscobelmonte.com\/tienda\/botas-bmw-m-pro-race-gtx-negro\/#primaryimage","url":"https:\/\/franciscobelmonte.com\/tienda\/wp-content\/uploads\/2026\/03\/Botas-bmw-M-Pro-Race-GTX-unisex-negro.webp","contentUrl":"https:\/\/franciscobelmonte.com\/tienda\/wp-content\/uploads\/2026\/03\/Botas-bmw-M-Pro-Race-GTX-unisex-negro.webp","width":800,"height":800,"caption":"Botas Bmw M Pro Race Gtx Unisex 2026 Negro en boutique belmoto motorrad murcia"},{"@type":"BreadcrumbList","@id":"https:\/\/franciscobelmonte.com\/tienda\/botas-bmw-m-pro-race-gtx-negro\/#breadcrumb","itemListElement":[{"@type":"ListItem","position":1,"name":"Portada","item":"https:\/\/franciscobelmonte.com\/tienda\/"},{"@type":"ListItem","position":2,"name":"Tienda","item":"https:\/\/franciscobelmonte.com\/tienda\/boutique-equipamiento-motero\/"},{"@type":"ListItem","position":3,"name":"BOTAS BMW M PRO RACE GTX NEGRO"}]},{"@type":"WebSite","@id":"https:\/\/franciscobelmonte.com\/tienda\/#website","url":"https:\/\/franciscobelmonte.com\/tienda\/","name":"Boutique Francisco Belmonte","description":"Todo en complementos para motoristas","publisher":{"@id":"https:\/\/franciscobelmonte.com\/tienda\/#organization"},"potentialAction":[{"@type":"SearchAction","target":{"@type":"EntryPoint","urlTemplate":"https:\/\/franciscobelmonte.com\/tienda\/?s={search_term_string}"},"query-input":{"@type":"PropertyValueSpecification","valueRequired":true,"valueName":"search_term_string"}}],"inLanguage":"es"},{"@type":"Organization","@id":"https:\/\/franciscobelmonte.com\/tienda\/#organization","name":"Boutique Francisco Belmonte","url":"https:\/\/franciscobelmonte.com\/tienda\/","logo":{"@type":"ImageObject","inLanguage":"es","@id":"https:\/\/franciscobelmonte.com\/tienda\/#\/schema\/logo\/image\/","url":"https:\/\/franciscobelmonte.com\/tienda\/wp-content\/uploads\/2021\/12\/Francisco-Belmonte-logo.png","contentUrl":"https:\/\/franciscobelmonte.com\/tienda\/wp-content\/uploads\/2021\/12\/Francisco-Belmonte-logo.png","width":2153,"height":536,"caption":"Boutique Francisco Belmonte"},"image":{"@id":"https:\/\/franciscobelmonte.com\/tienda\/#\/schema\/logo\/image\/"},"sameAs":["https:\/\/www.facebook.com\/motosfranciscobelmonte","https:\/\/www.instagram.com\/fco.belmonte\/"]}]}},"jetpack_sharing_enabled":true,"brands":[{"id":184,"name":"Bmw","slug":"bmw"}],"_links":{"self":[{"href":"https:\/\/franciscobelmonte.com\/tienda\/wp-json\/wp\/v2\/product\/14480","targetHints":{"allow":["GET"]}}],"collection":[{"href":"https:\/\/franciscobelmonte.com\/tienda\/wp-json\/wp\/v2\/product"}],"about":[{"href":"https:\/\/franciscobelmonte.com\/tienda\/wp-json\/wp\/v2\/types\/product"}],"replies":[{"embeddable":true,"href":"https:\/\/franciscobelmonte.com\/tienda\/wp-json\/wp\/v2\/comments?post=14480"}],"wp:featuredmedia":[{"embeddable":true,"href":"https:\/\/franciscobelmonte.com\/tienda\/wp-json\/wp\/v2\/media\/14485"}],"wp:attachment":[{"href":"https:\/\/franciscobelmonte.com\/tienda\/wp-json\/wp\/v2\/media?parent=14480"}],"wp:term":[{"taxonomy":"pwb-brand","embeddable":true,"href":"https:\/\/franciscobelmonte.com\/tienda\/wp-json\/wp\/v2\/pwb-brand?post=14480"},{"taxonomy":"product_brand","embeddable":true,"href":"https:\/\/franciscobelmonte.com\/tienda\/wp-json\/wp\/v2\/product_brand?post=14480"},{"taxonomy":"product_cat","embeddable":true,"href":"https:\/\/franciscobelmonte.com\/tienda\/wp-json\/wp\/v2\/product_cat?post=14480"},{"taxonomy":"product_tag","embeddable":true,"href":"https:\/\/franciscobelmonte.com\/tienda\/wp-json\/wp\/v2\/product_tag?post=14480"}],"curies":[{"name":"wp","href":"https:\/\/api.w.org\/{rel}","templated":true}]}}