{"id":14488,"date":"2026-03-26T09:49:32","date_gmt":"2026-03-26T07:49:32","guid":{"rendered":"https:\/\/franciscobelmonte.com\/tienda\/?post_type=product&#038;p=14488"},"modified":"2026-03-26T12:40:00","modified_gmt":"2026-03-26T10:40:00","slug":"botas-bmw-soulor-gore-tex-negro","status":"publish","type":"product","link":"https:\/\/franciscobelmonte.com\/tienda\/botas-bmw-soulor-gore-tex-negro\/","title":{"rendered":"BOTAS BMW SOULOR GORE-TEX NEGRO"},"content":{"rendered":"<h2>Botas Bmw Soulor Gore-Tex Negro<\/h2>\n<p>Las\u00a0<strong><b>botas de moto BMW Soulor Gore-Tex<\/b><\/strong>\u00a0unisex son ideales para largos trayectos por carretera en condiciones de calor y durante la entretiempo. Destacan especialmente por su tecnolog\u00eda Gore-Tex, que garantiza tanto la ventilaci\u00f3n como la impermeabilidad.<\/p>\n<p><strong><b>La comodidad de las botas BMW Soulor GTX<\/b><\/strong><\/p>\n<p>Las\u00a0<strong><b>botas de moto BMW Soulor Gore-Tex<\/b><\/strong>\u00a0est\u00e1n dise\u00f1adas para ofrecer la mejor experiencia de conducci\u00f3n en largos viajes por carretera, en todo tipo de condiciones meteorol\u00f3gicas.<\/p>\n<p>La\u00a0<strong><b>tecnolog\u00eda Gore-Tex<\/b><\/strong>\u00a0es una gran ventaja de estas botas: gracias a ella, son a la vez\u00a0<strong><b>impermeables<\/b><\/strong>\u00a0y altamente\u00a0<strong><b>transpirables<\/b><\/strong>. Incorporan la\u00a0<strong><b>tecnolog\u00eda de ventilaci\u00f3n Gore-Tex Flow Surround 360\u00b0<\/b><\/strong>, que permite una circulaci\u00f3n de aire eficaz en todo el conjunto de la bota. La ventilaci\u00f3n tambi\u00e9n est\u00e1 integrada en la construcci\u00f3n de la ca\u00f1a, fabricada en tejido 3D de poli\u00e9ster parcialmente reciclado. Esta ventilaci\u00f3n sigue siendo eficaz incluso con altas temperaturas.<\/p>\n<p>La experiencia de\u00a0<strong><b>confort<\/b><\/strong>\u00a0comienza desde el primer momento gracias a la\u00a0<strong><b>cremallera lateral<\/b><\/strong>, que facilita el calzado. El cierre tambi\u00e9n es sencillo y preciso gracias al\u00a0<strong><b>Freelock quick release<\/b><\/strong>, un sistema de ajuste sin cordones ni nudos. La suela amortiguadora Vibram garantiza comodidad tanto al conducir como al caminar.<\/p>\n<p>Para mantener un peso reducido, las botas est\u00e1n fabricadas con un 90% de poli\u00e9ster y un 10% de TPU (pl\u00e1stico reforzado), mientras que la suela exterior est\u00e1 compuesta por un 90% de etileno-acetato de vinilo y un 10% de caucho.<\/p>\n<p><strong><b>La seguridad de las botas BMW Motorrad Soulor Gore-Tex<\/b><\/strong><\/p>\n<p>Las\u00a0<strong><b>botas de moto BMW Soulor Gore-Tex<\/b><\/strong>\u00a0ofrecen una protecci\u00f3n adecuada para largos recorridos por carretera. Incorporan\u00a0<strong><b>protecciones en la zona del tobillo y de la tibia<\/b><\/strong>, esta \u00faltima integrada directamente en la ca\u00f1a. Las protecciones de tobillo ayudan a proteger el mal\u00e9olo en caso de ca\u00edda.<\/p>\n<p>Se integran\u00a0<strong><b>refuerzos adicionales<\/b><\/strong>\u00a0en la zona de los dedos del pie en contacto con la palanca de cambios, para garantizar la durabilidad de las botas.<\/p>\n<p>La suela exterior es una\u00a0<strong><b>suela VIBRAM<\/b><\/strong>\u00a0antideslizante, que ofrece una alta resistencia al aceite y al combustible y garantiza una\u00a0<strong><b>adherencia \u00f3ptima<\/b><\/strong>.<\/p>\n<p>El conjunto de estas protecciones y su construcci\u00f3n permite que las botas est\u00e9n\u00a0<strong><b>homologadas seg\u00fan la norma DIN EN 13634<\/b><\/strong>.<\/p>\n<p><strong><b>Informaci\u00f3n adicional:<\/b><\/strong><\/p>\n<ul>\n<li>Uso: touring, roadster<\/li>\n<li>Temporada: verano, entretiempo<\/li>\n<li>Sexo: unisex<\/li>\n<li>Composici\u00f3n: 90% poli\u00e9ster, 10% TPU; suela 90% etileno-acetato de vinilo, 10% caucho<\/li>\n<li>Protecciones: tobillo y tibia; refuerzos en la puntera<\/li>\n<li>Homologaci\u00f3n: DIN EN 13634<\/li>\n<li>Impermeable: s\u00ed<\/li>\n<li>Sistema de ventilaci\u00f3n: 360\u00b0 GORE Flow Surround (ventilaci\u00f3n de 360 grados)<\/li>\n<li>Sistema de cierre Freelock Quick-Release<\/li>\n<\/ul>\n<p>&nbsp;<\/p>\n<p>&nbsp;<\/p>\n<p>&nbsp;<\/p>\n<p>&nbsp;<\/p>\n<p>&nbsp;<\/p>\n<p>&nbsp;<\/p>\n<p>&nbsp;<\/p>\n<p>&nbsp;<\/p>\n<p>&nbsp;<\/p>\n","protected":false},"excerpt":{"rendered":"<p>Las\u00a0<strong><b>botas de moto BMW Soulor Gore-Tex<\/b><\/strong>\u00a0unisex son ideales para largos trayectos por carretera en condiciones de calor y durante la entretiempo. Destacan especialmente por su tecnolog\u00eda Gore-Tex, que garantiza tanto la ventilaci\u00f3n como la impermeabilidad.<\/p>\n<p><strong><b>La comodidad de las botas BMW Soulor GTX<\/b><\/strong><\/p>\n","protected":false},"featured_media":14497,"comment_status":"open","ping_status":"closed","template":"","meta":{"_themeisle_gutenberg_block_has_review":false},"pwb-brand":[184],"product_brand":[],"product_cat":[356,361],"product_tag":[],"class_list":{"0":"post-14488","1":"product","2":"type-product","3":"status-publish","4":"has-post-thumbnail","6":"pwb-brand-bmw","7":"product_cat-boutique-bmw","8":"product_cat-botas-bmw-motorrad","10":"first","11":"instock","12":"taxable","13":"shipping-taxable","14":"purchasable","15":"product-type-variable","16":"has-default-attributes"},"yoast_head":"<!-- This site is optimized with the Yoast SEO plugin v27.3 - https:\/\/yoast.com\/product\/yoast-seo-wordpress\/ -->\n<title>BOTAS BMW SOULOR GORE-TEX NEGRO - Boutique Francisco Belmonte<\/title>\n<meta name=\"description\" content=\"Botas de moto Bmw Soulor Gore-tex Negro. Botas de moto BMW en Belmoto Bmw Motorrad en Murcia, en sus diferentes colores, al mejor precio.\" \/>\n<meta name=\"robots\" content=\"index, follow, max-snippet:-1, max-image-preview:large, max-video-preview:-1\" \/>\n<link rel=\"canonical\" href=\"https:\/\/franciscobelmonte.com\/tienda\/botas-bmw-soulor-gore-tex-negro\/\" \/>\n<meta property=\"og:locale\" content=\"es_ES\" \/>\n<meta property=\"og:type\" content=\"article\" \/>\n<meta property=\"og:title\" content=\"BOTAS BMW SOULOR GORE-TEX NEGRO - Boutique Francisco Belmonte\" \/>\n<meta property=\"og:description\" content=\"Botas de moto Bmw Soulor Gore-tex Negro. Botas de moto BMW en Belmoto Bmw Motorrad en Murcia, en sus diferentes colores, al mejor precio.\" \/>\n<meta property=\"og:url\" content=\"https:\/\/franciscobelmonte.com\/tienda\/botas-bmw-soulor-gore-tex-negro\/\" \/>\n<meta property=\"og:site_name\" content=\"Boutique Francisco Belmonte\" \/>\n<meta property=\"article:publisher\" content=\"https:\/\/www.facebook.com\/motosfranciscobelmonte\" \/>\n<meta property=\"article:modified_time\" content=\"2026-03-26T10:40:00+00:00\" \/>\n<meta property=\"og:image\" content=\"https:\/\/franciscobelmonte.com\/tienda\/wp-content\/uploads\/2026\/03\/Botas-de-moto-BMW-Soulor-GORE-TEX-negro.webp\" \/>\n\t<meta property=\"og:image:width\" content=\"800\" \/>\n\t<meta property=\"og:image:height\" content=\"800\" \/>\n\t<meta property=\"og:image:type\" content=\"image\/webp\" \/>\n<meta name=\"twitter:card\" content=\"summary_large_image\" \/>\n<meta name=\"twitter:label1\" content=\"Tiempo de lectura\" \/>\n\t<meta name=\"twitter:data1\" content=\"1 minuto\" \/>\n<script type=\"application\/ld+json\" class=\"yoast-schema-graph\">{\"@context\":\"https:\\\/\\\/schema.org\",\"@graph\":[{\"@type\":\"WebPage\",\"@id\":\"https:\\\/\\\/franciscobelmonte.com\\\/tienda\\\/botas-bmw-soulor-gore-tex-negro\\\/\",\"url\":\"https:\\\/\\\/franciscobelmonte.com\\\/tienda\\\/botas-bmw-soulor-gore-tex-negro\\\/\",\"name\":\"BOTAS BMW SOULOR GORE-TEX NEGRO - Boutique Francisco Belmonte\",\"isPartOf\":{\"@id\":\"https:\\\/\\\/franciscobelmonte.com\\\/tienda\\\/#website\"},\"primaryImageOfPage\":{\"@id\":\"https:\\\/\\\/franciscobelmonte.com\\\/tienda\\\/botas-bmw-soulor-gore-tex-negro\\\/#primaryimage\"},\"image\":{\"@id\":\"https:\\\/\\\/franciscobelmonte.com\\\/tienda\\\/botas-bmw-soulor-gore-tex-negro\\\/#primaryimage\"},\"thumbnailUrl\":\"https:\\\/\\\/franciscobelmonte.com\\\/tienda\\\/wp-content\\\/uploads\\\/2026\\\/03\\\/Botas-de-moto-BMW-Soulor-GORE-TEX-negro.webp\",\"datePublished\":\"2026-03-26T07:49:32+00:00\",\"dateModified\":\"2026-03-26T10:40:00+00:00\",\"description\":\"Botas de moto Bmw Soulor Gore-tex Negro. Botas de moto BMW en Belmoto Bmw Motorrad en Murcia, en sus diferentes colores, al mejor precio.\",\"breadcrumb\":{\"@id\":\"https:\\\/\\\/franciscobelmonte.com\\\/tienda\\\/botas-bmw-soulor-gore-tex-negro\\\/#breadcrumb\"},\"inLanguage\":\"es\",\"potentialAction\":[{\"@type\":\"ReadAction\",\"target\":[\"https:\\\/\\\/franciscobelmonte.com\\\/tienda\\\/botas-bmw-soulor-gore-tex-negro\\\/\"]}]},{\"@type\":\"ImageObject\",\"inLanguage\":\"es\",\"@id\":\"https:\\\/\\\/franciscobelmonte.com\\\/tienda\\\/botas-bmw-soulor-gore-tex-negro\\\/#primaryimage\",\"url\":\"https:\\\/\\\/franciscobelmonte.com\\\/tienda\\\/wp-content\\\/uploads\\\/2026\\\/03\\\/Botas-de-moto-BMW-Soulor-GORE-TEX-negro.webp\",\"contentUrl\":\"https:\\\/\\\/franciscobelmonte.com\\\/tienda\\\/wp-content\\\/uploads\\\/2026\\\/03\\\/Botas-de-moto-BMW-Soulor-GORE-TEX-negro.webp\",\"width\":800,\"height\":800,\"caption\":\"Botas de moto BMW Soulor GORE-TEX negro en boutique belmoto bmw motorrad murcia\"},{\"@type\":\"BreadcrumbList\",\"@id\":\"https:\\\/\\\/franciscobelmonte.com\\\/tienda\\\/botas-bmw-soulor-gore-tex-negro\\\/#breadcrumb\",\"itemListElement\":[{\"@type\":\"ListItem\",\"position\":1,\"name\":\"Portada\",\"item\":\"https:\\\/\\\/franciscobelmonte.com\\\/tienda\\\/\"},{\"@type\":\"ListItem\",\"position\":2,\"name\":\"Tienda\",\"item\":\"https:\\\/\\\/franciscobelmonte.com\\\/tienda\\\/boutique-equipamiento-motero\\\/\"},{\"@type\":\"ListItem\",\"position\":3,\"name\":\"BOTAS BMW SOULOR GORE-TEX NEGRO\"}]},{\"@type\":\"WebSite\",\"@id\":\"https:\\\/\\\/franciscobelmonte.com\\\/tienda\\\/#website\",\"url\":\"https:\\\/\\\/franciscobelmonte.com\\\/tienda\\\/\",\"name\":\"Boutique Francisco Belmonte\",\"description\":\"Todo en complementos para motoristas\",\"publisher\":{\"@id\":\"https:\\\/\\\/franciscobelmonte.com\\\/tienda\\\/#organization\"},\"potentialAction\":[{\"@type\":\"SearchAction\",\"target\":{\"@type\":\"EntryPoint\",\"urlTemplate\":\"https:\\\/\\\/franciscobelmonte.com\\\/tienda\\\/?s={search_term_string}\"},\"query-input\":{\"@type\":\"PropertyValueSpecification\",\"valueRequired\":true,\"valueName\":\"search_term_string\"}}],\"inLanguage\":\"es\"},{\"@type\":\"Organization\",\"@id\":\"https:\\\/\\\/franciscobelmonte.com\\\/tienda\\\/#organization\",\"name\":\"Boutique Francisco Belmonte\",\"url\":\"https:\\\/\\\/franciscobelmonte.com\\\/tienda\\\/\",\"logo\":{\"@type\":\"ImageObject\",\"inLanguage\":\"es\",\"@id\":\"https:\\\/\\\/franciscobelmonte.com\\\/tienda\\\/#\\\/schema\\\/logo\\\/image\\\/\",\"url\":\"https:\\\/\\\/franciscobelmonte.com\\\/tienda\\\/wp-content\\\/uploads\\\/2021\\\/12\\\/Francisco-Belmonte-logo.png\",\"contentUrl\":\"https:\\\/\\\/franciscobelmonte.com\\\/tienda\\\/wp-content\\\/uploads\\\/2021\\\/12\\\/Francisco-Belmonte-logo.png\",\"width\":2153,\"height\":536,\"caption\":\"Boutique Francisco Belmonte\"},\"image\":{\"@id\":\"https:\\\/\\\/franciscobelmonte.com\\\/tienda\\\/#\\\/schema\\\/logo\\\/image\\\/\"},\"sameAs\":[\"https:\\\/\\\/www.facebook.com\\\/motosfranciscobelmonte\",\"https:\\\/\\\/www.instagram.com\\\/fco.belmonte\\\/\"]}]}<\/script>\n<!-- \/ Yoast SEO plugin. -->","yoast_head_json":{"title":"BOTAS BMW SOULOR GORE-TEX NEGRO - Boutique Francisco Belmonte","description":"Botas de moto Bmw Soulor Gore-tex Negro. Botas de moto BMW en Belmoto Bmw Motorrad en Murcia, en sus diferentes colores, al mejor precio.","robots":{"index":"index","follow":"follow","max-snippet":"max-snippet:-1","max-image-preview":"max-image-preview:large","max-video-preview":"max-video-preview:-1"},"canonical":"https:\/\/franciscobelmonte.com\/tienda\/botas-bmw-soulor-gore-tex-negro\/","og_locale":"es_ES","og_type":"article","og_title":"BOTAS BMW SOULOR GORE-TEX NEGRO - Boutique Francisco Belmonte","og_description":"Botas de moto Bmw Soulor Gore-tex Negro. Botas de moto BMW en Belmoto Bmw Motorrad en Murcia, en sus diferentes colores, al mejor precio.","og_url":"https:\/\/franciscobelmonte.com\/tienda\/botas-bmw-soulor-gore-tex-negro\/","og_site_name":"Boutique Francisco Belmonte","article_publisher":"https:\/\/www.facebook.com\/motosfranciscobelmonte","article_modified_time":"2026-03-26T10:40:00+00:00","og_image":[{"width":800,"height":800,"url":"https:\/\/franciscobelmonte.com\/tienda\/wp-content\/uploads\/2026\/03\/Botas-de-moto-BMW-Soulor-GORE-TEX-negro.webp","type":"image\/webp"}],"twitter_card":"summary_large_image","twitter_misc":{"Tiempo de lectura":"1 minuto"},"schema":{"@context":"https:\/\/schema.org","@graph":[{"@type":"WebPage","@id":"https:\/\/franciscobelmonte.com\/tienda\/botas-bmw-soulor-gore-tex-negro\/","url":"https:\/\/franciscobelmonte.com\/tienda\/botas-bmw-soulor-gore-tex-negro\/","name":"BOTAS BMW SOULOR GORE-TEX NEGRO - Boutique Francisco Belmonte","isPartOf":{"@id":"https:\/\/franciscobelmonte.com\/tienda\/#website"},"primaryImageOfPage":{"@id":"https:\/\/franciscobelmonte.com\/tienda\/botas-bmw-soulor-gore-tex-negro\/#primaryimage"},"image":{"@id":"https:\/\/franciscobelmonte.com\/tienda\/botas-bmw-soulor-gore-tex-negro\/#primaryimage"},"thumbnailUrl":"https:\/\/franciscobelmonte.com\/tienda\/wp-content\/uploads\/2026\/03\/Botas-de-moto-BMW-Soulor-GORE-TEX-negro.webp","datePublished":"2026-03-26T07:49:32+00:00","dateModified":"2026-03-26T10:40:00+00:00","description":"Botas de moto Bmw Soulor Gore-tex Negro. Botas de moto BMW en Belmoto Bmw Motorrad en Murcia, en sus diferentes colores, al mejor precio.","breadcrumb":{"@id":"https:\/\/franciscobelmonte.com\/tienda\/botas-bmw-soulor-gore-tex-negro\/#breadcrumb"},"inLanguage":"es","potentialAction":[{"@type":"ReadAction","target":["https:\/\/franciscobelmonte.com\/tienda\/botas-bmw-soulor-gore-tex-negro\/"]}]},{"@type":"ImageObject","inLanguage":"es","@id":"https:\/\/franciscobelmonte.com\/tienda\/botas-bmw-soulor-gore-tex-negro\/#primaryimage","url":"https:\/\/franciscobelmonte.com\/tienda\/wp-content\/uploads\/2026\/03\/Botas-de-moto-BMW-Soulor-GORE-TEX-negro.webp","contentUrl":"https:\/\/franciscobelmonte.com\/tienda\/wp-content\/uploads\/2026\/03\/Botas-de-moto-BMW-Soulor-GORE-TEX-negro.webp","width":800,"height":800,"caption":"Botas de moto BMW Soulor GORE-TEX negro en boutique belmoto bmw motorrad murcia"},{"@type":"BreadcrumbList","@id":"https:\/\/franciscobelmonte.com\/tienda\/botas-bmw-soulor-gore-tex-negro\/#breadcrumb","itemListElement":[{"@type":"ListItem","position":1,"name":"Portada","item":"https:\/\/franciscobelmonte.com\/tienda\/"},{"@type":"ListItem","position":2,"name":"Tienda","item":"https:\/\/franciscobelmonte.com\/tienda\/boutique-equipamiento-motero\/"},{"@type":"ListItem","position":3,"name":"BOTAS BMW SOULOR GORE-TEX NEGRO"}]},{"@type":"WebSite","@id":"https:\/\/franciscobelmonte.com\/tienda\/#website","url":"https:\/\/franciscobelmonte.com\/tienda\/","name":"Boutique Francisco Belmonte","description":"Todo en complementos para motoristas","publisher":{"@id":"https:\/\/franciscobelmonte.com\/tienda\/#organization"},"potentialAction":[{"@type":"SearchAction","target":{"@type":"EntryPoint","urlTemplate":"https:\/\/franciscobelmonte.com\/tienda\/?s={search_term_string}"},"query-input":{"@type":"PropertyValueSpecification","valueRequired":true,"valueName":"search_term_string"}}],"inLanguage":"es"},{"@type":"Organization","@id":"https:\/\/franciscobelmonte.com\/tienda\/#organization","name":"Boutique Francisco Belmonte","url":"https:\/\/franciscobelmonte.com\/tienda\/","logo":{"@type":"ImageObject","inLanguage":"es","@id":"https:\/\/franciscobelmonte.com\/tienda\/#\/schema\/logo\/image\/","url":"https:\/\/franciscobelmonte.com\/tienda\/wp-content\/uploads\/2021\/12\/Francisco-Belmonte-logo.png","contentUrl":"https:\/\/franciscobelmonte.com\/tienda\/wp-content\/uploads\/2021\/12\/Francisco-Belmonte-logo.png","width":2153,"height":536,"caption":"Boutique Francisco Belmonte"},"image":{"@id":"https:\/\/franciscobelmonte.com\/tienda\/#\/schema\/logo\/image\/"},"sameAs":["https:\/\/www.facebook.com\/motosfranciscobelmonte","https:\/\/www.instagram.com\/fco.belmonte\/"]}]}},"jetpack_sharing_enabled":true,"brands":[{"id":184,"name":"Bmw","slug":"bmw"}],"_links":{"self":[{"href":"https:\/\/franciscobelmonte.com\/tienda\/wp-json\/wp\/v2\/product\/14488","targetHints":{"allow":["GET"]}}],"collection":[{"href":"https:\/\/franciscobelmonte.com\/tienda\/wp-json\/wp\/v2\/product"}],"about":[{"href":"https:\/\/franciscobelmonte.com\/tienda\/wp-json\/wp\/v2\/types\/product"}],"replies":[{"embeddable":true,"href":"https:\/\/franciscobelmonte.com\/tienda\/wp-json\/wp\/v2\/comments?post=14488"}],"wp:featuredmedia":[{"embeddable":true,"href":"https:\/\/franciscobelmonte.com\/tienda\/wp-json\/wp\/v2\/media\/14497"}],"wp:attachment":[{"href":"https:\/\/franciscobelmonte.com\/tienda\/wp-json\/wp\/v2\/media?parent=14488"}],"wp:term":[{"taxonomy":"pwb-brand","embeddable":true,"href":"https:\/\/franciscobelmonte.com\/tienda\/wp-json\/wp\/v2\/pwb-brand?post=14488"},{"taxonomy":"product_brand","embeddable":true,"href":"https:\/\/franciscobelmonte.com\/tienda\/wp-json\/wp\/v2\/product_brand?post=14488"},{"taxonomy":"product_cat","embeddable":true,"href":"https:\/\/franciscobelmonte.com\/tienda\/wp-json\/wp\/v2\/product_cat?post=14488"},{"taxonomy":"product_tag","embeddable":true,"href":"https:\/\/franciscobelmonte.com\/tienda\/wp-json\/wp\/v2\/product_tag?post=14488"}],"curies":[{"name":"wp","href":"https:\/\/api.w.org\/{rel}","templated":true}]}}