{"id":1548,"date":"2022-03-04T16:16:02","date_gmt":"2022-03-04T16:16:02","guid":{"rendered":"https:\/\/franciscobelmonte.com\/tienda\/?post_type=product&#038;p=1548"},"modified":"2025-12-19T19:35:52","modified_gmt":"2025-12-19T17:35:52","slug":"quarter-mile-tundra-evo-regular-lady-negro","status":"publish","type":"product","link":"https:\/\/franciscobelmonte.com\/tienda\/quarter-mile-tundra-evo-regular-lady-negro\/","title":{"rendered":"PANTALON QUARTER MILE TUNDRA EVO REGULAR LADY NEGRO"},"content":{"rendered":"<h1>Pantal\u00f3n Quarter Mile Tundra Evo Regular Lady Negro<\/h1>\n<p>El pantal\u00f3n tundra es perfecto para casi cualquier situaci\u00f3n, ya que su composici\u00f3n tricapa permite una protecci\u00f3n sobresaliente contra el fr\u00edo y seg\u00fan aumenta la temperatura, podemos ir desmontando el forro t\u00e9rmico, impermeable o ambos.<br \/>\nGracias a su fabricaci\u00f3n en polyester 600D, su resistencia frente a la abrasi\u00f3n o impactos es excelente. Incorpora zonas en fourb (4B) que permite una flexi\u00f3n m\u00e1s natural en la zona de la ingle, facilitando el movimiento a la hora de subir o bajar de la moto.<br \/>\nEs un pantal\u00f3n repleto de detalles, como su protector en la parte interior del tobillo y el ajuste por velcro de la parte exterior que incluye un reflectante para mejorar la seguridad en la noche.<br \/>\nSus fuelles en la zona lumbar y en las rodillas mejoran el confort cuando conducimos una R o llevamos una posici\u00f3n m\u00e1s deportiva.<br \/>\nIncorpora tirantes desmontables y cremallera, ajuste en cintura\u00a0 y unas peque\u00f1as ventilaciones en los muslos para mejorar el flujo de aire en verano.<br \/>\nIncorpora set de protecciones completo: rodilla y cadera.<\/p>\n<p><strong>Exterior del pantal\u00f3n<\/strong><\/p>\n<ul>\n<li>Confeccionado en Mix Polyester Cordura 600 &amp; Rev.<\/li>\n<li>Tecnolog\u00eda AAS air flow, Air Pockets en pierna.<\/li>\n<li>2 bolsillos exteriores frontales. Tirantes desmontables y cremallera de uni\u00f3n.<\/li>\n<li>Tecnolog\u00eda Perfect Fit. Strech panel en ingles.<\/li>\n<li>Ajustes en cintura y tobillos. Reflectante en pierna.<\/li>\n<\/ul>\n<p><strong>Interior del pantal\u00f3n<\/strong><\/p>\n<ul>\n<li>Tecnolog\u00eda TRISTAR, 3 forros en el interior.<\/li>\n<li>Forro fijo micro perforado + Membrana Q Dry Tex, transpirable e impermeable desmontable.<\/li>\n<li>Forro desmontable Thermal Line.<\/li>\n<li>Protecciones CEE en rodillas. Desmontables.<\/li>\n<\/ul>\n<p>&nbsp;<\/p>\n<p>&nbsp;<\/p>\n","protected":false},"excerpt":{"rendered":"<p>El pantal\u00f3n tundra es perfecto para casi cualquier situaci\u00f3n, ya que su composici\u00f3n tricapa permite una protecci\u00f3n sobresaliente contra el fr\u00edo y seg\u00fan aumenta la temperatura, podemos ir desmontando el forro t\u00e9rmico, impermeable o ambos.<br \/>\nGracias a su fabricaci\u00f3n en polyester 600D, su resistencia frente a la abrasi\u00f3n o impactos es excelente.<\/p>\n<p><a style=\"color: #0000ff;\" href=\"https:\/\/franciscobelmonte.com\/tienda\/wp-content\/uploads\/2022\/09\/Tallas-chaquetas-y-pantalones-quarter-mile-mujer.png\" target=\"_blank\" rel=\"noopener\"><span style=\"font-size: xx-small;\"> Ver gu\u00eda de tallas<\/span><\/a><\/p>\n","protected":false},"featured_media":1555,"comment_status":"open","ping_status":"closed","template":"","meta":{"_themeisle_gutenberg_block_has_review":false},"pwb-brand":[194],"product_brand":[],"product_cat":[61,142],"product_tag":[865,885,781,849],"class_list":{"0":"post-1548","1":"product","2":"type-product","3":"status-publish","4":"has-post-thumbnail","6":"pwb-brand-quarter-mile","7":"product_cat-pantalones","8":"product_cat-pantalones-de-moto-invierno","9":"product_tag-865","10":"product_tag-dto-navideno-25","11":"product_tag-quarter-mile-sin-rebajas-10","12":"product_tag-rebajas-ropa-invierno-25","14":"first","15":"instock","16":"sale","17":"taxable","18":"shipping-taxable","19":"purchasable","20":"product-type-variable","21":"has-default-attributes"},"yoast_head":"<!-- This site is optimized with the Yoast SEO plugin v27.4 - https:\/\/yoast.com\/product\/yoast-seo-wordpress\/ -->\n<title>PANTALON QUARTER MILE TUNDRA EVO REGULAR LADY NEGRO - Boutique Francisco Belmonte<\/title>\n<meta name=\"description\" content=\"Pantal\u00f3n Quarter Mile Tundra Evo Regular Lady negro. Puedes descubrirlo en nuestra Boutique Francisco Belmonte en Murcia.\" \/>\n<meta name=\"robots\" content=\"index, follow, max-snippet:-1, max-image-preview:large, max-video-preview:-1\" \/>\n<link rel=\"canonical\" href=\"https:\/\/franciscobelmonte.com\/tienda\/quarter-mile-tundra-evo-regular-lady-negro\/\" \/>\n<meta property=\"og:locale\" content=\"es_ES\" \/>\n<meta property=\"og:type\" content=\"article\" \/>\n<meta property=\"og:title\" content=\"PANTALON QUARTER MILE TUNDRA EVO REGULAR LADY NEGRO - Boutique Francisco Belmonte\" \/>\n<meta property=\"og:description\" content=\"Pantal\u00f3n Quarter Mile Tundra Evo Regular Lady negro. Puedes descubrirlo en nuestra Boutique Francisco Belmonte en Murcia.\" \/>\n<meta property=\"og:url\" content=\"https:\/\/franciscobelmonte.com\/tienda\/quarter-mile-tundra-evo-regular-lady-negro\/\" \/>\n<meta property=\"og:site_name\" content=\"Boutique Francisco Belmonte\" \/>\n<meta property=\"article:publisher\" content=\"https:\/\/www.facebook.com\/motosfranciscobelmonte\" \/>\n<meta property=\"article:modified_time\" content=\"2025-12-19T17:35:52+00:00\" \/>\n<meta property=\"og:image\" content=\"https:\/\/franciscobelmonte.com\/tienda\/wp-content\/uploads\/2022\/03\/pantalon-quarter-mile-tundra-evo-lady-negro.jpg\" \/>\n\t<meta property=\"og:image:width\" content=\"800\" \/>\n\t<meta property=\"og:image:height\" content=\"800\" \/>\n\t<meta property=\"og:image:type\" content=\"image\/jpeg\" \/>\n<meta name=\"twitter:card\" content=\"summary_large_image\" \/>\n<meta name=\"twitter:label1\" content=\"Tiempo de lectura\" \/>\n\t<meta name=\"twitter:data1\" content=\"2 minutos\" \/>\n<script type=\"application\/ld+json\" class=\"yoast-schema-graph\">{\"@context\":\"https:\\\/\\\/schema.org\",\"@graph\":[{\"@type\":\"WebPage\",\"@id\":\"https:\\\/\\\/franciscobelmonte.com\\\/tienda\\\/quarter-mile-tundra-evo-regular-lady-negro\\\/\",\"url\":\"https:\\\/\\\/franciscobelmonte.com\\\/tienda\\\/quarter-mile-tundra-evo-regular-lady-negro\\\/\",\"name\":\"PANTALON QUARTER MILE TUNDRA EVO REGULAR LADY NEGRO - Boutique Francisco Belmonte\",\"isPartOf\":{\"@id\":\"https:\\\/\\\/franciscobelmonte.com\\\/tienda\\\/#website\"},\"primaryImageOfPage\":{\"@id\":\"https:\\\/\\\/franciscobelmonte.com\\\/tienda\\\/quarter-mile-tundra-evo-regular-lady-negro\\\/#primaryimage\"},\"image\":{\"@id\":\"https:\\\/\\\/franciscobelmonte.com\\\/tienda\\\/quarter-mile-tundra-evo-regular-lady-negro\\\/#primaryimage\"},\"thumbnailUrl\":\"https:\\\/\\\/franciscobelmonte.com\\\/tienda\\\/wp-content\\\/uploads\\\/2022\\\/03\\\/pantalon-quarter-mile-tundra-evo-lady-negro.jpg\",\"datePublished\":\"2022-03-04T16:16:02+00:00\",\"dateModified\":\"2025-12-19T17:35:52+00:00\",\"description\":\"Pantal\u00f3n Quarter Mile Tundra Evo Regular Lady negro. Puedes descubrirlo en nuestra Boutique Francisco Belmonte en Murcia.\",\"breadcrumb\":{\"@id\":\"https:\\\/\\\/franciscobelmonte.com\\\/tienda\\\/quarter-mile-tundra-evo-regular-lady-negro\\\/#breadcrumb\"},\"inLanguage\":\"es\",\"potentialAction\":[{\"@type\":\"ReadAction\",\"target\":[\"https:\\\/\\\/franciscobelmonte.com\\\/tienda\\\/quarter-mile-tundra-evo-regular-lady-negro\\\/\"]}]},{\"@type\":\"ImageObject\",\"inLanguage\":\"es\",\"@id\":\"https:\\\/\\\/franciscobelmonte.com\\\/tienda\\\/quarter-mile-tundra-evo-regular-lady-negro\\\/#primaryimage\",\"url\":\"https:\\\/\\\/franciscobelmonte.com\\\/tienda\\\/wp-content\\\/uploads\\\/2022\\\/03\\\/pantalon-quarter-mile-tundra-evo-lady-negro.jpg\",\"contentUrl\":\"https:\\\/\\\/franciscobelmonte.com\\\/tienda\\\/wp-content\\\/uploads\\\/2022\\\/03\\\/pantalon-quarter-mile-tundra-evo-lady-negro.jpg\",\"width\":800,\"height\":800,\"caption\":\"pantalon quarter mile tundra evo lady negro en murcia francisco belmonte\"},{\"@type\":\"BreadcrumbList\",\"@id\":\"https:\\\/\\\/franciscobelmonte.com\\\/tienda\\\/quarter-mile-tundra-evo-regular-lady-negro\\\/#breadcrumb\",\"itemListElement\":[{\"@type\":\"ListItem\",\"position\":1,\"name\":\"Portada\",\"item\":\"https:\\\/\\\/franciscobelmonte.com\\\/tienda\\\/\"},{\"@type\":\"ListItem\",\"position\":2,\"name\":\"Tienda\",\"item\":\"https:\\\/\\\/franciscobelmonte.com\\\/tienda\\\/boutique-equipamiento-motero\\\/\"},{\"@type\":\"ListItem\",\"position\":3,\"name\":\"PANTALON QUARTER MILE TUNDRA EVO REGULAR LADY NEGRO\"}]},{\"@type\":\"WebSite\",\"@id\":\"https:\\\/\\\/franciscobelmonte.com\\\/tienda\\\/#website\",\"url\":\"https:\\\/\\\/franciscobelmonte.com\\\/tienda\\\/\",\"name\":\"Boutique Francisco Belmonte\",\"description\":\"Todo en complementos para motoristas\",\"publisher\":{\"@id\":\"https:\\\/\\\/franciscobelmonte.com\\\/tienda\\\/#organization\"},\"potentialAction\":[{\"@type\":\"SearchAction\",\"target\":{\"@type\":\"EntryPoint\",\"urlTemplate\":\"https:\\\/\\\/franciscobelmonte.com\\\/tienda\\\/?s={search_term_string}\"},\"query-input\":{\"@type\":\"PropertyValueSpecification\",\"valueRequired\":true,\"valueName\":\"search_term_string\"}}],\"inLanguage\":\"es\"},{\"@type\":\"Organization\",\"@id\":\"https:\\\/\\\/franciscobelmonte.com\\\/tienda\\\/#organization\",\"name\":\"Boutique Francisco Belmonte\",\"url\":\"https:\\\/\\\/franciscobelmonte.com\\\/tienda\\\/\",\"logo\":{\"@type\":\"ImageObject\",\"inLanguage\":\"es\",\"@id\":\"https:\\\/\\\/franciscobelmonte.com\\\/tienda\\\/#\\\/schema\\\/logo\\\/image\\\/\",\"url\":\"https:\\\/\\\/franciscobelmonte.com\\\/tienda\\\/wp-content\\\/uploads\\\/2021\\\/12\\\/Francisco-Belmonte-logo.png\",\"contentUrl\":\"https:\\\/\\\/franciscobelmonte.com\\\/tienda\\\/wp-content\\\/uploads\\\/2021\\\/12\\\/Francisco-Belmonte-logo.png\",\"width\":2153,\"height\":536,\"caption\":\"Boutique Francisco Belmonte\"},\"image\":{\"@id\":\"https:\\\/\\\/franciscobelmonte.com\\\/tienda\\\/#\\\/schema\\\/logo\\\/image\\\/\"},\"sameAs\":[\"https:\\\/\\\/www.facebook.com\\\/motosfranciscobelmonte\",\"https:\\\/\\\/www.instagram.com\\\/fco.belmonte\\\/\"]}]}<\/script>\n<!-- \/ Yoast SEO plugin. -->","yoast_head_json":{"title":"PANTALON QUARTER MILE TUNDRA EVO REGULAR LADY NEGRO - Boutique Francisco Belmonte","description":"Pantal\u00f3n Quarter Mile Tundra Evo Regular Lady negro. Puedes descubrirlo en nuestra Boutique Francisco Belmonte en Murcia.","robots":{"index":"index","follow":"follow","max-snippet":"max-snippet:-1","max-image-preview":"max-image-preview:large","max-video-preview":"max-video-preview:-1"},"canonical":"https:\/\/franciscobelmonte.com\/tienda\/quarter-mile-tundra-evo-regular-lady-negro\/","og_locale":"es_ES","og_type":"article","og_title":"PANTALON QUARTER MILE TUNDRA EVO REGULAR LADY NEGRO - Boutique Francisco Belmonte","og_description":"Pantal\u00f3n Quarter Mile Tundra Evo Regular Lady negro. Puedes descubrirlo en nuestra Boutique Francisco Belmonte en Murcia.","og_url":"https:\/\/franciscobelmonte.com\/tienda\/quarter-mile-tundra-evo-regular-lady-negro\/","og_site_name":"Boutique Francisco Belmonte","article_publisher":"https:\/\/www.facebook.com\/motosfranciscobelmonte","article_modified_time":"2025-12-19T17:35:52+00:00","og_image":[{"width":800,"height":800,"url":"https:\/\/franciscobelmonte.com\/tienda\/wp-content\/uploads\/2022\/03\/pantalon-quarter-mile-tundra-evo-lady-negro.jpg","type":"image\/jpeg"}],"twitter_card":"summary_large_image","twitter_misc":{"Tiempo de lectura":"2 minutos"},"schema":{"@context":"https:\/\/schema.org","@graph":[{"@type":"WebPage","@id":"https:\/\/franciscobelmonte.com\/tienda\/quarter-mile-tundra-evo-regular-lady-negro\/","url":"https:\/\/franciscobelmonte.com\/tienda\/quarter-mile-tundra-evo-regular-lady-negro\/","name":"PANTALON QUARTER MILE TUNDRA EVO REGULAR LADY NEGRO - Boutique Francisco Belmonte","isPartOf":{"@id":"https:\/\/franciscobelmonte.com\/tienda\/#website"},"primaryImageOfPage":{"@id":"https:\/\/franciscobelmonte.com\/tienda\/quarter-mile-tundra-evo-regular-lady-negro\/#primaryimage"},"image":{"@id":"https:\/\/franciscobelmonte.com\/tienda\/quarter-mile-tundra-evo-regular-lady-negro\/#primaryimage"},"thumbnailUrl":"https:\/\/franciscobelmonte.com\/tienda\/wp-content\/uploads\/2022\/03\/pantalon-quarter-mile-tundra-evo-lady-negro.jpg","datePublished":"2022-03-04T16:16:02+00:00","dateModified":"2025-12-19T17:35:52+00:00","description":"Pantal\u00f3n Quarter Mile Tundra Evo Regular Lady negro. Puedes descubrirlo en nuestra Boutique Francisco Belmonte en Murcia.","breadcrumb":{"@id":"https:\/\/franciscobelmonte.com\/tienda\/quarter-mile-tundra-evo-regular-lady-negro\/#breadcrumb"},"inLanguage":"es","potentialAction":[{"@type":"ReadAction","target":["https:\/\/franciscobelmonte.com\/tienda\/quarter-mile-tundra-evo-regular-lady-negro\/"]}]},{"@type":"ImageObject","inLanguage":"es","@id":"https:\/\/franciscobelmonte.com\/tienda\/quarter-mile-tundra-evo-regular-lady-negro\/#primaryimage","url":"https:\/\/franciscobelmonte.com\/tienda\/wp-content\/uploads\/2022\/03\/pantalon-quarter-mile-tundra-evo-lady-negro.jpg","contentUrl":"https:\/\/franciscobelmonte.com\/tienda\/wp-content\/uploads\/2022\/03\/pantalon-quarter-mile-tundra-evo-lady-negro.jpg","width":800,"height":800,"caption":"pantalon quarter mile tundra evo lady negro en murcia francisco belmonte"},{"@type":"BreadcrumbList","@id":"https:\/\/franciscobelmonte.com\/tienda\/quarter-mile-tundra-evo-regular-lady-negro\/#breadcrumb","itemListElement":[{"@type":"ListItem","position":1,"name":"Portada","item":"https:\/\/franciscobelmonte.com\/tienda\/"},{"@type":"ListItem","position":2,"name":"Tienda","item":"https:\/\/franciscobelmonte.com\/tienda\/boutique-equipamiento-motero\/"},{"@type":"ListItem","position":3,"name":"PANTALON QUARTER MILE TUNDRA EVO REGULAR LADY NEGRO"}]},{"@type":"WebSite","@id":"https:\/\/franciscobelmonte.com\/tienda\/#website","url":"https:\/\/franciscobelmonte.com\/tienda\/","name":"Boutique Francisco Belmonte","description":"Todo en complementos para motoristas","publisher":{"@id":"https:\/\/franciscobelmonte.com\/tienda\/#organization"},"potentialAction":[{"@type":"SearchAction","target":{"@type":"EntryPoint","urlTemplate":"https:\/\/franciscobelmonte.com\/tienda\/?s={search_term_string}"},"query-input":{"@type":"PropertyValueSpecification","valueRequired":true,"valueName":"search_term_string"}}],"inLanguage":"es"},{"@type":"Organization","@id":"https:\/\/franciscobelmonte.com\/tienda\/#organization","name":"Boutique Francisco Belmonte","url":"https:\/\/franciscobelmonte.com\/tienda\/","logo":{"@type":"ImageObject","inLanguage":"es","@id":"https:\/\/franciscobelmonte.com\/tienda\/#\/schema\/logo\/image\/","url":"https:\/\/franciscobelmonte.com\/tienda\/wp-content\/uploads\/2021\/12\/Francisco-Belmonte-logo.png","contentUrl":"https:\/\/franciscobelmonte.com\/tienda\/wp-content\/uploads\/2021\/12\/Francisco-Belmonte-logo.png","width":2153,"height":536,"caption":"Boutique Francisco Belmonte"},"image":{"@id":"https:\/\/franciscobelmonte.com\/tienda\/#\/schema\/logo\/image\/"},"sameAs":["https:\/\/www.facebook.com\/motosfranciscobelmonte","https:\/\/www.instagram.com\/fco.belmonte\/"]}]}},"jetpack_sharing_enabled":true,"brands":[{"id":194,"name":"Quarter Mile","slug":"quarter-mile"}],"_links":{"self":[{"href":"https:\/\/franciscobelmonte.com\/tienda\/wp-json\/wp\/v2\/product\/1548","targetHints":{"allow":["GET"]}}],"collection":[{"href":"https:\/\/franciscobelmonte.com\/tienda\/wp-json\/wp\/v2\/product"}],"about":[{"href":"https:\/\/franciscobelmonte.com\/tienda\/wp-json\/wp\/v2\/types\/product"}],"replies":[{"embeddable":true,"href":"https:\/\/franciscobelmonte.com\/tienda\/wp-json\/wp\/v2\/comments?post=1548"}],"wp:featuredmedia":[{"embeddable":true,"href":"https:\/\/franciscobelmonte.com\/tienda\/wp-json\/wp\/v2\/media\/1555"}],"wp:attachment":[{"href":"https:\/\/franciscobelmonte.com\/tienda\/wp-json\/wp\/v2\/media?parent=1548"}],"wp:term":[{"taxonomy":"pwb-brand","embeddable":true,"href":"https:\/\/franciscobelmonte.com\/tienda\/wp-json\/wp\/v2\/pwb-brand?post=1548"},{"taxonomy":"product_brand","embeddable":true,"href":"https:\/\/franciscobelmonte.com\/tienda\/wp-json\/wp\/v2\/product_brand?post=1548"},{"taxonomy":"product_cat","embeddable":true,"href":"https:\/\/franciscobelmonte.com\/tienda\/wp-json\/wp\/v2\/product_cat?post=1548"},{"taxonomy":"product_tag","embeddable":true,"href":"https:\/\/franciscobelmonte.com\/tienda\/wp-json\/wp\/v2\/product_tag?post=1548"}],"curies":[{"name":"wp","href":"https:\/\/api.w.org\/{rel}","templated":true}]}}