{"id":1658,"date":"2022-03-08T08:27:56","date_gmt":"2022-03-08T08:27:56","guid":{"rendered":"https:\/\/franciscobelmonte.com\/tienda\/?post_type=product&#038;p=1658"},"modified":"2025-04-02T17:13:49","modified_gmt":"2025-04-02T15:13:49","slug":"hjc-fg-jet-liso-negro-mate","status":"publish","type":"product","link":"https:\/\/franciscobelmonte.com\/tienda\/hjc-fg-jet-liso-negro-mate\/","title":{"rendered":"CASCO HJC FG-JET NEGRO MATE"},"content":{"rendered":"<h1>Casco HJC FG-JET negro mate<\/h1>\n<p>Casco Jet con amplia pantalla, ideal para el d\u00eda a d\u00eda en la ciudad. Cuenta con 3 tama\u00f1os de calota para un ajuste perfecto a cada talla.<\/p>\n<p><strong>Caracter\u00edsticas<\/strong><\/p>\n<ul style=\"list-style-type: square;\">\n<li>Calota exterior fabricada en un compuesto avanzado de matriz de Kevlar y fibra de vidrio; destaca por su ligereza, ajuste y confort gracias al uso de la avanzada tecnolog\u00eda CAD.<\/li>\n<li>Visor solar integrado con protecci\u00f3n UV. Incorpora mecanismo One-Touch: ajustable en tres posiciones de forma r\u00e1pida y sencilla.<\/li>\n<li>Sistema de cambio r\u00e1pido de pantalla QuickSlide; permite desmontar y montar f\u00e1cilmente la pantalla sin necesidad de usar herramientas.<\/li>\n<li>Sistema avanzado de canalizaci\u00f3n de la ventilaci\u00f3n ACS: todo el flujo de aire es conducido de la parte frontal a la posterior, expulsando hacia fuera el calor y la humedad.<\/li>\n<li>Interior Silvercool; Interior con tejido avanzado antis\u00e9ptico, transpirable y antiolores, totalmente desmontable y lavable.<\/li>\n<li>Se vende con pantalla clara preparada para Pinlock.<\/li>\n<\/ul>\n","protected":false},"excerpt":{"rendered":"<p>Casco Jet con amplia pantalla, ideal para el d\u00eda a d\u00eda en la ciudad. Cuenta con 3 tama\u00f1os de calota para un ajuste perfecto a cada talla.<\/p>\n<p>&nbsp;<\/p>\n","protected":false},"featured_media":8084,"comment_status":"open","ping_status":"closed","template":"","meta":{"_themeisle_gutenberg_block_has_review":false},"pwb-brand":[190],"product_brand":[],"product_cat":[15,143],"product_tag":[797,416],"class_list":{"0":"post-1658","1":"product","2":"type-product","3":"status-publish","4":"has-post-thumbnail","6":"pwb-brand-hjc","7":"product_cat-casco-de-moto","8":"product_cat-cascos-de-moto-jet","9":"product_tag-hjc-liquidacion-fg-jet-liso-gris","10":"product_tag-liquidacion","12":"first","13":"outofstock","14":"taxable","15":"shipping-taxable","16":"product-type-variable","17":"has-default-attributes"},"yoast_head":"<!-- This site is optimized with the Yoast SEO plugin v27.3 - https:\/\/yoast.com\/product\/yoast-seo-wordpress\/ -->\n<title>CASCO HJC FG-JET NEGRO MATE - Boutique Francisco Belmonte<\/title>\n<meta name=\"description\" content=\"Casco HJC FG-JET negro mate. Puedes descubrirlo y prob\u00e1rtelo en nuestra Boutique Francisco Belmonte en Murcia. Al mejor precio.\" \/>\n<meta name=\"robots\" content=\"index, follow, max-snippet:-1, max-image-preview:large, max-video-preview:-1\" \/>\n<link rel=\"canonical\" href=\"https:\/\/franciscobelmonte.com\/tienda\/hjc-fg-jet-liso-negro-mate\/\" \/>\n<meta property=\"og:locale\" content=\"es_ES\" \/>\n<meta property=\"og:type\" content=\"article\" \/>\n<meta property=\"og:title\" content=\"CASCO HJC FG-JET NEGRO MATE - Boutique Francisco Belmonte\" \/>\n<meta property=\"og:description\" content=\"Casco HJC FG-JET negro mate. Puedes descubrirlo y prob\u00e1rtelo en nuestra Boutique Francisco Belmonte en Murcia. Al mejor precio.\" \/>\n<meta property=\"og:url\" content=\"https:\/\/franciscobelmonte.com\/tienda\/hjc-fg-jet-liso-negro-mate\/\" \/>\n<meta property=\"og:site_name\" content=\"Boutique Francisco Belmonte\" \/>\n<meta property=\"article:publisher\" content=\"https:\/\/www.facebook.com\/motosfranciscobelmonte\" \/>\n<meta property=\"article:modified_time\" content=\"2025-04-02T15:13:49+00:00\" \/>\n<meta property=\"og:image\" content=\"https:\/\/franciscobelmonte.com\/tienda\/wp-content\/uploads\/2022\/03\/CASCO-HJC-FG-JET-LISO-Negro-Mate-ok1.jpg\" \/>\n\t<meta property=\"og:image:width\" content=\"800\" \/>\n\t<meta property=\"og:image:height\" content=\"800\" \/>\n\t<meta property=\"og:image:type\" content=\"image\/jpeg\" \/>\n<meta name=\"twitter:card\" content=\"summary_large_image\" \/>\n<meta name=\"twitter:label1\" content=\"Tiempo de lectura\" \/>\n\t<meta name=\"twitter:data1\" content=\"1 minuto\" \/>\n<script type=\"application\/ld+json\" class=\"yoast-schema-graph\">{\"@context\":\"https:\\\/\\\/schema.org\",\"@graph\":[{\"@type\":\"WebPage\",\"@id\":\"https:\\\/\\\/franciscobelmonte.com\\\/tienda\\\/hjc-fg-jet-liso-negro-mate\\\/\",\"url\":\"https:\\\/\\\/franciscobelmonte.com\\\/tienda\\\/hjc-fg-jet-liso-negro-mate\\\/\",\"name\":\"CASCO HJC FG-JET NEGRO MATE - Boutique Francisco Belmonte\",\"isPartOf\":{\"@id\":\"https:\\\/\\\/franciscobelmonte.com\\\/tienda\\\/#website\"},\"primaryImageOfPage\":{\"@id\":\"https:\\\/\\\/franciscobelmonte.com\\\/tienda\\\/hjc-fg-jet-liso-negro-mate\\\/#primaryimage\"},\"image\":{\"@id\":\"https:\\\/\\\/franciscobelmonte.com\\\/tienda\\\/hjc-fg-jet-liso-negro-mate\\\/#primaryimage\"},\"thumbnailUrl\":\"https:\\\/\\\/franciscobelmonte.com\\\/tienda\\\/wp-content\\\/uploads\\\/2022\\\/03\\\/CASCO-HJC-FG-JET-LISO-Negro-Mate-ok1.jpg\",\"datePublished\":\"2022-03-08T08:27:56+00:00\",\"dateModified\":\"2025-04-02T15:13:49+00:00\",\"description\":\"Casco HJC FG-JET negro mate. Puedes descubrirlo y prob\u00e1rtelo en nuestra Boutique Francisco Belmonte en Murcia. Al mejor precio.\",\"breadcrumb\":{\"@id\":\"https:\\\/\\\/franciscobelmonte.com\\\/tienda\\\/hjc-fg-jet-liso-negro-mate\\\/#breadcrumb\"},\"inLanguage\":\"es\",\"potentialAction\":[{\"@type\":\"ReadAction\",\"target\":[\"https:\\\/\\\/franciscobelmonte.com\\\/tienda\\\/hjc-fg-jet-liso-negro-mate\\\/\"]}]},{\"@type\":\"ImageObject\",\"inLanguage\":\"es\",\"@id\":\"https:\\\/\\\/franciscobelmonte.com\\\/tienda\\\/hjc-fg-jet-liso-negro-mate\\\/#primaryimage\",\"url\":\"https:\\\/\\\/franciscobelmonte.com\\\/tienda\\\/wp-content\\\/uploads\\\/2022\\\/03\\\/CASCO-HJC-FG-JET-LISO-Negro-Mate-ok1.jpg\",\"contentUrl\":\"https:\\\/\\\/franciscobelmonte.com\\\/tienda\\\/wp-content\\\/uploads\\\/2022\\\/03\\\/CASCO-HJC-FG-JET-LISO-Negro-Mate-ok1.jpg\",\"width\":800,\"height\":800,\"caption\":\"casco hjc fg-jet liso negro mate en murcia francisco belmonte\"},{\"@type\":\"BreadcrumbList\",\"@id\":\"https:\\\/\\\/franciscobelmonte.com\\\/tienda\\\/hjc-fg-jet-liso-negro-mate\\\/#breadcrumb\",\"itemListElement\":[{\"@type\":\"ListItem\",\"position\":1,\"name\":\"Portada\",\"item\":\"https:\\\/\\\/franciscobelmonte.com\\\/tienda\\\/\"},{\"@type\":\"ListItem\",\"position\":2,\"name\":\"Tienda\",\"item\":\"https:\\\/\\\/franciscobelmonte.com\\\/tienda\\\/boutique-equipamiento-motero\\\/\"},{\"@type\":\"ListItem\",\"position\":3,\"name\":\"CASCO HJC FG-JET NEGRO MATE\"}]},{\"@type\":\"WebSite\",\"@id\":\"https:\\\/\\\/franciscobelmonte.com\\\/tienda\\\/#website\",\"url\":\"https:\\\/\\\/franciscobelmonte.com\\\/tienda\\\/\",\"name\":\"Boutique Francisco Belmonte\",\"description\":\"Todo en complementos para motoristas\",\"publisher\":{\"@id\":\"https:\\\/\\\/franciscobelmonte.com\\\/tienda\\\/#organization\"},\"potentialAction\":[{\"@type\":\"SearchAction\",\"target\":{\"@type\":\"EntryPoint\",\"urlTemplate\":\"https:\\\/\\\/franciscobelmonte.com\\\/tienda\\\/?s={search_term_string}\"},\"query-input\":{\"@type\":\"PropertyValueSpecification\",\"valueRequired\":true,\"valueName\":\"search_term_string\"}}],\"inLanguage\":\"es\"},{\"@type\":\"Organization\",\"@id\":\"https:\\\/\\\/franciscobelmonte.com\\\/tienda\\\/#organization\",\"name\":\"Boutique Francisco Belmonte\",\"url\":\"https:\\\/\\\/franciscobelmonte.com\\\/tienda\\\/\",\"logo\":{\"@type\":\"ImageObject\",\"inLanguage\":\"es\",\"@id\":\"https:\\\/\\\/franciscobelmonte.com\\\/tienda\\\/#\\\/schema\\\/logo\\\/image\\\/\",\"url\":\"https:\\\/\\\/franciscobelmonte.com\\\/tienda\\\/wp-content\\\/uploads\\\/2021\\\/12\\\/Francisco-Belmonte-logo.png\",\"contentUrl\":\"https:\\\/\\\/franciscobelmonte.com\\\/tienda\\\/wp-content\\\/uploads\\\/2021\\\/12\\\/Francisco-Belmonte-logo.png\",\"width\":2153,\"height\":536,\"caption\":\"Boutique Francisco Belmonte\"},\"image\":{\"@id\":\"https:\\\/\\\/franciscobelmonte.com\\\/tienda\\\/#\\\/schema\\\/logo\\\/image\\\/\"},\"sameAs\":[\"https:\\\/\\\/www.facebook.com\\\/motosfranciscobelmonte\",\"https:\\\/\\\/www.instagram.com\\\/fco.belmonte\\\/\"]}]}<\/script>\n<!-- \/ Yoast SEO plugin. -->","yoast_head_json":{"title":"CASCO HJC FG-JET NEGRO MATE - Boutique Francisco Belmonte","description":"Casco HJC FG-JET negro mate. Puedes descubrirlo y prob\u00e1rtelo en nuestra Boutique Francisco Belmonte en Murcia. Al mejor precio.","robots":{"index":"index","follow":"follow","max-snippet":"max-snippet:-1","max-image-preview":"max-image-preview:large","max-video-preview":"max-video-preview:-1"},"canonical":"https:\/\/franciscobelmonte.com\/tienda\/hjc-fg-jet-liso-negro-mate\/","og_locale":"es_ES","og_type":"article","og_title":"CASCO HJC FG-JET NEGRO MATE - Boutique Francisco Belmonte","og_description":"Casco HJC FG-JET negro mate. Puedes descubrirlo y prob\u00e1rtelo en nuestra Boutique Francisco Belmonte en Murcia. Al mejor precio.","og_url":"https:\/\/franciscobelmonte.com\/tienda\/hjc-fg-jet-liso-negro-mate\/","og_site_name":"Boutique Francisco Belmonte","article_publisher":"https:\/\/www.facebook.com\/motosfranciscobelmonte","article_modified_time":"2025-04-02T15:13:49+00:00","og_image":[{"width":800,"height":800,"url":"https:\/\/franciscobelmonte.com\/tienda\/wp-content\/uploads\/2022\/03\/CASCO-HJC-FG-JET-LISO-Negro-Mate-ok1.jpg","type":"image\/jpeg"}],"twitter_card":"summary_large_image","twitter_misc":{"Tiempo de lectura":"1 minuto"},"schema":{"@context":"https:\/\/schema.org","@graph":[{"@type":"WebPage","@id":"https:\/\/franciscobelmonte.com\/tienda\/hjc-fg-jet-liso-negro-mate\/","url":"https:\/\/franciscobelmonte.com\/tienda\/hjc-fg-jet-liso-negro-mate\/","name":"CASCO HJC FG-JET NEGRO MATE - Boutique Francisco Belmonte","isPartOf":{"@id":"https:\/\/franciscobelmonte.com\/tienda\/#website"},"primaryImageOfPage":{"@id":"https:\/\/franciscobelmonte.com\/tienda\/hjc-fg-jet-liso-negro-mate\/#primaryimage"},"image":{"@id":"https:\/\/franciscobelmonte.com\/tienda\/hjc-fg-jet-liso-negro-mate\/#primaryimage"},"thumbnailUrl":"https:\/\/franciscobelmonte.com\/tienda\/wp-content\/uploads\/2022\/03\/CASCO-HJC-FG-JET-LISO-Negro-Mate-ok1.jpg","datePublished":"2022-03-08T08:27:56+00:00","dateModified":"2025-04-02T15:13:49+00:00","description":"Casco HJC FG-JET negro mate. Puedes descubrirlo y prob\u00e1rtelo en nuestra Boutique Francisco Belmonte en Murcia. Al mejor precio.","breadcrumb":{"@id":"https:\/\/franciscobelmonte.com\/tienda\/hjc-fg-jet-liso-negro-mate\/#breadcrumb"},"inLanguage":"es","potentialAction":[{"@type":"ReadAction","target":["https:\/\/franciscobelmonte.com\/tienda\/hjc-fg-jet-liso-negro-mate\/"]}]},{"@type":"ImageObject","inLanguage":"es","@id":"https:\/\/franciscobelmonte.com\/tienda\/hjc-fg-jet-liso-negro-mate\/#primaryimage","url":"https:\/\/franciscobelmonte.com\/tienda\/wp-content\/uploads\/2022\/03\/CASCO-HJC-FG-JET-LISO-Negro-Mate-ok1.jpg","contentUrl":"https:\/\/franciscobelmonte.com\/tienda\/wp-content\/uploads\/2022\/03\/CASCO-HJC-FG-JET-LISO-Negro-Mate-ok1.jpg","width":800,"height":800,"caption":"casco hjc fg-jet liso negro mate en murcia francisco belmonte"},{"@type":"BreadcrumbList","@id":"https:\/\/franciscobelmonte.com\/tienda\/hjc-fg-jet-liso-negro-mate\/#breadcrumb","itemListElement":[{"@type":"ListItem","position":1,"name":"Portada","item":"https:\/\/franciscobelmonte.com\/tienda\/"},{"@type":"ListItem","position":2,"name":"Tienda","item":"https:\/\/franciscobelmonte.com\/tienda\/boutique-equipamiento-motero\/"},{"@type":"ListItem","position":3,"name":"CASCO HJC FG-JET NEGRO MATE"}]},{"@type":"WebSite","@id":"https:\/\/franciscobelmonte.com\/tienda\/#website","url":"https:\/\/franciscobelmonte.com\/tienda\/","name":"Boutique Francisco Belmonte","description":"Todo en complementos para motoristas","publisher":{"@id":"https:\/\/franciscobelmonte.com\/tienda\/#organization"},"potentialAction":[{"@type":"SearchAction","target":{"@type":"EntryPoint","urlTemplate":"https:\/\/franciscobelmonte.com\/tienda\/?s={search_term_string}"},"query-input":{"@type":"PropertyValueSpecification","valueRequired":true,"valueName":"search_term_string"}}],"inLanguage":"es"},{"@type":"Organization","@id":"https:\/\/franciscobelmonte.com\/tienda\/#organization","name":"Boutique Francisco Belmonte","url":"https:\/\/franciscobelmonte.com\/tienda\/","logo":{"@type":"ImageObject","inLanguage":"es","@id":"https:\/\/franciscobelmonte.com\/tienda\/#\/schema\/logo\/image\/","url":"https:\/\/franciscobelmonte.com\/tienda\/wp-content\/uploads\/2021\/12\/Francisco-Belmonte-logo.png","contentUrl":"https:\/\/franciscobelmonte.com\/tienda\/wp-content\/uploads\/2021\/12\/Francisco-Belmonte-logo.png","width":2153,"height":536,"caption":"Boutique Francisco Belmonte"},"image":{"@id":"https:\/\/franciscobelmonte.com\/tienda\/#\/schema\/logo\/image\/"},"sameAs":["https:\/\/www.facebook.com\/motosfranciscobelmonte","https:\/\/www.instagram.com\/fco.belmonte\/"]}]}},"jetpack_sharing_enabled":true,"brands":[{"id":190,"name":"Hjc","slug":"hjc"}],"_links":{"self":[{"href":"https:\/\/franciscobelmonte.com\/tienda\/wp-json\/wp\/v2\/product\/1658","targetHints":{"allow":["GET"]}}],"collection":[{"href":"https:\/\/franciscobelmonte.com\/tienda\/wp-json\/wp\/v2\/product"}],"about":[{"href":"https:\/\/franciscobelmonte.com\/tienda\/wp-json\/wp\/v2\/types\/product"}],"replies":[{"embeddable":true,"href":"https:\/\/franciscobelmonte.com\/tienda\/wp-json\/wp\/v2\/comments?post=1658"}],"wp:featuredmedia":[{"embeddable":true,"href":"https:\/\/franciscobelmonte.com\/tienda\/wp-json\/wp\/v2\/media\/8084"}],"wp:attachment":[{"href":"https:\/\/franciscobelmonte.com\/tienda\/wp-json\/wp\/v2\/media?parent=1658"}],"wp:term":[{"taxonomy":"pwb-brand","embeddable":true,"href":"https:\/\/franciscobelmonte.com\/tienda\/wp-json\/wp\/v2\/pwb-brand?post=1658"},{"taxonomy":"product_brand","embeddable":true,"href":"https:\/\/franciscobelmonte.com\/tienda\/wp-json\/wp\/v2\/product_brand?post=1658"},{"taxonomy":"product_cat","embeddable":true,"href":"https:\/\/franciscobelmonte.com\/tienda\/wp-json\/wp\/v2\/product_cat?post=1658"},{"taxonomy":"product_tag","embeddable":true,"href":"https:\/\/franciscobelmonte.com\/tienda\/wp-json\/wp\/v2\/product_tag?post=1658"}],"curies":[{"name":"wp","href":"https:\/\/api.w.org\/{rel}","templated":true}]}}