{"id":1676,"date":"2022-03-08T09:30:51","date_gmt":"2022-03-08T09:30:51","guid":{"rendered":"https:\/\/franciscobelmonte.com\/tienda\/?post_type=product&#038;p=1676"},"modified":"2026-04-22T13:45:39","modified_gmt":"2026-04-22T11:45:39","slug":"hjc-rpha-90-s-negro-mate","status":"publish","type":"product","link":"https:\/\/franciscobelmonte.com\/tienda\/hjc-rpha-90-s-negro-mate\/","title":{"rendered":"CASCO HJC RPHA 90S NEGRO MATE"},"content":{"rendered":"<h1>Casco HJC RPHA 90S Negro mate<\/h1>\n<p>El RPHA 90S es el nuevo casco modular top de gama de HJC con doble homologaci\u00f3n P\/J. Se trata de un casco muy vers\u00e1til y funcional gracias a su avanzado sistema de ventilaci\u00f3n, los nuevos acolchados interiores Multicool, la lente anti-vaho Pinlock y a sus innovadoras caracter\u00edsticas. Muy ligero y compacto, destaca tambi\u00e9n la predisposici\u00f3n para instalar el sistema de comunicaci\u00f3n SMART HJC.<\/p>\n<p><strong>Caracter\u00edsticas principales<\/strong><\/p>\n<p><strong>Calota externa<\/strong><\/p>\n<ul>\n<li>Calota exterior fabricada en un compuesto avanzado de fibra de carbono y fibra h\u00edbrida de vidrio y carbono. Este compuesto permite que el casco ofrezca gran resistencia a los impactos con un peso muy reducido. Esta tecnolog\u00eda ha sido bautizada por la marca como PIM+ (Premium Integrated Matrix Plus). 3 tama\u00f1os de calota exterior para un mejor ajuste a cada talla.<\/li>\n<\/ul>\n<p><strong>Ventilaci\u00f3n<\/strong><\/p>\n<ul>\n<li>El sistema de ventilaci\u00f3n del casco consta de una entrada de aire en la mentonera y otra en la parte superior de la calota para absorber un mayor flujo de aire. Dispone de una salida regulable en la zona posterior del casco que garantiza la total extracci\u00f3n de la humedad y del aire caliente del interior del mismo.<\/li>\n<\/ul>\n<p><strong>Pantalla<\/strong><\/p>\n<ul>\n<li>La pantalla del RPHA 90S ofrece un mayor campo visual y una gran visi\u00f3n perif\u00e9rica para reducir la fatiga ocular. Dispone de tratamiento anti-rayadas y anti-vaho.<\/li>\n<li>Incorpora pantallita interior Pinlock incluida, evita que se empa\u00f1e la pantalla.<\/li>\n<li>El mecanismo de la pantalla RapidFire permite montar y desmontar la pantalla de forma r\u00e1pida y sin herramientas.<\/li>\n<li>Visor solar ahumado integrado con tratamiento antirayas y antivaho f\u00e1cilmente accionable desde el exterior. El visor solar interior ofrece un amplio campo visual.<\/li>\n<\/ul>\n<p><strong>Interior<\/strong><\/p>\n<ul>\n<li>El interior dispone del sistema Multicool dise\u00f1ado en 3D para reducir el ruido en el interior del casco. El interior est\u00e1 fabricado en tejido antibacteriano, transpirable y de secado r\u00e1pido. Todos los acolchados son extra\u00edbles y lavables.<\/li>\n<\/ul>\n<p><strong>Otras caracter\u00edsticas<\/strong><\/p>\n<ul>\n<li>Dispone de homologaci\u00f3n P\/J para circular con total seguridad tanto con el casco cerrado en modo integral como con el casco abierto en modo jet.<\/li>\n<li>Sistema de cierre microm\u00e9trico met\u00e1lico fabricado en acero 100% inoxidable.<\/li>\n<li>Nueva correa de cierre reforzada.<\/li>\n<li>El dise\u00f1o interior permite el uso normal de gafas.<\/li>\n<li>Cubrenariz y cubrebarbilla inclu\u00eddos.<\/li>\n<li>El HJC RPHA 9 S incorpora la predisposici\u00f3n para integrar el sistema de comunicaci\u00f3n SMART HJC Bluetooth (se vende por separado).<\/li>\n<\/ul>\n","protected":false},"excerpt":{"rendered":"<p>El RPHA 90S es el nuevo casco modular top de gama de HJC con doble homologaci\u00f3n P\/J. Se trata de un casco muy vers\u00e1til y funcional gracias a su avanzado sistema de ventilaci\u00f3n, los nuevos acolchados interiores Multicool, la lente anti-vaho Pinlock y a sus innovadoras caracter\u00edsticas.<\/p>\n","protected":false},"featured_media":1681,"comment_status":"open","ping_status":"closed","template":"","meta":{"_themeisle_gutenberg_block_has_review":false},"pwb-brand":[190],"product_brand":[],"product_cat":[15,144,700],"product_tag":[416,530],"class_list":{"0":"post-1676","1":"product","2":"type-product","3":"status-publish","4":"has-post-thumbnail","6":"pwb-brand-hjc","7":"product_cat-casco-de-moto","8":"product_cat-cascos-de-moto-modulares","9":"product_cat-seleccion-san-valentin","10":"product_tag-liquidacion","11":"product_tag-liquidacion-30","13":"first","14":"instock","15":"sale","16":"taxable","17":"shipping-taxable","18":"purchasable","19":"product-type-variable","20":"has-default-attributes"},"yoast_head":"<!-- This site is optimized with the Yoast SEO plugin v27.4 - https:\/\/yoast.com\/product\/yoast-seo-wordpress\/ -->\n<title>CASCO HJC RPHA 90S NEGRO MATE - Boutique Francisco Belmonte<\/title>\n<meta name=\"description\" content=\"Descubre la perfecta combinaci\u00f3n de estilo y seguridad con el casco HJC RPHA 90S. Dise\u00f1ado para los amantes de la aventura en carretera.\" \/>\n<meta name=\"robots\" content=\"index, follow, max-snippet:-1, max-image-preview:large, max-video-preview:-1\" \/>\n<link rel=\"canonical\" href=\"https:\/\/franciscobelmonte.com\/tienda\/hjc-rpha-90-s-negro-mate\/\" \/>\n<meta property=\"og:locale\" content=\"es_ES\" \/>\n<meta property=\"og:type\" content=\"article\" \/>\n<meta property=\"og:title\" content=\"CASCO HJC RPHA 90S NEGRO MATE - Boutique Francisco Belmonte\" \/>\n<meta property=\"og:description\" content=\"Descubre la perfecta combinaci\u00f3n de estilo y seguridad con el casco HJC RPHA 90S. Dise\u00f1ado para los amantes de la aventura en carretera.\" \/>\n<meta property=\"og:url\" content=\"https:\/\/franciscobelmonte.com\/tienda\/hjc-rpha-90-s-negro-mate\/\" \/>\n<meta property=\"og:site_name\" content=\"Boutique Francisco Belmonte\" \/>\n<meta property=\"article:publisher\" content=\"https:\/\/www.facebook.com\/motosfranciscobelmonte\" \/>\n<meta property=\"article:modified_time\" content=\"2026-04-22T11:45:39+00:00\" \/>\n<meta property=\"og:image\" content=\"https:\/\/franciscobelmonte.com\/tienda\/wp-content\/uploads\/2022\/03\/casco-hjc-rpha-90-s-negro-mate.jpg\" \/>\n\t<meta property=\"og:image:width\" content=\"800\" \/>\n\t<meta property=\"og:image:height\" content=\"800\" \/>\n\t<meta property=\"og:image:type\" content=\"image\/jpeg\" \/>\n<meta name=\"twitter:card\" content=\"summary_large_image\" \/>\n<meta name=\"twitter:label1\" content=\"Tiempo de lectura\" \/>\n\t<meta name=\"twitter:data1\" content=\"2 minutos\" \/>\n<script type=\"application\/ld+json\" class=\"yoast-schema-graph\">{\"@context\":\"https:\\\/\\\/schema.org\",\"@graph\":[{\"@type\":\"WebPage\",\"@id\":\"https:\\\/\\\/franciscobelmonte.com\\\/tienda\\\/hjc-rpha-90-s-negro-mate\\\/\",\"url\":\"https:\\\/\\\/franciscobelmonte.com\\\/tienda\\\/hjc-rpha-90-s-negro-mate\\\/\",\"name\":\"CASCO HJC RPHA 90S NEGRO MATE - Boutique Francisco Belmonte\",\"isPartOf\":{\"@id\":\"https:\\\/\\\/franciscobelmonte.com\\\/tienda\\\/#website\"},\"primaryImageOfPage\":{\"@id\":\"https:\\\/\\\/franciscobelmonte.com\\\/tienda\\\/hjc-rpha-90-s-negro-mate\\\/#primaryimage\"},\"image\":{\"@id\":\"https:\\\/\\\/franciscobelmonte.com\\\/tienda\\\/hjc-rpha-90-s-negro-mate\\\/#primaryimage\"},\"thumbnailUrl\":\"https:\\\/\\\/franciscobelmonte.com\\\/tienda\\\/wp-content\\\/uploads\\\/2022\\\/03\\\/casco-hjc-rpha-90-s-negro-mate.jpg\",\"datePublished\":\"2022-03-08T09:30:51+00:00\",\"dateModified\":\"2026-04-22T11:45:39+00:00\",\"description\":\"Descubre la perfecta combinaci\u00f3n de estilo y seguridad con el casco HJC RPHA 90S. Dise\u00f1ado para los amantes de la aventura en carretera.\",\"breadcrumb\":{\"@id\":\"https:\\\/\\\/franciscobelmonte.com\\\/tienda\\\/hjc-rpha-90-s-negro-mate\\\/#breadcrumb\"},\"inLanguage\":\"es\",\"potentialAction\":[{\"@type\":\"ReadAction\",\"target\":[\"https:\\\/\\\/franciscobelmonte.com\\\/tienda\\\/hjc-rpha-90-s-negro-mate\\\/\"]}]},{\"@type\":\"ImageObject\",\"inLanguage\":\"es\",\"@id\":\"https:\\\/\\\/franciscobelmonte.com\\\/tienda\\\/hjc-rpha-90-s-negro-mate\\\/#primaryimage\",\"url\":\"https:\\\/\\\/franciscobelmonte.com\\\/tienda\\\/wp-content\\\/uploads\\\/2022\\\/03\\\/casco-hjc-rpha-90-s-negro-mate.jpg\",\"contentUrl\":\"https:\\\/\\\/franciscobelmonte.com\\\/tienda\\\/wp-content\\\/uploads\\\/2022\\\/03\\\/casco-hjc-rpha-90-s-negro-mate.jpg\",\"width\":800,\"height\":800,\"caption\":\"casco hjc rpha 90 s negro mate en murcia francisco belmonte\"},{\"@type\":\"BreadcrumbList\",\"@id\":\"https:\\\/\\\/franciscobelmonte.com\\\/tienda\\\/hjc-rpha-90-s-negro-mate\\\/#breadcrumb\",\"itemListElement\":[{\"@type\":\"ListItem\",\"position\":1,\"name\":\"Portada\",\"item\":\"https:\\\/\\\/franciscobelmonte.com\\\/tienda\\\/\"},{\"@type\":\"ListItem\",\"position\":2,\"name\":\"Tienda\",\"item\":\"https:\\\/\\\/franciscobelmonte.com\\\/tienda\\\/boutique-equipamiento-motero\\\/\"},{\"@type\":\"ListItem\",\"position\":3,\"name\":\"CASCO HJC RPHA 90S NEGRO MATE\"}]},{\"@type\":\"WebSite\",\"@id\":\"https:\\\/\\\/franciscobelmonte.com\\\/tienda\\\/#website\",\"url\":\"https:\\\/\\\/franciscobelmonte.com\\\/tienda\\\/\",\"name\":\"Boutique Francisco Belmonte\",\"description\":\"Todo en complementos para motoristas\",\"publisher\":{\"@id\":\"https:\\\/\\\/franciscobelmonte.com\\\/tienda\\\/#organization\"},\"potentialAction\":[{\"@type\":\"SearchAction\",\"target\":{\"@type\":\"EntryPoint\",\"urlTemplate\":\"https:\\\/\\\/franciscobelmonte.com\\\/tienda\\\/?s={search_term_string}\"},\"query-input\":{\"@type\":\"PropertyValueSpecification\",\"valueRequired\":true,\"valueName\":\"search_term_string\"}}],\"inLanguage\":\"es\"},{\"@type\":\"Organization\",\"@id\":\"https:\\\/\\\/franciscobelmonte.com\\\/tienda\\\/#organization\",\"name\":\"Boutique Francisco Belmonte\",\"url\":\"https:\\\/\\\/franciscobelmonte.com\\\/tienda\\\/\",\"logo\":{\"@type\":\"ImageObject\",\"inLanguage\":\"es\",\"@id\":\"https:\\\/\\\/franciscobelmonte.com\\\/tienda\\\/#\\\/schema\\\/logo\\\/image\\\/\",\"url\":\"https:\\\/\\\/franciscobelmonte.com\\\/tienda\\\/wp-content\\\/uploads\\\/2021\\\/12\\\/Francisco-Belmonte-logo.png\",\"contentUrl\":\"https:\\\/\\\/franciscobelmonte.com\\\/tienda\\\/wp-content\\\/uploads\\\/2021\\\/12\\\/Francisco-Belmonte-logo.png\",\"width\":2153,\"height\":536,\"caption\":\"Boutique Francisco Belmonte\"},\"image\":{\"@id\":\"https:\\\/\\\/franciscobelmonte.com\\\/tienda\\\/#\\\/schema\\\/logo\\\/image\\\/\"},\"sameAs\":[\"https:\\\/\\\/www.facebook.com\\\/motosfranciscobelmonte\",\"https:\\\/\\\/www.instagram.com\\\/fco.belmonte\\\/\"]}]}<\/script>\n<!-- \/ Yoast SEO plugin. -->","yoast_head_json":{"title":"CASCO HJC RPHA 90S NEGRO MATE - Boutique Francisco Belmonte","description":"Descubre la perfecta combinaci\u00f3n de estilo y seguridad con el casco HJC RPHA 90S. Dise\u00f1ado para los amantes de la aventura en carretera.","robots":{"index":"index","follow":"follow","max-snippet":"max-snippet:-1","max-image-preview":"max-image-preview:large","max-video-preview":"max-video-preview:-1"},"canonical":"https:\/\/franciscobelmonte.com\/tienda\/hjc-rpha-90-s-negro-mate\/","og_locale":"es_ES","og_type":"article","og_title":"CASCO HJC RPHA 90S NEGRO MATE - Boutique Francisco Belmonte","og_description":"Descubre la perfecta combinaci\u00f3n de estilo y seguridad con el casco HJC RPHA 90S. Dise\u00f1ado para los amantes de la aventura en carretera.","og_url":"https:\/\/franciscobelmonte.com\/tienda\/hjc-rpha-90-s-negro-mate\/","og_site_name":"Boutique Francisco Belmonte","article_publisher":"https:\/\/www.facebook.com\/motosfranciscobelmonte","article_modified_time":"2026-04-22T11:45:39+00:00","og_image":[{"width":800,"height":800,"url":"https:\/\/franciscobelmonte.com\/tienda\/wp-content\/uploads\/2022\/03\/casco-hjc-rpha-90-s-negro-mate.jpg","type":"image\/jpeg"}],"twitter_card":"summary_large_image","twitter_misc":{"Tiempo de lectura":"2 minutos"},"schema":{"@context":"https:\/\/schema.org","@graph":[{"@type":"WebPage","@id":"https:\/\/franciscobelmonte.com\/tienda\/hjc-rpha-90-s-negro-mate\/","url":"https:\/\/franciscobelmonte.com\/tienda\/hjc-rpha-90-s-negro-mate\/","name":"CASCO HJC RPHA 90S NEGRO MATE - Boutique Francisco Belmonte","isPartOf":{"@id":"https:\/\/franciscobelmonte.com\/tienda\/#website"},"primaryImageOfPage":{"@id":"https:\/\/franciscobelmonte.com\/tienda\/hjc-rpha-90-s-negro-mate\/#primaryimage"},"image":{"@id":"https:\/\/franciscobelmonte.com\/tienda\/hjc-rpha-90-s-negro-mate\/#primaryimage"},"thumbnailUrl":"https:\/\/franciscobelmonte.com\/tienda\/wp-content\/uploads\/2022\/03\/casco-hjc-rpha-90-s-negro-mate.jpg","datePublished":"2022-03-08T09:30:51+00:00","dateModified":"2026-04-22T11:45:39+00:00","description":"Descubre la perfecta combinaci\u00f3n de estilo y seguridad con el casco HJC RPHA 90S. Dise\u00f1ado para los amantes de la aventura en carretera.","breadcrumb":{"@id":"https:\/\/franciscobelmonte.com\/tienda\/hjc-rpha-90-s-negro-mate\/#breadcrumb"},"inLanguage":"es","potentialAction":[{"@type":"ReadAction","target":["https:\/\/franciscobelmonte.com\/tienda\/hjc-rpha-90-s-negro-mate\/"]}]},{"@type":"ImageObject","inLanguage":"es","@id":"https:\/\/franciscobelmonte.com\/tienda\/hjc-rpha-90-s-negro-mate\/#primaryimage","url":"https:\/\/franciscobelmonte.com\/tienda\/wp-content\/uploads\/2022\/03\/casco-hjc-rpha-90-s-negro-mate.jpg","contentUrl":"https:\/\/franciscobelmonte.com\/tienda\/wp-content\/uploads\/2022\/03\/casco-hjc-rpha-90-s-negro-mate.jpg","width":800,"height":800,"caption":"casco hjc rpha 90 s negro mate en murcia francisco belmonte"},{"@type":"BreadcrumbList","@id":"https:\/\/franciscobelmonte.com\/tienda\/hjc-rpha-90-s-negro-mate\/#breadcrumb","itemListElement":[{"@type":"ListItem","position":1,"name":"Portada","item":"https:\/\/franciscobelmonte.com\/tienda\/"},{"@type":"ListItem","position":2,"name":"Tienda","item":"https:\/\/franciscobelmonte.com\/tienda\/boutique-equipamiento-motero\/"},{"@type":"ListItem","position":3,"name":"CASCO HJC RPHA 90S NEGRO MATE"}]},{"@type":"WebSite","@id":"https:\/\/franciscobelmonte.com\/tienda\/#website","url":"https:\/\/franciscobelmonte.com\/tienda\/","name":"Boutique Francisco Belmonte","description":"Todo en complementos para motoristas","publisher":{"@id":"https:\/\/franciscobelmonte.com\/tienda\/#organization"},"potentialAction":[{"@type":"SearchAction","target":{"@type":"EntryPoint","urlTemplate":"https:\/\/franciscobelmonte.com\/tienda\/?s={search_term_string}"},"query-input":{"@type":"PropertyValueSpecification","valueRequired":true,"valueName":"search_term_string"}}],"inLanguage":"es"},{"@type":"Organization","@id":"https:\/\/franciscobelmonte.com\/tienda\/#organization","name":"Boutique Francisco Belmonte","url":"https:\/\/franciscobelmonte.com\/tienda\/","logo":{"@type":"ImageObject","inLanguage":"es","@id":"https:\/\/franciscobelmonte.com\/tienda\/#\/schema\/logo\/image\/","url":"https:\/\/franciscobelmonte.com\/tienda\/wp-content\/uploads\/2021\/12\/Francisco-Belmonte-logo.png","contentUrl":"https:\/\/franciscobelmonte.com\/tienda\/wp-content\/uploads\/2021\/12\/Francisco-Belmonte-logo.png","width":2153,"height":536,"caption":"Boutique Francisco Belmonte"},"image":{"@id":"https:\/\/franciscobelmonte.com\/tienda\/#\/schema\/logo\/image\/"},"sameAs":["https:\/\/www.facebook.com\/motosfranciscobelmonte","https:\/\/www.instagram.com\/fco.belmonte\/"]}]}},"jetpack_sharing_enabled":true,"brands":[{"id":190,"name":"Hjc","slug":"hjc"}],"_links":{"self":[{"href":"https:\/\/franciscobelmonte.com\/tienda\/wp-json\/wp\/v2\/product\/1676","targetHints":{"allow":["GET"]}}],"collection":[{"href":"https:\/\/franciscobelmonte.com\/tienda\/wp-json\/wp\/v2\/product"}],"about":[{"href":"https:\/\/franciscobelmonte.com\/tienda\/wp-json\/wp\/v2\/types\/product"}],"replies":[{"embeddable":true,"href":"https:\/\/franciscobelmonte.com\/tienda\/wp-json\/wp\/v2\/comments?post=1676"}],"wp:featuredmedia":[{"embeddable":true,"href":"https:\/\/franciscobelmonte.com\/tienda\/wp-json\/wp\/v2\/media\/1681"}],"wp:attachment":[{"href":"https:\/\/franciscobelmonte.com\/tienda\/wp-json\/wp\/v2\/media?parent=1676"}],"wp:term":[{"taxonomy":"pwb-brand","embeddable":true,"href":"https:\/\/franciscobelmonte.com\/tienda\/wp-json\/wp\/v2\/pwb-brand?post=1676"},{"taxonomy":"product_brand","embeddable":true,"href":"https:\/\/franciscobelmonte.com\/tienda\/wp-json\/wp\/v2\/product_brand?post=1676"},{"taxonomy":"product_cat","embeddable":true,"href":"https:\/\/franciscobelmonte.com\/tienda\/wp-json\/wp\/v2\/product_cat?post=1676"},{"taxonomy":"product_tag","embeddable":true,"href":"https:\/\/franciscobelmonte.com\/tienda\/wp-json\/wp\/v2\/product_tag?post=1676"}],"curies":[{"name":"wp","href":"https:\/\/api.w.org\/{rel}","templated":true}]}}