{"id":2014,"date":"2022-03-15T16:10:39","date_gmt":"2022-03-15T16:10:39","guid":{"rendered":"https:\/\/franciscobelmonte.com\/tienda\/?post_type=product&#038;p=2014"},"modified":"2024-08-16T10:48:55","modified_gmt":"2024-08-16T08:48:55","slug":"alpinestars-gp-force-phantom-negro-blanco-rojo-fluor","status":"publish","type":"product","link":"https:\/\/franciscobelmonte.com\/tienda\/alpinestars-gp-force-phantom-negro-blanco-rojo-fluor\/","title":{"rendered":"MONO ALPINESTARS GP FORCE PHANTOM NEGRO \/ BLANCO \/ ROJO FLUOR"},"content":{"rendered":"<h1>Mono Alpinestars GP Force Phantom Negro\u00a0 \/ Blanco \/ Rojo Fl\u00faor<\/h1>\n<p>Mono muy funcional y confortable, confeccionado en piel bobina para ofrecer excelentes niveles de durabilidad y resistencia a la abrasi\u00f3n. Incorpora amplias inserciones el\u00e1sticas para ofrecer un rendimiento altamente confortable en posici\u00f3n de conducci\u00f3n. este mono ofrece excepcionales cualidades de protecci\u00f3n con protectores internos con certificaci\u00f3n CE, refuerzos externos en el hombro y deslizadores deportivos reemplazables en las rodillas. Ha sido dise\u00f1ado con un ajuste deportivo para m\u00e1ximo confort y ha sido optimizado para ser usada con el airbag Tech-Air 5.<\/p>\n<p><strong>Confecci\u00f3n<\/strong><\/p>\n<ul>\n<li>Confeccionado en piel bovina multi-panel (extremadamente duradera) para ofrecer un magn\u00edfico confort y resistencia a la abrasi\u00f3n.<\/li>\n<li>Paneles perforados de alta densidad estrat\u00e9gicamente ubicados para una mejor ventilaci\u00f3n.<\/li>\n<\/ul>\n<p><strong>Cualidades protectoras<\/strong><\/p>\n<ul>\n<li>Protecciones GP en hombros, codos, rodilla y tibia con certificaci\u00f3n CE.<\/li>\n<li>Protecciones Nucleon Bio-Flex en caderas.<\/li>\n<li>Predisposici\u00f3n para montar el protector pectoral Alpinestars ( no incluido).<\/li>\n<li>Sliders externos Dynamic Friction sliders (DFS) en hombros.<\/li>\n<li>Deslizadores de rodilla reemplazables Sport; incorporan Velcro para un ajuste personalizable y seguro.<\/li>\n<li>Optimizado para el uso del airbag Tech-Air 5 (no incluido).<\/li>\n<\/ul>\n<p><strong>Ajuste de alto rendimiento<\/strong><\/p>\n<ul>\n<li>Mangas y piernas pre-curvadas para mayor confort en posici\u00f3n de conducci\u00f3n.<\/li>\n<li>Amplios paneles el\u00e1sticos de piel en acorde\u00f3n para mayor confort y libertad de movimientos.<\/li>\n<li>Paneles el\u00e1sticos en mangas, abdomen, entrepierna, parte trasera y pecho para mejor ajuste y libertad de movimientos.<\/li>\n<li>Joroba aerodin\u00e1mica ergon\u00f3mica ventilada para mejorar el rendimiento aerodin\u00e1mico y la ventilaci\u00f3n en altas velocidades.<\/li>\n<li>Parte extensible con cremallera en la pantorrilla que mejora el rango de ajuste y el confort durante el pilotaje.<\/li>\n<li>Inserciones reforzadas de ante en la zona interior de las rodillas para ofrecer mayor agarre con la moto.<\/li>\n<li>Bolsillo interior impermeable para un almacenamiento seguro.<\/li>\n<li>Cremallera completa de nuevo dise\u00f1o que permite juntar de forma segura la chaqueta y los pantalones.<\/li>\n<\/ul>\n<p><strong>Homologaci\u00f3n<\/strong><\/p>\n<ul>\n<li>Mono certificado seg\u00fan la normativa CE PrEn 17092 Cat. II clase AA.<\/li>\n<\/ul>\n<div class=\"layoutArea\">\n<div class=\"column\">\n<p>&nbsp;<\/p>\n<\/div>\n<\/div>\n<div class=\"layoutArea\">\n<div class=\"column\">\n<div class=\"page\" title=\"Page 32\">\n<div class=\"section\">\n<div class=\"layoutArea\">\n<div class=\"column\">\n<p>&nbsp;<\/p>\n<\/div>\n<\/div>\n<\/div>\n<\/div>\n<\/div>\n<\/div>\n","protected":false},"excerpt":{"rendered":"<p><a style=\"color: #0000ff;\" href=\"https:\/\/franciscobelmonte.com\/tienda\/wp-content\/uploads\/2022\/09\/Tallas-pantalones-y-chaquetas-alpinestars-hombre.png\" target=\"_blank\" rel=\"noopener\"><span style=\"font-size: xx-small;\"> Ver gu\u00eda de tallas<\/span><\/a><\/p>\n","protected":false},"featured_media":2020,"comment_status":"open","ping_status":"closed","template":"","meta":{"_themeisle_gutenberg_block_has_review":false},"pwb-brand":[186],"product_brand":[],"product_cat":[69,153],"product_tag":[763],"class_list":{"0":"post-2014","1":"product","2":"type-product","3":"status-publish","4":"has-post-thumbnail","6":"pwb-brand-alpinestars","7":"product_cat-monos-de-moto","8":"product_cat-monos-de-moto-2-piezas","9":"product_tag-2as-rebajas-agosto-15","11":"first","12":"outofstock","13":"taxable","14":"shipping-taxable","15":"product-type-variable","16":"has-default-attributes"},"yoast_head":"<!-- This site is optimized with the Yoast SEO plugin v27.3 - https:\/\/yoast.com\/product\/yoast-seo-wordpress\/ -->\n<title>MONO ALPINESTARS GP FORCE PHANTOM NEGRO \/ BLANCO \/ ROJO FLUOR - Boutique Francisco Belmonte<\/title>\n<meta name=\"description\" content=\"Mono Alpinestars Gp Force Phantom Negro-Blanco-Rojo Fl\u00faor. Puedes descubrirlo en nuestra Boutique Francisco Belmonte en Murcia.\" \/>\n<meta name=\"robots\" content=\"index, follow, max-snippet:-1, max-image-preview:large, max-video-preview:-1\" \/>\n<link rel=\"canonical\" href=\"https:\/\/franciscobelmonte.com\/tienda\/alpinestars-gp-force-phantom-negro-blanco-rojo-fluor\/\" \/>\n<meta property=\"og:locale\" content=\"es_ES\" \/>\n<meta property=\"og:type\" content=\"article\" \/>\n<meta property=\"og:title\" content=\"MONO ALPINESTARS GP FORCE PHANTOM NEGRO \/ BLANCO \/ ROJO FLUOR - Boutique Francisco Belmonte\" \/>\n<meta property=\"og:description\" content=\"Mono Alpinestars Gp Force Phantom Negro-Blanco-Rojo Fl\u00faor. Puedes descubrirlo en nuestra Boutique Francisco Belmonte en Murcia.\" \/>\n<meta property=\"og:url\" content=\"https:\/\/franciscobelmonte.com\/tienda\/alpinestars-gp-force-phantom-negro-blanco-rojo-fluor\/\" \/>\n<meta property=\"og:site_name\" content=\"Boutique Francisco Belmonte\" \/>\n<meta property=\"article:publisher\" content=\"https:\/\/www.facebook.com\/motosfranciscobelmonte\" \/>\n<meta property=\"article:modified_time\" content=\"2024-08-16T08:48:55+00:00\" \/>\n<meta property=\"og:image\" content=\"https:\/\/franciscobelmonte.com\/tienda\/wp-content\/uploads\/2022\/03\/Mono-Alpinestars-GP-Force-Phantom-2-Piezas-Negro-Blanco-Rojo-fluor.jpg\" \/>\n\t<meta property=\"og:image:width\" content=\"619\" \/>\n\t<meta property=\"og:image:height\" content=\"800\" \/>\n\t<meta property=\"og:image:type\" content=\"image\/jpeg\" \/>\n<meta name=\"twitter:card\" content=\"summary_large_image\" \/>\n<meta name=\"twitter:label1\" content=\"Tiempo de lectura\" \/>\n\t<meta name=\"twitter:data1\" content=\"2 minutos\" \/>\n<script type=\"application\/ld+json\" class=\"yoast-schema-graph\">{\"@context\":\"https:\\\/\\\/schema.org\",\"@graph\":[{\"@type\":\"WebPage\",\"@id\":\"https:\\\/\\\/franciscobelmonte.com\\\/tienda\\\/alpinestars-gp-force-phantom-negro-blanco-rojo-fluor\\\/\",\"url\":\"https:\\\/\\\/franciscobelmonte.com\\\/tienda\\\/alpinestars-gp-force-phantom-negro-blanco-rojo-fluor\\\/\",\"name\":\"MONO ALPINESTARS GP FORCE PHANTOM NEGRO \\\/ BLANCO \\\/ ROJO FLUOR - Boutique Francisco Belmonte\",\"isPartOf\":{\"@id\":\"https:\\\/\\\/franciscobelmonte.com\\\/tienda\\\/#website\"},\"primaryImageOfPage\":{\"@id\":\"https:\\\/\\\/franciscobelmonte.com\\\/tienda\\\/alpinestars-gp-force-phantom-negro-blanco-rojo-fluor\\\/#primaryimage\"},\"image\":{\"@id\":\"https:\\\/\\\/franciscobelmonte.com\\\/tienda\\\/alpinestars-gp-force-phantom-negro-blanco-rojo-fluor\\\/#primaryimage\"},\"thumbnailUrl\":\"https:\\\/\\\/franciscobelmonte.com\\\/tienda\\\/wp-content\\\/uploads\\\/2022\\\/03\\\/Mono-Alpinestars-GP-Force-Phantom-2-Piezas-Negro-Blanco-Rojo-fluor.jpg\",\"datePublished\":\"2022-03-15T16:10:39+00:00\",\"dateModified\":\"2024-08-16T08:48:55+00:00\",\"description\":\"Mono Alpinestars Gp Force Phantom Negro-Blanco-Rojo Fl\u00faor. Puedes descubrirlo en nuestra Boutique Francisco Belmonte en Murcia.\",\"breadcrumb\":{\"@id\":\"https:\\\/\\\/franciscobelmonte.com\\\/tienda\\\/alpinestars-gp-force-phantom-negro-blanco-rojo-fluor\\\/#breadcrumb\"},\"inLanguage\":\"es\",\"potentialAction\":[{\"@type\":\"ReadAction\",\"target\":[\"https:\\\/\\\/franciscobelmonte.com\\\/tienda\\\/alpinestars-gp-force-phantom-negro-blanco-rojo-fluor\\\/\"]}]},{\"@type\":\"ImageObject\",\"inLanguage\":\"es\",\"@id\":\"https:\\\/\\\/franciscobelmonte.com\\\/tienda\\\/alpinestars-gp-force-phantom-negro-blanco-rojo-fluor\\\/#primaryimage\",\"url\":\"https:\\\/\\\/franciscobelmonte.com\\\/tienda\\\/wp-content\\\/uploads\\\/2022\\\/03\\\/Mono-Alpinestars-GP-Force-Phantom-2-Piezas-Negro-Blanco-Rojo-fluor.jpg\",\"contentUrl\":\"https:\\\/\\\/franciscobelmonte.com\\\/tienda\\\/wp-content\\\/uploads\\\/2022\\\/03\\\/Mono-Alpinestars-GP-Force-Phantom-2-Piezas-Negro-Blanco-Rojo-fluor.jpg\",\"width\":619,\"height\":800,\"caption\":\"mono alpinestars gp force phantom negro blanco rojo fluor en murcia francisco belmonte\"},{\"@type\":\"BreadcrumbList\",\"@id\":\"https:\\\/\\\/franciscobelmonte.com\\\/tienda\\\/alpinestars-gp-force-phantom-negro-blanco-rojo-fluor\\\/#breadcrumb\",\"itemListElement\":[{\"@type\":\"ListItem\",\"position\":1,\"name\":\"Portada\",\"item\":\"https:\\\/\\\/franciscobelmonte.com\\\/tienda\\\/\"},{\"@type\":\"ListItem\",\"position\":2,\"name\":\"Tienda\",\"item\":\"https:\\\/\\\/franciscobelmonte.com\\\/tienda\\\/boutique-equipamiento-motero\\\/\"},{\"@type\":\"ListItem\",\"position\":3,\"name\":\"MONO ALPINESTARS GP FORCE PHANTOM NEGRO \\\/ BLANCO \\\/ ROJO FLUOR\"}]},{\"@type\":\"WebSite\",\"@id\":\"https:\\\/\\\/franciscobelmonte.com\\\/tienda\\\/#website\",\"url\":\"https:\\\/\\\/franciscobelmonte.com\\\/tienda\\\/\",\"name\":\"Boutique Francisco Belmonte\",\"description\":\"Todo en complementos para motoristas\",\"publisher\":{\"@id\":\"https:\\\/\\\/franciscobelmonte.com\\\/tienda\\\/#organization\"},\"potentialAction\":[{\"@type\":\"SearchAction\",\"target\":{\"@type\":\"EntryPoint\",\"urlTemplate\":\"https:\\\/\\\/franciscobelmonte.com\\\/tienda\\\/?s={search_term_string}\"},\"query-input\":{\"@type\":\"PropertyValueSpecification\",\"valueRequired\":true,\"valueName\":\"search_term_string\"}}],\"inLanguage\":\"es\"},{\"@type\":\"Organization\",\"@id\":\"https:\\\/\\\/franciscobelmonte.com\\\/tienda\\\/#organization\",\"name\":\"Boutique Francisco Belmonte\",\"url\":\"https:\\\/\\\/franciscobelmonte.com\\\/tienda\\\/\",\"logo\":{\"@type\":\"ImageObject\",\"inLanguage\":\"es\",\"@id\":\"https:\\\/\\\/franciscobelmonte.com\\\/tienda\\\/#\\\/schema\\\/logo\\\/image\\\/\",\"url\":\"https:\\\/\\\/franciscobelmonte.com\\\/tienda\\\/wp-content\\\/uploads\\\/2021\\\/12\\\/Francisco-Belmonte-logo.png\",\"contentUrl\":\"https:\\\/\\\/franciscobelmonte.com\\\/tienda\\\/wp-content\\\/uploads\\\/2021\\\/12\\\/Francisco-Belmonte-logo.png\",\"width\":2153,\"height\":536,\"caption\":\"Boutique Francisco Belmonte\"},\"image\":{\"@id\":\"https:\\\/\\\/franciscobelmonte.com\\\/tienda\\\/#\\\/schema\\\/logo\\\/image\\\/\"},\"sameAs\":[\"https:\\\/\\\/www.facebook.com\\\/motosfranciscobelmonte\",\"https:\\\/\\\/www.instagram.com\\\/fco.belmonte\\\/\"]}]}<\/script>\n<!-- \/ Yoast SEO plugin. -->","yoast_head_json":{"title":"MONO ALPINESTARS GP FORCE PHANTOM NEGRO \/ BLANCO \/ ROJO FLUOR - Boutique Francisco Belmonte","description":"Mono Alpinestars Gp Force Phantom Negro-Blanco-Rojo Fl\u00faor. Puedes descubrirlo en nuestra Boutique Francisco Belmonte en Murcia.","robots":{"index":"index","follow":"follow","max-snippet":"max-snippet:-1","max-image-preview":"max-image-preview:large","max-video-preview":"max-video-preview:-1"},"canonical":"https:\/\/franciscobelmonte.com\/tienda\/alpinestars-gp-force-phantom-negro-blanco-rojo-fluor\/","og_locale":"es_ES","og_type":"article","og_title":"MONO ALPINESTARS GP FORCE PHANTOM NEGRO \/ BLANCO \/ ROJO FLUOR - Boutique Francisco Belmonte","og_description":"Mono Alpinestars Gp Force Phantom Negro-Blanco-Rojo Fl\u00faor. Puedes descubrirlo en nuestra Boutique Francisco Belmonte en Murcia.","og_url":"https:\/\/franciscobelmonte.com\/tienda\/alpinestars-gp-force-phantom-negro-blanco-rojo-fluor\/","og_site_name":"Boutique Francisco Belmonte","article_publisher":"https:\/\/www.facebook.com\/motosfranciscobelmonte","article_modified_time":"2024-08-16T08:48:55+00:00","og_image":[{"width":619,"height":800,"url":"https:\/\/franciscobelmonte.com\/tienda\/wp-content\/uploads\/2022\/03\/Mono-Alpinestars-GP-Force-Phantom-2-Piezas-Negro-Blanco-Rojo-fluor.jpg","type":"image\/jpeg"}],"twitter_card":"summary_large_image","twitter_misc":{"Tiempo de lectura":"2 minutos"},"schema":{"@context":"https:\/\/schema.org","@graph":[{"@type":"WebPage","@id":"https:\/\/franciscobelmonte.com\/tienda\/alpinestars-gp-force-phantom-negro-blanco-rojo-fluor\/","url":"https:\/\/franciscobelmonte.com\/tienda\/alpinestars-gp-force-phantom-negro-blanco-rojo-fluor\/","name":"MONO ALPINESTARS GP FORCE PHANTOM NEGRO \/ BLANCO \/ ROJO FLUOR - Boutique Francisco Belmonte","isPartOf":{"@id":"https:\/\/franciscobelmonte.com\/tienda\/#website"},"primaryImageOfPage":{"@id":"https:\/\/franciscobelmonte.com\/tienda\/alpinestars-gp-force-phantom-negro-blanco-rojo-fluor\/#primaryimage"},"image":{"@id":"https:\/\/franciscobelmonte.com\/tienda\/alpinestars-gp-force-phantom-negro-blanco-rojo-fluor\/#primaryimage"},"thumbnailUrl":"https:\/\/franciscobelmonte.com\/tienda\/wp-content\/uploads\/2022\/03\/Mono-Alpinestars-GP-Force-Phantom-2-Piezas-Negro-Blanco-Rojo-fluor.jpg","datePublished":"2022-03-15T16:10:39+00:00","dateModified":"2024-08-16T08:48:55+00:00","description":"Mono Alpinestars Gp Force Phantom Negro-Blanco-Rojo Fl\u00faor. Puedes descubrirlo en nuestra Boutique Francisco Belmonte en Murcia.","breadcrumb":{"@id":"https:\/\/franciscobelmonte.com\/tienda\/alpinestars-gp-force-phantom-negro-blanco-rojo-fluor\/#breadcrumb"},"inLanguage":"es","potentialAction":[{"@type":"ReadAction","target":["https:\/\/franciscobelmonte.com\/tienda\/alpinestars-gp-force-phantom-negro-blanco-rojo-fluor\/"]}]},{"@type":"ImageObject","inLanguage":"es","@id":"https:\/\/franciscobelmonte.com\/tienda\/alpinestars-gp-force-phantom-negro-blanco-rojo-fluor\/#primaryimage","url":"https:\/\/franciscobelmonte.com\/tienda\/wp-content\/uploads\/2022\/03\/Mono-Alpinestars-GP-Force-Phantom-2-Piezas-Negro-Blanco-Rojo-fluor.jpg","contentUrl":"https:\/\/franciscobelmonte.com\/tienda\/wp-content\/uploads\/2022\/03\/Mono-Alpinestars-GP-Force-Phantom-2-Piezas-Negro-Blanco-Rojo-fluor.jpg","width":619,"height":800,"caption":"mono alpinestars gp force phantom negro blanco rojo fluor en murcia francisco belmonte"},{"@type":"BreadcrumbList","@id":"https:\/\/franciscobelmonte.com\/tienda\/alpinestars-gp-force-phantom-negro-blanco-rojo-fluor\/#breadcrumb","itemListElement":[{"@type":"ListItem","position":1,"name":"Portada","item":"https:\/\/franciscobelmonte.com\/tienda\/"},{"@type":"ListItem","position":2,"name":"Tienda","item":"https:\/\/franciscobelmonte.com\/tienda\/boutique-equipamiento-motero\/"},{"@type":"ListItem","position":3,"name":"MONO ALPINESTARS GP FORCE PHANTOM NEGRO \/ BLANCO \/ ROJO FLUOR"}]},{"@type":"WebSite","@id":"https:\/\/franciscobelmonte.com\/tienda\/#website","url":"https:\/\/franciscobelmonte.com\/tienda\/","name":"Boutique Francisco Belmonte","description":"Todo en complementos para motoristas","publisher":{"@id":"https:\/\/franciscobelmonte.com\/tienda\/#organization"},"potentialAction":[{"@type":"SearchAction","target":{"@type":"EntryPoint","urlTemplate":"https:\/\/franciscobelmonte.com\/tienda\/?s={search_term_string}"},"query-input":{"@type":"PropertyValueSpecification","valueRequired":true,"valueName":"search_term_string"}}],"inLanguage":"es"},{"@type":"Organization","@id":"https:\/\/franciscobelmonte.com\/tienda\/#organization","name":"Boutique Francisco Belmonte","url":"https:\/\/franciscobelmonte.com\/tienda\/","logo":{"@type":"ImageObject","inLanguage":"es","@id":"https:\/\/franciscobelmonte.com\/tienda\/#\/schema\/logo\/image\/","url":"https:\/\/franciscobelmonte.com\/tienda\/wp-content\/uploads\/2021\/12\/Francisco-Belmonte-logo.png","contentUrl":"https:\/\/franciscobelmonte.com\/tienda\/wp-content\/uploads\/2021\/12\/Francisco-Belmonte-logo.png","width":2153,"height":536,"caption":"Boutique Francisco Belmonte"},"image":{"@id":"https:\/\/franciscobelmonte.com\/tienda\/#\/schema\/logo\/image\/"},"sameAs":["https:\/\/www.facebook.com\/motosfranciscobelmonte","https:\/\/www.instagram.com\/fco.belmonte\/"]}]}},"jetpack_sharing_enabled":true,"brands":[{"id":186,"name":"Alpinestars","slug":"alpinestars"}],"_links":{"self":[{"href":"https:\/\/franciscobelmonte.com\/tienda\/wp-json\/wp\/v2\/product\/2014","targetHints":{"allow":["GET"]}}],"collection":[{"href":"https:\/\/franciscobelmonte.com\/tienda\/wp-json\/wp\/v2\/product"}],"about":[{"href":"https:\/\/franciscobelmonte.com\/tienda\/wp-json\/wp\/v2\/types\/product"}],"replies":[{"embeddable":true,"href":"https:\/\/franciscobelmonte.com\/tienda\/wp-json\/wp\/v2\/comments?post=2014"}],"wp:featuredmedia":[{"embeddable":true,"href":"https:\/\/franciscobelmonte.com\/tienda\/wp-json\/wp\/v2\/media\/2020"}],"wp:attachment":[{"href":"https:\/\/franciscobelmonte.com\/tienda\/wp-json\/wp\/v2\/media?parent=2014"}],"wp:term":[{"taxonomy":"pwb-brand","embeddable":true,"href":"https:\/\/franciscobelmonte.com\/tienda\/wp-json\/wp\/v2\/pwb-brand?post=2014"},{"taxonomy":"product_brand","embeddable":true,"href":"https:\/\/franciscobelmonte.com\/tienda\/wp-json\/wp\/v2\/product_brand?post=2014"},{"taxonomy":"product_cat","embeddable":true,"href":"https:\/\/franciscobelmonte.com\/tienda\/wp-json\/wp\/v2\/product_cat?post=2014"},{"taxonomy":"product_tag","embeddable":true,"href":"https:\/\/franciscobelmonte.com\/tienda\/wp-json\/wp\/v2\/product_tag?post=2014"}],"curies":[{"name":"wp","href":"https:\/\/api.w.org\/{rel}","templated":true}]}}