{"id":3172,"date":"2022-05-10T17:35:40","date_gmt":"2022-05-10T17:35:40","guid":{"rendered":"https:\/\/franciscobelmonte.com\/tienda\/?post_type=product&#038;p=3172"},"modified":"2026-01-06T18:38:25","modified_gmt":"2026-01-06T16:38:25","slug":"botas-alpinestars-smx-s-negro","status":"publish","type":"product","link":"https:\/\/franciscobelmonte.com\/tienda\/botas-alpinestars-smx-s-negro\/","title":{"rendered":"BOTAS ALPINESTARS SMX-S NEGRO"},"content":{"rendered":"<h1>Botas ALPINESTARS SMX-S Negro<\/h1>\n<p>Confeccionada en microfibra, las SMX-S nos ofrecen un dise\u00f1o deportivo y unos niveles de seguridad excepcionales. C\u00f3modas y ligeras, ofrecen altos niveles de seguridad y precisi\u00f3n en la conducci\u00f3n. Estas botas cuentan con los \u00faltimos avances en el desarrollo de calzado de Alpinestars.<\/p>\n<p><strong>Caracter\u00edsticas principales<\/strong><\/p>\n<ul class=\"squareUl\">\n<li>Zona superior confeccionada en microfibra, que ofrece altos niveles de flexibilidad y confort.<\/li>\n<li>Dise\u00f1o ergon\u00f3mico muy aerodin\u00e1mico para mejor ajuste y confort.<\/li>\n<li>Protector en TPU de nuevo dise\u00f1o en la zona de la espinilla para mayor protecci\u00f3n contra los impactos y resistencia a la abrasi\u00f3n.<\/li>\n<li>Inserci\u00f3n externa en TPR inyectado en la zona del tobillo, que proporciona mayor soporte y ofrece una mayor integridad estructural y estabilidad.<\/li>\n<li>Protector del cambio en TPU de textura t\u00e9cnica para mayor confort y agarre.<\/li>\n<li>Deslizadora integrada reemplazable de TPU bi-inyectado. \u00c9sta cuenta con un nuevo sistema de fijaci\u00f3n con tornillo que facilita y agiliza el cambio.<\/li>\n<li>Protectores de tobillo en TPU de doble densidad en las zonas lateral y media que ofrece mayor protecci\u00f3n en las zonas clave.<\/li>\n<li>La zona frontal y la zona del tal\u00f3n de Aquiles cuentan con una construcci\u00f3n flexible en acorde\u00f3n para una comodidad, extensi\u00f3n y control superiores.<\/li>\n<li>Sistema de apertura \/ cierre lateral con cremallera montada sobre un panel el\u00e1stico. La cremallera se cubre con una gran solapa Velcro. Este sistema de cierre permite un ajuste seguro y una m\u00e1xima flexibilidad. La apertura es amplia para facilitar la entrada y la salida.<\/li>\n<li>Nueva plantilla anat\u00f3mica desmontable de doble compuesto, que incluye EVA y Lycra en la parte superior, para mejor rendimiento, soporte y comodidad.<\/li>\n<li>Puntera con refuerzo interno debajo de la capa superior para mayor protecci\u00f3n y confort.<\/li>\n<li>Forro interior realizado con tejido transpirable con refuerzo antideslizante en la zona del tobillo para mantener el pie sujeto.<\/li>\n<li>Suela con el exclusivo compuesto de goma de Alpinestars dise\u00f1ada para mejorar el tacto y conseguir un \u00f3ptimo agarre. El dibujo de la suela facilita el drenaje de agua.<\/li>\n<li>Las botas Alpinestars SMX S est\u00e1n certificadas CE seg\u00fan la normativa EN 13634 : 2010.<\/li>\n<\/ul>\n","protected":false},"excerpt":{"rendered":"<p>Confeccionada en microfibra, las SMX-S nos ofrecen un dise\u00f1o deportivo y unos niveles de seguridad excepcionales. C\u00f3modas y ligeras, ofrecen altos niveles de seguridad y precisi\u00f3n en la conducci\u00f3n<\/p>\n<p><a style=\"color: #0000ff;\" href=\"https:\/\/franciscobelmonte.com\/tienda\/wp-content\/uploads\/2022\/09\/Tallas-calzado-alpinestars-hombre.png\" target=\"_blank\" rel=\"noopener\"><span style=\"font-size: xx-small;\"> Ver gu\u00eda de tallas<\/span><\/a><\/p>\n","protected":false},"featured_media":3180,"comment_status":"open","ping_status":"closed","template":"","meta":{"_themeisle_gutenberg_block_has_review":false},"pwb-brand":[186],"product_brand":[],"product_cat":[656,149],"product_tag":[865,771,888],"class_list":{"0":"post-3172","1":"product","2":"type-product","3":"status-publish","4":"has-post-thumbnail","6":"pwb-brand-alpinestars","7":"product_cat-botas","8":"product_cat-botas-de-moto-racing","9":"product_tag-865","10":"product_tag-alpinestars-sin-rebajas-25","11":"product_tag-rebajas-40","13":"first","14":"instock","15":"sale","16":"taxable","17":"shipping-taxable","18":"purchasable","19":"product-type-variable","20":"has-default-attributes"},"yoast_head":"<!-- This site is optimized with the Yoast SEO plugin v27.4 - https:\/\/yoast.com\/product\/yoast-seo-wordpress\/ -->\n<title>BOTAS ALPINESTARS SMX-S NEGRO - Boutique Francisco Belmonte<\/title>\n<meta name=\"description\" content=\"Botas Alpinestars SMX-S Negro . Puedes descubrirlas y prob\u00e1rtelas en nuestra Boutique Francisco Belmonte en Murcia. AL mejor precio.\" \/>\n<meta name=\"robots\" content=\"index, follow, max-snippet:-1, max-image-preview:large, max-video-preview:-1\" \/>\n<link rel=\"canonical\" href=\"https:\/\/franciscobelmonte.com\/tienda\/botas-alpinestars-smx-s-negro\/\" \/>\n<meta property=\"og:locale\" content=\"es_ES\" \/>\n<meta property=\"og:type\" content=\"article\" \/>\n<meta property=\"og:title\" content=\"BOTAS ALPINESTARS SMX-S NEGRO - Boutique Francisco Belmonte\" \/>\n<meta property=\"og:description\" content=\"Botas Alpinestars SMX-S Negro . Puedes descubrirlas y prob\u00e1rtelas en nuestra Boutique Francisco Belmonte en Murcia. AL mejor precio.\" \/>\n<meta property=\"og:url\" content=\"https:\/\/franciscobelmonte.com\/tienda\/botas-alpinestars-smx-s-negro\/\" \/>\n<meta property=\"og:site_name\" content=\"Boutique Francisco Belmonte\" \/>\n<meta property=\"article:publisher\" content=\"https:\/\/www.facebook.com\/motosfranciscobelmonte\" \/>\n<meta property=\"article:modified_time\" content=\"2026-01-06T16:38:25+00:00\" \/>\n<meta property=\"og:image\" content=\"https:\/\/franciscobelmonte.com\/tienda\/wp-content\/uploads\/2022\/05\/botas-alpinestars-smx-s-negro.jpg\" \/>\n\t<meta property=\"og:image:width\" content=\"800\" \/>\n\t<meta property=\"og:image:height\" content=\"800\" \/>\n\t<meta property=\"og:image:type\" content=\"image\/jpeg\" \/>\n<meta name=\"twitter:card\" content=\"summary_large_image\" \/>\n<meta name=\"twitter:label1\" content=\"Tiempo de lectura\" \/>\n\t<meta name=\"twitter:data1\" content=\"2 minutos\" \/>\n<script type=\"application\/ld+json\" class=\"yoast-schema-graph\">{\"@context\":\"https:\\\/\\\/schema.org\",\"@graph\":[{\"@type\":\"WebPage\",\"@id\":\"https:\\\/\\\/franciscobelmonte.com\\\/tienda\\\/botas-alpinestars-smx-s-negro\\\/\",\"url\":\"https:\\\/\\\/franciscobelmonte.com\\\/tienda\\\/botas-alpinestars-smx-s-negro\\\/\",\"name\":\"BOTAS ALPINESTARS SMX-S NEGRO - Boutique Francisco Belmonte\",\"isPartOf\":{\"@id\":\"https:\\\/\\\/franciscobelmonte.com\\\/tienda\\\/#website\"},\"primaryImageOfPage\":{\"@id\":\"https:\\\/\\\/franciscobelmonte.com\\\/tienda\\\/botas-alpinestars-smx-s-negro\\\/#primaryimage\"},\"image\":{\"@id\":\"https:\\\/\\\/franciscobelmonte.com\\\/tienda\\\/botas-alpinestars-smx-s-negro\\\/#primaryimage\"},\"thumbnailUrl\":\"https:\\\/\\\/franciscobelmonte.com\\\/tienda\\\/wp-content\\\/uploads\\\/2022\\\/05\\\/botas-alpinestars-smx-s-negro.jpg\",\"datePublished\":\"2022-05-10T17:35:40+00:00\",\"dateModified\":\"2026-01-06T16:38:25+00:00\",\"description\":\"Botas Alpinestars SMX-S Negro . Puedes descubrirlas y prob\u00e1rtelas en nuestra Boutique Francisco Belmonte en Murcia. AL mejor precio.\",\"breadcrumb\":{\"@id\":\"https:\\\/\\\/franciscobelmonte.com\\\/tienda\\\/botas-alpinestars-smx-s-negro\\\/#breadcrumb\"},\"inLanguage\":\"es\",\"potentialAction\":[{\"@type\":\"ReadAction\",\"target\":[\"https:\\\/\\\/franciscobelmonte.com\\\/tienda\\\/botas-alpinestars-smx-s-negro\\\/\"]}]},{\"@type\":\"ImageObject\",\"inLanguage\":\"es\",\"@id\":\"https:\\\/\\\/franciscobelmonte.com\\\/tienda\\\/botas-alpinestars-smx-s-negro\\\/#primaryimage\",\"url\":\"https:\\\/\\\/franciscobelmonte.com\\\/tienda\\\/wp-content\\\/uploads\\\/2022\\\/05\\\/botas-alpinestars-smx-s-negro.jpg\",\"contentUrl\":\"https:\\\/\\\/franciscobelmonte.com\\\/tienda\\\/wp-content\\\/uploads\\\/2022\\\/05\\\/botas-alpinestars-smx-s-negro.jpg\",\"width\":800,\"height\":800,\"caption\":\"botas alpinestars smx-s negro en murcia francisco belmonte\"},{\"@type\":\"BreadcrumbList\",\"@id\":\"https:\\\/\\\/franciscobelmonte.com\\\/tienda\\\/botas-alpinestars-smx-s-negro\\\/#breadcrumb\",\"itemListElement\":[{\"@type\":\"ListItem\",\"position\":1,\"name\":\"Portada\",\"item\":\"https:\\\/\\\/franciscobelmonte.com\\\/tienda\\\/\"},{\"@type\":\"ListItem\",\"position\":2,\"name\":\"Tienda\",\"item\":\"https:\\\/\\\/franciscobelmonte.com\\\/tienda\\\/boutique-equipamiento-motero\\\/\"},{\"@type\":\"ListItem\",\"position\":3,\"name\":\"BOTAS ALPINESTARS SMX-S NEGRO\"}]},{\"@type\":\"WebSite\",\"@id\":\"https:\\\/\\\/franciscobelmonte.com\\\/tienda\\\/#website\",\"url\":\"https:\\\/\\\/franciscobelmonte.com\\\/tienda\\\/\",\"name\":\"Boutique Francisco Belmonte\",\"description\":\"Todo en complementos para motoristas\",\"publisher\":{\"@id\":\"https:\\\/\\\/franciscobelmonte.com\\\/tienda\\\/#organization\"},\"potentialAction\":[{\"@type\":\"SearchAction\",\"target\":{\"@type\":\"EntryPoint\",\"urlTemplate\":\"https:\\\/\\\/franciscobelmonte.com\\\/tienda\\\/?s={search_term_string}\"},\"query-input\":{\"@type\":\"PropertyValueSpecification\",\"valueRequired\":true,\"valueName\":\"search_term_string\"}}],\"inLanguage\":\"es\"},{\"@type\":\"Organization\",\"@id\":\"https:\\\/\\\/franciscobelmonte.com\\\/tienda\\\/#organization\",\"name\":\"Boutique Francisco Belmonte\",\"url\":\"https:\\\/\\\/franciscobelmonte.com\\\/tienda\\\/\",\"logo\":{\"@type\":\"ImageObject\",\"inLanguage\":\"es\",\"@id\":\"https:\\\/\\\/franciscobelmonte.com\\\/tienda\\\/#\\\/schema\\\/logo\\\/image\\\/\",\"url\":\"https:\\\/\\\/franciscobelmonte.com\\\/tienda\\\/wp-content\\\/uploads\\\/2021\\\/12\\\/Francisco-Belmonte-logo.png\",\"contentUrl\":\"https:\\\/\\\/franciscobelmonte.com\\\/tienda\\\/wp-content\\\/uploads\\\/2021\\\/12\\\/Francisco-Belmonte-logo.png\",\"width\":2153,\"height\":536,\"caption\":\"Boutique Francisco Belmonte\"},\"image\":{\"@id\":\"https:\\\/\\\/franciscobelmonte.com\\\/tienda\\\/#\\\/schema\\\/logo\\\/image\\\/\"},\"sameAs\":[\"https:\\\/\\\/www.facebook.com\\\/motosfranciscobelmonte\",\"https:\\\/\\\/www.instagram.com\\\/fco.belmonte\\\/\"]}]}<\/script>\n<!-- \/ Yoast SEO plugin. -->","yoast_head_json":{"title":"BOTAS ALPINESTARS SMX-S NEGRO - Boutique Francisco Belmonte","description":"Botas Alpinestars SMX-S Negro . Puedes descubrirlas y prob\u00e1rtelas en nuestra Boutique Francisco Belmonte en Murcia. AL mejor precio.","robots":{"index":"index","follow":"follow","max-snippet":"max-snippet:-1","max-image-preview":"max-image-preview:large","max-video-preview":"max-video-preview:-1"},"canonical":"https:\/\/franciscobelmonte.com\/tienda\/botas-alpinestars-smx-s-negro\/","og_locale":"es_ES","og_type":"article","og_title":"BOTAS ALPINESTARS SMX-S NEGRO - Boutique Francisco Belmonte","og_description":"Botas Alpinestars SMX-S Negro . Puedes descubrirlas y prob\u00e1rtelas en nuestra Boutique Francisco Belmonte en Murcia. AL mejor precio.","og_url":"https:\/\/franciscobelmonte.com\/tienda\/botas-alpinestars-smx-s-negro\/","og_site_name":"Boutique Francisco Belmonte","article_publisher":"https:\/\/www.facebook.com\/motosfranciscobelmonte","article_modified_time":"2026-01-06T16:38:25+00:00","og_image":[{"width":800,"height":800,"url":"https:\/\/franciscobelmonte.com\/tienda\/wp-content\/uploads\/2022\/05\/botas-alpinestars-smx-s-negro.jpg","type":"image\/jpeg"}],"twitter_card":"summary_large_image","twitter_misc":{"Tiempo de lectura":"2 minutos"},"schema":{"@context":"https:\/\/schema.org","@graph":[{"@type":"WebPage","@id":"https:\/\/franciscobelmonte.com\/tienda\/botas-alpinestars-smx-s-negro\/","url":"https:\/\/franciscobelmonte.com\/tienda\/botas-alpinestars-smx-s-negro\/","name":"BOTAS ALPINESTARS SMX-S NEGRO - Boutique Francisco Belmonte","isPartOf":{"@id":"https:\/\/franciscobelmonte.com\/tienda\/#website"},"primaryImageOfPage":{"@id":"https:\/\/franciscobelmonte.com\/tienda\/botas-alpinestars-smx-s-negro\/#primaryimage"},"image":{"@id":"https:\/\/franciscobelmonte.com\/tienda\/botas-alpinestars-smx-s-negro\/#primaryimage"},"thumbnailUrl":"https:\/\/franciscobelmonte.com\/tienda\/wp-content\/uploads\/2022\/05\/botas-alpinestars-smx-s-negro.jpg","datePublished":"2022-05-10T17:35:40+00:00","dateModified":"2026-01-06T16:38:25+00:00","description":"Botas Alpinestars SMX-S Negro . Puedes descubrirlas y prob\u00e1rtelas en nuestra Boutique Francisco Belmonte en Murcia. AL mejor precio.","breadcrumb":{"@id":"https:\/\/franciscobelmonte.com\/tienda\/botas-alpinestars-smx-s-negro\/#breadcrumb"},"inLanguage":"es","potentialAction":[{"@type":"ReadAction","target":["https:\/\/franciscobelmonte.com\/tienda\/botas-alpinestars-smx-s-negro\/"]}]},{"@type":"ImageObject","inLanguage":"es","@id":"https:\/\/franciscobelmonte.com\/tienda\/botas-alpinestars-smx-s-negro\/#primaryimage","url":"https:\/\/franciscobelmonte.com\/tienda\/wp-content\/uploads\/2022\/05\/botas-alpinestars-smx-s-negro.jpg","contentUrl":"https:\/\/franciscobelmonte.com\/tienda\/wp-content\/uploads\/2022\/05\/botas-alpinestars-smx-s-negro.jpg","width":800,"height":800,"caption":"botas alpinestars smx-s negro en murcia francisco belmonte"},{"@type":"BreadcrumbList","@id":"https:\/\/franciscobelmonte.com\/tienda\/botas-alpinestars-smx-s-negro\/#breadcrumb","itemListElement":[{"@type":"ListItem","position":1,"name":"Portada","item":"https:\/\/franciscobelmonte.com\/tienda\/"},{"@type":"ListItem","position":2,"name":"Tienda","item":"https:\/\/franciscobelmonte.com\/tienda\/boutique-equipamiento-motero\/"},{"@type":"ListItem","position":3,"name":"BOTAS ALPINESTARS SMX-S NEGRO"}]},{"@type":"WebSite","@id":"https:\/\/franciscobelmonte.com\/tienda\/#website","url":"https:\/\/franciscobelmonte.com\/tienda\/","name":"Boutique Francisco Belmonte","description":"Todo en complementos para motoristas","publisher":{"@id":"https:\/\/franciscobelmonte.com\/tienda\/#organization"},"potentialAction":[{"@type":"SearchAction","target":{"@type":"EntryPoint","urlTemplate":"https:\/\/franciscobelmonte.com\/tienda\/?s={search_term_string}"},"query-input":{"@type":"PropertyValueSpecification","valueRequired":true,"valueName":"search_term_string"}}],"inLanguage":"es"},{"@type":"Organization","@id":"https:\/\/franciscobelmonte.com\/tienda\/#organization","name":"Boutique Francisco Belmonte","url":"https:\/\/franciscobelmonte.com\/tienda\/","logo":{"@type":"ImageObject","inLanguage":"es","@id":"https:\/\/franciscobelmonte.com\/tienda\/#\/schema\/logo\/image\/","url":"https:\/\/franciscobelmonte.com\/tienda\/wp-content\/uploads\/2021\/12\/Francisco-Belmonte-logo.png","contentUrl":"https:\/\/franciscobelmonte.com\/tienda\/wp-content\/uploads\/2021\/12\/Francisco-Belmonte-logo.png","width":2153,"height":536,"caption":"Boutique Francisco Belmonte"},"image":{"@id":"https:\/\/franciscobelmonte.com\/tienda\/#\/schema\/logo\/image\/"},"sameAs":["https:\/\/www.facebook.com\/motosfranciscobelmonte","https:\/\/www.instagram.com\/fco.belmonte\/"]}]}},"jetpack_sharing_enabled":true,"brands":[{"id":186,"name":"Alpinestars","slug":"alpinestars"}],"_links":{"self":[{"href":"https:\/\/franciscobelmonte.com\/tienda\/wp-json\/wp\/v2\/product\/3172","targetHints":{"allow":["GET"]}}],"collection":[{"href":"https:\/\/franciscobelmonte.com\/tienda\/wp-json\/wp\/v2\/product"}],"about":[{"href":"https:\/\/franciscobelmonte.com\/tienda\/wp-json\/wp\/v2\/types\/product"}],"replies":[{"embeddable":true,"href":"https:\/\/franciscobelmonte.com\/tienda\/wp-json\/wp\/v2\/comments?post=3172"}],"wp:featuredmedia":[{"embeddable":true,"href":"https:\/\/franciscobelmonte.com\/tienda\/wp-json\/wp\/v2\/media\/3180"}],"wp:attachment":[{"href":"https:\/\/franciscobelmonte.com\/tienda\/wp-json\/wp\/v2\/media?parent=3172"}],"wp:term":[{"taxonomy":"pwb-brand","embeddable":true,"href":"https:\/\/franciscobelmonte.com\/tienda\/wp-json\/wp\/v2\/pwb-brand?post=3172"},{"taxonomy":"product_brand","embeddable":true,"href":"https:\/\/franciscobelmonte.com\/tienda\/wp-json\/wp\/v2\/product_brand?post=3172"},{"taxonomy":"product_cat","embeddable":true,"href":"https:\/\/franciscobelmonte.com\/tienda\/wp-json\/wp\/v2\/product_cat?post=3172"},{"taxonomy":"product_tag","embeddable":true,"href":"https:\/\/franciscobelmonte.com\/tienda\/wp-json\/wp\/v2\/product_tag?post=3172"}],"curies":[{"name":"wp","href":"https:\/\/api.w.org\/{rel}","templated":true}]}}