{"id":3330,"date":"2022-05-13T15:14:56","date_gmt":"2022-05-13T15:14:56","guid":{"rendered":"https:\/\/franciscobelmonte.com\/tienda\/?post_type=product&#038;p=3330"},"modified":"2026-01-06T19:15:14","modified_gmt":"2026-01-06T17:15:14","slug":"guantes-alpinestars-mustang-v2-negro","status":"publish","type":"product","link":"https:\/\/franciscobelmonte.com\/tienda\/guantes-alpinestars-mustang-v2-negro\/","title":{"rendered":"GUANTES ALPINESTARS MUSTANG V2 NEGRO"},"content":{"rendered":"<h2>Guantes ALPINESTARS Mustang V2 Negro<\/h2>\n<div class=\"layoutArea\">\n<div class=\"column\">\n<p>Guantes de estilo urbano confeccionados en piel con micro perforaciones para mayor ventilaci\u00f3n. disponen de protector duro de PVC en la zona de los nudillos. Los Mustang V2 ofrecen excelentes niveles de confort y libertad de movimientos.<\/p>\n<p><strong>Materiales<\/strong><\/p>\n<ul>\n<li>Confeccionados en piel con micro perforaciones para una buena ventilaci\u00f3n y transpiraci\u00f3n.<\/li>\n<li>Palma de la mano realizada en piel con m\u00faltiples paneles para un ajuste m\u00e1s preciso.<\/li>\n<li>Refuerzos acolchados en la zona de aterrizaje para una excelente durabilidad y comodidad.<\/li>\n<li>Refuerzos de piel sint\u00e9tica en la parte externa de la mano que proporcionan la m\u00e1xima resistencia a la abrasi\u00f3n.<\/li>\n<li>Refuerzos en la palma y el pulgar para m\u00e1ximo agarre.<\/li>\n<\/ul>\n<p><strong>Innovaci\u00f3n en protecci\u00f3n<\/strong><\/p>\n<ul>\n<li>Protecci\u00f3n de PVC recubierta con piel en la zona de los nudillos.<\/li>\n<li>Guantes certificados seg\u00fan la normativa CE Nivel 1.<\/li>\n<\/ul>\n<p><strong>Confort<\/strong><\/p>\n<ul>\n<li>Piel perforada para una buena ventilaci\u00f3n.<\/li>\n<li>Panel el\u00e1stico en la palma para ofrecer mayor confort y libertad de movimientos.<\/li>\n<li>Paneles de piel en acorde\u00f3n en los dedos y el lateral para una excelente flexibilidad.<\/li>\n<li>Acolchados de espuma en los dedos.<\/li>\n<li>Dedos pre-curvados para reducir la fatiga mientras pilotamos.<\/li>\n<li>Cierre con velcro en la mu\u00f1eca para un ajuste seguro y personalizado.<\/li>\n<li>Compatibles con pantallas t\u00e1ctiles para permitir el uso de smartphones y sistemas GPS.<\/li>\n<\/ul>\n<p>&nbsp;<\/p>\n<\/div>\n<\/div>\n","protected":false},"excerpt":{"rendered":"<p>Guantes de estilo urbano confeccionados en piel con micro perforaciones para mayor ventilaci\u00f3n. disponen de protector duro de PVC en la zona de los nudillos. Los Mustang V2 ofrecen excelentes niveles de confort y libertad de movimientos.<\/p>\n<p><a style=\"color: #0000ff;\" href=\"https:\/\/franciscobelmonte.com\/tienda\/wp-content\/uploads\/2022\/09\/Tallas-guantes-alpinestars.png\" target=\"_blank\" rel=\"noopener\"><span style=\"font-size: xx-small;\"> Ver gu\u00eda de tallas<\/span><\/a><\/p>\n","protected":false},"featured_media":3337,"comment_status":"open","ping_status":"closed","template":"","meta":{"_themeisle_gutenberg_block_has_review":false},"pwb-brand":[186],"product_brand":[],"product_cat":[36,151],"product_tag":[885,888,772],"class_list":{"0":"post-3330","1":"product","2":"type-product","3":"status-publish","4":"has-post-thumbnail","6":"pwb-brand-alpinestars","7":"product_cat-guantes","8":"product_cat-guantes-de-moto-verano","9":"product_tag-dto-navideno-25","10":"product_tag-rebajas-40","11":"product_tag-todas-marcas-verano-25","13":"first","14":"instock","15":"sale","16":"taxable","17":"shipping-taxable","18":"purchasable","19":"product-type-variable","20":"has-default-attributes"},"yoast_head":"<!-- This site is optimized with the Yoast SEO plugin v27.4 - https:\/\/yoast.com\/product\/yoast-seo-wordpress\/ -->\n<title>GUANTES ALPINESTARS MUSTANG V2 NEGRO - Boutique Francisco Belmonte<\/title>\n<meta name=\"description\" content=\"Guantes Alpinestars Mustang V2 Negro. Puedes descubrirlos y prob\u00e1rtelos en nuestra Boutique Francisco Belmonte en Murcia.\" \/>\n<meta name=\"robots\" content=\"index, follow, max-snippet:-1, max-image-preview:large, max-video-preview:-1\" \/>\n<link rel=\"canonical\" href=\"https:\/\/franciscobelmonte.com\/tienda\/guantes-alpinestars-mustang-v2-negro\/\" \/>\n<meta property=\"og:locale\" content=\"es_ES\" \/>\n<meta property=\"og:type\" content=\"article\" \/>\n<meta property=\"og:title\" content=\"GUANTES ALPINESTARS MUSTANG V2 NEGRO - Boutique Francisco Belmonte\" \/>\n<meta property=\"og:description\" content=\"Guantes Alpinestars Mustang V2 Negro. Puedes descubrirlos y prob\u00e1rtelos en nuestra Boutique Francisco Belmonte en Murcia.\" \/>\n<meta property=\"og:url\" content=\"https:\/\/franciscobelmonte.com\/tienda\/guantes-alpinestars-mustang-v2-negro\/\" \/>\n<meta property=\"og:site_name\" content=\"Boutique Francisco Belmonte\" \/>\n<meta property=\"article:publisher\" content=\"https:\/\/www.facebook.com\/motosfranciscobelmonte\" \/>\n<meta property=\"article:modified_time\" content=\"2026-01-06T17:15:14+00:00\" \/>\n<meta property=\"og:image\" content=\"https:\/\/franciscobelmonte.com\/tienda\/wp-content\/uploads\/2022\/05\/guantes-alpinestars-mustang-v2-negro-negro.jpg\" \/>\n\t<meta property=\"og:image:width\" content=\"619\" \/>\n\t<meta property=\"og:image:height\" content=\"800\" \/>\n\t<meta property=\"og:image:type\" content=\"image\/jpeg\" \/>\n<meta name=\"twitter:card\" content=\"summary_large_image\" \/>\n<meta name=\"twitter:label1\" content=\"Tiempo de lectura\" \/>\n\t<meta name=\"twitter:data1\" content=\"1 minuto\" \/>\n<script type=\"application\/ld+json\" class=\"yoast-schema-graph\">{\"@context\":\"https:\\\/\\\/schema.org\",\"@graph\":[{\"@type\":\"WebPage\",\"@id\":\"https:\\\/\\\/franciscobelmonte.com\\\/tienda\\\/guantes-alpinestars-mustang-v2-negro\\\/\",\"url\":\"https:\\\/\\\/franciscobelmonte.com\\\/tienda\\\/guantes-alpinestars-mustang-v2-negro\\\/\",\"name\":\"GUANTES ALPINESTARS MUSTANG V2 NEGRO - Boutique Francisco Belmonte\",\"isPartOf\":{\"@id\":\"https:\\\/\\\/franciscobelmonte.com\\\/tienda\\\/#website\"},\"primaryImageOfPage\":{\"@id\":\"https:\\\/\\\/franciscobelmonte.com\\\/tienda\\\/guantes-alpinestars-mustang-v2-negro\\\/#primaryimage\"},\"image\":{\"@id\":\"https:\\\/\\\/franciscobelmonte.com\\\/tienda\\\/guantes-alpinestars-mustang-v2-negro\\\/#primaryimage\"},\"thumbnailUrl\":\"https:\\\/\\\/franciscobelmonte.com\\\/tienda\\\/wp-content\\\/uploads\\\/2022\\\/05\\\/guantes-alpinestars-mustang-v2-negro-negro.jpg\",\"datePublished\":\"2022-05-13T15:14:56+00:00\",\"dateModified\":\"2026-01-06T17:15:14+00:00\",\"description\":\"Guantes Alpinestars Mustang V2 Negro. Puedes descubrirlos y prob\u00e1rtelos en nuestra Boutique Francisco Belmonte en Murcia.\",\"breadcrumb\":{\"@id\":\"https:\\\/\\\/franciscobelmonte.com\\\/tienda\\\/guantes-alpinestars-mustang-v2-negro\\\/#breadcrumb\"},\"inLanguage\":\"es\",\"potentialAction\":[{\"@type\":\"ReadAction\",\"target\":[\"https:\\\/\\\/franciscobelmonte.com\\\/tienda\\\/guantes-alpinestars-mustang-v2-negro\\\/\"]}]},{\"@type\":\"ImageObject\",\"inLanguage\":\"es\",\"@id\":\"https:\\\/\\\/franciscobelmonte.com\\\/tienda\\\/guantes-alpinestars-mustang-v2-negro\\\/#primaryimage\",\"url\":\"https:\\\/\\\/franciscobelmonte.com\\\/tienda\\\/wp-content\\\/uploads\\\/2022\\\/05\\\/guantes-alpinestars-mustang-v2-negro-negro.jpg\",\"contentUrl\":\"https:\\\/\\\/franciscobelmonte.com\\\/tienda\\\/wp-content\\\/uploads\\\/2022\\\/05\\\/guantes-alpinestars-mustang-v2-negro-negro.jpg\",\"width\":619,\"height\":800,\"caption\":\"guantes alpinestars mustang v2 negro-negro en murcia francisco belmonte\"},{\"@type\":\"BreadcrumbList\",\"@id\":\"https:\\\/\\\/franciscobelmonte.com\\\/tienda\\\/guantes-alpinestars-mustang-v2-negro\\\/#breadcrumb\",\"itemListElement\":[{\"@type\":\"ListItem\",\"position\":1,\"name\":\"Portada\",\"item\":\"https:\\\/\\\/franciscobelmonte.com\\\/tienda\\\/\"},{\"@type\":\"ListItem\",\"position\":2,\"name\":\"Tienda\",\"item\":\"https:\\\/\\\/franciscobelmonte.com\\\/tienda\\\/boutique-equipamiento-motero\\\/\"},{\"@type\":\"ListItem\",\"position\":3,\"name\":\"GUANTES ALPINESTARS MUSTANG V2 NEGRO\"}]},{\"@type\":\"WebSite\",\"@id\":\"https:\\\/\\\/franciscobelmonte.com\\\/tienda\\\/#website\",\"url\":\"https:\\\/\\\/franciscobelmonte.com\\\/tienda\\\/\",\"name\":\"Boutique Francisco Belmonte\",\"description\":\"Todo en complementos para motoristas\",\"publisher\":{\"@id\":\"https:\\\/\\\/franciscobelmonte.com\\\/tienda\\\/#organization\"},\"potentialAction\":[{\"@type\":\"SearchAction\",\"target\":{\"@type\":\"EntryPoint\",\"urlTemplate\":\"https:\\\/\\\/franciscobelmonte.com\\\/tienda\\\/?s={search_term_string}\"},\"query-input\":{\"@type\":\"PropertyValueSpecification\",\"valueRequired\":true,\"valueName\":\"search_term_string\"}}],\"inLanguage\":\"es\"},{\"@type\":\"Organization\",\"@id\":\"https:\\\/\\\/franciscobelmonte.com\\\/tienda\\\/#organization\",\"name\":\"Boutique Francisco Belmonte\",\"url\":\"https:\\\/\\\/franciscobelmonte.com\\\/tienda\\\/\",\"logo\":{\"@type\":\"ImageObject\",\"inLanguage\":\"es\",\"@id\":\"https:\\\/\\\/franciscobelmonte.com\\\/tienda\\\/#\\\/schema\\\/logo\\\/image\\\/\",\"url\":\"https:\\\/\\\/franciscobelmonte.com\\\/tienda\\\/wp-content\\\/uploads\\\/2021\\\/12\\\/Francisco-Belmonte-logo.png\",\"contentUrl\":\"https:\\\/\\\/franciscobelmonte.com\\\/tienda\\\/wp-content\\\/uploads\\\/2021\\\/12\\\/Francisco-Belmonte-logo.png\",\"width\":2153,\"height\":536,\"caption\":\"Boutique Francisco Belmonte\"},\"image\":{\"@id\":\"https:\\\/\\\/franciscobelmonte.com\\\/tienda\\\/#\\\/schema\\\/logo\\\/image\\\/\"},\"sameAs\":[\"https:\\\/\\\/www.facebook.com\\\/motosfranciscobelmonte\",\"https:\\\/\\\/www.instagram.com\\\/fco.belmonte\\\/\"]}]}<\/script>\n<!-- \/ Yoast SEO plugin. -->","yoast_head_json":{"title":"GUANTES ALPINESTARS MUSTANG V2 NEGRO - Boutique Francisco Belmonte","description":"Guantes Alpinestars Mustang V2 Negro. Puedes descubrirlos y prob\u00e1rtelos en nuestra Boutique Francisco Belmonte en Murcia.","robots":{"index":"index","follow":"follow","max-snippet":"max-snippet:-1","max-image-preview":"max-image-preview:large","max-video-preview":"max-video-preview:-1"},"canonical":"https:\/\/franciscobelmonte.com\/tienda\/guantes-alpinestars-mustang-v2-negro\/","og_locale":"es_ES","og_type":"article","og_title":"GUANTES ALPINESTARS MUSTANG V2 NEGRO - Boutique Francisco Belmonte","og_description":"Guantes Alpinestars Mustang V2 Negro. Puedes descubrirlos y prob\u00e1rtelos en nuestra Boutique Francisco Belmonte en Murcia.","og_url":"https:\/\/franciscobelmonte.com\/tienda\/guantes-alpinestars-mustang-v2-negro\/","og_site_name":"Boutique Francisco Belmonte","article_publisher":"https:\/\/www.facebook.com\/motosfranciscobelmonte","article_modified_time":"2026-01-06T17:15:14+00:00","og_image":[{"width":619,"height":800,"url":"https:\/\/franciscobelmonte.com\/tienda\/wp-content\/uploads\/2022\/05\/guantes-alpinestars-mustang-v2-negro-negro.jpg","type":"image\/jpeg"}],"twitter_card":"summary_large_image","twitter_misc":{"Tiempo de lectura":"1 minuto"},"schema":{"@context":"https:\/\/schema.org","@graph":[{"@type":"WebPage","@id":"https:\/\/franciscobelmonte.com\/tienda\/guantes-alpinestars-mustang-v2-negro\/","url":"https:\/\/franciscobelmonte.com\/tienda\/guantes-alpinestars-mustang-v2-negro\/","name":"GUANTES ALPINESTARS MUSTANG V2 NEGRO - Boutique Francisco Belmonte","isPartOf":{"@id":"https:\/\/franciscobelmonte.com\/tienda\/#website"},"primaryImageOfPage":{"@id":"https:\/\/franciscobelmonte.com\/tienda\/guantes-alpinestars-mustang-v2-negro\/#primaryimage"},"image":{"@id":"https:\/\/franciscobelmonte.com\/tienda\/guantes-alpinestars-mustang-v2-negro\/#primaryimage"},"thumbnailUrl":"https:\/\/franciscobelmonte.com\/tienda\/wp-content\/uploads\/2022\/05\/guantes-alpinestars-mustang-v2-negro-negro.jpg","datePublished":"2022-05-13T15:14:56+00:00","dateModified":"2026-01-06T17:15:14+00:00","description":"Guantes Alpinestars Mustang V2 Negro. Puedes descubrirlos y prob\u00e1rtelos en nuestra Boutique Francisco Belmonte en Murcia.","breadcrumb":{"@id":"https:\/\/franciscobelmonte.com\/tienda\/guantes-alpinestars-mustang-v2-negro\/#breadcrumb"},"inLanguage":"es","potentialAction":[{"@type":"ReadAction","target":["https:\/\/franciscobelmonte.com\/tienda\/guantes-alpinestars-mustang-v2-negro\/"]}]},{"@type":"ImageObject","inLanguage":"es","@id":"https:\/\/franciscobelmonte.com\/tienda\/guantes-alpinestars-mustang-v2-negro\/#primaryimage","url":"https:\/\/franciscobelmonte.com\/tienda\/wp-content\/uploads\/2022\/05\/guantes-alpinestars-mustang-v2-negro-negro.jpg","contentUrl":"https:\/\/franciscobelmonte.com\/tienda\/wp-content\/uploads\/2022\/05\/guantes-alpinestars-mustang-v2-negro-negro.jpg","width":619,"height":800,"caption":"guantes alpinestars mustang v2 negro-negro en murcia francisco belmonte"},{"@type":"BreadcrumbList","@id":"https:\/\/franciscobelmonte.com\/tienda\/guantes-alpinestars-mustang-v2-negro\/#breadcrumb","itemListElement":[{"@type":"ListItem","position":1,"name":"Portada","item":"https:\/\/franciscobelmonte.com\/tienda\/"},{"@type":"ListItem","position":2,"name":"Tienda","item":"https:\/\/franciscobelmonte.com\/tienda\/boutique-equipamiento-motero\/"},{"@type":"ListItem","position":3,"name":"GUANTES ALPINESTARS MUSTANG V2 NEGRO"}]},{"@type":"WebSite","@id":"https:\/\/franciscobelmonte.com\/tienda\/#website","url":"https:\/\/franciscobelmonte.com\/tienda\/","name":"Boutique Francisco Belmonte","description":"Todo en complementos para motoristas","publisher":{"@id":"https:\/\/franciscobelmonte.com\/tienda\/#organization"},"potentialAction":[{"@type":"SearchAction","target":{"@type":"EntryPoint","urlTemplate":"https:\/\/franciscobelmonte.com\/tienda\/?s={search_term_string}"},"query-input":{"@type":"PropertyValueSpecification","valueRequired":true,"valueName":"search_term_string"}}],"inLanguage":"es"},{"@type":"Organization","@id":"https:\/\/franciscobelmonte.com\/tienda\/#organization","name":"Boutique Francisco Belmonte","url":"https:\/\/franciscobelmonte.com\/tienda\/","logo":{"@type":"ImageObject","inLanguage":"es","@id":"https:\/\/franciscobelmonte.com\/tienda\/#\/schema\/logo\/image\/","url":"https:\/\/franciscobelmonte.com\/tienda\/wp-content\/uploads\/2021\/12\/Francisco-Belmonte-logo.png","contentUrl":"https:\/\/franciscobelmonte.com\/tienda\/wp-content\/uploads\/2021\/12\/Francisco-Belmonte-logo.png","width":2153,"height":536,"caption":"Boutique Francisco Belmonte"},"image":{"@id":"https:\/\/franciscobelmonte.com\/tienda\/#\/schema\/logo\/image\/"},"sameAs":["https:\/\/www.facebook.com\/motosfranciscobelmonte","https:\/\/www.instagram.com\/fco.belmonte\/"]}]}},"jetpack_sharing_enabled":true,"brands":[{"id":186,"name":"Alpinestars","slug":"alpinestars"}],"_links":{"self":[{"href":"https:\/\/franciscobelmonte.com\/tienda\/wp-json\/wp\/v2\/product\/3330","targetHints":{"allow":["GET"]}}],"collection":[{"href":"https:\/\/franciscobelmonte.com\/tienda\/wp-json\/wp\/v2\/product"}],"about":[{"href":"https:\/\/franciscobelmonte.com\/tienda\/wp-json\/wp\/v2\/types\/product"}],"replies":[{"embeddable":true,"href":"https:\/\/franciscobelmonte.com\/tienda\/wp-json\/wp\/v2\/comments?post=3330"}],"wp:featuredmedia":[{"embeddable":true,"href":"https:\/\/franciscobelmonte.com\/tienda\/wp-json\/wp\/v2\/media\/3337"}],"wp:attachment":[{"href":"https:\/\/franciscobelmonte.com\/tienda\/wp-json\/wp\/v2\/media?parent=3330"}],"wp:term":[{"taxonomy":"pwb-brand","embeddable":true,"href":"https:\/\/franciscobelmonte.com\/tienda\/wp-json\/wp\/v2\/pwb-brand?post=3330"},{"taxonomy":"product_brand","embeddable":true,"href":"https:\/\/franciscobelmonte.com\/tienda\/wp-json\/wp\/v2\/product_brand?post=3330"},{"taxonomy":"product_cat","embeddable":true,"href":"https:\/\/franciscobelmonte.com\/tienda\/wp-json\/wp\/v2\/product_cat?post=3330"},{"taxonomy":"product_tag","embeddable":true,"href":"https:\/\/franciscobelmonte.com\/tienda\/wp-json\/wp\/v2\/product_tag?post=3330"}],"curies":[{"name":"wp","href":"https:\/\/api.w.org\/{rel}","templated":true}]}}