{"id":3355,"date":"2022-05-13T16:32:17","date_gmt":"2022-05-13T16:32:17","guid":{"rendered":"https:\/\/franciscobelmonte.com\/tienda\/?post_type=product&#038;p=3355"},"modified":"2025-12-19T13:43:09","modified_gmt":"2025-12-19T11:43:09","slug":"guantes-quarter-mile-frost-ii-lady-negro-morado","status":"publish","type":"product","link":"https:\/\/franciscobelmonte.com\/tienda\/guantes-quarter-mile-frost-ii-lady-negro-morado\/","title":{"rendered":"GUANTES QUARTER MILE FROST II LADY NEGRO \/ MORADO"},"content":{"rendered":"<h2>Guantes QUARTER MILE Frost II Lady Negro \/ Morado<\/h2>\n<div class=\"layoutArea\">\n<div class=\"column\">\n<p><strong>TU COMPA\u00d1ERO DE VIAJE SE RENUEVA<\/strong><\/p>\n<ul>\n<li>El guante Frost es el favorito del invierno dado que est\u00e1 dise\u00f1ado para maximizar el confort y mantener la temperatura de la mano de forma constante. Gracias a su tecnolog\u00eda, no solo te proteger\u00e1 frente a un impacto, tambi\u00e9n evitar\u00e1 que las inclemencias meteorol\u00f3gicas compliquen tu viaje.<\/li>\n<li>Su membrana QdryTex es la responsable de que tus manos se mantengan secas durante el trayecto. El relleno de Thinsulate + Primesoft se encargar\u00e1 de que no descienda la temperatura de tu mano.<\/li>\n<li>En esta versi\u00f3n mejoramos la comodidad agregando fuelles en las mu\u00f1ecas para un mejor maniobrar durante la conducci\u00f3n, protector de nudillos reforzado y recubierto en neopreno.<\/li>\n<\/ul>\n<p><strong>SEGURIDAD ANTE TODO<\/strong><\/p>\n<ul>\n<li>Protectores en falanges, protector de nudillos TPU recubiertos en neopreno, deslizadera r\u00edgida de mayor tama\u00f1o y doble capa de piel en la palma, doble cierre de mu\u00f1eca. Sin duda, detalles que un motero sabe apreciar. Uno de los mayores despliegues de seguridad para proteger la primera zona de impacto en un accidente sin renunciar a la comodidad.<\/li>\n<\/ul>\n<\/div>\n<\/div>\n","protected":false},"excerpt":{"rendered":"<p>El guante Frost es el favorito del invierno dado que est\u00e1 dise\u00f1ado para maximizar el confort y mantener la temperatura de la mano de forma constante.<\/p>\n","protected":false},"featured_media":3361,"comment_status":"open","ping_status":"closed","template":"","meta":{"_themeisle_gutenberg_block_has_review":false},"pwb-brand":[194],"product_brand":[],"product_cat":[36,150],"product_tag":[885,781,849],"class_list":{"0":"post-3355","1":"product","2":"type-product","3":"status-publish","4":"has-post-thumbnail","6":"pwb-brand-quarter-mile","7":"product_cat-guantes","8":"product_cat-guantes-de-moto-invierno","9":"product_tag-dto-navideno-25","10":"product_tag-quarter-mile-sin-rebajas-10","11":"product_tag-rebajas-ropa-invierno-25","13":"first","14":"instock","15":"sale","16":"taxable","17":"shipping-taxable","18":"purchasable","19":"product-type-variable","20":"has-default-attributes"},"yoast_head":"<!-- This site is optimized with the Yoast SEO plugin v27.4 - https:\/\/yoast.com\/product\/yoast-seo-wordpress\/ -->\n<title>GUANTES QUARTER MILE FROST II LADY NEGRO \/ MORADO - Boutique Francisco Belmonte<\/title>\n<meta name=\"description\" content=\"Guantes Quarter Mile Frost II Lady Negro-Morado. Puedes descubrirlos y prob\u00e1rtelos en nuestra Boutique Francisco Belmonte en Murcia.\" \/>\n<meta name=\"robots\" content=\"index, follow, max-snippet:-1, max-image-preview:large, max-video-preview:-1\" \/>\n<link rel=\"canonical\" href=\"https:\/\/franciscobelmonte.com\/tienda\/guantes-quarter-mile-frost-ii-lady-negro-morado\/\" \/>\n<meta property=\"og:locale\" content=\"es_ES\" \/>\n<meta property=\"og:type\" content=\"article\" \/>\n<meta property=\"og:title\" content=\"GUANTES QUARTER MILE FROST II LADY NEGRO \/ MORADO - Boutique Francisco Belmonte\" \/>\n<meta property=\"og:description\" content=\"Guantes Quarter Mile Frost II Lady Negro-Morado. Puedes descubrirlos y prob\u00e1rtelos en nuestra Boutique Francisco Belmonte en Murcia.\" \/>\n<meta property=\"og:url\" content=\"https:\/\/franciscobelmonte.com\/tienda\/guantes-quarter-mile-frost-ii-lady-negro-morado\/\" \/>\n<meta property=\"og:site_name\" content=\"Boutique Francisco Belmonte\" \/>\n<meta property=\"article:publisher\" content=\"https:\/\/www.facebook.com\/motosfranciscobelmonte\" \/>\n<meta property=\"article:modified_time\" content=\"2025-12-19T11:43:09+00:00\" \/>\n<meta property=\"og:image\" content=\"https:\/\/franciscobelmonte.com\/tienda\/wp-content\/uploads\/2022\/05\/guantes-quarter-mile-frost-ii-lady-negro-morado.jpg\" \/>\n\t<meta property=\"og:image:width\" content=\"619\" \/>\n\t<meta property=\"og:image:height\" content=\"800\" \/>\n\t<meta property=\"og:image:type\" content=\"image\/jpeg\" \/>\n<meta name=\"twitter:card\" content=\"summary_large_image\" \/>\n<meta name=\"twitter:label1\" content=\"Tiempo de lectura\" \/>\n\t<meta name=\"twitter:data1\" content=\"1 minuto\" \/>\n<script type=\"application\/ld+json\" class=\"yoast-schema-graph\">{\"@context\":\"https:\\\/\\\/schema.org\",\"@graph\":[{\"@type\":\"WebPage\",\"@id\":\"https:\\\/\\\/franciscobelmonte.com\\\/tienda\\\/guantes-quarter-mile-frost-ii-lady-negro-morado\\\/\",\"url\":\"https:\\\/\\\/franciscobelmonte.com\\\/tienda\\\/guantes-quarter-mile-frost-ii-lady-negro-morado\\\/\",\"name\":\"GUANTES QUARTER MILE FROST II LADY NEGRO \\\/ MORADO - Boutique Francisco Belmonte\",\"isPartOf\":{\"@id\":\"https:\\\/\\\/franciscobelmonte.com\\\/tienda\\\/#website\"},\"primaryImageOfPage\":{\"@id\":\"https:\\\/\\\/franciscobelmonte.com\\\/tienda\\\/guantes-quarter-mile-frost-ii-lady-negro-morado\\\/#primaryimage\"},\"image\":{\"@id\":\"https:\\\/\\\/franciscobelmonte.com\\\/tienda\\\/guantes-quarter-mile-frost-ii-lady-negro-morado\\\/#primaryimage\"},\"thumbnailUrl\":\"https:\\\/\\\/franciscobelmonte.com\\\/tienda\\\/wp-content\\\/uploads\\\/2022\\\/05\\\/guantes-quarter-mile-frost-ii-lady-negro-morado.jpg\",\"datePublished\":\"2022-05-13T16:32:17+00:00\",\"dateModified\":\"2025-12-19T11:43:09+00:00\",\"description\":\"Guantes Quarter Mile Frost II Lady Negro-Morado. Puedes descubrirlos y prob\u00e1rtelos en nuestra Boutique Francisco Belmonte en Murcia.\",\"breadcrumb\":{\"@id\":\"https:\\\/\\\/franciscobelmonte.com\\\/tienda\\\/guantes-quarter-mile-frost-ii-lady-negro-morado\\\/#breadcrumb\"},\"inLanguage\":\"es\",\"potentialAction\":[{\"@type\":\"ReadAction\",\"target\":[\"https:\\\/\\\/franciscobelmonte.com\\\/tienda\\\/guantes-quarter-mile-frost-ii-lady-negro-morado\\\/\"]}]},{\"@type\":\"ImageObject\",\"inLanguage\":\"es\",\"@id\":\"https:\\\/\\\/franciscobelmonte.com\\\/tienda\\\/guantes-quarter-mile-frost-ii-lady-negro-morado\\\/#primaryimage\",\"url\":\"https:\\\/\\\/franciscobelmonte.com\\\/tienda\\\/wp-content\\\/uploads\\\/2022\\\/05\\\/guantes-quarter-mile-frost-ii-lady-negro-morado.jpg\",\"contentUrl\":\"https:\\\/\\\/franciscobelmonte.com\\\/tienda\\\/wp-content\\\/uploads\\\/2022\\\/05\\\/guantes-quarter-mile-frost-ii-lady-negro-morado.jpg\",\"width\":619,\"height\":800,\"caption\":\"guantes quarter mile frost ii lady negro-morado en murcia francisco belmonte\"},{\"@type\":\"BreadcrumbList\",\"@id\":\"https:\\\/\\\/franciscobelmonte.com\\\/tienda\\\/guantes-quarter-mile-frost-ii-lady-negro-morado\\\/#breadcrumb\",\"itemListElement\":[{\"@type\":\"ListItem\",\"position\":1,\"name\":\"Portada\",\"item\":\"https:\\\/\\\/franciscobelmonte.com\\\/tienda\\\/\"},{\"@type\":\"ListItem\",\"position\":2,\"name\":\"Tienda\",\"item\":\"https:\\\/\\\/franciscobelmonte.com\\\/tienda\\\/boutique-equipamiento-motero\\\/\"},{\"@type\":\"ListItem\",\"position\":3,\"name\":\"GUANTES QUARTER MILE FROST II LADY NEGRO \\\/ MORADO\"}]},{\"@type\":\"WebSite\",\"@id\":\"https:\\\/\\\/franciscobelmonte.com\\\/tienda\\\/#website\",\"url\":\"https:\\\/\\\/franciscobelmonte.com\\\/tienda\\\/\",\"name\":\"Boutique Francisco Belmonte\",\"description\":\"Todo en complementos para motoristas\",\"publisher\":{\"@id\":\"https:\\\/\\\/franciscobelmonte.com\\\/tienda\\\/#organization\"},\"potentialAction\":[{\"@type\":\"SearchAction\",\"target\":{\"@type\":\"EntryPoint\",\"urlTemplate\":\"https:\\\/\\\/franciscobelmonte.com\\\/tienda\\\/?s={search_term_string}\"},\"query-input\":{\"@type\":\"PropertyValueSpecification\",\"valueRequired\":true,\"valueName\":\"search_term_string\"}}],\"inLanguage\":\"es\"},{\"@type\":\"Organization\",\"@id\":\"https:\\\/\\\/franciscobelmonte.com\\\/tienda\\\/#organization\",\"name\":\"Boutique Francisco Belmonte\",\"url\":\"https:\\\/\\\/franciscobelmonte.com\\\/tienda\\\/\",\"logo\":{\"@type\":\"ImageObject\",\"inLanguage\":\"es\",\"@id\":\"https:\\\/\\\/franciscobelmonte.com\\\/tienda\\\/#\\\/schema\\\/logo\\\/image\\\/\",\"url\":\"https:\\\/\\\/franciscobelmonte.com\\\/tienda\\\/wp-content\\\/uploads\\\/2021\\\/12\\\/Francisco-Belmonte-logo.png\",\"contentUrl\":\"https:\\\/\\\/franciscobelmonte.com\\\/tienda\\\/wp-content\\\/uploads\\\/2021\\\/12\\\/Francisco-Belmonte-logo.png\",\"width\":2153,\"height\":536,\"caption\":\"Boutique Francisco Belmonte\"},\"image\":{\"@id\":\"https:\\\/\\\/franciscobelmonte.com\\\/tienda\\\/#\\\/schema\\\/logo\\\/image\\\/\"},\"sameAs\":[\"https:\\\/\\\/www.facebook.com\\\/motosfranciscobelmonte\",\"https:\\\/\\\/www.instagram.com\\\/fco.belmonte\\\/\"]}]}<\/script>\n<!-- \/ Yoast SEO plugin. -->","yoast_head_json":{"title":"GUANTES QUARTER MILE FROST II LADY NEGRO \/ MORADO - Boutique Francisco Belmonte","description":"Guantes Quarter Mile Frost II Lady Negro-Morado. Puedes descubrirlos y prob\u00e1rtelos en nuestra Boutique Francisco Belmonte en Murcia.","robots":{"index":"index","follow":"follow","max-snippet":"max-snippet:-1","max-image-preview":"max-image-preview:large","max-video-preview":"max-video-preview:-1"},"canonical":"https:\/\/franciscobelmonte.com\/tienda\/guantes-quarter-mile-frost-ii-lady-negro-morado\/","og_locale":"es_ES","og_type":"article","og_title":"GUANTES QUARTER MILE FROST II LADY NEGRO \/ MORADO - Boutique Francisco Belmonte","og_description":"Guantes Quarter Mile Frost II Lady Negro-Morado. Puedes descubrirlos y prob\u00e1rtelos en nuestra Boutique Francisco Belmonte en Murcia.","og_url":"https:\/\/franciscobelmonte.com\/tienda\/guantes-quarter-mile-frost-ii-lady-negro-morado\/","og_site_name":"Boutique Francisco Belmonte","article_publisher":"https:\/\/www.facebook.com\/motosfranciscobelmonte","article_modified_time":"2025-12-19T11:43:09+00:00","og_image":[{"width":619,"height":800,"url":"https:\/\/franciscobelmonte.com\/tienda\/wp-content\/uploads\/2022\/05\/guantes-quarter-mile-frost-ii-lady-negro-morado.jpg","type":"image\/jpeg"}],"twitter_card":"summary_large_image","twitter_misc":{"Tiempo de lectura":"1 minuto"},"schema":{"@context":"https:\/\/schema.org","@graph":[{"@type":"WebPage","@id":"https:\/\/franciscobelmonte.com\/tienda\/guantes-quarter-mile-frost-ii-lady-negro-morado\/","url":"https:\/\/franciscobelmonte.com\/tienda\/guantes-quarter-mile-frost-ii-lady-negro-morado\/","name":"GUANTES QUARTER MILE FROST II LADY NEGRO \/ MORADO - Boutique Francisco Belmonte","isPartOf":{"@id":"https:\/\/franciscobelmonte.com\/tienda\/#website"},"primaryImageOfPage":{"@id":"https:\/\/franciscobelmonte.com\/tienda\/guantes-quarter-mile-frost-ii-lady-negro-morado\/#primaryimage"},"image":{"@id":"https:\/\/franciscobelmonte.com\/tienda\/guantes-quarter-mile-frost-ii-lady-negro-morado\/#primaryimage"},"thumbnailUrl":"https:\/\/franciscobelmonte.com\/tienda\/wp-content\/uploads\/2022\/05\/guantes-quarter-mile-frost-ii-lady-negro-morado.jpg","datePublished":"2022-05-13T16:32:17+00:00","dateModified":"2025-12-19T11:43:09+00:00","description":"Guantes Quarter Mile Frost II Lady Negro-Morado. Puedes descubrirlos y prob\u00e1rtelos en nuestra Boutique Francisco Belmonte en Murcia.","breadcrumb":{"@id":"https:\/\/franciscobelmonte.com\/tienda\/guantes-quarter-mile-frost-ii-lady-negro-morado\/#breadcrumb"},"inLanguage":"es","potentialAction":[{"@type":"ReadAction","target":["https:\/\/franciscobelmonte.com\/tienda\/guantes-quarter-mile-frost-ii-lady-negro-morado\/"]}]},{"@type":"ImageObject","inLanguage":"es","@id":"https:\/\/franciscobelmonte.com\/tienda\/guantes-quarter-mile-frost-ii-lady-negro-morado\/#primaryimage","url":"https:\/\/franciscobelmonte.com\/tienda\/wp-content\/uploads\/2022\/05\/guantes-quarter-mile-frost-ii-lady-negro-morado.jpg","contentUrl":"https:\/\/franciscobelmonte.com\/tienda\/wp-content\/uploads\/2022\/05\/guantes-quarter-mile-frost-ii-lady-negro-morado.jpg","width":619,"height":800,"caption":"guantes quarter mile frost ii lady negro-morado en murcia francisco belmonte"},{"@type":"BreadcrumbList","@id":"https:\/\/franciscobelmonte.com\/tienda\/guantes-quarter-mile-frost-ii-lady-negro-morado\/#breadcrumb","itemListElement":[{"@type":"ListItem","position":1,"name":"Portada","item":"https:\/\/franciscobelmonte.com\/tienda\/"},{"@type":"ListItem","position":2,"name":"Tienda","item":"https:\/\/franciscobelmonte.com\/tienda\/boutique-equipamiento-motero\/"},{"@type":"ListItem","position":3,"name":"GUANTES QUARTER MILE FROST II LADY NEGRO \/ MORADO"}]},{"@type":"WebSite","@id":"https:\/\/franciscobelmonte.com\/tienda\/#website","url":"https:\/\/franciscobelmonte.com\/tienda\/","name":"Boutique Francisco Belmonte","description":"Todo en complementos para motoristas","publisher":{"@id":"https:\/\/franciscobelmonte.com\/tienda\/#organization"},"potentialAction":[{"@type":"SearchAction","target":{"@type":"EntryPoint","urlTemplate":"https:\/\/franciscobelmonte.com\/tienda\/?s={search_term_string}"},"query-input":{"@type":"PropertyValueSpecification","valueRequired":true,"valueName":"search_term_string"}}],"inLanguage":"es"},{"@type":"Organization","@id":"https:\/\/franciscobelmonte.com\/tienda\/#organization","name":"Boutique Francisco Belmonte","url":"https:\/\/franciscobelmonte.com\/tienda\/","logo":{"@type":"ImageObject","inLanguage":"es","@id":"https:\/\/franciscobelmonte.com\/tienda\/#\/schema\/logo\/image\/","url":"https:\/\/franciscobelmonte.com\/tienda\/wp-content\/uploads\/2021\/12\/Francisco-Belmonte-logo.png","contentUrl":"https:\/\/franciscobelmonte.com\/tienda\/wp-content\/uploads\/2021\/12\/Francisco-Belmonte-logo.png","width":2153,"height":536,"caption":"Boutique Francisco Belmonte"},"image":{"@id":"https:\/\/franciscobelmonte.com\/tienda\/#\/schema\/logo\/image\/"},"sameAs":["https:\/\/www.facebook.com\/motosfranciscobelmonte","https:\/\/www.instagram.com\/fco.belmonte\/"]}]}},"jetpack_sharing_enabled":true,"brands":[{"id":194,"name":"Quarter Mile","slug":"quarter-mile"}],"_links":{"self":[{"href":"https:\/\/franciscobelmonte.com\/tienda\/wp-json\/wp\/v2\/product\/3355","targetHints":{"allow":["GET"]}}],"collection":[{"href":"https:\/\/franciscobelmonte.com\/tienda\/wp-json\/wp\/v2\/product"}],"about":[{"href":"https:\/\/franciscobelmonte.com\/tienda\/wp-json\/wp\/v2\/types\/product"}],"replies":[{"embeddable":true,"href":"https:\/\/franciscobelmonte.com\/tienda\/wp-json\/wp\/v2\/comments?post=3355"}],"wp:featuredmedia":[{"embeddable":true,"href":"https:\/\/franciscobelmonte.com\/tienda\/wp-json\/wp\/v2\/media\/3361"}],"wp:attachment":[{"href":"https:\/\/franciscobelmonte.com\/tienda\/wp-json\/wp\/v2\/media?parent=3355"}],"wp:term":[{"taxonomy":"pwb-brand","embeddable":true,"href":"https:\/\/franciscobelmonte.com\/tienda\/wp-json\/wp\/v2\/pwb-brand?post=3355"},{"taxonomy":"product_brand","embeddable":true,"href":"https:\/\/franciscobelmonte.com\/tienda\/wp-json\/wp\/v2\/product_brand?post=3355"},{"taxonomy":"product_cat","embeddable":true,"href":"https:\/\/franciscobelmonte.com\/tienda\/wp-json\/wp\/v2\/product_cat?post=3355"},{"taxonomy":"product_tag","embeddable":true,"href":"https:\/\/franciscobelmonte.com\/tienda\/wp-json\/wp\/v2\/product_tag?post=3355"}],"curies":[{"name":"wp","href":"https:\/\/api.w.org\/{rel}","templated":true}]}}