{"id":3455,"date":"2022-05-17T16:00:00","date_gmt":"2022-05-17T16:00:00","guid":{"rendered":"https:\/\/franciscobelmonte.com\/tienda\/?post_type=product&#038;p=3455"},"modified":"2026-01-06T19:06:21","modified_gmt":"2026-01-06T17:06:21","slug":"mono-alpinestars-stella-motegi-v2-lady-negro-blanco-fucsia","status":"publish","type":"product","link":"https:\/\/franciscobelmonte.com\/tienda\/mono-alpinestars-stella-motegi-v2-lady-negro-blanco-fucsia\/","title":{"rendered":"MONO ALPINESTARS STELLA MOTEGI V2 LADY NEGRO \/ BLANCO \/ FUCSIA"},"content":{"rendered":"<h1>Mono Alpinestars Stella Motegi V2 Lady Negro \/ Blanco \/ Fucsia<\/h1>\n<div class=\"layoutArea\">\n<div class=\"column\">\n<div class=\"page\" title=\"Page 32\">\n<div class=\"section\">\n<div class=\"layoutArea\">\n<div class=\"column\">\n<p>Especial dise\u00f1ado y confeccionado para un ajuste optimizado a las mujeres. Mono de dos piezas de dise\u00f1o agresivo muy vers\u00e1til y confortable, confeccionado en piel de primera calidad para m\u00e1xima durabilidad. Incorpora amplias inserciones el\u00e1sticas para ofrecer un ajuste y un rendimiento altamente confortable en posici\u00f3n de conducci\u00f3n. Este mono incorpora protectores internos Bio-Armor con certificaci\u00f3n CE, deslizadores deportivos reemplazables en las rodillas y protecciones DFS TPU de doble densidad en la zona de los hombros.<\/p>\n<p><strong>Confecci\u00f3n<\/strong><\/p>\n<ul>\n<li>Confeccionado en piel de 1,3 mm de grosor (extremadamente duradera) para ofrecer un magn\u00edfico confort y resistencia a la abrasi\u00f3n.<\/li>\n<\/ul>\n<p><strong>Cualidades protectoras<\/strong><\/p>\n<ul>\n<li>Protecciones Bio-Armor en hombros y codos con certificaci\u00f3n CE.<\/li>\n<li>Acolchado de espuma PE integrado en el pecho y espalda para mejorar el ajuste y la protecci\u00f3n de \u00e1reas clave.<\/li>\n<li>Compartimento en el pecho con protecci\u00f3n de espuma poly-foam, en el que podemos montar el protector pectoral Alpinestars Nucleon (no incluido).<\/li>\n<li>Confecci\u00f3n de las rodillas en m\u00faltiples capas desarrollados en los ciruitos, con deslizaderas deportivas en PU desmontables y ajustables.<\/li>\n<li>El sistema de conexi\u00f3n por bot\u00f3n autom\u00e1tico permite la integraci\u00f3n del protector de espalda Nucleon de nivel 2 con certificaci\u00f3n CE (no incluido).<\/li>\n<li>Protecciones GP-R en rodillas, tibia y espinilla en una sola pieza (con certificado CE), que incorporan una confecci\u00f3n flotante para un ajuste vers\u00e1til y preciso.<\/li>\n<li>Protecciones Alpinestars dynamic Friction Shield (DFS) ubicadas en la zona de los hombros, fabricadas en TPU de doble densidad para mayor protecci\u00f3n contra los impactos.<\/li>\n<\/ul>\n<p><strong>Ajustes de alto rendimiento<\/strong><\/p>\n<ul>\n<li>Mangas y piernas pre-curvadas para mayor confort en posici\u00f3n de conducci\u00f3n.<\/li>\n<li>Inserciones el\u00e1sticas de piel en acorde\u00f3n en la espalda, rodillas, codos y lumbares para un ajuste ce\u00f1ido y pr\u00e1ctico en varias posiciones de conducci\u00f3n.<\/li>\n<li>Amplios paneles el\u00e1sticos en mangas, entrepierna y pecho para mejor ajuste y libertad de movimientos.<\/li>\n<li>Joroba aerodin\u00e1mica para mejorar el rendimiento aerodin\u00e1mico y la ventilaci\u00f3n.<\/li>\n<li>C\u00f3modos acolchados de PE integrados en zonas estrat\u00e9gicas para mayor confort y protecci\u00f3n.<\/li>\n<li>Forro de malla para una excelente transpiraci\u00f3n y confort.<\/li>\n<li>Confecci\u00f3n del cuello en tejido 3D texturizado para mayor confort.<\/li>\n<li>Bolsillos externos con cremallera y bolsillo interior impermeable para un almacenamiento seguro.<\/li>\n<li>Parte extensible con cremallera en la pantorrilla que mejora el rango de ajuste y el confort durante el pilotaje.<\/li>\n<li>Cintura ajustable mediante Velcro.<\/li>\n<li>Detalles impresos directamente.<\/li>\n<li>Cremallera completa que permite juntar de forma segura la chaqueta y los pantalones.<\/li>\n<\/ul>\n<p>&nbsp;<\/p>\n<p>&nbsp;<\/p>\n<\/div>\n<\/div>\n<\/div>\n<\/div>\n<\/div>\n<\/div>\n","protected":false},"excerpt":{"rendered":"<p>Especial dise\u00f1ado y confeccionado para un ajuste optimizado a las mujeres. Mono de dos piezas de dise\u00f1o agresivo muy vers\u00e1til y confortable, confeccionado en piel de primera calidad para m\u00e1xima durabilidad. Incorpora amplias inserciones el\u00e1sticas para ofrecer un ajuste y un rendimiento altamente confortable en posici\u00f3n de conducci\u00f3n.<\/p>\n<p><a style=\"color: #0000ff;\" href=\"https:\/\/franciscobelmonte.com\/tienda\/wp-content\/uploads\/2022\/09\/Tallas-pantalones-y-chaquetas-alpinestars-mujer.png\" target=\"_blank\" rel=\"noopener\"><span style=\"font-size: xx-small;\"> Ver gu\u00eda de tallas<\/span><\/a><\/p>\n","protected":false},"featured_media":3462,"comment_status":"open","ping_status":"closed","template":"","meta":{"_themeisle_gutenberg_block_has_review":false},"pwb-brand":[186],"product_brand":[],"product_cat":[69,153,700],"product_tag":[416,731,889],"class_list":{"0":"post-3455","1":"product","2":"type-product","3":"status-publish","4":"has-post-thumbnail","6":"pwb-brand-alpinestars","7":"product_cat-monos-de-moto","8":"product_cat-monos-de-moto-2-piezas","9":"product_cat-seleccion-san-valentin","10":"product_tag-liquidacion","11":"product_tag-mono-alpinestars-stella-motegi-v2-lady-35-29","12":"product_tag-rebajas-liquidacion-70","14":"first","15":"instock","16":"sale","17":"taxable","18":"shipping-taxable","19":"purchasable","20":"product-type-variable","21":"has-default-attributes"},"yoast_head":"<!-- This site is optimized with the Yoast SEO plugin v27.4 - https:\/\/yoast.com\/product\/yoast-seo-wordpress\/ -->\n<title>MONO ALPINESTARS STELLA MOTEGI V2 LADY NEGRO \/ BLANCO \/ FUCSIA - Boutique Francisco Belmonte<\/title>\n<meta name=\"description\" content=\"Mono Alpinestars Stella Motegi V2 Lady Negro-Blanco-Fucsia. Puedes descubrirlo en nuestra Boutique Francisco Belmonte en Murcia.\" \/>\n<meta name=\"robots\" content=\"index, follow, max-snippet:-1, max-image-preview:large, max-video-preview:-1\" \/>\n<link rel=\"canonical\" href=\"https:\/\/franciscobelmonte.com\/tienda\/mono-alpinestars-stella-motegi-v2-lady-negro-blanco-fucsia\/\" \/>\n<meta property=\"og:locale\" content=\"es_ES\" \/>\n<meta property=\"og:type\" content=\"article\" \/>\n<meta property=\"og:title\" content=\"MONO ALPINESTARS STELLA MOTEGI V2 LADY NEGRO \/ BLANCO \/ FUCSIA - Boutique Francisco Belmonte\" \/>\n<meta property=\"og:description\" content=\"Mono Alpinestars Stella Motegi V2 Lady Negro-Blanco-Fucsia. Puedes descubrirlo en nuestra Boutique Francisco Belmonte en Murcia.\" \/>\n<meta property=\"og:url\" content=\"https:\/\/franciscobelmonte.com\/tienda\/mono-alpinestars-stella-motegi-v2-lady-negro-blanco-fucsia\/\" \/>\n<meta property=\"og:site_name\" content=\"Boutique Francisco Belmonte\" \/>\n<meta property=\"article:publisher\" content=\"https:\/\/www.facebook.com\/motosfranciscobelmonte\" \/>\n<meta property=\"article:modified_time\" content=\"2026-01-06T17:06:21+00:00\" \/>\n<meta property=\"og:image\" content=\"https:\/\/franciscobelmonte.com\/tienda\/wp-content\/uploads\/2022\/05\/mono-alpinestars-stella-motegi-v2-lady-negro-blanco-rosa.jpg\" \/>\n\t<meta property=\"og:image:width\" content=\"619\" \/>\n\t<meta property=\"og:image:height\" content=\"800\" \/>\n\t<meta property=\"og:image:type\" content=\"image\/jpeg\" \/>\n<meta name=\"twitter:card\" content=\"summary_large_image\" \/>\n<meta name=\"twitter:label1\" content=\"Tiempo de lectura\" \/>\n\t<meta name=\"twitter:data1\" content=\"2 minutos\" \/>\n<script type=\"application\/ld+json\" class=\"yoast-schema-graph\">{\"@context\":\"https:\\\/\\\/schema.org\",\"@graph\":[{\"@type\":\"WebPage\",\"@id\":\"https:\\\/\\\/franciscobelmonte.com\\\/tienda\\\/mono-alpinestars-stella-motegi-v2-lady-negro-blanco-fucsia\\\/\",\"url\":\"https:\\\/\\\/franciscobelmonte.com\\\/tienda\\\/mono-alpinestars-stella-motegi-v2-lady-negro-blanco-fucsia\\\/\",\"name\":\"MONO ALPINESTARS STELLA MOTEGI V2 LADY NEGRO \\\/ BLANCO \\\/ FUCSIA - Boutique Francisco Belmonte\",\"isPartOf\":{\"@id\":\"https:\\\/\\\/franciscobelmonte.com\\\/tienda\\\/#website\"},\"primaryImageOfPage\":{\"@id\":\"https:\\\/\\\/franciscobelmonte.com\\\/tienda\\\/mono-alpinestars-stella-motegi-v2-lady-negro-blanco-fucsia\\\/#primaryimage\"},\"image\":{\"@id\":\"https:\\\/\\\/franciscobelmonte.com\\\/tienda\\\/mono-alpinestars-stella-motegi-v2-lady-negro-blanco-fucsia\\\/#primaryimage\"},\"thumbnailUrl\":\"https:\\\/\\\/franciscobelmonte.com\\\/tienda\\\/wp-content\\\/uploads\\\/2022\\\/05\\\/mono-alpinestars-stella-motegi-v2-lady-negro-blanco-rosa.jpg\",\"datePublished\":\"2022-05-17T16:00:00+00:00\",\"dateModified\":\"2026-01-06T17:06:21+00:00\",\"description\":\"Mono Alpinestars Stella Motegi V2 Lady Negro-Blanco-Fucsia. Puedes descubrirlo en nuestra Boutique Francisco Belmonte en Murcia.\",\"breadcrumb\":{\"@id\":\"https:\\\/\\\/franciscobelmonte.com\\\/tienda\\\/mono-alpinestars-stella-motegi-v2-lady-negro-blanco-fucsia\\\/#breadcrumb\"},\"inLanguage\":\"es\",\"potentialAction\":[{\"@type\":\"ReadAction\",\"target\":[\"https:\\\/\\\/franciscobelmonte.com\\\/tienda\\\/mono-alpinestars-stella-motegi-v2-lady-negro-blanco-fucsia\\\/\"]}]},{\"@type\":\"ImageObject\",\"inLanguage\":\"es\",\"@id\":\"https:\\\/\\\/franciscobelmonte.com\\\/tienda\\\/mono-alpinestars-stella-motegi-v2-lady-negro-blanco-fucsia\\\/#primaryimage\",\"url\":\"https:\\\/\\\/franciscobelmonte.com\\\/tienda\\\/wp-content\\\/uploads\\\/2022\\\/05\\\/mono-alpinestars-stella-motegi-v2-lady-negro-blanco-rosa.jpg\",\"contentUrl\":\"https:\\\/\\\/franciscobelmonte.com\\\/tienda\\\/wp-content\\\/uploads\\\/2022\\\/05\\\/mono-alpinestars-stella-motegi-v2-lady-negro-blanco-rosa.jpg\",\"width\":619,\"height\":800,\"caption\":\"mono alpinestars stella motegi v2 lady negro-blanco-rosa en murcia francisco belmonte\"},{\"@type\":\"BreadcrumbList\",\"@id\":\"https:\\\/\\\/franciscobelmonte.com\\\/tienda\\\/mono-alpinestars-stella-motegi-v2-lady-negro-blanco-fucsia\\\/#breadcrumb\",\"itemListElement\":[{\"@type\":\"ListItem\",\"position\":1,\"name\":\"Portada\",\"item\":\"https:\\\/\\\/franciscobelmonte.com\\\/tienda\\\/\"},{\"@type\":\"ListItem\",\"position\":2,\"name\":\"Tienda\",\"item\":\"https:\\\/\\\/franciscobelmonte.com\\\/tienda\\\/boutique-equipamiento-motero\\\/\"},{\"@type\":\"ListItem\",\"position\":3,\"name\":\"MONO ALPINESTARS STELLA MOTEGI V2 LADY NEGRO \\\/ BLANCO \\\/ FUCSIA\"}]},{\"@type\":\"WebSite\",\"@id\":\"https:\\\/\\\/franciscobelmonte.com\\\/tienda\\\/#website\",\"url\":\"https:\\\/\\\/franciscobelmonte.com\\\/tienda\\\/\",\"name\":\"Boutique Francisco Belmonte\",\"description\":\"Todo en complementos para motoristas\",\"publisher\":{\"@id\":\"https:\\\/\\\/franciscobelmonte.com\\\/tienda\\\/#organization\"},\"potentialAction\":[{\"@type\":\"SearchAction\",\"target\":{\"@type\":\"EntryPoint\",\"urlTemplate\":\"https:\\\/\\\/franciscobelmonte.com\\\/tienda\\\/?s={search_term_string}\"},\"query-input\":{\"@type\":\"PropertyValueSpecification\",\"valueRequired\":true,\"valueName\":\"search_term_string\"}}],\"inLanguage\":\"es\"},{\"@type\":\"Organization\",\"@id\":\"https:\\\/\\\/franciscobelmonte.com\\\/tienda\\\/#organization\",\"name\":\"Boutique Francisco Belmonte\",\"url\":\"https:\\\/\\\/franciscobelmonte.com\\\/tienda\\\/\",\"logo\":{\"@type\":\"ImageObject\",\"inLanguage\":\"es\",\"@id\":\"https:\\\/\\\/franciscobelmonte.com\\\/tienda\\\/#\\\/schema\\\/logo\\\/image\\\/\",\"url\":\"https:\\\/\\\/franciscobelmonte.com\\\/tienda\\\/wp-content\\\/uploads\\\/2021\\\/12\\\/Francisco-Belmonte-logo.png\",\"contentUrl\":\"https:\\\/\\\/franciscobelmonte.com\\\/tienda\\\/wp-content\\\/uploads\\\/2021\\\/12\\\/Francisco-Belmonte-logo.png\",\"width\":2153,\"height\":536,\"caption\":\"Boutique Francisco Belmonte\"},\"image\":{\"@id\":\"https:\\\/\\\/franciscobelmonte.com\\\/tienda\\\/#\\\/schema\\\/logo\\\/image\\\/\"},\"sameAs\":[\"https:\\\/\\\/www.facebook.com\\\/motosfranciscobelmonte\",\"https:\\\/\\\/www.instagram.com\\\/fco.belmonte\\\/\"]}]}<\/script>\n<!-- \/ Yoast SEO plugin. -->","yoast_head_json":{"title":"MONO ALPINESTARS STELLA MOTEGI V2 LADY NEGRO \/ BLANCO \/ FUCSIA - Boutique Francisco Belmonte","description":"Mono Alpinestars Stella Motegi V2 Lady Negro-Blanco-Fucsia. Puedes descubrirlo en nuestra Boutique Francisco Belmonte en Murcia.","robots":{"index":"index","follow":"follow","max-snippet":"max-snippet:-1","max-image-preview":"max-image-preview:large","max-video-preview":"max-video-preview:-1"},"canonical":"https:\/\/franciscobelmonte.com\/tienda\/mono-alpinestars-stella-motegi-v2-lady-negro-blanco-fucsia\/","og_locale":"es_ES","og_type":"article","og_title":"MONO ALPINESTARS STELLA MOTEGI V2 LADY NEGRO \/ BLANCO \/ FUCSIA - Boutique Francisco Belmonte","og_description":"Mono Alpinestars Stella Motegi V2 Lady Negro-Blanco-Fucsia. Puedes descubrirlo en nuestra Boutique Francisco Belmonte en Murcia.","og_url":"https:\/\/franciscobelmonte.com\/tienda\/mono-alpinestars-stella-motegi-v2-lady-negro-blanco-fucsia\/","og_site_name":"Boutique Francisco Belmonte","article_publisher":"https:\/\/www.facebook.com\/motosfranciscobelmonte","article_modified_time":"2026-01-06T17:06:21+00:00","og_image":[{"width":619,"height":800,"url":"https:\/\/franciscobelmonte.com\/tienda\/wp-content\/uploads\/2022\/05\/mono-alpinestars-stella-motegi-v2-lady-negro-blanco-rosa.jpg","type":"image\/jpeg"}],"twitter_card":"summary_large_image","twitter_misc":{"Tiempo de lectura":"2 minutos"},"schema":{"@context":"https:\/\/schema.org","@graph":[{"@type":"WebPage","@id":"https:\/\/franciscobelmonte.com\/tienda\/mono-alpinestars-stella-motegi-v2-lady-negro-blanco-fucsia\/","url":"https:\/\/franciscobelmonte.com\/tienda\/mono-alpinestars-stella-motegi-v2-lady-negro-blanco-fucsia\/","name":"MONO ALPINESTARS STELLA MOTEGI V2 LADY NEGRO \/ BLANCO \/ FUCSIA - Boutique Francisco Belmonte","isPartOf":{"@id":"https:\/\/franciscobelmonte.com\/tienda\/#website"},"primaryImageOfPage":{"@id":"https:\/\/franciscobelmonte.com\/tienda\/mono-alpinestars-stella-motegi-v2-lady-negro-blanco-fucsia\/#primaryimage"},"image":{"@id":"https:\/\/franciscobelmonte.com\/tienda\/mono-alpinestars-stella-motegi-v2-lady-negro-blanco-fucsia\/#primaryimage"},"thumbnailUrl":"https:\/\/franciscobelmonte.com\/tienda\/wp-content\/uploads\/2022\/05\/mono-alpinestars-stella-motegi-v2-lady-negro-blanco-rosa.jpg","datePublished":"2022-05-17T16:00:00+00:00","dateModified":"2026-01-06T17:06:21+00:00","description":"Mono Alpinestars Stella Motegi V2 Lady Negro-Blanco-Fucsia. Puedes descubrirlo en nuestra Boutique Francisco Belmonte en Murcia.","breadcrumb":{"@id":"https:\/\/franciscobelmonte.com\/tienda\/mono-alpinestars-stella-motegi-v2-lady-negro-blanco-fucsia\/#breadcrumb"},"inLanguage":"es","potentialAction":[{"@type":"ReadAction","target":["https:\/\/franciscobelmonte.com\/tienda\/mono-alpinestars-stella-motegi-v2-lady-negro-blanco-fucsia\/"]}]},{"@type":"ImageObject","inLanguage":"es","@id":"https:\/\/franciscobelmonte.com\/tienda\/mono-alpinestars-stella-motegi-v2-lady-negro-blanco-fucsia\/#primaryimage","url":"https:\/\/franciscobelmonte.com\/tienda\/wp-content\/uploads\/2022\/05\/mono-alpinestars-stella-motegi-v2-lady-negro-blanco-rosa.jpg","contentUrl":"https:\/\/franciscobelmonte.com\/tienda\/wp-content\/uploads\/2022\/05\/mono-alpinestars-stella-motegi-v2-lady-negro-blanco-rosa.jpg","width":619,"height":800,"caption":"mono alpinestars stella motegi v2 lady negro-blanco-rosa en murcia francisco belmonte"},{"@type":"BreadcrumbList","@id":"https:\/\/franciscobelmonte.com\/tienda\/mono-alpinestars-stella-motegi-v2-lady-negro-blanco-fucsia\/#breadcrumb","itemListElement":[{"@type":"ListItem","position":1,"name":"Portada","item":"https:\/\/franciscobelmonte.com\/tienda\/"},{"@type":"ListItem","position":2,"name":"Tienda","item":"https:\/\/franciscobelmonte.com\/tienda\/boutique-equipamiento-motero\/"},{"@type":"ListItem","position":3,"name":"MONO ALPINESTARS STELLA MOTEGI V2 LADY NEGRO \/ BLANCO \/ FUCSIA"}]},{"@type":"WebSite","@id":"https:\/\/franciscobelmonte.com\/tienda\/#website","url":"https:\/\/franciscobelmonte.com\/tienda\/","name":"Boutique Francisco Belmonte","description":"Todo en complementos para motoristas","publisher":{"@id":"https:\/\/franciscobelmonte.com\/tienda\/#organization"},"potentialAction":[{"@type":"SearchAction","target":{"@type":"EntryPoint","urlTemplate":"https:\/\/franciscobelmonte.com\/tienda\/?s={search_term_string}"},"query-input":{"@type":"PropertyValueSpecification","valueRequired":true,"valueName":"search_term_string"}}],"inLanguage":"es"},{"@type":"Organization","@id":"https:\/\/franciscobelmonte.com\/tienda\/#organization","name":"Boutique Francisco Belmonte","url":"https:\/\/franciscobelmonte.com\/tienda\/","logo":{"@type":"ImageObject","inLanguage":"es","@id":"https:\/\/franciscobelmonte.com\/tienda\/#\/schema\/logo\/image\/","url":"https:\/\/franciscobelmonte.com\/tienda\/wp-content\/uploads\/2021\/12\/Francisco-Belmonte-logo.png","contentUrl":"https:\/\/franciscobelmonte.com\/tienda\/wp-content\/uploads\/2021\/12\/Francisco-Belmonte-logo.png","width":2153,"height":536,"caption":"Boutique Francisco Belmonte"},"image":{"@id":"https:\/\/franciscobelmonte.com\/tienda\/#\/schema\/logo\/image\/"},"sameAs":["https:\/\/www.facebook.com\/motosfranciscobelmonte","https:\/\/www.instagram.com\/fco.belmonte\/"]}]}},"jetpack_sharing_enabled":true,"brands":[{"id":186,"name":"Alpinestars","slug":"alpinestars"}],"_links":{"self":[{"href":"https:\/\/franciscobelmonte.com\/tienda\/wp-json\/wp\/v2\/product\/3455","targetHints":{"allow":["GET"]}}],"collection":[{"href":"https:\/\/franciscobelmonte.com\/tienda\/wp-json\/wp\/v2\/product"}],"about":[{"href":"https:\/\/franciscobelmonte.com\/tienda\/wp-json\/wp\/v2\/types\/product"}],"replies":[{"embeddable":true,"href":"https:\/\/franciscobelmonte.com\/tienda\/wp-json\/wp\/v2\/comments?post=3455"}],"wp:featuredmedia":[{"embeddable":true,"href":"https:\/\/franciscobelmonte.com\/tienda\/wp-json\/wp\/v2\/media\/3462"}],"wp:attachment":[{"href":"https:\/\/franciscobelmonte.com\/tienda\/wp-json\/wp\/v2\/media?parent=3455"}],"wp:term":[{"taxonomy":"pwb-brand","embeddable":true,"href":"https:\/\/franciscobelmonte.com\/tienda\/wp-json\/wp\/v2\/pwb-brand?post=3455"},{"taxonomy":"product_brand","embeddable":true,"href":"https:\/\/franciscobelmonte.com\/tienda\/wp-json\/wp\/v2\/product_brand?post=3455"},{"taxonomy":"product_cat","embeddable":true,"href":"https:\/\/franciscobelmonte.com\/tienda\/wp-json\/wp\/v2\/product_cat?post=3455"},{"taxonomy":"product_tag","embeddable":true,"href":"https:\/\/franciscobelmonte.com\/tienda\/wp-json\/wp\/v2\/product_tag?post=3455"}],"curies":[{"name":"wp","href":"https:\/\/api.w.org\/{rel}","templated":true}]}}