{"id":4030,"date":"2022-06-22T07:19:41","date_gmt":"2022-06-22T07:19:41","guid":{"rendered":"https:\/\/franciscobelmonte.com\/tienda\/?post_type=product&#038;p=4030"},"modified":"2022-10-13T09:20:31","modified_gmt":"2022-10-13T09:20:31","slug":"casco-hjc-rpha-11-punisher-marvel-negro-blanco-gris","status":"publish","type":"product","link":"https:\/\/franciscobelmonte.com\/tienda\/casco-hjc-rpha-11-punisher-marvel-negro-blanco-gris\/","title":{"rendered":"CASCO HJC RPHA 11 PUNISHER MARVEL NEGRO \/ BLANCO \/ GRIS"},"content":{"rendered":"<h2>Casco HJC RPHA 11 Punisher Marvel Negro \/ Blanco \/ Gris<\/h2>\n<p>Se trata de la evoluci\u00f3n del exitoso modelo RPHA10 Plus. El RPHA 11 cuenta con un nuevo sistema de ventilaci\u00f3n, detalles en seguridad y aerodin\u00e1mica mejorados y presenta un mayor campo visual. Se trata del casco m\u00e1s deportivo y avanzado de la marca.<\/p>\n<p><strong>Caracter\u00edsticas t\u00e9cnicas<\/strong><\/p>\n<p><strong>Calota externa<\/strong><\/p>\n<ul>\n<li>Calota exterior fabricada en un compuesto avanzado de fibra de vidrio, fibra de carbono y Aramida. Este compuesto permite que el casco ofrezca gran resistencia a los impactos con un peso muy reducido. Esta tecnolog\u00eda ha sido bautizada por la marca como PIM+ (Premium Integrated Matrix Plus).<\/li>\n<\/ul>\n<p><strong>Ventilaci\u00f3n<\/strong><\/p>\n<ul>\n<li>El sistema de ventilaci\u00f3n del casco dispone de unas entradas de aire redise\u00f1adas, tanto en la mentonera como en la parte superior de la calota, adem\u00e1s de dos orificios nuevos situados en la parte frontal del casco. Las tomas de aire ahora son capaces de absorber un mayor flujo de aire, mientras que los conductos del sistema de ventilaci\u00f3n, ahora m\u00e1s anchos y proporcionan una \u00f3ptima ventilaci\u00f3n en el interior. Los mecanismos de apertura y cierre del sistema de ventilaci\u00f3n se conf\u00edan a un mecanismo de tipo on-off en la mentonera y en la parte frontal de la calota, mientras que en las entradas de aire superiores encontramos el mismo sistema de ruedecillas redise\u00f1ado que ya equipaba la gama RPHA 10 Plus. El sistema de ruedecillas nos ofrece la posibilidad de regular hasta 7 posiciones distintas y cuenta con un acabado de goma para un mayor contacto y agarre con el guente y en mojado. En el sp\u00f3iler trasero del casco encontramos dos orificios de salida, adem\u00e1s de unas rejillas a lado y lado de la zona posterior del casco que garantizan la total extracci\u00f3n de la humedad y del aire caliente del interior del mismo.<\/li>\n<\/ul>\n<p><strong>Pantalla<\/strong><\/p>\n<ul>\n<li>La pantalla del RPHA 11 ofrece un campo visual m\u00e1s amplio. Dispone de tratamiento anti-rayadas y anti-vaho. Incorpora pantalla clara y oscura adem\u00e1s de soportes para Tear-Off y Pinlock.<\/li>\n<li>La pantallita interior Pinlock incluida, evita que se empa\u00f1e la pantalla.<\/li>\n<li>Sistema de cierre redise\u00f1ado: ahora solamente pulsando la leva del cierre hasta arriba, \u00e9sta se desbloquear\u00e1 y la podremos alzar sin problemas.<\/li>\n<li>El mecanismo de la pantalla RapidFire permite montar y desmontar la pantalla de forma r\u00e1pida y sin herramientas.<\/li>\n<\/ul>\n<p><strong>Interior<\/strong><\/p>\n<ul>\n<li>El interior del casco ha sido completamente redise\u00f1ado. El sistema Multicool presenta tres acabados textiles distintos, cada uno con funciones distintas: el de las carrilleras optimiza el tacto y el confort en marcha, mientras que el que rodea la parte superior de la cabeza combina el correcto ajuste y una \u00f3ptima transpiraci\u00f3n. El acolchado superior tiene como objetivo la correcta evacuaci\u00f3n del sudor y la humedad interior, ayudado por el avanzado sistema de ventilaci\u00f3n interior. El acabado exterior del acolchado incorpora zonas reflectantes y dispone de corona de goma que evita la entrada de agua en el interior del caso en caso de lluvia. Una de las grandes novedades de este casco es el sistema de extracci\u00f3n de emergencia del acolchado lateral, que permite retirar de manera r\u00e1pida y sencilla los acolchados. Todos los acolchados son extra\u00edbles y lavables.<\/li>\n<\/ul>\n<p><strong>Otras caracter\u00edsticas<\/strong><\/p>\n<ul>\n<li>Sistema de cierre de doble hebilla o doble D.<\/li>\n<li>Cubrenariz y cubrebarbilla inclu\u00eddos.<\/li>\n<li>Peso: 1300 gr. en la talla M.<\/li>\n<\/ul>\n<p>&nbsp;<\/p>\n","protected":false},"excerpt":{"rendered":"<p>Se trata de la evoluci\u00f3n del exitoso modelo RPHA10 Plus. El RPHA 11 cuenta con un nuevo sistema de ventilaci\u00f3n, detalles en seguridad y aerodin\u00e1mica mejorados y presenta un mayor campo visual. Se trata del casco m\u00e1s deportivo y avanzado de la marca.<\/p>\n","protected":false},"featured_media":4107,"comment_status":"open","ping_status":"closed","template":"","meta":{"_themeisle_gutenberg_block_has_review":false},"pwb-brand":[190],"product_brand":[],"product_cat":[15,145],"product_tag":[],"class_list":{"0":"post-4030","1":"product","2":"type-product","3":"status-publish","4":"has-post-thumbnail","6":"pwb-brand-hjc","7":"product_cat-casco-de-moto","8":"product_cat-cascos-de-moto-integrales","10":"first","11":"outofstock","12":"taxable","13":"shipping-taxable","14":"product-type-variable","15":"has-default-attributes"},"yoast_head":"<!-- This site is optimized with the Yoast SEO plugin v27.5 - https:\/\/yoast.com\/product\/yoast-seo-wordpress\/ -->\n<title>CASCO HJC RPHA 11 PUNISHER MARVEL NEGRO \/ BLANCO \/ GRIS - Boutique Francisco Belmonte<\/title>\n<meta name=\"description\" content=\"Casco HJC RPHA 11 PUNISHER MARVEL Negro - Blanco - Gris. Puedes descubrirlo y prob\u00e1rtelo en nuestra Boutique Francisco Belmonte en Murcia.\" \/>\n<meta name=\"robots\" content=\"index, follow, max-snippet:-1, max-image-preview:large, max-video-preview:-1\" \/>\n<link rel=\"canonical\" href=\"https:\/\/franciscobelmonte.com\/tienda\/casco-hjc-rpha-11-punisher-marvel-negro-blanco-gris\/\" \/>\n<meta property=\"og:locale\" content=\"es_ES\" \/>\n<meta property=\"og:type\" content=\"article\" \/>\n<meta property=\"og:title\" content=\"CASCO HJC RPHA 11 PUNISHER MARVEL NEGRO \/ BLANCO \/ GRIS - Boutique Francisco Belmonte\" \/>\n<meta property=\"og:description\" content=\"Casco HJC RPHA 11 PUNISHER MARVEL Negro - Blanco - Gris. Puedes descubrirlo y prob\u00e1rtelo en nuestra Boutique Francisco Belmonte en Murcia.\" \/>\n<meta property=\"og:url\" content=\"https:\/\/franciscobelmonte.com\/tienda\/casco-hjc-rpha-11-punisher-marvel-negro-blanco-gris\/\" \/>\n<meta property=\"og:site_name\" content=\"Boutique Francisco Belmonte\" \/>\n<meta property=\"article:publisher\" content=\"https:\/\/www.facebook.com\/motosfranciscobelmonte\" \/>\n<meta property=\"article:modified_time\" content=\"2022-10-13T09:20:31+00:00\" \/>\n<meta property=\"og:image\" content=\"https:\/\/franciscobelmonte.com\/tienda\/wp-content\/uploads\/2022\/06\/Casco-HJC-RPHA11Punisher4.jpg\" \/>\n\t<meta property=\"og:image:width\" content=\"800\" \/>\n\t<meta property=\"og:image:height\" content=\"800\" \/>\n\t<meta property=\"og:image:type\" content=\"image\/jpeg\" \/>\n<meta name=\"twitter:card\" content=\"summary_large_image\" \/>\n<meta name=\"twitter:label1\" content=\"Tiempo de lectura\" \/>\n\t<meta name=\"twitter:data1\" content=\"3 minutos\" \/>\n<script type=\"application\/ld+json\" class=\"yoast-schema-graph\">{\"@context\":\"https:\\\/\\\/schema.org\",\"@graph\":[{\"@type\":\"WebPage\",\"@id\":\"https:\\\/\\\/franciscobelmonte.com\\\/tienda\\\/casco-hjc-rpha-11-punisher-marvel-negro-blanco-gris\\\/\",\"url\":\"https:\\\/\\\/franciscobelmonte.com\\\/tienda\\\/casco-hjc-rpha-11-punisher-marvel-negro-blanco-gris\\\/\",\"name\":\"CASCO HJC RPHA 11 PUNISHER MARVEL NEGRO \\\/ BLANCO \\\/ GRIS - Boutique Francisco Belmonte\",\"isPartOf\":{\"@id\":\"https:\\\/\\\/franciscobelmonte.com\\\/tienda\\\/#website\"},\"primaryImageOfPage\":{\"@id\":\"https:\\\/\\\/franciscobelmonte.com\\\/tienda\\\/casco-hjc-rpha-11-punisher-marvel-negro-blanco-gris\\\/#primaryimage\"},\"image\":{\"@id\":\"https:\\\/\\\/franciscobelmonte.com\\\/tienda\\\/casco-hjc-rpha-11-punisher-marvel-negro-blanco-gris\\\/#primaryimage\"},\"thumbnailUrl\":\"https:\\\/\\\/franciscobelmonte.com\\\/tienda\\\/wp-content\\\/uploads\\\/2022\\\/06\\\/Casco-HJC-RPHA11Punisher4.jpg\",\"datePublished\":\"2022-06-22T07:19:41+00:00\",\"dateModified\":\"2022-10-13T09:20:31+00:00\",\"description\":\"Casco HJC RPHA 11 PUNISHER MARVEL Negro - Blanco - Gris. Puedes descubrirlo y prob\u00e1rtelo en nuestra Boutique Francisco Belmonte en Murcia.\",\"breadcrumb\":{\"@id\":\"https:\\\/\\\/franciscobelmonte.com\\\/tienda\\\/casco-hjc-rpha-11-punisher-marvel-negro-blanco-gris\\\/#breadcrumb\"},\"inLanguage\":\"es\",\"potentialAction\":[{\"@type\":\"ReadAction\",\"target\":[\"https:\\\/\\\/franciscobelmonte.com\\\/tienda\\\/casco-hjc-rpha-11-punisher-marvel-negro-blanco-gris\\\/\"]}]},{\"@type\":\"ImageObject\",\"inLanguage\":\"es\",\"@id\":\"https:\\\/\\\/franciscobelmonte.com\\\/tienda\\\/casco-hjc-rpha-11-punisher-marvel-negro-blanco-gris\\\/#primaryimage\",\"url\":\"https:\\\/\\\/franciscobelmonte.com\\\/tienda\\\/wp-content\\\/uploads\\\/2022\\\/06\\\/Casco-HJC-RPHA11Punisher4.jpg\",\"contentUrl\":\"https:\\\/\\\/franciscobelmonte.com\\\/tienda\\\/wp-content\\\/uploads\\\/2022\\\/06\\\/Casco-HJC-RPHA11Punisher4.jpg\",\"width\":800,\"height\":800,\"caption\":\"casco hjc rpha 11 punisher marvel negro blanco gris en murcia francisco belmonte\"},{\"@type\":\"BreadcrumbList\",\"@id\":\"https:\\\/\\\/franciscobelmonte.com\\\/tienda\\\/casco-hjc-rpha-11-punisher-marvel-negro-blanco-gris\\\/#breadcrumb\",\"itemListElement\":[{\"@type\":\"ListItem\",\"position\":1,\"name\":\"Portada\",\"item\":\"https:\\\/\\\/franciscobelmonte.com\\\/tienda\\\/\"},{\"@type\":\"ListItem\",\"position\":2,\"name\":\"Tienda\",\"item\":\"https:\\\/\\\/franciscobelmonte.com\\\/tienda\\\/boutique-equipamiento-motero\\\/\"},{\"@type\":\"ListItem\",\"position\":3,\"name\":\"CASCO HJC RPHA 11 PUNISHER MARVEL NEGRO \\\/ BLANCO \\\/ GRIS\"}]},{\"@type\":\"WebSite\",\"@id\":\"https:\\\/\\\/franciscobelmonte.com\\\/tienda\\\/#website\",\"url\":\"https:\\\/\\\/franciscobelmonte.com\\\/tienda\\\/\",\"name\":\"Boutique Francisco Belmonte\",\"description\":\"Todo en complementos para motoristas\",\"publisher\":{\"@id\":\"https:\\\/\\\/franciscobelmonte.com\\\/tienda\\\/#organization\"},\"potentialAction\":[{\"@type\":\"SearchAction\",\"target\":{\"@type\":\"EntryPoint\",\"urlTemplate\":\"https:\\\/\\\/franciscobelmonte.com\\\/tienda\\\/?s={search_term_string}\"},\"query-input\":{\"@type\":\"PropertyValueSpecification\",\"valueRequired\":true,\"valueName\":\"search_term_string\"}}],\"inLanguage\":\"es\"},{\"@type\":\"Organization\",\"@id\":\"https:\\\/\\\/franciscobelmonte.com\\\/tienda\\\/#organization\",\"name\":\"Boutique Francisco Belmonte\",\"url\":\"https:\\\/\\\/franciscobelmonte.com\\\/tienda\\\/\",\"logo\":{\"@type\":\"ImageObject\",\"inLanguage\":\"es\",\"@id\":\"https:\\\/\\\/franciscobelmonte.com\\\/tienda\\\/#\\\/schema\\\/logo\\\/image\\\/\",\"url\":\"https:\\\/\\\/franciscobelmonte.com\\\/tienda\\\/wp-content\\\/uploads\\\/2021\\\/12\\\/Francisco-Belmonte-logo.png\",\"contentUrl\":\"https:\\\/\\\/franciscobelmonte.com\\\/tienda\\\/wp-content\\\/uploads\\\/2021\\\/12\\\/Francisco-Belmonte-logo.png\",\"width\":2153,\"height\":536,\"caption\":\"Boutique Francisco Belmonte\"},\"image\":{\"@id\":\"https:\\\/\\\/franciscobelmonte.com\\\/tienda\\\/#\\\/schema\\\/logo\\\/image\\\/\"},\"sameAs\":[\"https:\\\/\\\/www.facebook.com\\\/motosfranciscobelmonte\",\"https:\\\/\\\/www.instagram.com\\\/fco.belmonte\\\/\"]}]}<\/script>\n<!-- \/ Yoast SEO plugin. -->","yoast_head_json":{"title":"CASCO HJC RPHA 11 PUNISHER MARVEL NEGRO \/ BLANCO \/ GRIS - Boutique Francisco Belmonte","description":"Casco HJC RPHA 11 PUNISHER MARVEL Negro - Blanco - Gris. Puedes descubrirlo y prob\u00e1rtelo en nuestra Boutique Francisco Belmonte en Murcia.","robots":{"index":"index","follow":"follow","max-snippet":"max-snippet:-1","max-image-preview":"max-image-preview:large","max-video-preview":"max-video-preview:-1"},"canonical":"https:\/\/franciscobelmonte.com\/tienda\/casco-hjc-rpha-11-punisher-marvel-negro-blanco-gris\/","og_locale":"es_ES","og_type":"article","og_title":"CASCO HJC RPHA 11 PUNISHER MARVEL NEGRO \/ BLANCO \/ GRIS - Boutique Francisco Belmonte","og_description":"Casco HJC RPHA 11 PUNISHER MARVEL Negro - Blanco - Gris. Puedes descubrirlo y prob\u00e1rtelo en nuestra Boutique Francisco Belmonte en Murcia.","og_url":"https:\/\/franciscobelmonte.com\/tienda\/casco-hjc-rpha-11-punisher-marvel-negro-blanco-gris\/","og_site_name":"Boutique Francisco Belmonte","article_publisher":"https:\/\/www.facebook.com\/motosfranciscobelmonte","article_modified_time":"2022-10-13T09:20:31+00:00","og_image":[{"width":800,"height":800,"url":"https:\/\/franciscobelmonte.com\/tienda\/wp-content\/uploads\/2022\/06\/Casco-HJC-RPHA11Punisher4.jpg","type":"image\/jpeg"}],"twitter_card":"summary_large_image","twitter_misc":{"Tiempo de lectura":"3 minutos"},"schema":{"@context":"https:\/\/schema.org","@graph":[{"@type":"WebPage","@id":"https:\/\/franciscobelmonte.com\/tienda\/casco-hjc-rpha-11-punisher-marvel-negro-blanco-gris\/","url":"https:\/\/franciscobelmonte.com\/tienda\/casco-hjc-rpha-11-punisher-marvel-negro-blanco-gris\/","name":"CASCO HJC RPHA 11 PUNISHER MARVEL NEGRO \/ BLANCO \/ GRIS - Boutique Francisco Belmonte","isPartOf":{"@id":"https:\/\/franciscobelmonte.com\/tienda\/#website"},"primaryImageOfPage":{"@id":"https:\/\/franciscobelmonte.com\/tienda\/casco-hjc-rpha-11-punisher-marvel-negro-blanco-gris\/#primaryimage"},"image":{"@id":"https:\/\/franciscobelmonte.com\/tienda\/casco-hjc-rpha-11-punisher-marvel-negro-blanco-gris\/#primaryimage"},"thumbnailUrl":"https:\/\/franciscobelmonte.com\/tienda\/wp-content\/uploads\/2022\/06\/Casco-HJC-RPHA11Punisher4.jpg","datePublished":"2022-06-22T07:19:41+00:00","dateModified":"2022-10-13T09:20:31+00:00","description":"Casco HJC RPHA 11 PUNISHER MARVEL Negro - Blanco - Gris. Puedes descubrirlo y prob\u00e1rtelo en nuestra Boutique Francisco Belmonte en Murcia.","breadcrumb":{"@id":"https:\/\/franciscobelmonte.com\/tienda\/casco-hjc-rpha-11-punisher-marvel-negro-blanco-gris\/#breadcrumb"},"inLanguage":"es","potentialAction":[{"@type":"ReadAction","target":["https:\/\/franciscobelmonte.com\/tienda\/casco-hjc-rpha-11-punisher-marvel-negro-blanco-gris\/"]}]},{"@type":"ImageObject","inLanguage":"es","@id":"https:\/\/franciscobelmonte.com\/tienda\/casco-hjc-rpha-11-punisher-marvel-negro-blanco-gris\/#primaryimage","url":"https:\/\/franciscobelmonte.com\/tienda\/wp-content\/uploads\/2022\/06\/Casco-HJC-RPHA11Punisher4.jpg","contentUrl":"https:\/\/franciscobelmonte.com\/tienda\/wp-content\/uploads\/2022\/06\/Casco-HJC-RPHA11Punisher4.jpg","width":800,"height":800,"caption":"casco hjc rpha 11 punisher marvel negro blanco gris en murcia francisco belmonte"},{"@type":"BreadcrumbList","@id":"https:\/\/franciscobelmonte.com\/tienda\/casco-hjc-rpha-11-punisher-marvel-negro-blanco-gris\/#breadcrumb","itemListElement":[{"@type":"ListItem","position":1,"name":"Portada","item":"https:\/\/franciscobelmonte.com\/tienda\/"},{"@type":"ListItem","position":2,"name":"Tienda","item":"https:\/\/franciscobelmonte.com\/tienda\/boutique-equipamiento-motero\/"},{"@type":"ListItem","position":3,"name":"CASCO HJC RPHA 11 PUNISHER MARVEL NEGRO \/ BLANCO \/ GRIS"}]},{"@type":"WebSite","@id":"https:\/\/franciscobelmonte.com\/tienda\/#website","url":"https:\/\/franciscobelmonte.com\/tienda\/","name":"Boutique Francisco Belmonte","description":"Todo en complementos para motoristas","publisher":{"@id":"https:\/\/franciscobelmonte.com\/tienda\/#organization"},"potentialAction":[{"@type":"SearchAction","target":{"@type":"EntryPoint","urlTemplate":"https:\/\/franciscobelmonte.com\/tienda\/?s={search_term_string}"},"query-input":{"@type":"PropertyValueSpecification","valueRequired":true,"valueName":"search_term_string"}}],"inLanguage":"es"},{"@type":"Organization","@id":"https:\/\/franciscobelmonte.com\/tienda\/#organization","name":"Boutique Francisco Belmonte","url":"https:\/\/franciscobelmonte.com\/tienda\/","logo":{"@type":"ImageObject","inLanguage":"es","@id":"https:\/\/franciscobelmonte.com\/tienda\/#\/schema\/logo\/image\/","url":"https:\/\/franciscobelmonte.com\/tienda\/wp-content\/uploads\/2021\/12\/Francisco-Belmonte-logo.png","contentUrl":"https:\/\/franciscobelmonte.com\/tienda\/wp-content\/uploads\/2021\/12\/Francisco-Belmonte-logo.png","width":2153,"height":536,"caption":"Boutique Francisco Belmonte"},"image":{"@id":"https:\/\/franciscobelmonte.com\/tienda\/#\/schema\/logo\/image\/"},"sameAs":["https:\/\/www.facebook.com\/motosfranciscobelmonte","https:\/\/www.instagram.com\/fco.belmonte\/"]}]}},"jetpack_sharing_enabled":true,"brands":[{"id":190,"name":"Hjc","slug":"hjc"}],"_links":{"self":[{"href":"https:\/\/franciscobelmonte.com\/tienda\/wp-json\/wp\/v2\/product\/4030","targetHints":{"allow":["GET"]}}],"collection":[{"href":"https:\/\/franciscobelmonte.com\/tienda\/wp-json\/wp\/v2\/product"}],"about":[{"href":"https:\/\/franciscobelmonte.com\/tienda\/wp-json\/wp\/v2\/types\/product"}],"replies":[{"embeddable":true,"href":"https:\/\/franciscobelmonte.com\/tienda\/wp-json\/wp\/v2\/comments?post=4030"}],"wp:featuredmedia":[{"embeddable":true,"href":"https:\/\/franciscobelmonte.com\/tienda\/wp-json\/wp\/v2\/media\/4107"}],"wp:attachment":[{"href":"https:\/\/franciscobelmonte.com\/tienda\/wp-json\/wp\/v2\/media?parent=4030"}],"wp:term":[{"taxonomy":"pwb-brand","embeddable":true,"href":"https:\/\/franciscobelmonte.com\/tienda\/wp-json\/wp\/v2\/pwb-brand?post=4030"},{"taxonomy":"product_brand","embeddable":true,"href":"https:\/\/franciscobelmonte.com\/tienda\/wp-json\/wp\/v2\/product_brand?post=4030"},{"taxonomy":"product_cat","embeddable":true,"href":"https:\/\/franciscobelmonte.com\/tienda\/wp-json\/wp\/v2\/product_cat?post=4030"},{"taxonomy":"product_tag","embeddable":true,"href":"https:\/\/franciscobelmonte.com\/tienda\/wp-json\/wp\/v2\/product_tag?post=4030"}],"curies":[{"name":"wp","href":"https:\/\/api.w.org\/{rel}","templated":true}]}}