{"id":4185,"date":"2022-06-27T15:34:01","date_gmt":"2022-06-27T15:34:01","guid":{"rendered":"https:\/\/franciscobelmonte.com\/tienda\/?post_type=product&#038;p=4185"},"modified":"2026-03-07T12:13:27","modified_gmt":"2026-03-07T10:13:27","slug":"pinlock-shoei-cw1-cwr1-cns1-transparente","status":"publish","type":"product","link":"https:\/\/franciscobelmonte.com\/tienda\/pinlock-shoei-cw1-cwr1-cns1-transparente\/","title":{"rendered":"PINLOCK SHOEI CW1\/CWR1\/CNS1 TRANSP."},"content":{"rendered":"<h1>Pinlock Shoei CW1\/CWR1\/CNS1 Transp.<\/h1>\n<p>Pantalla interior antivaho Shoei Pinlock Evo transparente.<\/p>\n<p>Cuando vas a en moto tener una visi\u00f3n clara es de m\u00e1xima importancia para pilotar con seguridad y gozar de la conducci\u00f3n. Gracias al efecto de doble escudo herm\u00e9tico y al alto grado de absorci\u00f3n de la humedad de la lente Pinlock Evo, , podr\u00e1s disfrutar de una visi\u00f3n perfecta, incluso bajo las condiciones clim\u00e1ticas m\u00e1s exigentes.<\/p>\n<p>Testado y probado en la pista, la lente Pinlock Evo ha superado la estricta prueba antivaho de la normativa ECE con uan incre\u00edble puntuaci\u00f3n de 6. Adem\u00e1s de todas estas ventajas, la lente Pinlock Evo es intercambiable y f\u00e1cil de instalar.<\/p>\n<p><strong>Caracter\u00edsticas<\/strong><\/p>\n<ul style=\"list-style-type: square;\">\n<li>La protecci\u00f3n anti-vaho m\u00e1s eficaz.<\/li>\n<li>Visi\u00f3n clara bajo condiciones extremas.<\/li>\n<li>Ha obtenido una puntuaci\u00f3n de 6 en la exigente prueba antivaho de la normativa ECE para cascos.<\/li>\n<li>Sistema de doble capa\/protecci\u00f3n.<\/li>\n<li>Material con un alt\u00edsimo grado de absorci\u00f3n de la humedad.<\/li>\n<li>Intercambiable.<\/li>\n<li>F\u00e1cil de instalar y de limpiar.<\/li>\n<li>Compatible con las pantallas CW-1, CNS-1, CWR-1 y CNS-3<\/li>\n<\/ul>\n<p><strong>No es aconsejable el uso de la lente Shoei Pinlock EVO en condiciones nocturnas o con poca luz.<\/strong><\/p>\n","protected":false},"excerpt":{"rendered":"<p>Pantalla interior antivaho Shoei Pinlock Evo transparente.<\/p>\n","protected":false},"featured_media":4190,"comment_status":"open","ping_status":"closed","template":"","meta":{"_themeisle_gutenberg_block_has_review":false},"pwb-brand":[183],"product_brand":[],"product_cat":[33],"product_tag":[884,818,783],"class_list":{"0":"post-4185","1":"product","2":"type-product","3":"status-publish","4":"has-post-thumbnail","6":"pwb-brand-shoei","7":"product_cat-complementos","8":"product_tag-dto-navideno-20","9":"product_tag-rebajas-20","10":"product_tag-shoei-sin-rebajas-10","12":"first","13":"instock","14":"taxable","15":"shipping-taxable","16":"purchasable","17":"product-type-simple"},"yoast_head":"<!-- This site is optimized with the Yoast SEO plugin v27.4 - https:\/\/yoast.com\/product\/yoast-seo-wordpress\/ -->\n<title>PINLOCK SHOEI CW1\/CWR1\/CNS1 TRANSP. - Boutique Francisco Belmonte<\/title>\n<meta name=\"description\" content=\"Pinlock Shoei CW1-CWR1-CNS1 transparente. Puedes descubrirlo en nuestra Boutique Francisco Belmonte en Murcia. Al mejor precio\" \/>\n<meta name=\"robots\" content=\"index, follow, max-snippet:-1, max-image-preview:large, max-video-preview:-1\" \/>\n<link rel=\"canonical\" href=\"https:\/\/franciscobelmonte.com\/tienda\/pinlock-shoei-cw1-cwr1-cns1-transparente\/\" \/>\n<meta property=\"og:locale\" content=\"es_ES\" \/>\n<meta property=\"og:type\" content=\"article\" \/>\n<meta property=\"og:title\" content=\"PINLOCK SHOEI CW1\/CWR1\/CNS1 TRANSP. - Boutique Francisco Belmonte\" \/>\n<meta property=\"og:description\" content=\"Pinlock Shoei CW1-CWR1-CNS1 transparente. Puedes descubrirlo en nuestra Boutique Francisco Belmonte en Murcia. Al mejor precio\" \/>\n<meta property=\"og:url\" content=\"https:\/\/franciscobelmonte.com\/tienda\/pinlock-shoei-cw1-cwr1-cns1-transparente\/\" \/>\n<meta property=\"og:site_name\" content=\"Boutique Francisco Belmonte\" \/>\n<meta property=\"article:publisher\" content=\"https:\/\/www.facebook.com\/motosfranciscobelmonte\" \/>\n<meta property=\"article:modified_time\" content=\"2026-03-07T10:13:27+00:00\" \/>\n<meta property=\"og:image\" content=\"https:\/\/franciscobelmonte.com\/tienda\/wp-content\/uploads\/2022\/06\/Pinlock-Shoei-CW1-CWR1-CNS1-TranspARENTE.jpg\" \/>\n\t<meta property=\"og:image:width\" content=\"800\" \/>\n\t<meta property=\"og:image:height\" content=\"800\" \/>\n\t<meta property=\"og:image:type\" content=\"image\/jpeg\" \/>\n<meta name=\"twitter:card\" content=\"summary_large_image\" \/>\n<meta name=\"twitter:label1\" content=\"Tiempo de lectura\" \/>\n\t<meta name=\"twitter:data1\" content=\"1 minuto\" \/>\n<script type=\"application\/ld+json\" class=\"yoast-schema-graph\">{\"@context\":\"https:\\\/\\\/schema.org\",\"@graph\":[{\"@type\":\"WebPage\",\"@id\":\"https:\\\/\\\/franciscobelmonte.com\\\/tienda\\\/pinlock-shoei-cw1-cwr1-cns1-transparente\\\/\",\"url\":\"https:\\\/\\\/franciscobelmonte.com\\\/tienda\\\/pinlock-shoei-cw1-cwr1-cns1-transparente\\\/\",\"name\":\"PINLOCK SHOEI CW1\\\/CWR1\\\/CNS1 TRANSP. - Boutique Francisco Belmonte\",\"isPartOf\":{\"@id\":\"https:\\\/\\\/franciscobelmonte.com\\\/tienda\\\/#website\"},\"primaryImageOfPage\":{\"@id\":\"https:\\\/\\\/franciscobelmonte.com\\\/tienda\\\/pinlock-shoei-cw1-cwr1-cns1-transparente\\\/#primaryimage\"},\"image\":{\"@id\":\"https:\\\/\\\/franciscobelmonte.com\\\/tienda\\\/pinlock-shoei-cw1-cwr1-cns1-transparente\\\/#primaryimage\"},\"thumbnailUrl\":\"https:\\\/\\\/franciscobelmonte.com\\\/tienda\\\/wp-content\\\/uploads\\\/2022\\\/06\\\/Pinlock-Shoei-CW1-CWR1-CNS1-TranspARENTE.jpg\",\"datePublished\":\"2022-06-27T15:34:01+00:00\",\"dateModified\":\"2026-03-07T10:13:27+00:00\",\"description\":\"Pinlock Shoei CW1-CWR1-CNS1 transparente. Puedes descubrirlo en nuestra Boutique Francisco Belmonte en Murcia. Al mejor precio\",\"breadcrumb\":{\"@id\":\"https:\\\/\\\/franciscobelmonte.com\\\/tienda\\\/pinlock-shoei-cw1-cwr1-cns1-transparente\\\/#breadcrumb\"},\"inLanguage\":\"es\",\"potentialAction\":[{\"@type\":\"ReadAction\",\"target\":[\"https:\\\/\\\/franciscobelmonte.com\\\/tienda\\\/pinlock-shoei-cw1-cwr1-cns1-transparente\\\/\"]}]},{\"@type\":\"ImageObject\",\"inLanguage\":\"es\",\"@id\":\"https:\\\/\\\/franciscobelmonte.com\\\/tienda\\\/pinlock-shoei-cw1-cwr1-cns1-transparente\\\/#primaryimage\",\"url\":\"https:\\\/\\\/franciscobelmonte.com\\\/tienda\\\/wp-content\\\/uploads\\\/2022\\\/06\\\/Pinlock-Shoei-CW1-CWR1-CNS1-TranspARENTE.jpg\",\"contentUrl\":\"https:\\\/\\\/franciscobelmonte.com\\\/tienda\\\/wp-content\\\/uploads\\\/2022\\\/06\\\/Pinlock-Shoei-CW1-CWR1-CNS1-TranspARENTE.jpg\",\"width\":800,\"height\":800,\"caption\":\"pinlock shoei cw1 cwr cns1 transparente\"},{\"@type\":\"BreadcrumbList\",\"@id\":\"https:\\\/\\\/franciscobelmonte.com\\\/tienda\\\/pinlock-shoei-cw1-cwr1-cns1-transparente\\\/#breadcrumb\",\"itemListElement\":[{\"@type\":\"ListItem\",\"position\":1,\"name\":\"Portada\",\"item\":\"https:\\\/\\\/franciscobelmonte.com\\\/tienda\\\/\"},{\"@type\":\"ListItem\",\"position\":2,\"name\":\"Tienda\",\"item\":\"https:\\\/\\\/franciscobelmonte.com\\\/tienda\\\/boutique-equipamiento-motero\\\/\"},{\"@type\":\"ListItem\",\"position\":3,\"name\":\"PINLOCK SHOEI CW1\\\/CWR1\\\/CNS1 TRANSP.\"}]},{\"@type\":\"WebSite\",\"@id\":\"https:\\\/\\\/franciscobelmonte.com\\\/tienda\\\/#website\",\"url\":\"https:\\\/\\\/franciscobelmonte.com\\\/tienda\\\/\",\"name\":\"Boutique Francisco Belmonte\",\"description\":\"Todo en complementos para motoristas\",\"publisher\":{\"@id\":\"https:\\\/\\\/franciscobelmonte.com\\\/tienda\\\/#organization\"},\"potentialAction\":[{\"@type\":\"SearchAction\",\"target\":{\"@type\":\"EntryPoint\",\"urlTemplate\":\"https:\\\/\\\/franciscobelmonte.com\\\/tienda\\\/?s={search_term_string}\"},\"query-input\":{\"@type\":\"PropertyValueSpecification\",\"valueRequired\":true,\"valueName\":\"search_term_string\"}}],\"inLanguage\":\"es\"},{\"@type\":\"Organization\",\"@id\":\"https:\\\/\\\/franciscobelmonte.com\\\/tienda\\\/#organization\",\"name\":\"Boutique Francisco Belmonte\",\"url\":\"https:\\\/\\\/franciscobelmonte.com\\\/tienda\\\/\",\"logo\":{\"@type\":\"ImageObject\",\"inLanguage\":\"es\",\"@id\":\"https:\\\/\\\/franciscobelmonte.com\\\/tienda\\\/#\\\/schema\\\/logo\\\/image\\\/\",\"url\":\"https:\\\/\\\/franciscobelmonte.com\\\/tienda\\\/wp-content\\\/uploads\\\/2021\\\/12\\\/Francisco-Belmonte-logo.png\",\"contentUrl\":\"https:\\\/\\\/franciscobelmonte.com\\\/tienda\\\/wp-content\\\/uploads\\\/2021\\\/12\\\/Francisco-Belmonte-logo.png\",\"width\":2153,\"height\":536,\"caption\":\"Boutique Francisco Belmonte\"},\"image\":{\"@id\":\"https:\\\/\\\/franciscobelmonte.com\\\/tienda\\\/#\\\/schema\\\/logo\\\/image\\\/\"},\"sameAs\":[\"https:\\\/\\\/www.facebook.com\\\/motosfranciscobelmonte\",\"https:\\\/\\\/www.instagram.com\\\/fco.belmonte\\\/\"]}]}<\/script>\n<!-- \/ Yoast SEO plugin. -->","yoast_head_json":{"title":"PINLOCK SHOEI CW1\/CWR1\/CNS1 TRANSP. - Boutique Francisco Belmonte","description":"Pinlock Shoei CW1-CWR1-CNS1 transparente. Puedes descubrirlo en nuestra Boutique Francisco Belmonte en Murcia. Al mejor precio","robots":{"index":"index","follow":"follow","max-snippet":"max-snippet:-1","max-image-preview":"max-image-preview:large","max-video-preview":"max-video-preview:-1"},"canonical":"https:\/\/franciscobelmonte.com\/tienda\/pinlock-shoei-cw1-cwr1-cns1-transparente\/","og_locale":"es_ES","og_type":"article","og_title":"PINLOCK SHOEI CW1\/CWR1\/CNS1 TRANSP. - Boutique Francisco Belmonte","og_description":"Pinlock Shoei CW1-CWR1-CNS1 transparente. Puedes descubrirlo en nuestra Boutique Francisco Belmonte en Murcia. Al mejor precio","og_url":"https:\/\/franciscobelmonte.com\/tienda\/pinlock-shoei-cw1-cwr1-cns1-transparente\/","og_site_name":"Boutique Francisco Belmonte","article_publisher":"https:\/\/www.facebook.com\/motosfranciscobelmonte","article_modified_time":"2026-03-07T10:13:27+00:00","og_image":[{"width":800,"height":800,"url":"https:\/\/franciscobelmonte.com\/tienda\/wp-content\/uploads\/2022\/06\/Pinlock-Shoei-CW1-CWR1-CNS1-TranspARENTE.jpg","type":"image\/jpeg"}],"twitter_card":"summary_large_image","twitter_misc":{"Tiempo de lectura":"1 minuto"},"schema":{"@context":"https:\/\/schema.org","@graph":[{"@type":"WebPage","@id":"https:\/\/franciscobelmonte.com\/tienda\/pinlock-shoei-cw1-cwr1-cns1-transparente\/","url":"https:\/\/franciscobelmonte.com\/tienda\/pinlock-shoei-cw1-cwr1-cns1-transparente\/","name":"PINLOCK SHOEI CW1\/CWR1\/CNS1 TRANSP. - Boutique Francisco Belmonte","isPartOf":{"@id":"https:\/\/franciscobelmonte.com\/tienda\/#website"},"primaryImageOfPage":{"@id":"https:\/\/franciscobelmonte.com\/tienda\/pinlock-shoei-cw1-cwr1-cns1-transparente\/#primaryimage"},"image":{"@id":"https:\/\/franciscobelmonte.com\/tienda\/pinlock-shoei-cw1-cwr1-cns1-transparente\/#primaryimage"},"thumbnailUrl":"https:\/\/franciscobelmonte.com\/tienda\/wp-content\/uploads\/2022\/06\/Pinlock-Shoei-CW1-CWR1-CNS1-TranspARENTE.jpg","datePublished":"2022-06-27T15:34:01+00:00","dateModified":"2026-03-07T10:13:27+00:00","description":"Pinlock Shoei CW1-CWR1-CNS1 transparente. Puedes descubrirlo en nuestra Boutique Francisco Belmonte en Murcia. Al mejor precio","breadcrumb":{"@id":"https:\/\/franciscobelmonte.com\/tienda\/pinlock-shoei-cw1-cwr1-cns1-transparente\/#breadcrumb"},"inLanguage":"es","potentialAction":[{"@type":"ReadAction","target":["https:\/\/franciscobelmonte.com\/tienda\/pinlock-shoei-cw1-cwr1-cns1-transparente\/"]}]},{"@type":"ImageObject","inLanguage":"es","@id":"https:\/\/franciscobelmonte.com\/tienda\/pinlock-shoei-cw1-cwr1-cns1-transparente\/#primaryimage","url":"https:\/\/franciscobelmonte.com\/tienda\/wp-content\/uploads\/2022\/06\/Pinlock-Shoei-CW1-CWR1-CNS1-TranspARENTE.jpg","contentUrl":"https:\/\/franciscobelmonte.com\/tienda\/wp-content\/uploads\/2022\/06\/Pinlock-Shoei-CW1-CWR1-CNS1-TranspARENTE.jpg","width":800,"height":800,"caption":"pinlock shoei cw1 cwr cns1 transparente"},{"@type":"BreadcrumbList","@id":"https:\/\/franciscobelmonte.com\/tienda\/pinlock-shoei-cw1-cwr1-cns1-transparente\/#breadcrumb","itemListElement":[{"@type":"ListItem","position":1,"name":"Portada","item":"https:\/\/franciscobelmonte.com\/tienda\/"},{"@type":"ListItem","position":2,"name":"Tienda","item":"https:\/\/franciscobelmonte.com\/tienda\/boutique-equipamiento-motero\/"},{"@type":"ListItem","position":3,"name":"PINLOCK SHOEI CW1\/CWR1\/CNS1 TRANSP."}]},{"@type":"WebSite","@id":"https:\/\/franciscobelmonte.com\/tienda\/#website","url":"https:\/\/franciscobelmonte.com\/tienda\/","name":"Boutique Francisco Belmonte","description":"Todo en complementos para motoristas","publisher":{"@id":"https:\/\/franciscobelmonte.com\/tienda\/#organization"},"potentialAction":[{"@type":"SearchAction","target":{"@type":"EntryPoint","urlTemplate":"https:\/\/franciscobelmonte.com\/tienda\/?s={search_term_string}"},"query-input":{"@type":"PropertyValueSpecification","valueRequired":true,"valueName":"search_term_string"}}],"inLanguage":"es"},{"@type":"Organization","@id":"https:\/\/franciscobelmonte.com\/tienda\/#organization","name":"Boutique Francisco Belmonte","url":"https:\/\/franciscobelmonte.com\/tienda\/","logo":{"@type":"ImageObject","inLanguage":"es","@id":"https:\/\/franciscobelmonte.com\/tienda\/#\/schema\/logo\/image\/","url":"https:\/\/franciscobelmonte.com\/tienda\/wp-content\/uploads\/2021\/12\/Francisco-Belmonte-logo.png","contentUrl":"https:\/\/franciscobelmonte.com\/tienda\/wp-content\/uploads\/2021\/12\/Francisco-Belmonte-logo.png","width":2153,"height":536,"caption":"Boutique Francisco Belmonte"},"image":{"@id":"https:\/\/franciscobelmonte.com\/tienda\/#\/schema\/logo\/image\/"},"sameAs":["https:\/\/www.facebook.com\/motosfranciscobelmonte","https:\/\/www.instagram.com\/fco.belmonte\/"]}]}},"jetpack_sharing_enabled":true,"brands":[{"id":183,"name":"Shoei","slug":"shoei"}],"_links":{"self":[{"href":"https:\/\/franciscobelmonte.com\/tienda\/wp-json\/wp\/v2\/product\/4185","targetHints":{"allow":["GET"]}}],"collection":[{"href":"https:\/\/franciscobelmonte.com\/tienda\/wp-json\/wp\/v2\/product"}],"about":[{"href":"https:\/\/franciscobelmonte.com\/tienda\/wp-json\/wp\/v2\/types\/product"}],"replies":[{"embeddable":true,"href":"https:\/\/franciscobelmonte.com\/tienda\/wp-json\/wp\/v2\/comments?post=4185"}],"wp:featuredmedia":[{"embeddable":true,"href":"https:\/\/franciscobelmonte.com\/tienda\/wp-json\/wp\/v2\/media\/4190"}],"wp:attachment":[{"href":"https:\/\/franciscobelmonte.com\/tienda\/wp-json\/wp\/v2\/media?parent=4185"}],"wp:term":[{"taxonomy":"pwb-brand","embeddable":true,"href":"https:\/\/franciscobelmonte.com\/tienda\/wp-json\/wp\/v2\/pwb-brand?post=4185"},{"taxonomy":"product_brand","embeddable":true,"href":"https:\/\/franciscobelmonte.com\/tienda\/wp-json\/wp\/v2\/product_brand?post=4185"},{"taxonomy":"product_cat","embeddable":true,"href":"https:\/\/franciscobelmonte.com\/tienda\/wp-json\/wp\/v2\/product_cat?post=4185"},{"taxonomy":"product_tag","embeddable":true,"href":"https:\/\/franciscobelmonte.com\/tienda\/wp-json\/wp\/v2\/product_tag?post=4185"}],"curies":[{"name":"wp","href":"https:\/\/api.w.org\/{rel}","templated":true}]}}