{"id":4664,"date":"2022-07-08T14:43:19","date_gmt":"2022-07-08T14:43:19","guid":{"rendered":"https:\/\/franciscobelmonte.com\/tienda\/?post_type=product&#038;p=4664"},"modified":"2024-09-30T19:29:31","modified_gmt":"2024-09-30T17:29:31","slug":"casco-arai-tour-x4-diamond-blanco","status":"publish","type":"product","link":"https:\/\/franciscobelmonte.com\/tienda\/casco-arai-tour-x4-diamond-blanco\/","title":{"rendered":"CASCO ARAI TOUR-X4 DIAMOND BLANCO"},"content":{"rendered":"<h2>Casco Arai Tour-X4 Diamond Blanco<\/h2>\n<p>El fabricante japon\u00e9s Arai, presenta su nuevo casco polivalente, el Tour-X4 diamond blanco, un casco en el que se ve reflejada la larga experiencia de la marca en el sector y con una construcci\u00f3n hecha a mano como es caracter\u00edstico en los productos Arai.<\/p>\n<p>Dispone de calota exterior de fibra SFL e interior de EPS multidensidad para el off-road, la carretera o en una moto \u00abnaked\u00bb quitando la gran visera de tipo motocross.<\/p>\n<p><strong>Material<\/strong><\/p>\n<ul>\n<li>Calota exterior de fibra SFL, que consiste en un conjunto de 5 capas de fibra que proporcionan una estructura excepcionalmente r\u00edgida para desviar, absorber y dispersar la energ\u00eda del impacto de la mejor manera posible.<\/li>\n<\/ul>\n<p><strong>Seguridad<\/strong><\/p>\n<ul>\n<li>Calota interior flexible de EPS de densidad m\u00faltiple para absorber eficazmente la energ\u00eda residual durante un impacto.<\/li>\n<li>Los cascos Arai son los \u00fanicos cascos probados para resistir la penetraci\u00f3n.<\/li>\n<li>El casco es de forma redonda para garantizar el deslizamiento del casco y beneficiarse del efecto rebote, muy apreciado por Arai, que ayuda a limitar los traumatismos causados por las ca\u00eddas.<\/li>\n<li>Las piezas como las ventilaciones y la visera ancha est\u00e1n dise\u00f1adas para romperse sin forzar en caso de ca\u00edda, siempre para limitar los distintos traumas por ejemplo en la zona cervical.<\/li>\n<li>Sistema ERS que permite una extracci\u00f3n r\u00e1pida y f\u00e1cil de las espumas de las mejillas para permitir que el casco sea retirado por los servicios de emergencia con facilidad.<\/li>\n<\/ul>\n<p><strong>Interior<\/strong><\/p>\n<ul>\n<li>La calota de material Dry-Cool proporciona una mejor gesti\u00f3n del calor y evacuaci\u00f3n de la humedad.<\/li>\n<li>Totalmente desmontable y lavable.<\/li>\n<li>sistema FCS que mejora la comodidad y proporciona un ajuste y sujeci\u00f3n perfectos para la mand\u00edbula y el contorno facial.<\/li>\n<li>Las espumas de la mejilla tienen capas de 5mm que se pueden quitar para ahorrar espacio si es necesario.<\/li>\n<li>espacio previsto para los usuarios de gafas.<\/li>\n<\/ul>\n<p><strong>Pantalla<\/strong><\/p>\n<ul>\n<li>Pantalla anti-rayaduras y anti-UV con un amplio campo de visi\u00f3n, preparada para incorporar el Pinlock antivaho que se vende con el casco.<\/li>\n<li>sistema de bloqueo de la pantalla.<\/li>\n<\/ul>\n<p><strong>Ventilaci\u00f3n<\/strong><\/p>\n<ul>\n<li>Ventilaciones espec\u00edficas de visera Arai que permiten una ventilaci\u00f3n \u00f3ptima directamente en la zona de la frente del piloto.<\/li>\n<li>2 entradas de aire en la parte superior para asegurar un bueno flujo de aire y tambi\u00e9n para reducir el nivel de ruido.<\/li>\n<li>3 extractores traseros, 1 de ellos a nivel del cuello, que permiten aprovechar el efecto venturi para limitar la flotaci\u00f3n del casco a alta velocidad, limitar las vibraciones y garantizar una circulaci\u00f3n de aire \u00f3ptima.<\/li>\n<\/ul>\n<p><strong>Yugular<\/strong><\/p>\n<ul>\n<li>Cierre con hebilla de doble D para un ajuste personalizado y una seguridad perfecta.<\/li>\n<\/ul>\n<p>&nbsp;<\/p>\n<p>&nbsp;<\/p>\n","protected":false},"excerpt":{"rendered":"<p>Dispone de calota exterior de fibra SFL e interior de EPS multidensidad para el off-road, la carretera o en una moto \u00abnaked\u00bb quitando la gran visera de tipo motocross.<\/p>\n","protected":false},"featured_media":4300,"comment_status":"open","ping_status":"closed","template":"","meta":{"_themeisle_gutenberg_block_has_review":false},"pwb-brand":[281],"product_brand":[],"product_cat":[15,145,143],"product_tag":[793,416],"class_list":{"0":"post-4664","1":"product","2":"type-product","3":"status-publish","4":"has-post-thumbnail","6":"pwb-brand-arai","7":"product_cat-casco-de-moto","8":"product_cat-cascos-de-moto-integrales","9":"product_cat-cascos-de-moto-jet","10":"product_tag-arai-liquidacion-20","11":"product_tag-liquidacion","13":"first","14":"outofstock","15":"taxable","16":"shipping-taxable","17":"product-type-variable","18":"has-default-attributes"},"yoast_head":"<!-- This site is optimized with the Yoast SEO plugin v27.3 - https:\/\/yoast.com\/product\/yoast-seo-wordpress\/ -->\n<title>CASCO ARAI TOUR-X4 DIAMOND BLANCO - Boutique Francisco Belmonte<\/title>\n<meta name=\"description\" content=\"Casco ARAI Tour-X4 Diamond Blanco. Puedes descubrirlo y prob\u00e1rtelo en nuestra Boutique Francisco Belmonte en Murcia. Al mejor precio.\" \/>\n<meta name=\"robots\" content=\"index, follow, max-snippet:-1, max-image-preview:large, max-video-preview:-1\" \/>\n<link rel=\"canonical\" href=\"https:\/\/franciscobelmonte.com\/tienda\/casco-arai-tour-x4-diamond-blanco\/\" \/>\n<meta property=\"og:locale\" content=\"es_ES\" \/>\n<meta property=\"og:type\" content=\"article\" \/>\n<meta property=\"og:title\" content=\"CASCO ARAI TOUR-X4 DIAMOND BLANCO - Boutique Francisco Belmonte\" \/>\n<meta property=\"og:description\" content=\"Casco ARAI Tour-X4 Diamond Blanco. Puedes descubrirlo y prob\u00e1rtelo en nuestra Boutique Francisco Belmonte en Murcia. Al mejor precio.\" \/>\n<meta property=\"og:url\" content=\"https:\/\/franciscobelmonte.com\/tienda\/casco-arai-tour-x4-diamond-blanco\/\" \/>\n<meta property=\"og:site_name\" content=\"Boutique Francisco Belmonte\" \/>\n<meta property=\"article:publisher\" content=\"https:\/\/www.facebook.com\/motosfranciscobelmonte\" \/>\n<meta property=\"article:modified_time\" content=\"2024-09-30T17:29:31+00:00\" \/>\n<meta property=\"og:image\" content=\"https:\/\/franciscobelmonte.com\/tienda\/wp-content\/uploads\/2022\/06\/casco-arai-tour-x4-diamond-blanco.jpg\" \/>\n\t<meta property=\"og:image:width\" content=\"800\" \/>\n\t<meta property=\"og:image:height\" content=\"800\" \/>\n\t<meta property=\"og:image:type\" content=\"image\/jpeg\" \/>\n<meta name=\"twitter:card\" content=\"summary_large_image\" \/>\n<meta name=\"twitter:label1\" content=\"Tiempo de lectura\" \/>\n\t<meta name=\"twitter:data1\" content=\"2 minutos\" \/>\n<script type=\"application\/ld+json\" class=\"yoast-schema-graph\">{\"@context\":\"https:\\\/\\\/schema.org\",\"@graph\":[{\"@type\":\"WebPage\",\"@id\":\"https:\\\/\\\/franciscobelmonte.com\\\/tienda\\\/casco-arai-tour-x4-diamond-blanco\\\/\",\"url\":\"https:\\\/\\\/franciscobelmonte.com\\\/tienda\\\/casco-arai-tour-x4-diamond-blanco\\\/\",\"name\":\"CASCO ARAI TOUR-X4 DIAMOND BLANCO - Boutique Francisco Belmonte\",\"isPartOf\":{\"@id\":\"https:\\\/\\\/franciscobelmonte.com\\\/tienda\\\/#website\"},\"primaryImageOfPage\":{\"@id\":\"https:\\\/\\\/franciscobelmonte.com\\\/tienda\\\/casco-arai-tour-x4-diamond-blanco\\\/#primaryimage\"},\"image\":{\"@id\":\"https:\\\/\\\/franciscobelmonte.com\\\/tienda\\\/casco-arai-tour-x4-diamond-blanco\\\/#primaryimage\"},\"thumbnailUrl\":\"https:\\\/\\\/franciscobelmonte.com\\\/tienda\\\/wp-content\\\/uploads\\\/2022\\\/06\\\/casco-arai-tour-x4-diamond-blanco.jpg\",\"datePublished\":\"2022-07-08T14:43:19+00:00\",\"dateModified\":\"2024-09-30T17:29:31+00:00\",\"description\":\"Casco ARAI Tour-X4 Diamond Blanco. Puedes descubrirlo y prob\u00e1rtelo en nuestra Boutique Francisco Belmonte en Murcia. Al mejor precio.\",\"breadcrumb\":{\"@id\":\"https:\\\/\\\/franciscobelmonte.com\\\/tienda\\\/casco-arai-tour-x4-diamond-blanco\\\/#breadcrumb\"},\"inLanguage\":\"es\",\"potentialAction\":[{\"@type\":\"ReadAction\",\"target\":[\"https:\\\/\\\/franciscobelmonte.com\\\/tienda\\\/casco-arai-tour-x4-diamond-blanco\\\/\"]}]},{\"@type\":\"ImageObject\",\"inLanguage\":\"es\",\"@id\":\"https:\\\/\\\/franciscobelmonte.com\\\/tienda\\\/casco-arai-tour-x4-diamond-blanco\\\/#primaryimage\",\"url\":\"https:\\\/\\\/franciscobelmonte.com\\\/tienda\\\/wp-content\\\/uploads\\\/2022\\\/06\\\/casco-arai-tour-x4-diamond-blanco.jpg\",\"contentUrl\":\"https:\\\/\\\/franciscobelmonte.com\\\/tienda\\\/wp-content\\\/uploads\\\/2022\\\/06\\\/casco-arai-tour-x4-diamond-blanco.jpg\",\"width\":800,\"height\":800,\"caption\":\"casco arai tour x4 diamond blanco en murcia francisco belmonte\"},{\"@type\":\"BreadcrumbList\",\"@id\":\"https:\\\/\\\/franciscobelmonte.com\\\/tienda\\\/casco-arai-tour-x4-diamond-blanco\\\/#breadcrumb\",\"itemListElement\":[{\"@type\":\"ListItem\",\"position\":1,\"name\":\"Portada\",\"item\":\"https:\\\/\\\/franciscobelmonte.com\\\/tienda\\\/\"},{\"@type\":\"ListItem\",\"position\":2,\"name\":\"Tienda\",\"item\":\"https:\\\/\\\/franciscobelmonte.com\\\/tienda\\\/boutique-equipamiento-motero\\\/\"},{\"@type\":\"ListItem\",\"position\":3,\"name\":\"CASCO ARAI TOUR-X4 DIAMOND BLANCO\"}]},{\"@type\":\"WebSite\",\"@id\":\"https:\\\/\\\/franciscobelmonte.com\\\/tienda\\\/#website\",\"url\":\"https:\\\/\\\/franciscobelmonte.com\\\/tienda\\\/\",\"name\":\"Boutique Francisco Belmonte\",\"description\":\"Todo en complementos para motoristas\",\"publisher\":{\"@id\":\"https:\\\/\\\/franciscobelmonte.com\\\/tienda\\\/#organization\"},\"potentialAction\":[{\"@type\":\"SearchAction\",\"target\":{\"@type\":\"EntryPoint\",\"urlTemplate\":\"https:\\\/\\\/franciscobelmonte.com\\\/tienda\\\/?s={search_term_string}\"},\"query-input\":{\"@type\":\"PropertyValueSpecification\",\"valueRequired\":true,\"valueName\":\"search_term_string\"}}],\"inLanguage\":\"es\"},{\"@type\":\"Organization\",\"@id\":\"https:\\\/\\\/franciscobelmonte.com\\\/tienda\\\/#organization\",\"name\":\"Boutique Francisco Belmonte\",\"url\":\"https:\\\/\\\/franciscobelmonte.com\\\/tienda\\\/\",\"logo\":{\"@type\":\"ImageObject\",\"inLanguage\":\"es\",\"@id\":\"https:\\\/\\\/franciscobelmonte.com\\\/tienda\\\/#\\\/schema\\\/logo\\\/image\\\/\",\"url\":\"https:\\\/\\\/franciscobelmonte.com\\\/tienda\\\/wp-content\\\/uploads\\\/2021\\\/12\\\/Francisco-Belmonte-logo.png\",\"contentUrl\":\"https:\\\/\\\/franciscobelmonte.com\\\/tienda\\\/wp-content\\\/uploads\\\/2021\\\/12\\\/Francisco-Belmonte-logo.png\",\"width\":2153,\"height\":536,\"caption\":\"Boutique Francisco Belmonte\"},\"image\":{\"@id\":\"https:\\\/\\\/franciscobelmonte.com\\\/tienda\\\/#\\\/schema\\\/logo\\\/image\\\/\"},\"sameAs\":[\"https:\\\/\\\/www.facebook.com\\\/motosfranciscobelmonte\",\"https:\\\/\\\/www.instagram.com\\\/fco.belmonte\\\/\"]}]}<\/script>\n<!-- \/ Yoast SEO plugin. -->","yoast_head_json":{"title":"CASCO ARAI TOUR-X4 DIAMOND BLANCO - Boutique Francisco Belmonte","description":"Casco ARAI Tour-X4 Diamond Blanco. Puedes descubrirlo y prob\u00e1rtelo en nuestra Boutique Francisco Belmonte en Murcia. Al mejor precio.","robots":{"index":"index","follow":"follow","max-snippet":"max-snippet:-1","max-image-preview":"max-image-preview:large","max-video-preview":"max-video-preview:-1"},"canonical":"https:\/\/franciscobelmonte.com\/tienda\/casco-arai-tour-x4-diamond-blanco\/","og_locale":"es_ES","og_type":"article","og_title":"CASCO ARAI TOUR-X4 DIAMOND BLANCO - Boutique Francisco Belmonte","og_description":"Casco ARAI Tour-X4 Diamond Blanco. Puedes descubrirlo y prob\u00e1rtelo en nuestra Boutique Francisco Belmonte en Murcia. Al mejor precio.","og_url":"https:\/\/franciscobelmonte.com\/tienda\/casco-arai-tour-x4-diamond-blanco\/","og_site_name":"Boutique Francisco Belmonte","article_publisher":"https:\/\/www.facebook.com\/motosfranciscobelmonte","article_modified_time":"2024-09-30T17:29:31+00:00","og_image":[{"width":800,"height":800,"url":"https:\/\/franciscobelmonte.com\/tienda\/wp-content\/uploads\/2022\/06\/casco-arai-tour-x4-diamond-blanco.jpg","type":"image\/jpeg"}],"twitter_card":"summary_large_image","twitter_misc":{"Tiempo de lectura":"2 minutos"},"schema":{"@context":"https:\/\/schema.org","@graph":[{"@type":"WebPage","@id":"https:\/\/franciscobelmonte.com\/tienda\/casco-arai-tour-x4-diamond-blanco\/","url":"https:\/\/franciscobelmonte.com\/tienda\/casco-arai-tour-x4-diamond-blanco\/","name":"CASCO ARAI TOUR-X4 DIAMOND BLANCO - Boutique Francisco Belmonte","isPartOf":{"@id":"https:\/\/franciscobelmonte.com\/tienda\/#website"},"primaryImageOfPage":{"@id":"https:\/\/franciscobelmonte.com\/tienda\/casco-arai-tour-x4-diamond-blanco\/#primaryimage"},"image":{"@id":"https:\/\/franciscobelmonte.com\/tienda\/casco-arai-tour-x4-diamond-blanco\/#primaryimage"},"thumbnailUrl":"https:\/\/franciscobelmonte.com\/tienda\/wp-content\/uploads\/2022\/06\/casco-arai-tour-x4-diamond-blanco.jpg","datePublished":"2022-07-08T14:43:19+00:00","dateModified":"2024-09-30T17:29:31+00:00","description":"Casco ARAI Tour-X4 Diamond Blanco. Puedes descubrirlo y prob\u00e1rtelo en nuestra Boutique Francisco Belmonte en Murcia. Al mejor precio.","breadcrumb":{"@id":"https:\/\/franciscobelmonte.com\/tienda\/casco-arai-tour-x4-diamond-blanco\/#breadcrumb"},"inLanguage":"es","potentialAction":[{"@type":"ReadAction","target":["https:\/\/franciscobelmonte.com\/tienda\/casco-arai-tour-x4-diamond-blanco\/"]}]},{"@type":"ImageObject","inLanguage":"es","@id":"https:\/\/franciscobelmonte.com\/tienda\/casco-arai-tour-x4-diamond-blanco\/#primaryimage","url":"https:\/\/franciscobelmonte.com\/tienda\/wp-content\/uploads\/2022\/06\/casco-arai-tour-x4-diamond-blanco.jpg","contentUrl":"https:\/\/franciscobelmonte.com\/tienda\/wp-content\/uploads\/2022\/06\/casco-arai-tour-x4-diamond-blanco.jpg","width":800,"height":800,"caption":"casco arai tour x4 diamond blanco en murcia francisco belmonte"},{"@type":"BreadcrumbList","@id":"https:\/\/franciscobelmonte.com\/tienda\/casco-arai-tour-x4-diamond-blanco\/#breadcrumb","itemListElement":[{"@type":"ListItem","position":1,"name":"Portada","item":"https:\/\/franciscobelmonte.com\/tienda\/"},{"@type":"ListItem","position":2,"name":"Tienda","item":"https:\/\/franciscobelmonte.com\/tienda\/boutique-equipamiento-motero\/"},{"@type":"ListItem","position":3,"name":"CASCO ARAI TOUR-X4 DIAMOND BLANCO"}]},{"@type":"WebSite","@id":"https:\/\/franciscobelmonte.com\/tienda\/#website","url":"https:\/\/franciscobelmonte.com\/tienda\/","name":"Boutique Francisco Belmonte","description":"Todo en complementos para motoristas","publisher":{"@id":"https:\/\/franciscobelmonte.com\/tienda\/#organization"},"potentialAction":[{"@type":"SearchAction","target":{"@type":"EntryPoint","urlTemplate":"https:\/\/franciscobelmonte.com\/tienda\/?s={search_term_string}"},"query-input":{"@type":"PropertyValueSpecification","valueRequired":true,"valueName":"search_term_string"}}],"inLanguage":"es"},{"@type":"Organization","@id":"https:\/\/franciscobelmonte.com\/tienda\/#organization","name":"Boutique Francisco Belmonte","url":"https:\/\/franciscobelmonte.com\/tienda\/","logo":{"@type":"ImageObject","inLanguage":"es","@id":"https:\/\/franciscobelmonte.com\/tienda\/#\/schema\/logo\/image\/","url":"https:\/\/franciscobelmonte.com\/tienda\/wp-content\/uploads\/2021\/12\/Francisco-Belmonte-logo.png","contentUrl":"https:\/\/franciscobelmonte.com\/tienda\/wp-content\/uploads\/2021\/12\/Francisco-Belmonte-logo.png","width":2153,"height":536,"caption":"Boutique Francisco Belmonte"},"image":{"@id":"https:\/\/franciscobelmonte.com\/tienda\/#\/schema\/logo\/image\/"},"sameAs":["https:\/\/www.facebook.com\/motosfranciscobelmonte","https:\/\/www.instagram.com\/fco.belmonte\/"]}]}},"jetpack_sharing_enabled":true,"brands":[{"id":281,"name":"Arai","slug":"arai"}],"_links":{"self":[{"href":"https:\/\/franciscobelmonte.com\/tienda\/wp-json\/wp\/v2\/product\/4664","targetHints":{"allow":["GET"]}}],"collection":[{"href":"https:\/\/franciscobelmonte.com\/tienda\/wp-json\/wp\/v2\/product"}],"about":[{"href":"https:\/\/franciscobelmonte.com\/tienda\/wp-json\/wp\/v2\/types\/product"}],"replies":[{"embeddable":true,"href":"https:\/\/franciscobelmonte.com\/tienda\/wp-json\/wp\/v2\/comments?post=4664"}],"wp:featuredmedia":[{"embeddable":true,"href":"https:\/\/franciscobelmonte.com\/tienda\/wp-json\/wp\/v2\/media\/4300"}],"wp:attachment":[{"href":"https:\/\/franciscobelmonte.com\/tienda\/wp-json\/wp\/v2\/media?parent=4664"}],"wp:term":[{"taxonomy":"pwb-brand","embeddable":true,"href":"https:\/\/franciscobelmonte.com\/tienda\/wp-json\/wp\/v2\/pwb-brand?post=4664"},{"taxonomy":"product_brand","embeddable":true,"href":"https:\/\/franciscobelmonte.com\/tienda\/wp-json\/wp\/v2\/product_brand?post=4664"},{"taxonomy":"product_cat","embeddable":true,"href":"https:\/\/franciscobelmonte.com\/tienda\/wp-json\/wp\/v2\/product_cat?post=4664"},{"taxonomy":"product_tag","embeddable":true,"href":"https:\/\/franciscobelmonte.com\/tienda\/wp-json\/wp\/v2\/product_tag?post=4664"}],"curies":[{"name":"wp","href":"https:\/\/api.w.org\/{rel}","templated":true}]}}