{"id":5163,"date":"2022-07-29T15:46:44","date_gmt":"2022-07-29T15:46:44","guid":{"rendered":"https:\/\/franciscobelmonte.com\/tienda\/?post_type=product&#038;p=5163"},"modified":"2022-11-29T18:55:13","modified_gmt":"2022-11-29T18:55:13","slug":"casco-agv-k6-hyphen-blanco-rojo-azul","status":"publish","type":"product","link":"https:\/\/franciscobelmonte.com\/tienda\/casco-agv-k6-hyphen-blanco-rojo-azul\/","title":{"rendered":"CASCO AGV K6 HYPHEN BLANCO \/ ROJO \/ AZUL"},"content":{"rendered":"<h1>Casco AGV K6 Hyphen Blanco \/ Rojo \/ Azul<\/h1>\n<p>El K6 es el nuevo casco integral de AGV que incorpora las mejores caracter\u00edsticas de los segmentos sport\u00a0 y touring. Extremadamente vers\u00e1til, es v\u00e1lido para todo tipo de desplazamientos sobre motos deportivas, naked o sport-touring. Fabricado en fibra de carbono y aramida, presenta un dise\u00f1o muy moderno y aerodin\u00e1mico. Incorpora un eficaz sistema de ventilaci\u00f3n y dispone de predisposici\u00f3n para montar el sistema de comunicaci\u00f3n ARK.<\/p>\n<p><strong>Caracter\u00edsticas t\u00e9cnicas:<\/strong><\/p>\n<ul>\n<li>Calota externa CAAF realizada en fibra de carbono y aramida. Disponible en 4 tallas exteriores par ajustarse a la complexi\u00f3n f\u00edsica de cada piloto (XS-S), (MS), (ML-L), (XL-XXL). El interior incorpora EPS (estructura interna) de 5 densidades para una \u00f3ptima absorci\u00f3n de los impactos y ha sido fabricado en 4 tallas.<\/li>\n<li>Aerodin\u00e1mica optimizada para ofrecer una excelente estabilidad y penetraci\u00f3n del aire a cualquier velocidad y posici\u00f3n de conducci\u00f3n. Perfil interior dise\u00f1ado para minimizar el riesgo de que la energ\u00eda generada por un eventual impacto se transmita a la zona de la clav\u00edcula. Dispone de un peque\u00f1o spoiler trasero para reducir las turbulencias.<\/li>\n<li>El sistema de ventilaci\u00f3n est\u00e1 formado por cinco grandes entradas de aire frontales ajustables y un extractor trasero. Entradas de aire estrat\u00e9gicamente situadas para recibir el mayor flujo de aire. Han sido ergon\u00f3micamente dise\u00f1adas para usar con guantes.<\/li>\n<li>Interior dise\u00f1ado para ofrecer un ajuste estable, envolvente y sin presi\u00f3n, as\u00ed como m\u00e1xima comodidad. Cuenta con tratamiento Sanitized (antibacterias), 2 Dry (para una excelente absorci\u00f3n de la humedad) y Microsense (para un tacto suave y confortable). La parte del cuello dispone de tejido transpirable con inserciones de piel sint\u00e9tica con tratamiento resistente al agua para evitar que el agua penetre en el casco. El interior es completamente desmontable y lavable. Los acolchados de la zona superior y las carrileras han sido fabricados en tejido suave para ofrecer estabilidad a altas velocidades. Dise\u00f1o de los acolchados laterales optimizado para usuarios de gafas. Dispone de cubrebarbilla y cubrenariz extra\u00edbles.<\/li>\n<li>Incorpora un sistema de extracci\u00f3n de emergencia de los acolchados laterales en caso de accidente, para facilitar la tarea de extracci\u00f3n del casco por parte del personal m\u00e9dico.<\/li>\n<li>Pantalla antirayas de clase \u00f3ptica 1 dise\u00f1ada para ofrecer un campo de visi\u00f3n vertical de 85 grados en posici\u00f3n de competici\u00f3n y 190 grados de visi\u00f3n horizontal. Incorpora de serie una l\u00e1mina antivaho Pinlock Maxvision (120).<\/li>\n<li>La pantalla incorpora un sistema de cierre patentado (VLS) que evita la apertura accidental de esta. El grosor de la pantalla es de 4mm. Dispone de sistema de micro apertura para ofrecer mayor estabilidad a altas velocidades y una ventilaci\u00f3n adicional.<\/li>\n<li>El mecanismo de la pantalla permite extraer la pantalla sin el uso de herramientas e incorpora piezas met\u00e1licas para una mayor resistencia.<\/li>\n<li>El K6 incorpora la predisposici\u00f3n para integrar el sistema de comunicaci\u00f3n ARK (se vende por separado).<\/li>\n<li>Sistema de retenci\u00f3n de doble hebilla.<\/li>\n<li>Peso: 1.350 gr. +\/- 50 gr. (en las tallas XS y S).<\/li>\n<\/ul>\n<p>&nbsp;<\/p>\n<p>&nbsp;<\/p>\n<p>&nbsp;<\/p>\n<p>&nbsp;<\/p>\n","protected":false},"excerpt":{"rendered":"<p>El K6 es el nuevo casco integral de AGV que incorpora las mejores caracter\u00edsticas de los segmentos sport\u00a0 y touring. Extremadamente vers\u00e1til, es v\u00e1lido para todo tipo de desplazamientos sobre motos deportivas, naked o sport-touring.<\/p>\n","protected":false},"featured_media":5180,"comment_status":"open","ping_status":"closed","template":"","meta":{"_themeisle_gutenberg_block_has_review":false},"pwb-brand":[185],"product_brand":[],"product_cat":[15,145],"product_tag":[],"class_list":{"0":"post-5163","1":"product","2":"type-product","3":"status-publish","4":"has-post-thumbnail","6":"pwb-brand-agv","7":"product_cat-casco-de-moto","8":"product_cat-cascos-de-moto-integrales","10":"first","11":"outofstock","12":"taxable","13":"shipping-taxable","14":"product-type-variable","15":"has-default-attributes"},"yoast_head":"<!-- This site is optimized with the Yoast SEO plugin v27.4 - https:\/\/yoast.com\/product\/yoast-seo-wordpress\/ -->\n<title>CASCO AGV K6 HYPHEN BLANCO \/ ROJO \/ AZUL - Boutique Francisco Belmonte<\/title>\n<meta name=\"description\" content=\"Casco AGV K6 Hyphen Blanco-Rojo-Azul . Cascos de moto AGV al mejor precio en Boutique Francisco Belmonte en Murcia en sus diferentes colores.\" \/>\n<meta name=\"robots\" content=\"index, follow, max-snippet:-1, max-image-preview:large, max-video-preview:-1\" \/>\n<link rel=\"canonical\" href=\"https:\/\/franciscobelmonte.com\/tienda\/casco-agv-k6-hyphen-blanco-rojo-azul\/\" \/>\n<meta property=\"og:locale\" content=\"es_ES\" \/>\n<meta property=\"og:type\" content=\"article\" \/>\n<meta property=\"og:title\" content=\"CASCO AGV K6 HYPHEN BLANCO \/ ROJO \/ AZUL - Boutique Francisco Belmonte\" \/>\n<meta property=\"og:description\" content=\"Casco AGV K6 Hyphen Blanco-Rojo-Azul . Cascos de moto AGV al mejor precio en Boutique Francisco Belmonte en Murcia en sus diferentes colores.\" \/>\n<meta property=\"og:url\" content=\"https:\/\/franciscobelmonte.com\/tienda\/casco-agv-k6-hyphen-blanco-rojo-azul\/\" \/>\n<meta property=\"og:site_name\" content=\"Boutique Francisco Belmonte\" \/>\n<meta property=\"article:publisher\" content=\"https:\/\/www.facebook.com\/motosfranciscobelmonte\" \/>\n<meta property=\"article:modified_time\" content=\"2022-11-29T18:55:13+00:00\" \/>\n<meta property=\"og:image\" content=\"https:\/\/franciscobelmonte.com\/tienda\/wp-content\/uploads\/2022\/07\/Casco-AGV-K6-Hyphen-blanco-rojo-azul-4.jpg\" \/>\n\t<meta property=\"og:image:width\" content=\"800\" \/>\n\t<meta property=\"og:image:height\" content=\"800\" \/>\n\t<meta property=\"og:image:type\" content=\"image\/jpeg\" \/>\n<meta name=\"twitter:card\" content=\"summary_large_image\" \/>\n<meta name=\"twitter:label1\" content=\"Tiempo de lectura\" \/>\n\t<meta name=\"twitter:data1\" content=\"1 minuto\" \/>\n<script type=\"application\/ld+json\" class=\"yoast-schema-graph\">{\"@context\":\"https:\\\/\\\/schema.org\",\"@graph\":[{\"@type\":\"WebPage\",\"@id\":\"https:\\\/\\\/franciscobelmonte.com\\\/tienda\\\/casco-agv-k6-hyphen-blanco-rojo-azul\\\/\",\"url\":\"https:\\\/\\\/franciscobelmonte.com\\\/tienda\\\/casco-agv-k6-hyphen-blanco-rojo-azul\\\/\",\"name\":\"CASCO AGV K6 HYPHEN BLANCO \\\/ ROJO \\\/ AZUL - Boutique Francisco Belmonte\",\"isPartOf\":{\"@id\":\"https:\\\/\\\/franciscobelmonte.com\\\/tienda\\\/#website\"},\"primaryImageOfPage\":{\"@id\":\"https:\\\/\\\/franciscobelmonte.com\\\/tienda\\\/casco-agv-k6-hyphen-blanco-rojo-azul\\\/#primaryimage\"},\"image\":{\"@id\":\"https:\\\/\\\/franciscobelmonte.com\\\/tienda\\\/casco-agv-k6-hyphen-blanco-rojo-azul\\\/#primaryimage\"},\"thumbnailUrl\":\"https:\\\/\\\/franciscobelmonte.com\\\/tienda\\\/wp-content\\\/uploads\\\/2022\\\/07\\\/Casco-AGV-K6-Hyphen-blanco-rojo-azul-4.jpg\",\"datePublished\":\"2022-07-29T15:46:44+00:00\",\"dateModified\":\"2022-11-29T18:55:13+00:00\",\"description\":\"Casco AGV K6 Hyphen Blanco-Rojo-Azul . Cascos de moto AGV al mejor precio en Boutique Francisco Belmonte en Murcia en sus diferentes colores.\",\"breadcrumb\":{\"@id\":\"https:\\\/\\\/franciscobelmonte.com\\\/tienda\\\/casco-agv-k6-hyphen-blanco-rojo-azul\\\/#breadcrumb\"},\"inLanguage\":\"es\",\"potentialAction\":[{\"@type\":\"ReadAction\",\"target\":[\"https:\\\/\\\/franciscobelmonte.com\\\/tienda\\\/casco-agv-k6-hyphen-blanco-rojo-azul\\\/\"]}]},{\"@type\":\"ImageObject\",\"inLanguage\":\"es\",\"@id\":\"https:\\\/\\\/franciscobelmonte.com\\\/tienda\\\/casco-agv-k6-hyphen-blanco-rojo-azul\\\/#primaryimage\",\"url\":\"https:\\\/\\\/franciscobelmonte.com\\\/tienda\\\/wp-content\\\/uploads\\\/2022\\\/07\\\/Casco-AGV-K6-Hyphen-blanco-rojo-azul-4.jpg\",\"contentUrl\":\"https:\\\/\\\/franciscobelmonte.com\\\/tienda\\\/wp-content\\\/uploads\\\/2022\\\/07\\\/Casco-AGV-K6-Hyphen-blanco-rojo-azul-4.jpg\",\"width\":800,\"height\":800,\"caption\":\"Caso AGV K6 hyphen blanco rojo azul en murcia francisco belmonte\"},{\"@type\":\"BreadcrumbList\",\"@id\":\"https:\\\/\\\/franciscobelmonte.com\\\/tienda\\\/casco-agv-k6-hyphen-blanco-rojo-azul\\\/#breadcrumb\",\"itemListElement\":[{\"@type\":\"ListItem\",\"position\":1,\"name\":\"Portada\",\"item\":\"https:\\\/\\\/franciscobelmonte.com\\\/tienda\\\/\"},{\"@type\":\"ListItem\",\"position\":2,\"name\":\"Tienda\",\"item\":\"https:\\\/\\\/franciscobelmonte.com\\\/tienda\\\/boutique-equipamiento-motero\\\/\"},{\"@type\":\"ListItem\",\"position\":3,\"name\":\"CASCO AGV K6 HYPHEN BLANCO \\\/ ROJO \\\/ AZUL\"}]},{\"@type\":\"WebSite\",\"@id\":\"https:\\\/\\\/franciscobelmonte.com\\\/tienda\\\/#website\",\"url\":\"https:\\\/\\\/franciscobelmonte.com\\\/tienda\\\/\",\"name\":\"Boutique Francisco Belmonte\",\"description\":\"Todo en complementos para motoristas\",\"publisher\":{\"@id\":\"https:\\\/\\\/franciscobelmonte.com\\\/tienda\\\/#organization\"},\"potentialAction\":[{\"@type\":\"SearchAction\",\"target\":{\"@type\":\"EntryPoint\",\"urlTemplate\":\"https:\\\/\\\/franciscobelmonte.com\\\/tienda\\\/?s={search_term_string}\"},\"query-input\":{\"@type\":\"PropertyValueSpecification\",\"valueRequired\":true,\"valueName\":\"search_term_string\"}}],\"inLanguage\":\"es\"},{\"@type\":\"Organization\",\"@id\":\"https:\\\/\\\/franciscobelmonte.com\\\/tienda\\\/#organization\",\"name\":\"Boutique Francisco Belmonte\",\"url\":\"https:\\\/\\\/franciscobelmonte.com\\\/tienda\\\/\",\"logo\":{\"@type\":\"ImageObject\",\"inLanguage\":\"es\",\"@id\":\"https:\\\/\\\/franciscobelmonte.com\\\/tienda\\\/#\\\/schema\\\/logo\\\/image\\\/\",\"url\":\"https:\\\/\\\/franciscobelmonte.com\\\/tienda\\\/wp-content\\\/uploads\\\/2021\\\/12\\\/Francisco-Belmonte-logo.png\",\"contentUrl\":\"https:\\\/\\\/franciscobelmonte.com\\\/tienda\\\/wp-content\\\/uploads\\\/2021\\\/12\\\/Francisco-Belmonte-logo.png\",\"width\":2153,\"height\":536,\"caption\":\"Boutique Francisco Belmonte\"},\"image\":{\"@id\":\"https:\\\/\\\/franciscobelmonte.com\\\/tienda\\\/#\\\/schema\\\/logo\\\/image\\\/\"},\"sameAs\":[\"https:\\\/\\\/www.facebook.com\\\/motosfranciscobelmonte\",\"https:\\\/\\\/www.instagram.com\\\/fco.belmonte\\\/\"]}]}<\/script>\n<!-- \/ Yoast SEO plugin. -->","yoast_head_json":{"title":"CASCO AGV K6 HYPHEN BLANCO \/ ROJO \/ AZUL - Boutique Francisco Belmonte","description":"Casco AGV K6 Hyphen Blanco-Rojo-Azul . Cascos de moto AGV al mejor precio en Boutique Francisco Belmonte en Murcia en sus diferentes colores.","robots":{"index":"index","follow":"follow","max-snippet":"max-snippet:-1","max-image-preview":"max-image-preview:large","max-video-preview":"max-video-preview:-1"},"canonical":"https:\/\/franciscobelmonte.com\/tienda\/casco-agv-k6-hyphen-blanco-rojo-azul\/","og_locale":"es_ES","og_type":"article","og_title":"CASCO AGV K6 HYPHEN BLANCO \/ ROJO \/ AZUL - Boutique Francisco Belmonte","og_description":"Casco AGV K6 Hyphen Blanco-Rojo-Azul . Cascos de moto AGV al mejor precio en Boutique Francisco Belmonte en Murcia en sus diferentes colores.","og_url":"https:\/\/franciscobelmonte.com\/tienda\/casco-agv-k6-hyphen-blanco-rojo-azul\/","og_site_name":"Boutique Francisco Belmonte","article_publisher":"https:\/\/www.facebook.com\/motosfranciscobelmonte","article_modified_time":"2022-11-29T18:55:13+00:00","og_image":[{"width":800,"height":800,"url":"https:\/\/franciscobelmonte.com\/tienda\/wp-content\/uploads\/2022\/07\/Casco-AGV-K6-Hyphen-blanco-rojo-azul-4.jpg","type":"image\/jpeg"}],"twitter_card":"summary_large_image","twitter_misc":{"Tiempo de lectura":"1 minuto"},"schema":{"@context":"https:\/\/schema.org","@graph":[{"@type":"WebPage","@id":"https:\/\/franciscobelmonte.com\/tienda\/casco-agv-k6-hyphen-blanco-rojo-azul\/","url":"https:\/\/franciscobelmonte.com\/tienda\/casco-agv-k6-hyphen-blanco-rojo-azul\/","name":"CASCO AGV K6 HYPHEN BLANCO \/ ROJO \/ AZUL - Boutique Francisco Belmonte","isPartOf":{"@id":"https:\/\/franciscobelmonte.com\/tienda\/#website"},"primaryImageOfPage":{"@id":"https:\/\/franciscobelmonte.com\/tienda\/casco-agv-k6-hyphen-blanco-rojo-azul\/#primaryimage"},"image":{"@id":"https:\/\/franciscobelmonte.com\/tienda\/casco-agv-k6-hyphen-blanco-rojo-azul\/#primaryimage"},"thumbnailUrl":"https:\/\/franciscobelmonte.com\/tienda\/wp-content\/uploads\/2022\/07\/Casco-AGV-K6-Hyphen-blanco-rojo-azul-4.jpg","datePublished":"2022-07-29T15:46:44+00:00","dateModified":"2022-11-29T18:55:13+00:00","description":"Casco AGV K6 Hyphen Blanco-Rojo-Azul . Cascos de moto AGV al mejor precio en Boutique Francisco Belmonte en Murcia en sus diferentes colores.","breadcrumb":{"@id":"https:\/\/franciscobelmonte.com\/tienda\/casco-agv-k6-hyphen-blanco-rojo-azul\/#breadcrumb"},"inLanguage":"es","potentialAction":[{"@type":"ReadAction","target":["https:\/\/franciscobelmonte.com\/tienda\/casco-agv-k6-hyphen-blanco-rojo-azul\/"]}]},{"@type":"ImageObject","inLanguage":"es","@id":"https:\/\/franciscobelmonte.com\/tienda\/casco-agv-k6-hyphen-blanco-rojo-azul\/#primaryimage","url":"https:\/\/franciscobelmonte.com\/tienda\/wp-content\/uploads\/2022\/07\/Casco-AGV-K6-Hyphen-blanco-rojo-azul-4.jpg","contentUrl":"https:\/\/franciscobelmonte.com\/tienda\/wp-content\/uploads\/2022\/07\/Casco-AGV-K6-Hyphen-blanco-rojo-azul-4.jpg","width":800,"height":800,"caption":"Caso AGV K6 hyphen blanco rojo azul en murcia francisco belmonte"},{"@type":"BreadcrumbList","@id":"https:\/\/franciscobelmonte.com\/tienda\/casco-agv-k6-hyphen-blanco-rojo-azul\/#breadcrumb","itemListElement":[{"@type":"ListItem","position":1,"name":"Portada","item":"https:\/\/franciscobelmonte.com\/tienda\/"},{"@type":"ListItem","position":2,"name":"Tienda","item":"https:\/\/franciscobelmonte.com\/tienda\/boutique-equipamiento-motero\/"},{"@type":"ListItem","position":3,"name":"CASCO AGV K6 HYPHEN BLANCO \/ ROJO \/ AZUL"}]},{"@type":"WebSite","@id":"https:\/\/franciscobelmonte.com\/tienda\/#website","url":"https:\/\/franciscobelmonte.com\/tienda\/","name":"Boutique Francisco Belmonte","description":"Todo en complementos para motoristas","publisher":{"@id":"https:\/\/franciscobelmonte.com\/tienda\/#organization"},"potentialAction":[{"@type":"SearchAction","target":{"@type":"EntryPoint","urlTemplate":"https:\/\/franciscobelmonte.com\/tienda\/?s={search_term_string}"},"query-input":{"@type":"PropertyValueSpecification","valueRequired":true,"valueName":"search_term_string"}}],"inLanguage":"es"},{"@type":"Organization","@id":"https:\/\/franciscobelmonte.com\/tienda\/#organization","name":"Boutique Francisco Belmonte","url":"https:\/\/franciscobelmonte.com\/tienda\/","logo":{"@type":"ImageObject","inLanguage":"es","@id":"https:\/\/franciscobelmonte.com\/tienda\/#\/schema\/logo\/image\/","url":"https:\/\/franciscobelmonte.com\/tienda\/wp-content\/uploads\/2021\/12\/Francisco-Belmonte-logo.png","contentUrl":"https:\/\/franciscobelmonte.com\/tienda\/wp-content\/uploads\/2021\/12\/Francisco-Belmonte-logo.png","width":2153,"height":536,"caption":"Boutique Francisco Belmonte"},"image":{"@id":"https:\/\/franciscobelmonte.com\/tienda\/#\/schema\/logo\/image\/"},"sameAs":["https:\/\/www.facebook.com\/motosfranciscobelmonte","https:\/\/www.instagram.com\/fco.belmonte\/"]}]}},"jetpack_sharing_enabled":true,"brands":[{"id":185,"name":"Agv","slug":"agv"}],"_links":{"self":[{"href":"https:\/\/franciscobelmonte.com\/tienda\/wp-json\/wp\/v2\/product\/5163","targetHints":{"allow":["GET"]}}],"collection":[{"href":"https:\/\/franciscobelmonte.com\/tienda\/wp-json\/wp\/v2\/product"}],"about":[{"href":"https:\/\/franciscobelmonte.com\/tienda\/wp-json\/wp\/v2\/types\/product"}],"replies":[{"embeddable":true,"href":"https:\/\/franciscobelmonte.com\/tienda\/wp-json\/wp\/v2\/comments?post=5163"}],"wp:featuredmedia":[{"embeddable":true,"href":"https:\/\/franciscobelmonte.com\/tienda\/wp-json\/wp\/v2\/media\/5180"}],"wp:attachment":[{"href":"https:\/\/franciscobelmonte.com\/tienda\/wp-json\/wp\/v2\/media?parent=5163"}],"wp:term":[{"taxonomy":"pwb-brand","embeddable":true,"href":"https:\/\/franciscobelmonte.com\/tienda\/wp-json\/wp\/v2\/pwb-brand?post=5163"},{"taxonomy":"product_brand","embeddable":true,"href":"https:\/\/franciscobelmonte.com\/tienda\/wp-json\/wp\/v2\/product_brand?post=5163"},{"taxonomy":"product_cat","embeddable":true,"href":"https:\/\/franciscobelmonte.com\/tienda\/wp-json\/wp\/v2\/product_cat?post=5163"},{"taxonomy":"product_tag","embeddable":true,"href":"https:\/\/franciscobelmonte.com\/tienda\/wp-json\/wp\/v2\/product_tag?post=5163"}],"curies":[{"name":"wp","href":"https:\/\/api.w.org\/{rel}","templated":true}]}}