{"id":5250,"date":"2022-08-03T15:11:07","date_gmt":"2022-08-03T15:11:07","guid":{"rendered":"https:\/\/franciscobelmonte.com\/tienda\/?post_type=product&#038;p=5250"},"modified":"2026-01-09T13:15:57","modified_gmt":"2026-01-09T11:15:57","slug":"chaqueta-dainese-piel-racing-4-gris-charcoal-negro","status":"publish","type":"product","link":"https:\/\/franciscobelmonte.com\/tienda\/chaqueta-dainese-piel-racing-4-gris-charcoal-negro\/","title":{"rendered":"CHAQUETA DAINESE RACING 4 GRIS CHARCOAL \/ NEGRO"},"content":{"rendered":"<h1>Chaqueta Dainese Racing 4 Gris Charcoal \/ Negro<\/h1>\n<p>Se trata de la cuarta generaci\u00f3n de la ic\u00f3nica chaqueta deportiva Racing de Dainese. Chaqueta deportiva fabricada en piel bovina con inserciones de tejido el\u00e1stico S1. Incorpora protecciones compuestas certificadas en hombros y codos e inserciones de aluminio en los hombros. Dispone, adem\u00e1s, de entradas de aire frontales y laterales y de forro interior Nanofeel. Destaca por ser muy ligera y por ofrecer una excelente libertad de movimientos.<\/p>\n<p><strong>Caracter\u00edsticas t\u00e9cnicas<\/strong><\/p>\n<p><strong>Materiales<\/strong><\/p>\n<ul>\n<li>Piel vacuna Tutu.<\/li>\n<li>Tejido S1 biel\u00e1stico.<\/li>\n<\/ul>\n<p><strong>Protecci\u00f3n<\/strong><\/p>\n<ul>\n<li>Protectores compuestos desmontables en codos y hombros certificados seg\u00fan la normativa EN 1621.1.<\/li>\n<li>Placa reemplazable en aluminio en la zona de los hombros.<\/li>\n<li>Inserciones coinyectadas con inserci\u00f3n de aluminio en los hombros.<\/li>\n<li>Predisposici\u00f3n para montar un protector dorsal tipo G (no incluido).<\/li>\n<li>Predisposici\u00f3n para un protector pectoral Double Chest (no incluido).<\/li>\n<\/ul>\n<p><strong>Ergonom\u00eda<\/strong><\/p>\n<ul>\n<li>Cintura y cuello ajustables.<\/li>\n<li>Inserciones Microelastic 2.0.<\/li>\n<li>Zona trasera alargada para mayor confort en posici\u00f3n de conducci\u00f3n.<\/li>\n<li>Cremallera de conexi\u00f3n chaqueta-pantal\u00f3n.<\/li>\n<\/ul>\n<p><strong>Temperatura<\/strong><\/p>\n<ul>\n<li>Forro NanoFeel con tratamiento de iones de plata.<\/li>\n<li>Entradas de aire con cremallera en la zona pectoral y en los laterales para mayor ventilaci\u00f3n.<\/li>\n<\/ul>\n<p><strong>Otras caracter\u00edsticas<\/strong><\/p>\n<ul>\n<li>Elementos reflectantes para ser m\u00e1s visible en conducci\u00f3n nocturna o con poca luz.<\/li>\n<li>2 bolsillos exteriores.<\/li>\n<li>2 bolsillos interiores.<\/li>\n<\/ul>\n<p>&nbsp;<\/p>\n<p>&nbsp;<\/p>\n<p>&nbsp;<\/p>\n","protected":false},"excerpt":{"rendered":"<p>Se trata de la cuarta generaci\u00f3n de la ic\u00f3nica chaqueta deportiva Racing de Dainese. Chaqueta deportiva fabricada en piel bovina con inserciones de tejido el\u00e1stico S1<\/p>\n","protected":false},"featured_media":5262,"comment_status":"open","ping_status":"closed","template":"","meta":{"_themeisle_gutenberg_block_has_review":false},"pwb-brand":[189],"product_brand":[],"product_cat":[46,138,136],"product_tag":[865,888,850,772],"class_list":{"0":"post-5250","1":"product","2":"type-product","3":"status-publish","4":"has-post-thumbnail","6":"pwb-brand-dainese","7":"product_cat-chaquetas-de-moto","8":"product_cat-chaquetas-de-moto-piel","9":"product_cat-chaqueta-de-moto-verano","10":"product_tag-865","11":"product_tag-rebajas-40","12":"product_tag-rebajas-ropa-verano-20","13":"product_tag-todas-marcas-verano-25","15":"first","16":"instock","17":"sale","18":"taxable","19":"shipping-taxable","20":"purchasable","21":"product-type-variable","22":"has-default-attributes"},"yoast_head":"<!-- This site is optimized with the Yoast SEO plugin v27.5 - https:\/\/yoast.com\/product\/yoast-seo-wordpress\/ -->\n<title>CHAQUETA DAINESE RACING 4 GRIS CHARCOAL \/ NEGRO - Boutique Francisco Belmonte<\/title>\n<meta name=\"description\" content=\"Chaqueta Dainese piel Racing 4 Gris Charcoal - Negro. Chaquetas de moto Dainese en Murcia, Francisco Belmonte al mejor precio.\" \/>\n<meta name=\"robots\" content=\"index, follow, max-snippet:-1, max-image-preview:large, max-video-preview:-1\" \/>\n<link rel=\"canonical\" href=\"https:\/\/franciscobelmonte.com\/tienda\/chaqueta-dainese-piel-racing-4-gris-charcoal-negro\/\" \/>\n<meta property=\"og:locale\" content=\"es_ES\" \/>\n<meta property=\"og:type\" content=\"article\" \/>\n<meta property=\"og:title\" content=\"CHAQUETA DAINESE RACING 4 GRIS CHARCOAL \/ NEGRO - Boutique Francisco Belmonte\" \/>\n<meta property=\"og:description\" content=\"Chaqueta Dainese piel Racing 4 Gris Charcoal - Negro. Chaquetas de moto Dainese en Murcia, Francisco Belmonte al mejor precio.\" \/>\n<meta property=\"og:url\" content=\"https:\/\/franciscobelmonte.com\/tienda\/chaqueta-dainese-piel-racing-4-gris-charcoal-negro\/\" \/>\n<meta property=\"og:site_name\" content=\"Boutique Francisco Belmonte\" \/>\n<meta property=\"article:publisher\" content=\"https:\/\/www.facebook.com\/motosfranciscobelmonte\" \/>\n<meta property=\"article:modified_time\" content=\"2026-01-09T11:15:57+00:00\" \/>\n<meta property=\"og:image\" content=\"https:\/\/franciscobelmonte.com\/tienda\/wp-content\/uploads\/2022\/08\/chaqueta-dainese-racing-4-piel-gris-charcoal-negro.jpg\" \/>\n\t<meta property=\"og:image:width\" content=\"800\" \/>\n\t<meta property=\"og:image:height\" content=\"800\" \/>\n\t<meta property=\"og:image:type\" content=\"image\/jpeg\" \/>\n<meta name=\"twitter:card\" content=\"summary_large_image\" \/>\n<meta name=\"twitter:label1\" content=\"Tiempo de lectura\" \/>\n\t<meta name=\"twitter:data1\" content=\"1 minuto\" \/>\n<script type=\"application\/ld+json\" class=\"yoast-schema-graph\">{\"@context\":\"https:\\\/\\\/schema.org\",\"@graph\":[{\"@type\":\"WebPage\",\"@id\":\"https:\\\/\\\/franciscobelmonte.com\\\/tienda\\\/chaqueta-dainese-piel-racing-4-gris-charcoal-negro\\\/\",\"url\":\"https:\\\/\\\/franciscobelmonte.com\\\/tienda\\\/chaqueta-dainese-piel-racing-4-gris-charcoal-negro\\\/\",\"name\":\"CHAQUETA DAINESE RACING 4 GRIS CHARCOAL \\\/ NEGRO - Boutique Francisco Belmonte\",\"isPartOf\":{\"@id\":\"https:\\\/\\\/franciscobelmonte.com\\\/tienda\\\/#website\"},\"primaryImageOfPage\":{\"@id\":\"https:\\\/\\\/franciscobelmonte.com\\\/tienda\\\/chaqueta-dainese-piel-racing-4-gris-charcoal-negro\\\/#primaryimage\"},\"image\":{\"@id\":\"https:\\\/\\\/franciscobelmonte.com\\\/tienda\\\/chaqueta-dainese-piel-racing-4-gris-charcoal-negro\\\/#primaryimage\"},\"thumbnailUrl\":\"https:\\\/\\\/franciscobelmonte.com\\\/tienda\\\/wp-content\\\/uploads\\\/2022\\\/08\\\/chaqueta-dainese-racing-4-piel-gris-charcoal-negro.jpg\",\"datePublished\":\"2022-08-03T15:11:07+00:00\",\"dateModified\":\"2026-01-09T11:15:57+00:00\",\"description\":\"Chaqueta Dainese piel Racing 4 Gris Charcoal - Negro. Chaquetas de moto Dainese en Murcia, Francisco Belmonte al mejor precio.\",\"breadcrumb\":{\"@id\":\"https:\\\/\\\/franciscobelmonte.com\\\/tienda\\\/chaqueta-dainese-piel-racing-4-gris-charcoal-negro\\\/#breadcrumb\"},\"inLanguage\":\"es\",\"potentialAction\":[{\"@type\":\"ReadAction\",\"target\":[\"https:\\\/\\\/franciscobelmonte.com\\\/tienda\\\/chaqueta-dainese-piel-racing-4-gris-charcoal-negro\\\/\"]}]},{\"@type\":\"ImageObject\",\"inLanguage\":\"es\",\"@id\":\"https:\\\/\\\/franciscobelmonte.com\\\/tienda\\\/chaqueta-dainese-piel-racing-4-gris-charcoal-negro\\\/#primaryimage\",\"url\":\"https:\\\/\\\/franciscobelmonte.com\\\/tienda\\\/wp-content\\\/uploads\\\/2022\\\/08\\\/chaqueta-dainese-racing-4-piel-gris-charcoal-negro.jpg\",\"contentUrl\":\"https:\\\/\\\/franciscobelmonte.com\\\/tienda\\\/wp-content\\\/uploads\\\/2022\\\/08\\\/chaqueta-dainese-racing-4-piel-gris-charcoal-negro.jpg\",\"width\":800,\"height\":800,\"caption\":\"chaqueta dainese racing 4 piel gris charcoal negro en murcia francisco belmonte\"},{\"@type\":\"BreadcrumbList\",\"@id\":\"https:\\\/\\\/franciscobelmonte.com\\\/tienda\\\/chaqueta-dainese-piel-racing-4-gris-charcoal-negro\\\/#breadcrumb\",\"itemListElement\":[{\"@type\":\"ListItem\",\"position\":1,\"name\":\"Portada\",\"item\":\"https:\\\/\\\/franciscobelmonte.com\\\/tienda\\\/\"},{\"@type\":\"ListItem\",\"position\":2,\"name\":\"Tienda\",\"item\":\"https:\\\/\\\/franciscobelmonte.com\\\/tienda\\\/boutique-equipamiento-motero\\\/\"},{\"@type\":\"ListItem\",\"position\":3,\"name\":\"CHAQUETA DAINESE RACING 4 GRIS CHARCOAL \\\/ NEGRO\"}]},{\"@type\":\"WebSite\",\"@id\":\"https:\\\/\\\/franciscobelmonte.com\\\/tienda\\\/#website\",\"url\":\"https:\\\/\\\/franciscobelmonte.com\\\/tienda\\\/\",\"name\":\"Boutique Francisco Belmonte\",\"description\":\"Todo en complementos para motoristas\",\"publisher\":{\"@id\":\"https:\\\/\\\/franciscobelmonte.com\\\/tienda\\\/#organization\"},\"potentialAction\":[{\"@type\":\"SearchAction\",\"target\":{\"@type\":\"EntryPoint\",\"urlTemplate\":\"https:\\\/\\\/franciscobelmonte.com\\\/tienda\\\/?s={search_term_string}\"},\"query-input\":{\"@type\":\"PropertyValueSpecification\",\"valueRequired\":true,\"valueName\":\"search_term_string\"}}],\"inLanguage\":\"es\"},{\"@type\":\"Organization\",\"@id\":\"https:\\\/\\\/franciscobelmonte.com\\\/tienda\\\/#organization\",\"name\":\"Boutique Francisco Belmonte\",\"url\":\"https:\\\/\\\/franciscobelmonte.com\\\/tienda\\\/\",\"logo\":{\"@type\":\"ImageObject\",\"inLanguage\":\"es\",\"@id\":\"https:\\\/\\\/franciscobelmonte.com\\\/tienda\\\/#\\\/schema\\\/logo\\\/image\\\/\",\"url\":\"https:\\\/\\\/franciscobelmonte.com\\\/tienda\\\/wp-content\\\/uploads\\\/2021\\\/12\\\/Francisco-Belmonte-logo.png\",\"contentUrl\":\"https:\\\/\\\/franciscobelmonte.com\\\/tienda\\\/wp-content\\\/uploads\\\/2021\\\/12\\\/Francisco-Belmonte-logo.png\",\"width\":2153,\"height\":536,\"caption\":\"Boutique Francisco Belmonte\"},\"image\":{\"@id\":\"https:\\\/\\\/franciscobelmonte.com\\\/tienda\\\/#\\\/schema\\\/logo\\\/image\\\/\"},\"sameAs\":[\"https:\\\/\\\/www.facebook.com\\\/motosfranciscobelmonte\",\"https:\\\/\\\/www.instagram.com\\\/fco.belmonte\\\/\"]}]}<\/script>\n<!-- \/ Yoast SEO plugin. -->","yoast_head_json":{"title":"CHAQUETA DAINESE RACING 4 GRIS CHARCOAL \/ NEGRO - Boutique Francisco Belmonte","description":"Chaqueta Dainese piel Racing 4 Gris Charcoal - Negro. Chaquetas de moto Dainese en Murcia, Francisco Belmonte al mejor precio.","robots":{"index":"index","follow":"follow","max-snippet":"max-snippet:-1","max-image-preview":"max-image-preview:large","max-video-preview":"max-video-preview:-1"},"canonical":"https:\/\/franciscobelmonte.com\/tienda\/chaqueta-dainese-piel-racing-4-gris-charcoal-negro\/","og_locale":"es_ES","og_type":"article","og_title":"CHAQUETA DAINESE RACING 4 GRIS CHARCOAL \/ NEGRO - Boutique Francisco Belmonte","og_description":"Chaqueta Dainese piel Racing 4 Gris Charcoal - Negro. Chaquetas de moto Dainese en Murcia, Francisco Belmonte al mejor precio.","og_url":"https:\/\/franciscobelmonte.com\/tienda\/chaqueta-dainese-piel-racing-4-gris-charcoal-negro\/","og_site_name":"Boutique Francisco Belmonte","article_publisher":"https:\/\/www.facebook.com\/motosfranciscobelmonte","article_modified_time":"2026-01-09T11:15:57+00:00","og_image":[{"width":800,"height":800,"url":"https:\/\/franciscobelmonte.com\/tienda\/wp-content\/uploads\/2022\/08\/chaqueta-dainese-racing-4-piel-gris-charcoal-negro.jpg","type":"image\/jpeg"}],"twitter_card":"summary_large_image","twitter_misc":{"Tiempo de lectura":"1 minuto"},"schema":{"@context":"https:\/\/schema.org","@graph":[{"@type":"WebPage","@id":"https:\/\/franciscobelmonte.com\/tienda\/chaqueta-dainese-piel-racing-4-gris-charcoal-negro\/","url":"https:\/\/franciscobelmonte.com\/tienda\/chaqueta-dainese-piel-racing-4-gris-charcoal-negro\/","name":"CHAQUETA DAINESE RACING 4 GRIS CHARCOAL \/ NEGRO - Boutique Francisco Belmonte","isPartOf":{"@id":"https:\/\/franciscobelmonte.com\/tienda\/#website"},"primaryImageOfPage":{"@id":"https:\/\/franciscobelmonte.com\/tienda\/chaqueta-dainese-piel-racing-4-gris-charcoal-negro\/#primaryimage"},"image":{"@id":"https:\/\/franciscobelmonte.com\/tienda\/chaqueta-dainese-piel-racing-4-gris-charcoal-negro\/#primaryimage"},"thumbnailUrl":"https:\/\/franciscobelmonte.com\/tienda\/wp-content\/uploads\/2022\/08\/chaqueta-dainese-racing-4-piel-gris-charcoal-negro.jpg","datePublished":"2022-08-03T15:11:07+00:00","dateModified":"2026-01-09T11:15:57+00:00","description":"Chaqueta Dainese piel Racing 4 Gris Charcoal - Negro. Chaquetas de moto Dainese en Murcia, Francisco Belmonte al mejor precio.","breadcrumb":{"@id":"https:\/\/franciscobelmonte.com\/tienda\/chaqueta-dainese-piel-racing-4-gris-charcoal-negro\/#breadcrumb"},"inLanguage":"es","potentialAction":[{"@type":"ReadAction","target":["https:\/\/franciscobelmonte.com\/tienda\/chaqueta-dainese-piel-racing-4-gris-charcoal-negro\/"]}]},{"@type":"ImageObject","inLanguage":"es","@id":"https:\/\/franciscobelmonte.com\/tienda\/chaqueta-dainese-piel-racing-4-gris-charcoal-negro\/#primaryimage","url":"https:\/\/franciscobelmonte.com\/tienda\/wp-content\/uploads\/2022\/08\/chaqueta-dainese-racing-4-piel-gris-charcoal-negro.jpg","contentUrl":"https:\/\/franciscobelmonte.com\/tienda\/wp-content\/uploads\/2022\/08\/chaqueta-dainese-racing-4-piel-gris-charcoal-negro.jpg","width":800,"height":800,"caption":"chaqueta dainese racing 4 piel gris charcoal negro en murcia francisco belmonte"},{"@type":"BreadcrumbList","@id":"https:\/\/franciscobelmonte.com\/tienda\/chaqueta-dainese-piel-racing-4-gris-charcoal-negro\/#breadcrumb","itemListElement":[{"@type":"ListItem","position":1,"name":"Portada","item":"https:\/\/franciscobelmonte.com\/tienda\/"},{"@type":"ListItem","position":2,"name":"Tienda","item":"https:\/\/franciscobelmonte.com\/tienda\/boutique-equipamiento-motero\/"},{"@type":"ListItem","position":3,"name":"CHAQUETA DAINESE RACING 4 GRIS CHARCOAL \/ NEGRO"}]},{"@type":"WebSite","@id":"https:\/\/franciscobelmonte.com\/tienda\/#website","url":"https:\/\/franciscobelmonte.com\/tienda\/","name":"Boutique Francisco Belmonte","description":"Todo en complementos para motoristas","publisher":{"@id":"https:\/\/franciscobelmonte.com\/tienda\/#organization"},"potentialAction":[{"@type":"SearchAction","target":{"@type":"EntryPoint","urlTemplate":"https:\/\/franciscobelmonte.com\/tienda\/?s={search_term_string}"},"query-input":{"@type":"PropertyValueSpecification","valueRequired":true,"valueName":"search_term_string"}}],"inLanguage":"es"},{"@type":"Organization","@id":"https:\/\/franciscobelmonte.com\/tienda\/#organization","name":"Boutique Francisco Belmonte","url":"https:\/\/franciscobelmonte.com\/tienda\/","logo":{"@type":"ImageObject","inLanguage":"es","@id":"https:\/\/franciscobelmonte.com\/tienda\/#\/schema\/logo\/image\/","url":"https:\/\/franciscobelmonte.com\/tienda\/wp-content\/uploads\/2021\/12\/Francisco-Belmonte-logo.png","contentUrl":"https:\/\/franciscobelmonte.com\/tienda\/wp-content\/uploads\/2021\/12\/Francisco-Belmonte-logo.png","width":2153,"height":536,"caption":"Boutique Francisco Belmonte"},"image":{"@id":"https:\/\/franciscobelmonte.com\/tienda\/#\/schema\/logo\/image\/"},"sameAs":["https:\/\/www.facebook.com\/motosfranciscobelmonte","https:\/\/www.instagram.com\/fco.belmonte\/"]}]}},"jetpack_sharing_enabled":true,"brands":[{"id":189,"name":"Dainese","slug":"dainese"}],"_links":{"self":[{"href":"https:\/\/franciscobelmonte.com\/tienda\/wp-json\/wp\/v2\/product\/5250","targetHints":{"allow":["GET"]}}],"collection":[{"href":"https:\/\/franciscobelmonte.com\/tienda\/wp-json\/wp\/v2\/product"}],"about":[{"href":"https:\/\/franciscobelmonte.com\/tienda\/wp-json\/wp\/v2\/types\/product"}],"replies":[{"embeddable":true,"href":"https:\/\/franciscobelmonte.com\/tienda\/wp-json\/wp\/v2\/comments?post=5250"}],"wp:featuredmedia":[{"embeddable":true,"href":"https:\/\/franciscobelmonte.com\/tienda\/wp-json\/wp\/v2\/media\/5262"}],"wp:attachment":[{"href":"https:\/\/franciscobelmonte.com\/tienda\/wp-json\/wp\/v2\/media?parent=5250"}],"wp:term":[{"taxonomy":"pwb-brand","embeddable":true,"href":"https:\/\/franciscobelmonte.com\/tienda\/wp-json\/wp\/v2\/pwb-brand?post=5250"},{"taxonomy":"product_brand","embeddable":true,"href":"https:\/\/franciscobelmonte.com\/tienda\/wp-json\/wp\/v2\/product_brand?post=5250"},{"taxonomy":"product_cat","embeddable":true,"href":"https:\/\/franciscobelmonte.com\/tienda\/wp-json\/wp\/v2\/product_cat?post=5250"},{"taxonomy":"product_tag","embeddable":true,"href":"https:\/\/franciscobelmonte.com\/tienda\/wp-json\/wp\/v2\/product_tag?post=5250"}],"curies":[{"name":"wp","href":"https:\/\/api.w.org\/{rel}","templated":true}]}}