{"id":5434,"date":"2022-08-10T10:02:17","date_gmt":"2022-08-10T10:02:17","guid":{"rendered":"https:\/\/franciscobelmonte.com\/tienda\/?post_type=product&#038;p=5434"},"modified":"2026-01-03T11:58:47","modified_gmt":"2026-01-03T09:58:47","slug":"chaqueta-tucano-urbano-network-negro-azul","status":"publish","type":"product","link":"https:\/\/franciscobelmonte.com\/tienda\/chaqueta-tucano-urbano-network-negro-azul\/","title":{"rendered":"CHAQUETA TUCANO URBANO NETWORK NEGRO \/ AZUL"},"content":{"rendered":"<h1>Chaqueta Tucano Urbano Network Negro \/ Azul<\/h1>\n<p>Urban Network es una chaqueta que combina la rejilla con el tejido WINDBREAKER, capaz de bloquear el 100% del viento y, al mismo tiempo, asegurar la m\u00e1xima transpirabilidad.<br \/>\nIncluye inserciones de softshell de poli\u00e9ster stretch que garantiza una gran resistencia a la abrasi\u00f3n sin renunciar a la comodidad ni a la ventilaci\u00f3n. Incluye un forro desmontable con costuras selladas, que funciona como impermeable cuando se lleva por encima o como cortaviento cuando se lleva en el interior de la prenda.<\/p>\n<p>Esta chaqueta recibe la certificaci\u00f3n CE en Clase A, ofreci\u00e9ndole a los motociclistas una protecci\u00f3n adecuada contra la abrasi\u00f3n y el impacto sin limitar la capacidad de conducci\u00f3n. Esto es posible gracias a la utilizaci\u00f3n de estos materiales de alta calidad con el COMFORT PROTECTION SYSTEM de Tucano Urbano, que est\u00e1 formado por Protecciones CE EN1621-1 en hombros y codos. Adem\u00e1s, para un plus de seguridad cuenta con un bolsillo con capacidad para albergar una espaldera. Tambi\u00e9n est\u00e1 incluido en su dise\u00f1o el REFLACTIVE SYSTEM formado por distintas inserciones reflectantes en pu\u00f1os y espalda.<\/p>\n<p>Tucano Urbano cuida hasta el m\u00e1s m\u00ednimo detalle de todas sus prendas, por eso le ha a\u00f1adido a esta chaqueta distintos elementos que hacen la vida m\u00e1s f\u00e1cil a los motoristas urbanos, como por ejemplo, regulaciones en los pu\u00f1os y en una banda la parte inferior de la espalda de la chaqueta. Incluye tambi\u00e9n, una doble solapa en la cremallera central para proteger el dep\u00f3sito de posibles ara\u00f1azos y bolsillos interiores y exteriores de distintos tama\u00f1os para poder tener siempre a mano tus pertenencias. A todo esto se le suma un sistema de acoplamiento al cintur\u00f3n de los pantalones para una mayor comodidad y seguridad y la posibilidad de enganche mediante cremallera a los pantalones Zipster 2G de Tucano Urbano.<\/p>\n","protected":false},"excerpt":{"rendered":"<p>Urban Network es una chaqueta que combina la rejilla con el tejido WINDBREAKER, capaz de bloquear el 100% del viento y, al mismo tiempo, asegurar la m\u00e1xima transpirabilidad.<\/p>\n","protected":false},"featured_media":5444,"comment_status":"open","ping_status":"closed","template":"","meta":{"_themeisle_gutenberg_block_has_review":false},"pwb-brand":[208],"product_brand":[],"product_cat":[46,136],"product_tag":[885,888,772],"class_list":{"0":"post-5434","1":"product","2":"type-product","3":"status-publish","4":"has-post-thumbnail","6":"pwb-brand-tucano-urbano","7":"product_cat-chaquetas-de-moto","8":"product_cat-chaqueta-de-moto-verano","9":"product_tag-dto-navideno-25","10":"product_tag-rebajas-40","11":"product_tag-todas-marcas-verano-25","13":"first","14":"instock","15":"sale","16":"taxable","17":"shipping-taxable","18":"purchasable","19":"product-type-variable","20":"has-default-attributes"},"yoast_head":"<!-- This site is optimized with the Yoast SEO plugin v27.5 - https:\/\/yoast.com\/product\/yoast-seo-wordpress\/ -->\n<title>CHAQUETA TUCANO URBANO NETWORK NEGRO \/ AZUL - Boutique Francisco Belmonte<\/title>\n<meta name=\"description\" content=\"Chaqueta Tucano Urbano Network Negro Azul. Chaquetas de moto Tucano Urban en Murcia, Boutique Francisco Belmonte al mejor precio.\" \/>\n<meta name=\"robots\" content=\"index, follow, max-snippet:-1, max-image-preview:large, max-video-preview:-1\" \/>\n<link rel=\"canonical\" href=\"https:\/\/franciscobelmonte.com\/tienda\/chaqueta-tucano-urbano-network-negro-azul\/\" \/>\n<meta property=\"og:locale\" content=\"es_ES\" \/>\n<meta property=\"og:type\" content=\"article\" \/>\n<meta property=\"og:title\" content=\"CHAQUETA TUCANO URBANO NETWORK NEGRO \/ AZUL - Boutique Francisco Belmonte\" \/>\n<meta property=\"og:description\" content=\"Chaqueta Tucano Urbano Network Negro Azul. Chaquetas de moto Tucano Urban en Murcia, Boutique Francisco Belmonte al mejor precio.\" \/>\n<meta property=\"og:url\" content=\"https:\/\/franciscobelmonte.com\/tienda\/chaqueta-tucano-urbano-network-negro-azul\/\" \/>\n<meta property=\"og:site_name\" content=\"Boutique Francisco Belmonte\" \/>\n<meta property=\"article:publisher\" content=\"https:\/\/www.facebook.com\/motosfranciscobelmonte\" \/>\n<meta property=\"article:modified_time\" content=\"2026-01-03T09:58:47+00:00\" \/>\n<meta property=\"og:image\" content=\"https:\/\/franciscobelmonte.com\/tienda\/wp-content\/uploads\/2022\/08\/chaqueta-tucano-urban-network-negro-azul.jpg\" \/>\n\t<meta property=\"og:image:width\" content=\"800\" \/>\n\t<meta property=\"og:image:height\" content=\"800\" \/>\n\t<meta property=\"og:image:type\" content=\"image\/jpeg\" \/>\n<meta name=\"twitter:card\" content=\"summary_large_image\" \/>\n<meta name=\"twitter:label1\" content=\"Tiempo de lectura\" \/>\n\t<meta name=\"twitter:data1\" content=\"1 minuto\" \/>\n<script type=\"application\/ld+json\" class=\"yoast-schema-graph\">{\"@context\":\"https:\\\/\\\/schema.org\",\"@graph\":[{\"@type\":\"WebPage\",\"@id\":\"https:\\\/\\\/franciscobelmonte.com\\\/tienda\\\/chaqueta-tucano-urbano-network-negro-azul\\\/\",\"url\":\"https:\\\/\\\/franciscobelmonte.com\\\/tienda\\\/chaqueta-tucano-urbano-network-negro-azul\\\/\",\"name\":\"CHAQUETA TUCANO URBANO NETWORK NEGRO \\\/ AZUL - Boutique Francisco Belmonte\",\"isPartOf\":{\"@id\":\"https:\\\/\\\/franciscobelmonte.com\\\/tienda\\\/#website\"},\"primaryImageOfPage\":{\"@id\":\"https:\\\/\\\/franciscobelmonte.com\\\/tienda\\\/chaqueta-tucano-urbano-network-negro-azul\\\/#primaryimage\"},\"image\":{\"@id\":\"https:\\\/\\\/franciscobelmonte.com\\\/tienda\\\/chaqueta-tucano-urbano-network-negro-azul\\\/#primaryimage\"},\"thumbnailUrl\":\"https:\\\/\\\/franciscobelmonte.com\\\/tienda\\\/wp-content\\\/uploads\\\/2022\\\/08\\\/chaqueta-tucano-urban-network-negro-azul.jpg\",\"datePublished\":\"2022-08-10T10:02:17+00:00\",\"dateModified\":\"2026-01-03T09:58:47+00:00\",\"description\":\"Chaqueta Tucano Urbano Network Negro Azul. Chaquetas de moto Tucano Urban en Murcia, Boutique Francisco Belmonte al mejor precio.\",\"breadcrumb\":{\"@id\":\"https:\\\/\\\/franciscobelmonte.com\\\/tienda\\\/chaqueta-tucano-urbano-network-negro-azul\\\/#breadcrumb\"},\"inLanguage\":\"es\",\"potentialAction\":[{\"@type\":\"ReadAction\",\"target\":[\"https:\\\/\\\/franciscobelmonte.com\\\/tienda\\\/chaqueta-tucano-urbano-network-negro-azul\\\/\"]}]},{\"@type\":\"ImageObject\",\"inLanguage\":\"es\",\"@id\":\"https:\\\/\\\/franciscobelmonte.com\\\/tienda\\\/chaqueta-tucano-urbano-network-negro-azul\\\/#primaryimage\",\"url\":\"https:\\\/\\\/franciscobelmonte.com\\\/tienda\\\/wp-content\\\/uploads\\\/2022\\\/08\\\/chaqueta-tucano-urban-network-negro-azul.jpg\",\"contentUrl\":\"https:\\\/\\\/franciscobelmonte.com\\\/tienda\\\/wp-content\\\/uploads\\\/2022\\\/08\\\/chaqueta-tucano-urban-network-negro-azul.jpg\",\"width\":800,\"height\":800,\"caption\":\"chaqueta tucano urban network negro azul en murcia francisco belmonte\"},{\"@type\":\"BreadcrumbList\",\"@id\":\"https:\\\/\\\/franciscobelmonte.com\\\/tienda\\\/chaqueta-tucano-urbano-network-negro-azul\\\/#breadcrumb\",\"itemListElement\":[{\"@type\":\"ListItem\",\"position\":1,\"name\":\"Portada\",\"item\":\"https:\\\/\\\/franciscobelmonte.com\\\/tienda\\\/\"},{\"@type\":\"ListItem\",\"position\":2,\"name\":\"Tienda\",\"item\":\"https:\\\/\\\/franciscobelmonte.com\\\/tienda\\\/boutique-equipamiento-motero\\\/\"},{\"@type\":\"ListItem\",\"position\":3,\"name\":\"CHAQUETA TUCANO URBANO NETWORK NEGRO \\\/ AZUL\"}]},{\"@type\":\"WebSite\",\"@id\":\"https:\\\/\\\/franciscobelmonte.com\\\/tienda\\\/#website\",\"url\":\"https:\\\/\\\/franciscobelmonte.com\\\/tienda\\\/\",\"name\":\"Boutique Francisco Belmonte\",\"description\":\"Todo en complementos para motoristas\",\"publisher\":{\"@id\":\"https:\\\/\\\/franciscobelmonte.com\\\/tienda\\\/#organization\"},\"potentialAction\":[{\"@type\":\"SearchAction\",\"target\":{\"@type\":\"EntryPoint\",\"urlTemplate\":\"https:\\\/\\\/franciscobelmonte.com\\\/tienda\\\/?s={search_term_string}\"},\"query-input\":{\"@type\":\"PropertyValueSpecification\",\"valueRequired\":true,\"valueName\":\"search_term_string\"}}],\"inLanguage\":\"es\"},{\"@type\":\"Organization\",\"@id\":\"https:\\\/\\\/franciscobelmonte.com\\\/tienda\\\/#organization\",\"name\":\"Boutique Francisco Belmonte\",\"url\":\"https:\\\/\\\/franciscobelmonte.com\\\/tienda\\\/\",\"logo\":{\"@type\":\"ImageObject\",\"inLanguage\":\"es\",\"@id\":\"https:\\\/\\\/franciscobelmonte.com\\\/tienda\\\/#\\\/schema\\\/logo\\\/image\\\/\",\"url\":\"https:\\\/\\\/franciscobelmonte.com\\\/tienda\\\/wp-content\\\/uploads\\\/2021\\\/12\\\/Francisco-Belmonte-logo.png\",\"contentUrl\":\"https:\\\/\\\/franciscobelmonte.com\\\/tienda\\\/wp-content\\\/uploads\\\/2021\\\/12\\\/Francisco-Belmonte-logo.png\",\"width\":2153,\"height\":536,\"caption\":\"Boutique Francisco Belmonte\"},\"image\":{\"@id\":\"https:\\\/\\\/franciscobelmonte.com\\\/tienda\\\/#\\\/schema\\\/logo\\\/image\\\/\"},\"sameAs\":[\"https:\\\/\\\/www.facebook.com\\\/motosfranciscobelmonte\",\"https:\\\/\\\/www.instagram.com\\\/fco.belmonte\\\/\"]}]}<\/script>\n<!-- \/ Yoast SEO plugin. -->","yoast_head_json":{"title":"CHAQUETA TUCANO URBANO NETWORK NEGRO \/ AZUL - Boutique Francisco Belmonte","description":"Chaqueta Tucano Urbano Network Negro Azul. Chaquetas de moto Tucano Urban en Murcia, Boutique Francisco Belmonte al mejor precio.","robots":{"index":"index","follow":"follow","max-snippet":"max-snippet:-1","max-image-preview":"max-image-preview:large","max-video-preview":"max-video-preview:-1"},"canonical":"https:\/\/franciscobelmonte.com\/tienda\/chaqueta-tucano-urbano-network-negro-azul\/","og_locale":"es_ES","og_type":"article","og_title":"CHAQUETA TUCANO URBANO NETWORK NEGRO \/ AZUL - Boutique Francisco Belmonte","og_description":"Chaqueta Tucano Urbano Network Negro Azul. Chaquetas de moto Tucano Urban en Murcia, Boutique Francisco Belmonte al mejor precio.","og_url":"https:\/\/franciscobelmonte.com\/tienda\/chaqueta-tucano-urbano-network-negro-azul\/","og_site_name":"Boutique Francisco Belmonte","article_publisher":"https:\/\/www.facebook.com\/motosfranciscobelmonte","article_modified_time":"2026-01-03T09:58:47+00:00","og_image":[{"width":800,"height":800,"url":"https:\/\/franciscobelmonte.com\/tienda\/wp-content\/uploads\/2022\/08\/chaqueta-tucano-urban-network-negro-azul.jpg","type":"image\/jpeg"}],"twitter_card":"summary_large_image","twitter_misc":{"Tiempo de lectura":"1 minuto"},"schema":{"@context":"https:\/\/schema.org","@graph":[{"@type":"WebPage","@id":"https:\/\/franciscobelmonte.com\/tienda\/chaqueta-tucano-urbano-network-negro-azul\/","url":"https:\/\/franciscobelmonte.com\/tienda\/chaqueta-tucano-urbano-network-negro-azul\/","name":"CHAQUETA TUCANO URBANO NETWORK NEGRO \/ AZUL - Boutique Francisco Belmonte","isPartOf":{"@id":"https:\/\/franciscobelmonte.com\/tienda\/#website"},"primaryImageOfPage":{"@id":"https:\/\/franciscobelmonte.com\/tienda\/chaqueta-tucano-urbano-network-negro-azul\/#primaryimage"},"image":{"@id":"https:\/\/franciscobelmonte.com\/tienda\/chaqueta-tucano-urbano-network-negro-azul\/#primaryimage"},"thumbnailUrl":"https:\/\/franciscobelmonte.com\/tienda\/wp-content\/uploads\/2022\/08\/chaqueta-tucano-urban-network-negro-azul.jpg","datePublished":"2022-08-10T10:02:17+00:00","dateModified":"2026-01-03T09:58:47+00:00","description":"Chaqueta Tucano Urbano Network Negro Azul. Chaquetas de moto Tucano Urban en Murcia, Boutique Francisco Belmonte al mejor precio.","breadcrumb":{"@id":"https:\/\/franciscobelmonte.com\/tienda\/chaqueta-tucano-urbano-network-negro-azul\/#breadcrumb"},"inLanguage":"es","potentialAction":[{"@type":"ReadAction","target":["https:\/\/franciscobelmonte.com\/tienda\/chaqueta-tucano-urbano-network-negro-azul\/"]}]},{"@type":"ImageObject","inLanguage":"es","@id":"https:\/\/franciscobelmonte.com\/tienda\/chaqueta-tucano-urbano-network-negro-azul\/#primaryimage","url":"https:\/\/franciscobelmonte.com\/tienda\/wp-content\/uploads\/2022\/08\/chaqueta-tucano-urban-network-negro-azul.jpg","contentUrl":"https:\/\/franciscobelmonte.com\/tienda\/wp-content\/uploads\/2022\/08\/chaqueta-tucano-urban-network-negro-azul.jpg","width":800,"height":800,"caption":"chaqueta tucano urban network negro azul en murcia francisco belmonte"},{"@type":"BreadcrumbList","@id":"https:\/\/franciscobelmonte.com\/tienda\/chaqueta-tucano-urbano-network-negro-azul\/#breadcrumb","itemListElement":[{"@type":"ListItem","position":1,"name":"Portada","item":"https:\/\/franciscobelmonte.com\/tienda\/"},{"@type":"ListItem","position":2,"name":"Tienda","item":"https:\/\/franciscobelmonte.com\/tienda\/boutique-equipamiento-motero\/"},{"@type":"ListItem","position":3,"name":"CHAQUETA TUCANO URBANO NETWORK NEGRO \/ AZUL"}]},{"@type":"WebSite","@id":"https:\/\/franciscobelmonte.com\/tienda\/#website","url":"https:\/\/franciscobelmonte.com\/tienda\/","name":"Boutique Francisco Belmonte","description":"Todo en complementos para motoristas","publisher":{"@id":"https:\/\/franciscobelmonte.com\/tienda\/#organization"},"potentialAction":[{"@type":"SearchAction","target":{"@type":"EntryPoint","urlTemplate":"https:\/\/franciscobelmonte.com\/tienda\/?s={search_term_string}"},"query-input":{"@type":"PropertyValueSpecification","valueRequired":true,"valueName":"search_term_string"}}],"inLanguage":"es"},{"@type":"Organization","@id":"https:\/\/franciscobelmonte.com\/tienda\/#organization","name":"Boutique Francisco Belmonte","url":"https:\/\/franciscobelmonte.com\/tienda\/","logo":{"@type":"ImageObject","inLanguage":"es","@id":"https:\/\/franciscobelmonte.com\/tienda\/#\/schema\/logo\/image\/","url":"https:\/\/franciscobelmonte.com\/tienda\/wp-content\/uploads\/2021\/12\/Francisco-Belmonte-logo.png","contentUrl":"https:\/\/franciscobelmonte.com\/tienda\/wp-content\/uploads\/2021\/12\/Francisco-Belmonte-logo.png","width":2153,"height":536,"caption":"Boutique Francisco Belmonte"},"image":{"@id":"https:\/\/franciscobelmonte.com\/tienda\/#\/schema\/logo\/image\/"},"sameAs":["https:\/\/www.facebook.com\/motosfranciscobelmonte","https:\/\/www.instagram.com\/fco.belmonte\/"]}]}},"jetpack_sharing_enabled":true,"brands":[{"id":208,"name":"Tucano Urbano","slug":"tucano-urbano"}],"_links":{"self":[{"href":"https:\/\/franciscobelmonte.com\/tienda\/wp-json\/wp\/v2\/product\/5434","targetHints":{"allow":["GET"]}}],"collection":[{"href":"https:\/\/franciscobelmonte.com\/tienda\/wp-json\/wp\/v2\/product"}],"about":[{"href":"https:\/\/franciscobelmonte.com\/tienda\/wp-json\/wp\/v2\/types\/product"}],"replies":[{"embeddable":true,"href":"https:\/\/franciscobelmonte.com\/tienda\/wp-json\/wp\/v2\/comments?post=5434"}],"wp:featuredmedia":[{"embeddable":true,"href":"https:\/\/franciscobelmonte.com\/tienda\/wp-json\/wp\/v2\/media\/5444"}],"wp:attachment":[{"href":"https:\/\/franciscobelmonte.com\/tienda\/wp-json\/wp\/v2\/media?parent=5434"}],"wp:term":[{"taxonomy":"pwb-brand","embeddable":true,"href":"https:\/\/franciscobelmonte.com\/tienda\/wp-json\/wp\/v2\/pwb-brand?post=5434"},{"taxonomy":"product_brand","embeddable":true,"href":"https:\/\/franciscobelmonte.com\/tienda\/wp-json\/wp\/v2\/product_brand?post=5434"},{"taxonomy":"product_cat","embeddable":true,"href":"https:\/\/franciscobelmonte.com\/tienda\/wp-json\/wp\/v2\/product_cat?post=5434"},{"taxonomy":"product_tag","embeddable":true,"href":"https:\/\/franciscobelmonte.com\/tienda\/wp-json\/wp\/v2\/product_tag?post=5434"}],"curies":[{"name":"wp","href":"https:\/\/api.w.org\/{rel}","templated":true}]}}