{"id":5545,"date":"2022-08-12T10:44:37","date_gmt":"2022-08-12T10:44:37","guid":{"rendered":"https:\/\/franciscobelmonte.com\/tienda\/?post_type=product&#038;p=5545"},"modified":"2025-12-16T11:17:08","modified_gmt":"2025-12-16T09:17:08","slug":"chaqueta-spidi-flash-evo-net-wind-negro","status":"publish","type":"product","link":"https:\/\/franciscobelmonte.com\/tienda\/chaqueta-spidi-flash-evo-net-wind-negro\/","title":{"rendered":"CHAQUETA SPIDI FLASH EVO NET WIND NEGRO"},"content":{"rendered":"<h1>Chaqueta SPIDI Flash Evo Net Wind Negro<\/h1>\n<p>Chaqueta touring de verano, muy vers\u00e1til y funcional. Incorpora paneles de malla para una buena ventilaci\u00f3n y una pr\u00e1ctica membrana cortaviento WindOut, que permite adaptarse f\u00e1cilmente a las distintas condiciones clim\u00e1ticas. Cuenta con protecciones homologadas Warrior Lite desmontables en hombros y codos.<\/p>\n<p><b>Caracter\u00edsticas<\/b><strong>\u00a0principales:<\/strong><\/p>\n<ul>\n<li>Confeccionada en poli\u00e9ster de alta resistencia con inserciones el\u00e1sticas Extra Tenax fabricadas en Nylon 6.6..<\/li>\n<li>Extensos paneles de malla ventilada en la parte frontal, brazos y parte trasera.<\/li>\n<li>Membrana WindOut cortaviento extra\u00edble para poder adaptarse mejor a las condiciones clim\u00e1ticas de cada momento.<\/li>\n<li>Protectores desmontables Warrior Lite en hombros y codos certificados EN1621-1:2012 Nivel 1.<\/li>\n<li>Predisposici\u00f3n para poder montar un protector dorsal (no incluido).<\/li>\n<li>Revestimiento interior en tejido de malla para mayor transpirabilidad.<\/li>\n<li>Cintura y pu\u00f1os regulables con velcro.<\/li>\n<li>Anchura de las mangas ajustable mediante botones para mayor ajuste y confort.<\/li>\n<li>Presilla con bot\u00f3n a presi\u00f3n para poder juntar-la con un pantal\u00f3n.<\/li>\n<li>Cremallera de conexi\u00f3n chaqueta-pantal\u00f3n.<\/li>\n<li>Elementos reflectantes para una mejor visibilidad en conducci\u00f3n nocturna o con poca luz.<\/li>\n<li>2 bolsillos exteriores.<\/li>\n<li>1 bolsillo interior con cremallera.<\/li>\n<li>Chaqueta certificada seg\u00fan la normativa CE PrEn 17092-3:2017 Clase A.<\/li>\n<\/ul>\n<p>&nbsp;<\/p>\n<p>&nbsp;<\/p>\n","protected":false},"excerpt":{"rendered":"<p>Chaqueta touring de verano, muy vers\u00e1til y funcional. Incorpora paneles de malla para una buena ventilaci\u00f3n y una pr\u00e1ctica membrana cortaviento WindOut, que permite adaptarse f\u00e1cilmente a las distintas condiciones clim\u00e1ticas.<\/p>\n","protected":false},"featured_media":5552,"comment_status":"open","ping_status":"closed","template":"","meta":{"_themeisle_gutenberg_block_has_review":false},"pwb-brand":[266],"product_brand":[],"product_cat":[46,136],"product_tag":[865,885,850,772],"class_list":{"0":"post-5545","1":"product","2":"type-product","3":"status-publish","4":"has-post-thumbnail","6":"pwb-brand-spidi","7":"product_cat-chaquetas-de-moto","8":"product_cat-chaqueta-de-moto-verano","9":"product_tag-865","10":"product_tag-dto-navideno-25","11":"product_tag-rebajas-ropa-verano-20","12":"product_tag-todas-marcas-verano-25","14":"first","15":"instock","16":"sale","17":"taxable","18":"shipping-taxable","19":"purchasable","20":"product-type-variable","21":"has-default-attributes"},"yoast_head":"<!-- This site is optimized with the Yoast SEO plugin v27.4 - https:\/\/yoast.com\/product\/yoast-seo-wordpress\/ -->\n<title>CHAQUETA SPIDI FLASH EVO NET WIND NEGRO - Boutique Francisco Belmonte<\/title>\n<meta name=\"description\" content=\"Chaqueta Spidi Flash Evo Net Wind Negro. Chaquetas de moto Spidi en Murcia, Boutique Francisco Belmonte al mejor precio, en todos sus colores.\" \/>\n<meta name=\"robots\" content=\"index, follow, max-snippet:-1, max-image-preview:large, max-video-preview:-1\" \/>\n<link rel=\"canonical\" href=\"https:\/\/franciscobelmonte.com\/tienda\/chaqueta-spidi-flash-evo-net-wind-negro\/\" \/>\n<meta property=\"og:locale\" content=\"es_ES\" \/>\n<meta property=\"og:type\" content=\"article\" \/>\n<meta property=\"og:title\" content=\"CHAQUETA SPIDI FLASH EVO NET WIND NEGRO - Boutique Francisco Belmonte\" \/>\n<meta property=\"og:description\" content=\"Chaqueta Spidi Flash Evo Net Wind Negro. Chaquetas de moto Spidi en Murcia, Boutique Francisco Belmonte al mejor precio, en todos sus colores.\" \/>\n<meta property=\"og:url\" content=\"https:\/\/franciscobelmonte.com\/tienda\/chaqueta-spidi-flash-evo-net-wind-negro\/\" \/>\n<meta property=\"og:site_name\" content=\"Boutique Francisco Belmonte\" \/>\n<meta property=\"article:publisher\" content=\"https:\/\/www.facebook.com\/motosfranciscobelmonte\" \/>\n<meta property=\"article:modified_time\" content=\"2025-12-16T09:17:08+00:00\" \/>\n<meta property=\"og:image\" content=\"https:\/\/franciscobelmonte.com\/tienda\/wp-content\/uploads\/2022\/08\/chaqueta-spidi-flash-evo-net-wind-negro.jpg\" \/>\n\t<meta property=\"og:image:width\" content=\"800\" \/>\n\t<meta property=\"og:image:height\" content=\"800\" \/>\n\t<meta property=\"og:image:type\" content=\"image\/jpeg\" \/>\n<meta name=\"twitter:card\" content=\"summary_large_image\" \/>\n<meta name=\"twitter:label1\" content=\"Tiempo de lectura\" \/>\n\t<meta name=\"twitter:data1\" content=\"1 minuto\" \/>\n<script type=\"application\/ld+json\" class=\"yoast-schema-graph\">{\"@context\":\"https:\\\/\\\/schema.org\",\"@graph\":[{\"@type\":\"WebPage\",\"@id\":\"https:\\\/\\\/franciscobelmonte.com\\\/tienda\\\/chaqueta-spidi-flash-evo-net-wind-negro\\\/\",\"url\":\"https:\\\/\\\/franciscobelmonte.com\\\/tienda\\\/chaqueta-spidi-flash-evo-net-wind-negro\\\/\",\"name\":\"CHAQUETA SPIDI FLASH EVO NET WIND NEGRO - Boutique Francisco Belmonte\",\"isPartOf\":{\"@id\":\"https:\\\/\\\/franciscobelmonte.com\\\/tienda\\\/#website\"},\"primaryImageOfPage\":{\"@id\":\"https:\\\/\\\/franciscobelmonte.com\\\/tienda\\\/chaqueta-spidi-flash-evo-net-wind-negro\\\/#primaryimage\"},\"image\":{\"@id\":\"https:\\\/\\\/franciscobelmonte.com\\\/tienda\\\/chaqueta-spidi-flash-evo-net-wind-negro\\\/#primaryimage\"},\"thumbnailUrl\":\"https:\\\/\\\/franciscobelmonte.com\\\/tienda\\\/wp-content\\\/uploads\\\/2022\\\/08\\\/chaqueta-spidi-flash-evo-net-wind-negro.jpg\",\"datePublished\":\"2022-08-12T10:44:37+00:00\",\"dateModified\":\"2025-12-16T09:17:08+00:00\",\"description\":\"Chaqueta Spidi Flash Evo Net Wind Negro. Chaquetas de moto Spidi en Murcia, Boutique Francisco Belmonte al mejor precio, en todos sus colores.\",\"breadcrumb\":{\"@id\":\"https:\\\/\\\/franciscobelmonte.com\\\/tienda\\\/chaqueta-spidi-flash-evo-net-wind-negro\\\/#breadcrumb\"},\"inLanguage\":\"es\",\"potentialAction\":[{\"@type\":\"ReadAction\",\"target\":[\"https:\\\/\\\/franciscobelmonte.com\\\/tienda\\\/chaqueta-spidi-flash-evo-net-wind-negro\\\/\"]}]},{\"@type\":\"ImageObject\",\"inLanguage\":\"es\",\"@id\":\"https:\\\/\\\/franciscobelmonte.com\\\/tienda\\\/chaqueta-spidi-flash-evo-net-wind-negro\\\/#primaryimage\",\"url\":\"https:\\\/\\\/franciscobelmonte.com\\\/tienda\\\/wp-content\\\/uploads\\\/2022\\\/08\\\/chaqueta-spidi-flash-evo-net-wind-negro.jpg\",\"contentUrl\":\"https:\\\/\\\/franciscobelmonte.com\\\/tienda\\\/wp-content\\\/uploads\\\/2022\\\/08\\\/chaqueta-spidi-flash-evo-net-wind-negro.jpg\",\"width\":800,\"height\":800,\"caption\":\"chaqueta spidi flash evo net wind negro en murcia francisco belmonte\"},{\"@type\":\"BreadcrumbList\",\"@id\":\"https:\\\/\\\/franciscobelmonte.com\\\/tienda\\\/chaqueta-spidi-flash-evo-net-wind-negro\\\/#breadcrumb\",\"itemListElement\":[{\"@type\":\"ListItem\",\"position\":1,\"name\":\"Portada\",\"item\":\"https:\\\/\\\/franciscobelmonte.com\\\/tienda\\\/\"},{\"@type\":\"ListItem\",\"position\":2,\"name\":\"Tienda\",\"item\":\"https:\\\/\\\/franciscobelmonte.com\\\/tienda\\\/boutique-equipamiento-motero\\\/\"},{\"@type\":\"ListItem\",\"position\":3,\"name\":\"CHAQUETA SPIDI FLASH EVO NET WIND NEGRO\"}]},{\"@type\":\"WebSite\",\"@id\":\"https:\\\/\\\/franciscobelmonte.com\\\/tienda\\\/#website\",\"url\":\"https:\\\/\\\/franciscobelmonte.com\\\/tienda\\\/\",\"name\":\"Boutique Francisco Belmonte\",\"description\":\"Todo en complementos para motoristas\",\"publisher\":{\"@id\":\"https:\\\/\\\/franciscobelmonte.com\\\/tienda\\\/#organization\"},\"potentialAction\":[{\"@type\":\"SearchAction\",\"target\":{\"@type\":\"EntryPoint\",\"urlTemplate\":\"https:\\\/\\\/franciscobelmonte.com\\\/tienda\\\/?s={search_term_string}\"},\"query-input\":{\"@type\":\"PropertyValueSpecification\",\"valueRequired\":true,\"valueName\":\"search_term_string\"}}],\"inLanguage\":\"es\"},{\"@type\":\"Organization\",\"@id\":\"https:\\\/\\\/franciscobelmonte.com\\\/tienda\\\/#organization\",\"name\":\"Boutique Francisco Belmonte\",\"url\":\"https:\\\/\\\/franciscobelmonte.com\\\/tienda\\\/\",\"logo\":{\"@type\":\"ImageObject\",\"inLanguage\":\"es\",\"@id\":\"https:\\\/\\\/franciscobelmonte.com\\\/tienda\\\/#\\\/schema\\\/logo\\\/image\\\/\",\"url\":\"https:\\\/\\\/franciscobelmonte.com\\\/tienda\\\/wp-content\\\/uploads\\\/2021\\\/12\\\/Francisco-Belmonte-logo.png\",\"contentUrl\":\"https:\\\/\\\/franciscobelmonte.com\\\/tienda\\\/wp-content\\\/uploads\\\/2021\\\/12\\\/Francisco-Belmonte-logo.png\",\"width\":2153,\"height\":536,\"caption\":\"Boutique Francisco Belmonte\"},\"image\":{\"@id\":\"https:\\\/\\\/franciscobelmonte.com\\\/tienda\\\/#\\\/schema\\\/logo\\\/image\\\/\"},\"sameAs\":[\"https:\\\/\\\/www.facebook.com\\\/motosfranciscobelmonte\",\"https:\\\/\\\/www.instagram.com\\\/fco.belmonte\\\/\"]}]}<\/script>\n<!-- \/ Yoast SEO plugin. -->","yoast_head_json":{"title":"CHAQUETA SPIDI FLASH EVO NET WIND NEGRO - Boutique Francisco Belmonte","description":"Chaqueta Spidi Flash Evo Net Wind Negro. Chaquetas de moto Spidi en Murcia, Boutique Francisco Belmonte al mejor precio, en todos sus colores.","robots":{"index":"index","follow":"follow","max-snippet":"max-snippet:-1","max-image-preview":"max-image-preview:large","max-video-preview":"max-video-preview:-1"},"canonical":"https:\/\/franciscobelmonte.com\/tienda\/chaqueta-spidi-flash-evo-net-wind-negro\/","og_locale":"es_ES","og_type":"article","og_title":"CHAQUETA SPIDI FLASH EVO NET WIND NEGRO - Boutique Francisco Belmonte","og_description":"Chaqueta Spidi Flash Evo Net Wind Negro. Chaquetas de moto Spidi en Murcia, Boutique Francisco Belmonte al mejor precio, en todos sus colores.","og_url":"https:\/\/franciscobelmonte.com\/tienda\/chaqueta-spidi-flash-evo-net-wind-negro\/","og_site_name":"Boutique Francisco Belmonte","article_publisher":"https:\/\/www.facebook.com\/motosfranciscobelmonte","article_modified_time":"2025-12-16T09:17:08+00:00","og_image":[{"width":800,"height":800,"url":"https:\/\/franciscobelmonte.com\/tienda\/wp-content\/uploads\/2022\/08\/chaqueta-spidi-flash-evo-net-wind-negro.jpg","type":"image\/jpeg"}],"twitter_card":"summary_large_image","twitter_misc":{"Tiempo de lectura":"1 minuto"},"schema":{"@context":"https:\/\/schema.org","@graph":[{"@type":"WebPage","@id":"https:\/\/franciscobelmonte.com\/tienda\/chaqueta-spidi-flash-evo-net-wind-negro\/","url":"https:\/\/franciscobelmonte.com\/tienda\/chaqueta-spidi-flash-evo-net-wind-negro\/","name":"CHAQUETA SPIDI FLASH EVO NET WIND NEGRO - Boutique Francisco Belmonte","isPartOf":{"@id":"https:\/\/franciscobelmonte.com\/tienda\/#website"},"primaryImageOfPage":{"@id":"https:\/\/franciscobelmonte.com\/tienda\/chaqueta-spidi-flash-evo-net-wind-negro\/#primaryimage"},"image":{"@id":"https:\/\/franciscobelmonte.com\/tienda\/chaqueta-spidi-flash-evo-net-wind-negro\/#primaryimage"},"thumbnailUrl":"https:\/\/franciscobelmonte.com\/tienda\/wp-content\/uploads\/2022\/08\/chaqueta-spidi-flash-evo-net-wind-negro.jpg","datePublished":"2022-08-12T10:44:37+00:00","dateModified":"2025-12-16T09:17:08+00:00","description":"Chaqueta Spidi Flash Evo Net Wind Negro. Chaquetas de moto Spidi en Murcia, Boutique Francisco Belmonte al mejor precio, en todos sus colores.","breadcrumb":{"@id":"https:\/\/franciscobelmonte.com\/tienda\/chaqueta-spidi-flash-evo-net-wind-negro\/#breadcrumb"},"inLanguage":"es","potentialAction":[{"@type":"ReadAction","target":["https:\/\/franciscobelmonte.com\/tienda\/chaqueta-spidi-flash-evo-net-wind-negro\/"]}]},{"@type":"ImageObject","inLanguage":"es","@id":"https:\/\/franciscobelmonte.com\/tienda\/chaqueta-spidi-flash-evo-net-wind-negro\/#primaryimage","url":"https:\/\/franciscobelmonte.com\/tienda\/wp-content\/uploads\/2022\/08\/chaqueta-spidi-flash-evo-net-wind-negro.jpg","contentUrl":"https:\/\/franciscobelmonte.com\/tienda\/wp-content\/uploads\/2022\/08\/chaqueta-spidi-flash-evo-net-wind-negro.jpg","width":800,"height":800,"caption":"chaqueta spidi flash evo net wind negro en murcia francisco belmonte"},{"@type":"BreadcrumbList","@id":"https:\/\/franciscobelmonte.com\/tienda\/chaqueta-spidi-flash-evo-net-wind-negro\/#breadcrumb","itemListElement":[{"@type":"ListItem","position":1,"name":"Portada","item":"https:\/\/franciscobelmonte.com\/tienda\/"},{"@type":"ListItem","position":2,"name":"Tienda","item":"https:\/\/franciscobelmonte.com\/tienda\/boutique-equipamiento-motero\/"},{"@type":"ListItem","position":3,"name":"CHAQUETA SPIDI FLASH EVO NET WIND NEGRO"}]},{"@type":"WebSite","@id":"https:\/\/franciscobelmonte.com\/tienda\/#website","url":"https:\/\/franciscobelmonte.com\/tienda\/","name":"Boutique Francisco Belmonte","description":"Todo en complementos para motoristas","publisher":{"@id":"https:\/\/franciscobelmonte.com\/tienda\/#organization"},"potentialAction":[{"@type":"SearchAction","target":{"@type":"EntryPoint","urlTemplate":"https:\/\/franciscobelmonte.com\/tienda\/?s={search_term_string}"},"query-input":{"@type":"PropertyValueSpecification","valueRequired":true,"valueName":"search_term_string"}}],"inLanguage":"es"},{"@type":"Organization","@id":"https:\/\/franciscobelmonte.com\/tienda\/#organization","name":"Boutique Francisco Belmonte","url":"https:\/\/franciscobelmonte.com\/tienda\/","logo":{"@type":"ImageObject","inLanguage":"es","@id":"https:\/\/franciscobelmonte.com\/tienda\/#\/schema\/logo\/image\/","url":"https:\/\/franciscobelmonte.com\/tienda\/wp-content\/uploads\/2021\/12\/Francisco-Belmonte-logo.png","contentUrl":"https:\/\/franciscobelmonte.com\/tienda\/wp-content\/uploads\/2021\/12\/Francisco-Belmonte-logo.png","width":2153,"height":536,"caption":"Boutique Francisco Belmonte"},"image":{"@id":"https:\/\/franciscobelmonte.com\/tienda\/#\/schema\/logo\/image\/"},"sameAs":["https:\/\/www.facebook.com\/motosfranciscobelmonte","https:\/\/www.instagram.com\/fco.belmonte\/"]}]}},"jetpack_sharing_enabled":true,"brands":[{"id":266,"name":"Spidi","slug":"spidi"}],"_links":{"self":[{"href":"https:\/\/franciscobelmonte.com\/tienda\/wp-json\/wp\/v2\/product\/5545","targetHints":{"allow":["GET"]}}],"collection":[{"href":"https:\/\/franciscobelmonte.com\/tienda\/wp-json\/wp\/v2\/product"}],"about":[{"href":"https:\/\/franciscobelmonte.com\/tienda\/wp-json\/wp\/v2\/types\/product"}],"replies":[{"embeddable":true,"href":"https:\/\/franciscobelmonte.com\/tienda\/wp-json\/wp\/v2\/comments?post=5545"}],"wp:featuredmedia":[{"embeddable":true,"href":"https:\/\/franciscobelmonte.com\/tienda\/wp-json\/wp\/v2\/media\/5552"}],"wp:attachment":[{"href":"https:\/\/franciscobelmonte.com\/tienda\/wp-json\/wp\/v2\/media?parent=5545"}],"wp:term":[{"taxonomy":"pwb-brand","embeddable":true,"href":"https:\/\/franciscobelmonte.com\/tienda\/wp-json\/wp\/v2\/pwb-brand?post=5545"},{"taxonomy":"product_brand","embeddable":true,"href":"https:\/\/franciscobelmonte.com\/tienda\/wp-json\/wp\/v2\/product_brand?post=5545"},{"taxonomy":"product_cat","embeddable":true,"href":"https:\/\/franciscobelmonte.com\/tienda\/wp-json\/wp\/v2\/product_cat?post=5545"},{"taxonomy":"product_tag","embeddable":true,"href":"https:\/\/franciscobelmonte.com\/tienda\/wp-json\/wp\/v2\/product_tag?post=5545"}],"curies":[{"name":"wp","href":"https:\/\/api.w.org\/{rel}","templated":true}]}}