{"id":5690,"date":"2022-08-30T16:22:11","date_gmt":"2022-08-30T16:22:11","guid":{"rendered":"https:\/\/franciscobelmonte.com\/tienda\/?post_type=product&#038;p=5690"},"modified":"2025-12-16T10:50:48","modified_gmt":"2025-12-16T08:50:48","slug":"chaqueta-spidi-tek-net-lady-negro-2","status":"publish","type":"product","link":"https:\/\/franciscobelmonte.com\/tienda\/chaqueta-spidi-tek-net-lady-negro-2\/","title":{"rendered":"CHAQUETA SPIDI TEK NET LADY NEGRO"},"content":{"rendered":"<h1>Chaqueta SPIDI Tek Net Lady Negro<\/h1>\n<p>El chasis principal es de poli\u00e9ster de alta tenacidad que ofrece una buena resistencia a la abrasi\u00f3n a los cortes. Cuenta con la certificaci\u00f3n CE de la norma EN 17092-4:2020 Clase A, y viene con protectores extra\u00edbles Warrior Lite de nivel 1 en los hombros y protectores extra\u00edbles Forcetech de nivel 1 en los codos, que cuentan con la certificaci\u00f3n CE de la norma EN 1621-1:2012.<\/p>\n<p>Hay un bolsillo para el protector de espalda opcional Warrior Serie (se vende por separado). Los reflectores 3M Scotchlite est\u00e1n situados en la parte delantera, en la espalda y en los brazos para una excelente visibilidad nocturna. El sistema ergon\u00f3mico anti-sacudidas, situado en los brazos, y el sistema de conexi\u00f3n chaqueta-pantal\u00f3n Clip Stop, ubicado en la parte inferior de la chaqueta, garantizan un gran confort de conducci\u00f3n. 3 bolsillos externos m\u00e1s 1 interno ofrecen un amplio espacio de almacenamiento para guardar todos tus objetos esenciales. Gracias a la tecnolog\u00eda Step-In wear, los motoristas pueden crear m\u00faltiples configuraciones a\u00f1adiendo diferentes capas t\u00e9rmicas e impermeables (que se venden por separado) dentro de la chaqueta.<\/p>\n<p><strong>SEGURIDAD<\/strong><\/p>\n<ul>\n<li>CE: Equipo de protecci\u00f3n para motocicletas de acuerdo con el Reglamento (UE) 2016\/454.<\/li>\n<li>PPE Indumentaria de protecci\u00f3n para uso motociclista certificado EN 17092-4:2020 de clase A.<\/li>\n<li>Preparaci\u00f3n para el alojamiento de espaldera CE.<\/li>\n<li>Protectores extra\u00edbles Force-Tech certificados CE EN 1621-1:2012 en codos.<\/li>\n<li>Protectores Warrior certificados CE EN 1621-1 de nivel 1 en hombros.<\/li>\n<\/ul>\n<p><strong>COMODIDAD<\/strong><\/p>\n<ul>\n<li>Forro de rejilla fijo.<\/li>\n<li>Predisposici\u00f3n para forro t\u00e9rmico.<\/li>\n<li>Predisposici\u00f3n para forro H2OUT.<\/li>\n<\/ul>\n<p><strong>RENDIMIENTO<\/strong><\/p>\n<ul>\n<li>Compatible con los productos Step-In Wear.<\/li>\n<li>sistema de uni\u00f3n con el pantal\u00f3n.<\/li>\n<li>Peso medio 1,0 Kg.<\/li>\n<\/ul>\n<p><strong>ERGONOM\u00cdA<\/strong><\/p>\n<ul>\n<li>Cierre regulable en la cintura.<\/li>\n<li>Correo para el ajuste de los vol\u00famenes de la manga.<\/li>\n<\/ul>\n<p><strong>MATERIALES<\/strong><\/p>\n<ul>\n<li>Tejido de alta resistencia.<\/li>\n<li>Reflectante para el alta visibilidad de noche.<\/li>\n<li>Tejido red perforado.<\/li>\n<\/ul>\n<p>&nbsp;<\/p>\n","protected":false},"excerpt":{"rendered":"<p>Chaqueta touring de longitud media, ideal para pilotar en las condiciones clim\u00e1ticas m\u00e1s c\u00e1lidas. Los paneles de malla en el pecho, los brazos y la espalda ofrecen una importante ventilaci\u00f3n, permitiendo que el aire fluya directamente para refrescar al motorista sin comprometer su seguridad.<\/p>\n","protected":false},"featured_media":8032,"comment_status":"open","ping_status":"closed","template":"","meta":{"_themeisle_gutenberg_block_has_review":false},"pwb-brand":[266],"product_brand":[],"product_cat":[46,136],"product_tag":[885,772],"class_list":{"0":"post-5690","1":"product","2":"type-product","3":"status-publish","4":"has-post-thumbnail","6":"pwb-brand-spidi","7":"product_cat-chaquetas-de-moto","8":"product_cat-chaqueta-de-moto-verano","9":"product_tag-dto-navideno-25","10":"product_tag-todas-marcas-verano-25","12":"first","13":"instock","14":"sale","15":"taxable","16":"shipping-taxable","17":"purchasable","18":"product-type-variable","19":"has-default-attributes"},"yoast_head":"<!-- This site is optimized with the Yoast SEO plugin v27.4 - https:\/\/yoast.com\/product\/yoast-seo-wordpress\/ -->\n<title>CHAQUETA SPIDI TEK NET LADY NEGRO - Boutique Francisco Belmonte<\/title>\n<meta name=\"description\" content=\"Chaqueta Spidi Tek Net Lady Negro. Chaquetas de moto Spidi en murcia, Boutique Francisco Belmonte en todos sus colores al mejor precio.\" \/>\n<meta name=\"robots\" content=\"index, follow, max-snippet:-1, max-image-preview:large, max-video-preview:-1\" \/>\n<link rel=\"canonical\" href=\"https:\/\/franciscobelmonte.com\/tienda\/chaqueta-spidi-tek-net-lady-negro-2\/\" \/>\n<meta property=\"og:locale\" content=\"es_ES\" \/>\n<meta property=\"og:type\" content=\"article\" \/>\n<meta property=\"og:title\" content=\"CHAQUETA SPIDI TEK NET LADY NEGRO - Boutique Francisco Belmonte\" \/>\n<meta property=\"og:description\" content=\"Chaqueta Spidi Tek Net Lady Negro. Chaquetas de moto Spidi en murcia, Boutique Francisco Belmonte en todos sus colores al mejor precio.\" \/>\n<meta property=\"og:url\" content=\"https:\/\/franciscobelmonte.com\/tienda\/chaqueta-spidi-tek-net-lady-negro-2\/\" \/>\n<meta property=\"og:site_name\" content=\"Boutique Francisco Belmonte\" \/>\n<meta property=\"article:publisher\" content=\"https:\/\/www.facebook.com\/motosfranciscobelmonte\" \/>\n<meta property=\"article:modified_time\" content=\"2025-12-16T08:50:48+00:00\" \/>\n<meta property=\"og:image\" content=\"https:\/\/franciscobelmonte.com\/tienda\/wp-content\/uploads\/2022\/08\/chaqueta-spidi-tek-net-lady-negro.jpg\" \/>\n\t<meta property=\"og:image:width\" content=\"800\" \/>\n\t<meta property=\"og:image:height\" content=\"800\" \/>\n\t<meta property=\"og:image:type\" content=\"image\/jpeg\" \/>\n<meta name=\"twitter:card\" content=\"summary_large_image\" \/>\n<meta name=\"twitter:label1\" content=\"Tiempo de lectura\" \/>\n\t<meta name=\"twitter:data1\" content=\"2 minutos\" \/>\n<script type=\"application\/ld+json\" class=\"yoast-schema-graph\">{\"@context\":\"https:\\\/\\\/schema.org\",\"@graph\":[{\"@type\":\"WebPage\",\"@id\":\"https:\\\/\\\/franciscobelmonte.com\\\/tienda\\\/chaqueta-spidi-tek-net-lady-negro-2\\\/\",\"url\":\"https:\\\/\\\/franciscobelmonte.com\\\/tienda\\\/chaqueta-spidi-tek-net-lady-negro-2\\\/\",\"name\":\"CHAQUETA SPIDI TEK NET LADY NEGRO - Boutique Francisco Belmonte\",\"isPartOf\":{\"@id\":\"https:\\\/\\\/franciscobelmonte.com\\\/tienda\\\/#website\"},\"primaryImageOfPage\":{\"@id\":\"https:\\\/\\\/franciscobelmonte.com\\\/tienda\\\/chaqueta-spidi-tek-net-lady-negro-2\\\/#primaryimage\"},\"image\":{\"@id\":\"https:\\\/\\\/franciscobelmonte.com\\\/tienda\\\/chaqueta-spidi-tek-net-lady-negro-2\\\/#primaryimage\"},\"thumbnailUrl\":\"https:\\\/\\\/franciscobelmonte.com\\\/tienda\\\/wp-content\\\/uploads\\\/2022\\\/08\\\/chaqueta-spidi-tek-net-lady-negro.jpg\",\"datePublished\":\"2022-08-30T16:22:11+00:00\",\"dateModified\":\"2025-12-16T08:50:48+00:00\",\"description\":\"Chaqueta Spidi Tek Net Lady Negro. Chaquetas de moto Spidi en murcia, Boutique Francisco Belmonte en todos sus colores al mejor precio.\",\"breadcrumb\":{\"@id\":\"https:\\\/\\\/franciscobelmonte.com\\\/tienda\\\/chaqueta-spidi-tek-net-lady-negro-2\\\/#breadcrumb\"},\"inLanguage\":\"es\",\"potentialAction\":[{\"@type\":\"ReadAction\",\"target\":[\"https:\\\/\\\/franciscobelmonte.com\\\/tienda\\\/chaqueta-spidi-tek-net-lady-negro-2\\\/\"]}]},{\"@type\":\"ImageObject\",\"inLanguage\":\"es\",\"@id\":\"https:\\\/\\\/franciscobelmonte.com\\\/tienda\\\/chaqueta-spidi-tek-net-lady-negro-2\\\/#primaryimage\",\"url\":\"https:\\\/\\\/franciscobelmonte.com\\\/tienda\\\/wp-content\\\/uploads\\\/2022\\\/08\\\/chaqueta-spidi-tek-net-lady-negro.jpg\",\"contentUrl\":\"https:\\\/\\\/franciscobelmonte.com\\\/tienda\\\/wp-content\\\/uploads\\\/2022\\\/08\\\/chaqueta-spidi-tek-net-lady-negro.jpg\",\"width\":800,\"height\":800,\"caption\":\"chaqueta spidi tek net lady negro en murcia francisco belmonte\"},{\"@type\":\"BreadcrumbList\",\"@id\":\"https:\\\/\\\/franciscobelmonte.com\\\/tienda\\\/chaqueta-spidi-tek-net-lady-negro-2\\\/#breadcrumb\",\"itemListElement\":[{\"@type\":\"ListItem\",\"position\":1,\"name\":\"Portada\",\"item\":\"https:\\\/\\\/franciscobelmonte.com\\\/tienda\\\/\"},{\"@type\":\"ListItem\",\"position\":2,\"name\":\"Tienda\",\"item\":\"https:\\\/\\\/franciscobelmonte.com\\\/tienda\\\/boutique-equipamiento-motero\\\/\"},{\"@type\":\"ListItem\",\"position\":3,\"name\":\"CHAQUETA SPIDI TEK NET LADY NEGRO\"}]},{\"@type\":\"WebSite\",\"@id\":\"https:\\\/\\\/franciscobelmonte.com\\\/tienda\\\/#website\",\"url\":\"https:\\\/\\\/franciscobelmonte.com\\\/tienda\\\/\",\"name\":\"Boutique Francisco Belmonte\",\"description\":\"Todo en complementos para motoristas\",\"publisher\":{\"@id\":\"https:\\\/\\\/franciscobelmonte.com\\\/tienda\\\/#organization\"},\"potentialAction\":[{\"@type\":\"SearchAction\",\"target\":{\"@type\":\"EntryPoint\",\"urlTemplate\":\"https:\\\/\\\/franciscobelmonte.com\\\/tienda\\\/?s={search_term_string}\"},\"query-input\":{\"@type\":\"PropertyValueSpecification\",\"valueRequired\":true,\"valueName\":\"search_term_string\"}}],\"inLanguage\":\"es\"},{\"@type\":\"Organization\",\"@id\":\"https:\\\/\\\/franciscobelmonte.com\\\/tienda\\\/#organization\",\"name\":\"Boutique Francisco Belmonte\",\"url\":\"https:\\\/\\\/franciscobelmonte.com\\\/tienda\\\/\",\"logo\":{\"@type\":\"ImageObject\",\"inLanguage\":\"es\",\"@id\":\"https:\\\/\\\/franciscobelmonte.com\\\/tienda\\\/#\\\/schema\\\/logo\\\/image\\\/\",\"url\":\"https:\\\/\\\/franciscobelmonte.com\\\/tienda\\\/wp-content\\\/uploads\\\/2021\\\/12\\\/Francisco-Belmonte-logo.png\",\"contentUrl\":\"https:\\\/\\\/franciscobelmonte.com\\\/tienda\\\/wp-content\\\/uploads\\\/2021\\\/12\\\/Francisco-Belmonte-logo.png\",\"width\":2153,\"height\":536,\"caption\":\"Boutique Francisco Belmonte\"},\"image\":{\"@id\":\"https:\\\/\\\/franciscobelmonte.com\\\/tienda\\\/#\\\/schema\\\/logo\\\/image\\\/\"},\"sameAs\":[\"https:\\\/\\\/www.facebook.com\\\/motosfranciscobelmonte\",\"https:\\\/\\\/www.instagram.com\\\/fco.belmonte\\\/\"]}]}<\/script>\n<!-- \/ Yoast SEO plugin. -->","yoast_head_json":{"title":"CHAQUETA SPIDI TEK NET LADY NEGRO - Boutique Francisco Belmonte","description":"Chaqueta Spidi Tek Net Lady Negro. Chaquetas de moto Spidi en murcia, Boutique Francisco Belmonte en todos sus colores al mejor precio.","robots":{"index":"index","follow":"follow","max-snippet":"max-snippet:-1","max-image-preview":"max-image-preview:large","max-video-preview":"max-video-preview:-1"},"canonical":"https:\/\/franciscobelmonte.com\/tienda\/chaqueta-spidi-tek-net-lady-negro-2\/","og_locale":"es_ES","og_type":"article","og_title":"CHAQUETA SPIDI TEK NET LADY NEGRO - Boutique Francisco Belmonte","og_description":"Chaqueta Spidi Tek Net Lady Negro. Chaquetas de moto Spidi en murcia, Boutique Francisco Belmonte en todos sus colores al mejor precio.","og_url":"https:\/\/franciscobelmonte.com\/tienda\/chaqueta-spidi-tek-net-lady-negro-2\/","og_site_name":"Boutique Francisco Belmonte","article_publisher":"https:\/\/www.facebook.com\/motosfranciscobelmonte","article_modified_time":"2025-12-16T08:50:48+00:00","og_image":[{"width":800,"height":800,"url":"https:\/\/franciscobelmonte.com\/tienda\/wp-content\/uploads\/2022\/08\/chaqueta-spidi-tek-net-lady-negro.jpg","type":"image\/jpeg"}],"twitter_card":"summary_large_image","twitter_misc":{"Tiempo de lectura":"2 minutos"},"schema":{"@context":"https:\/\/schema.org","@graph":[{"@type":"WebPage","@id":"https:\/\/franciscobelmonte.com\/tienda\/chaqueta-spidi-tek-net-lady-negro-2\/","url":"https:\/\/franciscobelmonte.com\/tienda\/chaqueta-spidi-tek-net-lady-negro-2\/","name":"CHAQUETA SPIDI TEK NET LADY NEGRO - Boutique Francisco Belmonte","isPartOf":{"@id":"https:\/\/franciscobelmonte.com\/tienda\/#website"},"primaryImageOfPage":{"@id":"https:\/\/franciscobelmonte.com\/tienda\/chaqueta-spidi-tek-net-lady-negro-2\/#primaryimage"},"image":{"@id":"https:\/\/franciscobelmonte.com\/tienda\/chaqueta-spidi-tek-net-lady-negro-2\/#primaryimage"},"thumbnailUrl":"https:\/\/franciscobelmonte.com\/tienda\/wp-content\/uploads\/2022\/08\/chaqueta-spidi-tek-net-lady-negro.jpg","datePublished":"2022-08-30T16:22:11+00:00","dateModified":"2025-12-16T08:50:48+00:00","description":"Chaqueta Spidi Tek Net Lady Negro. Chaquetas de moto Spidi en murcia, Boutique Francisco Belmonte en todos sus colores al mejor precio.","breadcrumb":{"@id":"https:\/\/franciscobelmonte.com\/tienda\/chaqueta-spidi-tek-net-lady-negro-2\/#breadcrumb"},"inLanguage":"es","potentialAction":[{"@type":"ReadAction","target":["https:\/\/franciscobelmonte.com\/tienda\/chaqueta-spidi-tek-net-lady-negro-2\/"]}]},{"@type":"ImageObject","inLanguage":"es","@id":"https:\/\/franciscobelmonte.com\/tienda\/chaqueta-spidi-tek-net-lady-negro-2\/#primaryimage","url":"https:\/\/franciscobelmonte.com\/tienda\/wp-content\/uploads\/2022\/08\/chaqueta-spidi-tek-net-lady-negro.jpg","contentUrl":"https:\/\/franciscobelmonte.com\/tienda\/wp-content\/uploads\/2022\/08\/chaqueta-spidi-tek-net-lady-negro.jpg","width":800,"height":800,"caption":"chaqueta spidi tek net lady negro en murcia francisco belmonte"},{"@type":"BreadcrumbList","@id":"https:\/\/franciscobelmonte.com\/tienda\/chaqueta-spidi-tek-net-lady-negro-2\/#breadcrumb","itemListElement":[{"@type":"ListItem","position":1,"name":"Portada","item":"https:\/\/franciscobelmonte.com\/tienda\/"},{"@type":"ListItem","position":2,"name":"Tienda","item":"https:\/\/franciscobelmonte.com\/tienda\/boutique-equipamiento-motero\/"},{"@type":"ListItem","position":3,"name":"CHAQUETA SPIDI TEK NET LADY NEGRO"}]},{"@type":"WebSite","@id":"https:\/\/franciscobelmonte.com\/tienda\/#website","url":"https:\/\/franciscobelmonte.com\/tienda\/","name":"Boutique Francisco Belmonte","description":"Todo en complementos para motoristas","publisher":{"@id":"https:\/\/franciscobelmonte.com\/tienda\/#organization"},"potentialAction":[{"@type":"SearchAction","target":{"@type":"EntryPoint","urlTemplate":"https:\/\/franciscobelmonte.com\/tienda\/?s={search_term_string}"},"query-input":{"@type":"PropertyValueSpecification","valueRequired":true,"valueName":"search_term_string"}}],"inLanguage":"es"},{"@type":"Organization","@id":"https:\/\/franciscobelmonte.com\/tienda\/#organization","name":"Boutique Francisco Belmonte","url":"https:\/\/franciscobelmonte.com\/tienda\/","logo":{"@type":"ImageObject","inLanguage":"es","@id":"https:\/\/franciscobelmonte.com\/tienda\/#\/schema\/logo\/image\/","url":"https:\/\/franciscobelmonte.com\/tienda\/wp-content\/uploads\/2021\/12\/Francisco-Belmonte-logo.png","contentUrl":"https:\/\/franciscobelmonte.com\/tienda\/wp-content\/uploads\/2021\/12\/Francisco-Belmonte-logo.png","width":2153,"height":536,"caption":"Boutique Francisco Belmonte"},"image":{"@id":"https:\/\/franciscobelmonte.com\/tienda\/#\/schema\/logo\/image\/"},"sameAs":["https:\/\/www.facebook.com\/motosfranciscobelmonte","https:\/\/www.instagram.com\/fco.belmonte\/"]}]}},"jetpack_sharing_enabled":true,"brands":[{"id":266,"name":"Spidi","slug":"spidi"}],"_links":{"self":[{"href":"https:\/\/franciscobelmonte.com\/tienda\/wp-json\/wp\/v2\/product\/5690","targetHints":{"allow":["GET"]}}],"collection":[{"href":"https:\/\/franciscobelmonte.com\/tienda\/wp-json\/wp\/v2\/product"}],"about":[{"href":"https:\/\/franciscobelmonte.com\/tienda\/wp-json\/wp\/v2\/types\/product"}],"replies":[{"embeddable":true,"href":"https:\/\/franciscobelmonte.com\/tienda\/wp-json\/wp\/v2\/comments?post=5690"}],"wp:featuredmedia":[{"embeddable":true,"href":"https:\/\/franciscobelmonte.com\/tienda\/wp-json\/wp\/v2\/media\/8032"}],"wp:attachment":[{"href":"https:\/\/franciscobelmonte.com\/tienda\/wp-json\/wp\/v2\/media?parent=5690"}],"wp:term":[{"taxonomy":"pwb-brand","embeddable":true,"href":"https:\/\/franciscobelmonte.com\/tienda\/wp-json\/wp\/v2\/pwb-brand?post=5690"},{"taxonomy":"product_brand","embeddable":true,"href":"https:\/\/franciscobelmonte.com\/tienda\/wp-json\/wp\/v2\/product_brand?post=5690"},{"taxonomy":"product_cat","embeddable":true,"href":"https:\/\/franciscobelmonte.com\/tienda\/wp-json\/wp\/v2\/product_cat?post=5690"},{"taxonomy":"product_tag","embeddable":true,"href":"https:\/\/franciscobelmonte.com\/tienda\/wp-json\/wp\/v2\/product_tag?post=5690"}],"curies":[{"name":"wp","href":"https:\/\/api.w.org\/{rel}","templated":true}]}}