{"id":5698,"date":"2022-08-30T17:07:15","date_gmt":"2022-08-30T17:07:15","guid":{"rendered":"https:\/\/franciscobelmonte.com\/tienda\/?post_type=product&#038;p=5698"},"modified":"2026-03-13T13:20:11","modified_gmt":"2026-03-13T11:20:11","slug":"maleta-givi-mk-52-litros-trk52n-trekker-aluminio","status":"publish","type":"product","link":"https:\/\/franciscobelmonte.com\/tienda\/maleta-givi-mk-52-litros-trk52n-trekker-aluminio\/","title":{"rendered":"MALETA GIVI MK 52 LTS TRK52N\/TREKKER ALUMINIO"},"content":{"rendered":"<h2>MALETA GIVI MK 52 LTS TRK52N\/TREKKER ALUMINIO<\/h2>\n<div class=\"rte\">\n<p>Amplia maleta con sistema de fijaci\u00f3n Monokey que completa la gama Trekker. Permite el alojamiento de dos cascos modulares. Est\u00e1 realizada con tecno-pol\u00edmeros reforzados con fibras de vidrio. Garantiza una notable rigidez estructural. Est\u00e1 equipado por un cover realizado en aluminio anodizado para resistir a los agentes atmosf\u00e9ricos.<\/p>\n<\/div>\n","protected":false},"excerpt":{"rendered":"<p>MALETA GIVI MK 52 LTS TRK52N\/TREKKER ALUMINIO Amplia maleta con sistema de fijaci\u00f3n Monokey que completa la gama Trekker. Permite el alojamiento de dos cascos modulares. Est\u00e1 realizada con tecno-pol\u00edmeros reforzados con fibras de vidrio. Garantiza una notable rigidez estructural. Est\u00e1 equipado por un cover realizado en aluminio anodizado para resistir a los agentes atmosf\u00e9ricos.<\/p>\n","protected":false},"featured_media":5705,"comment_status":"open","ping_status":"closed","template":"","meta":{"_themeisle_gutenberg_block_has_review":false},"pwb-brand":[188],"product_brand":[],"product_cat":[302,303],"product_tag":[885,787,531],"class_list":{"0":"post-5698","1":"product","2":"type-product","3":"status-publish","4":"has-post-thumbnail","6":"pwb-brand-givi","7":"product_cat-accesorios-moto","8":"product_cat-maletas","9":"product_tag-dto-navideno-25","10":"product_tag-givi-sin-rebajas-20","11":"product_tag-rebajas-25","13":"first","14":"instock","15":"sale","16":"taxable","17":"shipping-taxable","18":"purchasable","19":"product-type-simple"},"yoast_head":"<!-- This site is optimized with the Yoast SEO plugin v27.4 - https:\/\/yoast.com\/product\/yoast-seo-wordpress\/ -->\n<title>MALETA GIVI MK 52 LTS TRK52N\/TREKKER ALUMINIO - Boutique Francisco Belmonte<\/title>\n<meta name=\"description\" content=\"Maleta Givi MK 52 Lts Trk52n-Trekker. Maletas de moto Givi en nuestra Boutique Francisco Belmonte en Murcia, al mejor precio.\" \/>\n<meta name=\"robots\" content=\"index, follow, max-snippet:-1, max-image-preview:large, max-video-preview:-1\" \/>\n<link rel=\"canonical\" href=\"https:\/\/franciscobelmonte.com\/tienda\/maleta-givi-mk-52-litros-trk52n-trekker-aluminio\/\" \/>\n<meta property=\"og:locale\" content=\"es_ES\" \/>\n<meta property=\"og:type\" content=\"article\" \/>\n<meta property=\"og:title\" content=\"MALETA GIVI MK 52 LTS TRK52N\/TREKKER ALUMINIO - Boutique Francisco Belmonte\" \/>\n<meta property=\"og:description\" content=\"Maleta Givi MK 52 Lts Trk52n-Trekker. Maletas de moto Givi en nuestra Boutique Francisco Belmonte en Murcia, al mejor precio.\" \/>\n<meta property=\"og:url\" content=\"https:\/\/franciscobelmonte.com\/tienda\/maleta-givi-mk-52-litros-trk52n-trekker-aluminio\/\" \/>\n<meta property=\"og:site_name\" content=\"Boutique Francisco Belmonte\" \/>\n<meta property=\"article:publisher\" content=\"https:\/\/www.facebook.com\/motosfranciscobelmonte\" \/>\n<meta property=\"article:modified_time\" content=\"2026-03-13T11:20:11+00:00\" \/>\n<meta property=\"og:image\" content=\"https:\/\/franciscobelmonte.com\/tienda\/wp-content\/uploads\/2022\/08\/maleta-givi-trk52n-trekker-52-litros-aluminio.jpg\" \/>\n\t<meta property=\"og:image:width\" content=\"800\" \/>\n\t<meta property=\"og:image:height\" content=\"800\" \/>\n\t<meta property=\"og:image:type\" content=\"image\/jpeg\" \/>\n<meta name=\"twitter:card\" content=\"summary_large_image\" \/>\n<meta name=\"twitter:label1\" content=\"Tiempo de lectura\" \/>\n\t<meta name=\"twitter:data1\" content=\"1 minuto\" \/>\n<script type=\"application\/ld+json\" class=\"yoast-schema-graph\">{\"@context\":\"https:\\\/\\\/schema.org\",\"@graph\":[{\"@type\":\"WebPage\",\"@id\":\"https:\\\/\\\/franciscobelmonte.com\\\/tienda\\\/maleta-givi-mk-52-litros-trk52n-trekker-aluminio\\\/\",\"url\":\"https:\\\/\\\/franciscobelmonte.com\\\/tienda\\\/maleta-givi-mk-52-litros-trk52n-trekker-aluminio\\\/\",\"name\":\"MALETA GIVI MK 52 LTS TRK52N\\\/TREKKER ALUMINIO - Boutique Francisco Belmonte\",\"isPartOf\":{\"@id\":\"https:\\\/\\\/franciscobelmonte.com\\\/tienda\\\/#website\"},\"primaryImageOfPage\":{\"@id\":\"https:\\\/\\\/franciscobelmonte.com\\\/tienda\\\/maleta-givi-mk-52-litros-trk52n-trekker-aluminio\\\/#primaryimage\"},\"image\":{\"@id\":\"https:\\\/\\\/franciscobelmonte.com\\\/tienda\\\/maleta-givi-mk-52-litros-trk52n-trekker-aluminio\\\/#primaryimage\"},\"thumbnailUrl\":\"https:\\\/\\\/franciscobelmonte.com\\\/tienda\\\/wp-content\\\/uploads\\\/2022\\\/08\\\/maleta-givi-trk52n-trekker-52-litros-aluminio.jpg\",\"datePublished\":\"2022-08-30T17:07:15+00:00\",\"dateModified\":\"2026-03-13T11:20:11+00:00\",\"description\":\"Maleta Givi MK 52 Lts Trk52n-Trekker. Maletas de moto Givi en nuestra Boutique Francisco Belmonte en Murcia, al mejor precio.\",\"breadcrumb\":{\"@id\":\"https:\\\/\\\/franciscobelmonte.com\\\/tienda\\\/maleta-givi-mk-52-litros-trk52n-trekker-aluminio\\\/#breadcrumb\"},\"inLanguage\":\"es\",\"potentialAction\":[{\"@type\":\"ReadAction\",\"target\":[\"https:\\\/\\\/franciscobelmonte.com\\\/tienda\\\/maleta-givi-mk-52-litros-trk52n-trekker-aluminio\\\/\"]}]},{\"@type\":\"ImageObject\",\"inLanguage\":\"es\",\"@id\":\"https:\\\/\\\/franciscobelmonte.com\\\/tienda\\\/maleta-givi-mk-52-litros-trk52n-trekker-aluminio\\\/#primaryimage\",\"url\":\"https:\\\/\\\/franciscobelmonte.com\\\/tienda\\\/wp-content\\\/uploads\\\/2022\\\/08\\\/maleta-givi-trk52n-trekker-52-litros-aluminio.jpg\",\"contentUrl\":\"https:\\\/\\\/franciscobelmonte.com\\\/tienda\\\/wp-content\\\/uploads\\\/2022\\\/08\\\/maleta-givi-trk52n-trekker-52-litros-aluminio.jpg\",\"width\":800,\"height\":800,\"caption\":\"maleta givi trk52n trekker 52 litros aluminio en murcia francisco belmonte\"},{\"@type\":\"BreadcrumbList\",\"@id\":\"https:\\\/\\\/franciscobelmonte.com\\\/tienda\\\/maleta-givi-mk-52-litros-trk52n-trekker-aluminio\\\/#breadcrumb\",\"itemListElement\":[{\"@type\":\"ListItem\",\"position\":1,\"name\":\"Portada\",\"item\":\"https:\\\/\\\/franciscobelmonte.com\\\/tienda\\\/\"},{\"@type\":\"ListItem\",\"position\":2,\"name\":\"Tienda\",\"item\":\"https:\\\/\\\/franciscobelmonte.com\\\/tienda\\\/boutique-equipamiento-motero\\\/\"},{\"@type\":\"ListItem\",\"position\":3,\"name\":\"MALETA GIVI MK 52 LTS TRK52N\\\/TREKKER ALUMINIO\"}]},{\"@type\":\"WebSite\",\"@id\":\"https:\\\/\\\/franciscobelmonte.com\\\/tienda\\\/#website\",\"url\":\"https:\\\/\\\/franciscobelmonte.com\\\/tienda\\\/\",\"name\":\"Boutique Francisco Belmonte\",\"description\":\"Todo en complementos para motoristas\",\"publisher\":{\"@id\":\"https:\\\/\\\/franciscobelmonte.com\\\/tienda\\\/#organization\"},\"potentialAction\":[{\"@type\":\"SearchAction\",\"target\":{\"@type\":\"EntryPoint\",\"urlTemplate\":\"https:\\\/\\\/franciscobelmonte.com\\\/tienda\\\/?s={search_term_string}\"},\"query-input\":{\"@type\":\"PropertyValueSpecification\",\"valueRequired\":true,\"valueName\":\"search_term_string\"}}],\"inLanguage\":\"es\"},{\"@type\":\"Organization\",\"@id\":\"https:\\\/\\\/franciscobelmonte.com\\\/tienda\\\/#organization\",\"name\":\"Boutique Francisco Belmonte\",\"url\":\"https:\\\/\\\/franciscobelmonte.com\\\/tienda\\\/\",\"logo\":{\"@type\":\"ImageObject\",\"inLanguage\":\"es\",\"@id\":\"https:\\\/\\\/franciscobelmonte.com\\\/tienda\\\/#\\\/schema\\\/logo\\\/image\\\/\",\"url\":\"https:\\\/\\\/franciscobelmonte.com\\\/tienda\\\/wp-content\\\/uploads\\\/2021\\\/12\\\/Francisco-Belmonte-logo.png\",\"contentUrl\":\"https:\\\/\\\/franciscobelmonte.com\\\/tienda\\\/wp-content\\\/uploads\\\/2021\\\/12\\\/Francisco-Belmonte-logo.png\",\"width\":2153,\"height\":536,\"caption\":\"Boutique Francisco Belmonte\"},\"image\":{\"@id\":\"https:\\\/\\\/franciscobelmonte.com\\\/tienda\\\/#\\\/schema\\\/logo\\\/image\\\/\"},\"sameAs\":[\"https:\\\/\\\/www.facebook.com\\\/motosfranciscobelmonte\",\"https:\\\/\\\/www.instagram.com\\\/fco.belmonte\\\/\"]}]}<\/script>\n<!-- \/ Yoast SEO plugin. -->","yoast_head_json":{"title":"MALETA GIVI MK 52 LTS TRK52N\/TREKKER ALUMINIO - Boutique Francisco Belmonte","description":"Maleta Givi MK 52 Lts Trk52n-Trekker. Maletas de moto Givi en nuestra Boutique Francisco Belmonte en Murcia, al mejor precio.","robots":{"index":"index","follow":"follow","max-snippet":"max-snippet:-1","max-image-preview":"max-image-preview:large","max-video-preview":"max-video-preview:-1"},"canonical":"https:\/\/franciscobelmonte.com\/tienda\/maleta-givi-mk-52-litros-trk52n-trekker-aluminio\/","og_locale":"es_ES","og_type":"article","og_title":"MALETA GIVI MK 52 LTS TRK52N\/TREKKER ALUMINIO - Boutique Francisco Belmonte","og_description":"Maleta Givi MK 52 Lts Trk52n-Trekker. Maletas de moto Givi en nuestra Boutique Francisco Belmonte en Murcia, al mejor precio.","og_url":"https:\/\/franciscobelmonte.com\/tienda\/maleta-givi-mk-52-litros-trk52n-trekker-aluminio\/","og_site_name":"Boutique Francisco Belmonte","article_publisher":"https:\/\/www.facebook.com\/motosfranciscobelmonte","article_modified_time":"2026-03-13T11:20:11+00:00","og_image":[{"width":800,"height":800,"url":"https:\/\/franciscobelmonte.com\/tienda\/wp-content\/uploads\/2022\/08\/maleta-givi-trk52n-trekker-52-litros-aluminio.jpg","type":"image\/jpeg"}],"twitter_card":"summary_large_image","twitter_misc":{"Tiempo de lectura":"1 minuto"},"schema":{"@context":"https:\/\/schema.org","@graph":[{"@type":"WebPage","@id":"https:\/\/franciscobelmonte.com\/tienda\/maleta-givi-mk-52-litros-trk52n-trekker-aluminio\/","url":"https:\/\/franciscobelmonte.com\/tienda\/maleta-givi-mk-52-litros-trk52n-trekker-aluminio\/","name":"MALETA GIVI MK 52 LTS TRK52N\/TREKKER ALUMINIO - Boutique Francisco Belmonte","isPartOf":{"@id":"https:\/\/franciscobelmonte.com\/tienda\/#website"},"primaryImageOfPage":{"@id":"https:\/\/franciscobelmonte.com\/tienda\/maleta-givi-mk-52-litros-trk52n-trekker-aluminio\/#primaryimage"},"image":{"@id":"https:\/\/franciscobelmonte.com\/tienda\/maleta-givi-mk-52-litros-trk52n-trekker-aluminio\/#primaryimage"},"thumbnailUrl":"https:\/\/franciscobelmonte.com\/tienda\/wp-content\/uploads\/2022\/08\/maleta-givi-trk52n-trekker-52-litros-aluminio.jpg","datePublished":"2022-08-30T17:07:15+00:00","dateModified":"2026-03-13T11:20:11+00:00","description":"Maleta Givi MK 52 Lts Trk52n-Trekker. Maletas de moto Givi en nuestra Boutique Francisco Belmonte en Murcia, al mejor precio.","breadcrumb":{"@id":"https:\/\/franciscobelmonte.com\/tienda\/maleta-givi-mk-52-litros-trk52n-trekker-aluminio\/#breadcrumb"},"inLanguage":"es","potentialAction":[{"@type":"ReadAction","target":["https:\/\/franciscobelmonte.com\/tienda\/maleta-givi-mk-52-litros-trk52n-trekker-aluminio\/"]}]},{"@type":"ImageObject","inLanguage":"es","@id":"https:\/\/franciscobelmonte.com\/tienda\/maleta-givi-mk-52-litros-trk52n-trekker-aluminio\/#primaryimage","url":"https:\/\/franciscobelmonte.com\/tienda\/wp-content\/uploads\/2022\/08\/maleta-givi-trk52n-trekker-52-litros-aluminio.jpg","contentUrl":"https:\/\/franciscobelmonte.com\/tienda\/wp-content\/uploads\/2022\/08\/maleta-givi-trk52n-trekker-52-litros-aluminio.jpg","width":800,"height":800,"caption":"maleta givi trk52n trekker 52 litros aluminio en murcia francisco belmonte"},{"@type":"BreadcrumbList","@id":"https:\/\/franciscobelmonte.com\/tienda\/maleta-givi-mk-52-litros-trk52n-trekker-aluminio\/#breadcrumb","itemListElement":[{"@type":"ListItem","position":1,"name":"Portada","item":"https:\/\/franciscobelmonte.com\/tienda\/"},{"@type":"ListItem","position":2,"name":"Tienda","item":"https:\/\/franciscobelmonte.com\/tienda\/boutique-equipamiento-motero\/"},{"@type":"ListItem","position":3,"name":"MALETA GIVI MK 52 LTS TRK52N\/TREKKER ALUMINIO"}]},{"@type":"WebSite","@id":"https:\/\/franciscobelmonte.com\/tienda\/#website","url":"https:\/\/franciscobelmonte.com\/tienda\/","name":"Boutique Francisco Belmonte","description":"Todo en complementos para motoristas","publisher":{"@id":"https:\/\/franciscobelmonte.com\/tienda\/#organization"},"potentialAction":[{"@type":"SearchAction","target":{"@type":"EntryPoint","urlTemplate":"https:\/\/franciscobelmonte.com\/tienda\/?s={search_term_string}"},"query-input":{"@type":"PropertyValueSpecification","valueRequired":true,"valueName":"search_term_string"}}],"inLanguage":"es"},{"@type":"Organization","@id":"https:\/\/franciscobelmonte.com\/tienda\/#organization","name":"Boutique Francisco Belmonte","url":"https:\/\/franciscobelmonte.com\/tienda\/","logo":{"@type":"ImageObject","inLanguage":"es","@id":"https:\/\/franciscobelmonte.com\/tienda\/#\/schema\/logo\/image\/","url":"https:\/\/franciscobelmonte.com\/tienda\/wp-content\/uploads\/2021\/12\/Francisco-Belmonte-logo.png","contentUrl":"https:\/\/franciscobelmonte.com\/tienda\/wp-content\/uploads\/2021\/12\/Francisco-Belmonte-logo.png","width":2153,"height":536,"caption":"Boutique Francisco Belmonte"},"image":{"@id":"https:\/\/franciscobelmonte.com\/tienda\/#\/schema\/logo\/image\/"},"sameAs":["https:\/\/www.facebook.com\/motosfranciscobelmonte","https:\/\/www.instagram.com\/fco.belmonte\/"]}]}},"jetpack_sharing_enabled":true,"brands":[{"id":188,"name":"Givi","slug":"givi"}],"_links":{"self":[{"href":"https:\/\/franciscobelmonte.com\/tienda\/wp-json\/wp\/v2\/product\/5698","targetHints":{"allow":["GET"]}}],"collection":[{"href":"https:\/\/franciscobelmonte.com\/tienda\/wp-json\/wp\/v2\/product"}],"about":[{"href":"https:\/\/franciscobelmonte.com\/tienda\/wp-json\/wp\/v2\/types\/product"}],"replies":[{"embeddable":true,"href":"https:\/\/franciscobelmonte.com\/tienda\/wp-json\/wp\/v2\/comments?post=5698"}],"wp:featuredmedia":[{"embeddable":true,"href":"https:\/\/franciscobelmonte.com\/tienda\/wp-json\/wp\/v2\/media\/5705"}],"wp:attachment":[{"href":"https:\/\/franciscobelmonte.com\/tienda\/wp-json\/wp\/v2\/media?parent=5698"}],"wp:term":[{"taxonomy":"pwb-brand","embeddable":true,"href":"https:\/\/franciscobelmonte.com\/tienda\/wp-json\/wp\/v2\/pwb-brand?post=5698"},{"taxonomy":"product_brand","embeddable":true,"href":"https:\/\/franciscobelmonte.com\/tienda\/wp-json\/wp\/v2\/product_brand?post=5698"},{"taxonomy":"product_cat","embeddable":true,"href":"https:\/\/franciscobelmonte.com\/tienda\/wp-json\/wp\/v2\/product_cat?post=5698"},{"taxonomy":"product_tag","embeddable":true,"href":"https:\/\/franciscobelmonte.com\/tienda\/wp-json\/wp\/v2\/product_tag?post=5698"}],"curies":[{"name":"wp","href":"https:\/\/api.w.org\/{rel}","templated":true}]}}